{"id":10900,"date":"2025-01-30T11:21:21","date_gmt":"2025-01-30T09:21:21","guid":{"rendered":"https:\/\/reviva.fi\/product\/p5p-20mg-lamberts\/"},"modified":"2026-02-09T19:58:32","modified_gmt":"2026-02-09T17:58:32","slug":"pyridoksaali-5-fosfaatti-20mg-lamberts","status":"publish","type":"product","link":"https:\/\/reviva.fi\/fi\/tuote\/pyridoksaali-5-fosfaatti-20mg-lamberts\/","title":{"rendered":"P5P 20mg, B6-vitamiini &#8211; Lamberts"},"content":{"rendered":"<p data-start=\"0\" data-end=\"295\">P5P (pyridoksaali-5-fosfaatti) on vitamiini B6:n biologisesti aktiivinen muoto, mik\u00e4 tarkoittaa, ett\u00e4 keho voi k\u00e4ytt\u00e4\u00e4 sit\u00e4 suoraan ilman, ett\u00e4 sit\u00e4 tarvitsee ensin muuntaa. Vitamiini B6 on vesiliukoinen vitamiini, joka kuuluu B-vitamiinikompleksiin ja jota on saatava s\u00e4\u00e4nn\u00f6llisesti ravinnosta.<\/p>\n<p data-start=\"297\" data-end=\"561\">Vitamiini B6 edist\u00e4\u00e4 normaalia energia-aineenvaihduntaa, hermoston normaalia toimintaa ja normaalia psykologista toimintaa. Se edist\u00e4\u00e4 my\u00f6s immuunij\u00e4rjestelm\u00e4n normaalia toimintaa, punasolujen normaalia muodostumista sek\u00e4 auttaa v\u00e4hent\u00e4m\u00e4\u00e4n v\u00e4symyst\u00e4 ja uupumusta.<\/p>\n<p data-start=\"563\" data-end=\"885\">T\u00e4m\u00e4 ravintolis\u00e4 sis\u00e4lt\u00e4\u00e4 20 mg vitamiini B6:ta P5P-muodossa per kapseli. Annostus on huolellisesti suunniteltu ja sopii p\u00e4ivitt\u00e4iseen k\u00e4ytt\u00f6\u00f6n suositellun annostuksen mukaisesti. Kapselit ovat helppoja ottaa, ja tuote on kehitetty sinulle, joka haluat varmistaa riitt\u00e4v\u00e4n vitamiini B6:n saannin sen aktiivisessa muodossa.<\/p>\n<ul>\n<li data-start=\"887\" data-end=\"942\"><strong>Vitamiini B6 edist\u00e4\u00e4 normaalia energia-aineenvaihduntaa<\/strong><\/li>\n<li data-start=\"887\" data-end=\"942\"><strong>Vitamiini B6 edist\u00e4\u00e4 hermoston normaalia toimintaa<\/strong><\/li>\n<li data-start=\"887\" data-end=\"942\"><strong>Vitamiini B6 edist\u00e4\u00e4 normaalia psykologista toimintaa<\/strong><\/li>\n<li data-start=\"887\" data-end=\"942\"><strong>Vitamiini B6 edist\u00e4\u00e4 immuunij\u00e4rjestelm\u00e4n normaalia toimintaa<\/strong><\/li>\n<li data-start=\"887\" data-end=\"942\"><strong>Vitamiini B6 edist\u00e4\u00e4 punasolujen normaalia muodostumista<\/strong><\/li>\n<li data-start=\"887\" data-end=\"942\"><strong>Vitamiini B6 auttaa v\u00e4hent\u00e4m\u00e4\u00e4n v\u00e4symyst\u00e4 ja uupumusta<\/strong><\/li>\n<\/ul>\n","protected":false},"excerpt":{"rendered":"<p>P5P on vitamiini B6:n aktiivinen muoto ja edist\u00e4\u00e4 normaalia energia-aineenvaihduntaa, hermoston normaalia toimintaa sek\u00e4 normaalia psykologista toimintaa. T\u00e4m\u00e4 ravintolis\u00e4 sis\u00e4lt\u00e4\u00e4 20 mg P5P:t\u00e4 per kapseli ja on k\u00e4tev\u00e4 tapa t\u00e4ydent\u00e4\u00e4 vitamiini B6:n p\u00e4ivitt\u00e4ist\u00e4 saantia.<\/p>\n<p><strong>60 tablettia\u00a0<\/strong><\/p>\n","protected":false},"featured_media":10862,"comment_status":"closed","ping_status":"closed","template":"","meta":{"_acf_changed":false,"inline_featured_image":false,"_kad_blocks_custom_css":"","_kad_blocks_head_custom_js":"","_kad_blocks_body_custom_js":"","_kad_blocks_footer_custom_js":"","_kadence_starter_templates_imported_post":false,"_kad_post_transparent":"default","_kad_post_title":"","_kad_post_layout":"default","_kad_post_sidebar_id":"","_kad_post_content_style":"default","_kad_post_vertical_padding":"default","_kad_post_feature":"","_kad_post_feature_position":"","_kad_post_header":false,"_kad_post_footer":false},"product_brand":[],"product_cat":[96,525,2444,2376,2371,2375],"product_tag":[],"class_list":{"0":"post-10900","1":"product","2":"type-product","3":"status-publish","4":"has-post-thumbnail","6":"product_cat-vitaminer-fi","7":"product_cat-b-vitamin-fi","8":"product_cat-lamberts-fi","9":"product_cat-stressad-och-trott-fi","10":"product_cat-muskler-och-leder-fi","11":"product_cat-traning-fi","13":"first","14":"outofstock","15":"taxable","16":"shipping-taxable","17":"purchasable","18":"product-type-simple","19":"entry","20":"content-bg","21":"loop-entry"},"acf":[],"yoast_head":"<!-- This site is optimized with the Yoast SEO plugin v25.8 - https:\/\/yoast.com\/wordpress\/plugins\/seo\/ -->\n<title>P5P 20mg, B6-vitamiini - Lamberts - Reviva<\/title>\n<meta name=\"description\" content=\"Pyridoksaali-5-fosfaatti 20mg - Lamberts on B6-vitamiinin aktiivinen muoto, joka tukee energia-aineenvaihduntaa, hermoston toimintaa ja hormonitasapainoa.\" \/>\n<meta name=\"robots\" content=\"index, follow, max-snippet:-1, max-image-preview:large, max-video-preview:-1\" \/>\n<link rel=\"canonical\" href=\"https:\/\/reviva.fi\/fi\/tuote\/pyridoksaali-5-fosfaatti-20mg-lamberts\/\" \/>\n<meta property=\"og:locale\" content=\"fi_FI\" \/>\n<meta property=\"og:type\" content=\"article\" \/>\n<meta property=\"og:title\" content=\"P5P 20mg, B6-vitamiini - Lamberts - Reviva\" \/>\n<meta property=\"og:description\" content=\"Pyridoksaali-5-fosfaatti 20mg - Lamberts on B6-vitamiinin aktiivinen muoto, joka tukee energia-aineenvaihduntaa, hermoston toimintaa ja hormonitasapainoa.\" \/>\n<meta property=\"og:url\" content=\"https:\/\/reviva.fi\/fi\/tuote\/pyridoksaali-5-fosfaatti-20mg-lamberts\/\" \/>\n<meta property=\"og:site_name\" content=\"Reviva\" \/>\n<meta property=\"article:modified_time\" content=\"2026-02-09T17:58:32+00:00\" \/>\n<meta property=\"og:image\" content=\"https:\/\/reviva.fi\/wp-content\/uploads\/2025\/01\/8066-60-P5P-20mg.jpg\" \/>\n\t<meta property=\"og:image:width\" content=\"780\" \/>\n\t<meta property=\"og:image:height\" content=\"780\" \/>\n\t<meta property=\"og:image:type\" content=\"image\/jpeg\" \/>\n<meta name=\"twitter:card\" content=\"summary_large_image\" \/>\n<script type=\"application\/ld+json\" class=\"yoast-schema-graph\">{\"@context\":\"https:\/\/schema.org\",\"@graph\":[{\"@type\":\"WebPage\",\"@id\":\"https:\/\/reviva.fi\/fi\/tuote\/pyridoksaali-5-fosfaatti-20mg-lamberts\/\",\"url\":\"https:\/\/reviva.fi\/fi\/tuote\/pyridoksaali-5-fosfaatti-20mg-lamberts\/\",\"name\":\"P5P 20mg, B6-vitamiini - Lamberts - Reviva\",\"isPartOf\":{\"@id\":\"https:\/\/reviva.fi\/fi\/#website\"},\"primaryImageOfPage\":{\"@id\":\"https:\/\/reviva.fi\/fi\/tuote\/pyridoksaali-5-fosfaatti-20mg-lamberts\/#primaryimage\"},\"image\":{\"@id\":\"https:\/\/reviva.fi\/fi\/tuote\/pyridoksaali-5-fosfaatti-20mg-lamberts\/#primaryimage\"},\"thumbnailUrl\":\"https:\/\/reviva.fi\/wp-content\/uploads\/2025\/01\/8066-60-P5P-20mg.jpg\",\"datePublished\":\"2025-01-30T09:21:21+00:00\",\"dateModified\":\"2026-02-09T17:58:32+00:00\",\"description\":\"Pyridoksaali-5-fosfaatti 20mg - Lamberts on B6-vitamiinin aktiivinen muoto, joka tukee energia-aineenvaihduntaa, hermoston toimintaa ja hormonitasapainoa.\",\"breadcrumb\":{\"@id\":\"https:\/\/reviva.fi\/fi\/tuote\/pyridoksaali-5-fosfaatti-20mg-lamberts\/#breadcrumb\"},\"inLanguage\":\"fi\",\"potentialAction\":[{\"@type\":\"ReadAction\",\"target\":[\"https:\/\/reviva.fi\/fi\/tuote\/pyridoksaali-5-fosfaatti-20mg-lamberts\/\"]}]},{\"@type\":\"ImageObject\",\"inLanguage\":\"fi\",\"@id\":\"https:\/\/reviva.fi\/fi\/tuote\/pyridoksaali-5-fosfaatti-20mg-lamberts\/#primaryimage\",\"url\":\"https:\/\/reviva.fi\/wp-content\/uploads\/2025\/01\/8066-60-P5P-20mg.jpg\",\"contentUrl\":\"https:\/\/reviva.fi\/wp-content\/uploads\/2025\/01\/8066-60-P5P-20mg.jpg\",\"width\":780,\"height\":780,\"caption\":\"Pyridoksaali-5-fosfaatti 20mg - Lamberts\"},{\"@type\":\"BreadcrumbList\",\"@id\":\"https:\/\/reviva.fi\/fi\/tuote\/pyridoksaali-5-fosfaatti-20mg-lamberts\/#breadcrumb\",\"itemListElement\":[{\"@type\":\"ListItem\",\"position\":1,\"name\":\"Etusivu\",\"item\":\"https:\/\/reviva.fi\/fi\/\"},{\"@type\":\"ListItem\",\"position\":2,\"name\":\"Tuotteet\",\"item\":\"https:\/\/reviva.fi\/produkter\/\"},{\"@type\":\"ListItem\",\"position\":3,\"name\":\"P5P 20mg, B6-vitamiini &#8211; Lamberts\"}]},{\"@type\":\"WebSite\",\"@id\":\"https:\/\/reviva.fi\/fi\/#website\",\"url\":\"https:\/\/reviva.fi\/fi\/\",\"name\":\"Reviva\",\"description\":\"\",\"publisher\":{\"@id\":\"https:\/\/reviva.fi\/fi\/#organization\"},\"potentialAction\":[{\"@type\":\"SearchAction\",\"target\":{\"@type\":\"EntryPoint\",\"urlTemplate\":\"https:\/\/reviva.fi\/fi\/?s={search_term_string}\"},\"query-input\":{\"@type\":\"PropertyValueSpecification\",\"valueRequired\":true,\"valueName\":\"search_term_string\"}}],\"inLanguage\":\"fi\"},{\"@type\":\"Organization\",\"@id\":\"https:\/\/reviva.fi\/fi\/#organization\",\"name\":\"Reviva\",\"url\":\"https:\/\/reviva.fi\/fi\/\",\"logo\":{\"@type\":\"ImageObject\",\"inLanguage\":\"fi\",\"@id\":\"https:\/\/reviva.fi\/fi\/#\/schema\/logo\/image\/\",\"url\":\"https:\/\/reviva.fi\/wp-content\/uploads\/2023\/10\/reviva-logo2.svg\",\"contentUrl\":\"https:\/\/reviva.fi\/wp-content\/uploads\/2023\/10\/reviva-logo2.svg\",\"caption\":\"Reviva\"},\"image\":{\"@id\":\"https:\/\/reviva.fi\/fi\/#\/schema\/logo\/image\/\"}}]}<\/script>\n<meta property=\"product:price:amount\" content=\"16.40\" \/>\n<meta property=\"product:price:currency\" content=\"EUR\" \/>\n<meta property=\"og:availability\" content=\"out of stock\" \/>\n<meta property=\"product:availability\" content=\"out of stock\" \/>\n<meta property=\"product:retailer_item_id\" content=\"8066-60\" \/>\n<meta property=\"product:condition\" content=\"new\" \/>\n<!-- \/ Yoast SEO plugin. -->","yoast_head_json":{"title":"P5P 20mg, B6-vitamiini - Lamberts - Reviva","description":"Pyridoksaali-5-fosfaatti 20mg - Lamberts on B6-vitamiinin aktiivinen muoto, joka tukee energia-aineenvaihduntaa, hermoston toimintaa ja hormonitasapainoa.","robots":{"index":"index","follow":"follow","max-snippet":"max-snippet:-1","max-image-preview":"max-image-preview:large","max-video-preview":"max-video-preview:-1"},"canonical":"https:\/\/reviva.fi\/fi\/tuote\/pyridoksaali-5-fosfaatti-20mg-lamberts\/","og_locale":"fi_FI","og_type":"article","og_title":"P5P 20mg, B6-vitamiini - Lamberts - Reviva","og_description":"Pyridoksaali-5-fosfaatti 20mg - Lamberts on B6-vitamiinin aktiivinen muoto, joka tukee energia-aineenvaihduntaa, hermoston toimintaa ja hormonitasapainoa.","og_url":"https:\/\/reviva.fi\/fi\/tuote\/pyridoksaali-5-fosfaatti-20mg-lamberts\/","og_site_name":"Reviva","article_modified_time":"2026-02-09T17:58:32+00:00","og_image":[{"width":780,"height":780,"url":"https:\/\/reviva.fi\/wp-content\/uploads\/2025\/01\/8066-60-P5P-20mg.jpg","type":"image\/jpeg"}],"twitter_card":"summary_large_image","schema":{"@context":"https:\/\/schema.org","@graph":[{"@type":"WebPage","@id":"https:\/\/reviva.fi\/fi\/tuote\/pyridoksaali-5-fosfaatti-20mg-lamberts\/","url":"https:\/\/reviva.fi\/fi\/tuote\/pyridoksaali-5-fosfaatti-20mg-lamberts\/","name":"P5P 20mg, B6-vitamiini - Lamberts - Reviva","isPartOf":{"@id":"https:\/\/reviva.fi\/fi\/#website"},"primaryImageOfPage":{"@id":"https:\/\/reviva.fi\/fi\/tuote\/pyridoksaali-5-fosfaatti-20mg-lamberts\/#primaryimage"},"image":{"@id":"https:\/\/reviva.fi\/fi\/tuote\/pyridoksaali-5-fosfaatti-20mg-lamberts\/#primaryimage"},"thumbnailUrl":"https:\/\/reviva.fi\/wp-content\/uploads\/2025\/01\/8066-60-P5P-20mg.jpg","datePublished":"2025-01-30T09:21:21+00:00","dateModified":"2026-02-09T17:58:32+00:00","description":"Pyridoksaali-5-fosfaatti 20mg - Lamberts on B6-vitamiinin aktiivinen muoto, joka tukee energia-aineenvaihduntaa, hermoston toimintaa ja hormonitasapainoa.","breadcrumb":{"@id":"https:\/\/reviva.fi\/fi\/tuote\/pyridoksaali-5-fosfaatti-20mg-lamberts\/#breadcrumb"},"inLanguage":"fi","potentialAction":[{"@type":"ReadAction","target":["https:\/\/reviva.fi\/fi\/tuote\/pyridoksaali-5-fosfaatti-20mg-lamberts\/"]}]},{"@type":"ImageObject","inLanguage":"fi","@id":"https:\/\/reviva.fi\/fi\/tuote\/pyridoksaali-5-fosfaatti-20mg-lamberts\/#primaryimage","url":"https:\/\/reviva.fi\/wp-content\/uploads\/2025\/01\/8066-60-P5P-20mg.jpg","contentUrl":"https:\/\/reviva.fi\/wp-content\/uploads\/2025\/01\/8066-60-P5P-20mg.jpg","width":780,"height":780,"caption":"Pyridoksaali-5-fosfaatti 20mg - Lamberts"},{"@type":"BreadcrumbList","@id":"https:\/\/reviva.fi\/fi\/tuote\/pyridoksaali-5-fosfaatti-20mg-lamberts\/#breadcrumb","itemListElement":[{"@type":"ListItem","position":1,"name":"Etusivu","item":"https:\/\/reviva.fi\/fi\/"},{"@type":"ListItem","position":2,"name":"Tuotteet","item":"https:\/\/reviva.fi\/produkter\/"},{"@type":"ListItem","position":3,"name":"P5P 20mg, B6-vitamiini &#8211; Lamberts"}]},{"@type":"WebSite","@id":"https:\/\/reviva.fi\/fi\/#website","url":"https:\/\/reviva.fi\/fi\/","name":"Reviva","description":"","publisher":{"@id":"https:\/\/reviva.fi\/fi\/#organization"},"potentialAction":[{"@type":"SearchAction","target":{"@type":"EntryPoint","urlTemplate":"https:\/\/reviva.fi\/fi\/?s={search_term_string}"},"query-input":{"@type":"PropertyValueSpecification","valueRequired":true,"valueName":"search_term_string"}}],"inLanguage":"fi"},{"@type":"Organization","@id":"https:\/\/reviva.fi\/fi\/#organization","name":"Reviva","url":"https:\/\/reviva.fi\/fi\/","logo":{"@type":"ImageObject","inLanguage":"fi","@id":"https:\/\/reviva.fi\/fi\/#\/schema\/logo\/image\/","url":"https:\/\/reviva.fi\/wp-content\/uploads\/2023\/10\/reviva-logo2.svg","contentUrl":"https:\/\/reviva.fi\/wp-content\/uploads\/2023\/10\/reviva-logo2.svg","caption":"Reviva"},"image":{"@id":"https:\/\/reviva.fi\/fi\/#\/schema\/logo\/image\/"}}]},"product_price_amount":"16.40","product_price_currency":"EUR","og_availability":"out of stock","product_availability":"out of stock","product_retailer_item_id":"8066-60","product_condition":"new"},"taxonomy_info":{"product_cat":[{"value":96,"label":"Vitamiinit"},{"value":525,"label":"B-vitamiini"},{"value":2444,"label":"Lamberts"},{"value":2376,"label":"Stressaantunut &amp; V\u00e4synyt"},{"value":2371,"label":"Nivelet &amp; Lihakset"},{"value":2375,"label":"Harjoittelu"}]},"featured_image_src_large":["https:\/\/reviva.fi\/wp-content\/uploads\/2025\/01\/8066-60-P5P-20mg.jpg",780,780,false],"author_info":[],"comment_info":0,"_links":{"self":[{"href":"https:\/\/reviva.fi\/fi\/wp-json\/wp\/v2\/product\/10900","targetHints":{"allow":["GET"]}}],"collection":[{"href":"https:\/\/reviva.fi\/fi\/wp-json\/wp\/v2\/product"}],"about":[{"href":"https:\/\/reviva.fi\/fi\/wp-json\/wp\/v2\/types\/product"}],"replies":[{"embeddable":true,"href":"https:\/\/reviva.fi\/fi\/wp-json\/wp\/v2\/comments?post=10900"}],"wp:featuredmedia":[{"embeddable":true,"href":"https:\/\/reviva.fi\/fi\/wp-json\/wp\/v2\/media\/10862"}],"wp:attachment":[{"href":"https:\/\/reviva.fi\/fi\/wp-json\/wp\/v2\/media?parent=10900"}],"wp:term":[{"taxonomy":"product_brand","embeddable":true,"href":"https:\/\/reviva.fi\/fi\/wp-json\/wp\/v2\/product_brand?post=10900"},{"taxonomy":"product_cat","embeddable":true,"href":"https:\/\/reviva.fi\/fi\/wp-json\/wp\/v2\/product_cat?post=10900"},{"taxonomy":"product_tag","embeddable":true,"href":"https:\/\/reviva.fi\/fi\/wp-json\/wp\/v2\/product_tag?post=10900"}],"curies":[{"name":"wp","href":"https:\/\/api.w.org\/{rel}","templated":true}]}}