{"id":10908,"date":"2025-01-30T09:56:42","date_gmt":"2025-01-30T07:56:42","guid":{"rendered":"https:\/\/reviva.fi\/product\/l-glutamiini-lamberts\/"},"modified":"2025-02-03T13:22:25","modified_gmt":"2025-02-03T11:22:25","slug":"l-glutamiini-lamberts","status":"publish","type":"product","link":"https:\/\/reviva.fi\/fi\/tuote\/l-glutamiini-lamberts\/","title":{"rendered":"L-Glutamiini &#8211; Lamberts"},"content":{"rendered":"<p><strong>L-Glutamiini &#8211; Lamberts<\/strong><\/p>\n<p>Lamberts\u00ae L-glutamiinikapselit ovat k\u00e4tev\u00e4 ja helppo tapa t\u00e4ydent\u00e4\u00e4 ruokavaliotasi. Kapselimme on valmistettu Isossa-Britanniassa farmaseuttisten GMP-standardien mukaisesti ja ne sopivat kasvissy\u00f6jille. Jos tarvitset suuria p\u00e4ivitt\u00e4isi\u00e4 L-glutamiiniannoksia, suosittelemme k\u00e4ytt\u00e4\u00e4 Lamberts\u00ae-jauhemaista L-glutamiinia, joka on paljon halvempaa grammaa kohden, on eritt\u00e4in mieto makuinen ja se voidaan ripotella ruokaan tai sekoittaa juomiin.<\/p>\n<p>Glutamiini on yleisin luonnossa esiintyv\u00e4 ei-v\u00e4ltt\u00e4m\u00e4t\u00f6n aminohappo elimist\u00f6ss\u00e4 ja se voidaan saada glutamiinihaposta, joka on toinen aminohappoperheen j\u00e4sen. Sek\u00e4 glutamiinia ett\u00e4 glutamiinihappoa l\u00f6ytyy proteiinipitoisista elintarvikkeista, kuten punaisesta lihasta, p\u00e4hkin\u00f6ist\u00e4 ja kalasta. Kehon eri kudoksilla on erilaiset vaatimukset L-glutamiinille, ja innokkaimmat glutamiinin kuluttajat ovat suolistosolut, kun taas lihasten tiedet\u00e4\u00e4n olevan suuria L-glutamiinin tuottajia.<\/p>\n","protected":false},"excerpt":{"rendered":"<p>K\u00e4tev\u00e4 ja helppo tapa t\u00e4ydent\u00e4\u00e4 ruokavaliota aminohapoilla<\/p>\n<p><strong>90 kapselia<\/strong><\/p>\n","protected":false},"featured_media":10846,"comment_status":"closed","ping_status":"closed","template":"","meta":{"_acf_changed":false,"inline_featured_image":false,"_kad_blocks_custom_css":"","_kad_blocks_head_custom_js":"","_kad_blocks_body_custom_js":"","_kad_blocks_footer_custom_js":"","_kadence_starter_templates_imported_post":false,"_kad_post_transparent":"default","_kad_post_title":"","_kad_post_layout":"default","_kad_post_sidebar_id":"","_kad_post_content_style":"default","_kad_post_vertical_padding":"default","_kad_post_feature":"","_kad_post_feature_position":"","_kad_post_header":false,"_kad_post_footer":false},"product_brand":[],"product_cat":[88,2444,2387,2357,2375],"product_tag":[4463,409,4418,4402,3580,444,4467,4466,1084,4465,476,4458,3389,4450,4464,4403],"class_list":{"0":"post-10908","1":"product","2":"type-product","3":"status-publish","4":"has-post-thumbnail","6":"product_cat-aminosyror-fi","7":"product_cat-lamberts-fi","8":"product_cat-mage-och-tarm-fi","9":"product_cat-immunforsvar-fi","10":"product_cat-traning-fi","11":"product_tag-500-mg-fi","12":"product_tag-aminohappo","13":"product_tag-energiantuotanto","14":"product_tag-gmp-standardi","15":"product_tag-hog-biotillganglighet-fi","16":"product_tag-immuunijarjestelma","17":"product_tag-keskittyminen","18":"product_tag-kudosten-korjaus","19":"product_tag-l-glutamiini","20":"product_tag-lihasten-palautuminen","21":"product_tag-lisaravinne","22":"product_tag-mielialan-tuki","23":"product_tag-stresshantering-fi","24":"product_tag-suoliston-terveytta","25":"product_tag-vapaa-muotoinen","26":"product_tag-vegaaniystavallinen","28":"first","29":"instock","30":"taxable","31":"shipping-taxable","32":"purchasable","33":"product-type-simple","34":"entry","35":"content-bg","36":"loop-entry"},"acf":[],"yoast_head":"<!-- This site is optimized with the Yoast SEO plugin v25.8 - https:\/\/yoast.com\/wordpress\/plugins\/seo\/ -->\n<title>L-Glutamiini - Lamberts - Reviva<\/title>\n<meta name=\"description\" content=\"L-Glutamiini - Lamberts tukee lihasten palautumista, suoliston terveytt\u00e4 ja immuunij\u00e4rjestelm\u00e4\u00e4 erityisesti fyysisen rasituksen tai stressin j\u00e4lkeen.\" \/>\n<meta name=\"robots\" content=\"index, follow, max-snippet:-1, max-image-preview:large, max-video-preview:-1\" \/>\n<link rel=\"canonical\" href=\"https:\/\/reviva.fi\/fi\/tuote\/l-glutamiini-lamberts\/\" \/>\n<meta property=\"og:locale\" content=\"fi_FI\" \/>\n<meta property=\"og:type\" content=\"article\" \/>\n<meta property=\"og:title\" content=\"L-Glutamiini - Lamberts - Reviva\" \/>\n<meta property=\"og:description\" content=\"L-Glutamiini - Lamberts tukee lihasten palautumista, suoliston terveytt\u00e4 ja immuunij\u00e4rjestelm\u00e4\u00e4 erityisesti fyysisen rasituksen tai stressin j\u00e4lkeen.\" \/>\n<meta property=\"og:url\" content=\"https:\/\/reviva.fi\/fi\/tuote\/l-glutamiini-lamberts\/\" \/>\n<meta property=\"og:site_name\" content=\"Reviva\" \/>\n<meta property=\"article:modified_time\" content=\"2025-02-03T11:22:25+00:00\" \/>\n<meta property=\"og:image\" content=\"https:\/\/reviva.fi\/wp-content\/uploads\/2025\/01\/8310-90-L-Glutamine.jpg\" \/>\n\t<meta property=\"og:image:width\" content=\"780\" \/>\n\t<meta property=\"og:image:height\" content=\"780\" \/>\n\t<meta property=\"og:image:type\" content=\"image\/jpeg\" \/>\n<meta name=\"twitter:card\" content=\"summary_large_image\" \/>\n<script type=\"application\/ld+json\" class=\"yoast-schema-graph\">{\"@context\":\"https:\/\/schema.org\",\"@graph\":[{\"@type\":\"WebPage\",\"@id\":\"https:\/\/reviva.fi\/fi\/tuote\/l-glutamiini-lamberts\/\",\"url\":\"https:\/\/reviva.fi\/fi\/tuote\/l-glutamiini-lamberts\/\",\"name\":\"L-Glutamiini - Lamberts - Reviva\",\"isPartOf\":{\"@id\":\"https:\/\/reviva.fi\/fi\/#website\"},\"primaryImageOfPage\":{\"@id\":\"https:\/\/reviva.fi\/fi\/tuote\/l-glutamiini-lamberts\/#primaryimage\"},\"image\":{\"@id\":\"https:\/\/reviva.fi\/fi\/tuote\/l-glutamiini-lamberts\/#primaryimage\"},\"thumbnailUrl\":\"https:\/\/reviva.fi\/wp-content\/uploads\/2025\/01\/8310-90-L-Glutamine.jpg\",\"datePublished\":\"2025-01-30T07:56:42+00:00\",\"dateModified\":\"2025-02-03T11:22:25+00:00\",\"description\":\"L-Glutamiini - Lamberts tukee lihasten palautumista, suoliston terveytt\u00e4 ja immuunij\u00e4rjestelm\u00e4\u00e4 erityisesti fyysisen rasituksen tai stressin j\u00e4lkeen.\",\"breadcrumb\":{\"@id\":\"https:\/\/reviva.fi\/fi\/tuote\/l-glutamiini-lamberts\/#breadcrumb\"},\"inLanguage\":\"fi\",\"potentialAction\":[{\"@type\":\"ReadAction\",\"target\":[\"https:\/\/reviva.fi\/fi\/tuote\/l-glutamiini-lamberts\/\"]}]},{\"@type\":\"ImageObject\",\"inLanguage\":\"fi\",\"@id\":\"https:\/\/reviva.fi\/fi\/tuote\/l-glutamiini-lamberts\/#primaryimage\",\"url\":\"https:\/\/reviva.fi\/wp-content\/uploads\/2025\/01\/8310-90-L-Glutamine.jpg\",\"contentUrl\":\"https:\/\/reviva.fi\/wp-content\/uploads\/2025\/01\/8310-90-L-Glutamine.jpg\",\"width\":780,\"height\":780,\"caption\":\"L-Glutamine - Lamberts\"},{\"@type\":\"BreadcrumbList\",\"@id\":\"https:\/\/reviva.fi\/fi\/tuote\/l-glutamiini-lamberts\/#breadcrumb\",\"itemListElement\":[{\"@type\":\"ListItem\",\"position\":1,\"name\":\"Etusivu\",\"item\":\"https:\/\/reviva.fi\/fi\/\"},{\"@type\":\"ListItem\",\"position\":2,\"name\":\"Tuotteet\",\"item\":\"https:\/\/reviva.fi\/produkter\/\"},{\"@type\":\"ListItem\",\"position\":3,\"name\":\"L-Glutamiini &#8211; Lamberts\"}]},{\"@type\":\"WebSite\",\"@id\":\"https:\/\/reviva.fi\/fi\/#website\",\"url\":\"https:\/\/reviva.fi\/fi\/\",\"name\":\"Reviva\",\"description\":\"\",\"publisher\":{\"@id\":\"https:\/\/reviva.fi\/fi\/#organization\"},\"potentialAction\":[{\"@type\":\"SearchAction\",\"target\":{\"@type\":\"EntryPoint\",\"urlTemplate\":\"https:\/\/reviva.fi\/fi\/?s={search_term_string}\"},\"query-input\":{\"@type\":\"PropertyValueSpecification\",\"valueRequired\":true,\"valueName\":\"search_term_string\"}}],\"inLanguage\":\"fi\"},{\"@type\":\"Organization\",\"@id\":\"https:\/\/reviva.fi\/fi\/#organization\",\"name\":\"Reviva\",\"url\":\"https:\/\/reviva.fi\/fi\/\",\"logo\":{\"@type\":\"ImageObject\",\"inLanguage\":\"fi\",\"@id\":\"https:\/\/reviva.fi\/fi\/#\/schema\/logo\/image\/\",\"url\":\"https:\/\/reviva.fi\/wp-content\/uploads\/2023\/10\/reviva-logo2.svg\",\"contentUrl\":\"https:\/\/reviva.fi\/wp-content\/uploads\/2023\/10\/reviva-logo2.svg\",\"caption\":\"Reviva\"},\"image\":{\"@id\":\"https:\/\/reviva.fi\/fi\/#\/schema\/logo\/image\/\"}}]}<\/script>\n<meta property=\"product:price:amount\" content=\"20.80\" \/>\n<meta property=\"product:price:currency\" content=\"EUR\" \/>\n<meta property=\"og:availability\" content=\"instock\" \/>\n<meta property=\"product:availability\" content=\"instock\" \/>\n<meta property=\"product:retailer_item_id\" content=\"8310-90\" \/>\n<meta property=\"product:condition\" content=\"new\" \/>\n<!-- \/ Yoast SEO plugin. -->","yoast_head_json":{"title":"L-Glutamiini - Lamberts - Reviva","description":"L-Glutamiini - Lamberts tukee lihasten palautumista, suoliston terveytt\u00e4 ja immuunij\u00e4rjestelm\u00e4\u00e4 erityisesti fyysisen rasituksen tai stressin j\u00e4lkeen.","robots":{"index":"index","follow":"follow","max-snippet":"max-snippet:-1","max-image-preview":"max-image-preview:large","max-video-preview":"max-video-preview:-1"},"canonical":"https:\/\/reviva.fi\/fi\/tuote\/l-glutamiini-lamberts\/","og_locale":"fi_FI","og_type":"article","og_title":"L-Glutamiini - Lamberts - Reviva","og_description":"L-Glutamiini - Lamberts tukee lihasten palautumista, suoliston terveytt\u00e4 ja immuunij\u00e4rjestelm\u00e4\u00e4 erityisesti fyysisen rasituksen tai stressin j\u00e4lkeen.","og_url":"https:\/\/reviva.fi\/fi\/tuote\/l-glutamiini-lamberts\/","og_site_name":"Reviva","article_modified_time":"2025-02-03T11:22:25+00:00","og_image":[{"width":780,"height":780,"url":"https:\/\/reviva.fi\/wp-content\/uploads\/2025\/01\/8310-90-L-Glutamine.jpg","type":"image\/jpeg"}],"twitter_card":"summary_large_image","schema":{"@context":"https:\/\/schema.org","@graph":[{"@type":"WebPage","@id":"https:\/\/reviva.fi\/fi\/tuote\/l-glutamiini-lamberts\/","url":"https:\/\/reviva.fi\/fi\/tuote\/l-glutamiini-lamberts\/","name":"L-Glutamiini - Lamberts - Reviva","isPartOf":{"@id":"https:\/\/reviva.fi\/fi\/#website"},"primaryImageOfPage":{"@id":"https:\/\/reviva.fi\/fi\/tuote\/l-glutamiini-lamberts\/#primaryimage"},"image":{"@id":"https:\/\/reviva.fi\/fi\/tuote\/l-glutamiini-lamberts\/#primaryimage"},"thumbnailUrl":"https:\/\/reviva.fi\/wp-content\/uploads\/2025\/01\/8310-90-L-Glutamine.jpg","datePublished":"2025-01-30T07:56:42+00:00","dateModified":"2025-02-03T11:22:25+00:00","description":"L-Glutamiini - Lamberts tukee lihasten palautumista, suoliston terveytt\u00e4 ja immuunij\u00e4rjestelm\u00e4\u00e4 erityisesti fyysisen rasituksen tai stressin j\u00e4lkeen.","breadcrumb":{"@id":"https:\/\/reviva.fi\/fi\/tuote\/l-glutamiini-lamberts\/#breadcrumb"},"inLanguage":"fi","potentialAction":[{"@type":"ReadAction","target":["https:\/\/reviva.fi\/fi\/tuote\/l-glutamiini-lamberts\/"]}]},{"@type":"ImageObject","inLanguage":"fi","@id":"https:\/\/reviva.fi\/fi\/tuote\/l-glutamiini-lamberts\/#primaryimage","url":"https:\/\/reviva.fi\/wp-content\/uploads\/2025\/01\/8310-90-L-Glutamine.jpg","contentUrl":"https:\/\/reviva.fi\/wp-content\/uploads\/2025\/01\/8310-90-L-Glutamine.jpg","width":780,"height":780,"caption":"L-Glutamine - Lamberts"},{"@type":"BreadcrumbList","@id":"https:\/\/reviva.fi\/fi\/tuote\/l-glutamiini-lamberts\/#breadcrumb","itemListElement":[{"@type":"ListItem","position":1,"name":"Etusivu","item":"https:\/\/reviva.fi\/fi\/"},{"@type":"ListItem","position":2,"name":"Tuotteet","item":"https:\/\/reviva.fi\/produkter\/"},{"@type":"ListItem","position":3,"name":"L-Glutamiini &#8211; Lamberts"}]},{"@type":"WebSite","@id":"https:\/\/reviva.fi\/fi\/#website","url":"https:\/\/reviva.fi\/fi\/","name":"Reviva","description":"","publisher":{"@id":"https:\/\/reviva.fi\/fi\/#organization"},"potentialAction":[{"@type":"SearchAction","target":{"@type":"EntryPoint","urlTemplate":"https:\/\/reviva.fi\/fi\/?s={search_term_string}"},"query-input":{"@type":"PropertyValueSpecification","valueRequired":true,"valueName":"search_term_string"}}],"inLanguage":"fi"},{"@type":"Organization","@id":"https:\/\/reviva.fi\/fi\/#organization","name":"Reviva","url":"https:\/\/reviva.fi\/fi\/","logo":{"@type":"ImageObject","inLanguage":"fi","@id":"https:\/\/reviva.fi\/fi\/#\/schema\/logo\/image\/","url":"https:\/\/reviva.fi\/wp-content\/uploads\/2023\/10\/reviva-logo2.svg","contentUrl":"https:\/\/reviva.fi\/wp-content\/uploads\/2023\/10\/reviva-logo2.svg","caption":"Reviva"},"image":{"@id":"https:\/\/reviva.fi\/fi\/#\/schema\/logo\/image\/"}}]},"product_price_amount":"20.80","product_price_currency":"EUR","og_availability":"instock","product_availability":"instock","product_retailer_item_id":"8310-90","product_condition":"new"},"taxonomy_info":{"product_cat":[{"value":88,"label":"Aminohapot"},{"value":2444,"label":"Lamberts"},{"value":2387,"label":"Maha &amp; Suolisto"},{"value":2357,"label":"Immuunipuolustus"},{"value":2375,"label":"Harjoittelu"}],"product_tag":[{"value":4463,"label":"500 mg"},{"value":409,"label":"aminohappo"},{"value":4418,"label":"Energiantuotanto"},{"value":4402,"label":"GMP standardi"},{"value":3580,"label":"H\u00f6g biotillg\u00e4nglighet"},{"value":444,"label":"immuunij\u00e4rjestelm\u00e4"},{"value":4467,"label":"keskittyminen"},{"value":4466,"label":"kudosten korjaus"},{"value":1084,"label":"L-glutamiini"},{"value":4465,"label":"lihasten palautuminen"},{"value":476,"label":"lis\u00e4ravinne"},{"value":4458,"label":"Mielialan tuki"},{"value":3389,"label":"Stresshantering"},{"value":4450,"label":"suoliston terveytt\u00e4"},{"value":4464,"label":"Vapaa muotoinen"},{"value":4403,"label":"vegaaniyst\u00e4v\u00e4llinen"}]},"featured_image_src_large":["https:\/\/reviva.fi\/wp-content\/uploads\/2025\/01\/8310-90-L-Glutamine.jpg",780,780,false],"author_info":[],"comment_info":0,"_links":{"self":[{"href":"https:\/\/reviva.fi\/fi\/wp-json\/wp\/v2\/product\/10908","targetHints":{"allow":["GET"]}}],"collection":[{"href":"https:\/\/reviva.fi\/fi\/wp-json\/wp\/v2\/product"}],"about":[{"href":"https:\/\/reviva.fi\/fi\/wp-json\/wp\/v2\/types\/product"}],"replies":[{"embeddable":true,"href":"https:\/\/reviva.fi\/fi\/wp-json\/wp\/v2\/comments?post=10908"}],"wp:featuredmedia":[{"embeddable":true,"href":"https:\/\/reviva.fi\/fi\/wp-json\/wp\/v2\/media\/10846"}],"wp:attachment":[{"href":"https:\/\/reviva.fi\/fi\/wp-json\/wp\/v2\/media?parent=10908"}],"wp:term":[{"taxonomy":"product_brand","embeddable":true,"href":"https:\/\/reviva.fi\/fi\/wp-json\/wp\/v2\/product_brand?post=10908"},{"taxonomy":"product_cat","embeddable":true,"href":"https:\/\/reviva.fi\/fi\/wp-json\/wp\/v2\/product_cat?post=10908"},{"taxonomy":"product_tag","embeddable":true,"href":"https:\/\/reviva.fi\/fi\/wp-json\/wp\/v2\/product_tag?post=10908"}],"curies":[{"name":"wp","href":"https:\/\/api.w.org\/{rel}","templated":true}]}}