{"id":10912,"date":"2025-01-30T09:46:43","date_gmt":"2025-01-30T07:46:43","guid":{"rendered":"https:\/\/reviva.fi\/product\/rhodiola-rosea-lamberts\/"},"modified":"2025-02-03T13:23:16","modified_gmt":"2025-02-03T11:23:16","slug":"ruusujuuri-lamberts","status":"publish","type":"product","link":"https:\/\/reviva.fi\/fi\/tuote\/ruusujuuri-lamberts\/","title":{"rendered":"Ruusujuuri &#8211; Lamberts"},"content":{"rendered":"<p>Ruusujuuri &#8211; Lamberts<\/p>\n<p>Rhodiola Rosea, joka tunnetaan my\u00f6s nimell\u00e4 kultajuuri tai ruusunjuuri, on yksi 50:st\u00e4 eri rodiolalajista, ja juuri t\u00e4m\u00e4 laji on sek\u00e4 laajalti k\u00e4ytetty ett\u00e4 luotettu, sek\u00e4 sill\u00e4 on pitk\u00e4t k\u00e4ytt\u00f6perinteet. Ruusujuuri uskotaan sis\u00e4lt\u00e4v\u00e4n erilaisia \u200b\u200bpotentiaalisesti aktiivisia yhdisteit\u00e4, joista eniten puhutaan rosaviineista. Lamberts\u00ae Ruusujuuri-uute vastaa 1 466 mg:aa Ruusujuurta ja taattu 3 % rosaviinitaso kahdessa tabletissa.<\/p>\n","protected":false},"excerpt":{"rendered":"<p>Luonnollinen adaptogeeni, joka tukee kehon sopeutumista stressaaviin tilanteisiin.<\/p>\n<p><strong>60 tablettia<\/strong><\/p>\n","protected":false},"featured_media":10843,"comment_status":"closed","ping_status":"closed","template":"","meta":{"_acf_changed":false,"inline_featured_image":false,"_kad_blocks_custom_css":"","_kad_blocks_head_custom_js":"","_kad_blocks_body_custom_js":"","_kad_blocks_footer_custom_js":"","_kadence_starter_templates_imported_post":false,"_kad_post_transparent":"default","_kad_post_title":"","_kad_post_layout":"default","_kad_post_sidebar_id":"","_kad_post_content_style":"default","_kad_post_vertical_padding":"default","_kad_post_feature":"","_kad_post_feature_position":"","_kad_post_header":false,"_kad_post_footer":false},"product_brand":[],"product_cat":[141,2444,2376],"product_tag":[4471,4463,1115,412,4469,4472,4402,3580,444,4456,476,3454,4458,3591,4470,4423,3389,4436,4468],"class_list":{"0":"post-10912","1":"product","2":"type-product","3":"status-publish","4":"has-post-thumbnail","6":"product_cat-orter-fi","7":"product_cat-lamberts-fi","8":"product_cat-stressad-och-trott-fi","9":"product_tag-3-rosaviinit","10":"product_tag-500-mg-fi","11":"product_tag-adaptogeeni","12":"product_tag-antioksidantti","13":"product_tag-energiatasot","14":"product_tag-fyysista-kestavyytta","15":"product_tag-gmp-standardi","16":"product_tag-hog-biotillganglighet-fi","17":"product_tag-immuunijarjestelma","18":"product_tag-kognitiivinen-toiminto","19":"product_tag-lisaravinne","20":"product_tag-mental-klarhet-fi","21":"product_tag-mielialan-tuki","22":"product_tag-nervsystemets-halsa-fi","23":"product_tag-rhodiola-rosea-fi","24":"product_tag-standardoitu-uute","25":"product_tag-stresshantering-fi","26":"product_tag-vasymyksen-vahentaminen","27":"product_tag-vegaaninen","29":"first","30":"instock","31":"taxable","32":"shipping-taxable","33":"purchasable","34":"product-type-simple","35":"entry","36":"content-bg","37":"loop-entry"},"acf":[],"yoast_head":"<!-- This site is optimized with the Yoast SEO plugin v25.8 - https:\/\/yoast.com\/wordpress\/plugins\/seo\/ -->\n<title>Ruusujuuri - Lamberts - Reviva<\/title>\n<meta name=\"description\" content=\"Ruusujuuri - Lamberts - Lamberts auttaa torjumaan stressi\u00e4, lis\u00e4\u00e4m\u00e4\u00e4n energiaa ja parantamaan henkist\u00e4 kest\u00e4vyytt\u00e4. Luonnollinen adaptogeeni.\" \/>\n<meta name=\"robots\" content=\"index, follow, max-snippet:-1, max-image-preview:large, max-video-preview:-1\" \/>\n<link rel=\"canonical\" href=\"https:\/\/reviva.fi\/fi\/tuote\/ruusujuuri-lamberts\/\" \/>\n<meta property=\"og:locale\" content=\"fi_FI\" \/>\n<meta property=\"og:type\" content=\"article\" \/>\n<meta property=\"og:title\" content=\"Ruusujuuri - Lamberts - Reviva\" \/>\n<meta property=\"og:description\" content=\"Ruusujuuri - Lamberts - Lamberts auttaa torjumaan stressi\u00e4, lis\u00e4\u00e4m\u00e4\u00e4n energiaa ja parantamaan henkist\u00e4 kest\u00e4vyytt\u00e4. Luonnollinen adaptogeeni.\" \/>\n<meta property=\"og:url\" content=\"https:\/\/reviva.fi\/fi\/tuote\/ruusujuuri-lamberts\/\" \/>\n<meta property=\"og:site_name\" content=\"Reviva\" \/>\n<meta property=\"article:modified_time\" content=\"2025-02-03T11:23:16+00:00\" \/>\n<meta property=\"og:image\" content=\"https:\/\/reviva.fi\/wp-content\/uploads\/2025\/01\/8579-60-Rhodiola-rosea.jpg\" \/>\n\t<meta property=\"og:image:width\" content=\"780\" \/>\n\t<meta property=\"og:image:height\" content=\"780\" \/>\n\t<meta property=\"og:image:type\" content=\"image\/jpeg\" \/>\n<meta name=\"twitter:card\" content=\"summary_large_image\" \/>\n<script type=\"application\/ld+json\" class=\"yoast-schema-graph\">{\"@context\":\"https:\/\/schema.org\",\"@graph\":[{\"@type\":\"WebPage\",\"@id\":\"https:\/\/reviva.fi\/fi\/tuote\/ruusujuuri-lamberts\/\",\"url\":\"https:\/\/reviva.fi\/fi\/tuote\/ruusujuuri-lamberts\/\",\"name\":\"Ruusujuuri - Lamberts - Reviva\",\"isPartOf\":{\"@id\":\"https:\/\/reviva.fi\/fi\/#website\"},\"primaryImageOfPage\":{\"@id\":\"https:\/\/reviva.fi\/fi\/tuote\/ruusujuuri-lamberts\/#primaryimage\"},\"image\":{\"@id\":\"https:\/\/reviva.fi\/fi\/tuote\/ruusujuuri-lamberts\/#primaryimage\"},\"thumbnailUrl\":\"https:\/\/reviva.fi\/wp-content\/uploads\/2025\/01\/8579-60-Rhodiola-rosea.jpg\",\"datePublished\":\"2025-01-30T07:46:43+00:00\",\"dateModified\":\"2025-02-03T11:23:16+00:00\",\"description\":\"Ruusujuuri - Lamberts - Lamberts auttaa torjumaan stressi\u00e4, lis\u00e4\u00e4m\u00e4\u00e4n energiaa ja parantamaan henkist\u00e4 kest\u00e4vyytt\u00e4. Luonnollinen adaptogeeni.\",\"breadcrumb\":{\"@id\":\"https:\/\/reviva.fi\/fi\/tuote\/ruusujuuri-lamberts\/#breadcrumb\"},\"inLanguage\":\"fi\",\"potentialAction\":[{\"@type\":\"ReadAction\",\"target\":[\"https:\/\/reviva.fi\/fi\/tuote\/ruusujuuri-lamberts\/\"]}]},{\"@type\":\"ImageObject\",\"inLanguage\":\"fi\",\"@id\":\"https:\/\/reviva.fi\/fi\/tuote\/ruusujuuri-lamberts\/#primaryimage\",\"url\":\"https:\/\/reviva.fi\/wp-content\/uploads\/2025\/01\/8579-60-Rhodiola-rosea.jpg\",\"contentUrl\":\"https:\/\/reviva.fi\/wp-content\/uploads\/2025\/01\/8579-60-Rhodiola-rosea.jpg\",\"width\":780,\"height\":780,\"caption\":\"Ruusujuuri - Lamberts\"},{\"@type\":\"BreadcrumbList\",\"@id\":\"https:\/\/reviva.fi\/fi\/tuote\/ruusujuuri-lamberts\/#breadcrumb\",\"itemListElement\":[{\"@type\":\"ListItem\",\"position\":1,\"name\":\"Etusivu\",\"item\":\"https:\/\/reviva.fi\/fi\/\"},{\"@type\":\"ListItem\",\"position\":2,\"name\":\"Tuotteet\",\"item\":\"https:\/\/reviva.fi\/produkter\/\"},{\"@type\":\"ListItem\",\"position\":3,\"name\":\"Ruusujuuri &#8211; Lamberts\"}]},{\"@type\":\"WebSite\",\"@id\":\"https:\/\/reviva.fi\/fi\/#website\",\"url\":\"https:\/\/reviva.fi\/fi\/\",\"name\":\"Reviva\",\"description\":\"\",\"publisher\":{\"@id\":\"https:\/\/reviva.fi\/fi\/#organization\"},\"potentialAction\":[{\"@type\":\"SearchAction\",\"target\":{\"@type\":\"EntryPoint\",\"urlTemplate\":\"https:\/\/reviva.fi\/fi\/?s={search_term_string}\"},\"query-input\":{\"@type\":\"PropertyValueSpecification\",\"valueRequired\":true,\"valueName\":\"search_term_string\"}}],\"inLanguage\":\"fi\"},{\"@type\":\"Organization\",\"@id\":\"https:\/\/reviva.fi\/fi\/#organization\",\"name\":\"Reviva\",\"url\":\"https:\/\/reviva.fi\/fi\/\",\"logo\":{\"@type\":\"ImageObject\",\"inLanguage\":\"fi\",\"@id\":\"https:\/\/reviva.fi\/fi\/#\/schema\/logo\/image\/\",\"url\":\"https:\/\/reviva.fi\/wp-content\/uploads\/2023\/10\/reviva-logo2.svg\",\"contentUrl\":\"https:\/\/reviva.fi\/wp-content\/uploads\/2023\/10\/reviva-logo2.svg\",\"caption\":\"Reviva\"},\"image\":{\"@id\":\"https:\/\/reviva.fi\/fi\/#\/schema\/logo\/image\/\"}}]}<\/script>\n<meta property=\"product:price:amount\" content=\"20.25\" \/>\n<meta property=\"product:price:currency\" content=\"EUR\" \/>\n<meta property=\"og:availability\" content=\"instock\" \/>\n<meta property=\"product:availability\" content=\"instock\" \/>\n<meta property=\"product:retailer_item_id\" content=\"8579-60\" \/>\n<meta property=\"product:condition\" content=\"new\" \/>\n<!-- \/ Yoast SEO plugin. -->","yoast_head_json":{"title":"Ruusujuuri - Lamberts - Reviva","description":"Ruusujuuri - Lamberts - Lamberts auttaa torjumaan stressi\u00e4, lis\u00e4\u00e4m\u00e4\u00e4n energiaa ja parantamaan henkist\u00e4 kest\u00e4vyytt\u00e4. Luonnollinen adaptogeeni.","robots":{"index":"index","follow":"follow","max-snippet":"max-snippet:-1","max-image-preview":"max-image-preview:large","max-video-preview":"max-video-preview:-1"},"canonical":"https:\/\/reviva.fi\/fi\/tuote\/ruusujuuri-lamberts\/","og_locale":"fi_FI","og_type":"article","og_title":"Ruusujuuri - Lamberts - Reviva","og_description":"Ruusujuuri - Lamberts - Lamberts auttaa torjumaan stressi\u00e4, lis\u00e4\u00e4m\u00e4\u00e4n energiaa ja parantamaan henkist\u00e4 kest\u00e4vyytt\u00e4. Luonnollinen adaptogeeni.","og_url":"https:\/\/reviva.fi\/fi\/tuote\/ruusujuuri-lamberts\/","og_site_name":"Reviva","article_modified_time":"2025-02-03T11:23:16+00:00","og_image":[{"width":780,"height":780,"url":"https:\/\/reviva.fi\/wp-content\/uploads\/2025\/01\/8579-60-Rhodiola-rosea.jpg","type":"image\/jpeg"}],"twitter_card":"summary_large_image","schema":{"@context":"https:\/\/schema.org","@graph":[{"@type":"WebPage","@id":"https:\/\/reviva.fi\/fi\/tuote\/ruusujuuri-lamberts\/","url":"https:\/\/reviva.fi\/fi\/tuote\/ruusujuuri-lamberts\/","name":"Ruusujuuri - Lamberts - Reviva","isPartOf":{"@id":"https:\/\/reviva.fi\/fi\/#website"},"primaryImageOfPage":{"@id":"https:\/\/reviva.fi\/fi\/tuote\/ruusujuuri-lamberts\/#primaryimage"},"image":{"@id":"https:\/\/reviva.fi\/fi\/tuote\/ruusujuuri-lamberts\/#primaryimage"},"thumbnailUrl":"https:\/\/reviva.fi\/wp-content\/uploads\/2025\/01\/8579-60-Rhodiola-rosea.jpg","datePublished":"2025-01-30T07:46:43+00:00","dateModified":"2025-02-03T11:23:16+00:00","description":"Ruusujuuri - Lamberts - Lamberts auttaa torjumaan stressi\u00e4, lis\u00e4\u00e4m\u00e4\u00e4n energiaa ja parantamaan henkist\u00e4 kest\u00e4vyytt\u00e4. Luonnollinen adaptogeeni.","breadcrumb":{"@id":"https:\/\/reviva.fi\/fi\/tuote\/ruusujuuri-lamberts\/#breadcrumb"},"inLanguage":"fi","potentialAction":[{"@type":"ReadAction","target":["https:\/\/reviva.fi\/fi\/tuote\/ruusujuuri-lamberts\/"]}]},{"@type":"ImageObject","inLanguage":"fi","@id":"https:\/\/reviva.fi\/fi\/tuote\/ruusujuuri-lamberts\/#primaryimage","url":"https:\/\/reviva.fi\/wp-content\/uploads\/2025\/01\/8579-60-Rhodiola-rosea.jpg","contentUrl":"https:\/\/reviva.fi\/wp-content\/uploads\/2025\/01\/8579-60-Rhodiola-rosea.jpg","width":780,"height":780,"caption":"Ruusujuuri - Lamberts"},{"@type":"BreadcrumbList","@id":"https:\/\/reviva.fi\/fi\/tuote\/ruusujuuri-lamberts\/#breadcrumb","itemListElement":[{"@type":"ListItem","position":1,"name":"Etusivu","item":"https:\/\/reviva.fi\/fi\/"},{"@type":"ListItem","position":2,"name":"Tuotteet","item":"https:\/\/reviva.fi\/produkter\/"},{"@type":"ListItem","position":3,"name":"Ruusujuuri &#8211; Lamberts"}]},{"@type":"WebSite","@id":"https:\/\/reviva.fi\/fi\/#website","url":"https:\/\/reviva.fi\/fi\/","name":"Reviva","description":"","publisher":{"@id":"https:\/\/reviva.fi\/fi\/#organization"},"potentialAction":[{"@type":"SearchAction","target":{"@type":"EntryPoint","urlTemplate":"https:\/\/reviva.fi\/fi\/?s={search_term_string}"},"query-input":{"@type":"PropertyValueSpecification","valueRequired":true,"valueName":"search_term_string"}}],"inLanguage":"fi"},{"@type":"Organization","@id":"https:\/\/reviva.fi\/fi\/#organization","name":"Reviva","url":"https:\/\/reviva.fi\/fi\/","logo":{"@type":"ImageObject","inLanguage":"fi","@id":"https:\/\/reviva.fi\/fi\/#\/schema\/logo\/image\/","url":"https:\/\/reviva.fi\/wp-content\/uploads\/2023\/10\/reviva-logo2.svg","contentUrl":"https:\/\/reviva.fi\/wp-content\/uploads\/2023\/10\/reviva-logo2.svg","caption":"Reviva"},"image":{"@id":"https:\/\/reviva.fi\/fi\/#\/schema\/logo\/image\/"}}]},"product_price_amount":"20.25","product_price_currency":"EUR","og_availability":"instock","product_availability":"instock","product_retailer_item_id":"8579-60","product_condition":"new"},"taxonomy_info":{"product_cat":[{"value":141,"label":"Yrtit"},{"value":2444,"label":"Lamberts"},{"value":2376,"label":"Stressaantunut &amp; V\u00e4synyt"}],"product_tag":[{"value":4471,"label":"3% Rosaviinit"},{"value":4463,"label":"500 mg"},{"value":1115,"label":"adaptogeeni"},{"value":412,"label":"antioksidantti"},{"value":4469,"label":"Energiatasot"},{"value":4472,"label":"fyysist\u00e4 kest\u00e4vyytt\u00e4"},{"value":4402,"label":"GMP standardi"},{"value":3580,"label":"H\u00f6g biotillg\u00e4nglighet"},{"value":444,"label":"immuunij\u00e4rjestelm\u00e4"},{"value":4456,"label":"Kognitiivinen toiminto"},{"value":476,"label":"lis\u00e4ravinne"},{"value":3454,"label":"Mental klarhet"},{"value":4458,"label":"Mielialan tuki"},{"value":3591,"label":"Nervsystemets h\u00e4lsa"},{"value":4470,"label":"Rhodiola Rosea"},{"value":4423,"label":"standardoitu uute"},{"value":3389,"label":"Stresshantering"},{"value":4436,"label":"v\u00e4symyksen v\u00e4hent\u00e4minen"},{"value":4468,"label":"Vegaaninen"}]},"featured_image_src_large":["https:\/\/reviva.fi\/wp-content\/uploads\/2025\/01\/8579-60-Rhodiola-rosea.jpg",780,780,false],"author_info":[],"comment_info":0,"_links":{"self":[{"href":"https:\/\/reviva.fi\/fi\/wp-json\/wp\/v2\/product\/10912","targetHints":{"allow":["GET"]}}],"collection":[{"href":"https:\/\/reviva.fi\/fi\/wp-json\/wp\/v2\/product"}],"about":[{"href":"https:\/\/reviva.fi\/fi\/wp-json\/wp\/v2\/types\/product"}],"replies":[{"embeddable":true,"href":"https:\/\/reviva.fi\/fi\/wp-json\/wp\/v2\/comments?post=10912"}],"wp:featuredmedia":[{"embeddable":true,"href":"https:\/\/reviva.fi\/fi\/wp-json\/wp\/v2\/media\/10843"}],"wp:attachment":[{"href":"https:\/\/reviva.fi\/fi\/wp-json\/wp\/v2\/media?parent=10912"}],"wp:term":[{"taxonomy":"product_brand","embeddable":true,"href":"https:\/\/reviva.fi\/fi\/wp-json\/wp\/v2\/product_brand?post=10912"},{"taxonomy":"product_cat","embeddable":true,"href":"https:\/\/reviva.fi\/fi\/wp-json\/wp\/v2\/product_cat?post=10912"},{"taxonomy":"product_tag","embeddable":true,"href":"https:\/\/reviva.fi\/fi\/wp-json\/wp\/v2\/product_tag?post=10912"}],"curies":[{"name":"wp","href":"https:\/\/api.w.org\/{rel}","templated":true}]}}