{"id":10916,"date":"2025-01-30T09:36:21","date_gmt":"2025-01-30T07:36:21","guid":{"rendered":"https:\/\/reviva.fi\/product\/vegan-dha-lamberts\/"},"modified":"2025-02-03T13:29:35","modified_gmt":"2025-02-03T11:29:35","slug":"vegaaninen-dha-omega-3-lamberts","status":"publish","type":"product","link":"https:\/\/reviva.fi\/fi\/tuote\/vegaaninen-dha-omega-3-lamberts\/","title":{"rendered":"Vegaaninen DHA &#8211; Omega 3 &#8211; Lamberts"},"content":{"rendered":"<p><strong>Vegaaninen DHA &#8211; Omega 3 &#8211; Lamberts<\/strong><\/p>\n<p>Vegaaninen DHA tulee ainutlaatuisesta DHA:n kasvipohjaisesta muodosta. Se on my\u00f6s 100 % kest\u00e4v\u00e4\u00e4 ilman kalamaista j\u00e4lkimakua. K\u00e4ytt\u00e4m\u00e4mme lev\u00e4t on kasvatettu valvotussa ymp\u00e4rist\u00f6ss\u00e4, jolloin voimme olla varmoja, ett\u00e4 meill\u00e4 on integroitu, kontrolloitu ja kest\u00e4v\u00e4 (meren biomassasta riippumaton) tarjonta, joka on my\u00f6s luonnostaan \u200b\u200bvapaa saasteista. On rohkaisevaa, ett\u00e4 t\u00e4ll\u00e4 l\u00e4hteell\u00e4 on tehty yli 100 tutkimusta, jotka osoittavat sek\u00e4 sen turvallisuuden ett\u00e4 tehon. N\u00e4m\u00e4 lev\u00e4t ovat olennainen osa meren ravintoketjua, ja niit\u00e4 sy\u00f6v\u00e4t pienet organismit, kuten plankton ja krilli, joita puolestaan \u200b\u200bsy\u00f6v\u00e4t suuremmat kalat.<\/p>\n<p>T\u00e4st\u00e4 l\u00e4hteest\u00e4 saatu \u00f6ljy on Omega 3:n luonnollisessa triglyseridimuodossa (TG), joka on ihanteellinen valinta kaikille, jotka haluavat TG-muodon, ja koska se on t\u00e4ysin kalaton, se on t\u00e4ydellinen lis\u00e4 vegaaneille ja kasvissy\u00f6jille sek\u00e4 niille, joilla on allergia kalaa vastaan.<\/p>\n<p>Arvokkaat ravintoaineet on kapseloitu pieniin, helposti nielt\u00e4viin kapseleihin, jotka on suspendoitu puhtaaseen auringonkukkalesitiiniin, yhdess\u00e4 antioksidanttien: rosmariiniuutteen, tokoferolien ja C-vitamiinin (askorbyylipalmitaatti) kanssa s\u00e4ilytt\u00e4\u00e4kseen \u00f6ljyn luonnolliset ominaisuudet.<\/p>\n<p>DHA edist\u00e4\u00e4 normaalin aivotoiminnan ja n\u00e4\u00f6n yll\u00e4pit\u00e4mist\u00e4. Edullinen vaikutus saavutetaan nauttimalla DHA:ta 250 mg p\u00e4iv\u00e4ss\u00e4, joka on kunkin kapselin DHA:n m\u00e4\u00e4r\u00e4.<\/p>\n","protected":false},"excerpt":{"rendered":"<p>T\u00e4ydellinen vaihtoehto vegaaneille ja niille, jotka etsiv\u00e4t kest\u00e4v\u00e4\u00e4 omega-3-lis\u00e4\u00e4.<\/p>\n<p><strong>60 Kapselia\u00a0<\/strong><\/p>\n","protected":false},"featured_media":10840,"comment_status":"closed","ping_status":"closed","template":"","meta":{"_acf_changed":false,"inline_featured_image":false,"_kad_blocks_custom_css":"","_kad_blocks_head_custom_js":"","_kad_blocks_body_custom_js":"","_kad_blocks_footer_custom_js":"","_kadence_starter_templates_imported_post":false,"_kad_post_transparent":"default","_kad_post_title":"","_kad_post_layout":"default","_kad_post_sidebar_id":"","_kad_post_content_style":"default","_kad_post_vertical_padding":"default","_kad_post_feature":"","_kad_post_feature_position":"","_kad_post_header":false,"_kad_post_footer":false},"product_brand":[],"product_cat":[91,2444],"product_tag":[4474,4491,412,4486,4481,4478,4402,4477,4482,4476,4483,4456,4488,4480,476,4473,4475,2952,4485,4487,4490,4484,4489,4479,2959],"class_list":{"0":"post-10916","1":"product","2":"type-product","3":"status-publish","4":"has-post-thumbnail","6":"product_cat-fettsyror-fi","7":"product_cat-lamberts-fi","8":"product_tag-aivojen-terveys","9":"product_tag-allergiaystavallinen","10":"product_tag-antioksidantti","11":"product_tag-auringonkukan-lesitiini","12":"product_tag-dokosaheksaeenihappo","13":"product_tag-ei-kalamaista-jalkimakua","14":"product_tag-gmp-standardi","15":"product_tag-helppo-niella","16":"product_tag-kalaton","17":"product_tag-kasvipohjainen-fi","18":"product_tag-kestavasta-lahteesta","19":"product_tag-kognitiivinen-toiminto","20":"product_tag-kontrolloitu-viljely","21":"product_tag-levaoljy","22":"product_tag-lisaravinne","23":"product_tag-luonnolliset-tokoferolit","24":"product_tag-naon-terveys","25":"product_tag-omega-3-fi","26":"product_tag-pienia-kapseleita","27":"product_tag-rosmariiniuute","28":"product_tag-sopii-vegaaneille-ja-kasvissyojille","29":"product_tag-triglyseridimuoto","30":"product_tag-vapaa-saasteista","31":"product_tag-vegaaninen-dha","32":"product_tag-vitamiini-c","34":"first","35":"instock","36":"taxable","37":"shipping-taxable","38":"purchasable","39":"product-type-simple","40":"entry","41":"content-bg","42":"loop-entry"},"acf":[],"yoast_head":"<!-- This site is optimized with the Yoast SEO plugin v25.8 - https:\/\/yoast.com\/wordpress\/plugins\/seo\/ -->\n<title>Vegaaninen DHA - Omega 3 - Lamberts - Reviva<\/title>\n<meta name=\"description\" content=\"Vegaaninen DHA - Omega 3 - Lamberts tukee aivojen, n\u00e4\u00f6n ja syd\u00e4men terveytt\u00e4 korkealaatuisilla DHA:lla levill\u00e4 \u2013 kest\u00e4v\u00e4 vaihtoehto vegaaneille.\" \/>\n<meta name=\"robots\" content=\"index, follow, max-snippet:-1, max-image-preview:large, max-video-preview:-1\" \/>\n<link rel=\"canonical\" href=\"https:\/\/reviva.fi\/fi\/tuote\/vegaaninen-dha-omega-3-lamberts\/\" \/>\n<meta property=\"og:locale\" content=\"fi_FI\" \/>\n<meta property=\"og:type\" content=\"article\" \/>\n<meta property=\"og:title\" content=\"Vegaaninen DHA - Omega 3 - Lamberts - Reviva\" \/>\n<meta property=\"og:description\" content=\"Vegaaninen DHA - Omega 3 - Lamberts tukee aivojen, n\u00e4\u00f6n ja syd\u00e4men terveytt\u00e4 korkealaatuisilla DHA:lla levill\u00e4 \u2013 kest\u00e4v\u00e4 vaihtoehto vegaaneille.\" \/>\n<meta property=\"og:url\" content=\"https:\/\/reviva.fi\/fi\/tuote\/vegaaninen-dha-omega-3-lamberts\/\" \/>\n<meta property=\"og:site_name\" content=\"Reviva\" \/>\n<meta property=\"article:modified_time\" content=\"2025-02-03T11:29:35+00:00\" \/>\n<meta property=\"og:image\" content=\"https:\/\/reviva.fi\/wp-content\/uploads\/2025\/01\/8494-60-Vegan-DHA.jpg\" \/>\n\t<meta property=\"og:image:width\" content=\"780\" \/>\n\t<meta property=\"og:image:height\" content=\"780\" \/>\n\t<meta property=\"og:image:type\" content=\"image\/jpeg\" \/>\n<meta name=\"twitter:card\" content=\"summary_large_image\" \/>\n<script type=\"application\/ld+json\" class=\"yoast-schema-graph\">{\"@context\":\"https:\/\/schema.org\",\"@graph\":[{\"@type\":\"WebPage\",\"@id\":\"https:\/\/reviva.fi\/fi\/tuote\/vegaaninen-dha-omega-3-lamberts\/\",\"url\":\"https:\/\/reviva.fi\/fi\/tuote\/vegaaninen-dha-omega-3-lamberts\/\",\"name\":\"Vegaaninen DHA - Omega 3 - Lamberts - Reviva\",\"isPartOf\":{\"@id\":\"https:\/\/reviva.fi\/fi\/#website\"},\"primaryImageOfPage\":{\"@id\":\"https:\/\/reviva.fi\/fi\/tuote\/vegaaninen-dha-omega-3-lamberts\/#primaryimage\"},\"image\":{\"@id\":\"https:\/\/reviva.fi\/fi\/tuote\/vegaaninen-dha-omega-3-lamberts\/#primaryimage\"},\"thumbnailUrl\":\"https:\/\/reviva.fi\/wp-content\/uploads\/2025\/01\/8494-60-Vegan-DHA.jpg\",\"datePublished\":\"2025-01-30T07:36:21+00:00\",\"dateModified\":\"2025-02-03T11:29:35+00:00\",\"description\":\"Vegaaninen DHA - Omega 3 - Lamberts tukee aivojen, n\u00e4\u00f6n ja syd\u00e4men terveytt\u00e4 korkealaatuisilla DHA:lla levill\u00e4 \u2013 kest\u00e4v\u00e4 vaihtoehto vegaaneille.\",\"breadcrumb\":{\"@id\":\"https:\/\/reviva.fi\/fi\/tuote\/vegaaninen-dha-omega-3-lamberts\/#breadcrumb\"},\"inLanguage\":\"fi\",\"potentialAction\":[{\"@type\":\"ReadAction\",\"target\":[\"https:\/\/reviva.fi\/fi\/tuote\/vegaaninen-dha-omega-3-lamberts\/\"]}]},{\"@type\":\"ImageObject\",\"inLanguage\":\"fi\",\"@id\":\"https:\/\/reviva.fi\/fi\/tuote\/vegaaninen-dha-omega-3-lamberts\/#primaryimage\",\"url\":\"https:\/\/reviva.fi\/wp-content\/uploads\/2025\/01\/8494-60-Vegan-DHA.jpg\",\"contentUrl\":\"https:\/\/reviva.fi\/wp-content\/uploads\/2025\/01\/8494-60-Vegan-DHA.jpg\",\"width\":780,\"height\":780,\"caption\":\"Vegaaninen DHA - Omega 3 - Lamberts\"},{\"@type\":\"BreadcrumbList\",\"@id\":\"https:\/\/reviva.fi\/fi\/tuote\/vegaaninen-dha-omega-3-lamberts\/#breadcrumb\",\"itemListElement\":[{\"@type\":\"ListItem\",\"position\":1,\"name\":\"Etusivu\",\"item\":\"https:\/\/reviva.fi\/fi\/\"},{\"@type\":\"ListItem\",\"position\":2,\"name\":\"Tuotteet\",\"item\":\"https:\/\/reviva.fi\/produkter\/\"},{\"@type\":\"ListItem\",\"position\":3,\"name\":\"Vegaaninen DHA &#8211; Omega 3 &#8211; Lamberts\"}]},{\"@type\":\"WebSite\",\"@id\":\"https:\/\/reviva.fi\/fi\/#website\",\"url\":\"https:\/\/reviva.fi\/fi\/\",\"name\":\"Reviva\",\"description\":\"\",\"publisher\":{\"@id\":\"https:\/\/reviva.fi\/fi\/#organization\"},\"potentialAction\":[{\"@type\":\"SearchAction\",\"target\":{\"@type\":\"EntryPoint\",\"urlTemplate\":\"https:\/\/reviva.fi\/fi\/?s={search_term_string}\"},\"query-input\":{\"@type\":\"PropertyValueSpecification\",\"valueRequired\":true,\"valueName\":\"search_term_string\"}}],\"inLanguage\":\"fi\"},{\"@type\":\"Organization\",\"@id\":\"https:\/\/reviva.fi\/fi\/#organization\",\"name\":\"Reviva\",\"url\":\"https:\/\/reviva.fi\/fi\/\",\"logo\":{\"@type\":\"ImageObject\",\"inLanguage\":\"fi\",\"@id\":\"https:\/\/reviva.fi\/fi\/#\/schema\/logo\/image\/\",\"url\":\"https:\/\/reviva.fi\/wp-content\/uploads\/2023\/10\/reviva-logo2.svg\",\"contentUrl\":\"https:\/\/reviva.fi\/wp-content\/uploads\/2023\/10\/reviva-logo2.svg\",\"caption\":\"Reviva\"},\"image\":{\"@id\":\"https:\/\/reviva.fi\/fi\/#\/schema\/logo\/image\/\"}}]}<\/script>\n<meta property=\"product:price:amount\" content=\"35.25\" \/>\n<meta property=\"product:price:currency\" content=\"EUR\" \/>\n<meta property=\"og:availability\" content=\"instock\" \/>\n<meta property=\"product:availability\" content=\"instock\" \/>\n<meta property=\"product:retailer_item_id\" content=\"8494-60\" \/>\n<meta property=\"product:condition\" content=\"new\" \/>\n<!-- \/ Yoast SEO plugin. -->","yoast_head_json":{"title":"Vegaaninen DHA - Omega 3 - Lamberts - Reviva","description":"Vegaaninen DHA - Omega 3 - Lamberts tukee aivojen, n\u00e4\u00f6n ja syd\u00e4men terveytt\u00e4 korkealaatuisilla DHA:lla levill\u00e4 \u2013 kest\u00e4v\u00e4 vaihtoehto vegaaneille.","robots":{"index":"index","follow":"follow","max-snippet":"max-snippet:-1","max-image-preview":"max-image-preview:large","max-video-preview":"max-video-preview:-1"},"canonical":"https:\/\/reviva.fi\/fi\/tuote\/vegaaninen-dha-omega-3-lamberts\/","og_locale":"fi_FI","og_type":"article","og_title":"Vegaaninen DHA - Omega 3 - Lamberts - Reviva","og_description":"Vegaaninen DHA - Omega 3 - Lamberts tukee aivojen, n\u00e4\u00f6n ja syd\u00e4men terveytt\u00e4 korkealaatuisilla DHA:lla levill\u00e4 \u2013 kest\u00e4v\u00e4 vaihtoehto vegaaneille.","og_url":"https:\/\/reviva.fi\/fi\/tuote\/vegaaninen-dha-omega-3-lamberts\/","og_site_name":"Reviva","article_modified_time":"2025-02-03T11:29:35+00:00","og_image":[{"width":780,"height":780,"url":"https:\/\/reviva.fi\/wp-content\/uploads\/2025\/01\/8494-60-Vegan-DHA.jpg","type":"image\/jpeg"}],"twitter_card":"summary_large_image","schema":{"@context":"https:\/\/schema.org","@graph":[{"@type":"WebPage","@id":"https:\/\/reviva.fi\/fi\/tuote\/vegaaninen-dha-omega-3-lamberts\/","url":"https:\/\/reviva.fi\/fi\/tuote\/vegaaninen-dha-omega-3-lamberts\/","name":"Vegaaninen DHA - Omega 3 - Lamberts - Reviva","isPartOf":{"@id":"https:\/\/reviva.fi\/fi\/#website"},"primaryImageOfPage":{"@id":"https:\/\/reviva.fi\/fi\/tuote\/vegaaninen-dha-omega-3-lamberts\/#primaryimage"},"image":{"@id":"https:\/\/reviva.fi\/fi\/tuote\/vegaaninen-dha-omega-3-lamberts\/#primaryimage"},"thumbnailUrl":"https:\/\/reviva.fi\/wp-content\/uploads\/2025\/01\/8494-60-Vegan-DHA.jpg","datePublished":"2025-01-30T07:36:21+00:00","dateModified":"2025-02-03T11:29:35+00:00","description":"Vegaaninen DHA - Omega 3 - Lamberts tukee aivojen, n\u00e4\u00f6n ja syd\u00e4men terveytt\u00e4 korkealaatuisilla DHA:lla levill\u00e4 \u2013 kest\u00e4v\u00e4 vaihtoehto vegaaneille.","breadcrumb":{"@id":"https:\/\/reviva.fi\/fi\/tuote\/vegaaninen-dha-omega-3-lamberts\/#breadcrumb"},"inLanguage":"fi","potentialAction":[{"@type":"ReadAction","target":["https:\/\/reviva.fi\/fi\/tuote\/vegaaninen-dha-omega-3-lamberts\/"]}]},{"@type":"ImageObject","inLanguage":"fi","@id":"https:\/\/reviva.fi\/fi\/tuote\/vegaaninen-dha-omega-3-lamberts\/#primaryimage","url":"https:\/\/reviva.fi\/wp-content\/uploads\/2025\/01\/8494-60-Vegan-DHA.jpg","contentUrl":"https:\/\/reviva.fi\/wp-content\/uploads\/2025\/01\/8494-60-Vegan-DHA.jpg","width":780,"height":780,"caption":"Vegaaninen DHA - Omega 3 - Lamberts"},{"@type":"BreadcrumbList","@id":"https:\/\/reviva.fi\/fi\/tuote\/vegaaninen-dha-omega-3-lamberts\/#breadcrumb","itemListElement":[{"@type":"ListItem","position":1,"name":"Etusivu","item":"https:\/\/reviva.fi\/fi\/"},{"@type":"ListItem","position":2,"name":"Tuotteet","item":"https:\/\/reviva.fi\/produkter\/"},{"@type":"ListItem","position":3,"name":"Vegaaninen DHA &#8211; Omega 3 &#8211; Lamberts"}]},{"@type":"WebSite","@id":"https:\/\/reviva.fi\/fi\/#website","url":"https:\/\/reviva.fi\/fi\/","name":"Reviva","description":"","publisher":{"@id":"https:\/\/reviva.fi\/fi\/#organization"},"potentialAction":[{"@type":"SearchAction","target":{"@type":"EntryPoint","urlTemplate":"https:\/\/reviva.fi\/fi\/?s={search_term_string}"},"query-input":{"@type":"PropertyValueSpecification","valueRequired":true,"valueName":"search_term_string"}}],"inLanguage":"fi"},{"@type":"Organization","@id":"https:\/\/reviva.fi\/fi\/#organization","name":"Reviva","url":"https:\/\/reviva.fi\/fi\/","logo":{"@type":"ImageObject","inLanguage":"fi","@id":"https:\/\/reviva.fi\/fi\/#\/schema\/logo\/image\/","url":"https:\/\/reviva.fi\/wp-content\/uploads\/2023\/10\/reviva-logo2.svg","contentUrl":"https:\/\/reviva.fi\/wp-content\/uploads\/2023\/10\/reviva-logo2.svg","caption":"Reviva"},"image":{"@id":"https:\/\/reviva.fi\/fi\/#\/schema\/logo\/image\/"}}]},"product_price_amount":"35.25","product_price_currency":"EUR","og_availability":"instock","product_availability":"instock","product_retailer_item_id":"8494-60","product_condition":"new"},"taxonomy_info":{"product_cat":[{"value":91,"label":"Rasvahapot"},{"value":2444,"label":"Lamberts"}],"product_tag":[{"value":4474,"label":"Aivojen terveys"},{"value":4491,"label":"Allergiayst\u00e4v\u00e4llinen"},{"value":412,"label":"antioksidantti"},{"value":4486,"label":"auringonkukan lesitiini"},{"value":4481,"label":"dokosaheksaeenihappo"},{"value":4478,"label":"ei kalamaista j\u00e4lkimakua"},{"value":4402,"label":"GMP standardi"},{"value":4477,"label":"Helppo niell\u00e4"},{"value":4482,"label":"Kalaton"},{"value":4476,"label":"Kasvipohjainen"},{"value":4483,"label":"kest\u00e4v\u00e4st\u00e4 l\u00e4hteest\u00e4"},{"value":4456,"label":"Kognitiivinen toiminto"},{"value":4488,"label":"kontrolloitu viljely"},{"value":4480,"label":"lev\u00e4\u00f6ljy"},{"value":476,"label":"lis\u00e4ravinne"},{"value":4473,"label":"luonnolliset tokoferolit"},{"value":4475,"label":"N\u00e4\u00f6n terveys"},{"value":2952,"label":"Omega-3"},{"value":4485,"label":"pieni\u00e4 kapseleita"},{"value":4487,"label":"rosmariiniuute"},{"value":4490,"label":"Sopii vegaaneille ja kasvissy\u00f6jille"},{"value":4484,"label":"triglyseridimuoto"},{"value":4489,"label":"vapaa saasteista"},{"value":4479,"label":"Vegaaninen DHA"},{"value":2959,"label":"Vitamiini C"}]},"featured_image_src_large":["https:\/\/reviva.fi\/wp-content\/uploads\/2025\/01\/8494-60-Vegan-DHA.jpg",780,780,false],"author_info":[],"comment_info":0,"_links":{"self":[{"href":"https:\/\/reviva.fi\/fi\/wp-json\/wp\/v2\/product\/10916","targetHints":{"allow":["GET"]}}],"collection":[{"href":"https:\/\/reviva.fi\/fi\/wp-json\/wp\/v2\/product"}],"about":[{"href":"https:\/\/reviva.fi\/fi\/wp-json\/wp\/v2\/types\/product"}],"replies":[{"embeddable":true,"href":"https:\/\/reviva.fi\/fi\/wp-json\/wp\/v2\/comments?post=10916"}],"wp:featuredmedia":[{"embeddable":true,"href":"https:\/\/reviva.fi\/fi\/wp-json\/wp\/v2\/media\/10840"}],"wp:attachment":[{"href":"https:\/\/reviva.fi\/fi\/wp-json\/wp\/v2\/media?parent=10916"}],"wp:term":[{"taxonomy":"product_brand","embeddable":true,"href":"https:\/\/reviva.fi\/fi\/wp-json\/wp\/v2\/product_brand?post=10916"},{"taxonomy":"product_cat","embeddable":true,"href":"https:\/\/reviva.fi\/fi\/wp-json\/wp\/v2\/product_cat?post=10916"},{"taxonomy":"product_tag","embeddable":true,"href":"https:\/\/reviva.fi\/fi\/wp-json\/wp\/v2\/product_tag?post=10916"}],"curies":[{"name":"wp","href":"https:\/\/api.w.org\/{rel}","templated":true}]}}