{"id":10925,"date":"2025-01-30T08:49:35","date_gmt":"2025-01-30T06:49:35","guid":{"rendered":"https:\/\/reviva.fi\/product\/vitamin-b-100-complex-lamberts\/"},"modified":"2026-02-05T15:24:14","modified_gmt":"2026-02-05T13:24:14","slug":"vitamin-b-100-complex-lamberts","status":"publish","type":"product","link":"https:\/\/reviva.fi\/fi\/tuote\/vitamin-b-100-complex-lamberts\/","title":{"rendered":"B-100-Vitamiini Kompleksi &#8211; Lamberts"},"content":{"rendered":"<h3 data-start=\"99\" data-end=\"139\"><strong data-start=\"103\" data-end=\"139\">Vitamin B-100 Complex \u2013 Lamberts<\/strong><\/h3>\n<p data-start=\"141\" data-end=\"315\"><strong data-start=\"141\" data-end=\"176\">Lamberts\u00ae Vitamin B-100 Complex<\/strong> on vahva B-vitamiinikompleksi, joka on kehitetty erityisesti tilanteisiin, joissa B-vitamiinien tarve on tilap\u00e4isesti tavallista suurempi.<\/p>\n<p data-start=\"317\" data-end=\"527\">Valmistetta suositellaan ensisijaisesti <strong data-start=\"357\" data-end=\"384\">lyhytaikaiseen k\u00e4ytt\u00f6\u00f6n<\/strong>, yleens\u00e4 enint\u00e4\u00e4n <strong data-start=\"403\" data-end=\"428\">kahden kuukauden ajan<\/strong>. T\u00e4m\u00e4n j\u00e4lkeen <strong data-start=\"444\" data-end=\"462\">B-50-kompleksi<\/strong> riitt\u00e4\u00e4 useimmiten yll\u00e4pit\u00e4m\u00e4\u00e4n riitt\u00e4v\u00e4\u00e4 B-vitamiinien saantia.<\/p>\n<p data-start=\"529\" data-end=\"585\">B-vitamiinit edist\u00e4v\u00e4t useita t\u00e4rkeit\u00e4 kehon toimintoja:<\/p>\n<ul data-start=\"586\" data-end=\"780\">\n<li data-start=\"586\" data-end=\"639\">\n<p data-start=\"588\" data-end=\"639\">tukevat <strong data-start=\"596\" data-end=\"639\">immuunij\u00e4rjestelm\u00e4n normaalia toimintaa<\/strong><\/p>\n<\/li>\n<li data-start=\"640\" data-end=\"688\">\n<p data-start=\"642\" data-end=\"688\">edist\u00e4v\u00e4t <strong data-start=\"652\" data-end=\"688\">normaalia psykologista toimintaa<\/strong><\/p>\n<\/li>\n<li data-start=\"689\" data-end=\"738\">\n<p data-start=\"691\" data-end=\"738\">auttavat <strong data-start=\"700\" data-end=\"738\">v\u00e4hent\u00e4m\u00e4\u00e4n v\u00e4symyst\u00e4 ja uupumusta<\/strong><\/p>\n<\/li>\n<li data-start=\"739\" data-end=\"780\">\n<p data-start=\"741\" data-end=\"780\">edist\u00e4v\u00e4t <strong data-start=\"751\" data-end=\"780\">ihon pysymist\u00e4 normaalina<\/strong><\/p>\n<\/li>\n<\/ul>\n<p data-start=\"782\" data-end=\"951\">\u2714 Eritt\u00e4in vahva koostumus<br data-start=\"808\" data-end=\"811\" \/>\u2714 Vain <strong data-start=\"818\" data-end=\"841\">1 tabletti p\u00e4iv\u00e4ss\u00e4<\/strong><br data-start=\"841\" data-end=\"844\" \/>\u2714 Maistamattomat tabletit<br data-start=\"869\" data-end=\"872\" \/>\u2714 Valmistettu Isossa-Britanniassa tiukkojen <strong data-start=\"916\" data-end=\"940\">GMP-l\u00e4\u00e4kestandardien<\/strong> mukaisesti<\/p>\n","protected":false},"excerpt":{"rendered":"<p data-start=\"50\" data-end=\"148\"><strong data-start=\"50\" data-end=\"79\">Vahva B-vitamiinivalmiste<\/strong> ajanjaksoihin, jolloin B-vitamiinien tarve on tavallista suurempi.<\/p>\n<p data-start=\"155\" data-end=\"179\" data-is-last-node=\"\"><strong data-start=\"155\" data-end=\"179\" data-is-last-node=\"\">60 tai 200 tablettia<\/strong><\/p>\n","protected":false},"featured_media":10824,"comment_status":"closed","ping_status":"closed","template":"","meta":{"_acf_changed":false,"inline_featured_image":false,"_kad_blocks_custom_css":"","_kad_blocks_head_custom_js":"","_kad_blocks_body_custom_js":"","_kad_blocks_footer_custom_js":"","_kadence_starter_templates_imported_post":false,"_kad_post_transparent":"default","_kad_post_title":"","_kad_post_layout":"default","_kad_post_sidebar_id":"","_kad_post_content_style":"default","_kad_post_vertical_padding":"default","_kad_post_feature":"","_kad_post_feature_position":"","_kad_post_header":false,"_kad_post_footer":false},"product_brand":[],"product_cat":[96,525,2444,2357,2376],"product_tag":[4502,4500,3465,4402,4457,4435,4501,3385,444,445,2909,4406,476,2953,4405,3389,4419,4436,4403],"class_list":{"0":"post-10925","1":"product","2":"type-product","3":"status-publish","4":"has-post-thumbnail","6":"product_cat-vitaminer-fi","7":"product_cat-b-vitamin-fi","8":"product_cat-lamberts-fi","9":"product_cat-immunforsvar-fi","10":"product_cat-stressad-och-trott-fi","11":"product_tag-b-100-fi","12":"product_tag-b-vitamiini-kompleksi-fi","13":"product_tag-energiomsattning-fi","14":"product_tag-gmp-standardi","15":"product_tag-henkista-suorituskykya","16":"product_tag-hermoston-toiminta","17":"product_tag-homokysteiinin-aineenvaihdunta","18":"product_tag-hudhalsa-fi","19":"product_tag-immuunijarjestelma","20":"product_tag-inositoli","21":"product_tag-koliini","22":"product_tag-korkea-vahvuuksinen","23":"product_tag-lisaravinne","24":"product_tag-para-aminobentsoehappo","25":"product_tag-ruoansulatuksen-terveys","26":"product_tag-stresshantering-fi","27":"product_tag-sydanterveytta","28":"product_tag-vasymyksen-vahentaminen","29":"product_tag-vegaaniystavallinen","31":"first","32":"instock","33":"taxable","34":"shipping-taxable","35":"purchasable","36":"product-type-variable","37":"entry","38":"content-bg","39":"loop-entry"},"acf":[],"yoast_head":"<!-- This site is optimized with the Yoast SEO plugin v25.8 - https:\/\/yoast.com\/wordpress\/plugins\/seo\/ -->\n<title>B-100-Vitamiini Kompleksi - Lamberts - Reviva<\/title>\n<meta name=\"description\" content=\"B-100-Vitamiini Kompleksi - Lamberts suuriannoksinen B-vitamiinisekoitus, joka tukee energia-aineenvaihduntaa, hermoston toimintaa ja yleist\u00e4 hyvinvointia.\" \/>\n<meta name=\"robots\" content=\"index, follow, max-snippet:-1, max-image-preview:large, max-video-preview:-1\" \/>\n<link rel=\"canonical\" href=\"https:\/\/reviva.fi\/fi\/tuote\/vitamin-b-100-complex-lamberts\/\" \/>\n<meta property=\"og:locale\" content=\"fi_FI\" \/>\n<meta property=\"og:type\" content=\"article\" \/>\n<meta property=\"og:title\" content=\"B-100-Vitamiini Kompleksi - Lamberts - Reviva\" \/>\n<meta property=\"og:description\" content=\"B-100-Vitamiini Kompleksi - Lamberts suuriannoksinen B-vitamiinisekoitus, joka tukee energia-aineenvaihduntaa, hermoston toimintaa ja yleist\u00e4 hyvinvointia.\" \/>\n<meta property=\"og:url\" content=\"https:\/\/reviva.fi\/fi\/tuote\/vitamin-b-100-complex-lamberts\/\" \/>\n<meta property=\"og:site_name\" content=\"Reviva\" \/>\n<meta property=\"article:modified_time\" content=\"2026-02-05T13:24:14+00:00\" \/>\n<meta property=\"og:image\" content=\"https:\/\/reviva.fi\/wp-content\/uploads\/2025\/01\/8032-200-Vitamin-B-100-Complex-200.jpg\" \/>\n\t<meta property=\"og:image:width\" content=\"780\" \/>\n\t<meta property=\"og:image:height\" content=\"780\" \/>\n\t<meta property=\"og:image:type\" content=\"image\/jpeg\" \/>\n<meta name=\"twitter:card\" content=\"summary_large_image\" \/>\n<script type=\"application\/ld+json\" class=\"yoast-schema-graph\">{\"@context\":\"https:\/\/schema.org\",\"@graph\":[{\"@type\":\"WebPage\",\"@id\":\"https:\/\/reviva.fi\/fi\/tuote\/vitamin-b-100-complex-lamberts\/\",\"url\":\"https:\/\/reviva.fi\/fi\/tuote\/vitamin-b-100-complex-lamberts\/\",\"name\":\"B-100-Vitamiini Kompleksi - Lamberts - Reviva\",\"isPartOf\":{\"@id\":\"https:\/\/reviva.fi\/fi\/#website\"},\"primaryImageOfPage\":{\"@id\":\"https:\/\/reviva.fi\/fi\/tuote\/vitamin-b-100-complex-lamberts\/#primaryimage\"},\"image\":{\"@id\":\"https:\/\/reviva.fi\/fi\/tuote\/vitamin-b-100-complex-lamberts\/#primaryimage\"},\"thumbnailUrl\":\"https:\/\/reviva.fi\/wp-content\/uploads\/2025\/01\/8032-200-Vitamin-B-100-Complex-200.jpg\",\"datePublished\":\"2025-01-30T06:49:35+00:00\",\"dateModified\":\"2026-02-05T13:24:14+00:00\",\"description\":\"B-100-Vitamiini Kompleksi - Lamberts suuriannoksinen B-vitamiinisekoitus, joka tukee energia-aineenvaihduntaa, hermoston toimintaa ja yleist\u00e4 hyvinvointia.\",\"breadcrumb\":{\"@id\":\"https:\/\/reviva.fi\/fi\/tuote\/vitamin-b-100-complex-lamberts\/#breadcrumb\"},\"inLanguage\":\"fi\",\"potentialAction\":[{\"@type\":\"ReadAction\",\"target\":[\"https:\/\/reviva.fi\/fi\/tuote\/vitamin-b-100-complex-lamberts\/\"]}]},{\"@type\":\"ImageObject\",\"inLanguage\":\"fi\",\"@id\":\"https:\/\/reviva.fi\/fi\/tuote\/vitamin-b-100-complex-lamberts\/#primaryimage\",\"url\":\"https:\/\/reviva.fi\/wp-content\/uploads\/2025\/01\/8032-200-Vitamin-B-100-Complex-200.jpg\",\"contentUrl\":\"https:\/\/reviva.fi\/wp-content\/uploads\/2025\/01\/8032-200-Vitamin-B-100-Complex-200.jpg\",\"width\":780,\"height\":780,\"caption\":\"B-100-Vitamiini Kompleksi - Lamberts\"},{\"@type\":\"BreadcrumbList\",\"@id\":\"https:\/\/reviva.fi\/fi\/tuote\/vitamin-b-100-complex-lamberts\/#breadcrumb\",\"itemListElement\":[{\"@type\":\"ListItem\",\"position\":1,\"name\":\"Etusivu\",\"item\":\"https:\/\/reviva.fi\/fi\/\"},{\"@type\":\"ListItem\",\"position\":2,\"name\":\"Tuotteet\",\"item\":\"https:\/\/reviva.fi\/produkter\/\"},{\"@type\":\"ListItem\",\"position\":3,\"name\":\"B-100-Vitamiini Kompleksi &#8211; Lamberts\"}]},{\"@type\":\"WebSite\",\"@id\":\"https:\/\/reviva.fi\/fi\/#website\",\"url\":\"https:\/\/reviva.fi\/fi\/\",\"name\":\"Reviva\",\"description\":\"\",\"publisher\":{\"@id\":\"https:\/\/reviva.fi\/fi\/#organization\"},\"potentialAction\":[{\"@type\":\"SearchAction\",\"target\":{\"@type\":\"EntryPoint\",\"urlTemplate\":\"https:\/\/reviva.fi\/fi\/?s={search_term_string}\"},\"query-input\":{\"@type\":\"PropertyValueSpecification\",\"valueRequired\":true,\"valueName\":\"search_term_string\"}}],\"inLanguage\":\"fi\"},{\"@type\":\"Organization\",\"@id\":\"https:\/\/reviva.fi\/fi\/#organization\",\"name\":\"Reviva\",\"url\":\"https:\/\/reviva.fi\/fi\/\",\"logo\":{\"@type\":\"ImageObject\",\"inLanguage\":\"fi\",\"@id\":\"https:\/\/reviva.fi\/fi\/#\/schema\/logo\/image\/\",\"url\":\"https:\/\/reviva.fi\/wp-content\/uploads\/2023\/10\/reviva-logo2.svg\",\"contentUrl\":\"https:\/\/reviva.fi\/wp-content\/uploads\/2023\/10\/reviva-logo2.svg\",\"caption\":\"Reviva\"},\"image\":{\"@id\":\"https:\/\/reviva.fi\/fi\/#\/schema\/logo\/image\/\"}}]}<\/script>\n<meta property=\"og:availability\" content=\"instock\" \/>\n<meta property=\"product:availability\" content=\"instock\" \/>\n<meta property=\"product:condition\" content=\"new\" \/>\n<!-- \/ Yoast SEO plugin. -->","yoast_head_json":{"title":"B-100-Vitamiini Kompleksi - Lamberts - Reviva","description":"B-100-Vitamiini Kompleksi - Lamberts suuriannoksinen B-vitamiinisekoitus, joka tukee energia-aineenvaihduntaa, hermoston toimintaa ja yleist\u00e4 hyvinvointia.","robots":{"index":"index","follow":"follow","max-snippet":"max-snippet:-1","max-image-preview":"max-image-preview:large","max-video-preview":"max-video-preview:-1"},"canonical":"https:\/\/reviva.fi\/fi\/tuote\/vitamin-b-100-complex-lamberts\/","og_locale":"fi_FI","og_type":"article","og_title":"B-100-Vitamiini Kompleksi - Lamberts - Reviva","og_description":"B-100-Vitamiini Kompleksi - Lamberts suuriannoksinen B-vitamiinisekoitus, joka tukee energia-aineenvaihduntaa, hermoston toimintaa ja yleist\u00e4 hyvinvointia.","og_url":"https:\/\/reviva.fi\/fi\/tuote\/vitamin-b-100-complex-lamberts\/","og_site_name":"Reviva","article_modified_time":"2026-02-05T13:24:14+00:00","og_image":[{"width":780,"height":780,"url":"https:\/\/reviva.fi\/wp-content\/uploads\/2025\/01\/8032-200-Vitamin-B-100-Complex-200.jpg","type":"image\/jpeg"}],"twitter_card":"summary_large_image","schema":{"@context":"https:\/\/schema.org","@graph":[{"@type":"WebPage","@id":"https:\/\/reviva.fi\/fi\/tuote\/vitamin-b-100-complex-lamberts\/","url":"https:\/\/reviva.fi\/fi\/tuote\/vitamin-b-100-complex-lamberts\/","name":"B-100-Vitamiini Kompleksi - Lamberts - Reviva","isPartOf":{"@id":"https:\/\/reviva.fi\/fi\/#website"},"primaryImageOfPage":{"@id":"https:\/\/reviva.fi\/fi\/tuote\/vitamin-b-100-complex-lamberts\/#primaryimage"},"image":{"@id":"https:\/\/reviva.fi\/fi\/tuote\/vitamin-b-100-complex-lamberts\/#primaryimage"},"thumbnailUrl":"https:\/\/reviva.fi\/wp-content\/uploads\/2025\/01\/8032-200-Vitamin-B-100-Complex-200.jpg","datePublished":"2025-01-30T06:49:35+00:00","dateModified":"2026-02-05T13:24:14+00:00","description":"B-100-Vitamiini Kompleksi - Lamberts suuriannoksinen B-vitamiinisekoitus, joka tukee energia-aineenvaihduntaa, hermoston toimintaa ja yleist\u00e4 hyvinvointia.","breadcrumb":{"@id":"https:\/\/reviva.fi\/fi\/tuote\/vitamin-b-100-complex-lamberts\/#breadcrumb"},"inLanguage":"fi","potentialAction":[{"@type":"ReadAction","target":["https:\/\/reviva.fi\/fi\/tuote\/vitamin-b-100-complex-lamberts\/"]}]},{"@type":"ImageObject","inLanguage":"fi","@id":"https:\/\/reviva.fi\/fi\/tuote\/vitamin-b-100-complex-lamberts\/#primaryimage","url":"https:\/\/reviva.fi\/wp-content\/uploads\/2025\/01\/8032-200-Vitamin-B-100-Complex-200.jpg","contentUrl":"https:\/\/reviva.fi\/wp-content\/uploads\/2025\/01\/8032-200-Vitamin-B-100-Complex-200.jpg","width":780,"height":780,"caption":"B-100-Vitamiini Kompleksi - Lamberts"},{"@type":"BreadcrumbList","@id":"https:\/\/reviva.fi\/fi\/tuote\/vitamin-b-100-complex-lamberts\/#breadcrumb","itemListElement":[{"@type":"ListItem","position":1,"name":"Etusivu","item":"https:\/\/reviva.fi\/fi\/"},{"@type":"ListItem","position":2,"name":"Tuotteet","item":"https:\/\/reviva.fi\/produkter\/"},{"@type":"ListItem","position":3,"name":"B-100-Vitamiini Kompleksi &#8211; Lamberts"}]},{"@type":"WebSite","@id":"https:\/\/reviva.fi\/fi\/#website","url":"https:\/\/reviva.fi\/fi\/","name":"Reviva","description":"","publisher":{"@id":"https:\/\/reviva.fi\/fi\/#organization"},"potentialAction":[{"@type":"SearchAction","target":{"@type":"EntryPoint","urlTemplate":"https:\/\/reviva.fi\/fi\/?s={search_term_string}"},"query-input":{"@type":"PropertyValueSpecification","valueRequired":true,"valueName":"search_term_string"}}],"inLanguage":"fi"},{"@type":"Organization","@id":"https:\/\/reviva.fi\/fi\/#organization","name":"Reviva","url":"https:\/\/reviva.fi\/fi\/","logo":{"@type":"ImageObject","inLanguage":"fi","@id":"https:\/\/reviva.fi\/fi\/#\/schema\/logo\/image\/","url":"https:\/\/reviva.fi\/wp-content\/uploads\/2023\/10\/reviva-logo2.svg","contentUrl":"https:\/\/reviva.fi\/wp-content\/uploads\/2023\/10\/reviva-logo2.svg","caption":"Reviva"},"image":{"@id":"https:\/\/reviva.fi\/fi\/#\/schema\/logo\/image\/"}}]},"og_availability":"instock","product_availability":"instock","product_condition":"new"},"taxonomy_info":{"product_cat":[{"value":96,"label":"Vitamiinit"},{"value":525,"label":"B-vitamiini"},{"value":2444,"label":"Lamberts"},{"value":2357,"label":"Immuunipuolustus"},{"value":2376,"label":"Stressaantunut &amp; V\u00e4synyt"}],"product_tag":[{"value":4502,"label":"B-100"},{"value":4500,"label":"B-Vitamiini Kompleksi"},{"value":3465,"label":"Energioms\u00e4ttning"},{"value":4402,"label":"GMP standardi"},{"value":4457,"label":"henkist\u00e4 suorituskyky\u00e4"},{"value":4435,"label":"hermoston toiminta"},{"value":4501,"label":"homokysteiinin aineenvaihdunta"},{"value":3385,"label":"Hudh\u00e4lsa"},{"value":444,"label":"immuunij\u00e4rjestelm\u00e4"},{"value":445,"label":"inositoli"},{"value":2909,"label":"Koliini"},{"value":4406,"label":"Korkea vahvuuksinen"},{"value":476,"label":"lis\u00e4ravinne"},{"value":2953,"label":"Para-aminobentsoehappo"},{"value":4405,"label":"Ruoansulatuksen terveys"},{"value":3389,"label":"Stresshantering"},{"value":4419,"label":"Syd\u00e4nterveytt\u00e4"},{"value":4436,"label":"v\u00e4symyksen v\u00e4hent\u00e4minen"},{"value":4403,"label":"vegaaniyst\u00e4v\u00e4llinen"}]},"featured_image_src_large":["https:\/\/reviva.fi\/wp-content\/uploads\/2025\/01\/8032-200-Vitamin-B-100-Complex-200.jpg",780,780,false],"author_info":[],"comment_info":0,"_links":{"self":[{"href":"https:\/\/reviva.fi\/fi\/wp-json\/wp\/v2\/product\/10925","targetHints":{"allow":["GET"]}}],"collection":[{"href":"https:\/\/reviva.fi\/fi\/wp-json\/wp\/v2\/product"}],"about":[{"href":"https:\/\/reviva.fi\/fi\/wp-json\/wp\/v2\/types\/product"}],"replies":[{"embeddable":true,"href":"https:\/\/reviva.fi\/fi\/wp-json\/wp\/v2\/comments?post=10925"}],"wp:featuredmedia":[{"embeddable":true,"href":"https:\/\/reviva.fi\/fi\/wp-json\/wp\/v2\/media\/10824"}],"wp:attachment":[{"href":"https:\/\/reviva.fi\/fi\/wp-json\/wp\/v2\/media?parent=10925"}],"wp:term":[{"taxonomy":"product_brand","embeddable":true,"href":"https:\/\/reviva.fi\/fi\/wp-json\/wp\/v2\/product_brand?post=10925"},{"taxonomy":"product_cat","embeddable":true,"href":"https:\/\/reviva.fi\/fi\/wp-json\/wp\/v2\/product_cat?post=10925"},{"taxonomy":"product_tag","embeddable":true,"href":"https:\/\/reviva.fi\/fi\/wp-json\/wp\/v2\/product_tag?post=10925"}],"curies":[{"name":"wp","href":"https:\/\/api.w.org\/{rel}","templated":true}]}}