{"id":10932,"date":"2025-01-30T08:40:21","date_gmt":"2025-01-30T06:40:21","guid":{"rendered":"https:\/\/reviva.fi\/product\/beta-glucan-complex-lamberts\/"},"modified":"2025-02-03T13:35:23","modified_gmt":"2025-02-03T11:35:23","slug":"beta-glucan-complex-lamberts","status":"publish","type":"product","link":"https:\/\/reviva.fi\/fi\/tuote\/beta-glucan-complex-lamberts\/","title":{"rendered":"Beeta glukaani kompleksi &#8211; Lamberts"},"content":{"rendered":"<p><strong>Beeta glukaani kompleksi &#8211; Lamberts<\/strong><\/p>\n<p>Immuunij\u00e4rjestelm\u00e4 on solujen, kudosten ja elinten verkosto, jotka toimivat yhdess\u00e4 suojellakseen bakteereja ja mikro-organismeja vastaan. Nyky\u00e4\u00e4n t\u00e4m\u00e4n terveydenhuollon ammattilaiset suosittelevat laajalti beeta-glukaaneja 1,3\/1,6, jotka ovat luonnossa esiintyvi\u00e4 polysakkarideja, jotka ovat per\u00e4isin Sacchromyces Cerevisiaen solusein\u00e4st\u00e4. Lamberts\u00ae Beta Glucan Complex on eritt\u00e4in vahva, p\u00e4ivitt\u00e4inen tuote, joka tarjoaa t\u00e4ydet 250 mg 1,3\/1,6 beetaglukaania ja sopii kasvissy\u00f6jille. Olemme my\u00f6s lis\u00e4nneet 25 \u00b5g D3-vitamiinia, 150 mg C-vitamiinia plus, 10 mg sinkki\u00e4 ja 110 \u00b5g seleeni\u00e4, koska kaikki n\u00e4m\u00e4 ravintoaineet tunnetaan roolistaan \u200b\u200bimmuunij\u00e4rjestelm\u00e4n tukemisessa.<\/p>\n","protected":false},"excerpt":{"rendered":"<p>Sis\u00e4lt\u00e4\u00e4 my\u00f6s 25 \u00b5g D3-vitamiinia, 150 mg C-vitamiinia sek\u00e4 10 mg sinkki\u00e4 ja 110 \u00b5g seleeni\u00e4, koska kaikki n\u00e4m\u00e4 ravintoaineet tunnetaan roolistaan \u200b\u200bimmuunij\u00e4rjestelm\u00e4n tukemisessa.<\/p>\n<p><strong>60 Tablettia\u00a0<\/strong><\/p>\n","protected":false},"featured_media":10821,"comment_status":"closed","ping_status":"closed","template":"","meta":{"_acf_changed":false,"inline_featured_image":false,"_kad_blocks_custom_css":"","_kad_blocks_head_custom_js":"","_kad_blocks_body_custom_js":"","_kad_blocks_footer_custom_js":"","_kadence_starter_templates_imported_post":false,"_kad_post_transparent":"default","_kad_post_title":"","_kad_post_layout":"default","_kad_post_sidebar_id":"","_kad_post_content_style":"default","_kad_post_vertical_padding":"default","_kad_post_feature":"","_kad_post_feature_position":"","_kad_post_header":false,"_kad_post_footer":false},"product_brand":[],"product_cat":[5978,2505,2444,2357],"product_tag":[4508,4512,4513,4505,4511,4506,4509,4510,412,4507,3464,3375,4402,4514,444,4503,4504,4406,1495,4515,2919,2962,2959,3184],"class_list":{"0":"post-10932","1":"product","2":"type-product","3":"status-publish","4":"has-post-thumbnail","6":"product_cat-multi-produkter-fi","7":"product_cat-ovriga-kosttillskott-fi","8":"product_cat-lamberts-fi","9":"product_cat-immunforsvar-fi","10":"product_tag-1-fi","11":"product_tag-10-mg-fi","12":"product_tag-110-g-fi","13":"product_tag-150-mg-fi","14":"product_tag-25-g-fi","15":"product_tag-250-mg-fi","16":"product_tag-3-1-fi","17":"product_tag-6-beeta-glukaania","18":"product_tag-antioksidantti","19":"product_tag-beeta-glukaanit","20":"product_tag-cellskydd-fi","21":"product_tag-dagligt-tillskott-fi","22":"product_tag-gmp-standardi","23":"product_tag-hiivauute","24":"product_tag-immuunijarjestelma","25":"product_tag-immuunituki","26":"product_tag-kasvissyoja","27":"product_tag-korkea-vahvuuksinen","28":"product_tag-oksidatiivista-stressia","29":"product_tag-saccharomyces-cerevisiae-fi","30":"product_tag-seleeni","31":"product_tag-sinkki","32":"product_tag-vitamiini-c","33":"product_tag-vitamiini-d3","35":"first","36":"instock","37":"taxable","38":"shipping-taxable","39":"purchasable","40":"product-type-simple","41":"entry","42":"content-bg","43":"loop-entry"},"acf":[],"yoast_head":"<!-- This site is optimized with the Yoast SEO plugin v25.8 - https:\/\/yoast.com\/wordpress\/plugins\/seo\/ -->\n<title>Beeta glukaani kompleksi - Lamberts - Reviva<\/title>\n<meta name=\"description\" content=\"Beeta glukaani kompleksi - Lamberts tukee immuunij\u00e4rjestelm\u00e4\u00e4 ja kehon luonnollisia puolustusmekanismeja. T\u00e4ynn\u00e4 t\u00e4rkeit\u00e4 lis\u00e4ravinteita.\" \/>\n<meta name=\"robots\" content=\"index, follow, max-snippet:-1, max-image-preview:large, max-video-preview:-1\" \/>\n<link rel=\"canonical\" href=\"https:\/\/reviva.fi\/fi\/tuote\/beta-glucan-complex-lamberts\/\" \/>\n<meta property=\"og:locale\" content=\"fi_FI\" \/>\n<meta property=\"og:type\" content=\"article\" \/>\n<meta property=\"og:title\" content=\"Beeta glukaani kompleksi - Lamberts - Reviva\" \/>\n<meta property=\"og:description\" content=\"Beeta glukaani kompleksi - Lamberts tukee immuunij\u00e4rjestelm\u00e4\u00e4 ja kehon luonnollisia puolustusmekanismeja. T\u00e4ynn\u00e4 t\u00e4rkeit\u00e4 lis\u00e4ravinteita.\" \/>\n<meta property=\"og:url\" content=\"https:\/\/reviva.fi\/fi\/tuote\/beta-glucan-complex-lamberts\/\" \/>\n<meta property=\"og:site_name\" content=\"Reviva\" \/>\n<meta property=\"article:modified_time\" content=\"2025-02-03T11:35:23+00:00\" \/>\n<meta property=\"og:image\" content=\"https:\/\/reviva.fi\/wp-content\/uploads\/2025\/01\/8524-60-BetaGlucan-Complex.jpg\" \/>\n\t<meta property=\"og:image:width\" content=\"780\" \/>\n\t<meta property=\"og:image:height\" content=\"780\" \/>\n\t<meta property=\"og:image:type\" content=\"image\/jpeg\" \/>\n<meta name=\"twitter:card\" content=\"summary_large_image\" \/>\n<script type=\"application\/ld+json\" class=\"yoast-schema-graph\">{\"@context\":\"https:\/\/schema.org\",\"@graph\":[{\"@type\":\"WebPage\",\"@id\":\"https:\/\/reviva.fi\/fi\/tuote\/beta-glucan-complex-lamberts\/\",\"url\":\"https:\/\/reviva.fi\/fi\/tuote\/beta-glucan-complex-lamberts\/\",\"name\":\"Beeta glukaani kompleksi - Lamberts - Reviva\",\"isPartOf\":{\"@id\":\"https:\/\/reviva.fi\/fi\/#website\"},\"primaryImageOfPage\":{\"@id\":\"https:\/\/reviva.fi\/fi\/tuote\/beta-glucan-complex-lamberts\/#primaryimage\"},\"image\":{\"@id\":\"https:\/\/reviva.fi\/fi\/tuote\/beta-glucan-complex-lamberts\/#primaryimage\"},\"thumbnailUrl\":\"https:\/\/reviva.fi\/wp-content\/uploads\/2025\/01\/8524-60-BetaGlucan-Complex.jpg\",\"datePublished\":\"2025-01-30T06:40:21+00:00\",\"dateModified\":\"2025-02-03T11:35:23+00:00\",\"description\":\"Beeta glukaani kompleksi - Lamberts tukee immuunij\u00e4rjestelm\u00e4\u00e4 ja kehon luonnollisia puolustusmekanismeja. T\u00e4ynn\u00e4 t\u00e4rkeit\u00e4 lis\u00e4ravinteita.\",\"breadcrumb\":{\"@id\":\"https:\/\/reviva.fi\/fi\/tuote\/beta-glucan-complex-lamberts\/#breadcrumb\"},\"inLanguage\":\"fi\",\"potentialAction\":[{\"@type\":\"ReadAction\",\"target\":[\"https:\/\/reviva.fi\/fi\/tuote\/beta-glucan-complex-lamberts\/\"]}]},{\"@type\":\"ImageObject\",\"inLanguage\":\"fi\",\"@id\":\"https:\/\/reviva.fi\/fi\/tuote\/beta-glucan-complex-lamberts\/#primaryimage\",\"url\":\"https:\/\/reviva.fi\/wp-content\/uploads\/2025\/01\/8524-60-BetaGlucan-Complex.jpg\",\"contentUrl\":\"https:\/\/reviva.fi\/wp-content\/uploads\/2025\/01\/8524-60-BetaGlucan-Complex.jpg\",\"width\":780,\"height\":780,\"caption\":\"Beeta glukaani kompleksi - Lamberts\"},{\"@type\":\"BreadcrumbList\",\"@id\":\"https:\/\/reviva.fi\/fi\/tuote\/beta-glucan-complex-lamberts\/#breadcrumb\",\"itemListElement\":[{\"@type\":\"ListItem\",\"position\":1,\"name\":\"Etusivu\",\"item\":\"https:\/\/reviva.fi\/fi\/\"},{\"@type\":\"ListItem\",\"position\":2,\"name\":\"Tuotteet\",\"item\":\"https:\/\/reviva.fi\/produkter\/\"},{\"@type\":\"ListItem\",\"position\":3,\"name\":\"Beeta glukaani kompleksi &#8211; Lamberts\"}]},{\"@type\":\"WebSite\",\"@id\":\"https:\/\/reviva.fi\/fi\/#website\",\"url\":\"https:\/\/reviva.fi\/fi\/\",\"name\":\"Reviva\",\"description\":\"\",\"publisher\":{\"@id\":\"https:\/\/reviva.fi\/fi\/#organization\"},\"potentialAction\":[{\"@type\":\"SearchAction\",\"target\":{\"@type\":\"EntryPoint\",\"urlTemplate\":\"https:\/\/reviva.fi\/fi\/?s={search_term_string}\"},\"query-input\":{\"@type\":\"PropertyValueSpecification\",\"valueRequired\":true,\"valueName\":\"search_term_string\"}}],\"inLanguage\":\"fi\"},{\"@type\":\"Organization\",\"@id\":\"https:\/\/reviva.fi\/fi\/#organization\",\"name\":\"Reviva\",\"url\":\"https:\/\/reviva.fi\/fi\/\",\"logo\":{\"@type\":\"ImageObject\",\"inLanguage\":\"fi\",\"@id\":\"https:\/\/reviva.fi\/fi\/#\/schema\/logo\/image\/\",\"url\":\"https:\/\/reviva.fi\/wp-content\/uploads\/2023\/10\/reviva-logo2.svg\",\"contentUrl\":\"https:\/\/reviva.fi\/wp-content\/uploads\/2023\/10\/reviva-logo2.svg\",\"caption\":\"Reviva\"},\"image\":{\"@id\":\"https:\/\/reviva.fi\/fi\/#\/schema\/logo\/image\/\"}}]}<\/script>\n<meta property=\"product:price:amount\" content=\"31.40\" \/>\n<meta property=\"product:price:currency\" content=\"EUR\" \/>\n<meta property=\"og:availability\" content=\"instock\" \/>\n<meta property=\"product:availability\" content=\"instock\" \/>\n<meta property=\"product:retailer_item_id\" content=\"8524-60\" \/>\n<meta property=\"product:condition\" content=\"new\" \/>\n<!-- \/ Yoast SEO plugin. -->","yoast_head_json":{"title":"Beeta glukaani kompleksi - Lamberts - Reviva","description":"Beeta glukaani kompleksi - Lamberts tukee immuunij\u00e4rjestelm\u00e4\u00e4 ja kehon luonnollisia puolustusmekanismeja. T\u00e4ynn\u00e4 t\u00e4rkeit\u00e4 lis\u00e4ravinteita.","robots":{"index":"index","follow":"follow","max-snippet":"max-snippet:-1","max-image-preview":"max-image-preview:large","max-video-preview":"max-video-preview:-1"},"canonical":"https:\/\/reviva.fi\/fi\/tuote\/beta-glucan-complex-lamberts\/","og_locale":"fi_FI","og_type":"article","og_title":"Beeta glukaani kompleksi - Lamberts - Reviva","og_description":"Beeta glukaani kompleksi - Lamberts tukee immuunij\u00e4rjestelm\u00e4\u00e4 ja kehon luonnollisia puolustusmekanismeja. T\u00e4ynn\u00e4 t\u00e4rkeit\u00e4 lis\u00e4ravinteita.","og_url":"https:\/\/reviva.fi\/fi\/tuote\/beta-glucan-complex-lamberts\/","og_site_name":"Reviva","article_modified_time":"2025-02-03T11:35:23+00:00","og_image":[{"width":780,"height":780,"url":"https:\/\/reviva.fi\/wp-content\/uploads\/2025\/01\/8524-60-BetaGlucan-Complex.jpg","type":"image\/jpeg"}],"twitter_card":"summary_large_image","schema":{"@context":"https:\/\/schema.org","@graph":[{"@type":"WebPage","@id":"https:\/\/reviva.fi\/fi\/tuote\/beta-glucan-complex-lamberts\/","url":"https:\/\/reviva.fi\/fi\/tuote\/beta-glucan-complex-lamberts\/","name":"Beeta glukaani kompleksi - Lamberts - Reviva","isPartOf":{"@id":"https:\/\/reviva.fi\/fi\/#website"},"primaryImageOfPage":{"@id":"https:\/\/reviva.fi\/fi\/tuote\/beta-glucan-complex-lamberts\/#primaryimage"},"image":{"@id":"https:\/\/reviva.fi\/fi\/tuote\/beta-glucan-complex-lamberts\/#primaryimage"},"thumbnailUrl":"https:\/\/reviva.fi\/wp-content\/uploads\/2025\/01\/8524-60-BetaGlucan-Complex.jpg","datePublished":"2025-01-30T06:40:21+00:00","dateModified":"2025-02-03T11:35:23+00:00","description":"Beeta glukaani kompleksi - Lamberts tukee immuunij\u00e4rjestelm\u00e4\u00e4 ja kehon luonnollisia puolustusmekanismeja. T\u00e4ynn\u00e4 t\u00e4rkeit\u00e4 lis\u00e4ravinteita.","breadcrumb":{"@id":"https:\/\/reviva.fi\/fi\/tuote\/beta-glucan-complex-lamberts\/#breadcrumb"},"inLanguage":"fi","potentialAction":[{"@type":"ReadAction","target":["https:\/\/reviva.fi\/fi\/tuote\/beta-glucan-complex-lamberts\/"]}]},{"@type":"ImageObject","inLanguage":"fi","@id":"https:\/\/reviva.fi\/fi\/tuote\/beta-glucan-complex-lamberts\/#primaryimage","url":"https:\/\/reviva.fi\/wp-content\/uploads\/2025\/01\/8524-60-BetaGlucan-Complex.jpg","contentUrl":"https:\/\/reviva.fi\/wp-content\/uploads\/2025\/01\/8524-60-BetaGlucan-Complex.jpg","width":780,"height":780,"caption":"Beeta glukaani kompleksi - Lamberts"},{"@type":"BreadcrumbList","@id":"https:\/\/reviva.fi\/fi\/tuote\/beta-glucan-complex-lamberts\/#breadcrumb","itemListElement":[{"@type":"ListItem","position":1,"name":"Etusivu","item":"https:\/\/reviva.fi\/fi\/"},{"@type":"ListItem","position":2,"name":"Tuotteet","item":"https:\/\/reviva.fi\/produkter\/"},{"@type":"ListItem","position":3,"name":"Beeta glukaani kompleksi &#8211; Lamberts"}]},{"@type":"WebSite","@id":"https:\/\/reviva.fi\/fi\/#website","url":"https:\/\/reviva.fi\/fi\/","name":"Reviva","description":"","publisher":{"@id":"https:\/\/reviva.fi\/fi\/#organization"},"potentialAction":[{"@type":"SearchAction","target":{"@type":"EntryPoint","urlTemplate":"https:\/\/reviva.fi\/fi\/?s={search_term_string}"},"query-input":{"@type":"PropertyValueSpecification","valueRequired":true,"valueName":"search_term_string"}}],"inLanguage":"fi"},{"@type":"Organization","@id":"https:\/\/reviva.fi\/fi\/#organization","name":"Reviva","url":"https:\/\/reviva.fi\/fi\/","logo":{"@type":"ImageObject","inLanguage":"fi","@id":"https:\/\/reviva.fi\/fi\/#\/schema\/logo\/image\/","url":"https:\/\/reviva.fi\/wp-content\/uploads\/2023\/10\/reviva-logo2.svg","contentUrl":"https:\/\/reviva.fi\/wp-content\/uploads\/2023\/10\/reviva-logo2.svg","caption":"Reviva"},"image":{"@id":"https:\/\/reviva.fi\/fi\/#\/schema\/logo\/image\/"}}]},"product_price_amount":"31.40","product_price_currency":"EUR","og_availability":"instock","product_availability":"instock","product_retailer_item_id":"8524-60","product_condition":"new"},"taxonomy_info":{"product_cat":[{"value":5978,"label":"Multi tuotteet"},{"value":2505,"label":"Muut ravintolis\u00e4t"},{"value":2444,"label":"Lamberts"},{"value":2357,"label":"Immuunipuolustus"}],"product_tag":[{"value":4508,"label":"1"},{"value":4512,"label":"10 mg"},{"value":4513,"label":"110 \u00b5g"},{"value":4505,"label":"150 mg"},{"value":4511,"label":"25 \u00b5g"},{"value":4506,"label":"250 mg"},{"value":4509,"label":"3\/1"},{"value":4510,"label":"6 beeta-glukaania"},{"value":412,"label":"antioksidantti"},{"value":4507,"label":"beeta-glukaanit"},{"value":3464,"label":"Cellskydd"},{"value":3375,"label":"Dagligt tillskott"},{"value":4402,"label":"GMP standardi"},{"value":4514,"label":"hiivauute"},{"value":444,"label":"immuunij\u00e4rjestelm\u00e4"},{"value":4503,"label":"Immuunituki"},{"value":4504,"label":"kasvissy\u00f6j\u00e4"},{"value":4406,"label":"Korkea vahvuuksinen"},{"value":1495,"label":"oksidatiivista stressi\u00e4"},{"value":4515,"label":"Saccharomyces cerevisiae"},{"value":2919,"label":"Seleeni"},{"value":2962,"label":"Sinkki"},{"value":2959,"label":"Vitamiini C"},{"value":3184,"label":"Vitamiini D3"}]},"featured_image_src_large":["https:\/\/reviva.fi\/wp-content\/uploads\/2025\/01\/8524-60-BetaGlucan-Complex.jpg",780,780,false],"author_info":[],"comment_info":0,"_links":{"self":[{"href":"https:\/\/reviva.fi\/fi\/wp-json\/wp\/v2\/product\/10932","targetHints":{"allow":["GET"]}}],"collection":[{"href":"https:\/\/reviva.fi\/fi\/wp-json\/wp\/v2\/product"}],"about":[{"href":"https:\/\/reviva.fi\/fi\/wp-json\/wp\/v2\/types\/product"}],"replies":[{"embeddable":true,"href":"https:\/\/reviva.fi\/fi\/wp-json\/wp\/v2\/comments?post=10932"}],"wp:featuredmedia":[{"embeddable":true,"href":"https:\/\/reviva.fi\/fi\/wp-json\/wp\/v2\/media\/10821"}],"wp:attachment":[{"href":"https:\/\/reviva.fi\/fi\/wp-json\/wp\/v2\/media?parent=10932"}],"wp:term":[{"taxonomy":"product_brand","embeddable":true,"href":"https:\/\/reviva.fi\/fi\/wp-json\/wp\/v2\/product_brand?post=10932"},{"taxonomy":"product_cat","embeddable":true,"href":"https:\/\/reviva.fi\/fi\/wp-json\/wp\/v2\/product_cat?post=10932"},{"taxonomy":"product_tag","embeddable":true,"href":"https:\/\/reviva.fi\/fi\/wp-json\/wp\/v2\/product_tag?post=10932"}],"curies":[{"name":"wp","href":"https:\/\/api.w.org\/{rel}","templated":true}]}}