{"id":10934,"date":"2025-01-30T08:28:47","date_gmt":"2025-01-30T06:28:47","guid":{"rendered":"https:\/\/reviva.fi\/?post_type=product&#038;p=10934"},"modified":"2025-02-03T13:37:37","modified_gmt":"2025-02-03T11:37:37","slug":"tranbar-komplex-lamberts","status":"publish","type":"product","link":"https:\/\/reviva.fi\/fi\/tuote\/tranbar-komplex-lamberts\/","title":{"rendered":"Karpalo Kompleksi &#8211; Lamberts"},"content":{"rendered":"<p><strong>Karpalo Kompleksi &#8211; Lamberts<\/strong><\/p>\n<p>Useat kliiniset tutkimukset ovat osoittaneet, ett\u00e4 karpalot ovat hy\u00f6dyllisi\u00e4 auttaessaan elimist\u00f6\u00e4 voittamaan virtsatietulehduksia, joita aiheuttavat bakteerit, jotka kiinnittyv\u00e4t virtsarakon limakalvoon. Todisteet viittaavat siihen, ett\u00e4 tietyt karpaloiden aineosat voivat h\u00e4irit\u00e4 t\u00e4t\u00e4 tarttumista, mik\u00e4 auttaa kehoa taistelemaan infektioita vastaan \u200b\u200bja v\u00e4hent\u00e4\u00e4 my\u00f6s tartunnan todenn\u00e4k\u00f6isyytt\u00e4.<\/p>\n<p>Karpalomehu on kuitenkin maultaan eritt\u00e4in ter\u00e4v\u00e4, ja siksi monet kaupalliset karpalojuomat ovat t\u00e4ynn\u00e4 sokeria ja runsaasti kaloreita.<\/p>\n<p>Lamberts\u00ae Cranberry Complex on valmistettu tuoreista kypsist\u00e4 karpaloista, jotka ensin pest\u00e4\u00e4n ja niist\u00e4 poistetaan ei-toivotut aineet. Mehu kuivataan sitten alhaisessa l\u00e4mp\u00f6tilassa, sitten paineessa ja sumutuskuivataan, jolloin saadaan v\u00e4h\u00e4n sokeria sis\u00e4lt\u00e4v\u00e4 tiiviste. T\u00e4m\u00e4 varmistaa, ett\u00e4 karpalon ainutlaatuiset ominaisuudet voivat nauttia v\u00e4h\u00e4sokerista ruokavaliota noudattaville. Vain 1 gramman tiivisteemme valmistukseen k\u00e4ytet\u00e4\u00e4n noin 47 grammaa karpaloita. T\u00e4m\u00e4n seurauksena vain yksi teelusikallinen tiivistetty\u00e4 karpalojauhettamme vastaa jopa 12 tyypillist\u00e4 karpalotablettia, joita myyd\u00e4\u00e4n monissa p\u00e4\u00e4katukaupoissa.<\/p>\n<p>Lamberts\u00ae Cranberry Complex sis\u00e4lt\u00e4\u00e4 my\u00f6s hy\u00f6dyllisi\u00e4 m\u00e4\u00e4ri\u00e4 liukoista kuitua nimelt\u00e4 frukto-oligosakkaridi (FOS), makeaa, helposti liukenevaa ainetta, joka on uutettu juurisikurin juuresta. FOS toimii prebioottina, mik\u00e4 tarkoittaa, ett\u00e4 se edist\u00e4\u00e4 yst\u00e4v\u00e4llisten bakteerien kasvua, mik\u00e4 auttaa tukahduttamaan patogeenisi\u00e4, haitallisia bakteereja.<\/p>\n","protected":false},"excerpt":{"rendered":"<p>Vahva karpalo, jossa on C-vitamiinia ja prebioottista liukoista kuitua.<\/p>\n<p><strong>100 g\u00a0<\/strong><\/p>\n","protected":false},"featured_media":10818,"comment_status":"closed","ping_status":"closed","template":"","meta":{"_acf_changed":false,"inline_featured_image":false,"_kad_blocks_custom_css":"","_kad_blocks_head_custom_js":"","_kad_blocks_body_custom_js":"","_kad_blocks_footer_custom_js":"","_kadence_starter_templates_imported_post":false,"_kad_post_transparent":"default","_kad_post_title":"","_kad_post_layout":"default","_kad_post_sidebar_id":"","_kad_post_content_style":"default","_kad_post_vertical_padding":"default","_kad_post_feature":"","_kad_post_feature_position":"","_kad_post_header":false,"_kad_post_footer":false},"product_brand":[],"product_cat":[141,2444,2357,2366],"product_tag":[4519,4520,4525,3375,4524,4522,4529,4517,4518,4406,4521,4530,4516,4528,4527,4526,4523,2959],"class_list":{"0":"post-10934","1":"product","2":"type-product","3":"status-publish","4":"has-post-thumbnail","6":"product_cat-orter-fi","7":"product_cat-lamberts-fi","8":"product_cat-immunforsvar-fi","9":"product_cat-lever-och-njurar-fi","10":"product_tag-47-grammaa-karpaloita-per-teelusikallinen","11":"product_tag-60-mg-fi","12":"product_tag-alhainen-sokeripitoisuus","13":"product_tag-dagligt-tillskott-fi","14":"product_tag-estaa-virtsatietulehduksia","15":"product_tag-frukto-oligosakkaridit-fos","16":"product_tag-helposti-liukeneva-jauhe","17":"product_tag-karpalokompleksi","18":"product_tag-karpalouute","19":"product_tag-korkea-vahvuuksinen","20":"product_tag-prebioottinen-liukoinen-kuitu","21":"product_tag-sekoitettuna-veteen-tai-mehuun","22":"product_tag-sokeriton","23":"product_tag-sopii-kasvissyojille","24":"product_tag-sopii-vegaaneille","25":"product_tag-vahakalorinen","26":"product_tag-virtsateiden-terveytta","27":"product_tag-vitamiini-c","29":"first","30":"instock","31":"taxable","32":"shipping-taxable","33":"purchasable","34":"product-type-simple","35":"entry","36":"content-bg","37":"loop-entry"},"acf":[],"yoast_head":"<!-- This site is optimized with the Yoast SEO plugin v25.8 - https:\/\/yoast.com\/wordpress\/plugins\/seo\/ -->\n<title>Karpalo Kompleksi - Lamberts - Reviva<\/title>\n<meta name=\"description\" content=\"Karpalo Kompleksi - Lamberts tukee virtsateiden terveytt\u00e4 ja auttaa ehk\u00e4isem\u00e4\u00e4n infektioita. Luonnollinen tapa tukea virtsateiden hyvinvointia.\" \/>\n<meta name=\"robots\" content=\"index, follow, max-snippet:-1, max-image-preview:large, max-video-preview:-1\" \/>\n<link rel=\"canonical\" href=\"https:\/\/reviva.fi\/fi\/tuote\/tranbar-komplex-lamberts\/\" \/>\n<meta property=\"og:locale\" content=\"fi_FI\" \/>\n<meta property=\"og:type\" content=\"article\" \/>\n<meta property=\"og:title\" content=\"Karpalo Kompleksi - Lamberts - Reviva\" \/>\n<meta property=\"og:description\" content=\"Karpalo Kompleksi - Lamberts tukee virtsateiden terveytt\u00e4 ja auttaa ehk\u00e4isem\u00e4\u00e4n infektioita. Luonnollinen tapa tukea virtsateiden hyvinvointia.\" \/>\n<meta property=\"og:url\" content=\"https:\/\/reviva.fi\/fi\/tuote\/tranbar-komplex-lamberts\/\" \/>\n<meta property=\"og:site_name\" content=\"Reviva\" \/>\n<meta property=\"article:modified_time\" content=\"2025-02-03T11:37:37+00:00\" \/>\n<meta property=\"og:image\" content=\"https:\/\/reviva.fi\/wp-content\/uploads\/2025\/01\/8556-100-Cranberry.jpg\" \/>\n\t<meta property=\"og:image:width\" content=\"780\" \/>\n\t<meta property=\"og:image:height\" content=\"780\" \/>\n\t<meta property=\"og:image:type\" content=\"image\/jpeg\" \/>\n<meta name=\"twitter:card\" content=\"summary_large_image\" \/>\n<script type=\"application\/ld+json\" class=\"yoast-schema-graph\">{\"@context\":\"https:\/\/schema.org\",\"@graph\":[{\"@type\":\"WebPage\",\"@id\":\"https:\/\/reviva.fi\/fi\/tuote\/tranbar-komplex-lamberts\/\",\"url\":\"https:\/\/reviva.fi\/fi\/tuote\/tranbar-komplex-lamberts\/\",\"name\":\"Karpalo Kompleksi - Lamberts - Reviva\",\"isPartOf\":{\"@id\":\"https:\/\/reviva.fi\/fi\/#website\"},\"primaryImageOfPage\":{\"@id\":\"https:\/\/reviva.fi\/fi\/tuote\/tranbar-komplex-lamberts\/#primaryimage\"},\"image\":{\"@id\":\"https:\/\/reviva.fi\/fi\/tuote\/tranbar-komplex-lamberts\/#primaryimage\"},\"thumbnailUrl\":\"https:\/\/reviva.fi\/wp-content\/uploads\/2025\/01\/8556-100-Cranberry.jpg\",\"datePublished\":\"2025-01-30T06:28:47+00:00\",\"dateModified\":\"2025-02-03T11:37:37+00:00\",\"description\":\"Karpalo Kompleksi - Lamberts tukee virtsateiden terveytt\u00e4 ja auttaa ehk\u00e4isem\u00e4\u00e4n infektioita. Luonnollinen tapa tukea virtsateiden hyvinvointia.\",\"breadcrumb\":{\"@id\":\"https:\/\/reviva.fi\/fi\/tuote\/tranbar-komplex-lamberts\/#breadcrumb\"},\"inLanguage\":\"fi\",\"potentialAction\":[{\"@type\":\"ReadAction\",\"target\":[\"https:\/\/reviva.fi\/fi\/tuote\/tranbar-komplex-lamberts\/\"]}]},{\"@type\":\"ImageObject\",\"inLanguage\":\"fi\",\"@id\":\"https:\/\/reviva.fi\/fi\/tuote\/tranbar-komplex-lamberts\/#primaryimage\",\"url\":\"https:\/\/reviva.fi\/wp-content\/uploads\/2025\/01\/8556-100-Cranberry.jpg\",\"contentUrl\":\"https:\/\/reviva.fi\/wp-content\/uploads\/2025\/01\/8556-100-Cranberry.jpg\",\"width\":780,\"height\":780,\"caption\":\"Tranb\u00e4r Komplex - Lamberts\"},{\"@type\":\"BreadcrumbList\",\"@id\":\"https:\/\/reviva.fi\/fi\/tuote\/tranbar-komplex-lamberts\/#breadcrumb\",\"itemListElement\":[{\"@type\":\"ListItem\",\"position\":1,\"name\":\"Etusivu\",\"item\":\"https:\/\/reviva.fi\/fi\/\"},{\"@type\":\"ListItem\",\"position\":2,\"name\":\"Tuotteet\",\"item\":\"https:\/\/reviva.fi\/produkter\/\"},{\"@type\":\"ListItem\",\"position\":3,\"name\":\"Karpalo Kompleksi &#8211; Lamberts\"}]},{\"@type\":\"WebSite\",\"@id\":\"https:\/\/reviva.fi\/fi\/#website\",\"url\":\"https:\/\/reviva.fi\/fi\/\",\"name\":\"Reviva\",\"description\":\"\",\"publisher\":{\"@id\":\"https:\/\/reviva.fi\/fi\/#organization\"},\"potentialAction\":[{\"@type\":\"SearchAction\",\"target\":{\"@type\":\"EntryPoint\",\"urlTemplate\":\"https:\/\/reviva.fi\/fi\/?s={search_term_string}\"},\"query-input\":{\"@type\":\"PropertyValueSpecification\",\"valueRequired\":true,\"valueName\":\"search_term_string\"}}],\"inLanguage\":\"fi\"},{\"@type\":\"Organization\",\"@id\":\"https:\/\/reviva.fi\/fi\/#organization\",\"name\":\"Reviva\",\"url\":\"https:\/\/reviva.fi\/fi\/\",\"logo\":{\"@type\":\"ImageObject\",\"inLanguage\":\"fi\",\"@id\":\"https:\/\/reviva.fi\/fi\/#\/schema\/logo\/image\/\",\"url\":\"https:\/\/reviva.fi\/wp-content\/uploads\/2023\/10\/reviva-logo2.svg\",\"contentUrl\":\"https:\/\/reviva.fi\/wp-content\/uploads\/2023\/10\/reviva-logo2.svg\",\"caption\":\"Reviva\"},\"image\":{\"@id\":\"https:\/\/reviva.fi\/fi\/#\/schema\/logo\/image\/\"}}]}<\/script>\n<meta property=\"product:price:amount\" content=\"26.25\" \/>\n<meta property=\"product:price:currency\" content=\"EUR\" \/>\n<meta property=\"og:availability\" content=\"instock\" \/>\n<meta property=\"product:availability\" content=\"instock\" \/>\n<meta property=\"product:retailer_item_id\" content=\"8556-100\" \/>\n<meta property=\"product:condition\" content=\"new\" \/>\n<!-- \/ Yoast SEO plugin. -->","yoast_head_json":{"title":"Karpalo Kompleksi - Lamberts - Reviva","description":"Karpalo Kompleksi - Lamberts tukee virtsateiden terveytt\u00e4 ja auttaa ehk\u00e4isem\u00e4\u00e4n infektioita. Luonnollinen tapa tukea virtsateiden hyvinvointia.","robots":{"index":"index","follow":"follow","max-snippet":"max-snippet:-1","max-image-preview":"max-image-preview:large","max-video-preview":"max-video-preview:-1"},"canonical":"https:\/\/reviva.fi\/fi\/tuote\/tranbar-komplex-lamberts\/","og_locale":"fi_FI","og_type":"article","og_title":"Karpalo Kompleksi - Lamberts - Reviva","og_description":"Karpalo Kompleksi - Lamberts tukee virtsateiden terveytt\u00e4 ja auttaa ehk\u00e4isem\u00e4\u00e4n infektioita. Luonnollinen tapa tukea virtsateiden hyvinvointia.","og_url":"https:\/\/reviva.fi\/fi\/tuote\/tranbar-komplex-lamberts\/","og_site_name":"Reviva","article_modified_time":"2025-02-03T11:37:37+00:00","og_image":[{"width":780,"height":780,"url":"https:\/\/reviva.fi\/wp-content\/uploads\/2025\/01\/8556-100-Cranberry.jpg","type":"image\/jpeg"}],"twitter_card":"summary_large_image","schema":{"@context":"https:\/\/schema.org","@graph":[{"@type":"WebPage","@id":"https:\/\/reviva.fi\/fi\/tuote\/tranbar-komplex-lamberts\/","url":"https:\/\/reviva.fi\/fi\/tuote\/tranbar-komplex-lamberts\/","name":"Karpalo Kompleksi - Lamberts - Reviva","isPartOf":{"@id":"https:\/\/reviva.fi\/fi\/#website"},"primaryImageOfPage":{"@id":"https:\/\/reviva.fi\/fi\/tuote\/tranbar-komplex-lamberts\/#primaryimage"},"image":{"@id":"https:\/\/reviva.fi\/fi\/tuote\/tranbar-komplex-lamberts\/#primaryimage"},"thumbnailUrl":"https:\/\/reviva.fi\/wp-content\/uploads\/2025\/01\/8556-100-Cranberry.jpg","datePublished":"2025-01-30T06:28:47+00:00","dateModified":"2025-02-03T11:37:37+00:00","description":"Karpalo Kompleksi - Lamberts tukee virtsateiden terveytt\u00e4 ja auttaa ehk\u00e4isem\u00e4\u00e4n infektioita. Luonnollinen tapa tukea virtsateiden hyvinvointia.","breadcrumb":{"@id":"https:\/\/reviva.fi\/fi\/tuote\/tranbar-komplex-lamberts\/#breadcrumb"},"inLanguage":"fi","potentialAction":[{"@type":"ReadAction","target":["https:\/\/reviva.fi\/fi\/tuote\/tranbar-komplex-lamberts\/"]}]},{"@type":"ImageObject","inLanguage":"fi","@id":"https:\/\/reviva.fi\/fi\/tuote\/tranbar-komplex-lamberts\/#primaryimage","url":"https:\/\/reviva.fi\/wp-content\/uploads\/2025\/01\/8556-100-Cranberry.jpg","contentUrl":"https:\/\/reviva.fi\/wp-content\/uploads\/2025\/01\/8556-100-Cranberry.jpg","width":780,"height":780,"caption":"Tranb\u00e4r Komplex - Lamberts"},{"@type":"BreadcrumbList","@id":"https:\/\/reviva.fi\/fi\/tuote\/tranbar-komplex-lamberts\/#breadcrumb","itemListElement":[{"@type":"ListItem","position":1,"name":"Etusivu","item":"https:\/\/reviva.fi\/fi\/"},{"@type":"ListItem","position":2,"name":"Tuotteet","item":"https:\/\/reviva.fi\/produkter\/"},{"@type":"ListItem","position":3,"name":"Karpalo Kompleksi &#8211; Lamberts"}]},{"@type":"WebSite","@id":"https:\/\/reviva.fi\/fi\/#website","url":"https:\/\/reviva.fi\/fi\/","name":"Reviva","description":"","publisher":{"@id":"https:\/\/reviva.fi\/fi\/#organization"},"potentialAction":[{"@type":"SearchAction","target":{"@type":"EntryPoint","urlTemplate":"https:\/\/reviva.fi\/fi\/?s={search_term_string}"},"query-input":{"@type":"PropertyValueSpecification","valueRequired":true,"valueName":"search_term_string"}}],"inLanguage":"fi"},{"@type":"Organization","@id":"https:\/\/reviva.fi\/fi\/#organization","name":"Reviva","url":"https:\/\/reviva.fi\/fi\/","logo":{"@type":"ImageObject","inLanguage":"fi","@id":"https:\/\/reviva.fi\/fi\/#\/schema\/logo\/image\/","url":"https:\/\/reviva.fi\/wp-content\/uploads\/2023\/10\/reviva-logo2.svg","contentUrl":"https:\/\/reviva.fi\/wp-content\/uploads\/2023\/10\/reviva-logo2.svg","caption":"Reviva"},"image":{"@id":"https:\/\/reviva.fi\/fi\/#\/schema\/logo\/image\/"}}]},"product_price_amount":"26.25","product_price_currency":"EUR","og_availability":"instock","product_availability":"instock","product_retailer_item_id":"8556-100","product_condition":"new"},"taxonomy_info":{"product_cat":[{"value":141,"label":"Yrtit"},{"value":2444,"label":"Lamberts"},{"value":2357,"label":"Immuunipuolustus"},{"value":2366,"label":"Maksa &amp; Munuaiset"}],"product_tag":[{"value":4519,"label":"47 grammaa karpaloita per teelusikallinen"},{"value":4520,"label":"60 mg"},{"value":4525,"label":"alhainen sokeripitoisuus"},{"value":3375,"label":"Dagligt tillskott"},{"value":4524,"label":"est\u00e4\u00e4 virtsatietulehduksia"},{"value":4522,"label":"frukto-oligosakkaridit (FOS)"},{"value":4529,"label":"helposti liukeneva jauhe"},{"value":4517,"label":"karpalokompleksi"},{"value":4518,"label":"karpalouute"},{"value":4406,"label":"Korkea vahvuuksinen"},{"value":4521,"label":"prebioottinen liukoinen kuitu"},{"value":4530,"label":"sekoitettuna veteen tai mehuun"},{"value":4516,"label":"Sokeriton"},{"value":4528,"label":"Sopii kasvissy\u00f6jille"},{"value":4527,"label":"Sopii vegaaneille"},{"value":4526,"label":"v\u00e4h\u00e4kalorinen"},{"value":4523,"label":"virtsateiden terveytt\u00e4"},{"value":2959,"label":"Vitamiini C"}]},"featured_image_src_large":["https:\/\/reviva.fi\/wp-content\/uploads\/2025\/01\/8556-100-Cranberry.jpg",780,780,false],"author_info":[],"comment_info":0,"_links":{"self":[{"href":"https:\/\/reviva.fi\/fi\/wp-json\/wp\/v2\/product\/10934","targetHints":{"allow":["GET"]}}],"collection":[{"href":"https:\/\/reviva.fi\/fi\/wp-json\/wp\/v2\/product"}],"about":[{"href":"https:\/\/reviva.fi\/fi\/wp-json\/wp\/v2\/types\/product"}],"replies":[{"embeddable":true,"href":"https:\/\/reviva.fi\/fi\/wp-json\/wp\/v2\/comments?post=10934"}],"wp:featuredmedia":[{"embeddable":true,"href":"https:\/\/reviva.fi\/fi\/wp-json\/wp\/v2\/media\/10818"}],"wp:attachment":[{"href":"https:\/\/reviva.fi\/fi\/wp-json\/wp\/v2\/media?parent=10934"}],"wp:term":[{"taxonomy":"product_brand","embeddable":true,"href":"https:\/\/reviva.fi\/fi\/wp-json\/wp\/v2\/product_brand?post=10934"},{"taxonomy":"product_cat","embeddable":true,"href":"https:\/\/reviva.fi\/fi\/wp-json\/wp\/v2\/product_cat?post=10934"},{"taxonomy":"product_tag","embeddable":true,"href":"https:\/\/reviva.fi\/fi\/wp-json\/wp\/v2\/product_tag?post=10934"}],"curies":[{"name":"wp","href":"https:\/\/api.w.org\/{rel}","templated":true}]}}