{"id":10940,"date":"2025-01-29T17:23:12","date_gmt":"2025-01-29T15:23:12","guid":{"rendered":"https:\/\/reviva.fi\/product\/koreansk-ginseng-1200mg-lamberts\/"},"modified":"2025-02-03T13:39:38","modified_gmt":"2025-02-03T11:39:38","slug":"koreansk-ginseng-1200mg-lamberts","status":"publish","type":"product","link":"https:\/\/reviva.fi\/fi\/tuote\/koreansk-ginseng-1200mg-lamberts\/","title":{"rendered":"KOREANSK GINSENG &#8211; Lamberts"},"content":{"rendered":"<p class=\"page-title\"><strong>KOREANSK GINSENG &#8211; Lamberts<\/strong><\/p>\n<p>Vaikuttava aine on Panax Ginseng -juuren uute, nimelt\u00e4\u00e4n G115. T\u00e4m\u00e4n uutteen valmistuksessa k\u00e4ytet\u00e4\u00e4n Etel\u00e4-Koreassa kasvatettua ginseng-juurta. Sadonkorjuu tapahtuu, kun juuri on kasvanut noin 5-6 vuotta. Juuri muistuttaa ulkon\u00e4\u00f6lt\u00e4\u00e4n pitk\u00e4nomaista ihmisruumista. Nimi Panax tulee kreikan sanasta ihmel\u00e4\u00e4ke ja tarkoittaa suunnilleen &#8221;parantaa kaiken&#8221;.<\/p>\n<p>Lambert&#8217;s Korean Ginseng sis\u00e4lt\u00e4\u00e4 eritt\u00e4in tiivistetty\u00e4 Panax ginseng -uutetta, joka on standardoitu tarjoamaan korkean tason aktiivisia ginsenosideja. Ginseng on perinteisesti k\u00e4ytetty adaptogeeni, joka lis\u00e4\u00e4 energiaa, henkist\u00e4 ter\u00e4vyytt\u00e4 ja kest\u00e4vyytt\u00e4. T\u00e4ydellinen niille, jotka haluavat tukea kehon vastustuskyky\u00e4 stressi\u00e4 ja v\u00e4symyst\u00e4 vastaan.<\/p>\n<p>\u2714 Tukee energiaa ja fyysist\u00e4 kest\u00e4vyytt\u00e4<br \/>\n\u2714 Edist\u00e4\u00e4 henkist\u00e4 keskittymist\u00e4 ja suorituskyky\u00e4<br \/>\n\u2714 Perinteinen yrtti, jolla on adaptogeenisi\u00e4 ominaisuuksia<br \/>\n\u2714 Eritt\u00e4in tiivistetty uute ginsenosideilla<\/p>\n","protected":false},"excerpt":{"rendered":"<p>Lambert&#8217;s Korean Ginseng on ginsenoside-uutteen ravintolis\u00e4. Korealaista ginsengi\u00e4 kutsutaan my\u00f6s aasialaiseksi tai panax-ginsengiksi.<\/p>\n<p><strong>60 tablettia\u00a0<\/strong><\/p>\n","protected":false},"featured_media":10811,"comment_status":"closed","ping_status":"closed","template":"","meta":{"_acf_changed":false,"inline_featured_image":false,"_kad_blocks_custom_css":"","_kad_blocks_head_custom_js":"","_kad_blocks_body_custom_js":"","_kad_blocks_footer_custom_js":"","_kadence_starter_templates_imported_post":false,"_kad_post_transparent":"default","_kad_post_title":"","_kad_post_layout":"default","_kad_post_sidebar_id":"","_kad_post_content_style":"default","_kad_post_vertical_padding":"default","_kad_post_feature":"","_kad_post_feature_position":"","_kad_post_header":false,"_kad_post_footer":false},"product_brand":[],"product_cat":[141,2444,2376,2375],"product_tag":[4546,1115,412,1235,4547,4402,444,1614,4456,4544,4406,476,3454,4545,4423,3389,4468],"class_list":{"0":"post-10940","1":"product","2":"type-product","3":"status-publish","4":"has-post-thumbnail","6":"product_cat-orter-fi","7":"product_cat-lamberts-fi","8":"product_cat-stressad-och-trott-fi","9":"product_cat-traning-fi","10":"product_tag-1200-mg-fi","11":"product_tag-adaptogeeni","12":"product_tag-antioksidantti","13":"product_tag-energia","14":"product_tag-ginsenosideja-24-mg","15":"product_tag-gmp-standardi","16":"product_tag-immuunijarjestelma","17":"product_tag-kestavyytta","18":"product_tag-kognitiivinen-toiminto","19":"product_tag-korean-ginseng","20":"product_tag-korkea-vahvuuksinen","21":"product_tag-lisaravinne","22":"product_tag-mental-klarhet-fi","23":"product_tag-panax-ginseng-fi","24":"product_tag-standardoitu-uute","25":"product_tag-stresshantering-fi","26":"product_tag-vegaaninen","28":"first","29":"instock","30":"taxable","31":"shipping-taxable","32":"purchasable","33":"product-type-simple","34":"entry","35":"content-bg","36":"loop-entry"},"acf":[],"yoast_head":"<!-- This site is optimized with the Yoast SEO plugin v25.8 - https:\/\/yoast.com\/wordpress\/plugins\/seo\/ -->\n<title>KOREANSK GINSENG - Lamberts - Reviva<\/title>\n<meta name=\"description\" content=\"KOREANSK GINSENG - Lamberts T\u00e4ydellinen niille, jotka haluavat tukea kehon vastustuskyky\u00e4 stressi\u00e4 sek\u00e4 v\u00e4symyst\u00e4 vastaan.\" \/>\n<meta name=\"robots\" content=\"index, follow, max-snippet:-1, max-image-preview:large, max-video-preview:-1\" \/>\n<link rel=\"canonical\" href=\"https:\/\/reviva.fi\/fi\/tuote\/koreansk-ginseng-1200mg-lamberts\/\" \/>\n<meta property=\"og:locale\" content=\"fi_FI\" \/>\n<meta property=\"og:type\" content=\"article\" \/>\n<meta property=\"og:title\" content=\"KOREANSK GINSENG - Lamberts - Reviva\" \/>\n<meta property=\"og:description\" content=\"KOREANSK GINSENG - Lamberts T\u00e4ydellinen niille, jotka haluavat tukea kehon vastustuskyky\u00e4 stressi\u00e4 sek\u00e4 v\u00e4symyst\u00e4 vastaan.\" \/>\n<meta property=\"og:url\" content=\"https:\/\/reviva.fi\/fi\/tuote\/koreansk-ginseng-1200mg-lamberts\/\" \/>\n<meta property=\"og:site_name\" content=\"Reviva\" \/>\n<meta property=\"article:modified_time\" content=\"2025-02-03T11:39:38+00:00\" \/>\n<meta property=\"og:image\" content=\"https:\/\/reviva.fi\/wp-content\/uploads\/2025\/01\/8555-60-Korean-Ginseng-1200-mg.jpg\" \/>\n\t<meta property=\"og:image:width\" content=\"780\" \/>\n\t<meta property=\"og:image:height\" content=\"780\" \/>\n\t<meta property=\"og:image:type\" content=\"image\/jpeg\" \/>\n<meta name=\"twitter:card\" content=\"summary_large_image\" \/>\n<script type=\"application\/ld+json\" class=\"yoast-schema-graph\">{\"@context\":\"https:\/\/schema.org\",\"@graph\":[{\"@type\":\"WebPage\",\"@id\":\"https:\/\/reviva.fi\/fi\/tuote\/koreansk-ginseng-1200mg-lamberts\/\",\"url\":\"https:\/\/reviva.fi\/fi\/tuote\/koreansk-ginseng-1200mg-lamberts\/\",\"name\":\"KOREANSK GINSENG - Lamberts - Reviva\",\"isPartOf\":{\"@id\":\"https:\/\/reviva.fi\/fi\/#website\"},\"primaryImageOfPage\":{\"@id\":\"https:\/\/reviva.fi\/fi\/tuote\/koreansk-ginseng-1200mg-lamberts\/#primaryimage\"},\"image\":{\"@id\":\"https:\/\/reviva.fi\/fi\/tuote\/koreansk-ginseng-1200mg-lamberts\/#primaryimage\"},\"thumbnailUrl\":\"https:\/\/reviva.fi\/wp-content\/uploads\/2025\/01\/8555-60-Korean-Ginseng-1200-mg.jpg\",\"datePublished\":\"2025-01-29T15:23:12+00:00\",\"dateModified\":\"2025-02-03T11:39:38+00:00\",\"description\":\"KOREANSK GINSENG - Lamberts T\u00e4ydellinen niille, jotka haluavat tukea kehon vastustuskyky\u00e4 stressi\u00e4 sek\u00e4 v\u00e4symyst\u00e4 vastaan.\",\"breadcrumb\":{\"@id\":\"https:\/\/reviva.fi\/fi\/tuote\/koreansk-ginseng-1200mg-lamberts\/#breadcrumb\"},\"inLanguage\":\"fi\",\"potentialAction\":[{\"@type\":\"ReadAction\",\"target\":[\"https:\/\/reviva.fi\/fi\/tuote\/koreansk-ginseng-1200mg-lamberts\/\"]}]},{\"@type\":\"ImageObject\",\"inLanguage\":\"fi\",\"@id\":\"https:\/\/reviva.fi\/fi\/tuote\/koreansk-ginseng-1200mg-lamberts\/#primaryimage\",\"url\":\"https:\/\/reviva.fi\/wp-content\/uploads\/2025\/01\/8555-60-Korean-Ginseng-1200-mg.jpg\",\"contentUrl\":\"https:\/\/reviva.fi\/wp-content\/uploads\/2025\/01\/8555-60-Korean-Ginseng-1200-mg.jpg\",\"width\":780,\"height\":780,\"caption\":\"KOREANSK GINSENG - Lamberts\"},{\"@type\":\"BreadcrumbList\",\"@id\":\"https:\/\/reviva.fi\/fi\/tuote\/koreansk-ginseng-1200mg-lamberts\/#breadcrumb\",\"itemListElement\":[{\"@type\":\"ListItem\",\"position\":1,\"name\":\"Etusivu\",\"item\":\"https:\/\/reviva.fi\/fi\/\"},{\"@type\":\"ListItem\",\"position\":2,\"name\":\"Tuotteet\",\"item\":\"https:\/\/reviva.fi\/produkter\/\"},{\"@type\":\"ListItem\",\"position\":3,\"name\":\"KOREANSK GINSENG &#8211; Lamberts\"}]},{\"@type\":\"WebSite\",\"@id\":\"https:\/\/reviva.fi\/fi\/#website\",\"url\":\"https:\/\/reviva.fi\/fi\/\",\"name\":\"Reviva\",\"description\":\"\",\"publisher\":{\"@id\":\"https:\/\/reviva.fi\/fi\/#organization\"},\"potentialAction\":[{\"@type\":\"SearchAction\",\"target\":{\"@type\":\"EntryPoint\",\"urlTemplate\":\"https:\/\/reviva.fi\/fi\/?s={search_term_string}\"},\"query-input\":{\"@type\":\"PropertyValueSpecification\",\"valueRequired\":true,\"valueName\":\"search_term_string\"}}],\"inLanguage\":\"fi\"},{\"@type\":\"Organization\",\"@id\":\"https:\/\/reviva.fi\/fi\/#organization\",\"name\":\"Reviva\",\"url\":\"https:\/\/reviva.fi\/fi\/\",\"logo\":{\"@type\":\"ImageObject\",\"inLanguage\":\"fi\",\"@id\":\"https:\/\/reviva.fi\/fi\/#\/schema\/logo\/image\/\",\"url\":\"https:\/\/reviva.fi\/wp-content\/uploads\/2023\/10\/reviva-logo2.svg\",\"contentUrl\":\"https:\/\/reviva.fi\/wp-content\/uploads\/2023\/10\/reviva-logo2.svg\",\"caption\":\"Reviva\"},\"image\":{\"@id\":\"https:\/\/reviva.fi\/fi\/#\/schema\/logo\/image\/\"}}]}<\/script>\n<meta property=\"product:price:amount\" content=\"13.40\" \/>\n<meta property=\"product:price:currency\" content=\"EUR\" \/>\n<meta property=\"og:availability\" content=\"instock\" \/>\n<meta property=\"product:availability\" content=\"instock\" \/>\n<meta property=\"product:retailer_item_id\" content=\"8555-60\" \/>\n<meta property=\"product:condition\" content=\"new\" \/>\n<!-- \/ Yoast SEO plugin. -->","yoast_head_json":{"title":"KOREANSK GINSENG - Lamberts - Reviva","description":"KOREANSK GINSENG - Lamberts T\u00e4ydellinen niille, jotka haluavat tukea kehon vastustuskyky\u00e4 stressi\u00e4 sek\u00e4 v\u00e4symyst\u00e4 vastaan.","robots":{"index":"index","follow":"follow","max-snippet":"max-snippet:-1","max-image-preview":"max-image-preview:large","max-video-preview":"max-video-preview:-1"},"canonical":"https:\/\/reviva.fi\/fi\/tuote\/koreansk-ginseng-1200mg-lamberts\/","og_locale":"fi_FI","og_type":"article","og_title":"KOREANSK GINSENG - Lamberts - Reviva","og_description":"KOREANSK GINSENG - Lamberts T\u00e4ydellinen niille, jotka haluavat tukea kehon vastustuskyky\u00e4 stressi\u00e4 sek\u00e4 v\u00e4symyst\u00e4 vastaan.","og_url":"https:\/\/reviva.fi\/fi\/tuote\/koreansk-ginseng-1200mg-lamberts\/","og_site_name":"Reviva","article_modified_time":"2025-02-03T11:39:38+00:00","og_image":[{"width":780,"height":780,"url":"https:\/\/reviva.fi\/wp-content\/uploads\/2025\/01\/8555-60-Korean-Ginseng-1200-mg.jpg","type":"image\/jpeg"}],"twitter_card":"summary_large_image","schema":{"@context":"https:\/\/schema.org","@graph":[{"@type":"WebPage","@id":"https:\/\/reviva.fi\/fi\/tuote\/koreansk-ginseng-1200mg-lamberts\/","url":"https:\/\/reviva.fi\/fi\/tuote\/koreansk-ginseng-1200mg-lamberts\/","name":"KOREANSK GINSENG - Lamberts - Reviva","isPartOf":{"@id":"https:\/\/reviva.fi\/fi\/#website"},"primaryImageOfPage":{"@id":"https:\/\/reviva.fi\/fi\/tuote\/koreansk-ginseng-1200mg-lamberts\/#primaryimage"},"image":{"@id":"https:\/\/reviva.fi\/fi\/tuote\/koreansk-ginseng-1200mg-lamberts\/#primaryimage"},"thumbnailUrl":"https:\/\/reviva.fi\/wp-content\/uploads\/2025\/01\/8555-60-Korean-Ginseng-1200-mg.jpg","datePublished":"2025-01-29T15:23:12+00:00","dateModified":"2025-02-03T11:39:38+00:00","description":"KOREANSK GINSENG - Lamberts T\u00e4ydellinen niille, jotka haluavat tukea kehon vastustuskyky\u00e4 stressi\u00e4 sek\u00e4 v\u00e4symyst\u00e4 vastaan.","breadcrumb":{"@id":"https:\/\/reviva.fi\/fi\/tuote\/koreansk-ginseng-1200mg-lamberts\/#breadcrumb"},"inLanguage":"fi","potentialAction":[{"@type":"ReadAction","target":["https:\/\/reviva.fi\/fi\/tuote\/koreansk-ginseng-1200mg-lamberts\/"]}]},{"@type":"ImageObject","inLanguage":"fi","@id":"https:\/\/reviva.fi\/fi\/tuote\/koreansk-ginseng-1200mg-lamberts\/#primaryimage","url":"https:\/\/reviva.fi\/wp-content\/uploads\/2025\/01\/8555-60-Korean-Ginseng-1200-mg.jpg","contentUrl":"https:\/\/reviva.fi\/wp-content\/uploads\/2025\/01\/8555-60-Korean-Ginseng-1200-mg.jpg","width":780,"height":780,"caption":"KOREANSK GINSENG - Lamberts"},{"@type":"BreadcrumbList","@id":"https:\/\/reviva.fi\/fi\/tuote\/koreansk-ginseng-1200mg-lamberts\/#breadcrumb","itemListElement":[{"@type":"ListItem","position":1,"name":"Etusivu","item":"https:\/\/reviva.fi\/fi\/"},{"@type":"ListItem","position":2,"name":"Tuotteet","item":"https:\/\/reviva.fi\/produkter\/"},{"@type":"ListItem","position":3,"name":"KOREANSK GINSENG &#8211; Lamberts"}]},{"@type":"WebSite","@id":"https:\/\/reviva.fi\/fi\/#website","url":"https:\/\/reviva.fi\/fi\/","name":"Reviva","description":"","publisher":{"@id":"https:\/\/reviva.fi\/fi\/#organization"},"potentialAction":[{"@type":"SearchAction","target":{"@type":"EntryPoint","urlTemplate":"https:\/\/reviva.fi\/fi\/?s={search_term_string}"},"query-input":{"@type":"PropertyValueSpecification","valueRequired":true,"valueName":"search_term_string"}}],"inLanguage":"fi"},{"@type":"Organization","@id":"https:\/\/reviva.fi\/fi\/#organization","name":"Reviva","url":"https:\/\/reviva.fi\/fi\/","logo":{"@type":"ImageObject","inLanguage":"fi","@id":"https:\/\/reviva.fi\/fi\/#\/schema\/logo\/image\/","url":"https:\/\/reviva.fi\/wp-content\/uploads\/2023\/10\/reviva-logo2.svg","contentUrl":"https:\/\/reviva.fi\/wp-content\/uploads\/2023\/10\/reviva-logo2.svg","caption":"Reviva"},"image":{"@id":"https:\/\/reviva.fi\/fi\/#\/schema\/logo\/image\/"}}]},"product_price_amount":"13.40","product_price_currency":"EUR","og_availability":"instock","product_availability":"instock","product_retailer_item_id":"8555-60","product_condition":"new"},"taxonomy_info":{"product_cat":[{"value":141,"label":"Yrtit"},{"value":2444,"label":"Lamberts"},{"value":2376,"label":"Stressaantunut &amp; V\u00e4synyt"},{"value":2375,"label":"Harjoittelu"}],"product_tag":[{"value":4546,"label":"1200 mg"},{"value":1115,"label":"adaptogeeni"},{"value":412,"label":"antioksidantti"},{"value":1235,"label":"energia"},{"value":4547,"label":"ginsenosideja 24 mg"},{"value":4402,"label":"GMP standardi"},{"value":444,"label":"immuunij\u00e4rjestelm\u00e4"},{"value":1614,"label":"kest\u00e4vyytt\u00e4"},{"value":4456,"label":"Kognitiivinen toiminto"},{"value":4544,"label":"Korean ginseng"},{"value":4406,"label":"Korkea vahvuuksinen"},{"value":476,"label":"lis\u00e4ravinne"},{"value":3454,"label":"Mental klarhet"},{"value":4545,"label":"Panax ginseng"},{"value":4423,"label":"standardoitu uute"},{"value":3389,"label":"Stresshantering"},{"value":4468,"label":"Vegaaninen"}]},"featured_image_src_large":["https:\/\/reviva.fi\/wp-content\/uploads\/2025\/01\/8555-60-Korean-Ginseng-1200-mg.jpg",780,780,false],"author_info":[],"comment_info":0,"_links":{"self":[{"href":"https:\/\/reviva.fi\/fi\/wp-json\/wp\/v2\/product\/10940","targetHints":{"allow":["GET"]}}],"collection":[{"href":"https:\/\/reviva.fi\/fi\/wp-json\/wp\/v2\/product"}],"about":[{"href":"https:\/\/reviva.fi\/fi\/wp-json\/wp\/v2\/types\/product"}],"replies":[{"embeddable":true,"href":"https:\/\/reviva.fi\/fi\/wp-json\/wp\/v2\/comments?post=10940"}],"wp:featuredmedia":[{"embeddable":true,"href":"https:\/\/reviva.fi\/fi\/wp-json\/wp\/v2\/media\/10811"}],"wp:attachment":[{"href":"https:\/\/reviva.fi\/fi\/wp-json\/wp\/v2\/media?parent=10940"}],"wp:term":[{"taxonomy":"product_brand","embeddable":true,"href":"https:\/\/reviva.fi\/fi\/wp-json\/wp\/v2\/product_brand?post=10940"},{"taxonomy":"product_cat","embeddable":true,"href":"https:\/\/reviva.fi\/fi\/wp-json\/wp\/v2\/product_cat?post=10940"},{"taxonomy":"product_tag","embeddable":true,"href":"https:\/\/reviva.fi\/fi\/wp-json\/wp\/v2\/product_tag?post=10940"}],"curies":[{"name":"wp","href":"https:\/\/api.w.org\/{rel}","templated":true}]}}