{"id":10944,"date":"2025-01-29T16:08:48","date_gmt":"2025-01-29T14:08:48","guid":{"rendered":"https:\/\/reviva.fi\/product\/selen-200mcg-som-selenometionin\/"},"modified":"2026-02-19T13:51:07","modified_gmt":"2026-02-19T11:51:07","slug":"selen-200mcg-som-selenometionin","status":"publish","type":"product","link":"https:\/\/reviva.fi\/fi\/tuote\/selen-200mcg-som-selenometionin\/","title":{"rendered":"Seleeni 200 \u00b5g, One-a-Day (hiivaton) \u2013 Lamberts"},"content":{"rendered":"<p data-start=\"0\" data-end=\"79\"><strong>Immuunij\u00e4rjestelm\u00e4lle, kilpirauhaselle ja suojaksi hapettumisstressi\u00e4 vastaan<\/strong><\/p>\n<p data-start=\"81\" data-end=\"350\">Lamberts Seleeni 200 \u00b5g on korkealaatuinen ravintolis\u00e4, joka sis\u00e4lt\u00e4\u00e4 seleeni\u00e4 selenometioniinin muodossa \u2013 orgaanisesti sitoutuneessa ja hyvin imeytyv\u00e4ss\u00e4 muodossa. Tuote on hiivaton ja suunniteltu tarjoamaan tehokas p\u00e4ivitt\u00e4inen lis\u00e4 vain yhdell\u00e4 tabletilla p\u00e4iv\u00e4ss\u00e4.<\/p>\n<p data-start=\"352\" data-end=\"612\">Seleeni on v\u00e4ltt\u00e4m\u00e4t\u00f6n hivenaine, jota elimist\u00f6 tarvitsee pieni\u00e4 m\u00e4\u00e4ri\u00e4, mutta jolla on t\u00e4rke\u00e4 rooli useissa biologisissa prosesseissa, muun muassa immuunij\u00e4rjestelm\u00e4n toiminnassa, kilpirauhasen toiminnassa ja elimist\u00f6n antioksidanttisessa suojaj\u00e4rjestelm\u00e4ss\u00e4.<\/p>\n<p data-start=\"614\" data-end=\"648\"><strong>Suoja hapettumisstressi\u00e4 vastaan<\/strong><\/p>\n<p data-start=\"650\" data-end=\"660\">Seleeni:<\/p>\n<ul>\n<li data-start=\"662\" data-end=\"712\">edist\u00e4\u00e4 solujen suojaamista hapettumisstressilt\u00e4<\/li>\n<\/ul>\n<p data-start=\"714\" data-end=\"909\">Seleeni on osa elimist\u00f6n antioksidanttientsyymij\u00e4rjestelm\u00e4\u00e4, muun muassa glutationiperoksidaasi-entsyymi\u00e4, joka auttaa neutraloimaan vapaita radikaaleja ja suojaamaan soluja hapettumisvaurioilta.<\/p>\n<p data-start=\"911\" data-end=\"935\"><strong>Kilpirauhasen toiminta<\/strong><\/p>\n<p data-start=\"937\" data-end=\"947\">Seleeni:<\/p>\n<ul>\n<li data-start=\"949\" data-end=\"992\">edist\u00e4\u00e4 kilpirauhasen normaalia toimintaa<\/li>\n<\/ul>\n<p data-start=\"994\" data-end=\"1158\">Kilpirauhanen sis\u00e4lt\u00e4\u00e4 runsaasti seleeni\u00e4. T\u00e4m\u00e4 kivenn\u00e4isaine osallistuu kilpirauhashormonien muuntumiseen ja on t\u00e4rke\u00e4 normaalin hormonitasapainon yll\u00e4pit\u00e4misess\u00e4.<\/p>\n<p data-start=\"1160\" data-end=\"1180\"><strong>Immuunij\u00e4rjestelm\u00e4<\/strong><\/p>\n<p data-start=\"1182\" data-end=\"1192\">Seleeni:<\/p>\n<ul>\n<li data-start=\"1194\" data-end=\"1243\">edist\u00e4\u00e4 immuunij\u00e4rjestelm\u00e4n normaalia toimintaa<\/li>\n<\/ul>\n<p data-start=\"1245\" data-end=\"1330\">Riitt\u00e4v\u00e4 seleenin saanti on t\u00e4rke\u00e4\u00e4 elimist\u00f6n luonnolliselle puolustusj\u00e4rjestelm\u00e4lle.<\/p>\n<p data-start=\"1332\" data-end=\"1351\"><strong>Hiukset ja kynnet<\/strong><\/p>\n<p data-start=\"1353\" data-end=\"1363\">Seleeni:<\/p>\n<ul>\n<li data-start=\"1365\" data-end=\"1404\">edist\u00e4\u00e4 hiusten pysymist\u00e4 normaaleina<\/li>\n<li data-start=\"1365\" data-end=\"1404\">edist\u00e4\u00e4 kynsien pysymist\u00e4 normaaleina<\/li>\n<\/ul>\n<p data-start=\"1447\" data-end=\"1464\"><strong>Spermatogeneesi<\/strong><\/p>\n<p data-start=\"1466\" data-end=\"1476\">Seleeni:<\/p>\n<ul>\n<li data-start=\"1478\" data-end=\"1514\">edist\u00e4\u00e4 normaalia spermatogeneesi\u00e4<\/li>\n<\/ul>\n<p data-start=\"1516\" data-end=\"1597\">Seleeni osallistuu siitti\u00f6iden tuotantoon ja on t\u00e4rke\u00e4 miehen hedelm\u00e4llisyydelle.<\/p>\n<p data-start=\"1599\" data-end=\"1640\"><strong>Selenometioniini \u2013 hyvin imeytyv\u00e4 muoto<\/strong><\/p>\n<p data-start=\"1642\" data-end=\"1929\">T\u00e4m\u00e4 tuote sis\u00e4lt\u00e4\u00e4 seleeni\u00e4 selenometioniinin muodossa, joka on orgaanisesti sitoutunut ja tunnettu hyv\u00e4st\u00e4 biologisesta hy\u00f6tyosuudestaan. Toisin kuin jotkin hiivapohjaiset seleenivalmisteet, t\u00e4m\u00e4 tuote on hiivaton, mik\u00e4 voi olla sopiva vaihtoehto niille, jotka haluavat v\u00e4ltt\u00e4\u00e4 hiivaa.<\/p>\n<p data-start=\"1931\" data-end=\"2062\">Jokainen tabletti sis\u00e4lt\u00e4\u00e4 200 \u00b5g seleeni\u00e4 tasapainoisessa annostuksessa p\u00e4ivitt\u00e4iseen k\u00e4ytt\u00f6\u00f6n suositellun annostuksen mukaisesti.<\/p>\n<p data-start=\"2064\" data-end=\"2095\"><strong>Kenelle Seleeni 200 \u00b5g sopii?<\/strong><\/p>\n<p data-start=\"2097\" data-end=\"2136\">Tuote voi olla erityisen hy\u00f6dyllinen:<\/p>\n<ul>\n<li data-start=\"2138\" data-end=\"2197\">henkil\u00f6ille, jotka haluavat tukea kilpirauhasen toimintaa<\/li>\n<li data-start=\"2138\" data-end=\"2197\">henkil\u00f6ille, jotka haluavat vahvistaa elimist\u00f6n antioksidanttisuojaa<\/li>\n<li data-start=\"2138\" data-end=\"2197\">henkil\u00f6ille, jotka haluavat tukea immuunij\u00e4rjestelm\u00e4\u00e4<\/li>\n<li data-start=\"2138\" data-end=\"2197\">miehille, jotka haluavat tukea hedelm\u00e4llisyytt\u00e4<\/li>\n<li data-start=\"2138\" data-end=\"2197\">henkil\u00f6ille, joiden seleenin saanti ravinnosta on v\u00e4h\u00e4ist\u00e4<\/li>\n<\/ul>\n<p data-start=\"2441\" data-end=\"2476\"><strong>K\u00e4yt\u00e4nn\u00f6llinen One-a-Day-annostus<\/strong><\/p>\n<p data-start=\"2478\" data-end=\"2586\">200 \u00b5g per tabletti tarjoaa tehokkaan p\u00e4ivitt\u00e4isen annoksen yhdess\u00e4 tabletissa, mik\u00e4 tekee k\u00e4yt\u00f6st\u00e4 helppoa.<\/p>\n<p data-start=\"2588\" data-end=\"2609\"><strong>Laatua Lambertsilta<\/strong><\/p>\n<p data-start=\"2611\" data-end=\"2847\">Lamberts tunnetaan korkeista laatustandardeistaan ja huolellisesti valituista raaka-aineistaan. Seleeni 200 \u00b5g One-a-Day valmistetaan tiukkojen laatuvaatimusten mukaisesti puhtauden, stabiilisuuden ja oikean annostuksen varmistamiseksi.<\/p>\n<p data-start=\"2849\" data-end=\"2961\" data-is-last-node=\"\" data-is-only-node=\"\">Tabletit ovat pieni\u00e4 ja helppoja niell\u00e4 ja soveltuvat p\u00e4ivitt\u00e4iseen k\u00e4ytt\u00f6\u00f6n suositellun annostuksen mukaisesti.<\/p>\n","protected":false},"excerpt":{"rendered":"<p data-start=\"0\" data-end=\"336\">Lamberts Seleeni 200 \u00b5g (selenometioniinina) One-a-Day on korkealaatuinen ja hiivaton ravintolis\u00e4, joka edist\u00e4\u00e4 kilpirauhasen normaalia toimintaa, immuunij\u00e4rjestelm\u00e4n normaalia toimintaa, solujen suojaamista hapettumisstressilt\u00e4 sek\u00e4 hiusten ja kynsien pysymist\u00e4 normaaleina \u2013 hyvin imeytyv\u00e4ss\u00e4 ja k\u00e4yt\u00e4nn\u00f6llisess\u00e4 p\u00e4ivitt\u00e4isannoksessa.<\/p>\n<p data-start=\"338\" data-end=\"394\">Lamberts Seleeni 200 \u00b5g \u2013 tehokas antioksidanttinen tuki<\/p>\n<p data-start=\"396\" data-end=\"408\" data-is-last-node=\"\" data-is-only-node=\"\"><strong>60 tablettia<\/strong><\/p>\n","protected":false},"featured_media":10808,"comment_status":"closed","ping_status":"closed","template":"","meta":{"_acf_changed":false,"inline_featured_image":false,"_kad_blocks_custom_css":"","_kad_blocks_head_custom_js":"","_kad_blocks_body_custom_js":"","_kad_blocks_footer_custom_js":"","_kadence_starter_templates_imported_post":false,"_kad_post_transparent":"default","_kad_post_title":"","_kad_post_layout":"default","_kad_post_sidebar_id":"","_kad_post_content_style":"default","_kad_post_vertical_padding":"default","_kad_post_feature":"","_kad_post_feature_position":"","_kad_post_header":false,"_kad_post_footer":false},"product_brand":[],"product_cat":[93,5973,2444,2366],"product_tag":[4551,3484,412,3464,4402,3580,3519,4550,4549,444,4552,4548,4554,476,4555,1495,2919,4553,4419,4403],"class_list":{"0":"post-10944","1":"product","2":"type-product","3":"status-publish","4":"has-post-thumbnail","6":"product_cat-mineraler-fi","7":"product_cat-selen-fi","8":"product_cat-lamberts-fi","9":"product_cat-lever-och-njurar-fi","10":"product_tag-200-g-fi","11":"product_tag-anti-aging-fi","12":"product_tag-antioksidantti","13":"product_tag-cellskydd-fi","14":"product_tag-gmp-standardi","15":"product_tag-hog-biotillganglighet-fi","16":"product_tag-harhalsa-fi","17":"product_tag-hedelmallisyytta","18":"product_tag-hiven-mineraali","19":"product_tag-immuunijarjestelma","20":"product_tag-kilpirauhasen-toimintaa","21":"product_tag-kynsien-terveytta","22":"product_tag-l-selenometioniini","23":"product_tag-lisaravinne","24":"product_tag-natriumseleniitti","25":"product_tag-oksidatiivista-stressia","26":"product_tag-seleeni","27":"product_tag-spermatogeneesi","28":"product_tag-sydanterveytta","29":"product_tag-vegaaniystavallinen","31":"first","32":"instock","33":"taxable","34":"shipping-taxable","35":"purchasable","36":"product-type-simple","37":"entry","38":"content-bg","39":"loop-entry"},"acf":[],"yoast_head":"<!-- This site is optimized with the Yoast SEO plugin v25.8 - https:\/\/yoast.com\/wordpress\/plugins\/seo\/ -->\n<title>Seleeni 200 \u00b5g, One-a-Day (hiivaton) \u2013 Lamberts - Reviva<\/title>\n<meta name=\"description\" content=\"SELEENI 200mcg - Lamberts sis\u00e4lt\u00e4\u00e4 seleeni\u00e4 l-selenometioniinin muodossa, joka on t\u00e4m\u00e4n t\u00e4rke\u00e4n mineraalin hyvin imeytyv\u00e4 ja biosaatavissa oleva muoto.\" \/>\n<meta name=\"robots\" content=\"index, follow, max-snippet:-1, max-image-preview:large, max-video-preview:-1\" \/>\n<link rel=\"canonical\" href=\"https:\/\/reviva.fi\/fi\/tuote\/selen-200mcg-som-selenometionin\/\" \/>\n<meta property=\"og:locale\" content=\"fi_FI\" \/>\n<meta property=\"og:type\" content=\"article\" \/>\n<meta property=\"og:title\" content=\"Seleeni 200 \u00b5g, One-a-Day (hiivaton) \u2013 Lamberts - Reviva\" \/>\n<meta property=\"og:description\" content=\"SELEENI 200mcg - Lamberts sis\u00e4lt\u00e4\u00e4 seleeni\u00e4 l-selenometioniinin muodossa, joka on t\u00e4m\u00e4n t\u00e4rke\u00e4n mineraalin hyvin imeytyv\u00e4 ja biosaatavissa oleva muoto.\" \/>\n<meta property=\"og:url\" content=\"https:\/\/reviva.fi\/fi\/tuote\/selen-200mcg-som-selenometionin\/\" \/>\n<meta property=\"og:site_name\" content=\"Reviva\" \/>\n<meta property=\"article:modified_time\" content=\"2026-02-19T11:51:07+00:00\" \/>\n<meta property=\"og:image\" content=\"https:\/\/reviva.fi\/wp-content\/uploads\/2025\/01\/8269-60-Selenium-200-mcg.jpg\" \/>\n\t<meta property=\"og:image:width\" content=\"780\" \/>\n\t<meta property=\"og:image:height\" content=\"780\" \/>\n\t<meta property=\"og:image:type\" content=\"image\/jpeg\" \/>\n<meta name=\"twitter:card\" content=\"summary_large_image\" \/>\n<script type=\"application\/ld+json\" class=\"yoast-schema-graph\">{\"@context\":\"https:\/\/schema.org\",\"@graph\":[{\"@type\":\"WebPage\",\"@id\":\"https:\/\/reviva.fi\/fi\/tuote\/selen-200mcg-som-selenometionin\/\",\"url\":\"https:\/\/reviva.fi\/fi\/tuote\/selen-200mcg-som-selenometionin\/\",\"name\":\"Seleeni 200 \u00b5g, One-a-Day (hiivaton) \u2013 Lamberts - Reviva\",\"isPartOf\":{\"@id\":\"https:\/\/reviva.fi\/fi\/#website\"},\"primaryImageOfPage\":{\"@id\":\"https:\/\/reviva.fi\/fi\/tuote\/selen-200mcg-som-selenometionin\/#primaryimage\"},\"image\":{\"@id\":\"https:\/\/reviva.fi\/fi\/tuote\/selen-200mcg-som-selenometionin\/#primaryimage\"},\"thumbnailUrl\":\"https:\/\/reviva.fi\/wp-content\/uploads\/2025\/01\/8269-60-Selenium-200-mcg.jpg\",\"datePublished\":\"2025-01-29T14:08:48+00:00\",\"dateModified\":\"2026-02-19T11:51:07+00:00\",\"description\":\"SELEENI 200mcg - Lamberts sis\u00e4lt\u00e4\u00e4 seleeni\u00e4 l-selenometioniinin muodossa, joka on t\u00e4m\u00e4n t\u00e4rke\u00e4n mineraalin hyvin imeytyv\u00e4 ja biosaatavissa oleva muoto.\",\"breadcrumb\":{\"@id\":\"https:\/\/reviva.fi\/fi\/tuote\/selen-200mcg-som-selenometionin\/#breadcrumb\"},\"inLanguage\":\"fi\",\"potentialAction\":[{\"@type\":\"ReadAction\",\"target\":[\"https:\/\/reviva.fi\/fi\/tuote\/selen-200mcg-som-selenometionin\/\"]}]},{\"@type\":\"ImageObject\",\"inLanguage\":\"fi\",\"@id\":\"https:\/\/reviva.fi\/fi\/tuote\/selen-200mcg-som-selenometionin\/#primaryimage\",\"url\":\"https:\/\/reviva.fi\/wp-content\/uploads\/2025\/01\/8269-60-Selenium-200-mcg.jpg\",\"contentUrl\":\"https:\/\/reviva.fi\/wp-content\/uploads\/2025\/01\/8269-60-Selenium-200-mcg.jpg\",\"width\":780,\"height\":780,\"caption\":\"SELEENI 200mcg - Lamberts\"},{\"@type\":\"BreadcrumbList\",\"@id\":\"https:\/\/reviva.fi\/fi\/tuote\/selen-200mcg-som-selenometionin\/#breadcrumb\",\"itemListElement\":[{\"@type\":\"ListItem\",\"position\":1,\"name\":\"Etusivu\",\"item\":\"https:\/\/reviva.fi\/fi\/\"},{\"@type\":\"ListItem\",\"position\":2,\"name\":\"Tuotteet\",\"item\":\"https:\/\/reviva.fi\/produkter\/\"},{\"@type\":\"ListItem\",\"position\":3,\"name\":\"Seleeni 200 \u00b5g, One-a-Day (hiivaton) \u2013 Lamberts\"}]},{\"@type\":\"WebSite\",\"@id\":\"https:\/\/reviva.fi\/fi\/#website\",\"url\":\"https:\/\/reviva.fi\/fi\/\",\"name\":\"Reviva\",\"description\":\"\",\"publisher\":{\"@id\":\"https:\/\/reviva.fi\/fi\/#organization\"},\"potentialAction\":[{\"@type\":\"SearchAction\",\"target\":{\"@type\":\"EntryPoint\",\"urlTemplate\":\"https:\/\/reviva.fi\/fi\/?s={search_term_string}\"},\"query-input\":{\"@type\":\"PropertyValueSpecification\",\"valueRequired\":true,\"valueName\":\"search_term_string\"}}],\"inLanguage\":\"fi\"},{\"@type\":\"Organization\",\"@id\":\"https:\/\/reviva.fi\/fi\/#organization\",\"name\":\"Reviva\",\"url\":\"https:\/\/reviva.fi\/fi\/\",\"logo\":{\"@type\":\"ImageObject\",\"inLanguage\":\"fi\",\"@id\":\"https:\/\/reviva.fi\/fi\/#\/schema\/logo\/image\/\",\"url\":\"https:\/\/reviva.fi\/wp-content\/uploads\/2023\/10\/reviva-logo2.svg\",\"contentUrl\":\"https:\/\/reviva.fi\/wp-content\/uploads\/2023\/10\/reviva-logo2.svg\",\"caption\":\"Reviva\"},\"image\":{\"@id\":\"https:\/\/reviva.fi\/fi\/#\/schema\/logo\/image\/\"}}]}<\/script>\n<meta property=\"product:price:amount\" content=\"11.90\" \/>\n<meta property=\"product:price:currency\" content=\"EUR\" \/>\n<meta property=\"og:availability\" content=\"instock\" \/>\n<meta property=\"product:availability\" content=\"instock\" \/>\n<meta property=\"product:retailer_item_id\" content=\"8269-60\" \/>\n<meta property=\"product:condition\" content=\"new\" \/>\n<!-- \/ Yoast SEO plugin. -->","yoast_head_json":{"title":"Seleeni 200 \u00b5g, One-a-Day (hiivaton) \u2013 Lamberts - Reviva","description":"SELEENI 200mcg - Lamberts sis\u00e4lt\u00e4\u00e4 seleeni\u00e4 l-selenometioniinin muodossa, joka on t\u00e4m\u00e4n t\u00e4rke\u00e4n mineraalin hyvin imeytyv\u00e4 ja biosaatavissa oleva muoto.","robots":{"index":"index","follow":"follow","max-snippet":"max-snippet:-1","max-image-preview":"max-image-preview:large","max-video-preview":"max-video-preview:-1"},"canonical":"https:\/\/reviva.fi\/fi\/tuote\/selen-200mcg-som-selenometionin\/","og_locale":"fi_FI","og_type":"article","og_title":"Seleeni 200 \u00b5g, One-a-Day (hiivaton) \u2013 Lamberts - Reviva","og_description":"SELEENI 200mcg - Lamberts sis\u00e4lt\u00e4\u00e4 seleeni\u00e4 l-selenometioniinin muodossa, joka on t\u00e4m\u00e4n t\u00e4rke\u00e4n mineraalin hyvin imeytyv\u00e4 ja biosaatavissa oleva muoto.","og_url":"https:\/\/reviva.fi\/fi\/tuote\/selen-200mcg-som-selenometionin\/","og_site_name":"Reviva","article_modified_time":"2026-02-19T11:51:07+00:00","og_image":[{"width":780,"height":780,"url":"https:\/\/reviva.fi\/wp-content\/uploads\/2025\/01\/8269-60-Selenium-200-mcg.jpg","type":"image\/jpeg"}],"twitter_card":"summary_large_image","schema":{"@context":"https:\/\/schema.org","@graph":[{"@type":"WebPage","@id":"https:\/\/reviva.fi\/fi\/tuote\/selen-200mcg-som-selenometionin\/","url":"https:\/\/reviva.fi\/fi\/tuote\/selen-200mcg-som-selenometionin\/","name":"Seleeni 200 \u00b5g, One-a-Day (hiivaton) \u2013 Lamberts - Reviva","isPartOf":{"@id":"https:\/\/reviva.fi\/fi\/#website"},"primaryImageOfPage":{"@id":"https:\/\/reviva.fi\/fi\/tuote\/selen-200mcg-som-selenometionin\/#primaryimage"},"image":{"@id":"https:\/\/reviva.fi\/fi\/tuote\/selen-200mcg-som-selenometionin\/#primaryimage"},"thumbnailUrl":"https:\/\/reviva.fi\/wp-content\/uploads\/2025\/01\/8269-60-Selenium-200-mcg.jpg","datePublished":"2025-01-29T14:08:48+00:00","dateModified":"2026-02-19T11:51:07+00:00","description":"SELEENI 200mcg - Lamberts sis\u00e4lt\u00e4\u00e4 seleeni\u00e4 l-selenometioniinin muodossa, joka on t\u00e4m\u00e4n t\u00e4rke\u00e4n mineraalin hyvin imeytyv\u00e4 ja biosaatavissa oleva muoto.","breadcrumb":{"@id":"https:\/\/reviva.fi\/fi\/tuote\/selen-200mcg-som-selenometionin\/#breadcrumb"},"inLanguage":"fi","potentialAction":[{"@type":"ReadAction","target":["https:\/\/reviva.fi\/fi\/tuote\/selen-200mcg-som-selenometionin\/"]}]},{"@type":"ImageObject","inLanguage":"fi","@id":"https:\/\/reviva.fi\/fi\/tuote\/selen-200mcg-som-selenometionin\/#primaryimage","url":"https:\/\/reviva.fi\/wp-content\/uploads\/2025\/01\/8269-60-Selenium-200-mcg.jpg","contentUrl":"https:\/\/reviva.fi\/wp-content\/uploads\/2025\/01\/8269-60-Selenium-200-mcg.jpg","width":780,"height":780,"caption":"SELEENI 200mcg - Lamberts"},{"@type":"BreadcrumbList","@id":"https:\/\/reviva.fi\/fi\/tuote\/selen-200mcg-som-selenometionin\/#breadcrumb","itemListElement":[{"@type":"ListItem","position":1,"name":"Etusivu","item":"https:\/\/reviva.fi\/fi\/"},{"@type":"ListItem","position":2,"name":"Tuotteet","item":"https:\/\/reviva.fi\/produkter\/"},{"@type":"ListItem","position":3,"name":"Seleeni 200 \u00b5g, One-a-Day (hiivaton) \u2013 Lamberts"}]},{"@type":"WebSite","@id":"https:\/\/reviva.fi\/fi\/#website","url":"https:\/\/reviva.fi\/fi\/","name":"Reviva","description":"","publisher":{"@id":"https:\/\/reviva.fi\/fi\/#organization"},"potentialAction":[{"@type":"SearchAction","target":{"@type":"EntryPoint","urlTemplate":"https:\/\/reviva.fi\/fi\/?s={search_term_string}"},"query-input":{"@type":"PropertyValueSpecification","valueRequired":true,"valueName":"search_term_string"}}],"inLanguage":"fi"},{"@type":"Organization","@id":"https:\/\/reviva.fi\/fi\/#organization","name":"Reviva","url":"https:\/\/reviva.fi\/fi\/","logo":{"@type":"ImageObject","inLanguage":"fi","@id":"https:\/\/reviva.fi\/fi\/#\/schema\/logo\/image\/","url":"https:\/\/reviva.fi\/wp-content\/uploads\/2023\/10\/reviva-logo2.svg","contentUrl":"https:\/\/reviva.fi\/wp-content\/uploads\/2023\/10\/reviva-logo2.svg","caption":"Reviva"},"image":{"@id":"https:\/\/reviva.fi\/fi\/#\/schema\/logo\/image\/"}}]},"product_price_amount":"11.90","product_price_currency":"EUR","og_availability":"instock","product_availability":"instock","product_retailer_item_id":"8269-60","product_condition":"new"},"taxonomy_info":{"product_cat":[{"value":93,"label":"Mineraalit"},{"value":5973,"label":"Seleeni"},{"value":2444,"label":"Lamberts"},{"value":2366,"label":"Maksa &amp; Munuaiset"}],"product_tag":[{"value":4551,"label":"200 \u00b5g"},{"value":3484,"label":"Anti-aging"},{"value":412,"label":"antioksidantti"},{"value":3464,"label":"Cellskydd"},{"value":4402,"label":"GMP standardi"},{"value":3580,"label":"H\u00f6g biotillg\u00e4nglighet"},{"value":3519,"label":"H\u00e5rh\u00e4lsa"},{"value":4550,"label":"hedelm\u00e4llisyytt\u00e4"},{"value":4549,"label":"hiven mineraali"},{"value":444,"label":"immuunij\u00e4rjestelm\u00e4"},{"value":4552,"label":"kilpirauhasen toimintaa"},{"value":4548,"label":"kynsien terveytt\u00e4"},{"value":4554,"label":"L-selenometioniini"},{"value":476,"label":"lis\u00e4ravinne"},{"value":4555,"label":"natriumseleniitti"},{"value":1495,"label":"oksidatiivista stressi\u00e4"},{"value":2919,"label":"Seleeni"},{"value":4553,"label":"spermatogeneesi"},{"value":4419,"label":"Syd\u00e4nterveytt\u00e4"},{"value":4403,"label":"vegaaniyst\u00e4v\u00e4llinen"}]},"featured_image_src_large":["https:\/\/reviva.fi\/wp-content\/uploads\/2025\/01\/8269-60-Selenium-200-mcg.jpg",780,780,false],"author_info":[],"comment_info":0,"_links":{"self":[{"href":"https:\/\/reviva.fi\/fi\/wp-json\/wp\/v2\/product\/10944","targetHints":{"allow":["GET"]}}],"collection":[{"href":"https:\/\/reviva.fi\/fi\/wp-json\/wp\/v2\/product"}],"about":[{"href":"https:\/\/reviva.fi\/fi\/wp-json\/wp\/v2\/types\/product"}],"replies":[{"embeddable":true,"href":"https:\/\/reviva.fi\/fi\/wp-json\/wp\/v2\/comments?post=10944"}],"wp:featuredmedia":[{"embeddable":true,"href":"https:\/\/reviva.fi\/fi\/wp-json\/wp\/v2\/media\/10808"}],"wp:attachment":[{"href":"https:\/\/reviva.fi\/fi\/wp-json\/wp\/v2\/media?parent=10944"}],"wp:term":[{"taxonomy":"product_brand","embeddable":true,"href":"https:\/\/reviva.fi\/fi\/wp-json\/wp\/v2\/product_brand?post=10944"},{"taxonomy":"product_cat","embeddable":true,"href":"https:\/\/reviva.fi\/fi\/wp-json\/wp\/v2\/product_cat?post=10944"},{"taxonomy":"product_tag","embeddable":true,"href":"https:\/\/reviva.fi\/fi\/wp-json\/wp\/v2\/product_tag?post=10944"}],"curies":[{"name":"wp","href":"https:\/\/api.w.org\/{rel}","templated":true}]}}