{"id":10947,"date":"2025-01-29T15:59:51","date_gmt":"2025-01-29T13:59:51","guid":{"rendered":"https:\/\/reviva.fi\/product\/chewable-glucosamine-complex-for-dogs-cats-lamberts\/"},"modified":"2025-09-16T07:02:42","modified_gmt":"2025-09-16T04:02:42","slug":"chewable-glucosamine-complex-for-dogs-cats-lamberts","status":"publish","type":"product","link":"https:\/\/reviva.fi\/fi\/tuote\/chewable-glucosamine-complex-for-dogs-cats-lamberts\/","title":{"rendered":"Glukosamiini Kompleksi lemmikeille &#8211; Lamberts"},"content":{"rendered":"<p><strong>Glukosamiini Kompleksi lemmikeille &#8211; Lamberts<\/strong><\/p>\n<p>N\u00e4m\u00e4 tabletit on kehitetty erityisesti asiantuntijoiden avulla. Ainutlaatuisella ainesosien yhdistelm\u00e4ll\u00e4; Glukosamiinisulfaatti, C- ja E-vitamiinit, t\u00e4m\u00e4 on ihanteellinen lis\u00e4 koirille, mik\u00e4 auttaa varmistamaan, ett\u00e4 ne saavat optimaalisen saannin n\u00e4ist\u00e4 t\u00e4rkeist\u00e4 ravintoaineista i\u00e4st\u00e4 riippumatta.<\/p>\n<p>Glukosamiini &#8211; k\u00e4yt\u00e4mme vain puhtainta glukosamiinisulfaattia, joka on valmistettu samojen tiukkojen GMP-standardien mukaisesti kuin tavallinen glukosamiinivalikoimamme.<\/p>\n<p>E-vitamiini \u2013 t\u00e4m\u00e4 hyvin tunnettu vitamiini auttaa suojaamaan kehon soluja oksidatiiviselta stressilt\u00e4, \u200b\u200bjonka aiheuttavat reaktiiviset yhdisteet, joita kutsutaan &#8221;vapaiksi radikaaleiksi&#8221;. Ja olemme lis\u00e4nneet kohtuullisen tason, hieman yli 50 % RDA:sta.<\/p>\n<p>C-vitamiini \u2013 C-vitamiinin mieto, ei-hapan muoto kalsiumaskorbaattina, joka on lempe\u00e4 lemmikkisi hampaille ja hell\u00e4varainen vatsalle. Jokainen tabletti sis\u00e4lt\u00e4\u00e4 yli 60 % RDA:ta. Jokainen tabletti voidaan lis\u00e4t\u00e4 kokonaisena, murskata ruoan p\u00e4\u00e4lle tai jopa antaa niille herkkuna!<\/p>\n<ul>\n<li>Ainutlaatuinen ainesosien yhdistelm\u00e4; glukosamiinisulfaatti, C- ja E-vitamiinit<\/li>\n<li>Ihanteellinen lis\u00e4ravinne koirille varmistaakseen, ett\u00e4 he saavat optimaalisen saannin n\u00e4it\u00e4 arvokkaita ravintoaineita<\/li>\n<li>K\u00e4ytetty puhtainta glukosamiinisulfaattia, joka on valmistettu samojen tiukkojen GMP-standardien mukaisesti.<\/li>\n<li>Maukkaita naudanlihan makuisia tabletteja<\/li>\n<\/ul>\n","protected":false},"excerpt":{"rendered":"<p>Ett idealiskt tillskott f\u00f6r hundar som hj\u00e4lper till att s\u00e4kerst\u00e4lla att de f\u00e5r det optimala intaget av dessa v\u00e4rdefulla n\u00e4rings\u00e4mnen.<\/p>\n<p><strong>90 Tabletter<\/strong><\/p>\n","protected":false},"featured_media":10805,"comment_status":"closed","ping_status":"closed","template":"","meta":{"_acf_changed":false,"inline_featured_image":false,"_kad_blocks_custom_css":"","_kad_blocks_head_custom_js":"","_kad_blocks_body_custom_js":"","_kad_blocks_footer_custom_js":"","_kadence_starter_templates_imported_post":false,"_kad_post_transparent":"default","_kad_post_title":"","_kad_post_layout":"default","_kad_post_sidebar_id":"","_kad_post_content_style":"default","_kad_post_vertical_padding":"default","_kad_post_feature":"","_kad_post_feature_position":"","_kad_post_header":false,"_kad_post_footer":false},"product_brand":[],"product_cat":[2505,2444],"product_tag":[412,3375,4556,4557,4566,4560,4559,4532,3504,4561,4558,4565,4564,4534,4562,4563,2959,2960],"class_list":{"0":"post-10947","1":"product","2":"type-product","3":"status-publish","4":"has-post-thumbnail","6":"product_cat-ovriga-kosttillskott-fi","7":"product_cat-lamberts-fi","8":"product_tag-antioksidantti","9":"product_tag-dagligt-tillskott-fi","10":"product_tag-glukosamiini","11":"product_tag-glukosamiinisulfaatti","12":"product_tag-helppo-hallita","13":"product_tag-kissat","14":"product_tag-koirat","15":"product_tag-lamberts-fi","16":"product_tag-ledhalsa-fi","17":"product_tag-lemmikki","18":"product_tag-liikkuvuus","19":"product_tag-pahkinainen-maku","20":"product_tag-purutabletit","21":"product_tag-reviva-fi-fi","22":"product_tag-ruston-tuki","23":"product_tag-vanhemmat-lemmikit","24":"product_tag-vitamiini-c","25":"product_tag-vitamiini-e","27":"first","28":"instock","29":"taxable","30":"shipping-taxable","31":"purchasable","32":"product-type-simple","33":"entry","34":"content-bg","35":"loop-entry"},"acf":[],"yoast_head":"<!-- This site is optimized with the Yoast SEO plugin v25.8 - https:\/\/yoast.com\/wordpress\/plugins\/seo\/ -->\n<title>Glukosamiini Kompleksi lemmikeille - Lamberts - Reviva<\/title>\n<meta name=\"description\" content=\"Glukosamiini Kompleksi lemmikeille - Lamberts tukee niveli\u00e4 ja liikkuvuutta glukosamiinin, MSM:n ja muiden aktiivisten ainesosien yhdistelm\u00e4ll\u00e4.\" \/>\n<meta name=\"robots\" content=\"index, follow, max-snippet:-1, max-image-preview:large, max-video-preview:-1\" \/>\n<link rel=\"canonical\" href=\"https:\/\/reviva.fi\/fi\/tuote\/chewable-glucosamine-complex-for-dogs-cats-lamberts\/\" \/>\n<meta property=\"og:locale\" content=\"fi_FI\" \/>\n<meta property=\"og:type\" content=\"article\" \/>\n<meta property=\"og:title\" content=\"Glukosamiini Kompleksi lemmikeille - Lamberts - Reviva\" \/>\n<meta property=\"og:description\" content=\"Glukosamiini Kompleksi lemmikeille - Lamberts tukee niveli\u00e4 ja liikkuvuutta glukosamiinin, MSM:n ja muiden aktiivisten ainesosien yhdistelm\u00e4ll\u00e4.\" \/>\n<meta property=\"og:url\" content=\"https:\/\/reviva.fi\/fi\/tuote\/chewable-glucosamine-complex-for-dogs-cats-lamberts\/\" \/>\n<meta property=\"og:site_name\" content=\"Reviva\" \/>\n<meta property=\"article:modified_time\" content=\"2025-09-16T04:02:42+00:00\" \/>\n<meta property=\"og:image\" content=\"https:\/\/reviva.fi\/wp-content\/uploads\/2025\/01\/8997-90-Pet-nutrition.jpg\" \/>\n\t<meta property=\"og:image:width\" content=\"780\" \/>\n\t<meta property=\"og:image:height\" content=\"780\" \/>\n\t<meta property=\"og:image:type\" content=\"image\/jpeg\" \/>\n<meta name=\"twitter:card\" content=\"summary_large_image\" \/>\n<script type=\"application\/ld+json\" class=\"yoast-schema-graph\">{\"@context\":\"https:\/\/schema.org\",\"@graph\":[{\"@type\":\"WebPage\",\"@id\":\"https:\/\/reviva.fi\/fi\/tuote\/chewable-glucosamine-complex-for-dogs-cats-lamberts\/\",\"url\":\"https:\/\/reviva.fi\/fi\/tuote\/chewable-glucosamine-complex-for-dogs-cats-lamberts\/\",\"name\":\"Glukosamiini Kompleksi lemmikeille - Lamberts - Reviva\",\"isPartOf\":{\"@id\":\"https:\/\/reviva.fi\/fi\/#website\"},\"primaryImageOfPage\":{\"@id\":\"https:\/\/reviva.fi\/fi\/tuote\/chewable-glucosamine-complex-for-dogs-cats-lamberts\/#primaryimage\"},\"image\":{\"@id\":\"https:\/\/reviva.fi\/fi\/tuote\/chewable-glucosamine-complex-for-dogs-cats-lamberts\/#primaryimage\"},\"thumbnailUrl\":\"https:\/\/reviva.fi\/wp-content\/uploads\/2025\/01\/8997-90-Pet-nutrition.jpg\",\"datePublished\":\"2025-01-29T13:59:51+00:00\",\"dateModified\":\"2025-09-16T04:02:42+00:00\",\"description\":\"Glukosamiini Kompleksi lemmikeille - Lamberts tukee niveli\u00e4 ja liikkuvuutta glukosamiinin, MSM:n ja muiden aktiivisten ainesosien yhdistelm\u00e4ll\u00e4.\",\"breadcrumb\":{\"@id\":\"https:\/\/reviva.fi\/fi\/tuote\/chewable-glucosamine-complex-for-dogs-cats-lamberts\/#breadcrumb\"},\"inLanguage\":\"fi\",\"potentialAction\":[{\"@type\":\"ReadAction\",\"target\":[\"https:\/\/reviva.fi\/fi\/tuote\/chewable-glucosamine-complex-for-dogs-cats-lamberts\/\"]}]},{\"@type\":\"ImageObject\",\"inLanguage\":\"fi\",\"@id\":\"https:\/\/reviva.fi\/fi\/tuote\/chewable-glucosamine-complex-for-dogs-cats-lamberts\/#primaryimage\",\"url\":\"https:\/\/reviva.fi\/wp-content\/uploads\/2025\/01\/8997-90-Pet-nutrition.jpg\",\"contentUrl\":\"https:\/\/reviva.fi\/wp-content\/uploads\/2025\/01\/8997-90-Pet-nutrition.jpg\",\"width\":780,\"height\":780,\"caption\":\"Chewable Glucosamine Complex for Dogs & Cats - Lamberts\"},{\"@type\":\"BreadcrumbList\",\"@id\":\"https:\/\/reviva.fi\/fi\/tuote\/chewable-glucosamine-complex-for-dogs-cats-lamberts\/#breadcrumb\",\"itemListElement\":[{\"@type\":\"ListItem\",\"position\":1,\"name\":\"Etusivu\",\"item\":\"https:\/\/reviva.fi\/fi\/\"},{\"@type\":\"ListItem\",\"position\":2,\"name\":\"Tuotteet\",\"item\":\"https:\/\/reviva.fi\/produkter\/\"},{\"@type\":\"ListItem\",\"position\":3,\"name\":\"Glukosamiini Kompleksi lemmikeille &#8211; Lamberts\"}]},{\"@type\":\"WebSite\",\"@id\":\"https:\/\/reviva.fi\/fi\/#website\",\"url\":\"https:\/\/reviva.fi\/fi\/\",\"name\":\"Reviva\",\"description\":\"\",\"publisher\":{\"@id\":\"https:\/\/reviva.fi\/fi\/#organization\"},\"potentialAction\":[{\"@type\":\"SearchAction\",\"target\":{\"@type\":\"EntryPoint\",\"urlTemplate\":\"https:\/\/reviva.fi\/fi\/?s={search_term_string}\"},\"query-input\":{\"@type\":\"PropertyValueSpecification\",\"valueRequired\":true,\"valueName\":\"search_term_string\"}}],\"inLanguage\":\"fi\"},{\"@type\":\"Organization\",\"@id\":\"https:\/\/reviva.fi\/fi\/#organization\",\"name\":\"Reviva\",\"url\":\"https:\/\/reviva.fi\/fi\/\",\"logo\":{\"@type\":\"ImageObject\",\"inLanguage\":\"fi\",\"@id\":\"https:\/\/reviva.fi\/fi\/#\/schema\/logo\/image\/\",\"url\":\"https:\/\/reviva.fi\/wp-content\/uploads\/2023\/10\/reviva-logo2.svg\",\"contentUrl\":\"https:\/\/reviva.fi\/wp-content\/uploads\/2023\/10\/reviva-logo2.svg\",\"caption\":\"Reviva\"},\"image\":{\"@id\":\"https:\/\/reviva.fi\/fi\/#\/schema\/logo\/image\/\"}}]}<\/script>\n<meta property=\"product:price:amount\" content=\"17.25\" \/>\n<meta property=\"product:price:currency\" content=\"EUR\" \/>\n<meta property=\"og:availability\" content=\"instock\" \/>\n<meta property=\"product:availability\" content=\"instock\" \/>\n<meta property=\"product:retailer_item_id\" content=\"8997-90\" \/>\n<meta property=\"product:condition\" content=\"new\" \/>\n<!-- \/ Yoast SEO plugin. -->","yoast_head_json":{"title":"Glukosamiini Kompleksi lemmikeille - Lamberts - Reviva","description":"Glukosamiini Kompleksi lemmikeille - Lamberts tukee niveli\u00e4 ja liikkuvuutta glukosamiinin, MSM:n ja muiden aktiivisten ainesosien yhdistelm\u00e4ll\u00e4.","robots":{"index":"index","follow":"follow","max-snippet":"max-snippet:-1","max-image-preview":"max-image-preview:large","max-video-preview":"max-video-preview:-1"},"canonical":"https:\/\/reviva.fi\/fi\/tuote\/chewable-glucosamine-complex-for-dogs-cats-lamberts\/","og_locale":"fi_FI","og_type":"article","og_title":"Glukosamiini Kompleksi lemmikeille - Lamberts - Reviva","og_description":"Glukosamiini Kompleksi lemmikeille - Lamberts tukee niveli\u00e4 ja liikkuvuutta glukosamiinin, MSM:n ja muiden aktiivisten ainesosien yhdistelm\u00e4ll\u00e4.","og_url":"https:\/\/reviva.fi\/fi\/tuote\/chewable-glucosamine-complex-for-dogs-cats-lamberts\/","og_site_name":"Reviva","article_modified_time":"2025-09-16T04:02:42+00:00","og_image":[{"width":780,"height":780,"url":"https:\/\/reviva.fi\/wp-content\/uploads\/2025\/01\/8997-90-Pet-nutrition.jpg","type":"image\/jpeg"}],"twitter_card":"summary_large_image","schema":{"@context":"https:\/\/schema.org","@graph":[{"@type":"WebPage","@id":"https:\/\/reviva.fi\/fi\/tuote\/chewable-glucosamine-complex-for-dogs-cats-lamberts\/","url":"https:\/\/reviva.fi\/fi\/tuote\/chewable-glucosamine-complex-for-dogs-cats-lamberts\/","name":"Glukosamiini Kompleksi lemmikeille - Lamberts - Reviva","isPartOf":{"@id":"https:\/\/reviva.fi\/fi\/#website"},"primaryImageOfPage":{"@id":"https:\/\/reviva.fi\/fi\/tuote\/chewable-glucosamine-complex-for-dogs-cats-lamberts\/#primaryimage"},"image":{"@id":"https:\/\/reviva.fi\/fi\/tuote\/chewable-glucosamine-complex-for-dogs-cats-lamberts\/#primaryimage"},"thumbnailUrl":"https:\/\/reviva.fi\/wp-content\/uploads\/2025\/01\/8997-90-Pet-nutrition.jpg","datePublished":"2025-01-29T13:59:51+00:00","dateModified":"2025-09-16T04:02:42+00:00","description":"Glukosamiini Kompleksi lemmikeille - Lamberts tukee niveli\u00e4 ja liikkuvuutta glukosamiinin, MSM:n ja muiden aktiivisten ainesosien yhdistelm\u00e4ll\u00e4.","breadcrumb":{"@id":"https:\/\/reviva.fi\/fi\/tuote\/chewable-glucosamine-complex-for-dogs-cats-lamberts\/#breadcrumb"},"inLanguage":"fi","potentialAction":[{"@type":"ReadAction","target":["https:\/\/reviva.fi\/fi\/tuote\/chewable-glucosamine-complex-for-dogs-cats-lamberts\/"]}]},{"@type":"ImageObject","inLanguage":"fi","@id":"https:\/\/reviva.fi\/fi\/tuote\/chewable-glucosamine-complex-for-dogs-cats-lamberts\/#primaryimage","url":"https:\/\/reviva.fi\/wp-content\/uploads\/2025\/01\/8997-90-Pet-nutrition.jpg","contentUrl":"https:\/\/reviva.fi\/wp-content\/uploads\/2025\/01\/8997-90-Pet-nutrition.jpg","width":780,"height":780,"caption":"Chewable Glucosamine Complex for Dogs & Cats - Lamberts"},{"@type":"BreadcrumbList","@id":"https:\/\/reviva.fi\/fi\/tuote\/chewable-glucosamine-complex-for-dogs-cats-lamberts\/#breadcrumb","itemListElement":[{"@type":"ListItem","position":1,"name":"Etusivu","item":"https:\/\/reviva.fi\/fi\/"},{"@type":"ListItem","position":2,"name":"Tuotteet","item":"https:\/\/reviva.fi\/produkter\/"},{"@type":"ListItem","position":3,"name":"Glukosamiini Kompleksi lemmikeille &#8211; Lamberts"}]},{"@type":"WebSite","@id":"https:\/\/reviva.fi\/fi\/#website","url":"https:\/\/reviva.fi\/fi\/","name":"Reviva","description":"","publisher":{"@id":"https:\/\/reviva.fi\/fi\/#organization"},"potentialAction":[{"@type":"SearchAction","target":{"@type":"EntryPoint","urlTemplate":"https:\/\/reviva.fi\/fi\/?s={search_term_string}"},"query-input":{"@type":"PropertyValueSpecification","valueRequired":true,"valueName":"search_term_string"}}],"inLanguage":"fi"},{"@type":"Organization","@id":"https:\/\/reviva.fi\/fi\/#organization","name":"Reviva","url":"https:\/\/reviva.fi\/fi\/","logo":{"@type":"ImageObject","inLanguage":"fi","@id":"https:\/\/reviva.fi\/fi\/#\/schema\/logo\/image\/","url":"https:\/\/reviva.fi\/wp-content\/uploads\/2023\/10\/reviva-logo2.svg","contentUrl":"https:\/\/reviva.fi\/wp-content\/uploads\/2023\/10\/reviva-logo2.svg","caption":"Reviva"},"image":{"@id":"https:\/\/reviva.fi\/fi\/#\/schema\/logo\/image\/"}}]},"product_price_amount":"17.25","product_price_currency":"EUR","og_availability":"instock","product_availability":"instock","product_retailer_item_id":"8997-90","product_condition":"new"},"taxonomy_info":{"product_cat":[{"value":2505,"label":"Muut ravintolis\u00e4t"},{"value":2444,"label":"Lamberts"}],"product_tag":[{"value":412,"label":"antioksidantti"},{"value":3375,"label":"Dagligt tillskott"},{"value":4556,"label":"glukosamiini"},{"value":4557,"label":"glukosamiinisulfaatti"},{"value":4566,"label":"helppo hallita"},{"value":4560,"label":"Kissat"},{"value":4559,"label":"koirat"},{"value":4532,"label":"Lamberts"},{"value":3504,"label":"Ledh\u00e4lsa"},{"value":4561,"label":"lemmikki"},{"value":4558,"label":"liikkuvuus"},{"value":4565,"label":"p\u00e4hkin\u00e4inen maku"},{"value":4564,"label":"purutabletit"},{"value":4534,"label":"Reviva.fi"},{"value":4562,"label":"ruston tuki"},{"value":4563,"label":"vanhemmat lemmikit"},{"value":2959,"label":"Vitamiini C"},{"value":2960,"label":"Vitamiini E"}]},"featured_image_src_large":["https:\/\/reviva.fi\/wp-content\/uploads\/2025\/01\/8997-90-Pet-nutrition.jpg",780,780,false],"author_info":[],"comment_info":0,"_links":{"self":[{"href":"https:\/\/reviva.fi\/fi\/wp-json\/wp\/v2\/product\/10947","targetHints":{"allow":["GET"]}}],"collection":[{"href":"https:\/\/reviva.fi\/fi\/wp-json\/wp\/v2\/product"}],"about":[{"href":"https:\/\/reviva.fi\/fi\/wp-json\/wp\/v2\/types\/product"}],"replies":[{"embeddable":true,"href":"https:\/\/reviva.fi\/fi\/wp-json\/wp\/v2\/comments?post=10947"}],"wp:featuredmedia":[{"embeddable":true,"href":"https:\/\/reviva.fi\/fi\/wp-json\/wp\/v2\/media\/10805"}],"wp:attachment":[{"href":"https:\/\/reviva.fi\/fi\/wp-json\/wp\/v2\/media?parent=10947"}],"wp:term":[{"taxonomy":"product_brand","embeddable":true,"href":"https:\/\/reviva.fi\/fi\/wp-json\/wp\/v2\/product_brand?post=10947"},{"taxonomy":"product_cat","embeddable":true,"href":"https:\/\/reviva.fi\/fi\/wp-json\/wp\/v2\/product_cat?post=10947"},{"taxonomy":"product_tag","embeddable":true,"href":"https:\/\/reviva.fi\/fi\/wp-json\/wp\/v2\/product_tag?post=10947"}],"curies":[{"name":"wp","href":"https:\/\/api.w.org\/{rel}","templated":true}]}}