{"id":10953,"date":"2025-01-29T15:33:36","date_gmt":"2025-01-29T13:33:36","guid":{"rendered":"https:\/\/reviva.fi\/product\/multi-guard-pregnancy-lamberts\/"},"modified":"2025-02-03T13:43:16","modified_gmt":"2025-02-03T11:43:16","slug":"multi-guard-pregnancy-lamberts","status":"publish","type":"product","link":"https:\/\/reviva.fi\/fi\/tuote\/multi-guard-pregnancy-lamberts\/","title":{"rendered":"Multi-Guard Pregnancy &#8211; Lamberts"},"content":{"rendered":"<p><strong>Multi-Guard Pregnancy &#8211; Lamberts<\/strong><\/p>\n<p>&nbsp;<\/p>\n<p>Multi-Guard\u00ae Pregnancy on kahdesti p\u00e4iv\u00e4ss\u00e4 otettava moniravinteinen kaava, jonka Lamberts\u00ae Technical Department on kehitt\u00e4nyt naisille, jotka joko toivovat raskautta, ovat jo raskaana tai imett\u00e4v\u00e4t.<\/p>\n<p>Viralliset tiedot nuorten naisten ruokavalioista Yhdistyneess\u00e4 kuningaskunnassa osoittavat, ett\u00e4 joidenkin t\u00e4st\u00e4 v\u00e4est\u00f6st\u00e4 joidenkin vitamiinien ja kivenn\u00e4isaineiden saanti saattaa laskea DRI-arvojen* alapuolelle. Yll\u00e4tt\u00e4vin on n\u00e4iden naisten suuri osuus (9\/10), joiden ruokavaliossa on v\u00e4hemm\u00e4n kuin DRI* rautaa. T\u00e4m\u00e4n t\u00e4rkeytt\u00e4 korostettiin laajassa tutkimuksessa, joka osoitti k\u00e4\u00e4nteisen suhteen raudan saannin ja naisten hedelm\u00e4tt\u00f6myyden v\u00e4lill\u00e4.<\/p>\n<p>Useat B-vitamiinit ovat my\u00f6s vaarassa j\u00e4\u00e4d\u00e4 DRI-arvojen alapuolelle (joka on ep\u00e4ilem\u00e4tt\u00e4 paljon optimaalisen tason alapuolella). Ainoa virallinen tunnustus n\u00e4ist\u00e4 mahdollisista puutteista on terveysministeri\u00f6n keskittyminen foolihappoon. Jos foolihappolis\u00e4\u00e4 tarvitaan, n\u00e4ytt\u00e4\u00e4 melko todenn\u00e4k\u00f6iselt\u00e4, ett\u00e4 muut B-vitamiinit ovat vaarassa.<\/p>\n<p>Multi-Guard\u00ae Pregnancy tarjoaa Terveysministeri\u00f6n suositteleman 400 \u00b5g foolihappoa kehoon sopivassa metyloidussa muodossa sek\u00e4 optimaalisen tason 21 muuta vitamiinia ja kivenn\u00e4isainetta, joita tarvitaan t\u00e4n\u00e4 t\u00e4rke\u00e4n\u00e4 aikana. Se sis\u00e4lt\u00e4\u00e4 my\u00f6s 130 mg koliinia, joka edist\u00e4\u00e4 normaalia maksan toimintaa siki\u00f6ll\u00e4 ja yksinomaan rintaruokitulla imev\u00e4isell\u00e4.<br \/>\n*DRI = Vuorokautisen saannin vertailuarvo.<\/p>\n","protected":false},"excerpt":{"rendered":"<p>Naisille, jotka toivovat raskautta, ovat raskaana tai imett\u00e4v\u00e4t.<\/p>\n<p><strong>90 Tablettia\u00a0<\/strong><\/p>\n","protected":false},"featured_media":10797,"comment_status":"closed","ping_status":"closed","template":"","meta":{"_acf_changed":false,"inline_featured_image":false,"_kad_blocks_custom_css":"","_kad_blocks_head_custom_js":"","_kad_blocks_body_custom_js":"","_kad_blocks_footer_custom_js":"","_kadence_starter_templates_imported_post":false,"_kad_post_transparent":"default","_kad_post_title":"","_kad_post_layout":"default","_kad_post_sidebar_id":"","_kad_post_content_style":"default","_kad_post_vertical_padding":"default","_kad_post_feature":"","_kad_post_feature_position":"","_kad_post_header":false,"_kad_post_footer":false},"product_brand":[],"product_cat":[5978,2444,5981],"product_tag":[4575,3056,412,1165,521,4418,4572,469,4402,4435,3384,4573,444,445,2945,2946,2909,476,4432,479,4574,4567,496,4571,2919,4576,2962,3002,4436,4403,2959,3198],"class_list":{"0":"post-10953","1":"product","2":"type-product","3":"status-publish","4":"has-post-thumbnail","6":"product_cat-multi-produkter-fi","7":"product_cat-lamberts-fi","8":"product_cat-gravid-ammande-fi","9":"product_tag-400-g-fi","10":"product_tag-aivot","11":"product_tag-antioksidantti","12":"product_tag-b-vitamiinit","13":"product_tag-d-vitamiini","14":"product_tag-energiantuotanto","15":"product_tag-ennakkokasitys","16":"product_tag-foolihappo","17":"product_tag-gmp-standardi","18":"product_tag-hermoston-toiminta","19":"product_tag-hormonbalans-fi","20":"product_tag-imetys","21":"product_tag-immuunijarjestelma","22":"product_tag-inositoli","23":"product_tag-jodi","24":"product_tag-kalsium","25":"product_tag-koliini","26":"product_tag-lisaravinne","27":"product_tag-luuston-terveytta","28":"product_tag-magnesiumi","29":"product_tag-metyylifolaatti","30":"product_tag-monimineraali","31":"product_tag-multivitamiini","32":"product_tag-raskaus","33":"product_tag-seleeni","34":"product_tag-sikion-kehitys","35":"product_tag-sinkki","36":"product_tag-solukasvu","37":"product_tag-vasymyksen-vahentaminen","38":"product_tag-vegaaniystavallinen","39":"product_tag-vitamiini-c","40":"product_tag-vitamiini-k","42":"first","43":"instock","44":"taxable","45":"shipping-taxable","46":"purchasable","47":"product-type-simple","48":"entry","49":"content-bg","50":"loop-entry"},"acf":[],"yoast_head":"<!-- This site is optimized with the Yoast SEO plugin v25.8 - https:\/\/yoast.com\/wordpress\/plugins\/seo\/ -->\n<title>Multi-Guard Pregnancy - Lamberts - Reviva<\/title>\n<meta name=\"description\" content=\"Multi-Guard Pregnancy - Lamberts raskaana oleville naisille, joka tukee sek\u00e4 \u00e4iti\u00e4 ett\u00e4 vauvaa v\u00e4ltt\u00e4m\u00e4tt\u00f6mill\u00e4 vitamiineilla ja kivenn\u00e4isaineilla.\" \/>\n<meta name=\"robots\" content=\"index, follow, max-snippet:-1, max-image-preview:large, max-video-preview:-1\" \/>\n<link rel=\"canonical\" href=\"https:\/\/reviva.fi\/fi\/tuote\/multi-guard-pregnancy-lamberts\/\" \/>\n<meta property=\"og:locale\" content=\"fi_FI\" \/>\n<meta property=\"og:type\" content=\"article\" \/>\n<meta property=\"og:title\" content=\"Multi-Guard Pregnancy - Lamberts - Reviva\" \/>\n<meta property=\"og:description\" content=\"Multi-Guard Pregnancy - Lamberts raskaana oleville naisille, joka tukee sek\u00e4 \u00e4iti\u00e4 ett\u00e4 vauvaa v\u00e4ltt\u00e4m\u00e4tt\u00f6mill\u00e4 vitamiineilla ja kivenn\u00e4isaineilla.\" \/>\n<meta property=\"og:url\" content=\"https:\/\/reviva.fi\/fi\/tuote\/multi-guard-pregnancy-lamberts\/\" \/>\n<meta property=\"og:site_name\" content=\"Reviva\" \/>\n<meta property=\"article:modified_time\" content=\"2025-02-03T11:43:16+00:00\" \/>\n<meta property=\"og:image\" content=\"https:\/\/reviva.fi\/wp-content\/uploads\/2025\/01\/8463-90-Multi-Guard-Pregnancy.jpg\" \/>\n\t<meta property=\"og:image:width\" content=\"780\" \/>\n\t<meta property=\"og:image:height\" content=\"780\" \/>\n\t<meta property=\"og:image:type\" content=\"image\/jpeg\" \/>\n<meta name=\"twitter:card\" content=\"summary_large_image\" \/>\n<script type=\"application\/ld+json\" class=\"yoast-schema-graph\">{\"@context\":\"https:\/\/schema.org\",\"@graph\":[{\"@type\":\"WebPage\",\"@id\":\"https:\/\/reviva.fi\/fi\/tuote\/multi-guard-pregnancy-lamberts\/\",\"url\":\"https:\/\/reviva.fi\/fi\/tuote\/multi-guard-pregnancy-lamberts\/\",\"name\":\"Multi-Guard Pregnancy - Lamberts - Reviva\",\"isPartOf\":{\"@id\":\"https:\/\/reviva.fi\/fi\/#website\"},\"primaryImageOfPage\":{\"@id\":\"https:\/\/reviva.fi\/fi\/tuote\/multi-guard-pregnancy-lamberts\/#primaryimage\"},\"image\":{\"@id\":\"https:\/\/reviva.fi\/fi\/tuote\/multi-guard-pregnancy-lamberts\/#primaryimage\"},\"thumbnailUrl\":\"https:\/\/reviva.fi\/wp-content\/uploads\/2025\/01\/8463-90-Multi-Guard-Pregnancy.jpg\",\"datePublished\":\"2025-01-29T13:33:36+00:00\",\"dateModified\":\"2025-02-03T11:43:16+00:00\",\"description\":\"Multi-Guard Pregnancy - Lamberts raskaana oleville naisille, joka tukee sek\u00e4 \u00e4iti\u00e4 ett\u00e4 vauvaa v\u00e4ltt\u00e4m\u00e4tt\u00f6mill\u00e4 vitamiineilla ja kivenn\u00e4isaineilla.\",\"breadcrumb\":{\"@id\":\"https:\/\/reviva.fi\/fi\/tuote\/multi-guard-pregnancy-lamberts\/#breadcrumb\"},\"inLanguage\":\"fi\",\"potentialAction\":[{\"@type\":\"ReadAction\",\"target\":[\"https:\/\/reviva.fi\/fi\/tuote\/multi-guard-pregnancy-lamberts\/\"]}]},{\"@type\":\"ImageObject\",\"inLanguage\":\"fi\",\"@id\":\"https:\/\/reviva.fi\/fi\/tuote\/multi-guard-pregnancy-lamberts\/#primaryimage\",\"url\":\"https:\/\/reviva.fi\/wp-content\/uploads\/2025\/01\/8463-90-Multi-Guard-Pregnancy.jpg\",\"contentUrl\":\"https:\/\/reviva.fi\/wp-content\/uploads\/2025\/01\/8463-90-Multi-Guard-Pregnancy.jpg\",\"width\":780,\"height\":780,\"caption\":\"Multi-\"},{\"@type\":\"BreadcrumbList\",\"@id\":\"https:\/\/reviva.fi\/fi\/tuote\/multi-guard-pregnancy-lamberts\/#breadcrumb\",\"itemListElement\":[{\"@type\":\"ListItem\",\"position\":1,\"name\":\"Etusivu\",\"item\":\"https:\/\/reviva.fi\/fi\/\"},{\"@type\":\"ListItem\",\"position\":2,\"name\":\"Tuotteet\",\"item\":\"https:\/\/reviva.fi\/produkter\/\"},{\"@type\":\"ListItem\",\"position\":3,\"name\":\"Multi-Guard Pregnancy &#8211; Lamberts\"}]},{\"@type\":\"WebSite\",\"@id\":\"https:\/\/reviva.fi\/fi\/#website\",\"url\":\"https:\/\/reviva.fi\/fi\/\",\"name\":\"Reviva\",\"description\":\"\",\"publisher\":{\"@id\":\"https:\/\/reviva.fi\/fi\/#organization\"},\"potentialAction\":[{\"@type\":\"SearchAction\",\"target\":{\"@type\":\"EntryPoint\",\"urlTemplate\":\"https:\/\/reviva.fi\/fi\/?s={search_term_string}\"},\"query-input\":{\"@type\":\"PropertyValueSpecification\",\"valueRequired\":true,\"valueName\":\"search_term_string\"}}],\"inLanguage\":\"fi\"},{\"@type\":\"Organization\",\"@id\":\"https:\/\/reviva.fi\/fi\/#organization\",\"name\":\"Reviva\",\"url\":\"https:\/\/reviva.fi\/fi\/\",\"logo\":{\"@type\":\"ImageObject\",\"inLanguage\":\"fi\",\"@id\":\"https:\/\/reviva.fi\/fi\/#\/schema\/logo\/image\/\",\"url\":\"https:\/\/reviva.fi\/wp-content\/uploads\/2023\/10\/reviva-logo2.svg\",\"contentUrl\":\"https:\/\/reviva.fi\/wp-content\/uploads\/2023\/10\/reviva-logo2.svg\",\"caption\":\"Reviva\"},\"image\":{\"@id\":\"https:\/\/reviva.fi\/fi\/#\/schema\/logo\/image\/\"}}]}<\/script>\n<meta property=\"product:price:amount\" content=\"29.90\" \/>\n<meta property=\"product:price:currency\" content=\"EUR\" \/>\n<meta property=\"og:availability\" content=\"instock\" \/>\n<meta property=\"product:availability\" content=\"instock\" \/>\n<meta property=\"product:retailer_item_id\" content=\"8463-90\" \/>\n<meta property=\"product:condition\" content=\"new\" \/>\n<!-- \/ Yoast SEO plugin. -->","yoast_head_json":{"title":"Multi-Guard Pregnancy - Lamberts - Reviva","description":"Multi-Guard Pregnancy - Lamberts raskaana oleville naisille, joka tukee sek\u00e4 \u00e4iti\u00e4 ett\u00e4 vauvaa v\u00e4ltt\u00e4m\u00e4tt\u00f6mill\u00e4 vitamiineilla ja kivenn\u00e4isaineilla.","robots":{"index":"index","follow":"follow","max-snippet":"max-snippet:-1","max-image-preview":"max-image-preview:large","max-video-preview":"max-video-preview:-1"},"canonical":"https:\/\/reviva.fi\/fi\/tuote\/multi-guard-pregnancy-lamberts\/","og_locale":"fi_FI","og_type":"article","og_title":"Multi-Guard Pregnancy - Lamberts - Reviva","og_description":"Multi-Guard Pregnancy - Lamberts raskaana oleville naisille, joka tukee sek\u00e4 \u00e4iti\u00e4 ett\u00e4 vauvaa v\u00e4ltt\u00e4m\u00e4tt\u00f6mill\u00e4 vitamiineilla ja kivenn\u00e4isaineilla.","og_url":"https:\/\/reviva.fi\/fi\/tuote\/multi-guard-pregnancy-lamberts\/","og_site_name":"Reviva","article_modified_time":"2025-02-03T11:43:16+00:00","og_image":[{"width":780,"height":780,"url":"https:\/\/reviva.fi\/wp-content\/uploads\/2025\/01\/8463-90-Multi-Guard-Pregnancy.jpg","type":"image\/jpeg"}],"twitter_card":"summary_large_image","schema":{"@context":"https:\/\/schema.org","@graph":[{"@type":"WebPage","@id":"https:\/\/reviva.fi\/fi\/tuote\/multi-guard-pregnancy-lamberts\/","url":"https:\/\/reviva.fi\/fi\/tuote\/multi-guard-pregnancy-lamberts\/","name":"Multi-Guard Pregnancy - Lamberts - Reviva","isPartOf":{"@id":"https:\/\/reviva.fi\/fi\/#website"},"primaryImageOfPage":{"@id":"https:\/\/reviva.fi\/fi\/tuote\/multi-guard-pregnancy-lamberts\/#primaryimage"},"image":{"@id":"https:\/\/reviva.fi\/fi\/tuote\/multi-guard-pregnancy-lamberts\/#primaryimage"},"thumbnailUrl":"https:\/\/reviva.fi\/wp-content\/uploads\/2025\/01\/8463-90-Multi-Guard-Pregnancy.jpg","datePublished":"2025-01-29T13:33:36+00:00","dateModified":"2025-02-03T11:43:16+00:00","description":"Multi-Guard Pregnancy - Lamberts raskaana oleville naisille, joka tukee sek\u00e4 \u00e4iti\u00e4 ett\u00e4 vauvaa v\u00e4ltt\u00e4m\u00e4tt\u00f6mill\u00e4 vitamiineilla ja kivenn\u00e4isaineilla.","breadcrumb":{"@id":"https:\/\/reviva.fi\/fi\/tuote\/multi-guard-pregnancy-lamberts\/#breadcrumb"},"inLanguage":"fi","potentialAction":[{"@type":"ReadAction","target":["https:\/\/reviva.fi\/fi\/tuote\/multi-guard-pregnancy-lamberts\/"]}]},{"@type":"ImageObject","inLanguage":"fi","@id":"https:\/\/reviva.fi\/fi\/tuote\/multi-guard-pregnancy-lamberts\/#primaryimage","url":"https:\/\/reviva.fi\/wp-content\/uploads\/2025\/01\/8463-90-Multi-Guard-Pregnancy.jpg","contentUrl":"https:\/\/reviva.fi\/wp-content\/uploads\/2025\/01\/8463-90-Multi-Guard-Pregnancy.jpg","width":780,"height":780,"caption":"Multi-"},{"@type":"BreadcrumbList","@id":"https:\/\/reviva.fi\/fi\/tuote\/multi-guard-pregnancy-lamberts\/#breadcrumb","itemListElement":[{"@type":"ListItem","position":1,"name":"Etusivu","item":"https:\/\/reviva.fi\/fi\/"},{"@type":"ListItem","position":2,"name":"Tuotteet","item":"https:\/\/reviva.fi\/produkter\/"},{"@type":"ListItem","position":3,"name":"Multi-Guard Pregnancy &#8211; Lamberts"}]},{"@type":"WebSite","@id":"https:\/\/reviva.fi\/fi\/#website","url":"https:\/\/reviva.fi\/fi\/","name":"Reviva","description":"","publisher":{"@id":"https:\/\/reviva.fi\/fi\/#organization"},"potentialAction":[{"@type":"SearchAction","target":{"@type":"EntryPoint","urlTemplate":"https:\/\/reviva.fi\/fi\/?s={search_term_string}"},"query-input":{"@type":"PropertyValueSpecification","valueRequired":true,"valueName":"search_term_string"}}],"inLanguage":"fi"},{"@type":"Organization","@id":"https:\/\/reviva.fi\/fi\/#organization","name":"Reviva","url":"https:\/\/reviva.fi\/fi\/","logo":{"@type":"ImageObject","inLanguage":"fi","@id":"https:\/\/reviva.fi\/fi\/#\/schema\/logo\/image\/","url":"https:\/\/reviva.fi\/wp-content\/uploads\/2023\/10\/reviva-logo2.svg","contentUrl":"https:\/\/reviva.fi\/wp-content\/uploads\/2023\/10\/reviva-logo2.svg","caption":"Reviva"},"image":{"@id":"https:\/\/reviva.fi\/fi\/#\/schema\/logo\/image\/"}}]},"product_price_amount":"29.90","product_price_currency":"EUR","og_availability":"instock","product_availability":"instock","product_retailer_item_id":"8463-90","product_condition":"new"},"taxonomy_info":{"product_cat":[{"value":5978,"label":"Multi tuotteet"},{"value":2444,"label":"Lamberts"},{"value":5981,"label":"Raskaana\/Imetys"}],"product_tag":[{"value":4575,"label":"400 \u00b5g"},{"value":3056,"label":"aivot"},{"value":412,"label":"antioksidantti"},{"value":1165,"label":"b-vitamiinit"},{"value":521,"label":"d vitamiini"},{"value":4418,"label":"Energiantuotanto"},{"value":4572,"label":"ennakkok\u00e4sitys"},{"value":469,"label":"foolihappo"},{"value":4402,"label":"GMP standardi"},{"value":4435,"label":"hermoston toiminta"},{"value":3384,"label":"Hormonbalans"},{"value":4573,"label":"imetys"},{"value":444,"label":"immuunij\u00e4rjestelm\u00e4"},{"value":445,"label":"inositoli"},{"value":2945,"label":"Jodi"},{"value":2946,"label":"Kalsium"},{"value":2909,"label":"Koliini"},{"value":476,"label":"lis\u00e4ravinne"},{"value":4432,"label":"Luuston terveytt\u00e4"},{"value":479,"label":"magnesiumi"},{"value":4574,"label":"metyylifolaatti"},{"value":4567,"label":"monimineraali"},{"value":496,"label":"multivitamiini"},{"value":4571,"label":"raskaus"},{"value":2919,"label":"Seleeni"},{"value":4576,"label":"siki\u00f6n kehitys"},{"value":2962,"label":"Sinkki"},{"value":3002,"label":"Solukasvu"},{"value":4436,"label":"v\u00e4symyksen v\u00e4hent\u00e4minen"},{"value":4403,"label":"vegaaniyst\u00e4v\u00e4llinen"},{"value":2959,"label":"Vitamiini C"},{"value":3198,"label":"Vitamiini K"}]},"featured_image_src_large":["https:\/\/reviva.fi\/wp-content\/uploads\/2025\/01\/8463-90-Multi-Guard-Pregnancy.jpg",780,780,false],"author_info":[],"comment_info":0,"_links":{"self":[{"href":"https:\/\/reviva.fi\/fi\/wp-json\/wp\/v2\/product\/10953","targetHints":{"allow":["GET"]}}],"collection":[{"href":"https:\/\/reviva.fi\/fi\/wp-json\/wp\/v2\/product"}],"about":[{"href":"https:\/\/reviva.fi\/fi\/wp-json\/wp\/v2\/types\/product"}],"replies":[{"embeddable":true,"href":"https:\/\/reviva.fi\/fi\/wp-json\/wp\/v2\/comments?post=10953"}],"wp:featuredmedia":[{"embeddable":true,"href":"https:\/\/reviva.fi\/fi\/wp-json\/wp\/v2\/media\/10797"}],"wp:attachment":[{"href":"https:\/\/reviva.fi\/fi\/wp-json\/wp\/v2\/media?parent=10953"}],"wp:term":[{"taxonomy":"product_brand","embeddable":true,"href":"https:\/\/reviva.fi\/fi\/wp-json\/wp\/v2\/product_brand?post=10953"},{"taxonomy":"product_cat","embeddable":true,"href":"https:\/\/reviva.fi\/fi\/wp-json\/wp\/v2\/product_cat?post=10953"},{"taxonomy":"product_tag","embeddable":true,"href":"https:\/\/reviva.fi\/fi\/wp-json\/wp\/v2\/product_tag?post=10953"}],"curies":[{"name":"wp","href":"https:\/\/api.w.org\/{rel}","templated":true}]}}