{"id":10959,"date":"2025-01-29T14:00:20","date_gmt":"2025-01-29T12:00:20","guid":{"rendered":"https:\/\/reviva.fi\/product\/natural-beta-carotene-15mg-lamberts\/"},"modified":"2026-02-02T19:20:09","modified_gmt":"2026-02-02T17:20:09","slug":"luontainen-beetakaroteeni-lamberts","status":"publish","type":"product","link":"https:\/\/reviva.fi\/fi\/tuote\/luontainen-beetakaroteeni-lamberts\/","title":{"rendered":"Natural Betacarotene &#8211; Luontainen Beetakaroteeni &#8211; Lamberts"},"content":{"rendered":"<p data-start=\"60\" data-end=\"102\"><strong data-start=\"60\" data-end=\"102\">Natural Beta Carotene 15 mg \u2013 Lamberts<\/strong><\/p>\n<p data-start=\"104\" data-end=\"160\"><strong data-start=\"104\" data-end=\"160\">Vahva betakaroteeni, jossa on sekoitus karotenoideja<\/strong><\/p>\n<p data-start=\"162\" data-end=\"438\">Lamberts\u00ae Natural Betakaroteeni saadaan luonnollisesti levist\u00e4 ja sis\u00e4lt\u00e4\u00e4 <strong data-start=\"237\" data-end=\"273\">15 mg betakaroteenia per kapseli<\/strong>. Tuote sis\u00e4lt\u00e4\u00e4 sekoituksen karotenoideja, joita esiintyy luontaisesti monissa hedelmiss\u00e4 ja vihanneksissa ja jotka ovat pitk\u00e4\u00e4n kiinnostaneet ravitsemustutkijoita.<\/p>\n<p data-start=\"440\" data-end=\"775\">Betakaroteeni on A-vitamiinin esiaste. Elimist\u00f6 muuntaa betakaroteenin A-vitamiiniksi tarpeen mukaan, mink\u00e4 ansiosta se on turvallinen ja joustava l\u00e4hde. Ylim\u00e4\u00e4r\u00e4inen betakaroteeni varastoituu ihoon, miss\u00e4 se voi antaa iholle kevyen kullans\u00e4vyisen vivahteen ja sen tiedet\u00e4\u00e4n tarjoavan jonkin verran suojaa auringon vaikutuksia vastaan.<\/p>\n","protected":false},"excerpt":{"rendered":"<p>15 mg luonnollista betakaroteenia, jossa on sekoitus karotenoideja<\/p>\n<p><strong>90 kapselia\u00a0<\/strong><\/p>\n","protected":false},"featured_media":10790,"comment_status":"closed","ping_status":"closed","template":"","meta":{"_acf_changed":false,"inline_featured_image":false,"_kad_blocks_custom_css":"","_kad_blocks_head_custom_js":"","_kad_blocks_body_custom_js":"","_kad_blocks_footer_custom_js":"","_kadence_starter_templates_imported_post":false,"_kad_post_transparent":"default","_kad_post_title":"","_kad_post_layout":"default","_kad_post_sidebar_id":"","_kad_post_content_style":"default","_kad_post_vertical_padding":"default","_kad_post_feature":"","_kad_post_feature_position":"","_kad_post_header":false,"_kad_post_footer":false},"product_brand":[],"product_cat":[96,5959,141,2444,2350],"product_tag":[4585,3484,412,4588,3464,4589,4402,3580,3385,444,476,4584,4587,4583,4586,1630],"class_list":{"0":"post-10959","1":"product","2":"type-product","3":"status-publish","4":"has-post-thumbnail","6":"product_cat-vitaminer-fi","7":"product_cat-a-vitamin-fi","8":"product_cat-orter-fi","9":"product_cat-lamberts-fi","10":"product_cat-hud-och-skonhet-fi","11":"product_tag-15-mg-fi","12":"product_tag-anti-aging-fi","13":"product_tag-antioksidantti","14":"product_tag-aurinkosuoja","15":"product_tag-cellskydd-fi","16":"product_tag-dunaliella-salina-leva","17":"product_tag-gmp-standardi","18":"product_tag-hog-biotillganglighet-fi","19":"product_tag-hudhalsa-fi","20":"product_tag-immuunijarjestelma","21":"product_tag-lisaravinne","22":"product_tag-luonnollinen-beetakaroteeni","23":"product_tag-provitamiini-a","24":"product_tag-rasvaliukoinen","25":"product_tag-sekoitettuja-karotenoideja","26":"product_tag-silmien-terveytta","28":"first","29":"instock","30":"taxable","31":"shipping-taxable","32":"purchasable","33":"product-type-simple","34":"entry","35":"content-bg","36":"loop-entry"},"acf":[],"yoast_head":"<!-- This site is optimized with the Yoast SEO plugin v25.8 - https:\/\/yoast.com\/wordpress\/plugins\/seo\/ -->\n<title>Natural Betacarotene - Luontainen Beetakaroteeni - Lamberts - Reviva<\/title>\n<meta name=\"description\" content=\"Luontainen Beetakaroteeni - Lamberts on ravintolis\u00e4, joka tarjoaa luonnollista tukea silmien terveydelle ja suojaa soluja oksidatiiviselta stressilt\u00e4.\" \/>\n<meta name=\"robots\" content=\"index, follow, max-snippet:-1, max-image-preview:large, max-video-preview:-1\" \/>\n<link rel=\"canonical\" href=\"https:\/\/reviva.fi\/fi\/tuote\/luontainen-beetakaroteeni-lamberts\/\" \/>\n<meta property=\"og:locale\" content=\"fi_FI\" \/>\n<meta property=\"og:type\" content=\"article\" \/>\n<meta property=\"og:title\" content=\"Natural Betacarotene - Luontainen Beetakaroteeni - Lamberts - Reviva\" \/>\n<meta property=\"og:description\" content=\"Luontainen Beetakaroteeni - Lamberts on ravintolis\u00e4, joka tarjoaa luonnollista tukea silmien terveydelle ja suojaa soluja oksidatiiviselta stressilt\u00e4.\" \/>\n<meta property=\"og:url\" content=\"https:\/\/reviva.fi\/fi\/tuote\/luontainen-beetakaroteeni-lamberts\/\" \/>\n<meta property=\"og:site_name\" content=\"Reviva\" \/>\n<meta property=\"article:modified_time\" content=\"2026-02-02T17:20:09+00:00\" \/>\n<meta property=\"og:image\" content=\"https:\/\/reviva.fi\/wp-content\/uploads\/2025\/01\/8018-90-Natural-Beta-Carotene.jpg\" \/>\n\t<meta property=\"og:image:width\" content=\"780\" \/>\n\t<meta property=\"og:image:height\" content=\"780\" \/>\n\t<meta property=\"og:image:type\" content=\"image\/jpeg\" \/>\n<meta name=\"twitter:card\" content=\"summary_large_image\" \/>\n<script type=\"application\/ld+json\" class=\"yoast-schema-graph\">{\"@context\":\"https:\/\/schema.org\",\"@graph\":[{\"@type\":\"WebPage\",\"@id\":\"https:\/\/reviva.fi\/fi\/tuote\/luontainen-beetakaroteeni-lamberts\/\",\"url\":\"https:\/\/reviva.fi\/fi\/tuote\/luontainen-beetakaroteeni-lamberts\/\",\"name\":\"Natural Betacarotene - Luontainen Beetakaroteeni - Lamberts - Reviva\",\"isPartOf\":{\"@id\":\"https:\/\/reviva.fi\/fi\/#website\"},\"primaryImageOfPage\":{\"@id\":\"https:\/\/reviva.fi\/fi\/tuote\/luontainen-beetakaroteeni-lamberts\/#primaryimage\"},\"image\":{\"@id\":\"https:\/\/reviva.fi\/fi\/tuote\/luontainen-beetakaroteeni-lamberts\/#primaryimage\"},\"thumbnailUrl\":\"https:\/\/reviva.fi\/wp-content\/uploads\/2025\/01\/8018-90-Natural-Beta-Carotene.jpg\",\"datePublished\":\"2025-01-29T12:00:20+00:00\",\"dateModified\":\"2026-02-02T17:20:09+00:00\",\"description\":\"Luontainen Beetakaroteeni - Lamberts on ravintolis\u00e4, joka tarjoaa luonnollista tukea silmien terveydelle ja suojaa soluja oksidatiiviselta stressilt\u00e4.\",\"breadcrumb\":{\"@id\":\"https:\/\/reviva.fi\/fi\/tuote\/luontainen-beetakaroteeni-lamberts\/#breadcrumb\"},\"inLanguage\":\"fi\",\"potentialAction\":[{\"@type\":\"ReadAction\",\"target\":[\"https:\/\/reviva.fi\/fi\/tuote\/luontainen-beetakaroteeni-lamberts\/\"]}]},{\"@type\":\"ImageObject\",\"inLanguage\":\"fi\",\"@id\":\"https:\/\/reviva.fi\/fi\/tuote\/luontainen-beetakaroteeni-lamberts\/#primaryimage\",\"url\":\"https:\/\/reviva.fi\/wp-content\/uploads\/2025\/01\/8018-90-Natural-Beta-Carotene.jpg\",\"contentUrl\":\"https:\/\/reviva.fi\/wp-content\/uploads\/2025\/01\/8018-90-Natural-Beta-Carotene.jpg\",\"width\":780,\"height\":780,\"caption\":\"Luontainen Beetakaroteeni - Lamberts\"},{\"@type\":\"BreadcrumbList\",\"@id\":\"https:\/\/reviva.fi\/fi\/tuote\/luontainen-beetakaroteeni-lamberts\/#breadcrumb\",\"itemListElement\":[{\"@type\":\"ListItem\",\"position\":1,\"name\":\"Etusivu\",\"item\":\"https:\/\/reviva.fi\/fi\/\"},{\"@type\":\"ListItem\",\"position\":2,\"name\":\"Tuotteet\",\"item\":\"https:\/\/reviva.fi\/produkter\/\"},{\"@type\":\"ListItem\",\"position\":3,\"name\":\"Natural Betacarotene &#8211; Luontainen Beetakaroteeni &#8211; Lamberts\"}]},{\"@type\":\"WebSite\",\"@id\":\"https:\/\/reviva.fi\/fi\/#website\",\"url\":\"https:\/\/reviva.fi\/fi\/\",\"name\":\"Reviva\",\"description\":\"\",\"publisher\":{\"@id\":\"https:\/\/reviva.fi\/fi\/#organization\"},\"potentialAction\":[{\"@type\":\"SearchAction\",\"target\":{\"@type\":\"EntryPoint\",\"urlTemplate\":\"https:\/\/reviva.fi\/fi\/?s={search_term_string}\"},\"query-input\":{\"@type\":\"PropertyValueSpecification\",\"valueRequired\":true,\"valueName\":\"search_term_string\"}}],\"inLanguage\":\"fi\"},{\"@type\":\"Organization\",\"@id\":\"https:\/\/reviva.fi\/fi\/#organization\",\"name\":\"Reviva\",\"url\":\"https:\/\/reviva.fi\/fi\/\",\"logo\":{\"@type\":\"ImageObject\",\"inLanguage\":\"fi\",\"@id\":\"https:\/\/reviva.fi\/fi\/#\/schema\/logo\/image\/\",\"url\":\"https:\/\/reviva.fi\/wp-content\/uploads\/2023\/10\/reviva-logo2.svg\",\"contentUrl\":\"https:\/\/reviva.fi\/wp-content\/uploads\/2023\/10\/reviva-logo2.svg\",\"caption\":\"Reviva\"},\"image\":{\"@id\":\"https:\/\/reviva.fi\/fi\/#\/schema\/logo\/image\/\"}}]}<\/script>\n<meta property=\"product:price:amount\" content=\"25.40\" \/>\n<meta property=\"product:price:currency\" content=\"EUR\" \/>\n<meta property=\"og:availability\" content=\"instock\" \/>\n<meta property=\"product:availability\" content=\"instock\" \/>\n<meta property=\"product:retailer_item_id\" content=\"8018-90\" \/>\n<meta property=\"product:condition\" content=\"new\" \/>\n<!-- \/ Yoast SEO plugin. -->","yoast_head_json":{"title":"Natural Betacarotene - Luontainen Beetakaroteeni - Lamberts - Reviva","description":"Luontainen Beetakaroteeni - Lamberts on ravintolis\u00e4, joka tarjoaa luonnollista tukea silmien terveydelle ja suojaa soluja oksidatiiviselta stressilt\u00e4.","robots":{"index":"index","follow":"follow","max-snippet":"max-snippet:-1","max-image-preview":"max-image-preview:large","max-video-preview":"max-video-preview:-1"},"canonical":"https:\/\/reviva.fi\/fi\/tuote\/luontainen-beetakaroteeni-lamberts\/","og_locale":"fi_FI","og_type":"article","og_title":"Natural Betacarotene - Luontainen Beetakaroteeni - Lamberts - Reviva","og_description":"Luontainen Beetakaroteeni - Lamberts on ravintolis\u00e4, joka tarjoaa luonnollista tukea silmien terveydelle ja suojaa soluja oksidatiiviselta stressilt\u00e4.","og_url":"https:\/\/reviva.fi\/fi\/tuote\/luontainen-beetakaroteeni-lamberts\/","og_site_name":"Reviva","article_modified_time":"2026-02-02T17:20:09+00:00","og_image":[{"width":780,"height":780,"url":"https:\/\/reviva.fi\/wp-content\/uploads\/2025\/01\/8018-90-Natural-Beta-Carotene.jpg","type":"image\/jpeg"}],"twitter_card":"summary_large_image","schema":{"@context":"https:\/\/schema.org","@graph":[{"@type":"WebPage","@id":"https:\/\/reviva.fi\/fi\/tuote\/luontainen-beetakaroteeni-lamberts\/","url":"https:\/\/reviva.fi\/fi\/tuote\/luontainen-beetakaroteeni-lamberts\/","name":"Natural Betacarotene - Luontainen Beetakaroteeni - Lamberts - Reviva","isPartOf":{"@id":"https:\/\/reviva.fi\/fi\/#website"},"primaryImageOfPage":{"@id":"https:\/\/reviva.fi\/fi\/tuote\/luontainen-beetakaroteeni-lamberts\/#primaryimage"},"image":{"@id":"https:\/\/reviva.fi\/fi\/tuote\/luontainen-beetakaroteeni-lamberts\/#primaryimage"},"thumbnailUrl":"https:\/\/reviva.fi\/wp-content\/uploads\/2025\/01\/8018-90-Natural-Beta-Carotene.jpg","datePublished":"2025-01-29T12:00:20+00:00","dateModified":"2026-02-02T17:20:09+00:00","description":"Luontainen Beetakaroteeni - Lamberts on ravintolis\u00e4, joka tarjoaa luonnollista tukea silmien terveydelle ja suojaa soluja oksidatiiviselta stressilt\u00e4.","breadcrumb":{"@id":"https:\/\/reviva.fi\/fi\/tuote\/luontainen-beetakaroteeni-lamberts\/#breadcrumb"},"inLanguage":"fi","potentialAction":[{"@type":"ReadAction","target":["https:\/\/reviva.fi\/fi\/tuote\/luontainen-beetakaroteeni-lamberts\/"]}]},{"@type":"ImageObject","inLanguage":"fi","@id":"https:\/\/reviva.fi\/fi\/tuote\/luontainen-beetakaroteeni-lamberts\/#primaryimage","url":"https:\/\/reviva.fi\/wp-content\/uploads\/2025\/01\/8018-90-Natural-Beta-Carotene.jpg","contentUrl":"https:\/\/reviva.fi\/wp-content\/uploads\/2025\/01\/8018-90-Natural-Beta-Carotene.jpg","width":780,"height":780,"caption":"Luontainen Beetakaroteeni - Lamberts"},{"@type":"BreadcrumbList","@id":"https:\/\/reviva.fi\/fi\/tuote\/luontainen-beetakaroteeni-lamberts\/#breadcrumb","itemListElement":[{"@type":"ListItem","position":1,"name":"Etusivu","item":"https:\/\/reviva.fi\/fi\/"},{"@type":"ListItem","position":2,"name":"Tuotteet","item":"https:\/\/reviva.fi\/produkter\/"},{"@type":"ListItem","position":3,"name":"Natural Betacarotene &#8211; Luontainen Beetakaroteeni &#8211; Lamberts"}]},{"@type":"WebSite","@id":"https:\/\/reviva.fi\/fi\/#website","url":"https:\/\/reviva.fi\/fi\/","name":"Reviva","description":"","publisher":{"@id":"https:\/\/reviva.fi\/fi\/#organization"},"potentialAction":[{"@type":"SearchAction","target":{"@type":"EntryPoint","urlTemplate":"https:\/\/reviva.fi\/fi\/?s={search_term_string}"},"query-input":{"@type":"PropertyValueSpecification","valueRequired":true,"valueName":"search_term_string"}}],"inLanguage":"fi"},{"@type":"Organization","@id":"https:\/\/reviva.fi\/fi\/#organization","name":"Reviva","url":"https:\/\/reviva.fi\/fi\/","logo":{"@type":"ImageObject","inLanguage":"fi","@id":"https:\/\/reviva.fi\/fi\/#\/schema\/logo\/image\/","url":"https:\/\/reviva.fi\/wp-content\/uploads\/2023\/10\/reviva-logo2.svg","contentUrl":"https:\/\/reviva.fi\/wp-content\/uploads\/2023\/10\/reviva-logo2.svg","caption":"Reviva"},"image":{"@id":"https:\/\/reviva.fi\/fi\/#\/schema\/logo\/image\/"}}]},"product_price_amount":"25.40","product_price_currency":"EUR","og_availability":"instock","product_availability":"instock","product_retailer_item_id":"8018-90","product_condition":"new"},"taxonomy_info":{"product_cat":[{"value":96,"label":"Vitamiinit"},{"value":5959,"label":"A-vitamiini"},{"value":141,"label":"Yrtit"},{"value":2444,"label":"Lamberts"},{"value":2350,"label":"Iho &amp; Kauneus"}],"product_tag":[{"value":4585,"label":"15 mg"},{"value":3484,"label":"Anti-aging"},{"value":412,"label":"antioksidantti"},{"value":4588,"label":"aurinkosuoja"},{"value":3464,"label":"Cellskydd"},{"value":4589,"label":"Dunaliella salina -lev\u00e4"},{"value":4402,"label":"GMP standardi"},{"value":3580,"label":"H\u00f6g biotillg\u00e4nglighet"},{"value":3385,"label":"Hudh\u00e4lsa"},{"value":444,"label":"immuunij\u00e4rjestelm\u00e4"},{"value":476,"label":"lis\u00e4ravinne"},{"value":4584,"label":"luonnollinen beetakaroteeni"},{"value":4587,"label":"provitamiini A"},{"value":4583,"label":"rasvaliukoinen"},{"value":4586,"label":"sekoitettuja karotenoideja"},{"value":1630,"label":"silmien terveytt\u00e4"}]},"featured_image_src_large":["https:\/\/reviva.fi\/wp-content\/uploads\/2025\/01\/8018-90-Natural-Beta-Carotene.jpg",780,780,false],"author_info":[],"comment_info":0,"_links":{"self":[{"href":"https:\/\/reviva.fi\/fi\/wp-json\/wp\/v2\/product\/10959","targetHints":{"allow":["GET"]}}],"collection":[{"href":"https:\/\/reviva.fi\/fi\/wp-json\/wp\/v2\/product"}],"about":[{"href":"https:\/\/reviva.fi\/fi\/wp-json\/wp\/v2\/types\/product"}],"replies":[{"embeddable":true,"href":"https:\/\/reviva.fi\/fi\/wp-json\/wp\/v2\/comments?post=10959"}],"wp:featuredmedia":[{"embeddable":true,"href":"https:\/\/reviva.fi\/fi\/wp-json\/wp\/v2\/media\/10790"}],"wp:attachment":[{"href":"https:\/\/reviva.fi\/fi\/wp-json\/wp\/v2\/media?parent=10959"}],"wp:term":[{"taxonomy":"product_brand","embeddable":true,"href":"https:\/\/reviva.fi\/fi\/wp-json\/wp\/v2\/product_brand?post=10959"},{"taxonomy":"product_cat","embeddable":true,"href":"https:\/\/reviva.fi\/fi\/wp-json\/wp\/v2\/product_cat?post=10959"},{"taxonomy":"product_tag","embeddable":true,"href":"https:\/\/reviva.fi\/fi\/wp-json\/wp\/v2\/product_tag?post=10959"}],"curies":[{"name":"wp","href":"https:\/\/api.w.org\/{rel}","templated":true}]}}