{"id":10963,"date":"2025-01-29T13:43:26","date_gmt":"2025-01-29T11:43:26","guid":{"rendered":"https:\/\/reviva.fi\/product\/horse-chestnut-complex-lamberts\/"},"modified":"2025-07-09T11:49:42","modified_gmt":"2025-07-09T08:49:42","slug":"hevosenkastanja-kompleksi-lamberts","status":"publish","type":"product","link":"https:\/\/reviva.fi\/fi\/tuote\/hevosenkastanja-kompleksi-lamberts\/","title":{"rendered":"Hevosenkastanja Kompleksi &#8211; Lamberts"},"content":{"rendered":"<p><strong>Hevosenkastanja Kompleksi &#8211; Lamberts<\/strong><\/p>\n<ul>\n<li>Lamberts\u00ae Horse Chestnut Complex on ainutlaatuinen koostumus, joka yhdist\u00e4\u00e4 4 yrtti\u00e4 yhdess\u00e4 tabletissa.<\/li>\n<li>Eurooppalaisten viiniryp\u00e4leiden siemenuutteet sis\u00e4lt\u00e4v\u00e4t yhden rikkaimmista antosyanidiinien l\u00e4hteist\u00e4.<\/li>\n<li>Antosyanidiinien on havaittu olevan erityisen aktiivisia tukemaan ja korjaamaan runsaasti kollageenia sis\u00e4lt\u00e4vi\u00e4 rakenteita kehossa.<\/li>\n<li>Kollageenia tuotetaan kehossa ja sill\u00e4 on monia teht\u00e4vi\u00e4, mukaan lukien kapillaarien, suonien ja valtimoiden rakenneosa.<\/li>\n<li>Rutiini, kuten antosyanidiinit, on yksi tunnetuimmista bioflavonoideista ja se on my\u00f6s otettu mukaan.<\/li>\n<\/ul>\n<p>Lamberts\u00ae Horse Chestnut Complex on ainutlaatuinen koostumus, joka yhdist\u00e4\u00e4 4 yrtti\u00e4 yhteen tablettiin.<\/p>\n<p>Hevoskastanjan (<em>Aesculus hippocastanum<\/em>) siemeni\u00e4 sis\u00e4ltyy t\u00e4h\u00e4n kaavaan 300 mg. Sill\u00e4 on pitk\u00e4 k\u00e4ytt\u00f6historia perinteisess\u00e4 kasviper\u00e4isess\u00e4 l\u00e4\u00e4ketieteess\u00e4, ja nyky\u00e4\u00e4n l\u00e4\u00e4k\u00e4rit suosittelevat sit\u00e4 laajalti. Butcher&#8217;s Broom (<em>Ruscus aculeatus<\/em>) on kotoper\u00e4inen V\u00e4limeren kasvi, jota pidet\u00e4\u00e4n sopivana kumppanina hevoskastanjan siemenille, ja olemme lis\u00e4nneet asiaankuuluvan 112 mg:n m\u00e4\u00e4r\u00e4n.<\/p>\n<p>Eurooppalainen ryp\u00e4leensiemenuute sis\u00e4lt\u00e4\u00e4 yhden bioflavonoidiperheen antosyanidiinien rikkaimmista l\u00e4hteist\u00e4, ja olemme sis\u00e4llytt\u00e4neet ryp\u00e4leen siemenuutetta tuotteeseen. Antosyanidiinien on havaittu olevan erityisen aktiivisia tukemaan ja korjaamaan runsaasti kollageenia sis\u00e4lt\u00e4vi\u00e4 rakenteita kehossa. Kollageenia tuotetaan kehossa ja sill\u00e4 on monia teht\u00e4vi\u00e4, mukaan lukien kapillaarien, suonien ja valtimoiden rakenneosa. Kun kollageeni heikkenee, t\u00e4m\u00e4 voi johtaa terveysongelmiin, jotka liittyv\u00e4t verisuonten sein\u00e4mien vaurioitumiseen. Rutiini, kuten antosyanidiinit, on yksi tunnetuimmista bioflavonoideista ja t\u00e4m\u00e4 on my\u00f6s sis\u00e4llytetty Lamberts\u00ae Horse Chestnut Complexiin.<\/p>\n","protected":false},"excerpt":{"rendered":"<p>Lamberts\u00ae Horse Chestnut Complex on ainutlaatuinen koostumus, joka yhdist\u00e4\u00e4 4 yrtti\u00e4 yhteen tablettiin.<\/p>\n<p><strong>60 Tablettia\u00a0<\/strong><\/p>\n","protected":false},"featured_media":10785,"comment_status":"closed","ping_status":"closed","template":"","meta":{"_acf_changed":false,"inline_featured_image":false,"_kad_blocks_custom_css":"","_kad_blocks_head_custom_js":"","_kad_blocks_body_custom_js":"","_kad_blocks_footer_custom_js":"","_kadence_starter_templates_imported_post":false,"_kad_post_transparent":"default","_kad_post_title":"","_kad_post_layout":"default","_kad_post_sidebar_id":"","_kad_post_content_style":"default","_kad_post_vertical_padding":"default","_kad_post_feature":"","_kad_post_feature_position":"","_kad_post_header":false,"_kad_post_footer":false},"product_brand":[],"product_cat":[141,2444,2371,2350],"product_tag":[4598,4506,4592,4600,4595,412,1183,4402,4594,4602,4404,4590,4406,4597,4593,4440,4423,4601,4596,4403,4591,4599],"class_list":{"0":"post-10963","1":"product","2":"type-product","3":"status-publish","4":"has-post-thumbnail","6":"product_cat-orter-fi","7":"product_cat-lamberts-fi","8":"product_cat-muskler-och-leder-fi","9":"product_cat-hud-och-skonhet-fi","10":"product_tag-112-mg-fi","11":"product_tag-250-mg-fi","12":"product_tag-300-mg-fi","13":"product_tag-50-mg-fi","14":"product_tag-aesculus-hippocastanum-fi","15":"product_tag-antioksidantti","16":"product_tag-bioflavonoidit","17":"product_tag-gmp-standardi","18":"product_tag-hevoskastanja","19":"product_tag-kapillaarivoima","20":"product_tag-kasvipohjainen","21":"product_tag-kollageenin-tuki","22":"product_tag-korkea-vahvuuksinen","23":"product_tag-ruscus-aculeatus-fi","24":"product_tag-rutiini","25":"product_tag-rypaleen-siemenuute","26":"product_tag-standardoitu-uute","27":"product_tag-suonten-terveytta","28":"product_tag-vanhat-miehet","29":"product_tag-vegaaniystavallinen","30":"product_tag-verenkierron-tuki","31":"product_tag-vitis-vinifera-fi","33":"first","34":"instock","35":"taxable","36":"shipping-taxable","37":"purchasable","38":"product-type-simple","39":"entry","40":"content-bg","41":"loop-entry"},"acf":[],"yoast_head":"<!-- This site is optimized with the Yoast SEO plugin v25.8 - https:\/\/yoast.com\/wordpress\/plugins\/seo\/ -->\n<title>Hevosenkastanja Kompleksi - Lamberts - Reviva<\/title>\n<meta name=\"description\" content=\"Hevosenkastanja Kompleksi - Lamberts Tukee verenkiertoa ja verisuonten terveytt\u00e4. Erityisesti ihmisille, joilla jalka painaa ja on turvotusta.\" \/>\n<meta name=\"robots\" content=\"index, follow, max-snippet:-1, max-image-preview:large, max-video-preview:-1\" \/>\n<link rel=\"canonical\" href=\"https:\/\/reviva.fi\/fi\/tuote\/hevosenkastanja-kompleksi-lamberts\/\" \/>\n<meta property=\"og:locale\" content=\"fi_FI\" \/>\n<meta property=\"og:type\" content=\"article\" \/>\n<meta property=\"og:title\" content=\"Hevosenkastanja Kompleksi - Lamberts - Reviva\" \/>\n<meta property=\"og:description\" content=\"Hevosenkastanja Kompleksi - Lamberts Tukee verenkiertoa ja verisuonten terveytt\u00e4. Erityisesti ihmisille, joilla jalka painaa ja on turvotusta.\" \/>\n<meta property=\"og:url\" content=\"https:\/\/reviva.fi\/fi\/tuote\/hevosenkastanja-kompleksi-lamberts\/\" \/>\n<meta property=\"og:site_name\" content=\"Reviva\" \/>\n<meta property=\"article:modified_time\" content=\"2025-07-09T08:49:42+00:00\" \/>\n<meta property=\"og:image\" content=\"https:\/\/reviva.fi\/wp-content\/uploads\/2025\/01\/8551-60-Horse-chestnute-coplex.jpg\" \/>\n\t<meta property=\"og:image:width\" content=\"780\" \/>\n\t<meta property=\"og:image:height\" content=\"780\" \/>\n\t<meta property=\"og:image:type\" content=\"image\/jpeg\" \/>\n<meta name=\"twitter:card\" content=\"summary_large_image\" \/>\n<script type=\"application\/ld+json\" class=\"yoast-schema-graph\">{\"@context\":\"https:\/\/schema.org\",\"@graph\":[{\"@type\":\"WebPage\",\"@id\":\"https:\/\/reviva.fi\/fi\/tuote\/hevosenkastanja-kompleksi-lamberts\/\",\"url\":\"https:\/\/reviva.fi\/fi\/tuote\/hevosenkastanja-kompleksi-lamberts\/\",\"name\":\"Hevosenkastanja Kompleksi - Lamberts - Reviva\",\"isPartOf\":{\"@id\":\"https:\/\/reviva.fi\/fi\/#website\"},\"primaryImageOfPage\":{\"@id\":\"https:\/\/reviva.fi\/fi\/tuote\/hevosenkastanja-kompleksi-lamberts\/#primaryimage\"},\"image\":{\"@id\":\"https:\/\/reviva.fi\/fi\/tuote\/hevosenkastanja-kompleksi-lamberts\/#primaryimage\"},\"thumbnailUrl\":\"https:\/\/reviva.fi\/wp-content\/uploads\/2025\/01\/8551-60-Horse-chestnute-coplex.jpg\",\"datePublished\":\"2025-01-29T11:43:26+00:00\",\"dateModified\":\"2025-07-09T08:49:42+00:00\",\"description\":\"Hevosenkastanja Kompleksi - Lamberts Tukee verenkiertoa ja verisuonten terveytt\u00e4. Erityisesti ihmisille, joilla jalka painaa ja on turvotusta.\",\"breadcrumb\":{\"@id\":\"https:\/\/reviva.fi\/fi\/tuote\/hevosenkastanja-kompleksi-lamberts\/#breadcrumb\"},\"inLanguage\":\"fi\",\"potentialAction\":[{\"@type\":\"ReadAction\",\"target\":[\"https:\/\/reviva.fi\/fi\/tuote\/hevosenkastanja-kompleksi-lamberts\/\"]}]},{\"@type\":\"ImageObject\",\"inLanguage\":\"fi\",\"@id\":\"https:\/\/reviva.fi\/fi\/tuote\/hevosenkastanja-kompleksi-lamberts\/#primaryimage\",\"url\":\"https:\/\/reviva.fi\/wp-content\/uploads\/2025\/01\/8551-60-Horse-chestnute-coplex.jpg\",\"contentUrl\":\"https:\/\/reviva.fi\/wp-content\/uploads\/2025\/01\/8551-60-Horse-chestnute-coplex.jpg\",\"width\":780,\"height\":780,\"caption\":\"Hevosenkastanja Kompleksi - Lamberts\"},{\"@type\":\"BreadcrumbList\",\"@id\":\"https:\/\/reviva.fi\/fi\/tuote\/hevosenkastanja-kompleksi-lamberts\/#breadcrumb\",\"itemListElement\":[{\"@type\":\"ListItem\",\"position\":1,\"name\":\"Etusivu\",\"item\":\"https:\/\/reviva.fi\/fi\/\"},{\"@type\":\"ListItem\",\"position\":2,\"name\":\"Tuotteet\",\"item\":\"https:\/\/reviva.fi\/produkter\/\"},{\"@type\":\"ListItem\",\"position\":3,\"name\":\"Hevosenkastanja Kompleksi &#8211; Lamberts\"}]},{\"@type\":\"WebSite\",\"@id\":\"https:\/\/reviva.fi\/fi\/#website\",\"url\":\"https:\/\/reviva.fi\/fi\/\",\"name\":\"Reviva\",\"description\":\"\",\"publisher\":{\"@id\":\"https:\/\/reviva.fi\/fi\/#organization\"},\"potentialAction\":[{\"@type\":\"SearchAction\",\"target\":{\"@type\":\"EntryPoint\",\"urlTemplate\":\"https:\/\/reviva.fi\/fi\/?s={search_term_string}\"},\"query-input\":{\"@type\":\"PropertyValueSpecification\",\"valueRequired\":true,\"valueName\":\"search_term_string\"}}],\"inLanguage\":\"fi\"},{\"@type\":\"Organization\",\"@id\":\"https:\/\/reviva.fi\/fi\/#organization\",\"name\":\"Reviva\",\"url\":\"https:\/\/reviva.fi\/fi\/\",\"logo\":{\"@type\":\"ImageObject\",\"inLanguage\":\"fi\",\"@id\":\"https:\/\/reviva.fi\/fi\/#\/schema\/logo\/image\/\",\"url\":\"https:\/\/reviva.fi\/wp-content\/uploads\/2023\/10\/reviva-logo2.svg\",\"contentUrl\":\"https:\/\/reviva.fi\/wp-content\/uploads\/2023\/10\/reviva-logo2.svg\",\"caption\":\"Reviva\"},\"image\":{\"@id\":\"https:\/\/reviva.fi\/fi\/#\/schema\/logo\/image\/\"}}]}<\/script>\n<meta property=\"product:price:amount\" content=\"19.40\" \/>\n<meta property=\"product:price:currency\" content=\"EUR\" \/>\n<meta property=\"og:availability\" content=\"instock\" \/>\n<meta property=\"product:availability\" content=\"instock\" \/>\n<meta property=\"product:retailer_item_id\" content=\"8551-60\" \/>\n<meta property=\"product:condition\" content=\"new\" \/>\n<!-- \/ Yoast SEO plugin. -->","yoast_head_json":{"title":"Hevosenkastanja Kompleksi - Lamberts - Reviva","description":"Hevosenkastanja Kompleksi - Lamberts Tukee verenkiertoa ja verisuonten terveytt\u00e4. Erityisesti ihmisille, joilla jalka painaa ja on turvotusta.","robots":{"index":"index","follow":"follow","max-snippet":"max-snippet:-1","max-image-preview":"max-image-preview:large","max-video-preview":"max-video-preview:-1"},"canonical":"https:\/\/reviva.fi\/fi\/tuote\/hevosenkastanja-kompleksi-lamberts\/","og_locale":"fi_FI","og_type":"article","og_title":"Hevosenkastanja Kompleksi - Lamberts - Reviva","og_description":"Hevosenkastanja Kompleksi - Lamberts Tukee verenkiertoa ja verisuonten terveytt\u00e4. Erityisesti ihmisille, joilla jalka painaa ja on turvotusta.","og_url":"https:\/\/reviva.fi\/fi\/tuote\/hevosenkastanja-kompleksi-lamberts\/","og_site_name":"Reviva","article_modified_time":"2025-07-09T08:49:42+00:00","og_image":[{"width":780,"height":780,"url":"https:\/\/reviva.fi\/wp-content\/uploads\/2025\/01\/8551-60-Horse-chestnute-coplex.jpg","type":"image\/jpeg"}],"twitter_card":"summary_large_image","schema":{"@context":"https:\/\/schema.org","@graph":[{"@type":"WebPage","@id":"https:\/\/reviva.fi\/fi\/tuote\/hevosenkastanja-kompleksi-lamberts\/","url":"https:\/\/reviva.fi\/fi\/tuote\/hevosenkastanja-kompleksi-lamberts\/","name":"Hevosenkastanja Kompleksi - Lamberts - Reviva","isPartOf":{"@id":"https:\/\/reviva.fi\/fi\/#website"},"primaryImageOfPage":{"@id":"https:\/\/reviva.fi\/fi\/tuote\/hevosenkastanja-kompleksi-lamberts\/#primaryimage"},"image":{"@id":"https:\/\/reviva.fi\/fi\/tuote\/hevosenkastanja-kompleksi-lamberts\/#primaryimage"},"thumbnailUrl":"https:\/\/reviva.fi\/wp-content\/uploads\/2025\/01\/8551-60-Horse-chestnute-coplex.jpg","datePublished":"2025-01-29T11:43:26+00:00","dateModified":"2025-07-09T08:49:42+00:00","description":"Hevosenkastanja Kompleksi - Lamberts Tukee verenkiertoa ja verisuonten terveytt\u00e4. Erityisesti ihmisille, joilla jalka painaa ja on turvotusta.","breadcrumb":{"@id":"https:\/\/reviva.fi\/fi\/tuote\/hevosenkastanja-kompleksi-lamberts\/#breadcrumb"},"inLanguage":"fi","potentialAction":[{"@type":"ReadAction","target":["https:\/\/reviva.fi\/fi\/tuote\/hevosenkastanja-kompleksi-lamberts\/"]}]},{"@type":"ImageObject","inLanguage":"fi","@id":"https:\/\/reviva.fi\/fi\/tuote\/hevosenkastanja-kompleksi-lamberts\/#primaryimage","url":"https:\/\/reviva.fi\/wp-content\/uploads\/2025\/01\/8551-60-Horse-chestnute-coplex.jpg","contentUrl":"https:\/\/reviva.fi\/wp-content\/uploads\/2025\/01\/8551-60-Horse-chestnute-coplex.jpg","width":780,"height":780,"caption":"Hevosenkastanja Kompleksi - Lamberts"},{"@type":"BreadcrumbList","@id":"https:\/\/reviva.fi\/fi\/tuote\/hevosenkastanja-kompleksi-lamberts\/#breadcrumb","itemListElement":[{"@type":"ListItem","position":1,"name":"Etusivu","item":"https:\/\/reviva.fi\/fi\/"},{"@type":"ListItem","position":2,"name":"Tuotteet","item":"https:\/\/reviva.fi\/produkter\/"},{"@type":"ListItem","position":3,"name":"Hevosenkastanja Kompleksi &#8211; Lamberts"}]},{"@type":"WebSite","@id":"https:\/\/reviva.fi\/fi\/#website","url":"https:\/\/reviva.fi\/fi\/","name":"Reviva","description":"","publisher":{"@id":"https:\/\/reviva.fi\/fi\/#organization"},"potentialAction":[{"@type":"SearchAction","target":{"@type":"EntryPoint","urlTemplate":"https:\/\/reviva.fi\/fi\/?s={search_term_string}"},"query-input":{"@type":"PropertyValueSpecification","valueRequired":true,"valueName":"search_term_string"}}],"inLanguage":"fi"},{"@type":"Organization","@id":"https:\/\/reviva.fi\/fi\/#organization","name":"Reviva","url":"https:\/\/reviva.fi\/fi\/","logo":{"@type":"ImageObject","inLanguage":"fi","@id":"https:\/\/reviva.fi\/fi\/#\/schema\/logo\/image\/","url":"https:\/\/reviva.fi\/wp-content\/uploads\/2023\/10\/reviva-logo2.svg","contentUrl":"https:\/\/reviva.fi\/wp-content\/uploads\/2023\/10\/reviva-logo2.svg","caption":"Reviva"},"image":{"@id":"https:\/\/reviva.fi\/fi\/#\/schema\/logo\/image\/"}}]},"product_price_amount":"19.40","product_price_currency":"EUR","og_availability":"instock","product_availability":"instock","product_retailer_item_id":"8551-60","product_condition":"new"},"taxonomy_info":{"product_cat":[{"value":141,"label":"Yrtit"},{"value":2444,"label":"Lamberts"},{"value":2371,"label":"Nivelet &amp; Lihakset"},{"value":2350,"label":"Iho &amp; Kauneus"}],"product_tag":[{"value":4598,"label":"112 mg"},{"value":4506,"label":"250 mg"},{"value":4592,"label":"300 mg"},{"value":4600,"label":"50 mg"},{"value":4595,"label":"Aesculus hippocastanum"},{"value":412,"label":"antioksidantti"},{"value":1183,"label":"bioflavonoidit"},{"value":4402,"label":"GMP standardi"},{"value":4594,"label":"hevoskastanja"},{"value":4602,"label":"kapillaarivoima"},{"value":4404,"label":"Kasvipohjainen"},{"value":4590,"label":"kollageenin tuki"},{"value":4406,"label":"Korkea vahvuuksinen"},{"value":4597,"label":"Ruscus aculeatus"},{"value":4593,"label":"Rutiini"},{"value":4440,"label":"ryp\u00e4leen siemenuute"},{"value":4423,"label":"standardoitu uute"},{"value":4601,"label":"suonten terveytt\u00e4"},{"value":4596,"label":"vanhat miehet"},{"value":4403,"label":"vegaaniyst\u00e4v\u00e4llinen"},{"value":4591,"label":"verenkierron tuki"},{"value":4599,"label":"Vitis vinifera"}]},"featured_image_src_large":["https:\/\/reviva.fi\/wp-content\/uploads\/2025\/01\/8551-60-Horse-chestnute-coplex.jpg",780,780,false],"author_info":[],"comment_info":0,"_links":{"self":[{"href":"https:\/\/reviva.fi\/fi\/wp-json\/wp\/v2\/product\/10963","targetHints":{"allow":["GET"]}}],"collection":[{"href":"https:\/\/reviva.fi\/fi\/wp-json\/wp\/v2\/product"}],"about":[{"href":"https:\/\/reviva.fi\/fi\/wp-json\/wp\/v2\/types\/product"}],"replies":[{"embeddable":true,"href":"https:\/\/reviva.fi\/fi\/wp-json\/wp\/v2\/comments?post=10963"}],"wp:featuredmedia":[{"embeddable":true,"href":"https:\/\/reviva.fi\/fi\/wp-json\/wp\/v2\/media\/10785"}],"wp:attachment":[{"href":"https:\/\/reviva.fi\/fi\/wp-json\/wp\/v2\/media?parent=10963"}],"wp:term":[{"taxonomy":"product_brand","embeddable":true,"href":"https:\/\/reviva.fi\/fi\/wp-json\/wp\/v2\/product_brand?post=10963"},{"taxonomy":"product_cat","embeddable":true,"href":"https:\/\/reviva.fi\/fi\/wp-json\/wp\/v2\/product_cat?post=10963"},{"taxonomy":"product_tag","embeddable":true,"href":"https:\/\/reviva.fi\/fi\/wp-json\/wp\/v2\/product_tag?post=10963"}],"curies":[{"name":"wp","href":"https:\/\/api.w.org\/{rel}","templated":true}]}}