{"id":10966,"date":"2025-01-29T13:40:32","date_gmt":"2025-01-29T11:40:32","guid":{"rendered":"https:\/\/reviva.fi\/product\/biotin-500mcg\/"},"modified":"2026-03-31T17:56:12","modified_gmt":"2026-03-31T14:56:12","slug":"biotiini-500mcg-lamberts","status":"publish","type":"product","link":"https:\/\/reviva.fi\/fi\/tuote\/biotiini-500mcg-lamberts\/","title":{"rendered":"BIOTIINI 500 mcg &#8211; Lamberts"},"content":{"rendered":"<p data-start=\"0\" data-end=\"64\"><strong>Hiuksille, iholle, limakalvoille ja energia-aineenvaihdunnalle<\/strong><\/p>\n<p data-start=\"66\" data-end=\"300\"><strong>Lamberts Biotin 500 \u00b5g<\/strong> on korkealaatuinen ravintolis\u00e4, joka tarjoaa turvallisen ja tehokkaan biotiinilis\u00e4n \u2013 vesiliukoisen B-vitamiinin, jolla on t\u00e4rke\u00e4 rooli kehon aineenvaihdunnassa ja useiden keskeisten toimintojen yll\u00e4pit\u00e4misess\u00e4.<\/p>\n<p data-start=\"302\" data-end=\"347\"><strong>Normaalille hiuksille ja normaalille iholle<\/strong><\/p>\n<ul>\n<li data-start=\"349\" data-end=\"399\">edist\u00e4\u00e4 normaalien hiusten pysymist\u00e4 normaaleina<\/li>\n<li data-start=\"349\" data-end=\"399\">edist\u00e4\u00e4 normaalin ihon pysymist\u00e4 normaalina<\/li>\n<li data-start=\"349\" data-end=\"399\">edist\u00e4\u00e4 limakalvojen pysymist\u00e4 normaaleina<\/li>\n<\/ul>\n<p data-start=\"494\" data-end=\"659\">Biotiini on suosittu ravintolis\u00e4 sinulle, joka haluat tukea hiusten ja ihon normaalia rakennetta ja toimintaa, erityisesti muutosten tai lis\u00e4\u00e4ntyneen tarpeen aikana.<\/p>\n<p data-start=\"661\" data-end=\"705\"><strong>Edist\u00e4\u00e4 normaalia energia-aineenvaihduntaa<\/strong><\/p>\n<ul>\n<li data-start=\"707\" data-end=\"741\">normaali energia-aineenvaihdunta<\/li>\n<li data-start=\"707\" data-end=\"741\">makroravintoaineiden normaali aineenvaihdunta<\/li>\n<\/ul>\n<p data-start=\"792\" data-end=\"950\">T\u00e4m\u00e4 tarkoittaa, ett\u00e4 biotiini auttaa kehoa hy\u00f6dynt\u00e4m\u00e4\u00e4n hiilihydraatteja, rasvoja ja proteiineja tehokkaasti sek\u00e4 tukee kehon luonnollista energiantuotantoa.<\/p>\n<p data-start=\"952\" data-end=\"1001\"><strong>Tukea hermostolle ja psykologiselle toiminnalle<\/strong><\/p>\n<ul>\n<li data-start=\"1003\" data-end=\"1032\">hermoston normaali toiminta<\/li>\n<li data-start=\"1003\" data-end=\"1032\">normaali psykologinen toiminta<\/li>\n<\/ul>\n<p data-start=\"1068\" data-end=\"1197\">T\u00e4m\u00e4n ansiosta biotiini on varteenotettava ravintolis\u00e4 sinulle, joka haluat tukea sek\u00e4 henkist\u00e4 ett\u00e4 fyysist\u00e4 tasapainoa arjessa.<\/p>\n<p data-start=\"1199\" data-end=\"1220\"><strong>Laatua Lambertsilta<\/strong><\/p>\n<p data-start=\"1222\" data-end=\"1450\">Lamberts tunnetaan korkeista laatustandardeistaan ja huolellisesti valvotuista raaka-aineistaan. Biotin 500 \u00b5g on valmistettu tiukkojen laatuvaatimusten mukaisesti puhtauden, stabiilisuuden ja oikean annostuksen varmistamiseksi.<\/p>\n<p data-start=\"1452\" data-end=\"1574\" data-is-last-node=\"\" data-is-only-node=\"\">Tabletit ovat pieni\u00e4 ja helppoja niell\u00e4, ja ne soveltuvat hyvin p\u00e4ivitt\u00e4iseen k\u00e4ytt\u00f6\u00f6n suositellun annostuksen mukaisesti.<\/p>\n","protected":false},"excerpt":{"rendered":"<p data-start=\"0\" data-end=\"279\">Lamberts Biotin 500 \u00b5g on vahva-annoksinen ja laadukas biotiinivalmiste, joka edist\u00e4\u00e4 hiusten pysymist\u00e4 normaaleina, ihon pysymist\u00e4 normaalina, limakalvojen pysymist\u00e4 normaaleina, normaalia energia-aineenvaihduntaa sek\u00e4 hermoston ja psykologisten toimintojen normaalia toimintaa.<\/p>\n<p data-start=\"281\" data-end=\"310\" data-is-last-node=\"\" data-is-only-node=\"\"><strong>Hiuksille, iholle ja kynsille<\/strong><\/p>\n<p><strong>90 kapselia\u00a0<\/strong><\/p>\n","protected":false},"featured_media":10787,"comment_status":"closed","ping_status":"closed","template":"","meta":{"_acf_changed":false,"inline_featured_image":false,"_kad_blocks_custom_css":"","_kad_blocks_head_custom_js":"","_kad_blocks_body_custom_js":"","_kad_blocks_footer_custom_js":"","_kadence_starter_templates_imported_post":false,"_kad_post_transparent":"default","_kad_post_title":"","_kad_post_layout":"default","_kad_post_sidebar_id":"","_kad_post_content_style":"default","_kad_post_vertical_padding":"default","_kad_post_feature":"","_kad_post_feature_position":"","_kad_post_header":false,"_kad_post_footer":false},"product_brand":[],"product_cat":[96,525,2444,2350],"product_tag":[4603,2901,3465,4402,3519,4457,4435,3385,4406,4548,476,4436,4403,4604,3183],"class_list":{"0":"post-10966","1":"product","2":"type-product","3":"status-publish","4":"has-post-thumbnail","6":"product_cat-vitaminer-fi","7":"product_cat-b-vitamin-fi","8":"product_cat-lamberts-fi","9":"product_cat-hud-och-skonhet-fi","10":"product_tag-500-g-fi","11":"product_tag-biotiini","12":"product_tag-energiomsattning-fi","13":"product_tag-gmp-standardi","14":"product_tag-harhalsa-fi","15":"product_tag-henkista-suorituskykya","16":"product_tag-hermoston-toiminta","17":"product_tag-hudhalsa-fi","18":"product_tag-korkea-vahvuuksinen","19":"product_tag-kynsien-terveytta","20":"product_tag-lisaravinne","21":"product_tag-vasymyksen-vahentaminen","22":"product_tag-vegaaniystavallinen","23":"product_tag-vesiliukoinen-vitamiini-fi","24":"product_tag-vitamiini-b7","26":"first","27":"instock","28":"taxable","29":"shipping-taxable","30":"purchasable","31":"product-type-simple","32":"entry","33":"content-bg","34":"loop-entry"},"acf":[],"yoast_head":"<!-- This site is optimized with the Yoast SEO plugin v25.8 - https:\/\/yoast.com\/wordpress\/plugins\/seo\/ -->\n<title>BIOTIINI 500 mcg - Lamberts - Reviva<\/title>\n<meta name=\"description\" content=\"BIOTIINI 500mcg - Lamberts on korkealaatuinen ravintolis\u00e4, joka edist\u00e4\u00e4 terveit\u00e4 hiuksia, vahvistaa kynsi\u00e4 ja yll\u00e4pit\u00e4\u00e4 ihon terveytt\u00e4.\" \/>\n<meta name=\"robots\" content=\"index, follow, max-snippet:-1, max-image-preview:large, max-video-preview:-1\" \/>\n<link rel=\"canonical\" href=\"https:\/\/reviva.fi\/fi\/tuote\/biotiini-500mcg-lamberts\/\" \/>\n<meta property=\"og:locale\" content=\"fi_FI\" \/>\n<meta property=\"og:type\" content=\"article\" \/>\n<meta property=\"og:title\" content=\"BIOTIINI 500 mcg - Lamberts - Reviva\" \/>\n<meta property=\"og:description\" content=\"BIOTIINI 500mcg - Lamberts on korkealaatuinen ravintolis\u00e4, joka edist\u00e4\u00e4 terveit\u00e4 hiuksia, vahvistaa kynsi\u00e4 ja yll\u00e4pit\u00e4\u00e4 ihon terveytt\u00e4.\" \/>\n<meta property=\"og:url\" content=\"https:\/\/reviva.fi\/fi\/tuote\/biotiini-500mcg-lamberts\/\" \/>\n<meta property=\"og:site_name\" content=\"Reviva\" \/>\n<meta property=\"article:modified_time\" content=\"2026-03-31T14:56:12+00:00\" \/>\n<meta property=\"og:image\" content=\"https:\/\/reviva.fi\/wp-content\/uploads\/2025\/01\/8068-90-Biotin-500-mcg.jpg\" \/>\n\t<meta property=\"og:image:width\" content=\"780\" \/>\n\t<meta property=\"og:image:height\" content=\"780\" \/>\n\t<meta property=\"og:image:type\" content=\"image\/jpeg\" \/>\n<meta name=\"twitter:card\" content=\"summary_large_image\" \/>\n<script type=\"application\/ld+json\" class=\"yoast-schema-graph\">{\"@context\":\"https:\/\/schema.org\",\"@graph\":[{\"@type\":\"WebPage\",\"@id\":\"https:\/\/reviva.fi\/fi\/tuote\/biotiini-500mcg-lamberts\/\",\"url\":\"https:\/\/reviva.fi\/fi\/tuote\/biotiini-500mcg-lamberts\/\",\"name\":\"BIOTIINI 500 mcg - Lamberts - Reviva\",\"isPartOf\":{\"@id\":\"https:\/\/reviva.fi\/fi\/#website\"},\"primaryImageOfPage\":{\"@id\":\"https:\/\/reviva.fi\/fi\/tuote\/biotiini-500mcg-lamberts\/#primaryimage\"},\"image\":{\"@id\":\"https:\/\/reviva.fi\/fi\/tuote\/biotiini-500mcg-lamberts\/#primaryimage\"},\"thumbnailUrl\":\"https:\/\/reviva.fi\/wp-content\/uploads\/2025\/01\/8068-90-Biotin-500-mcg.jpg\",\"datePublished\":\"2025-01-29T11:40:32+00:00\",\"dateModified\":\"2026-03-31T14:56:12+00:00\",\"description\":\"BIOTIINI 500mcg - Lamberts on korkealaatuinen ravintolis\u00e4, joka edist\u00e4\u00e4 terveit\u00e4 hiuksia, vahvistaa kynsi\u00e4 ja yll\u00e4pit\u00e4\u00e4 ihon terveytt\u00e4.\",\"breadcrumb\":{\"@id\":\"https:\/\/reviva.fi\/fi\/tuote\/biotiini-500mcg-lamberts\/#breadcrumb\"},\"inLanguage\":\"fi\",\"potentialAction\":[{\"@type\":\"ReadAction\",\"target\":[\"https:\/\/reviva.fi\/fi\/tuote\/biotiini-500mcg-lamberts\/\"]}]},{\"@type\":\"ImageObject\",\"inLanguage\":\"fi\",\"@id\":\"https:\/\/reviva.fi\/fi\/tuote\/biotiini-500mcg-lamberts\/#primaryimage\",\"url\":\"https:\/\/reviva.fi\/wp-content\/uploads\/2025\/01\/8068-90-Biotin-500-mcg.jpg\",\"contentUrl\":\"https:\/\/reviva.fi\/wp-content\/uploads\/2025\/01\/8068-90-Biotin-500-mcg.jpg\",\"width\":780,\"height\":780,\"caption\":\"BIOTIINI 500mcg - Lamberts\"},{\"@type\":\"BreadcrumbList\",\"@id\":\"https:\/\/reviva.fi\/fi\/tuote\/biotiini-500mcg-lamberts\/#breadcrumb\",\"itemListElement\":[{\"@type\":\"ListItem\",\"position\":1,\"name\":\"Etusivu\",\"item\":\"https:\/\/reviva.fi\/fi\/\"},{\"@type\":\"ListItem\",\"position\":2,\"name\":\"Tuotteet\",\"item\":\"https:\/\/reviva.fi\/produkter\/\"},{\"@type\":\"ListItem\",\"position\":3,\"name\":\"BIOTIINI 500 mcg &#8211; Lamberts\"}]},{\"@type\":\"WebSite\",\"@id\":\"https:\/\/reviva.fi\/fi\/#website\",\"url\":\"https:\/\/reviva.fi\/fi\/\",\"name\":\"Reviva\",\"description\":\"\",\"publisher\":{\"@id\":\"https:\/\/reviva.fi\/fi\/#organization\"},\"potentialAction\":[{\"@type\":\"SearchAction\",\"target\":{\"@type\":\"EntryPoint\",\"urlTemplate\":\"https:\/\/reviva.fi\/fi\/?s={search_term_string}\"},\"query-input\":{\"@type\":\"PropertyValueSpecification\",\"valueRequired\":true,\"valueName\":\"search_term_string\"}}],\"inLanguage\":\"fi\"},{\"@type\":\"Organization\",\"@id\":\"https:\/\/reviva.fi\/fi\/#organization\",\"name\":\"Reviva\",\"url\":\"https:\/\/reviva.fi\/fi\/\",\"logo\":{\"@type\":\"ImageObject\",\"inLanguage\":\"fi\",\"@id\":\"https:\/\/reviva.fi\/fi\/#\/schema\/logo\/image\/\",\"url\":\"https:\/\/reviva.fi\/wp-content\/uploads\/2023\/10\/reviva-logo2.svg\",\"contentUrl\":\"https:\/\/reviva.fi\/wp-content\/uploads\/2023\/10\/reviva-logo2.svg\",\"caption\":\"Reviva\"},\"image\":{\"@id\":\"https:\/\/reviva.fi\/fi\/#\/schema\/logo\/image\/\"}}]}<\/script>\n<meta property=\"product:price:amount\" content=\"16.40\" \/>\n<meta property=\"product:price:currency\" content=\"EUR\" \/>\n<meta property=\"og:availability\" content=\"instock\" \/>\n<meta property=\"product:availability\" content=\"instock\" \/>\n<meta property=\"product:retailer_item_id\" content=\"8068-90\" \/>\n<meta property=\"product:condition\" content=\"new\" \/>\n<!-- \/ Yoast SEO plugin. -->","yoast_head_json":{"title":"BIOTIINI 500 mcg - Lamberts - Reviva","description":"BIOTIINI 500mcg - Lamberts on korkealaatuinen ravintolis\u00e4, joka edist\u00e4\u00e4 terveit\u00e4 hiuksia, vahvistaa kynsi\u00e4 ja yll\u00e4pit\u00e4\u00e4 ihon terveytt\u00e4.","robots":{"index":"index","follow":"follow","max-snippet":"max-snippet:-1","max-image-preview":"max-image-preview:large","max-video-preview":"max-video-preview:-1"},"canonical":"https:\/\/reviva.fi\/fi\/tuote\/biotiini-500mcg-lamberts\/","og_locale":"fi_FI","og_type":"article","og_title":"BIOTIINI 500 mcg - Lamberts - Reviva","og_description":"BIOTIINI 500mcg - Lamberts on korkealaatuinen ravintolis\u00e4, joka edist\u00e4\u00e4 terveit\u00e4 hiuksia, vahvistaa kynsi\u00e4 ja yll\u00e4pit\u00e4\u00e4 ihon terveytt\u00e4.","og_url":"https:\/\/reviva.fi\/fi\/tuote\/biotiini-500mcg-lamberts\/","og_site_name":"Reviva","article_modified_time":"2026-03-31T14:56:12+00:00","og_image":[{"width":780,"height":780,"url":"https:\/\/reviva.fi\/wp-content\/uploads\/2025\/01\/8068-90-Biotin-500-mcg.jpg","type":"image\/jpeg"}],"twitter_card":"summary_large_image","schema":{"@context":"https:\/\/schema.org","@graph":[{"@type":"WebPage","@id":"https:\/\/reviva.fi\/fi\/tuote\/biotiini-500mcg-lamberts\/","url":"https:\/\/reviva.fi\/fi\/tuote\/biotiini-500mcg-lamberts\/","name":"BIOTIINI 500 mcg - Lamberts - Reviva","isPartOf":{"@id":"https:\/\/reviva.fi\/fi\/#website"},"primaryImageOfPage":{"@id":"https:\/\/reviva.fi\/fi\/tuote\/biotiini-500mcg-lamberts\/#primaryimage"},"image":{"@id":"https:\/\/reviva.fi\/fi\/tuote\/biotiini-500mcg-lamberts\/#primaryimage"},"thumbnailUrl":"https:\/\/reviva.fi\/wp-content\/uploads\/2025\/01\/8068-90-Biotin-500-mcg.jpg","datePublished":"2025-01-29T11:40:32+00:00","dateModified":"2026-03-31T14:56:12+00:00","description":"BIOTIINI 500mcg - Lamberts on korkealaatuinen ravintolis\u00e4, joka edist\u00e4\u00e4 terveit\u00e4 hiuksia, vahvistaa kynsi\u00e4 ja yll\u00e4pit\u00e4\u00e4 ihon terveytt\u00e4.","breadcrumb":{"@id":"https:\/\/reviva.fi\/fi\/tuote\/biotiini-500mcg-lamberts\/#breadcrumb"},"inLanguage":"fi","potentialAction":[{"@type":"ReadAction","target":["https:\/\/reviva.fi\/fi\/tuote\/biotiini-500mcg-lamberts\/"]}]},{"@type":"ImageObject","inLanguage":"fi","@id":"https:\/\/reviva.fi\/fi\/tuote\/biotiini-500mcg-lamberts\/#primaryimage","url":"https:\/\/reviva.fi\/wp-content\/uploads\/2025\/01\/8068-90-Biotin-500-mcg.jpg","contentUrl":"https:\/\/reviva.fi\/wp-content\/uploads\/2025\/01\/8068-90-Biotin-500-mcg.jpg","width":780,"height":780,"caption":"BIOTIINI 500mcg - Lamberts"},{"@type":"BreadcrumbList","@id":"https:\/\/reviva.fi\/fi\/tuote\/biotiini-500mcg-lamberts\/#breadcrumb","itemListElement":[{"@type":"ListItem","position":1,"name":"Etusivu","item":"https:\/\/reviva.fi\/fi\/"},{"@type":"ListItem","position":2,"name":"Tuotteet","item":"https:\/\/reviva.fi\/produkter\/"},{"@type":"ListItem","position":3,"name":"BIOTIINI 500 mcg &#8211; Lamberts"}]},{"@type":"WebSite","@id":"https:\/\/reviva.fi\/fi\/#website","url":"https:\/\/reviva.fi\/fi\/","name":"Reviva","description":"","publisher":{"@id":"https:\/\/reviva.fi\/fi\/#organization"},"potentialAction":[{"@type":"SearchAction","target":{"@type":"EntryPoint","urlTemplate":"https:\/\/reviva.fi\/fi\/?s={search_term_string}"},"query-input":{"@type":"PropertyValueSpecification","valueRequired":true,"valueName":"search_term_string"}}],"inLanguage":"fi"},{"@type":"Organization","@id":"https:\/\/reviva.fi\/fi\/#organization","name":"Reviva","url":"https:\/\/reviva.fi\/fi\/","logo":{"@type":"ImageObject","inLanguage":"fi","@id":"https:\/\/reviva.fi\/fi\/#\/schema\/logo\/image\/","url":"https:\/\/reviva.fi\/wp-content\/uploads\/2023\/10\/reviva-logo2.svg","contentUrl":"https:\/\/reviva.fi\/wp-content\/uploads\/2023\/10\/reviva-logo2.svg","caption":"Reviva"},"image":{"@id":"https:\/\/reviva.fi\/fi\/#\/schema\/logo\/image\/"}}]},"product_price_amount":"16.40","product_price_currency":"EUR","og_availability":"instock","product_availability":"instock","product_retailer_item_id":"8068-90","product_condition":"new"},"taxonomy_info":{"product_cat":[{"value":96,"label":"Vitamiinit"},{"value":525,"label":"B-vitamiini"},{"value":2444,"label":"Lamberts"},{"value":2350,"label":"Iho &amp; Kauneus"}],"product_tag":[{"value":4603,"label":"500 \u00b5g"},{"value":2901,"label":"Biotiini"},{"value":3465,"label":"Energioms\u00e4ttning"},{"value":4402,"label":"GMP standardi"},{"value":3519,"label":"H\u00e5rh\u00e4lsa"},{"value":4457,"label":"henkist\u00e4 suorituskyky\u00e4"},{"value":4435,"label":"hermoston toiminta"},{"value":3385,"label":"Hudh\u00e4lsa"},{"value":4406,"label":"Korkea vahvuuksinen"},{"value":4548,"label":"kynsien terveytt\u00e4"},{"value":476,"label":"lis\u00e4ravinne"},{"value":4436,"label":"v\u00e4symyksen v\u00e4hent\u00e4minen"},{"value":4403,"label":"vegaaniyst\u00e4v\u00e4llinen"},{"value":4604,"label":"vesiliukoinen vitamiini"},{"value":3183,"label":"Vitamiini B7"}]},"featured_image_src_large":["https:\/\/reviva.fi\/wp-content\/uploads\/2025\/01\/8068-90-Biotin-500-mcg.jpg",780,780,false],"author_info":[],"comment_info":0,"_links":{"self":[{"href":"https:\/\/reviva.fi\/fi\/wp-json\/wp\/v2\/product\/10966","targetHints":{"allow":["GET"]}}],"collection":[{"href":"https:\/\/reviva.fi\/fi\/wp-json\/wp\/v2\/product"}],"about":[{"href":"https:\/\/reviva.fi\/fi\/wp-json\/wp\/v2\/types\/product"}],"replies":[{"embeddable":true,"href":"https:\/\/reviva.fi\/fi\/wp-json\/wp\/v2\/comments?post=10966"}],"wp:featuredmedia":[{"embeddable":true,"href":"https:\/\/reviva.fi\/fi\/wp-json\/wp\/v2\/media\/10787"}],"wp:attachment":[{"href":"https:\/\/reviva.fi\/fi\/wp-json\/wp\/v2\/media?parent=10966"}],"wp:term":[{"taxonomy":"product_brand","embeddable":true,"href":"https:\/\/reviva.fi\/fi\/wp-json\/wp\/v2\/product_brand?post=10966"},{"taxonomy":"product_cat","embeddable":true,"href":"https:\/\/reviva.fi\/fi\/wp-json\/wp\/v2\/product_cat?post=10966"},{"taxonomy":"product_tag","embeddable":true,"href":"https:\/\/reviva.fi\/fi\/wp-json\/wp\/v2\/product_tag?post=10966"}],"curies":[{"name":"wp","href":"https:\/\/api.w.org\/{rel}","templated":true}]}}