{"id":10970,"date":"2025-01-29T13:33:39","date_gmt":"2025-01-29T11:33:39","guid":{"rendered":"https:\/\/reviva.fi\/product\/multi-guard-sport-lamberts\/"},"modified":"2026-02-01T16:07:49","modified_gmt":"2026-02-01T14:07:49","slug":"multi-guard-sport-lamberts","status":"publish","type":"product","link":"https:\/\/reviva.fi\/fi\/tuote\/multi-guard-sport-lamberts\/","title":{"rendered":"Multi-Guard Sport &#8211; Lamberts"},"content":{"rendered":"<h2 data-start=\"108\" data-end=\"140\">Multi-Guard\u00ae Sport \u2013 Lamberts<\/h2>\n<p data-start=\"142\" data-end=\"482\">Multi-Guard\u00ae Sport on eritt\u00e4in monipuolinen monivitamiini- ja kivenn\u00e4isainevalmiste, joka on kehitetty erityisesti urheilijoille ja kovaa harjoitteleville. Tuote sis\u00e4lt\u00e4\u00e4 <strong data-start=\"313\" data-end=\"383\">26 vitamiinia ja kivenn\u00e4isainetta sek\u00e4 tehokkaita antioksidantteja<\/strong>, ja se toimii vahvana perustana tukemaan kehon lis\u00e4\u00e4ntynytt\u00e4 ravinnontarvetta harjoittelun aikana.<\/p>\n<h3 data-start=\"484\" data-end=\"543\">Erityinen tuki energialle, lihaksille ja palautumiselle<\/h3>\n<p data-start=\"545\" data-end=\"816\">Magnesiumia on mukana t\u00e4ysi vuorokausiannos (<strong data-start=\"590\" data-end=\"609\">375 mg p\u00e4iv\u00e4ss\u00e4<\/strong>), sill\u00e4 se on t\u00e4rke\u00e4ss\u00e4 roolissa kehon energiantuotannossa ja lihasten toiminnassa. Magnesiumin puute on yhdistetty lihasarkuuteen harjoittelun j\u00e4lkeen, ja se auttaa my\u00f6s v\u00e4hent\u00e4m\u00e4\u00e4n v\u00e4symyst\u00e4 ja uupumusta.<\/p>\n<p data-start=\"818\" data-end=\"964\">Luuston terveyden tukemiseksi valmiste sis\u00e4lt\u00e4\u00e4 lis\u00e4ksi <strong data-start=\"874\" data-end=\"907\">D3-vitamiinia ja K-vitamiinia<\/strong> reiluina m\u00e4\u00e4rin\u00e4 ajantasaisen tutkimustiedon mukaisesti.<\/p>\n<h3 data-start=\"966\" data-end=\"997\">Tehokas antioksidanttisuoja<\/h3>\n<p data-start=\"999\" data-end=\"1224\">Intensiivinen liikunta lis\u00e4\u00e4 vapaiden radikaalien muodostumista, mik\u00e4 voi kuluttaa kehon antioksidanttivarastoja. T\u00e4m\u00e4n vuoksi Multi-Guard\u00ae Sport sis\u00e4lt\u00e4\u00e4 sek\u00e4 perinteisi\u00e4 antioksidantteja ett\u00e4 kasvipohjaisia uutteita, kuten:<\/p>\n<ul data-start=\"1226\" data-end=\"1323\">\n<li data-start=\"1226\" data-end=\"1247\">\n<p data-start=\"1228\" data-end=\"1247\">C- ja E-vitamiini<\/p>\n<\/li>\n<li data-start=\"1248\" data-end=\"1259\">\n<p data-start=\"1250\" data-end=\"1259\">Seleeni<\/p>\n<\/li>\n<li data-start=\"1260\" data-end=\"1282\">\n<p data-start=\"1262\" data-end=\"1282\">Ryp\u00e4leensiemenuute<\/p>\n<\/li>\n<li data-start=\"1283\" data-end=\"1298\">\n<p data-start=\"1285\" data-end=\"1298\">Kversetiini<\/p>\n<\/li>\n<li data-start=\"1299\" data-end=\"1323\">\n<p data-start=\"1301\" data-end=\"1323\">Sitrusbioflavonoidit<\/p>\n<\/li>\n<\/ul>\n<p data-start=\"1325\" data-end=\"1443\">Lis\u00e4ksi tuote sis\u00e4lt\u00e4\u00e4 <strong data-start=\"1348\" data-end=\"1387\">200 \u00b5g kromia (kromipikolinaattina)<\/strong>, joka edist\u00e4\u00e4 normaalin verensokeritason yll\u00e4pit\u00e4mist\u00e4.<\/p>\n<h3 data-start=\"1445\" data-end=\"1465\">Lyhyt yhteenveto<\/h3>\n<ul data-start=\"1467\" data-end=\"1765\">\n<li data-start=\"1467\" data-end=\"1539\">\n<p data-start=\"1469\" data-end=\"1539\">Sis\u00e4lt\u00e4\u00e4 <strong data-start=\"1478\" data-end=\"1537\">26 vitamiinia ja kivenn\u00e4isainetta sek\u00e4 antioksidantteja<\/strong><\/p>\n<\/li>\n<li data-start=\"1540\" data-end=\"1591\">\n<p data-start=\"1542\" data-end=\"1591\">Kehitetty urheilijoille ja kovaan harjoitteluun<\/p>\n<\/li>\n<li data-start=\"1592\" data-end=\"1638\">\n<p data-start=\"1594\" data-end=\"1638\">T\u00e4ysi vuorokausiannos magnesiumia (375 mg)<\/p>\n<\/li>\n<li data-start=\"1639\" data-end=\"1672\">\n<p data-start=\"1641\" data-end=\"1672\">D3- ja K-vitamiinia runsaasti<\/p>\n<\/li>\n<li data-start=\"1673\" data-end=\"1717\">\n<p data-start=\"1675\" data-end=\"1717\">Sis\u00e4lt\u00e4\u00e4 kasvipohjaisia antioksidantteja<\/p>\n<\/li>\n<li data-start=\"1718\" data-end=\"1765\">\n<p data-start=\"1720\" data-end=\"1765\">200 \u00b5g kromia normaalin verensokerin tueksi<\/p>\n<\/li>\n<\/ul>\n","protected":false},"excerpt":{"rendered":"<p>Kattavin monivitamiini- ja kivenn\u00e4isainetuote urheilijoille ja kaikille s\u00e4\u00e4nn\u00f6llist\u00e4 liikuntaa harrastaville.<\/p>\n<p><strong>60 tablettia\u00a0<\/strong><\/p>\n","protected":false},"featured_media":10781,"comment_status":"closed","ping_status":"closed","template":"","meta":{"_acf_changed":false,"inline_featured_image":false,"_kad_blocks_custom_css":"","_kad_blocks_head_custom_js":"","_kad_blocks_body_custom_js":"","_kad_blocks_footer_custom_js":"","_kadence_starter_templates_imported_post":false,"_kad_post_transparent":"default","_kad_post_title":"","_kad_post_layout":"default","_kad_post_sidebar_id":"","_kad_post_content_style":"default","_kad_post_vertical_padding":"default","_kad_post_feature":"","_kad_post_feature_position":"","_kad_post_header":false,"_kad_post_footer":false},"product_brand":[],"product_cat":[5978,2444,2375],"product_tag":[4606,2936,3348,4418,4402,4406,4608,1100,4431,4432,3586,4567,496,4440,2919,4607,4423,4605,4436,4403,2959,3184,2960,3198],"class_list":{"0":"post-10970","1":"product","2":"type-product","3":"status-publish","4":"has-post-thumbnail","6":"product_cat-multi-produkter-fi","7":"product_cat-lamberts-fi","8":"product_cat-traning-fi","9":"product_tag-26-vitamiinia-ja-kivennaisainetta","10":"product_tag-antioksidantit","11":"product_tag-blodsockerbalans-fi","12":"product_tag-energiantuotanto","13":"product_tag-gmp-standardi","14":"product_tag-korkea-vahvuuksinen","15":"product_tag-kromi-200-g","16":"product_tag-kversetiini","17":"product_tag-lihasterveytta","18":"product_tag-luuston-terveytta","19":"product_tag-magnesium-375-mg-fi","20":"product_tag-monimineraali","21":"product_tag-multivitamiini","22":"product_tag-rypaleen-siemenuute","23":"product_tag-seleeni","24":"product_tag-sitrushedelmien-bioflavonoidit","25":"product_tag-standardoitu-uute","26":"product_tag-urheilulisaaine","27":"product_tag-vasymyksen-vahentaminen","28":"product_tag-vegaaniystavallinen","29":"product_tag-vitamiini-c","30":"product_tag-vitamiini-d3","31":"product_tag-vitamiini-e","32":"product_tag-vitamiini-k","34":"first","35":"outofstock","36":"taxable","37":"shipping-taxable","38":"purchasable","39":"product-type-simple","40":"entry","41":"content-bg","42":"loop-entry"},"acf":[],"yoast_head":"<!-- This site is optimized with the Yoast SEO plugin v25.8 - https:\/\/yoast.com\/wordpress\/plugins\/seo\/ -->\n<title>Multi-Guard Sport - Lamberts - Reviva<\/title>\n<meta name=\"description\" content=\"Multi-Guard Sport - Lamberts on aktiivisten ihmisten t\u00e4ysravintolis\u00e4, joka tukee energiantuotantoa, lihasten toimintaa ja palautumista.\" \/>\n<meta name=\"robots\" content=\"index, follow, max-snippet:-1, max-image-preview:large, max-video-preview:-1\" \/>\n<link rel=\"canonical\" href=\"https:\/\/reviva.fi\/fi\/tuote\/multi-guard-sport-lamberts\/\" \/>\n<meta property=\"og:locale\" content=\"fi_FI\" \/>\n<meta property=\"og:type\" content=\"article\" \/>\n<meta property=\"og:title\" content=\"Multi-Guard Sport - Lamberts - Reviva\" \/>\n<meta property=\"og:description\" content=\"Multi-Guard Sport - Lamberts on aktiivisten ihmisten t\u00e4ysravintolis\u00e4, joka tukee energiantuotantoa, lihasten toimintaa ja palautumista.\" \/>\n<meta property=\"og:url\" content=\"https:\/\/reviva.fi\/fi\/tuote\/multi-guard-sport-lamberts\/\" \/>\n<meta property=\"og:site_name\" content=\"Reviva\" \/>\n<meta property=\"article:modified_time\" content=\"2026-02-01T14:07:49+00:00\" \/>\n<meta property=\"og:image\" content=\"https:\/\/reviva.fi\/wp-content\/uploads\/2025\/01\/7023-60-Multiguard-sport.jpg\" \/>\n\t<meta property=\"og:image:width\" content=\"780\" \/>\n\t<meta property=\"og:image:height\" content=\"780\" \/>\n\t<meta property=\"og:image:type\" content=\"image\/jpeg\" \/>\n<meta name=\"twitter:card\" content=\"summary_large_image\" \/>\n<script type=\"application\/ld+json\" class=\"yoast-schema-graph\">{\"@context\":\"https:\/\/schema.org\",\"@graph\":[{\"@type\":\"WebPage\",\"@id\":\"https:\/\/reviva.fi\/fi\/tuote\/multi-guard-sport-lamberts\/\",\"url\":\"https:\/\/reviva.fi\/fi\/tuote\/multi-guard-sport-lamberts\/\",\"name\":\"Multi-Guard Sport - Lamberts - Reviva\",\"isPartOf\":{\"@id\":\"https:\/\/reviva.fi\/fi\/#website\"},\"primaryImageOfPage\":{\"@id\":\"https:\/\/reviva.fi\/fi\/tuote\/multi-guard-sport-lamberts\/#primaryimage\"},\"image\":{\"@id\":\"https:\/\/reviva.fi\/fi\/tuote\/multi-guard-sport-lamberts\/#primaryimage\"},\"thumbnailUrl\":\"https:\/\/reviva.fi\/wp-content\/uploads\/2025\/01\/7023-60-Multiguard-sport.jpg\",\"datePublished\":\"2025-01-29T11:33:39+00:00\",\"dateModified\":\"2026-02-01T14:07:49+00:00\",\"description\":\"Multi-Guard Sport - Lamberts on aktiivisten ihmisten t\u00e4ysravintolis\u00e4, joka tukee energiantuotantoa, lihasten toimintaa ja palautumista.\",\"breadcrumb\":{\"@id\":\"https:\/\/reviva.fi\/fi\/tuote\/multi-guard-sport-lamberts\/#breadcrumb\"},\"inLanguage\":\"fi\",\"potentialAction\":[{\"@type\":\"ReadAction\",\"target\":[\"https:\/\/reviva.fi\/fi\/tuote\/multi-guard-sport-lamberts\/\"]}]},{\"@type\":\"ImageObject\",\"inLanguage\":\"fi\",\"@id\":\"https:\/\/reviva.fi\/fi\/tuote\/multi-guard-sport-lamberts\/#primaryimage\",\"url\":\"https:\/\/reviva.fi\/wp-content\/uploads\/2025\/01\/7023-60-Multiguard-sport.jpg\",\"contentUrl\":\"https:\/\/reviva.fi\/wp-content\/uploads\/2025\/01\/7023-60-Multiguard-sport.jpg\",\"width\":780,\"height\":780,\"caption\":\"Multi-Guard Sport - Lamberts\"},{\"@type\":\"BreadcrumbList\",\"@id\":\"https:\/\/reviva.fi\/fi\/tuote\/multi-guard-sport-lamberts\/#breadcrumb\",\"itemListElement\":[{\"@type\":\"ListItem\",\"position\":1,\"name\":\"Etusivu\",\"item\":\"https:\/\/reviva.fi\/fi\/\"},{\"@type\":\"ListItem\",\"position\":2,\"name\":\"Tuotteet\",\"item\":\"https:\/\/reviva.fi\/produkter\/\"},{\"@type\":\"ListItem\",\"position\":3,\"name\":\"Multi-Guard Sport &#8211; Lamberts\"}]},{\"@type\":\"WebSite\",\"@id\":\"https:\/\/reviva.fi\/fi\/#website\",\"url\":\"https:\/\/reviva.fi\/fi\/\",\"name\":\"Reviva\",\"description\":\"\",\"publisher\":{\"@id\":\"https:\/\/reviva.fi\/fi\/#organization\"},\"potentialAction\":[{\"@type\":\"SearchAction\",\"target\":{\"@type\":\"EntryPoint\",\"urlTemplate\":\"https:\/\/reviva.fi\/fi\/?s={search_term_string}\"},\"query-input\":{\"@type\":\"PropertyValueSpecification\",\"valueRequired\":true,\"valueName\":\"search_term_string\"}}],\"inLanguage\":\"fi\"},{\"@type\":\"Organization\",\"@id\":\"https:\/\/reviva.fi\/fi\/#organization\",\"name\":\"Reviva\",\"url\":\"https:\/\/reviva.fi\/fi\/\",\"logo\":{\"@type\":\"ImageObject\",\"inLanguage\":\"fi\",\"@id\":\"https:\/\/reviva.fi\/fi\/#\/schema\/logo\/image\/\",\"url\":\"https:\/\/reviva.fi\/wp-content\/uploads\/2023\/10\/reviva-logo2.svg\",\"contentUrl\":\"https:\/\/reviva.fi\/wp-content\/uploads\/2023\/10\/reviva-logo2.svg\",\"caption\":\"Reviva\"},\"image\":{\"@id\":\"https:\/\/reviva.fi\/fi\/#\/schema\/logo\/image\/\"}}]}<\/script>\n<meta property=\"product:price:amount\" content=\"20.25\" \/>\n<meta property=\"product:price:currency\" content=\"EUR\" \/>\n<meta property=\"og:availability\" content=\"out of stock\" \/>\n<meta property=\"product:availability\" content=\"out of stock\" \/>\n<meta property=\"product:retailer_item_id\" content=\"7023-60\" \/>\n<meta property=\"product:condition\" content=\"new\" \/>\n<!-- \/ Yoast SEO plugin. -->","yoast_head_json":{"title":"Multi-Guard Sport - Lamberts - Reviva","description":"Multi-Guard Sport - Lamberts on aktiivisten ihmisten t\u00e4ysravintolis\u00e4, joka tukee energiantuotantoa, lihasten toimintaa ja palautumista.","robots":{"index":"index","follow":"follow","max-snippet":"max-snippet:-1","max-image-preview":"max-image-preview:large","max-video-preview":"max-video-preview:-1"},"canonical":"https:\/\/reviva.fi\/fi\/tuote\/multi-guard-sport-lamberts\/","og_locale":"fi_FI","og_type":"article","og_title":"Multi-Guard Sport - Lamberts - Reviva","og_description":"Multi-Guard Sport - Lamberts on aktiivisten ihmisten t\u00e4ysravintolis\u00e4, joka tukee energiantuotantoa, lihasten toimintaa ja palautumista.","og_url":"https:\/\/reviva.fi\/fi\/tuote\/multi-guard-sport-lamberts\/","og_site_name":"Reviva","article_modified_time":"2026-02-01T14:07:49+00:00","og_image":[{"width":780,"height":780,"url":"https:\/\/reviva.fi\/wp-content\/uploads\/2025\/01\/7023-60-Multiguard-sport.jpg","type":"image\/jpeg"}],"twitter_card":"summary_large_image","schema":{"@context":"https:\/\/schema.org","@graph":[{"@type":"WebPage","@id":"https:\/\/reviva.fi\/fi\/tuote\/multi-guard-sport-lamberts\/","url":"https:\/\/reviva.fi\/fi\/tuote\/multi-guard-sport-lamberts\/","name":"Multi-Guard Sport - Lamberts - Reviva","isPartOf":{"@id":"https:\/\/reviva.fi\/fi\/#website"},"primaryImageOfPage":{"@id":"https:\/\/reviva.fi\/fi\/tuote\/multi-guard-sport-lamberts\/#primaryimage"},"image":{"@id":"https:\/\/reviva.fi\/fi\/tuote\/multi-guard-sport-lamberts\/#primaryimage"},"thumbnailUrl":"https:\/\/reviva.fi\/wp-content\/uploads\/2025\/01\/7023-60-Multiguard-sport.jpg","datePublished":"2025-01-29T11:33:39+00:00","dateModified":"2026-02-01T14:07:49+00:00","description":"Multi-Guard Sport - Lamberts on aktiivisten ihmisten t\u00e4ysravintolis\u00e4, joka tukee energiantuotantoa, lihasten toimintaa ja palautumista.","breadcrumb":{"@id":"https:\/\/reviva.fi\/fi\/tuote\/multi-guard-sport-lamberts\/#breadcrumb"},"inLanguage":"fi","potentialAction":[{"@type":"ReadAction","target":["https:\/\/reviva.fi\/fi\/tuote\/multi-guard-sport-lamberts\/"]}]},{"@type":"ImageObject","inLanguage":"fi","@id":"https:\/\/reviva.fi\/fi\/tuote\/multi-guard-sport-lamberts\/#primaryimage","url":"https:\/\/reviva.fi\/wp-content\/uploads\/2025\/01\/7023-60-Multiguard-sport.jpg","contentUrl":"https:\/\/reviva.fi\/wp-content\/uploads\/2025\/01\/7023-60-Multiguard-sport.jpg","width":780,"height":780,"caption":"Multi-Guard Sport - Lamberts"},{"@type":"BreadcrumbList","@id":"https:\/\/reviva.fi\/fi\/tuote\/multi-guard-sport-lamberts\/#breadcrumb","itemListElement":[{"@type":"ListItem","position":1,"name":"Etusivu","item":"https:\/\/reviva.fi\/fi\/"},{"@type":"ListItem","position":2,"name":"Tuotteet","item":"https:\/\/reviva.fi\/produkter\/"},{"@type":"ListItem","position":3,"name":"Multi-Guard Sport &#8211; Lamberts"}]},{"@type":"WebSite","@id":"https:\/\/reviva.fi\/fi\/#website","url":"https:\/\/reviva.fi\/fi\/","name":"Reviva","description":"","publisher":{"@id":"https:\/\/reviva.fi\/fi\/#organization"},"potentialAction":[{"@type":"SearchAction","target":{"@type":"EntryPoint","urlTemplate":"https:\/\/reviva.fi\/fi\/?s={search_term_string}"},"query-input":{"@type":"PropertyValueSpecification","valueRequired":true,"valueName":"search_term_string"}}],"inLanguage":"fi"},{"@type":"Organization","@id":"https:\/\/reviva.fi\/fi\/#organization","name":"Reviva","url":"https:\/\/reviva.fi\/fi\/","logo":{"@type":"ImageObject","inLanguage":"fi","@id":"https:\/\/reviva.fi\/fi\/#\/schema\/logo\/image\/","url":"https:\/\/reviva.fi\/wp-content\/uploads\/2023\/10\/reviva-logo2.svg","contentUrl":"https:\/\/reviva.fi\/wp-content\/uploads\/2023\/10\/reviva-logo2.svg","caption":"Reviva"},"image":{"@id":"https:\/\/reviva.fi\/fi\/#\/schema\/logo\/image\/"}}]},"product_price_amount":"20.25","product_price_currency":"EUR","og_availability":"out of stock","product_availability":"out of stock","product_retailer_item_id":"7023-60","product_condition":"new"},"taxonomy_info":{"product_cat":[{"value":5978,"label":"Multi tuotteet"},{"value":2444,"label":"Lamberts"},{"value":2375,"label":"Harjoittelu"}],"product_tag":[{"value":4606,"label":"26 vitamiinia ja kivenn\u00e4isainetta"},{"value":2936,"label":"Antioksidantit"},{"value":3348,"label":"Blodsockerbalans"},{"value":4418,"label":"Energiantuotanto"},{"value":4402,"label":"GMP standardi"},{"value":4406,"label":"Korkea vahvuuksinen"},{"value":4608,"label":"kromi 200 \u00b5g"},{"value":1100,"label":"Kversetiini"},{"value":4431,"label":"Lihasterveytt\u00e4"},{"value":4432,"label":"Luuston terveytt\u00e4"},{"value":3586,"label":"Magnesium 375 mg"},{"value":4567,"label":"monimineraali"},{"value":496,"label":"multivitamiini"},{"value":4440,"label":"ryp\u00e4leen siemenuute"},{"value":2919,"label":"Seleeni"},{"value":4607,"label":"sitrushedelmien bioflavonoidit"},{"value":4423,"label":"standardoitu uute"},{"value":4605,"label":"urheilulis\u00e4aine"},{"value":4436,"label":"v\u00e4symyksen v\u00e4hent\u00e4minen"},{"value":4403,"label":"vegaaniyst\u00e4v\u00e4llinen"},{"value":2959,"label":"Vitamiini C"},{"value":3184,"label":"Vitamiini D3"},{"value":2960,"label":"Vitamiini E"},{"value":3198,"label":"Vitamiini K"}]},"featured_image_src_large":["https:\/\/reviva.fi\/wp-content\/uploads\/2025\/01\/7023-60-Multiguard-sport.jpg",780,780,false],"author_info":[],"comment_info":0,"_links":{"self":[{"href":"https:\/\/reviva.fi\/fi\/wp-json\/wp\/v2\/product\/10970","targetHints":{"allow":["GET"]}}],"collection":[{"href":"https:\/\/reviva.fi\/fi\/wp-json\/wp\/v2\/product"}],"about":[{"href":"https:\/\/reviva.fi\/fi\/wp-json\/wp\/v2\/types\/product"}],"replies":[{"embeddable":true,"href":"https:\/\/reviva.fi\/fi\/wp-json\/wp\/v2\/comments?post=10970"}],"wp:featuredmedia":[{"embeddable":true,"href":"https:\/\/reviva.fi\/fi\/wp-json\/wp\/v2\/media\/10781"}],"wp:attachment":[{"href":"https:\/\/reviva.fi\/fi\/wp-json\/wp\/v2\/media?parent=10970"}],"wp:term":[{"taxonomy":"product_brand","embeddable":true,"href":"https:\/\/reviva.fi\/fi\/wp-json\/wp\/v2\/product_brand?post=10970"},{"taxonomy":"product_cat","embeddable":true,"href":"https:\/\/reviva.fi\/fi\/wp-json\/wp\/v2\/product_cat?post=10970"},{"taxonomy":"product_tag","embeddable":true,"href":"https:\/\/reviva.fi\/fi\/wp-json\/wp\/v2\/product_tag?post=10970"}],"curies":[{"name":"wp","href":"https:\/\/api.w.org\/{rel}","templated":true}]}}