{"id":10973,"date":"2025-01-29T13:11:45","date_gmt":"2025-01-29T11:11:45","guid":{"rendered":"https:\/\/reviva.fi\/product\/dog-calming-tablets-lamberts\/"},"modified":"2025-02-03T13:49:06","modified_gmt":"2025-02-03T11:49:06","slug":"rauhoittavat-tabletit-koiralle-lamberts","status":"publish","type":"product","link":"https:\/\/reviva.fi\/fi\/tuote\/rauhoittavat-tabletit-koiralle-lamberts\/","title":{"rendered":"Rauhoittavat tabletit koiralle &#8211; Lamberts"},"content":{"rendered":"<p><strong>Rauhoittavat tabletit koiralle &#8211; Lamberts<\/strong><\/p>\n<ul>\n<li>Sis\u00e4lt\u00e4\u00e4 t\u00e4rkeit\u00e4 B-vitamiineja, jotka tunnetaan tukensa hermostoa<\/li>\n<li>Magnesium optimaaliseen lihasten ja hermojen toimintaan<\/li>\n<li>Passion kukka- ja sitruunamelissauutteet, kaksi tunnettua rentouttavaa yrtti\u00e4<\/li>\n<li>L-tryptofaani, v\u00e4ltt\u00e4m\u00e4t\u00f6n aminohappo rauhoittavien ominaisuuksiensa vuoksi.<\/li>\n<li>Helppo annostella \u2013 suunniteltu t\u00e4ytt\u00e4m\u00e4\u00e4n kaikenkokoisten koirien tarpeet.<\/li>\n<\/ul>\n<p>Helppo annostella \u2013 suunniteltu t\u00e4ytt\u00e4m\u00e4\u00e4n kaikenkokoisten koirien tarpeet<\/p>\n<p>T\u00e4m\u00e4 hell\u00e4varainen koostumus auttaa edist\u00e4m\u00e4\u00e4n rauhallisuuden ja hyvinvoinnin tunnetta, jota kaikki koirat (ja heid\u00e4n omistajansa) arvostavat. T\u00e4ydellinen lemmikeille, joita rutiinimuutos vaivaa tai jotka innostuvat yli, sek\u00e4 ilotulitteita\/matkailua pelk\u00e4\u00e4ville. Naudan ja maksan maku.<\/p>\n<p>&nbsp;<\/p>\n<p>&nbsp;<\/p>\n","protected":false},"excerpt":{"rendered":"<p>Sis\u00e4lt\u00e4\u00e4 v\u00e4ltt\u00e4m\u00e4tt\u00f6mi\u00e4 ravintoaineita sek\u00e4 passionkukka- ja sitruunamelissauutteita. Sis\u00e4lt\u00e4\u00e4 luonnollisia ainesosia, jotka edist\u00e4v\u00e4t rentoutumista vaikuttamatta koiran vireyteen.<\/p>\n<p><strong>90 Tablettia\u00a0<\/strong><\/p>\n","protected":false},"featured_media":10777,"comment_status":"closed","ping_status":"closed","template":"","meta":{"_acf_changed":false,"inline_featured_image":false,"_kad_blocks_custom_css":"","_kad_blocks_head_custom_js":"","_kad_blocks_body_custom_js":"","_kad_blocks_footer_custom_js":"","_kadence_starter_templates_imported_post":false,"_kad_post_transparent":"default","_kad_post_title":"","_kad_post_layout":"default","_kad_post_sidebar_id":"","_kad_post_content_style":"default","_kad_post_vertical_padding":"default","_kad_post_feature":"","_kad_post_feature_position":"","_kad_post_header":false,"_kad_post_footer":false},"product_brand":[],"product_cat":[2475,2505,2444],"product_tag":[1625,409,1165,4610,500,1473,4622,4617,4619,4613,4626,4611,4620,4532,4623,4618,476,479,4609,4624,4614,4625,4616,4621,4612,4459,1559,4615],"class_list":{"0":"post-10973","1":"product","2":"type-product","3":"status-publish","4":"has-post-thumbnail","6":"product_cat-erbjudanden-fi","7":"product_cat-ovriga-kosttillskott-fi","8":"product_cat-lamberts-fi","9":"product_tag-ahdistusta","10":"product_tag-aminohappo","11":"product_tag-b-vitamiinit","12":"product_tag-helppo-annostella","13":"product_tag-hermosto","14":"product_tag-hermostuneisuus","15":"product_tag-hyvinvointia","16":"product_tag-ilotulitus","17":"product_tag-intohimo-kukka","18":"product_tag-kayttaytymista","19":"product_tag-kaiken-kokoiset-koirat","20":"product_tag-koira","21":"product_tag-l-tryptofaani","22":"product_tag-lamberts-fi","23":"product_tag-lemmikkielainten-terveyteen","24":"product_tag-lihasten-ja-hermojen-toimintaa","25":"product_tag-lisaravinne","26":"product_tag-magnesiumi","27":"product_tag-matkustaa","28":"product_tag-maukas","29":"product_tag-muutos-rutiinissa","30":"product_tag-naudanlihan-ja-maksan-aromi","31":"product_tag-pelko","32":"product_tag-rauhallinen","33":"product_tag-rauhoittavat-tabletit","34":"product_tag-sitruunamelissa","35":"product_tag-stressi","36":"product_tag-yliinnostunut","38":"first","39":"instock","40":"sale","41":"taxable","42":"shipping-taxable","43":"purchasable","44":"product-type-simple","45":"entry","46":"content-bg","47":"loop-entry"},"acf":[],"yoast_head":"<!-- This site is optimized with the Yoast SEO plugin v25.8 - https:\/\/yoast.com\/wordpress\/plugins\/seo\/ -->\n<title>Rauhoittavat tabletit koiralle - Lamberts - Reviva<\/title>\n<meta name=\"description\" content=\"Dog Calming Tablets - Lamberts Auttaa rauhoittamaan ahdistuneita koiria stressaavissa tilanteissa, kuten ukkosmyrskyss\u00e4 tai matkoilla. Luontaisvalmiste.\" \/>\n<meta name=\"robots\" content=\"index, follow, max-snippet:-1, max-image-preview:large, max-video-preview:-1\" \/>\n<link rel=\"canonical\" href=\"https:\/\/reviva.fi\/fi\/tuote\/rauhoittavat-tabletit-koiralle-lamberts\/\" \/>\n<meta property=\"og:locale\" content=\"fi_FI\" \/>\n<meta property=\"og:type\" content=\"article\" \/>\n<meta property=\"og:title\" content=\"Rauhoittavat tabletit koiralle - Lamberts - Reviva\" \/>\n<meta property=\"og:description\" content=\"Dog Calming Tablets - Lamberts Auttaa rauhoittamaan ahdistuneita koiria stressaavissa tilanteissa, kuten ukkosmyrskyss\u00e4 tai matkoilla. Luontaisvalmiste.\" \/>\n<meta property=\"og:url\" content=\"https:\/\/reviva.fi\/fi\/tuote\/rauhoittavat-tabletit-koiralle-lamberts\/\" \/>\n<meta property=\"og:site_name\" content=\"Reviva\" \/>\n<meta property=\"article:modified_time\" content=\"2025-02-03T11:49:06+00:00\" \/>\n<meta property=\"og:image\" content=\"https:\/\/reviva.fi\/wp-content\/uploads\/2025\/01\/8995-90-Dog-calming-tablets.jpg\" \/>\n\t<meta property=\"og:image:width\" content=\"780\" \/>\n\t<meta property=\"og:image:height\" content=\"780\" \/>\n\t<meta property=\"og:image:type\" content=\"image\/jpeg\" \/>\n<meta name=\"twitter:card\" content=\"summary_large_image\" \/>\n<script type=\"application\/ld+json\" class=\"yoast-schema-graph\">{\"@context\":\"https:\/\/schema.org\",\"@graph\":[{\"@type\":\"WebPage\",\"@id\":\"https:\/\/reviva.fi\/fi\/tuote\/rauhoittavat-tabletit-koiralle-lamberts\/\",\"url\":\"https:\/\/reviva.fi\/fi\/tuote\/rauhoittavat-tabletit-koiralle-lamberts\/\",\"name\":\"Rauhoittavat tabletit koiralle - Lamberts - Reviva\",\"isPartOf\":{\"@id\":\"https:\/\/reviva.fi\/fi\/#website\"},\"primaryImageOfPage\":{\"@id\":\"https:\/\/reviva.fi\/fi\/tuote\/rauhoittavat-tabletit-koiralle-lamberts\/#primaryimage\"},\"image\":{\"@id\":\"https:\/\/reviva.fi\/fi\/tuote\/rauhoittavat-tabletit-koiralle-lamberts\/#primaryimage\"},\"thumbnailUrl\":\"https:\/\/reviva.fi\/wp-content\/uploads\/2025\/01\/8995-90-Dog-calming-tablets.jpg\",\"datePublished\":\"2025-01-29T11:11:45+00:00\",\"dateModified\":\"2025-02-03T11:49:06+00:00\",\"description\":\"Dog Calming Tablets - Lamberts Auttaa rauhoittamaan ahdistuneita koiria stressaavissa tilanteissa, kuten ukkosmyrskyss\u00e4 tai matkoilla. Luontaisvalmiste.\",\"breadcrumb\":{\"@id\":\"https:\/\/reviva.fi\/fi\/tuote\/rauhoittavat-tabletit-koiralle-lamberts\/#breadcrumb\"},\"inLanguage\":\"fi\",\"potentialAction\":[{\"@type\":\"ReadAction\",\"target\":[\"https:\/\/reviva.fi\/fi\/tuote\/rauhoittavat-tabletit-koiralle-lamberts\/\"]}]},{\"@type\":\"ImageObject\",\"inLanguage\":\"fi\",\"@id\":\"https:\/\/reviva.fi\/fi\/tuote\/rauhoittavat-tabletit-koiralle-lamberts\/#primaryimage\",\"url\":\"https:\/\/reviva.fi\/wp-content\/uploads\/2025\/01\/8995-90-Dog-calming-tablets.jpg\",\"contentUrl\":\"https:\/\/reviva.fi\/wp-content\/uploads\/2025\/01\/8995-90-Dog-calming-tablets.jpg\",\"width\":780,\"height\":780,\"caption\":\"Rauhoittavat tabletit koiralle - Lamberts\"},{\"@type\":\"BreadcrumbList\",\"@id\":\"https:\/\/reviva.fi\/fi\/tuote\/rauhoittavat-tabletit-koiralle-lamberts\/#breadcrumb\",\"itemListElement\":[{\"@type\":\"ListItem\",\"position\":1,\"name\":\"Etusivu\",\"item\":\"https:\/\/reviva.fi\/fi\/\"},{\"@type\":\"ListItem\",\"position\":2,\"name\":\"Tuotteet\",\"item\":\"https:\/\/reviva.fi\/produkter\/\"},{\"@type\":\"ListItem\",\"position\":3,\"name\":\"Rauhoittavat tabletit koiralle &#8211; Lamberts\"}]},{\"@type\":\"WebSite\",\"@id\":\"https:\/\/reviva.fi\/fi\/#website\",\"url\":\"https:\/\/reviva.fi\/fi\/\",\"name\":\"Reviva\",\"description\":\"\",\"publisher\":{\"@id\":\"https:\/\/reviva.fi\/fi\/#organization\"},\"potentialAction\":[{\"@type\":\"SearchAction\",\"target\":{\"@type\":\"EntryPoint\",\"urlTemplate\":\"https:\/\/reviva.fi\/fi\/?s={search_term_string}\"},\"query-input\":{\"@type\":\"PropertyValueSpecification\",\"valueRequired\":true,\"valueName\":\"search_term_string\"}}],\"inLanguage\":\"fi\"},{\"@type\":\"Organization\",\"@id\":\"https:\/\/reviva.fi\/fi\/#organization\",\"name\":\"Reviva\",\"url\":\"https:\/\/reviva.fi\/fi\/\",\"logo\":{\"@type\":\"ImageObject\",\"inLanguage\":\"fi\",\"@id\":\"https:\/\/reviva.fi\/fi\/#\/schema\/logo\/image\/\",\"url\":\"https:\/\/reviva.fi\/wp-content\/uploads\/2023\/10\/reviva-logo2.svg\",\"contentUrl\":\"https:\/\/reviva.fi\/wp-content\/uploads\/2023\/10\/reviva-logo2.svg\",\"caption\":\"Reviva\"},\"image\":{\"@id\":\"https:\/\/reviva.fi\/fi\/#\/schema\/logo\/image\/\"}}]}<\/script>\n<meta property=\"product:price:amount\" content=\"11.50\" \/>\n<meta property=\"product:price:currency\" content=\"EUR\" \/>\n<meta property=\"og:availability\" content=\"instock\" \/>\n<meta property=\"product:availability\" content=\"instock\" \/>\n<meta property=\"product:retailer_item_id\" content=\"8995-90\" \/>\n<meta property=\"product:condition\" content=\"new\" \/>\n<!-- \/ Yoast SEO plugin. -->","yoast_head_json":{"title":"Rauhoittavat tabletit koiralle - Lamberts - Reviva","description":"Dog Calming Tablets - Lamberts Auttaa rauhoittamaan ahdistuneita koiria stressaavissa tilanteissa, kuten ukkosmyrskyss\u00e4 tai matkoilla. Luontaisvalmiste.","robots":{"index":"index","follow":"follow","max-snippet":"max-snippet:-1","max-image-preview":"max-image-preview:large","max-video-preview":"max-video-preview:-1"},"canonical":"https:\/\/reviva.fi\/fi\/tuote\/rauhoittavat-tabletit-koiralle-lamberts\/","og_locale":"fi_FI","og_type":"article","og_title":"Rauhoittavat tabletit koiralle - Lamberts - Reviva","og_description":"Dog Calming Tablets - Lamberts Auttaa rauhoittamaan ahdistuneita koiria stressaavissa tilanteissa, kuten ukkosmyrskyss\u00e4 tai matkoilla. Luontaisvalmiste.","og_url":"https:\/\/reviva.fi\/fi\/tuote\/rauhoittavat-tabletit-koiralle-lamberts\/","og_site_name":"Reviva","article_modified_time":"2025-02-03T11:49:06+00:00","og_image":[{"width":780,"height":780,"url":"https:\/\/reviva.fi\/wp-content\/uploads\/2025\/01\/8995-90-Dog-calming-tablets.jpg","type":"image\/jpeg"}],"twitter_card":"summary_large_image","schema":{"@context":"https:\/\/schema.org","@graph":[{"@type":"WebPage","@id":"https:\/\/reviva.fi\/fi\/tuote\/rauhoittavat-tabletit-koiralle-lamberts\/","url":"https:\/\/reviva.fi\/fi\/tuote\/rauhoittavat-tabletit-koiralle-lamberts\/","name":"Rauhoittavat tabletit koiralle - Lamberts - Reviva","isPartOf":{"@id":"https:\/\/reviva.fi\/fi\/#website"},"primaryImageOfPage":{"@id":"https:\/\/reviva.fi\/fi\/tuote\/rauhoittavat-tabletit-koiralle-lamberts\/#primaryimage"},"image":{"@id":"https:\/\/reviva.fi\/fi\/tuote\/rauhoittavat-tabletit-koiralle-lamberts\/#primaryimage"},"thumbnailUrl":"https:\/\/reviva.fi\/wp-content\/uploads\/2025\/01\/8995-90-Dog-calming-tablets.jpg","datePublished":"2025-01-29T11:11:45+00:00","dateModified":"2025-02-03T11:49:06+00:00","description":"Dog Calming Tablets - Lamberts Auttaa rauhoittamaan ahdistuneita koiria stressaavissa tilanteissa, kuten ukkosmyrskyss\u00e4 tai matkoilla. Luontaisvalmiste.","breadcrumb":{"@id":"https:\/\/reviva.fi\/fi\/tuote\/rauhoittavat-tabletit-koiralle-lamberts\/#breadcrumb"},"inLanguage":"fi","potentialAction":[{"@type":"ReadAction","target":["https:\/\/reviva.fi\/fi\/tuote\/rauhoittavat-tabletit-koiralle-lamberts\/"]}]},{"@type":"ImageObject","inLanguage":"fi","@id":"https:\/\/reviva.fi\/fi\/tuote\/rauhoittavat-tabletit-koiralle-lamberts\/#primaryimage","url":"https:\/\/reviva.fi\/wp-content\/uploads\/2025\/01\/8995-90-Dog-calming-tablets.jpg","contentUrl":"https:\/\/reviva.fi\/wp-content\/uploads\/2025\/01\/8995-90-Dog-calming-tablets.jpg","width":780,"height":780,"caption":"Rauhoittavat tabletit koiralle - Lamberts"},{"@type":"BreadcrumbList","@id":"https:\/\/reviva.fi\/fi\/tuote\/rauhoittavat-tabletit-koiralle-lamberts\/#breadcrumb","itemListElement":[{"@type":"ListItem","position":1,"name":"Etusivu","item":"https:\/\/reviva.fi\/fi\/"},{"@type":"ListItem","position":2,"name":"Tuotteet","item":"https:\/\/reviva.fi\/produkter\/"},{"@type":"ListItem","position":3,"name":"Rauhoittavat tabletit koiralle &#8211; Lamberts"}]},{"@type":"WebSite","@id":"https:\/\/reviva.fi\/fi\/#website","url":"https:\/\/reviva.fi\/fi\/","name":"Reviva","description":"","publisher":{"@id":"https:\/\/reviva.fi\/fi\/#organization"},"potentialAction":[{"@type":"SearchAction","target":{"@type":"EntryPoint","urlTemplate":"https:\/\/reviva.fi\/fi\/?s={search_term_string}"},"query-input":{"@type":"PropertyValueSpecification","valueRequired":true,"valueName":"search_term_string"}}],"inLanguage":"fi"},{"@type":"Organization","@id":"https:\/\/reviva.fi\/fi\/#organization","name":"Reviva","url":"https:\/\/reviva.fi\/fi\/","logo":{"@type":"ImageObject","inLanguage":"fi","@id":"https:\/\/reviva.fi\/fi\/#\/schema\/logo\/image\/","url":"https:\/\/reviva.fi\/wp-content\/uploads\/2023\/10\/reviva-logo2.svg","contentUrl":"https:\/\/reviva.fi\/wp-content\/uploads\/2023\/10\/reviva-logo2.svg","caption":"Reviva"},"image":{"@id":"https:\/\/reviva.fi\/fi\/#\/schema\/logo\/image\/"}}]},"product_price_amount":"11.50","product_price_currency":"EUR","og_availability":"instock","product_availability":"instock","product_retailer_item_id":"8995-90","product_condition":"new"},"taxonomy_info":{"product_cat":[{"value":2475,"label":"Tarjoukset"},{"value":2505,"label":"Muut ravintolis\u00e4t"},{"value":2444,"label":"Lamberts"}],"product_tag":[{"value":1625,"label":"ahdistusta"},{"value":409,"label":"aminohappo"},{"value":1165,"label":"b-vitamiinit"},{"value":4610,"label":"Helppo annostella"},{"value":500,"label":"hermosto"},{"value":1473,"label":"hermostuneisuus"},{"value":4622,"label":"Hyvinvointia"},{"value":4617,"label":"ilotulitus"},{"value":4619,"label":"intohimo kukka"},{"value":4613,"label":"k\u00e4ytt\u00e4ytymist\u00e4"},{"value":4626,"label":"kaiken kokoiset koirat"},{"value":4611,"label":"Koira"},{"value":4620,"label":"L-tryptofaani"},{"value":4532,"label":"Lamberts"},{"value":4623,"label":"lemmikkiel\u00e4inten terveyteen"},{"value":4618,"label":"lihasten ja hermojen toimintaa"},{"value":476,"label":"lis\u00e4ravinne"},{"value":479,"label":"magnesiumi"},{"value":4609,"label":"matkustaa"},{"value":4624,"label":"maukas"},{"value":4614,"label":"muutos rutiinissa"},{"value":4625,"label":"naudanlihan ja maksan aromi"},{"value":4616,"label":"pelko"},{"value":4621,"label":"rauhallinen"},{"value":4612,"label":"rauhoittavat tabletit"},{"value":4459,"label":"Sitruunamelissa"},{"value":1559,"label":"stressi"},{"value":4615,"label":"yliinnostunut"}]},"featured_image_src_large":["https:\/\/reviva.fi\/wp-content\/uploads\/2025\/01\/8995-90-Dog-calming-tablets.jpg",780,780,false],"author_info":[],"comment_info":0,"_links":{"self":[{"href":"https:\/\/reviva.fi\/fi\/wp-json\/wp\/v2\/product\/10973","targetHints":{"allow":["GET"]}}],"collection":[{"href":"https:\/\/reviva.fi\/fi\/wp-json\/wp\/v2\/product"}],"about":[{"href":"https:\/\/reviva.fi\/fi\/wp-json\/wp\/v2\/types\/product"}],"replies":[{"embeddable":true,"href":"https:\/\/reviva.fi\/fi\/wp-json\/wp\/v2\/comments?post=10973"}],"wp:featuredmedia":[{"embeddable":true,"href":"https:\/\/reviva.fi\/fi\/wp-json\/wp\/v2\/media\/10777"}],"wp:attachment":[{"href":"https:\/\/reviva.fi\/fi\/wp-json\/wp\/v2\/media?parent=10973"}],"wp:term":[{"taxonomy":"product_brand","embeddable":true,"href":"https:\/\/reviva.fi\/fi\/wp-json\/wp\/v2\/product_brand?post=10973"},{"taxonomy":"product_cat","embeddable":true,"href":"https:\/\/reviva.fi\/fi\/wp-json\/wp\/v2\/product_cat?post=10973"},{"taxonomy":"product_tag","embeddable":true,"href":"https:\/\/reviva.fi\/fi\/wp-json\/wp\/v2\/product_tag?post=10973"}],"curies":[{"name":"wp","href":"https:\/\/api.w.org\/{rel}","templated":true}]}}