{"id":10978,"date":"2025-01-29T12:58:37","date_gmt":"2025-01-29T10:58:37","guid":{"rendered":"https:\/\/reviva.fi\/product\/fema45-lamberts\/"},"modified":"2025-02-03T13:51:26","modified_gmt":"2025-02-03T11:51:26","slug":"fema45-lamberts","status":"publish","type":"product","link":"https:\/\/reviva.fi\/fi\/tuote\/fema45-lamberts\/","title":{"rendered":"Fema45+ &#8211; Lamberts"},"content":{"rendered":"<p><strong>Fema45+ &#8211; Lamberts<\/strong><\/p>\n<ul>\n<li>Suunniteltu erityisesti naisille vaihdevuosien aikana ja sen j\u00e4lkeen<\/li>\n<li>Tarjoaa 28 ravintoainetta asianmukaisella tasolla<\/li>\n<li>Sis\u00e4lt\u00e4\u00e4 antioksidanttisia ravintoaineita seleeni\u00e4, C- ja E-vitamiinia sek\u00e4 kversetiini\u00e4 ja rutiinia<\/li>\n<li>Se sis\u00e4lt\u00e4\u00e4 runsaasti magnesiumia ja kalsiumia sek\u00e4 D- ja K-vitamiinia, jotka kuvastavat nykyist\u00e4 luuston terveytt\u00e4 koskevaa ajattelua<\/li>\n<li>Sek\u00e4 erinomaiset B-vitamiinitasot, jotka ovat t\u00e4rkeit\u00e4 energian vapautumiselle<\/li>\n<\/ul>\n<p>T\u00e4m\u00e4 tuote on kehitetty erityisesti naisille vaihdevuosien aikana ja sen j\u00e4lkeen. Koostumus sis\u00e4lt\u00e4\u00e4 28 ravintoainetta asianmukaisella tasolla, mukaan lukien hivenaineita ja runsaasti antioksidantteja.<\/p>\n<p>FEMA45+ sis\u00e4lt\u00e4\u00e4 hyv\u00e4t magnesium- ja kalsiumpitoisuudet sek\u00e4 D- ja K-vitamiinit, jotka kuvastavat nykyist\u00e4 luuston terveytt\u00e4 koskevaa ajattelua. Lis\u00e4ksi FEMA45+ sis\u00e4lt\u00e4\u00e4 merkitt\u00e4vi\u00e4 m\u00e4\u00e4ri\u00e4 B-vitamiineja ja useiden niist\u00e4 tiedet\u00e4\u00e4n v\u00e4hent\u00e4v\u00e4n v\u00e4symyst\u00e4 ja uupumusta.<\/p>\n","protected":false},"excerpt":{"rendered":"<p>Naisille vaihdevuosien aikana ja sen j\u00e4lkeen. Erityisesti yli 45-vuotiaille naisille kehitetty ravintolis\u00e4.<\/p>\n<p><strong>180 Tablettia\u00a0<\/strong><\/p>\n","protected":false},"featured_media":10772,"comment_status":"closed","ping_status":"closed","template":"","meta":{"_acf_changed":false,"inline_featured_image":false,"_kad_blocks_custom_css":"","_kad_blocks_head_custom_js":"","_kad_blocks_body_custom_js":"","_kad_blocks_footer_custom_js":"","_kadence_starter_templates_imported_post":false,"_kad_post_transparent":"default","_kad_post_title":"","_kad_post_layout":"default","_kad_post_sidebar_id":"","_kad_post_content_style":"default","_kad_post_vertical_padding":"default","_kad_post_feature":"","_kad_post_feature_position":"","_kad_post_header":false,"_kad_post_footer":false},"product_brand":[],"product_cat":[5961,5972,5978,2444],"product_tag":[4637,412,1165,521,1235,4636,4634,4402,3519,3384,3385,444,2946,1100,4548,4532,476,4432,479,4567,496,4593,2919,4436,3085,4403,2959,2960,3198,4635],"class_list":{"0":"post-10978","1":"product","2":"type-product","3":"status-publish","4":"has-post-thumbnail","6":"product_cat-multi-vitamin-fi","7":"product_cat-multi-mineral-fi","8":"product_cat-multi-produkter-fi","9":"product_cat-lamberts-fi","10":"product_tag-28-ravintoainetta","11":"product_tag-antioksidantti","12":"product_tag-b-vitamiinit","13":"product_tag-d-vitamiini","14":"product_tag-energia","15":"product_tag-ennen-menopaussia","16":"product_tag-fema45-fi","17":"product_tag-gmp-standardi","18":"product_tag-harhalsa-fi","19":"product_tag-hormonbalans-fi","20":"product_tag-hudhalsa-fi","21":"product_tag-immuunijarjestelma","22":"product_tag-kalsium","23":"product_tag-kversetiini","24":"product_tag-kynsien-terveytta","25":"product_tag-lamberts-fi","26":"product_tag-lisaravinne","27":"product_tag-luuston-terveytta","28":"product_tag-magnesiumi","29":"product_tag-monimineraali","30":"product_tag-multivitamiini","31":"product_tag-rutiini","32":"product_tag-seleeni","33":"product_tag-vasymyksen-vahentaminen","34":"product_tag-vaihdevuodet","35":"product_tag-vegaaniystavallinen","36":"product_tag-vitamiini-c","37":"product_tag-vitamiini-e","38":"product_tag-vitamiini-k","39":"product_tag-yli-45-vuotiaat-naiset","41":"first","42":"instock","43":"taxable","44":"shipping-taxable","45":"purchasable","46":"product-type-simple","47":"entry","48":"content-bg","49":"loop-entry"},"acf":[],"yoast_head":"<!-- This site is optimized with the Yoast SEO plugin v25.8 - https:\/\/yoast.com\/wordpress\/plugins\/seo\/ -->\n<title>Fema45+ - Lamberts - Reviva<\/title>\n<meta name=\"description\" content=\"Fema45 - Lamberts tukee hormonitasapainoa ja lievitt\u00e4\u00e4 vaihdevuosien aikana ja sen j\u00e4lkeen ilmenevi\u00e4 yleisi\u00e4 oireita, kuten kuumia aaltoja ja v\u00e4symyst\u00e4.\" \/>\n<meta name=\"robots\" content=\"index, follow, max-snippet:-1, max-image-preview:large, max-video-preview:-1\" \/>\n<link rel=\"canonical\" href=\"https:\/\/reviva.fi\/fi\/tuote\/fema45-lamberts\/\" \/>\n<meta property=\"og:locale\" content=\"fi_FI\" \/>\n<meta property=\"og:type\" content=\"article\" \/>\n<meta property=\"og:title\" content=\"Fema45+ - Lamberts - Reviva\" \/>\n<meta property=\"og:description\" content=\"Fema45 - Lamberts tukee hormonitasapainoa ja lievitt\u00e4\u00e4 vaihdevuosien aikana ja sen j\u00e4lkeen ilmenevi\u00e4 yleisi\u00e4 oireita, kuten kuumia aaltoja ja v\u00e4symyst\u00e4.\" \/>\n<meta property=\"og:url\" content=\"https:\/\/reviva.fi\/fi\/tuote\/fema45-lamberts\/\" \/>\n<meta property=\"og:site_name\" content=\"Reviva\" \/>\n<meta property=\"article:modified_time\" content=\"2025-02-03T11:51:26+00:00\" \/>\n<meta property=\"og:image\" content=\"https:\/\/reviva.fi\/wp-content\/uploads\/2025\/01\/8437-180-Fem45.jpg\" \/>\n\t<meta property=\"og:image:width\" content=\"780\" \/>\n\t<meta property=\"og:image:height\" content=\"780\" \/>\n\t<meta property=\"og:image:type\" content=\"image\/jpeg\" \/>\n<meta name=\"twitter:card\" content=\"summary_large_image\" \/>\n<script type=\"application\/ld+json\" class=\"yoast-schema-graph\">{\"@context\":\"https:\/\/schema.org\",\"@graph\":[{\"@type\":\"WebPage\",\"@id\":\"https:\/\/reviva.fi\/fi\/tuote\/fema45-lamberts\/\",\"url\":\"https:\/\/reviva.fi\/fi\/tuote\/fema45-lamberts\/\",\"name\":\"Fema45+ - Lamberts - Reviva\",\"isPartOf\":{\"@id\":\"https:\/\/reviva.fi\/fi\/#website\"},\"primaryImageOfPage\":{\"@id\":\"https:\/\/reviva.fi\/fi\/tuote\/fema45-lamberts\/#primaryimage\"},\"image\":{\"@id\":\"https:\/\/reviva.fi\/fi\/tuote\/fema45-lamberts\/#primaryimage\"},\"thumbnailUrl\":\"https:\/\/reviva.fi\/wp-content\/uploads\/2025\/01\/8437-180-Fem45.jpg\",\"datePublished\":\"2025-01-29T10:58:37+00:00\",\"dateModified\":\"2025-02-03T11:51:26+00:00\",\"description\":\"Fema45 - Lamberts tukee hormonitasapainoa ja lievitt\u00e4\u00e4 vaihdevuosien aikana ja sen j\u00e4lkeen ilmenevi\u00e4 yleisi\u00e4 oireita, kuten kuumia aaltoja ja v\u00e4symyst\u00e4.\",\"breadcrumb\":{\"@id\":\"https:\/\/reviva.fi\/fi\/tuote\/fema45-lamberts\/#breadcrumb\"},\"inLanguage\":\"fi\",\"potentialAction\":[{\"@type\":\"ReadAction\",\"target\":[\"https:\/\/reviva.fi\/fi\/tuote\/fema45-lamberts\/\"]}]},{\"@type\":\"ImageObject\",\"inLanguage\":\"fi\",\"@id\":\"https:\/\/reviva.fi\/fi\/tuote\/fema45-lamberts\/#primaryimage\",\"url\":\"https:\/\/reviva.fi\/wp-content\/uploads\/2025\/01\/8437-180-Fem45.jpg\",\"contentUrl\":\"https:\/\/reviva.fi\/wp-content\/uploads\/2025\/01\/8437-180-Fem45.jpg\",\"width\":780,\"height\":780,\"caption\":\"Fema45+ - Lamberts\"},{\"@type\":\"BreadcrumbList\",\"@id\":\"https:\/\/reviva.fi\/fi\/tuote\/fema45-lamberts\/#breadcrumb\",\"itemListElement\":[{\"@type\":\"ListItem\",\"position\":1,\"name\":\"Etusivu\",\"item\":\"https:\/\/reviva.fi\/fi\/\"},{\"@type\":\"ListItem\",\"position\":2,\"name\":\"Tuotteet\",\"item\":\"https:\/\/reviva.fi\/produkter\/\"},{\"@type\":\"ListItem\",\"position\":3,\"name\":\"Fema45+ &#8211; Lamberts\"}]},{\"@type\":\"WebSite\",\"@id\":\"https:\/\/reviva.fi\/fi\/#website\",\"url\":\"https:\/\/reviva.fi\/fi\/\",\"name\":\"Reviva\",\"description\":\"\",\"publisher\":{\"@id\":\"https:\/\/reviva.fi\/fi\/#organization\"},\"potentialAction\":[{\"@type\":\"SearchAction\",\"target\":{\"@type\":\"EntryPoint\",\"urlTemplate\":\"https:\/\/reviva.fi\/fi\/?s={search_term_string}\"},\"query-input\":{\"@type\":\"PropertyValueSpecification\",\"valueRequired\":true,\"valueName\":\"search_term_string\"}}],\"inLanguage\":\"fi\"},{\"@type\":\"Organization\",\"@id\":\"https:\/\/reviva.fi\/fi\/#organization\",\"name\":\"Reviva\",\"url\":\"https:\/\/reviva.fi\/fi\/\",\"logo\":{\"@type\":\"ImageObject\",\"inLanguage\":\"fi\",\"@id\":\"https:\/\/reviva.fi\/fi\/#\/schema\/logo\/image\/\",\"url\":\"https:\/\/reviva.fi\/wp-content\/uploads\/2023\/10\/reviva-logo2.svg\",\"contentUrl\":\"https:\/\/reviva.fi\/wp-content\/uploads\/2023\/10\/reviva-logo2.svg\",\"caption\":\"Reviva\"},\"image\":{\"@id\":\"https:\/\/reviva.fi\/fi\/#\/schema\/logo\/image\/\"}}]}<\/script>\n<meta property=\"product:price:amount\" content=\"50.90\" \/>\n<meta property=\"product:price:currency\" content=\"EUR\" \/>\n<meta property=\"og:availability\" content=\"instock\" \/>\n<meta property=\"product:availability\" content=\"instock\" \/>\n<meta property=\"product:retailer_item_id\" content=\"8437-180\" \/>\n<meta property=\"product:condition\" content=\"new\" \/>\n<!-- \/ Yoast SEO plugin. -->","yoast_head_json":{"title":"Fema45+ - Lamberts - Reviva","description":"Fema45 - Lamberts tukee hormonitasapainoa ja lievitt\u00e4\u00e4 vaihdevuosien aikana ja sen j\u00e4lkeen ilmenevi\u00e4 yleisi\u00e4 oireita, kuten kuumia aaltoja ja v\u00e4symyst\u00e4.","robots":{"index":"index","follow":"follow","max-snippet":"max-snippet:-1","max-image-preview":"max-image-preview:large","max-video-preview":"max-video-preview:-1"},"canonical":"https:\/\/reviva.fi\/fi\/tuote\/fema45-lamberts\/","og_locale":"fi_FI","og_type":"article","og_title":"Fema45+ - Lamberts - Reviva","og_description":"Fema45 - Lamberts tukee hormonitasapainoa ja lievitt\u00e4\u00e4 vaihdevuosien aikana ja sen j\u00e4lkeen ilmenevi\u00e4 yleisi\u00e4 oireita, kuten kuumia aaltoja ja v\u00e4symyst\u00e4.","og_url":"https:\/\/reviva.fi\/fi\/tuote\/fema45-lamberts\/","og_site_name":"Reviva","article_modified_time":"2025-02-03T11:51:26+00:00","og_image":[{"width":780,"height":780,"url":"https:\/\/reviva.fi\/wp-content\/uploads\/2025\/01\/8437-180-Fem45.jpg","type":"image\/jpeg"}],"twitter_card":"summary_large_image","schema":{"@context":"https:\/\/schema.org","@graph":[{"@type":"WebPage","@id":"https:\/\/reviva.fi\/fi\/tuote\/fema45-lamberts\/","url":"https:\/\/reviva.fi\/fi\/tuote\/fema45-lamberts\/","name":"Fema45+ - Lamberts - Reviva","isPartOf":{"@id":"https:\/\/reviva.fi\/fi\/#website"},"primaryImageOfPage":{"@id":"https:\/\/reviva.fi\/fi\/tuote\/fema45-lamberts\/#primaryimage"},"image":{"@id":"https:\/\/reviva.fi\/fi\/tuote\/fema45-lamberts\/#primaryimage"},"thumbnailUrl":"https:\/\/reviva.fi\/wp-content\/uploads\/2025\/01\/8437-180-Fem45.jpg","datePublished":"2025-01-29T10:58:37+00:00","dateModified":"2025-02-03T11:51:26+00:00","description":"Fema45 - Lamberts tukee hormonitasapainoa ja lievitt\u00e4\u00e4 vaihdevuosien aikana ja sen j\u00e4lkeen ilmenevi\u00e4 yleisi\u00e4 oireita, kuten kuumia aaltoja ja v\u00e4symyst\u00e4.","breadcrumb":{"@id":"https:\/\/reviva.fi\/fi\/tuote\/fema45-lamberts\/#breadcrumb"},"inLanguage":"fi","potentialAction":[{"@type":"ReadAction","target":["https:\/\/reviva.fi\/fi\/tuote\/fema45-lamberts\/"]}]},{"@type":"ImageObject","inLanguage":"fi","@id":"https:\/\/reviva.fi\/fi\/tuote\/fema45-lamberts\/#primaryimage","url":"https:\/\/reviva.fi\/wp-content\/uploads\/2025\/01\/8437-180-Fem45.jpg","contentUrl":"https:\/\/reviva.fi\/wp-content\/uploads\/2025\/01\/8437-180-Fem45.jpg","width":780,"height":780,"caption":"Fema45+ - Lamberts"},{"@type":"BreadcrumbList","@id":"https:\/\/reviva.fi\/fi\/tuote\/fema45-lamberts\/#breadcrumb","itemListElement":[{"@type":"ListItem","position":1,"name":"Etusivu","item":"https:\/\/reviva.fi\/fi\/"},{"@type":"ListItem","position":2,"name":"Tuotteet","item":"https:\/\/reviva.fi\/produkter\/"},{"@type":"ListItem","position":3,"name":"Fema45+ &#8211; Lamberts"}]},{"@type":"WebSite","@id":"https:\/\/reviva.fi\/fi\/#website","url":"https:\/\/reviva.fi\/fi\/","name":"Reviva","description":"","publisher":{"@id":"https:\/\/reviva.fi\/fi\/#organization"},"potentialAction":[{"@type":"SearchAction","target":{"@type":"EntryPoint","urlTemplate":"https:\/\/reviva.fi\/fi\/?s={search_term_string}"},"query-input":{"@type":"PropertyValueSpecification","valueRequired":true,"valueName":"search_term_string"}}],"inLanguage":"fi"},{"@type":"Organization","@id":"https:\/\/reviva.fi\/fi\/#organization","name":"Reviva","url":"https:\/\/reviva.fi\/fi\/","logo":{"@type":"ImageObject","inLanguage":"fi","@id":"https:\/\/reviva.fi\/fi\/#\/schema\/logo\/image\/","url":"https:\/\/reviva.fi\/wp-content\/uploads\/2023\/10\/reviva-logo2.svg","contentUrl":"https:\/\/reviva.fi\/wp-content\/uploads\/2023\/10\/reviva-logo2.svg","caption":"Reviva"},"image":{"@id":"https:\/\/reviva.fi\/fi\/#\/schema\/logo\/image\/"}}]},"product_price_amount":"50.90","product_price_currency":"EUR","og_availability":"instock","product_availability":"instock","product_retailer_item_id":"8437-180","product_condition":"new"},"taxonomy_info":{"product_cat":[{"value":5961,"label":"Multi-vitamiini"},{"value":5972,"label":"Mono-mineraali"},{"value":5978,"label":"Multi tuotteet"},{"value":2444,"label":"Lamberts"}],"product_tag":[{"value":4637,"label":"28 ravintoainetta"},{"value":412,"label":"antioksidantti"},{"value":1165,"label":"b-vitamiinit"},{"value":521,"label":"d vitamiini"},{"value":1235,"label":"energia"},{"value":4636,"label":"Ennen menopaussia"},{"value":4634,"label":"Fema45+"},{"value":4402,"label":"GMP standardi"},{"value":3519,"label":"H\u00e5rh\u00e4lsa"},{"value":3384,"label":"Hormonbalans"},{"value":3385,"label":"Hudh\u00e4lsa"},{"value":444,"label":"immuunij\u00e4rjestelm\u00e4"},{"value":2946,"label":"Kalsium"},{"value":1100,"label":"Kversetiini"},{"value":4548,"label":"kynsien terveytt\u00e4"},{"value":4532,"label":"Lamberts"},{"value":476,"label":"lis\u00e4ravinne"},{"value":4432,"label":"Luuston terveytt\u00e4"},{"value":479,"label":"magnesiumi"},{"value":4567,"label":"monimineraali"},{"value":496,"label":"multivitamiini"},{"value":4593,"label":"Rutiini"},{"value":2919,"label":"Seleeni"},{"value":4436,"label":"v\u00e4symyksen v\u00e4hent\u00e4minen"},{"value":3085,"label":"vaihdevuodet"},{"value":4403,"label":"vegaaniyst\u00e4v\u00e4llinen"},{"value":2959,"label":"Vitamiini C"},{"value":2960,"label":"Vitamiini E"},{"value":3198,"label":"Vitamiini K"},{"value":4635,"label":"Yli 45 vuotiaat naiset"}]},"featured_image_src_large":["https:\/\/reviva.fi\/wp-content\/uploads\/2025\/01\/8437-180-Fem45.jpg",780,780,false],"author_info":[],"comment_info":0,"_links":{"self":[{"href":"https:\/\/reviva.fi\/fi\/wp-json\/wp\/v2\/product\/10978","targetHints":{"allow":["GET"]}}],"collection":[{"href":"https:\/\/reviva.fi\/fi\/wp-json\/wp\/v2\/product"}],"about":[{"href":"https:\/\/reviva.fi\/fi\/wp-json\/wp\/v2\/types\/product"}],"replies":[{"embeddable":true,"href":"https:\/\/reviva.fi\/fi\/wp-json\/wp\/v2\/comments?post=10978"}],"wp:featuredmedia":[{"embeddable":true,"href":"https:\/\/reviva.fi\/fi\/wp-json\/wp\/v2\/media\/10772"}],"wp:attachment":[{"href":"https:\/\/reviva.fi\/fi\/wp-json\/wp\/v2\/media?parent=10978"}],"wp:term":[{"taxonomy":"product_brand","embeddable":true,"href":"https:\/\/reviva.fi\/fi\/wp-json\/wp\/v2\/product_brand?post=10978"},{"taxonomy":"product_cat","embeddable":true,"href":"https:\/\/reviva.fi\/fi\/wp-json\/wp\/v2\/product_cat?post=10978"},{"taxonomy":"product_tag","embeddable":true,"href":"https:\/\/reviva.fi\/fi\/wp-json\/wp\/v2\/product_tag?post=10978"}],"curies":[{"name":"wp","href":"https:\/\/api.w.org\/{rel}","templated":true}]}}