{"id":10986,"date":"2025-01-29T12:40:37","date_gmt":"2025-01-29T10:40:37","guid":{"rendered":"https:\/\/reviva.fi\/product\/vitamin-c-lamberts\/"},"modified":"2025-02-03T13:52:37","modified_gmt":"2025-02-03T11:52:37","slug":"c-vitamiini-lamberts","status":"publish","type":"product","link":"https:\/\/reviva.fi\/fi\/tuote\/c-vitamiini-lamberts\/","title":{"rendered":"C-Vitamiini &#8211; Lamberts"},"content":{"rendered":"<p><strong>C-Vitamiini &#8211; Lamberts<\/strong><\/p>\n<p>C-vitamiini, joka on yksi hauraista vesiliukoisista ravintoaineista, on eritt\u00e4in ep\u00e4vakaa ja hajoaa helposti l\u00e4mm\u00f6n ja valon vaikutuksesta, eik\u00e4 aina ole mahdollista olla varma, kuinka paljon sit\u00e4 saa ravinnosta. P\u00e4ivitt\u00e4inen tarpeenmme sille on suurempi kuin mink\u00e4\u00e4n muun vesiliukoisen vitamiinin.<\/p>\n<p>N\u00e4m\u00e4 tabletit sis\u00e4lt\u00e4v\u00e4t sopivan m\u00e4\u00e4r\u00e4n bioflavonoideja. Bioflavonoidit ovat olleet tutkimuksen kohteena, koska keho n\u00e4ytt\u00e4\u00e4 k\u00e4ytt\u00e4v\u00e4n niit\u00e4 useilla tavoilla; Erityisesti ne tukevat C-vitamiinia sen roolissa terveen kollageenin ja ruston yll\u00e4pit\u00e4misess\u00e4 ihon, ikenien ja immuunij\u00e4rjestelm\u00e4n normaalia toimintaa varten. Yksitt\u00e4isi\u00e4 bioflavonoideja ovat rutiini, kversetiini, sitriini ja hesperidiini.<\/p>\n<ul>\n<li>C-vitamiini edist\u00e4\u00e4 immuunij\u00e4rjestelm\u00e4n normaalia toimintaa, terveit\u00e4 luita, hampaita ja ikeni\u00e4 sek\u00e4 auttaa yll\u00e4pit\u00e4m\u00e4\u00e4n normaaleja veren rasva- ja kolesterolitasoja.<\/li>\n<li>Sis\u00e4lt\u00e4\u00e4 sopivan tason bioflavonoideja (150 mg per tabletti), koska niiden tiedet\u00e4\u00e4n edist\u00e4v\u00e4n C-vitamiinin imeytymist\u00e4<\/li>\n<li>Bioflavonoidit tukevat C-vitamiinia sen roolissa, joka yll\u00e4pit\u00e4\u00e4 tervett\u00e4 kollageenia ja rustot ihon, ikenien ja immuunij\u00e4rjestelm\u00e4n normaalia toimintaa varten.<\/li>\n<li>Sis\u00e4lt\u00e4\u00e4 my\u00f6s t\u00e4ydet 100mg ruusunmarjaa<\/li>\n<\/ul>\n","protected":false},"excerpt":{"rendered":"<p>Sis\u00e4lt\u00e4\u00e4 bioflavonoideja ja ruusunmarjaa<\/p>\n<p><strong>120 Tablettia\u00a0<\/strong><\/p>\n","protected":false},"featured_media":10768,"comment_status":"closed","ping_status":"closed","template":"","meta":{"_acf_changed":false,"inline_featured_image":false,"_kad_blocks_custom_css":"","_kad_blocks_head_custom_js":"","_kad_blocks_body_custom_js":"","_kad_blocks_footer_custom_js":"","_kadence_starter_templates_imported_post":false,"_kad_post_transparent":"default","_kad_post_title":"","_kad_post_layout":"default","_kad_post_sidebar_id":"","_kad_post_content_style":"default","_kad_post_vertical_padding":"default","_kad_post_feature":"","_kad_post_feature_position":"","_kad_post_header":false,"_kad_post_footer":false},"product_brand":[],"product_cat":[96,526,2444,2357,2376],"product_tag":[4641,412,4638,1183,3464,4418,4402,3580,4640,3385,444,4577,476,4432,4639,4436,4403,4604,2959],"class_list":{"0":"post-10986","1":"product","2":"type-product","3":"status-publish","4":"has-post-thumbnail","6":"product_cat-vitaminer-fi","7":"product_cat-c-vitamin-fi","8":"product_cat-lamberts-fi","9":"product_cat-immunforsvar-fi","10":"product_cat-stressad-och-trott-fi","11":"product_tag-ajoitettu-vapautuminen","12":"product_tag-antioksidantti","13":"product_tag-askorbiinihappo","14":"product_tag-bioflavonoidit","15":"product_tag-cellskydd-fi","16":"product_tag-energiantuotanto","17":"product_tag-gmp-standardi","18":"product_tag-hog-biotillganglighet-fi","19":"product_tag-hampaiden-terveyteen","20":"product_tag-hudhalsa-fi","21":"product_tag-immuunijarjestelma","22":"product_tag-kollageenin-tuotanto","23":"product_tag-lisaravinne","24":"product_tag-luuston-terveytta","25":"product_tag-raudan-imeytyminen","26":"product_tag-vasymyksen-vahentaminen","27":"product_tag-vegaaniystavallinen","28":"product_tag-vesiliukoinen-vitamiini-fi","29":"product_tag-vitamiini-c","31":"first","32":"instock","33":"taxable","34":"shipping-taxable","35":"purchasable","36":"product-type-simple","37":"entry","38":"content-bg","39":"loop-entry"},"acf":[],"yoast_head":"<!-- This site is optimized with the Yoast SEO plugin v25.8 - https:\/\/yoast.com\/wordpress\/plugins\/seo\/ -->\n<title>C-Vitamiini - Lamberts - Reviva<\/title>\n<meta name=\"description\" content=\"C-Vitamiini - Lamberts on korkealaatuinen antioksidantti, joka tukee ihon terveytt\u00e4 ja edist\u00e4\u00e4 kollageenin tuotantoa. Terveille verisuonille ja hampaille.\" \/>\n<meta name=\"robots\" content=\"index, follow, max-snippet:-1, max-image-preview:large, max-video-preview:-1\" \/>\n<link rel=\"canonical\" href=\"https:\/\/reviva.fi\/fi\/tuote\/c-vitamiini-lamberts\/\" \/>\n<meta property=\"og:locale\" content=\"fi_FI\" \/>\n<meta property=\"og:type\" content=\"article\" \/>\n<meta property=\"og:title\" content=\"C-Vitamiini - Lamberts - Reviva\" \/>\n<meta property=\"og:description\" content=\"C-Vitamiini - Lamberts on korkealaatuinen antioksidantti, joka tukee ihon terveytt\u00e4 ja edist\u00e4\u00e4 kollageenin tuotantoa. Terveille verisuonille ja hampaille.\" \/>\n<meta property=\"og:url\" content=\"https:\/\/reviva.fi\/fi\/tuote\/c-vitamiini-lamberts\/\" \/>\n<meta property=\"og:site_name\" content=\"Reviva\" \/>\n<meta property=\"article:modified_time\" content=\"2025-02-03T11:52:37+00:00\" \/>\n<meta property=\"og:image\" content=\"https:\/\/reviva.fi\/wp-content\/uploads\/2025\/01\/8133-120-Vitamin-C.jpg\" \/>\n\t<meta property=\"og:image:width\" content=\"780\" \/>\n\t<meta property=\"og:image:height\" content=\"780\" \/>\n\t<meta property=\"og:image:type\" content=\"image\/jpeg\" \/>\n<meta name=\"twitter:card\" content=\"summary_large_image\" \/>\n<script type=\"application\/ld+json\" class=\"yoast-schema-graph\">{\"@context\":\"https:\/\/schema.org\",\"@graph\":[{\"@type\":\"WebPage\",\"@id\":\"https:\/\/reviva.fi\/fi\/tuote\/c-vitamiini-lamberts\/\",\"url\":\"https:\/\/reviva.fi\/fi\/tuote\/c-vitamiini-lamberts\/\",\"name\":\"C-Vitamiini - Lamberts - Reviva\",\"isPartOf\":{\"@id\":\"https:\/\/reviva.fi\/fi\/#website\"},\"primaryImageOfPage\":{\"@id\":\"https:\/\/reviva.fi\/fi\/tuote\/c-vitamiini-lamberts\/#primaryimage\"},\"image\":{\"@id\":\"https:\/\/reviva.fi\/fi\/tuote\/c-vitamiini-lamberts\/#primaryimage\"},\"thumbnailUrl\":\"https:\/\/reviva.fi\/wp-content\/uploads\/2025\/01\/8133-120-Vitamin-C.jpg\",\"datePublished\":\"2025-01-29T10:40:37+00:00\",\"dateModified\":\"2025-02-03T11:52:37+00:00\",\"description\":\"C-Vitamiini - Lamberts on korkealaatuinen antioksidantti, joka tukee ihon terveytt\u00e4 ja edist\u00e4\u00e4 kollageenin tuotantoa. Terveille verisuonille ja hampaille.\",\"breadcrumb\":{\"@id\":\"https:\/\/reviva.fi\/fi\/tuote\/c-vitamiini-lamberts\/#breadcrumb\"},\"inLanguage\":\"fi\",\"potentialAction\":[{\"@type\":\"ReadAction\",\"target\":[\"https:\/\/reviva.fi\/fi\/tuote\/c-vitamiini-lamberts\/\"]}]},{\"@type\":\"ImageObject\",\"inLanguage\":\"fi\",\"@id\":\"https:\/\/reviva.fi\/fi\/tuote\/c-vitamiini-lamberts\/#primaryimage\",\"url\":\"https:\/\/reviva.fi\/wp-content\/uploads\/2025\/01\/8133-120-Vitamin-C.jpg\",\"contentUrl\":\"https:\/\/reviva.fi\/wp-content\/uploads\/2025\/01\/8133-120-Vitamin-C.jpg\",\"width\":780,\"height\":780,\"caption\":\"C-Vitamiini - Lamberts\"},{\"@type\":\"BreadcrumbList\",\"@id\":\"https:\/\/reviva.fi\/fi\/tuote\/c-vitamiini-lamberts\/#breadcrumb\",\"itemListElement\":[{\"@type\":\"ListItem\",\"position\":1,\"name\":\"Etusivu\",\"item\":\"https:\/\/reviva.fi\/fi\/\"},{\"@type\":\"ListItem\",\"position\":2,\"name\":\"Tuotteet\",\"item\":\"https:\/\/reviva.fi\/produkter\/\"},{\"@type\":\"ListItem\",\"position\":3,\"name\":\"C-Vitamiini &#8211; Lamberts\"}]},{\"@type\":\"WebSite\",\"@id\":\"https:\/\/reviva.fi\/fi\/#website\",\"url\":\"https:\/\/reviva.fi\/fi\/\",\"name\":\"Reviva\",\"description\":\"\",\"publisher\":{\"@id\":\"https:\/\/reviva.fi\/fi\/#organization\"},\"potentialAction\":[{\"@type\":\"SearchAction\",\"target\":{\"@type\":\"EntryPoint\",\"urlTemplate\":\"https:\/\/reviva.fi\/fi\/?s={search_term_string}\"},\"query-input\":{\"@type\":\"PropertyValueSpecification\",\"valueRequired\":true,\"valueName\":\"search_term_string\"}}],\"inLanguage\":\"fi\"},{\"@type\":\"Organization\",\"@id\":\"https:\/\/reviva.fi\/fi\/#organization\",\"name\":\"Reviva\",\"url\":\"https:\/\/reviva.fi\/fi\/\",\"logo\":{\"@type\":\"ImageObject\",\"inLanguage\":\"fi\",\"@id\":\"https:\/\/reviva.fi\/fi\/#\/schema\/logo\/image\/\",\"url\":\"https:\/\/reviva.fi\/wp-content\/uploads\/2023\/10\/reviva-logo2.svg\",\"contentUrl\":\"https:\/\/reviva.fi\/wp-content\/uploads\/2023\/10\/reviva-logo2.svg\",\"caption\":\"Reviva\"},\"image\":{\"@id\":\"https:\/\/reviva.fi\/fi\/#\/schema\/logo\/image\/\"}}]}<\/script>\n<meta property=\"product:price:amount\" content=\"23.95\" \/>\n<meta property=\"product:price:currency\" content=\"EUR\" \/>\n<meta property=\"og:availability\" content=\"instock\" \/>\n<meta property=\"product:availability\" content=\"instock\" \/>\n<meta property=\"product:retailer_item_id\" content=\"8133-120\" \/>\n<meta property=\"product:condition\" content=\"new\" \/>\n<!-- \/ Yoast SEO plugin. -->","yoast_head_json":{"title":"C-Vitamiini - Lamberts - Reviva","description":"C-Vitamiini - Lamberts on korkealaatuinen antioksidantti, joka tukee ihon terveytt\u00e4 ja edist\u00e4\u00e4 kollageenin tuotantoa. Terveille verisuonille ja hampaille.","robots":{"index":"index","follow":"follow","max-snippet":"max-snippet:-1","max-image-preview":"max-image-preview:large","max-video-preview":"max-video-preview:-1"},"canonical":"https:\/\/reviva.fi\/fi\/tuote\/c-vitamiini-lamberts\/","og_locale":"fi_FI","og_type":"article","og_title":"C-Vitamiini - Lamberts - Reviva","og_description":"C-Vitamiini - Lamberts on korkealaatuinen antioksidantti, joka tukee ihon terveytt\u00e4 ja edist\u00e4\u00e4 kollageenin tuotantoa. Terveille verisuonille ja hampaille.","og_url":"https:\/\/reviva.fi\/fi\/tuote\/c-vitamiini-lamberts\/","og_site_name":"Reviva","article_modified_time":"2025-02-03T11:52:37+00:00","og_image":[{"width":780,"height":780,"url":"https:\/\/reviva.fi\/wp-content\/uploads\/2025\/01\/8133-120-Vitamin-C.jpg","type":"image\/jpeg"}],"twitter_card":"summary_large_image","schema":{"@context":"https:\/\/schema.org","@graph":[{"@type":"WebPage","@id":"https:\/\/reviva.fi\/fi\/tuote\/c-vitamiini-lamberts\/","url":"https:\/\/reviva.fi\/fi\/tuote\/c-vitamiini-lamberts\/","name":"C-Vitamiini - Lamberts - Reviva","isPartOf":{"@id":"https:\/\/reviva.fi\/fi\/#website"},"primaryImageOfPage":{"@id":"https:\/\/reviva.fi\/fi\/tuote\/c-vitamiini-lamberts\/#primaryimage"},"image":{"@id":"https:\/\/reviva.fi\/fi\/tuote\/c-vitamiini-lamberts\/#primaryimage"},"thumbnailUrl":"https:\/\/reviva.fi\/wp-content\/uploads\/2025\/01\/8133-120-Vitamin-C.jpg","datePublished":"2025-01-29T10:40:37+00:00","dateModified":"2025-02-03T11:52:37+00:00","description":"C-Vitamiini - Lamberts on korkealaatuinen antioksidantti, joka tukee ihon terveytt\u00e4 ja edist\u00e4\u00e4 kollageenin tuotantoa. Terveille verisuonille ja hampaille.","breadcrumb":{"@id":"https:\/\/reviva.fi\/fi\/tuote\/c-vitamiini-lamberts\/#breadcrumb"},"inLanguage":"fi","potentialAction":[{"@type":"ReadAction","target":["https:\/\/reviva.fi\/fi\/tuote\/c-vitamiini-lamberts\/"]}]},{"@type":"ImageObject","inLanguage":"fi","@id":"https:\/\/reviva.fi\/fi\/tuote\/c-vitamiini-lamberts\/#primaryimage","url":"https:\/\/reviva.fi\/wp-content\/uploads\/2025\/01\/8133-120-Vitamin-C.jpg","contentUrl":"https:\/\/reviva.fi\/wp-content\/uploads\/2025\/01\/8133-120-Vitamin-C.jpg","width":780,"height":780,"caption":"C-Vitamiini - Lamberts"},{"@type":"BreadcrumbList","@id":"https:\/\/reviva.fi\/fi\/tuote\/c-vitamiini-lamberts\/#breadcrumb","itemListElement":[{"@type":"ListItem","position":1,"name":"Etusivu","item":"https:\/\/reviva.fi\/fi\/"},{"@type":"ListItem","position":2,"name":"Tuotteet","item":"https:\/\/reviva.fi\/produkter\/"},{"@type":"ListItem","position":3,"name":"C-Vitamiini &#8211; Lamberts"}]},{"@type":"WebSite","@id":"https:\/\/reviva.fi\/fi\/#website","url":"https:\/\/reviva.fi\/fi\/","name":"Reviva","description":"","publisher":{"@id":"https:\/\/reviva.fi\/fi\/#organization"},"potentialAction":[{"@type":"SearchAction","target":{"@type":"EntryPoint","urlTemplate":"https:\/\/reviva.fi\/fi\/?s={search_term_string}"},"query-input":{"@type":"PropertyValueSpecification","valueRequired":true,"valueName":"search_term_string"}}],"inLanguage":"fi"},{"@type":"Organization","@id":"https:\/\/reviva.fi\/fi\/#organization","name":"Reviva","url":"https:\/\/reviva.fi\/fi\/","logo":{"@type":"ImageObject","inLanguage":"fi","@id":"https:\/\/reviva.fi\/fi\/#\/schema\/logo\/image\/","url":"https:\/\/reviva.fi\/wp-content\/uploads\/2023\/10\/reviva-logo2.svg","contentUrl":"https:\/\/reviva.fi\/wp-content\/uploads\/2023\/10\/reviva-logo2.svg","caption":"Reviva"},"image":{"@id":"https:\/\/reviva.fi\/fi\/#\/schema\/logo\/image\/"}}]},"product_price_amount":"23.95","product_price_currency":"EUR","og_availability":"instock","product_availability":"instock","product_retailer_item_id":"8133-120","product_condition":"new"},"taxonomy_info":{"product_cat":[{"value":96,"label":"Vitamiinit"},{"value":526,"label":"C-vitamiini"},{"value":2444,"label":"Lamberts"},{"value":2357,"label":"Immuunipuolustus"},{"value":2376,"label":"Stressaantunut &amp; V\u00e4synyt"}],"product_tag":[{"value":4641,"label":"ajoitettu vapautuminen"},{"value":412,"label":"antioksidantti"},{"value":4638,"label":"Askorbiinihappo"},{"value":1183,"label":"bioflavonoidit"},{"value":3464,"label":"Cellskydd"},{"value":4418,"label":"Energiantuotanto"},{"value":4402,"label":"GMP standardi"},{"value":3580,"label":"H\u00f6g biotillg\u00e4nglighet"},{"value":4640,"label":"hampaiden terveyteen"},{"value":3385,"label":"Hudh\u00e4lsa"},{"value":444,"label":"immuunij\u00e4rjestelm\u00e4"},{"value":4577,"label":"Kollageenin tuotanto"},{"value":476,"label":"lis\u00e4ravinne"},{"value":4432,"label":"Luuston terveytt\u00e4"},{"value":4639,"label":"raudan imeytyminen"},{"value":4436,"label":"v\u00e4symyksen v\u00e4hent\u00e4minen"},{"value":4403,"label":"vegaaniyst\u00e4v\u00e4llinen"},{"value":4604,"label":"vesiliukoinen vitamiini"},{"value":2959,"label":"Vitamiini C"}]},"featured_image_src_large":["https:\/\/reviva.fi\/wp-content\/uploads\/2025\/01\/8133-120-Vitamin-C.jpg",780,780,false],"author_info":[],"comment_info":0,"_links":{"self":[{"href":"https:\/\/reviva.fi\/fi\/wp-json\/wp\/v2\/product\/10986","targetHints":{"allow":["GET"]}}],"collection":[{"href":"https:\/\/reviva.fi\/fi\/wp-json\/wp\/v2\/product"}],"about":[{"href":"https:\/\/reviva.fi\/fi\/wp-json\/wp\/v2\/types\/product"}],"replies":[{"embeddable":true,"href":"https:\/\/reviva.fi\/fi\/wp-json\/wp\/v2\/comments?post=10986"}],"wp:featuredmedia":[{"embeddable":true,"href":"https:\/\/reviva.fi\/fi\/wp-json\/wp\/v2\/media\/10768"}],"wp:attachment":[{"href":"https:\/\/reviva.fi\/fi\/wp-json\/wp\/v2\/media?parent=10986"}],"wp:term":[{"taxonomy":"product_brand","embeddable":true,"href":"https:\/\/reviva.fi\/fi\/wp-json\/wp\/v2\/product_brand?post=10986"},{"taxonomy":"product_cat","embeddable":true,"href":"https:\/\/reviva.fi\/fi\/wp-json\/wp\/v2\/product_cat?post=10986"},{"taxonomy":"product_tag","embeddable":true,"href":"https:\/\/reviva.fi\/fi\/wp-json\/wp\/v2\/product_tag?post=10986"}],"curies":[{"name":"wp","href":"https:\/\/api.w.org\/{rel}","templated":true}]}}