{"id":10989,"date":"2025-01-29T12:28:12","date_gmt":"2025-01-29T10:28:12","guid":{"rendered":"https:\/\/reviva.fi\/product\/methyl-folate-lamberts\/"},"modified":"2025-02-03T09:12:21","modified_gmt":"2025-02-03T07:12:21","slug":"metyyli-folaatti-lamberts","status":"publish","type":"product","link":"https:\/\/reviva.fi\/fi\/tuote\/metyyli-folaatti-lamberts\/","title":{"rendered":"Metyyli Folaatti &#8211; Lamberts"},"content":{"rendered":"<p><strong>Metyyli Folaatti &#8211; Lamberts<\/strong><\/p>\n<p>Methyl Folate 400ug k\u00e4ytt\u00e4\u00e4 folaatin metyloitua muotoa optimaaliseen imeytymiseen ja hy\u00f6dynt\u00e4miseen kehossa. On arvioitu, ett\u00e4 30\u201340 % v\u00e4est\u00f6st\u00e4 ei pysty metyloimaan folaattia, ja heid\u00e4n on k\u00e4ytett\u00e4v\u00e4 biologisesti aktiivista folaatin muotoa varmistaakseen, ett\u00e4 metylaatioprosessit eiv\u00e4t rajoitu kehossa.<\/p>\n<p>Metylaatio on ratkaisevan t\u00e4rke\u00e4\u00e4 monien molekyylien aktivoitumisen kannalta ja metylaatioprosessin optimointi liittyy my\u00f6s homokysteiinitasojen alentamiseen.<\/p>\n<ul>\n<li>Folaatti on erityisen t\u00e4rke\u00e4 ennen hedelm\u00f6ityst\u00e4 ja ensimm\u00e4isten raskausviikkojen aikana siki\u00f6n kehitykselle.<\/li>\n<li>Terveysministeri\u00f6 suosittelee, ett\u00e4 kaikki raskautta suunnittelevat naiset ottavat 400 \u00b5g lis\u00e4ravintoa p\u00e4iv\u00e4ss\u00e4, ja 47 % naisista ei k\u00e4yt\u00e4 NRV:t\u00e4 200 \u00b5g\/vrk, mink\u00e4 vuoksi lis\u00e4ravintoa suositellaan.<\/li>\n<li>Pienet, helposti nielt\u00e4v\u00e4t tabletit sis\u00e4lt\u00e4v\u00e4t 400 \u00b5g metyylifolaattia tablettia kohden.<\/li>\n<li>Metyloituna niille, jotka eiv\u00e4t voi k\u00e4ytt\u00e4\u00e4 tavallista foolihappoa.<\/li>\n<li>Jopa 3 kertaa monien ihmisten ruokavalion tarjoama taso ja taso, jota suositellaan yh\u00e4 enemm\u00e4n.<\/li>\n<\/ul>\n","protected":false},"excerpt":{"rendered":"<p>Luonnollisesti aktiivinen folaatin muoto, joka on valmis kehon k\u00e4ytt\u00f6\u00f6n.<\/p>\n<p><strong>60 Tablettia\u00a0<\/strong><\/p>\n","protected":false},"featured_media":10765,"comment_status":"closed","ping_status":"closed","template":"","meta":{"_acf_changed":false,"inline_featured_image":false,"_kad_blocks_custom_css":"","_kad_blocks_head_custom_js":"","_kad_blocks_body_custom_js":"","_kad_blocks_footer_custom_js":"","_kadence_starter_templates_imported_post":false,"_kad_post_transparent":"default","_kad_post_title":"","_kad_post_layout":"default","_kad_post_sidebar_id":"","_kad_post_content_style":"default","_kad_post_vertical_padding":"default","_kad_post_feature":"","_kad_post_feature_position":"","_kad_post_header":false,"_kad_post_footer":false},"product_brand":[],"product_cat":[96,525,2444],"product_tag":[],"class_list":{"0":"post-10989","1":"product","2":"type-product","3":"status-publish","4":"has-post-thumbnail","6":"product_cat-vitaminer-fi","7":"product_cat-b-vitamin-fi","8":"product_cat-lamberts-fi","10":"first","11":"instock","12":"taxable","13":"shipping-taxable","14":"purchasable","15":"product-type-simple","16":"entry","17":"content-bg","18":"loop-entry"},"acf":[],"yoast_head":"<!-- This site is optimized with the Yoast SEO plugin v25.8 - https:\/\/yoast.com\/wordpress\/plugins\/seo\/ -->\n<title>Metyyli Folaatti - Lamberts - Reviva<\/title>\n<meta name=\"description\" content=\"Metyyli Folaatti - Lamberts tukee normaaleja homokysteiinitasoja, edist\u00e4\u00e4 solujen kasvua ja immuunij\u00e4rjestelm\u00e4\u00e4. Jos et sied\u00e4 tavallista foolihappoa.\" \/>\n<meta name=\"robots\" content=\"index, follow, max-snippet:-1, max-image-preview:large, max-video-preview:-1\" \/>\n<link rel=\"canonical\" href=\"https:\/\/reviva.fi\/fi\/tuote\/metyyli-folaatti-lamberts\/\" \/>\n<meta property=\"og:locale\" content=\"fi_FI\" \/>\n<meta property=\"og:type\" content=\"article\" \/>\n<meta property=\"og:title\" content=\"Metyyli Folaatti - Lamberts - Reviva\" \/>\n<meta property=\"og:description\" content=\"Metyyli Folaatti - Lamberts tukee normaaleja homokysteiinitasoja, edist\u00e4\u00e4 solujen kasvua ja immuunij\u00e4rjestelm\u00e4\u00e4. Jos et sied\u00e4 tavallista foolihappoa.\" \/>\n<meta property=\"og:url\" content=\"https:\/\/reviva.fi\/fi\/tuote\/metyyli-folaatti-lamberts\/\" \/>\n<meta property=\"og:site_name\" content=\"Reviva\" \/>\n<meta property=\"article:modified_time\" content=\"2025-02-03T07:12:21+00:00\" \/>\n<meta property=\"og:image\" content=\"https:\/\/reviva.fi\/wp-content\/uploads\/2025\/01\/8073-60-Methyl-FOlate.jpg\" \/>\n\t<meta property=\"og:image:width\" content=\"780\" \/>\n\t<meta property=\"og:image:height\" content=\"780\" \/>\n\t<meta property=\"og:image:type\" content=\"image\/jpeg\" \/>\n<meta name=\"twitter:card\" content=\"summary_large_image\" \/>\n<script type=\"application\/ld+json\" class=\"yoast-schema-graph\">{\"@context\":\"https:\/\/schema.org\",\"@graph\":[{\"@type\":\"WebPage\",\"@id\":\"https:\/\/reviva.fi\/fi\/tuote\/metyyli-folaatti-lamberts\/\",\"url\":\"https:\/\/reviva.fi\/fi\/tuote\/metyyli-folaatti-lamberts\/\",\"name\":\"Metyyli Folaatti - Lamberts - Reviva\",\"isPartOf\":{\"@id\":\"https:\/\/reviva.fi\/fi\/#website\"},\"primaryImageOfPage\":{\"@id\":\"https:\/\/reviva.fi\/fi\/tuote\/metyyli-folaatti-lamberts\/#primaryimage\"},\"image\":{\"@id\":\"https:\/\/reviva.fi\/fi\/tuote\/metyyli-folaatti-lamberts\/#primaryimage\"},\"thumbnailUrl\":\"https:\/\/reviva.fi\/wp-content\/uploads\/2025\/01\/8073-60-Methyl-FOlate.jpg\",\"datePublished\":\"2025-01-29T10:28:12+00:00\",\"dateModified\":\"2025-02-03T07:12:21+00:00\",\"description\":\"Metyyli Folaatti - Lamberts tukee normaaleja homokysteiinitasoja, edist\u00e4\u00e4 solujen kasvua ja immuunij\u00e4rjestelm\u00e4\u00e4. Jos et sied\u00e4 tavallista foolihappoa.\",\"breadcrumb\":{\"@id\":\"https:\/\/reviva.fi\/fi\/tuote\/metyyli-folaatti-lamberts\/#breadcrumb\"},\"inLanguage\":\"fi\",\"potentialAction\":[{\"@type\":\"ReadAction\",\"target\":[\"https:\/\/reviva.fi\/fi\/tuote\/metyyli-folaatti-lamberts\/\"]}]},{\"@type\":\"ImageObject\",\"inLanguage\":\"fi\",\"@id\":\"https:\/\/reviva.fi\/fi\/tuote\/metyyli-folaatti-lamberts\/#primaryimage\",\"url\":\"https:\/\/reviva.fi\/wp-content\/uploads\/2025\/01\/8073-60-Methyl-FOlate.jpg\",\"contentUrl\":\"https:\/\/reviva.fi\/wp-content\/uploads\/2025\/01\/8073-60-Methyl-FOlate.jpg\",\"width\":780,\"height\":780,\"caption\":\"Metyyli Folaatti - Lamberts\"},{\"@type\":\"BreadcrumbList\",\"@id\":\"https:\/\/reviva.fi\/fi\/tuote\/metyyli-folaatti-lamberts\/#breadcrumb\",\"itemListElement\":[{\"@type\":\"ListItem\",\"position\":1,\"name\":\"Etusivu\",\"item\":\"https:\/\/reviva.fi\/fi\/\"},{\"@type\":\"ListItem\",\"position\":2,\"name\":\"Tuotteet\",\"item\":\"https:\/\/reviva.fi\/produkter\/\"},{\"@type\":\"ListItem\",\"position\":3,\"name\":\"Metyyli Folaatti &#8211; Lamberts\"}]},{\"@type\":\"WebSite\",\"@id\":\"https:\/\/reviva.fi\/fi\/#website\",\"url\":\"https:\/\/reviva.fi\/fi\/\",\"name\":\"Reviva\",\"description\":\"\",\"publisher\":{\"@id\":\"https:\/\/reviva.fi\/fi\/#organization\"},\"potentialAction\":[{\"@type\":\"SearchAction\",\"target\":{\"@type\":\"EntryPoint\",\"urlTemplate\":\"https:\/\/reviva.fi\/fi\/?s={search_term_string}\"},\"query-input\":{\"@type\":\"PropertyValueSpecification\",\"valueRequired\":true,\"valueName\":\"search_term_string\"}}],\"inLanguage\":\"fi\"},{\"@type\":\"Organization\",\"@id\":\"https:\/\/reviva.fi\/fi\/#organization\",\"name\":\"Reviva\",\"url\":\"https:\/\/reviva.fi\/fi\/\",\"logo\":{\"@type\":\"ImageObject\",\"inLanguage\":\"fi\",\"@id\":\"https:\/\/reviva.fi\/fi\/#\/schema\/logo\/image\/\",\"url\":\"https:\/\/reviva.fi\/wp-content\/uploads\/2023\/10\/reviva-logo2.svg\",\"contentUrl\":\"https:\/\/reviva.fi\/wp-content\/uploads\/2023\/10\/reviva-logo2.svg\",\"caption\":\"Reviva\"},\"image\":{\"@id\":\"https:\/\/reviva.fi\/fi\/#\/schema\/logo\/image\/\"}}]}<\/script>\n<meta property=\"product:price:amount\" content=\"17.30\" \/>\n<meta property=\"product:price:currency\" content=\"EUR\" \/>\n<meta property=\"og:availability\" content=\"instock\" \/>\n<meta property=\"product:availability\" content=\"instock\" \/>\n<meta property=\"product:retailer_item_id\" content=\"8073-60\" \/>\n<meta property=\"product:condition\" content=\"new\" \/>\n<!-- \/ Yoast SEO plugin. -->","yoast_head_json":{"title":"Metyyli Folaatti - Lamberts - Reviva","description":"Metyyli Folaatti - Lamberts tukee normaaleja homokysteiinitasoja, edist\u00e4\u00e4 solujen kasvua ja immuunij\u00e4rjestelm\u00e4\u00e4. Jos et sied\u00e4 tavallista foolihappoa.","robots":{"index":"index","follow":"follow","max-snippet":"max-snippet:-1","max-image-preview":"max-image-preview:large","max-video-preview":"max-video-preview:-1"},"canonical":"https:\/\/reviva.fi\/fi\/tuote\/metyyli-folaatti-lamberts\/","og_locale":"fi_FI","og_type":"article","og_title":"Metyyli Folaatti - Lamberts - Reviva","og_description":"Metyyli Folaatti - Lamberts tukee normaaleja homokysteiinitasoja, edist\u00e4\u00e4 solujen kasvua ja immuunij\u00e4rjestelm\u00e4\u00e4. Jos et sied\u00e4 tavallista foolihappoa.","og_url":"https:\/\/reviva.fi\/fi\/tuote\/metyyli-folaatti-lamberts\/","og_site_name":"Reviva","article_modified_time":"2025-02-03T07:12:21+00:00","og_image":[{"width":780,"height":780,"url":"https:\/\/reviva.fi\/wp-content\/uploads\/2025\/01\/8073-60-Methyl-FOlate.jpg","type":"image\/jpeg"}],"twitter_card":"summary_large_image","schema":{"@context":"https:\/\/schema.org","@graph":[{"@type":"WebPage","@id":"https:\/\/reviva.fi\/fi\/tuote\/metyyli-folaatti-lamberts\/","url":"https:\/\/reviva.fi\/fi\/tuote\/metyyli-folaatti-lamberts\/","name":"Metyyli Folaatti - Lamberts - Reviva","isPartOf":{"@id":"https:\/\/reviva.fi\/fi\/#website"},"primaryImageOfPage":{"@id":"https:\/\/reviva.fi\/fi\/tuote\/metyyli-folaatti-lamberts\/#primaryimage"},"image":{"@id":"https:\/\/reviva.fi\/fi\/tuote\/metyyli-folaatti-lamberts\/#primaryimage"},"thumbnailUrl":"https:\/\/reviva.fi\/wp-content\/uploads\/2025\/01\/8073-60-Methyl-FOlate.jpg","datePublished":"2025-01-29T10:28:12+00:00","dateModified":"2025-02-03T07:12:21+00:00","description":"Metyyli Folaatti - Lamberts tukee normaaleja homokysteiinitasoja, edist\u00e4\u00e4 solujen kasvua ja immuunij\u00e4rjestelm\u00e4\u00e4. Jos et sied\u00e4 tavallista foolihappoa.","breadcrumb":{"@id":"https:\/\/reviva.fi\/fi\/tuote\/metyyli-folaatti-lamberts\/#breadcrumb"},"inLanguage":"fi","potentialAction":[{"@type":"ReadAction","target":["https:\/\/reviva.fi\/fi\/tuote\/metyyli-folaatti-lamberts\/"]}]},{"@type":"ImageObject","inLanguage":"fi","@id":"https:\/\/reviva.fi\/fi\/tuote\/metyyli-folaatti-lamberts\/#primaryimage","url":"https:\/\/reviva.fi\/wp-content\/uploads\/2025\/01\/8073-60-Methyl-FOlate.jpg","contentUrl":"https:\/\/reviva.fi\/wp-content\/uploads\/2025\/01\/8073-60-Methyl-FOlate.jpg","width":780,"height":780,"caption":"Metyyli Folaatti - Lamberts"},{"@type":"BreadcrumbList","@id":"https:\/\/reviva.fi\/fi\/tuote\/metyyli-folaatti-lamberts\/#breadcrumb","itemListElement":[{"@type":"ListItem","position":1,"name":"Etusivu","item":"https:\/\/reviva.fi\/fi\/"},{"@type":"ListItem","position":2,"name":"Tuotteet","item":"https:\/\/reviva.fi\/produkter\/"},{"@type":"ListItem","position":3,"name":"Metyyli Folaatti &#8211; Lamberts"}]},{"@type":"WebSite","@id":"https:\/\/reviva.fi\/fi\/#website","url":"https:\/\/reviva.fi\/fi\/","name":"Reviva","description":"","publisher":{"@id":"https:\/\/reviva.fi\/fi\/#organization"},"potentialAction":[{"@type":"SearchAction","target":{"@type":"EntryPoint","urlTemplate":"https:\/\/reviva.fi\/fi\/?s={search_term_string}"},"query-input":{"@type":"PropertyValueSpecification","valueRequired":true,"valueName":"search_term_string"}}],"inLanguage":"fi"},{"@type":"Organization","@id":"https:\/\/reviva.fi\/fi\/#organization","name":"Reviva","url":"https:\/\/reviva.fi\/fi\/","logo":{"@type":"ImageObject","inLanguage":"fi","@id":"https:\/\/reviva.fi\/fi\/#\/schema\/logo\/image\/","url":"https:\/\/reviva.fi\/wp-content\/uploads\/2023\/10\/reviva-logo2.svg","contentUrl":"https:\/\/reviva.fi\/wp-content\/uploads\/2023\/10\/reviva-logo2.svg","caption":"Reviva"},"image":{"@id":"https:\/\/reviva.fi\/fi\/#\/schema\/logo\/image\/"}}]},"product_price_amount":"17.30","product_price_currency":"EUR","og_availability":"instock","product_availability":"instock","product_retailer_item_id":"8073-60","product_condition":"new"},"taxonomy_info":{"product_cat":[{"value":96,"label":"Vitamiinit"},{"value":525,"label":"B-vitamiini"},{"value":2444,"label":"Lamberts"}]},"featured_image_src_large":["https:\/\/reviva.fi\/wp-content\/uploads\/2025\/01\/8073-60-Methyl-FOlate.jpg",780,780,false],"author_info":[],"comment_info":0,"_links":{"self":[{"href":"https:\/\/reviva.fi\/fi\/wp-json\/wp\/v2\/product\/10989","targetHints":{"allow":["GET"]}}],"collection":[{"href":"https:\/\/reviva.fi\/fi\/wp-json\/wp\/v2\/product"}],"about":[{"href":"https:\/\/reviva.fi\/fi\/wp-json\/wp\/v2\/types\/product"}],"replies":[{"embeddable":true,"href":"https:\/\/reviva.fi\/fi\/wp-json\/wp\/v2\/comments?post=10989"}],"wp:featuredmedia":[{"embeddable":true,"href":"https:\/\/reviva.fi\/fi\/wp-json\/wp\/v2\/media\/10765"}],"wp:attachment":[{"href":"https:\/\/reviva.fi\/fi\/wp-json\/wp\/v2\/media?parent=10989"}],"wp:term":[{"taxonomy":"product_brand","embeddable":true,"href":"https:\/\/reviva.fi\/fi\/wp-json\/wp\/v2\/product_brand?post=10989"},{"taxonomy":"product_cat","embeddable":true,"href":"https:\/\/reviva.fi\/fi\/wp-json\/wp\/v2\/product_cat?post=10989"},{"taxonomy":"product_tag","embeddable":true,"href":"https:\/\/reviva.fi\/fi\/wp-json\/wp\/v2\/product_tag?post=10989"}],"curies":[{"name":"wp","href":"https:\/\/api.w.org\/{rel}","templated":true}]}}