{"id":10992,"date":"2025-01-30T13:17:53","date_gmt":"2025-01-30T11:17:53","guid":{"rendered":"https:\/\/reviva.fi\/product\/peppermint-oil-lamberts\/"},"modified":"2026-02-21T11:31:03","modified_gmt":"2026-02-21T09:31:03","slug":"piparminttuoljy-lamberts-90-kap","status":"publish","type":"product","link":"https:\/\/reviva.fi\/fi\/tuote\/piparminttuoljy-lamberts-90-kap\/","title":{"rendered":"Piparminttu\u00f6ljy &#8211; Lamberts 90 kap"},"content":{"rendered":"<p><strong>Piparminttu\u00f6ljy &#8211; Lamberts 90 kap\u00a0<\/strong><\/p>\n<p>Lamberts\u00ae Peppermint Oil -kapselit sis\u00e4lt\u00e4v\u00e4t 100 mg puhdasta luonnollista piparminttu\u00f6ljy\u00e4, joka on tislattu mintunlehdist\u00e4. Mintun p\u00e4\u00e4asialliset vaikuttavat aineet ovat haihtuvat \u00f6ljyt, erityisesti mentoli, ja n\u00e4iss\u00e4 kapseleissa n\u00e4m\u00e4 haihtuvat \u00f6ljyt s\u00e4ilyv\u00e4t tavalla, joka ei ole mahdollista minttukarkeissa ja minttuteetiss\u00e4. Itse asiassa jokaisen kapselin mintun m\u00e4\u00e4r\u00e4 on jopa 12 kertaa vahvempi kuin suosituimmissa minttukaramelleissa.<br \/>\nPiparmintulla on pitk\u00e4t perinteet ruuansulatuksen apuaineena ja nielty\u00e4si yhden n\u00e4ist\u00e4 kapseleista tunnet l\u00e4mpim\u00e4n miellytt\u00e4v\u00e4n tunteen, kun kapselista sis\u00e4lt\u00f6 vapautuu kehoosi. Joissakin maissa minttuteet\u00e4 tarjotaan s\u00e4\u00e4nn\u00f6llisesti aterian j\u00e4lkeen, ja vastaavasti suosittelemme nielem\u00e4\u00e4n yhden n\u00e4ist\u00e4 kapseleista jokaisen l\u00e4mpim\u00e4n aterian j\u00e4lkeen.<\/p>\n<p>Lamberts Peppermint Oil tarjoaa tehokkaan ja monik\u00e4ytt\u00f6isen ratkaisun, joka tukee terveytt\u00e4 ja hyvinvointia luonnollisesti. Oli kyseess\u00e4 sitten ruoansulatush\u00e4iri\u00f6iden lievitt\u00e4minen, virkist\u00e4v\u00e4 vaikutus tai lihaskipujen helpottaminen, t\u00e4m\u00e4 korkealaatuinen piparminttu\u00f6ljy tarjoaa lukuisia hy\u00f6tyj\u00e4. Valitse Lamberts Peppermint Oil ja nauti piparmintun virkist\u00e4vist\u00e4 ja rauhoittavista ominaisuuksista turvallisesti ja tehokkaasti!<\/p>\n<p>Lamberts on tunnettu br\u00e4ndi, joka valmistaa lis\u00e4ravinteita ja eteerisi\u00e4 \u00f6ljyj\u00e4 korkeiden laatuvaatimusten mukaisesti. T\u00e4m\u00e4 piparminttu\u00f6ljy on puhdasta ja luonnollista, ja se on valmistettu tarkasti kontrolloiduissa olosuhteissa. Lamberts Peppermint Oil ei sis\u00e4ll\u00e4 keinotekoisia lis\u00e4aineita tai t\u00e4yteaineita, mik\u00e4 takaa sen puhtauden ja tehokkuuden.<\/p>\n","protected":false},"excerpt":{"rendered":"<p>Lamberts Peppermint Oil on eteerist\u00e4 piparminttu\u00f6ljy\u00e4 sis\u00e4lt\u00e4v\u00e4 lis\u00e4ravinne, joka tunnetaan ruoansulatuskanavaa rauhoittavista ominaisuuksistaan. Se auttaa lievitt\u00e4m\u00e4\u00e4n ep\u00e4mukavuutta, kuten turvotusta, kaasua ja ruoansulatush\u00e4iri\u00f6it\u00e4. Piparminttu\u00f6ljy tukee my\u00f6s tasapainoista mahan ja suoliston toimintaa ja tarjoaa luonnollista helpotusta vatsakipuihin.<\/p>\n<p><strong>90 Kapselia\u00a0<\/strong><\/p>\n","protected":false},"featured_media":10883,"comment_status":"closed","ping_status":"closed","template":"","meta":{"_acf_changed":false,"inline_featured_image":false,"_kad_blocks_custom_css":"","_kad_blocks_head_custom_js":"","_kad_blocks_body_custom_js":"","_kad_blocks_footer_custom_js":"","_kadence_starter_templates_imported_post":false,"_kad_post_transparent":"default","_kad_post_title":"","_kad_post_layout":"default","_kad_post_sidebar_id":"","_kad_post_content_style":"default","_kad_post_vertical_padding":"default","_kad_post_feature":"","_kad_post_feature_position":"","_kad_post_header":false,"_kad_post_footer":false},"product_brand":[],"product_cat":[141,2444,2387,2357],"product_tag":[4408,4417,4402,4414,4412,4404,4406,4411,4409,4416,4410,4407,4405,4415,4413,4403],"class_list":{"0":"post-10992","1":"product","2":"type-product","3":"status-publish","4":"has-post-thumbnail","6":"product_cat-orter-fi","7":"product_cat-lamberts-fi","8":"product_cat-mage-och-tarm-fi","9":"product_cat-immunforsvar-fi","10":"product_tag-100-mg-fi","11":"product_tag-enteropaallysteiset-kapselit","12":"product_tag-gmp-standardi","13":"product_tag-ibs-helpotus","14":"product_tag-ilmavaivat","15":"product_tag-kasvipohjainen","16":"product_tag-korkea-vahvuuksinen","17":"product_tag-kouristuksia-estava","18":"product_tag-luonnollinen-piparminttu","19":"product_tag-maha-suolikanavan-terveyteen","20":"product_tag-mentoli","21":"product_tag-piparminttuoljy","22":"product_tag-ruoansulatuksen-terveys","23":"product_tag-suoliston-mukavuus","24":"product_tag-turvotus-fi-3","25":"product_tag-vegaaniystavallinen","27":"first","28":"instock","29":"taxable","30":"shipping-taxable","31":"purchasable","32":"product-type-simple","33":"entry","34":"content-bg","35":"loop-entry"},"acf":[],"yoast_head":"<!-- This site is optimized with the Yoast SEO plugin v25.8 - https:\/\/yoast.com\/wordpress\/plugins\/seo\/ -->\n<title>Piparminttu\u00f6ljy - Lamberts 90 kap - Reviva<\/title>\n<meta name=\"description\" content=\"Piparminttu\u00f6ljy - Lamberts 90 kap on ravintolis\u00e4, joka tukee ruoansulatusta ja lievitt\u00e4\u00e4 vatsavaivoja, kuten turvotusta ja kaasuja.\" \/>\n<meta name=\"robots\" content=\"index, follow, max-snippet:-1, max-image-preview:large, max-video-preview:-1\" \/>\n<link rel=\"canonical\" href=\"https:\/\/reviva.fi\/fi\/tuote\/piparminttuoljy-lamberts-90-kap\/\" \/>\n<meta property=\"og:locale\" content=\"fi_FI\" \/>\n<meta property=\"og:type\" content=\"article\" \/>\n<meta property=\"og:title\" content=\"Piparminttu\u00f6ljy - Lamberts 90 kap - Reviva\" \/>\n<meta property=\"og:description\" content=\"Piparminttu\u00f6ljy - Lamberts 90 kap on ravintolis\u00e4, joka tukee ruoansulatusta ja lievitt\u00e4\u00e4 vatsavaivoja, kuten turvotusta ja kaasuja.\" \/>\n<meta property=\"og:url\" content=\"https:\/\/reviva.fi\/fi\/tuote\/piparminttuoljy-lamberts-90-kap\/\" \/>\n<meta property=\"og:site_name\" content=\"Reviva\" \/>\n<meta property=\"article:modified_time\" content=\"2026-02-21T09:31:03+00:00\" \/>\n<meta property=\"og:image\" content=\"https:\/\/reviva.fi\/wp-content\/uploads\/2025\/01\/8399-90-Peppermint-oil.jpg\" \/>\n\t<meta property=\"og:image:width\" content=\"780\" \/>\n\t<meta property=\"og:image:height\" content=\"780\" \/>\n\t<meta property=\"og:image:type\" content=\"image\/jpeg\" \/>\n<meta name=\"twitter:card\" content=\"summary_large_image\" \/>\n<script type=\"application\/ld+json\" class=\"yoast-schema-graph\">{\"@context\":\"https:\/\/schema.org\",\"@graph\":[{\"@type\":\"WebPage\",\"@id\":\"https:\/\/reviva.fi\/fi\/tuote\/piparminttuoljy-lamberts-90-kap\/\",\"url\":\"https:\/\/reviva.fi\/fi\/tuote\/piparminttuoljy-lamberts-90-kap\/\",\"name\":\"Piparminttu\u00f6ljy - Lamberts 90 kap - Reviva\",\"isPartOf\":{\"@id\":\"https:\/\/reviva.fi\/fi\/#website\"},\"primaryImageOfPage\":{\"@id\":\"https:\/\/reviva.fi\/fi\/tuote\/piparminttuoljy-lamberts-90-kap\/#primaryimage\"},\"image\":{\"@id\":\"https:\/\/reviva.fi\/fi\/tuote\/piparminttuoljy-lamberts-90-kap\/#primaryimage\"},\"thumbnailUrl\":\"https:\/\/reviva.fi\/wp-content\/uploads\/2025\/01\/8399-90-Peppermint-oil.jpg\",\"datePublished\":\"2025-01-30T11:17:53+00:00\",\"dateModified\":\"2026-02-21T09:31:03+00:00\",\"description\":\"Piparminttu\u00f6ljy - Lamberts 90 kap on ravintolis\u00e4, joka tukee ruoansulatusta ja lievitt\u00e4\u00e4 vatsavaivoja, kuten turvotusta ja kaasuja.\",\"breadcrumb\":{\"@id\":\"https:\/\/reviva.fi\/fi\/tuote\/piparminttuoljy-lamberts-90-kap\/#breadcrumb\"},\"inLanguage\":\"fi\",\"potentialAction\":[{\"@type\":\"ReadAction\",\"target\":[\"https:\/\/reviva.fi\/fi\/tuote\/piparminttuoljy-lamberts-90-kap\/\"]}]},{\"@type\":\"ImageObject\",\"inLanguage\":\"fi\",\"@id\":\"https:\/\/reviva.fi\/fi\/tuote\/piparminttuoljy-lamberts-90-kap\/#primaryimage\",\"url\":\"https:\/\/reviva.fi\/wp-content\/uploads\/2025\/01\/8399-90-Peppermint-oil.jpg\",\"contentUrl\":\"https:\/\/reviva.fi\/wp-content\/uploads\/2025\/01\/8399-90-Peppermint-oil.jpg\",\"width\":780,\"height\":780,\"caption\":\"Piparminttu\u00f6ljy - Lamberts 90 kap\"},{\"@type\":\"BreadcrumbList\",\"@id\":\"https:\/\/reviva.fi\/fi\/tuote\/piparminttuoljy-lamberts-90-kap\/#breadcrumb\",\"itemListElement\":[{\"@type\":\"ListItem\",\"position\":1,\"name\":\"Etusivu\",\"item\":\"https:\/\/reviva.fi\/fi\/\"},{\"@type\":\"ListItem\",\"position\":2,\"name\":\"Tuotteet\",\"item\":\"https:\/\/reviva.fi\/produkter\/\"},{\"@type\":\"ListItem\",\"position\":3,\"name\":\"Piparminttu\u00f6ljy &#8211; Lamberts 90 kap\"}]},{\"@type\":\"WebSite\",\"@id\":\"https:\/\/reviva.fi\/fi\/#website\",\"url\":\"https:\/\/reviva.fi\/fi\/\",\"name\":\"Reviva\",\"description\":\"\",\"publisher\":{\"@id\":\"https:\/\/reviva.fi\/fi\/#organization\"},\"potentialAction\":[{\"@type\":\"SearchAction\",\"target\":{\"@type\":\"EntryPoint\",\"urlTemplate\":\"https:\/\/reviva.fi\/fi\/?s={search_term_string}\"},\"query-input\":{\"@type\":\"PropertyValueSpecification\",\"valueRequired\":true,\"valueName\":\"search_term_string\"}}],\"inLanguage\":\"fi\"},{\"@type\":\"Organization\",\"@id\":\"https:\/\/reviva.fi\/fi\/#organization\",\"name\":\"Reviva\",\"url\":\"https:\/\/reviva.fi\/fi\/\",\"logo\":{\"@type\":\"ImageObject\",\"inLanguage\":\"fi\",\"@id\":\"https:\/\/reviva.fi\/fi\/#\/schema\/logo\/image\/\",\"url\":\"https:\/\/reviva.fi\/wp-content\/uploads\/2023\/10\/reviva-logo2.svg\",\"contentUrl\":\"https:\/\/reviva.fi\/wp-content\/uploads\/2023\/10\/reviva-logo2.svg\",\"caption\":\"Reviva\"},\"image\":{\"@id\":\"https:\/\/reviva.fi\/fi\/#\/schema\/logo\/image\/\"}}]}<\/script>\n<meta property=\"product:price:amount\" content=\"16.40\" \/>\n<meta property=\"product:price:currency\" content=\"EUR\" \/>\n<meta property=\"og:availability\" content=\"instock\" \/>\n<meta property=\"product:availability\" content=\"instock\" \/>\n<meta property=\"product:retailer_item_id\" content=\"8399-90\" \/>\n<meta property=\"product:condition\" content=\"new\" \/>\n<!-- \/ Yoast SEO plugin. -->","yoast_head_json":{"title":"Piparminttu\u00f6ljy - Lamberts 90 kap - Reviva","description":"Piparminttu\u00f6ljy - Lamberts 90 kap on ravintolis\u00e4, joka tukee ruoansulatusta ja lievitt\u00e4\u00e4 vatsavaivoja, kuten turvotusta ja kaasuja.","robots":{"index":"index","follow":"follow","max-snippet":"max-snippet:-1","max-image-preview":"max-image-preview:large","max-video-preview":"max-video-preview:-1"},"canonical":"https:\/\/reviva.fi\/fi\/tuote\/piparminttuoljy-lamberts-90-kap\/","og_locale":"fi_FI","og_type":"article","og_title":"Piparminttu\u00f6ljy - Lamberts 90 kap - Reviva","og_description":"Piparminttu\u00f6ljy - Lamberts 90 kap on ravintolis\u00e4, joka tukee ruoansulatusta ja lievitt\u00e4\u00e4 vatsavaivoja, kuten turvotusta ja kaasuja.","og_url":"https:\/\/reviva.fi\/fi\/tuote\/piparminttuoljy-lamberts-90-kap\/","og_site_name":"Reviva","article_modified_time":"2026-02-21T09:31:03+00:00","og_image":[{"width":780,"height":780,"url":"https:\/\/reviva.fi\/wp-content\/uploads\/2025\/01\/8399-90-Peppermint-oil.jpg","type":"image\/jpeg"}],"twitter_card":"summary_large_image","schema":{"@context":"https:\/\/schema.org","@graph":[{"@type":"WebPage","@id":"https:\/\/reviva.fi\/fi\/tuote\/piparminttuoljy-lamberts-90-kap\/","url":"https:\/\/reviva.fi\/fi\/tuote\/piparminttuoljy-lamberts-90-kap\/","name":"Piparminttu\u00f6ljy - Lamberts 90 kap - Reviva","isPartOf":{"@id":"https:\/\/reviva.fi\/fi\/#website"},"primaryImageOfPage":{"@id":"https:\/\/reviva.fi\/fi\/tuote\/piparminttuoljy-lamberts-90-kap\/#primaryimage"},"image":{"@id":"https:\/\/reviva.fi\/fi\/tuote\/piparminttuoljy-lamberts-90-kap\/#primaryimage"},"thumbnailUrl":"https:\/\/reviva.fi\/wp-content\/uploads\/2025\/01\/8399-90-Peppermint-oil.jpg","datePublished":"2025-01-30T11:17:53+00:00","dateModified":"2026-02-21T09:31:03+00:00","description":"Piparminttu\u00f6ljy - Lamberts 90 kap on ravintolis\u00e4, joka tukee ruoansulatusta ja lievitt\u00e4\u00e4 vatsavaivoja, kuten turvotusta ja kaasuja.","breadcrumb":{"@id":"https:\/\/reviva.fi\/fi\/tuote\/piparminttuoljy-lamberts-90-kap\/#breadcrumb"},"inLanguage":"fi","potentialAction":[{"@type":"ReadAction","target":["https:\/\/reviva.fi\/fi\/tuote\/piparminttuoljy-lamberts-90-kap\/"]}]},{"@type":"ImageObject","inLanguage":"fi","@id":"https:\/\/reviva.fi\/fi\/tuote\/piparminttuoljy-lamberts-90-kap\/#primaryimage","url":"https:\/\/reviva.fi\/wp-content\/uploads\/2025\/01\/8399-90-Peppermint-oil.jpg","contentUrl":"https:\/\/reviva.fi\/wp-content\/uploads\/2025\/01\/8399-90-Peppermint-oil.jpg","width":780,"height":780,"caption":"Piparminttu\u00f6ljy - Lamberts 90 kap"},{"@type":"BreadcrumbList","@id":"https:\/\/reviva.fi\/fi\/tuote\/piparminttuoljy-lamberts-90-kap\/#breadcrumb","itemListElement":[{"@type":"ListItem","position":1,"name":"Etusivu","item":"https:\/\/reviva.fi\/fi\/"},{"@type":"ListItem","position":2,"name":"Tuotteet","item":"https:\/\/reviva.fi\/produkter\/"},{"@type":"ListItem","position":3,"name":"Piparminttu\u00f6ljy &#8211; Lamberts 90 kap"}]},{"@type":"WebSite","@id":"https:\/\/reviva.fi\/fi\/#website","url":"https:\/\/reviva.fi\/fi\/","name":"Reviva","description":"","publisher":{"@id":"https:\/\/reviva.fi\/fi\/#organization"},"potentialAction":[{"@type":"SearchAction","target":{"@type":"EntryPoint","urlTemplate":"https:\/\/reviva.fi\/fi\/?s={search_term_string}"},"query-input":{"@type":"PropertyValueSpecification","valueRequired":true,"valueName":"search_term_string"}}],"inLanguage":"fi"},{"@type":"Organization","@id":"https:\/\/reviva.fi\/fi\/#organization","name":"Reviva","url":"https:\/\/reviva.fi\/fi\/","logo":{"@type":"ImageObject","inLanguage":"fi","@id":"https:\/\/reviva.fi\/fi\/#\/schema\/logo\/image\/","url":"https:\/\/reviva.fi\/wp-content\/uploads\/2023\/10\/reviva-logo2.svg","contentUrl":"https:\/\/reviva.fi\/wp-content\/uploads\/2023\/10\/reviva-logo2.svg","caption":"Reviva"},"image":{"@id":"https:\/\/reviva.fi\/fi\/#\/schema\/logo\/image\/"}}]},"product_price_amount":"16.40","product_price_currency":"EUR","og_availability":"instock","product_availability":"instock","product_retailer_item_id":"8399-90","product_condition":"new"},"taxonomy_info":{"product_cat":[{"value":141,"label":"Yrtit"},{"value":2444,"label":"Lamberts"},{"value":2387,"label":"Maha &amp; Suolisto"},{"value":2357,"label":"Immuunipuolustus"}],"product_tag":[{"value":4408,"label":"100 mg"},{"value":4417,"label":"enterop\u00e4\u00e4llysteiset kapselit"},{"value":4402,"label":"GMP standardi"},{"value":4414,"label":"IBS helpotus"},{"value":4412,"label":"ilmavaivat"},{"value":4404,"label":"Kasvipohjainen"},{"value":4406,"label":"Korkea vahvuuksinen"},{"value":4411,"label":"kouristuksia est\u00e4v\u00e4"},{"value":4409,"label":"luonnollinen piparminttu"},{"value":4416,"label":"maha-suolikanavan terveyteen"},{"value":4410,"label":"Mentoli"},{"value":4407,"label":"Piparminttu\u00f6ljy"},{"value":4405,"label":"Ruoansulatuksen terveys"},{"value":4415,"label":"suoliston mukavuus"},{"value":4413,"label":"turvotus"},{"value":4403,"label":"vegaaniyst\u00e4v\u00e4llinen"}]},"featured_image_src_large":["https:\/\/reviva.fi\/wp-content\/uploads\/2025\/01\/8399-90-Peppermint-oil.jpg",780,780,false],"author_info":[],"comment_info":0,"_links":{"self":[{"href":"https:\/\/reviva.fi\/fi\/wp-json\/wp\/v2\/product\/10992","targetHints":{"allow":["GET"]}}],"collection":[{"href":"https:\/\/reviva.fi\/fi\/wp-json\/wp\/v2\/product"}],"about":[{"href":"https:\/\/reviva.fi\/fi\/wp-json\/wp\/v2\/types\/product"}],"replies":[{"embeddable":true,"href":"https:\/\/reviva.fi\/fi\/wp-json\/wp\/v2\/comments?post=10992"}],"wp:featuredmedia":[{"embeddable":true,"href":"https:\/\/reviva.fi\/fi\/wp-json\/wp\/v2\/media\/10883"}],"wp:attachment":[{"href":"https:\/\/reviva.fi\/fi\/wp-json\/wp\/v2\/media?parent=10992"}],"wp:term":[{"taxonomy":"product_brand","embeddable":true,"href":"https:\/\/reviva.fi\/fi\/wp-json\/wp\/v2\/product_brand?post=10992"},{"taxonomy":"product_cat","embeddable":true,"href":"https:\/\/reviva.fi\/fi\/wp-json\/wp\/v2\/product_cat?post=10992"},{"taxonomy":"product_tag","embeddable":true,"href":"https:\/\/reviva.fi\/fi\/wp-json\/wp\/v2\/product_tag?post=10992"}],"curies":[{"name":"wp","href":"https:\/\/api.w.org\/{rel}","templated":true}]}}