{"id":11043,"date":"2025-02-18T09:05:28","date_gmt":"2025-02-18T07:05:28","guid":{"rendered":"https:\/\/reviva.fi\/product\/prostex-320mg-betasitosterol-komplex\/"},"modified":"2026-01-23T12:06:49","modified_gmt":"2026-01-23T10:06:49","slug":"prostex-lamberts","status":"publish","type":"product","link":"https:\/\/reviva.fi\/fi\/tuote\/prostex-lamberts\/","title":{"rendered":"PROSTEX &#8211; Lamberts"},"content":{"rendered":"<p class=\"page-title\">PROSTEX &#8211; Lamberts<\/p>\n<p>Beeta-sitosterolit ovat yksi myydyimmist\u00e4 ravintoaineista Yhdysvalloissa ja Euroopassa. K\u00e4yt\u00e4nn\u00f6ss\u00e4 kaikissa tehdyiss\u00e4 beeta-sitosterolitutkimuksissa se on tiivistetty muoto, jota on k\u00e4ytetty 320 mg p\u00e4iv\u00e4ss\u00e4.<\/p>\n<p>Lamberts\u00ae Prostex\u00ae oli yksi ensimm\u00e4isist\u00e4 beeta-sitosterolituotteista. Se sis\u00e4lt\u00e4\u00e4 my\u00f6s kolme v\u00e4ltt\u00e4m\u00e4t\u00f6nt\u00e4 aminohappoa ja sinkki\u00e4 sek\u00e4 antioksidanttisia ravintoaineita C-vitamiinia ja E-vitamiinia. Koostumus sis\u00e4lt\u00e4\u00e4 my\u00f6s kversetiini\u00e4, t\u00e4rke\u00e4\u00e4 bioflavonoidia. Kaikki esitet\u00e4\u00e4n erityisess\u00e4 kurpitsansiemen\u00f6ljypohjassa.<\/p>\n","protected":false},"excerpt":{"rendered":"<p>Lamberts Prostex on eritt\u00e4in korkealaatuinen ravintolis\u00e4. Prostex sis\u00e4lt\u00e4\u00e4 320 mg betasitosteroleja, jotka tunnetaan my\u00f6s beeta-sitosteroleina.<\/p>\n<p><strong>90 tablettia<\/strong><\/p>\n","protected":false},"featured_media":11038,"comment_status":"closed","ping_status":"closed","template":"","meta":{"_acf_changed":false,"inline_featured_image":false,"_kad_blocks_custom_css":"","_kad_blocks_head_custom_js":"","_kad_blocks_body_custom_js":"","_kad_blocks_footer_custom_js":"","_kadence_starter_templates_imported_post":false,"_kad_post_transparent":"default","_kad_post_title":"","_kad_post_layout":"default","_kad_post_sidebar_id":"","_kad_post_content_style":"default","_kad_post_vertical_padding":"default","_kad_post_feature":"","_kad_post_feature_position":"","_kad_post_header":false,"_kad_post_footer":false},"product_brand":[],"product_cat":[5978,2444],"product_tag":[3384,444,476,5446,5768],"class_list":{"0":"post-11043","1":"product","2":"type-product","3":"status-publish","4":"has-post-thumbnail","6":"product_cat-multi-produkter-fi","7":"product_cat-lamberts-fi","8":"product_tag-hormonbalans-fi","9":"product_tag-immuunijarjestelma","10":"product_tag-lisaravinne","11":"product_tag-naturliga-ingredienser-fi","12":"product_tag-vaxtsteroler-fi","14":"first","15":"instock","16":"taxable","17":"shipping-taxable","18":"purchasable","19":"product-type-simple","20":"entry","21":"content-bg","22":"loop-entry"},"acf":[],"yoast_head":"<!-- This site is optimized with the Yoast SEO plugin v25.8 - https:\/\/yoast.com\/wordpress\/plugins\/seo\/ -->\n<title>PROSTEX - Lamberts - Reviva<\/title>\n<meta name=\"description\" content=\"PROSTEX - Lamberts, Suosittu tuote eturauhasen tukemiseen ja vahvistamiseen. Sis\u00e4lt\u00e4\u00e4 my\u00f6s aminohappoja, sinkki\u00e4, kversetiini\u00e4 sek\u00e4 C- ja E-vitamiinia.\" \/>\n<meta name=\"robots\" content=\"index, follow, max-snippet:-1, max-image-preview:large, max-video-preview:-1\" \/>\n<link rel=\"canonical\" href=\"https:\/\/reviva.fi\/fi\/tuote\/prostex-lamberts\/\" \/>\n<meta property=\"og:locale\" content=\"fi_FI\" \/>\n<meta property=\"og:type\" content=\"article\" \/>\n<meta property=\"og:title\" content=\"PROSTEX - Lamberts - Reviva\" \/>\n<meta property=\"og:description\" content=\"PROSTEX - Lamberts, Suosittu tuote eturauhasen tukemiseen ja vahvistamiseen. Sis\u00e4lt\u00e4\u00e4 my\u00f6s aminohappoja, sinkki\u00e4, kversetiini\u00e4 sek\u00e4 C- ja E-vitamiinia.\" \/>\n<meta property=\"og:url\" content=\"https:\/\/reviva.fi\/fi\/tuote\/prostex-lamberts\/\" \/>\n<meta property=\"og:site_name\" content=\"Reviva\" \/>\n<meta property=\"article:modified_time\" content=\"2026-01-23T10:06:49+00:00\" \/>\n<meta property=\"og:image\" content=\"https:\/\/reviva.fi\/wp-content\/uploads\/2025\/02\/8575-90-Prostex.jpg\" \/>\n\t<meta property=\"og:image:width\" content=\"780\" \/>\n\t<meta property=\"og:image:height\" content=\"780\" \/>\n\t<meta property=\"og:image:type\" content=\"image\/jpeg\" \/>\n<meta name=\"twitter:card\" content=\"summary_large_image\" \/>\n<script type=\"application\/ld+json\" class=\"yoast-schema-graph\">{\"@context\":\"https:\/\/schema.org\",\"@graph\":[{\"@type\":\"WebPage\",\"@id\":\"https:\/\/reviva.fi\/fi\/tuote\/prostex-lamberts\/\",\"url\":\"https:\/\/reviva.fi\/fi\/tuote\/prostex-lamberts\/\",\"name\":\"PROSTEX - Lamberts - Reviva\",\"isPartOf\":{\"@id\":\"https:\/\/reviva.fi\/fi\/#website\"},\"primaryImageOfPage\":{\"@id\":\"https:\/\/reviva.fi\/fi\/tuote\/prostex-lamberts\/#primaryimage\"},\"image\":{\"@id\":\"https:\/\/reviva.fi\/fi\/tuote\/prostex-lamberts\/#primaryimage\"},\"thumbnailUrl\":\"https:\/\/reviva.fi\/wp-content\/uploads\/2025\/02\/8575-90-Prostex.jpg\",\"datePublished\":\"2025-02-18T07:05:28+00:00\",\"dateModified\":\"2026-01-23T10:06:49+00:00\",\"description\":\"PROSTEX - Lamberts, Suosittu tuote eturauhasen tukemiseen ja vahvistamiseen. Sis\u00e4lt\u00e4\u00e4 my\u00f6s aminohappoja, sinkki\u00e4, kversetiini\u00e4 sek\u00e4 C- ja E-vitamiinia.\",\"breadcrumb\":{\"@id\":\"https:\/\/reviva.fi\/fi\/tuote\/prostex-lamberts\/#breadcrumb\"},\"inLanguage\":\"fi\",\"potentialAction\":[{\"@type\":\"ReadAction\",\"target\":[\"https:\/\/reviva.fi\/fi\/tuote\/prostex-lamberts\/\"]}]},{\"@type\":\"ImageObject\",\"inLanguage\":\"fi\",\"@id\":\"https:\/\/reviva.fi\/fi\/tuote\/prostex-lamberts\/#primaryimage\",\"url\":\"https:\/\/reviva.fi\/wp-content\/uploads\/2025\/02\/8575-90-Prostex.jpg\",\"contentUrl\":\"https:\/\/reviva.fi\/wp-content\/uploads\/2025\/02\/8575-90-Prostex.jpg\",\"width\":780,\"height\":780,\"caption\":\"PROSTEX - Lamberts\"},{\"@type\":\"BreadcrumbList\",\"@id\":\"https:\/\/reviva.fi\/fi\/tuote\/prostex-lamberts\/#breadcrumb\",\"itemListElement\":[{\"@type\":\"ListItem\",\"position\":1,\"name\":\"Etusivu\",\"item\":\"https:\/\/reviva.fi\/fi\/\"},{\"@type\":\"ListItem\",\"position\":2,\"name\":\"Tuotteet\",\"item\":\"https:\/\/reviva.fi\/produkter\/\"},{\"@type\":\"ListItem\",\"position\":3,\"name\":\"PROSTEX &#8211; Lamberts\"}]},{\"@type\":\"WebSite\",\"@id\":\"https:\/\/reviva.fi\/fi\/#website\",\"url\":\"https:\/\/reviva.fi\/fi\/\",\"name\":\"Reviva\",\"description\":\"\",\"publisher\":{\"@id\":\"https:\/\/reviva.fi\/fi\/#organization\"},\"potentialAction\":[{\"@type\":\"SearchAction\",\"target\":{\"@type\":\"EntryPoint\",\"urlTemplate\":\"https:\/\/reviva.fi\/fi\/?s={search_term_string}\"},\"query-input\":{\"@type\":\"PropertyValueSpecification\",\"valueRequired\":true,\"valueName\":\"search_term_string\"}}],\"inLanguage\":\"fi\"},{\"@type\":\"Organization\",\"@id\":\"https:\/\/reviva.fi\/fi\/#organization\",\"name\":\"Reviva\",\"url\":\"https:\/\/reviva.fi\/fi\/\",\"logo\":{\"@type\":\"ImageObject\",\"inLanguage\":\"fi\",\"@id\":\"https:\/\/reviva.fi\/fi\/#\/schema\/logo\/image\/\",\"url\":\"https:\/\/reviva.fi\/wp-content\/uploads\/2023\/10\/reviva-logo2.svg\",\"contentUrl\":\"https:\/\/reviva.fi\/wp-content\/uploads\/2023\/10\/reviva-logo2.svg\",\"caption\":\"Reviva\"},\"image\":{\"@id\":\"https:\/\/reviva.fi\/fi\/#\/schema\/logo\/image\/\"}}]}<\/script>\n<meta property=\"product:price:amount\" content=\"28.40\" \/>\n<meta property=\"product:price:currency\" content=\"EUR\" \/>\n<meta property=\"og:availability\" content=\"instock\" \/>\n<meta property=\"product:availability\" content=\"instock\" \/>\n<meta property=\"product:retailer_item_id\" content=\"8575-90\" \/>\n<meta property=\"product:condition\" content=\"new\" \/>\n<!-- \/ Yoast SEO plugin. -->","yoast_head_json":{"title":"PROSTEX - Lamberts - Reviva","description":"PROSTEX - Lamberts, Suosittu tuote eturauhasen tukemiseen ja vahvistamiseen. Sis\u00e4lt\u00e4\u00e4 my\u00f6s aminohappoja, sinkki\u00e4, kversetiini\u00e4 sek\u00e4 C- ja E-vitamiinia.","robots":{"index":"index","follow":"follow","max-snippet":"max-snippet:-1","max-image-preview":"max-image-preview:large","max-video-preview":"max-video-preview:-1"},"canonical":"https:\/\/reviva.fi\/fi\/tuote\/prostex-lamberts\/","og_locale":"fi_FI","og_type":"article","og_title":"PROSTEX - Lamberts - Reviva","og_description":"PROSTEX - Lamberts, Suosittu tuote eturauhasen tukemiseen ja vahvistamiseen. Sis\u00e4lt\u00e4\u00e4 my\u00f6s aminohappoja, sinkki\u00e4, kversetiini\u00e4 sek\u00e4 C- ja E-vitamiinia.","og_url":"https:\/\/reviva.fi\/fi\/tuote\/prostex-lamberts\/","og_site_name":"Reviva","article_modified_time":"2026-01-23T10:06:49+00:00","og_image":[{"width":780,"height":780,"url":"https:\/\/reviva.fi\/wp-content\/uploads\/2025\/02\/8575-90-Prostex.jpg","type":"image\/jpeg"}],"twitter_card":"summary_large_image","schema":{"@context":"https:\/\/schema.org","@graph":[{"@type":"WebPage","@id":"https:\/\/reviva.fi\/fi\/tuote\/prostex-lamberts\/","url":"https:\/\/reviva.fi\/fi\/tuote\/prostex-lamberts\/","name":"PROSTEX - Lamberts - Reviva","isPartOf":{"@id":"https:\/\/reviva.fi\/fi\/#website"},"primaryImageOfPage":{"@id":"https:\/\/reviva.fi\/fi\/tuote\/prostex-lamberts\/#primaryimage"},"image":{"@id":"https:\/\/reviva.fi\/fi\/tuote\/prostex-lamberts\/#primaryimage"},"thumbnailUrl":"https:\/\/reviva.fi\/wp-content\/uploads\/2025\/02\/8575-90-Prostex.jpg","datePublished":"2025-02-18T07:05:28+00:00","dateModified":"2026-01-23T10:06:49+00:00","description":"PROSTEX - Lamberts, Suosittu tuote eturauhasen tukemiseen ja vahvistamiseen. Sis\u00e4lt\u00e4\u00e4 my\u00f6s aminohappoja, sinkki\u00e4, kversetiini\u00e4 sek\u00e4 C- ja E-vitamiinia.","breadcrumb":{"@id":"https:\/\/reviva.fi\/fi\/tuote\/prostex-lamberts\/#breadcrumb"},"inLanguage":"fi","potentialAction":[{"@type":"ReadAction","target":["https:\/\/reviva.fi\/fi\/tuote\/prostex-lamberts\/"]}]},{"@type":"ImageObject","inLanguage":"fi","@id":"https:\/\/reviva.fi\/fi\/tuote\/prostex-lamberts\/#primaryimage","url":"https:\/\/reviva.fi\/wp-content\/uploads\/2025\/02\/8575-90-Prostex.jpg","contentUrl":"https:\/\/reviva.fi\/wp-content\/uploads\/2025\/02\/8575-90-Prostex.jpg","width":780,"height":780,"caption":"PROSTEX - Lamberts"},{"@type":"BreadcrumbList","@id":"https:\/\/reviva.fi\/fi\/tuote\/prostex-lamberts\/#breadcrumb","itemListElement":[{"@type":"ListItem","position":1,"name":"Etusivu","item":"https:\/\/reviva.fi\/fi\/"},{"@type":"ListItem","position":2,"name":"Tuotteet","item":"https:\/\/reviva.fi\/produkter\/"},{"@type":"ListItem","position":3,"name":"PROSTEX &#8211; Lamberts"}]},{"@type":"WebSite","@id":"https:\/\/reviva.fi\/fi\/#website","url":"https:\/\/reviva.fi\/fi\/","name":"Reviva","description":"","publisher":{"@id":"https:\/\/reviva.fi\/fi\/#organization"},"potentialAction":[{"@type":"SearchAction","target":{"@type":"EntryPoint","urlTemplate":"https:\/\/reviva.fi\/fi\/?s={search_term_string}"},"query-input":{"@type":"PropertyValueSpecification","valueRequired":true,"valueName":"search_term_string"}}],"inLanguage":"fi"},{"@type":"Organization","@id":"https:\/\/reviva.fi\/fi\/#organization","name":"Reviva","url":"https:\/\/reviva.fi\/fi\/","logo":{"@type":"ImageObject","inLanguage":"fi","@id":"https:\/\/reviva.fi\/fi\/#\/schema\/logo\/image\/","url":"https:\/\/reviva.fi\/wp-content\/uploads\/2023\/10\/reviva-logo2.svg","contentUrl":"https:\/\/reviva.fi\/wp-content\/uploads\/2023\/10\/reviva-logo2.svg","caption":"Reviva"},"image":{"@id":"https:\/\/reviva.fi\/fi\/#\/schema\/logo\/image\/"}}]},"product_price_amount":"28.40","product_price_currency":"EUR","og_availability":"instock","product_availability":"instock","product_retailer_item_id":"8575-90","product_condition":"new"},"taxonomy_info":{"product_cat":[{"value":5978,"label":"Multi tuotteet"},{"value":2444,"label":"Lamberts"}],"product_tag":[{"value":3384,"label":"Hormonbalans"},{"value":444,"label":"immuunij\u00e4rjestelm\u00e4"},{"value":476,"label":"lis\u00e4ravinne"},{"value":5446,"label":"naturliga ingredienser"},{"value":5768,"label":"V\u00e4xtsteroler"}]},"featured_image_src_large":["https:\/\/reviva.fi\/wp-content\/uploads\/2025\/02\/8575-90-Prostex.jpg",780,780,false],"author_info":[],"comment_info":0,"_links":{"self":[{"href":"https:\/\/reviva.fi\/fi\/wp-json\/wp\/v2\/product\/11043","targetHints":{"allow":["GET"]}}],"collection":[{"href":"https:\/\/reviva.fi\/fi\/wp-json\/wp\/v2\/product"}],"about":[{"href":"https:\/\/reviva.fi\/fi\/wp-json\/wp\/v2\/types\/product"}],"replies":[{"embeddable":true,"href":"https:\/\/reviva.fi\/fi\/wp-json\/wp\/v2\/comments?post=11043"}],"wp:featuredmedia":[{"embeddable":true,"href":"https:\/\/reviva.fi\/fi\/wp-json\/wp\/v2\/media\/11038"}],"wp:attachment":[{"href":"https:\/\/reviva.fi\/fi\/wp-json\/wp\/v2\/media?parent=11043"}],"wp:term":[{"taxonomy":"product_brand","embeddable":true,"href":"https:\/\/reviva.fi\/fi\/wp-json\/wp\/v2\/product_brand?post=11043"},{"taxonomy":"product_cat","embeddable":true,"href":"https:\/\/reviva.fi\/fi\/wp-json\/wp\/v2\/product_cat?post=11043"},{"taxonomy":"product_tag","embeddable":true,"href":"https:\/\/reviva.fi\/fi\/wp-json\/wp\/v2\/product_tag?post=11043"}],"curies":[{"name":"wp","href":"https:\/\/api.w.org\/{rel}","templated":true}]}}