{"id":11063,"date":"2025-02-25T13:54:22","date_gmt":"2025-02-25T11:54:22","guid":{"rendered":"https:\/\/reviva.fi\/product\/bromelain-1250-gdu\/"},"modified":"2026-04-14T18:05:42","modified_gmt":"2026-04-14T15:05:42","slug":"bromelaiini-1250-gdu","status":"publish","type":"product","link":"https:\/\/reviva.fi\/fi\/tuote\/bromelaiini-1250-gdu\/","title":{"rendered":"Bromelaiini 1250 GDU"},"content":{"rendered":"<p><strong>Bromelaiini 1250 GDU<\/strong><\/p>\n<p data-start=\"82\" data-end=\"415\">Bromelain 1250 GDU 60 kapselia on korkealaatuinen entsyymilis\u00e4ravinne, joka sis\u00e4lt\u00e4\u00e4 ananaksen varresta uutettua bromelainia. Jokainen kapseli sis\u00e4lt\u00e4\u00e4 huolellisesti standardoidun entsyymitoiminnan, 1250 GDU.<\/p>\n<ul data-start=\"465\" data-end=\"1030\">\n<li data-start=\"465\" data-end=\"593\"><strong data-start=\"467\" data-end=\"493\">Luonnollinen alkuper\u00e4:<\/strong> Bromelain uutetaan ananaksen varresta, joka on runsaasti luonnollisia entsyymej\u00e4 sis\u00e4lt\u00e4v\u00e4 l\u00e4hde.<\/li>\n<li data-start=\"594\" data-end=\"721\"><strong data-start=\"596\" data-end=\"617\">Entsyymitoiminta:<\/strong> 1250 GDU per kapseli tarjoaa keskittyneen lis\u00e4ravinteen.<\/li>\n<li data-start=\"722\" data-end=\"850\"><strong data-start=\"724\" data-end=\"753\">K\u00e4yt\u00e4nn\u00f6llinen annostelu:<\/strong> Pakkaus sis\u00e4lt\u00e4\u00e4 60 kapselia, mik\u00e4 helpottaa tuotteen sis\u00e4llytt\u00e4mist\u00e4 p\u00e4ivitt\u00e4iseen rutiiniin.<\/li>\n<\/ul>\n","protected":false},"excerpt":{"rendered":"<p><strong data-start=\"0\" data-end=\"33\">Bromelaiini 1250 GDU<br \/>\n<\/strong><br data-start=\"33\" data-end=\"36\" \/>Sis\u00e4lt\u00e4\u00e4 bromelaiinia, jonka entsyymitoiminta on 1250 GDU per kapseli.<\/p>\n<p><strong data-start=\"0\" data-end=\"33\">60 kapselia<\/strong><\/p>\n","protected":false},"featured_media":13701,"comment_status":"closed","ping_status":"closed","template":"","meta":{"_acf_changed":false,"inline_featured_image":false,"_kad_blocks_custom_css":"","_kad_blocks_head_custom_js":"","_kad_blocks_body_custom_js":"","_kad_blocks_footer_custom_js":"","_kadence_starter_templates_imported_post":false,"_kad_post_transparent":"default","_kad_post_title":"","_kad_post_layout":"default","_kad_post_sidebar_id":"","_kad_post_content_style":"default","_kad_post_vertical_padding":"default","_kad_post_feature":"","_kad_post_feature_position":"","_kad_post_header":false,"_kad_post_footer":false},"product_brand":[],"product_cat":[5977,141,5983,2387,2357],"product_tag":[5895,1197,4741,5617,5613,476,4973,5784,5446,3456,3093,4446,2935],"class_list":{"0":"post-11063","1":"product","2":"type-product","3":"status-publish","4":"has-post-thumbnail","6":"product_cat-matsmaltningsenzymer-fi","7":"product_cat-orter-fi","8":"product_cat-kenkou-selfcare-fi","9":"product_cat-mage-och-tarm-fi","10":"product_cat-immunforsvar-fi","11":"product_tag-60-kapslar-fi","12":"product_tag-bromelaiini","13":"product_tag-entsyymiaktiivisuus","14":"product_tag-enzymtillskott-fi","15":"product_tag-halsosam-matsmaltning-fi","16":"product_tag-lisaravinne","17":"product_tag-luonnollinen-alkupera","18":"product_tag-naringsstod-fi","19":"product_tag-naturliga-ingredienser-fi","20":"product_tag-naturligt-extrakt-fi","21":"product_tag-ruoansulatus","22":"product_tag-ruuansulatuksen-tuki","23":"product_tag-tulehdusta-ehkaiseva-fi","25":"first","26":"instock","27":"taxable","28":"shipping-taxable","29":"purchasable","30":"product-type-simple","31":"entry","32":"content-bg","33":"loop-entry"},"acf":[],"yoast_head":"<!-- This site is optimized with the Yoast SEO plugin v25.8 - https:\/\/yoast.com\/wordpress\/plugins\/seo\/ -->\n<title>Bromelaiini 1250 GDU - Reviva<\/title>\n<meta name=\"description\" content=\"Bromelaiini 1250 GDU - Enzymilis\u00e4ravinne, joka on uutettu ananaksen varresta ja tukee proteiinien normaalia hajoamista sek\u00e4 tehokasta ruoansulatusta.\" \/>\n<meta name=\"robots\" content=\"index, follow, max-snippet:-1, max-image-preview:large, max-video-preview:-1\" \/>\n<link rel=\"canonical\" href=\"https:\/\/reviva.fi\/fi\/tuote\/bromelaiini-1250-gdu\/\" \/>\n<meta property=\"og:locale\" content=\"fi_FI\" \/>\n<meta property=\"og:type\" content=\"article\" \/>\n<meta property=\"og:title\" content=\"Bromelaiini 1250 GDU - Reviva\" \/>\n<meta property=\"og:description\" content=\"Bromelaiini 1250 GDU - Enzymilis\u00e4ravinne, joka on uutettu ananaksen varresta ja tukee proteiinien normaalia hajoamista sek\u00e4 tehokasta ruoansulatusta.\" \/>\n<meta property=\"og:url\" content=\"https:\/\/reviva.fi\/fi\/tuote\/bromelaiini-1250-gdu\/\" \/>\n<meta property=\"og:site_name\" content=\"Reviva\" \/>\n<meta property=\"article:modified_time\" content=\"2026-04-14T15:05:42+00:00\" \/>\n<meta property=\"og:image\" content=\"https:\/\/reviva.fi\/wp-content\/uploads\/2025\/02\/141-Bromelain-Photoroom-e1769600830359.png\" \/>\n\t<meta property=\"og:image:width\" content=\"2000\" \/>\n\t<meta property=\"og:image:height\" content=\"1333\" \/>\n\t<meta property=\"og:image:type\" content=\"image\/png\" \/>\n<meta name=\"twitter:card\" content=\"summary_large_image\" \/>\n<script type=\"application\/ld+json\" class=\"yoast-schema-graph\">{\"@context\":\"https:\/\/schema.org\",\"@graph\":[{\"@type\":\"WebPage\",\"@id\":\"https:\/\/reviva.fi\/fi\/tuote\/bromelaiini-1250-gdu\/\",\"url\":\"https:\/\/reviva.fi\/fi\/tuote\/bromelaiini-1250-gdu\/\",\"name\":\"Bromelaiini 1250 GDU - Reviva\",\"isPartOf\":{\"@id\":\"https:\/\/reviva.fi\/fi\/#website\"},\"primaryImageOfPage\":{\"@id\":\"https:\/\/reviva.fi\/fi\/tuote\/bromelaiini-1250-gdu\/#primaryimage\"},\"image\":{\"@id\":\"https:\/\/reviva.fi\/fi\/tuote\/bromelaiini-1250-gdu\/#primaryimage\"},\"thumbnailUrl\":\"https:\/\/reviva.fi\/wp-content\/uploads\/2025\/02\/141-Bromelain-Photoroom-e1769600830359.png\",\"datePublished\":\"2025-02-25T11:54:22+00:00\",\"dateModified\":\"2026-04-14T15:05:42+00:00\",\"description\":\"Bromelaiini 1250 GDU - Enzymilis\u00e4ravinne, joka on uutettu ananaksen varresta ja tukee proteiinien normaalia hajoamista sek\u00e4 tehokasta ruoansulatusta.\",\"breadcrumb\":{\"@id\":\"https:\/\/reviva.fi\/fi\/tuote\/bromelaiini-1250-gdu\/#breadcrumb\"},\"inLanguage\":\"fi\",\"potentialAction\":[{\"@type\":\"ReadAction\",\"target\":[\"https:\/\/reviva.fi\/fi\/tuote\/bromelaiini-1250-gdu\/\"]}]},{\"@type\":\"ImageObject\",\"inLanguage\":\"fi\",\"@id\":\"https:\/\/reviva.fi\/fi\/tuote\/bromelaiini-1250-gdu\/#primaryimage\",\"url\":\"https:\/\/reviva.fi\/wp-content\/uploads\/2025\/02\/141-Bromelain-Photoroom-e1769600830359.png\",\"contentUrl\":\"https:\/\/reviva.fi\/wp-content\/uploads\/2025\/02\/141-Bromelain-Photoroom-e1769600830359.png\",\"width\":2000,\"height\":1333,\"caption\":\"Bromelain\"},{\"@type\":\"BreadcrumbList\",\"@id\":\"https:\/\/reviva.fi\/fi\/tuote\/bromelaiini-1250-gdu\/#breadcrumb\",\"itemListElement\":[{\"@type\":\"ListItem\",\"position\":1,\"name\":\"Etusivu\",\"item\":\"https:\/\/reviva.fi\/fi\/\"},{\"@type\":\"ListItem\",\"position\":2,\"name\":\"Tuotteet\",\"item\":\"https:\/\/reviva.fi\/produkter\/\"},{\"@type\":\"ListItem\",\"position\":3,\"name\":\"Bromelaiini 1250 GDU\"}]},{\"@type\":\"WebSite\",\"@id\":\"https:\/\/reviva.fi\/fi\/#website\",\"url\":\"https:\/\/reviva.fi\/fi\/\",\"name\":\"Reviva\",\"description\":\"\",\"publisher\":{\"@id\":\"https:\/\/reviva.fi\/fi\/#organization\"},\"potentialAction\":[{\"@type\":\"SearchAction\",\"target\":{\"@type\":\"EntryPoint\",\"urlTemplate\":\"https:\/\/reviva.fi\/fi\/?s={search_term_string}\"},\"query-input\":{\"@type\":\"PropertyValueSpecification\",\"valueRequired\":true,\"valueName\":\"search_term_string\"}}],\"inLanguage\":\"fi\"},{\"@type\":\"Organization\",\"@id\":\"https:\/\/reviva.fi\/fi\/#organization\",\"name\":\"Reviva\",\"url\":\"https:\/\/reviva.fi\/fi\/\",\"logo\":{\"@type\":\"ImageObject\",\"inLanguage\":\"fi\",\"@id\":\"https:\/\/reviva.fi\/fi\/#\/schema\/logo\/image\/\",\"url\":\"https:\/\/reviva.fi\/wp-content\/uploads\/2023\/10\/reviva-logo2.svg\",\"contentUrl\":\"https:\/\/reviva.fi\/wp-content\/uploads\/2023\/10\/reviva-logo2.svg\",\"caption\":\"Reviva\"},\"image\":{\"@id\":\"https:\/\/reviva.fi\/fi\/#\/schema\/logo\/image\/\"}}]}<\/script>\n<meta property=\"product:price:amount\" content=\"29.45\" \/>\n<meta property=\"product:price:currency\" content=\"EUR\" \/>\n<meta property=\"og:availability\" content=\"instock\" \/>\n<meta property=\"product:availability\" content=\"instock\" \/>\n<meta property=\"product:retailer_item_id\" content=\"141\" \/>\n<meta property=\"product:condition\" content=\"new\" \/>\n<!-- \/ Yoast SEO plugin. -->","yoast_head_json":{"title":"Bromelaiini 1250 GDU - Reviva","description":"Bromelaiini 1250 GDU - Enzymilis\u00e4ravinne, joka on uutettu ananaksen varresta ja tukee proteiinien normaalia hajoamista sek\u00e4 tehokasta ruoansulatusta.","robots":{"index":"index","follow":"follow","max-snippet":"max-snippet:-1","max-image-preview":"max-image-preview:large","max-video-preview":"max-video-preview:-1"},"canonical":"https:\/\/reviva.fi\/fi\/tuote\/bromelaiini-1250-gdu\/","og_locale":"fi_FI","og_type":"article","og_title":"Bromelaiini 1250 GDU - Reviva","og_description":"Bromelaiini 1250 GDU - Enzymilis\u00e4ravinne, joka on uutettu ananaksen varresta ja tukee proteiinien normaalia hajoamista sek\u00e4 tehokasta ruoansulatusta.","og_url":"https:\/\/reviva.fi\/fi\/tuote\/bromelaiini-1250-gdu\/","og_site_name":"Reviva","article_modified_time":"2026-04-14T15:05:42+00:00","og_image":[{"width":2000,"height":1333,"url":"https:\/\/reviva.fi\/wp-content\/uploads\/2025\/02\/141-Bromelain-Photoroom-e1769600830359.png","type":"image\/png"}],"twitter_card":"summary_large_image","schema":{"@context":"https:\/\/schema.org","@graph":[{"@type":"WebPage","@id":"https:\/\/reviva.fi\/fi\/tuote\/bromelaiini-1250-gdu\/","url":"https:\/\/reviva.fi\/fi\/tuote\/bromelaiini-1250-gdu\/","name":"Bromelaiini 1250 GDU - Reviva","isPartOf":{"@id":"https:\/\/reviva.fi\/fi\/#website"},"primaryImageOfPage":{"@id":"https:\/\/reviva.fi\/fi\/tuote\/bromelaiini-1250-gdu\/#primaryimage"},"image":{"@id":"https:\/\/reviva.fi\/fi\/tuote\/bromelaiini-1250-gdu\/#primaryimage"},"thumbnailUrl":"https:\/\/reviva.fi\/wp-content\/uploads\/2025\/02\/141-Bromelain-Photoroom-e1769600830359.png","datePublished":"2025-02-25T11:54:22+00:00","dateModified":"2026-04-14T15:05:42+00:00","description":"Bromelaiini 1250 GDU - Enzymilis\u00e4ravinne, joka on uutettu ananaksen varresta ja tukee proteiinien normaalia hajoamista sek\u00e4 tehokasta ruoansulatusta.","breadcrumb":{"@id":"https:\/\/reviva.fi\/fi\/tuote\/bromelaiini-1250-gdu\/#breadcrumb"},"inLanguage":"fi","potentialAction":[{"@type":"ReadAction","target":["https:\/\/reviva.fi\/fi\/tuote\/bromelaiini-1250-gdu\/"]}]},{"@type":"ImageObject","inLanguage":"fi","@id":"https:\/\/reviva.fi\/fi\/tuote\/bromelaiini-1250-gdu\/#primaryimage","url":"https:\/\/reviva.fi\/wp-content\/uploads\/2025\/02\/141-Bromelain-Photoroom-e1769600830359.png","contentUrl":"https:\/\/reviva.fi\/wp-content\/uploads\/2025\/02\/141-Bromelain-Photoroom-e1769600830359.png","width":2000,"height":1333,"caption":"Bromelain"},{"@type":"BreadcrumbList","@id":"https:\/\/reviva.fi\/fi\/tuote\/bromelaiini-1250-gdu\/#breadcrumb","itemListElement":[{"@type":"ListItem","position":1,"name":"Etusivu","item":"https:\/\/reviva.fi\/fi\/"},{"@type":"ListItem","position":2,"name":"Tuotteet","item":"https:\/\/reviva.fi\/produkter\/"},{"@type":"ListItem","position":3,"name":"Bromelaiini 1250 GDU"}]},{"@type":"WebSite","@id":"https:\/\/reviva.fi\/fi\/#website","url":"https:\/\/reviva.fi\/fi\/","name":"Reviva","description":"","publisher":{"@id":"https:\/\/reviva.fi\/fi\/#organization"},"potentialAction":[{"@type":"SearchAction","target":{"@type":"EntryPoint","urlTemplate":"https:\/\/reviva.fi\/fi\/?s={search_term_string}"},"query-input":{"@type":"PropertyValueSpecification","valueRequired":true,"valueName":"search_term_string"}}],"inLanguage":"fi"},{"@type":"Organization","@id":"https:\/\/reviva.fi\/fi\/#organization","name":"Reviva","url":"https:\/\/reviva.fi\/fi\/","logo":{"@type":"ImageObject","inLanguage":"fi","@id":"https:\/\/reviva.fi\/fi\/#\/schema\/logo\/image\/","url":"https:\/\/reviva.fi\/wp-content\/uploads\/2023\/10\/reviva-logo2.svg","contentUrl":"https:\/\/reviva.fi\/wp-content\/uploads\/2023\/10\/reviva-logo2.svg","caption":"Reviva"},"image":{"@id":"https:\/\/reviva.fi\/fi\/#\/schema\/logo\/image\/"}}]},"product_price_amount":"29.45","product_price_currency":"EUR","og_availability":"instock","product_availability":"instock","product_retailer_item_id":"141","product_condition":"new"},"taxonomy_info":{"product_cat":[{"value":5977,"label":"Ruoansulatusentsyymit"},{"value":141,"label":"Yrtit"},{"value":5983,"label":"Kenkou Selfcare"},{"value":2387,"label":"Maha &amp; Suolisto"},{"value":2357,"label":"Immuunipuolustus"}],"product_tag":[{"value":5895,"label":"60 kapslar"},{"value":1197,"label":"bromelaiini"},{"value":4741,"label":"entsyymiaktiivisuus"},{"value":5617,"label":"enzymtillskott"},{"value":5613,"label":"h\u00e4lsosam matsm\u00e4ltning"},{"value":476,"label":"lis\u00e4ravinne"},{"value":4973,"label":"Luonnollinen alkuper\u00e4"},{"value":5784,"label":"n\u00e4ringsst\u00f6d"},{"value":5446,"label":"naturliga ingredienser"},{"value":3456,"label":"Naturligt extrakt"},{"value":3093,"label":"ruoansulatus"},{"value":4446,"label":"ruuansulatuksen tuki"},{"value":2935,"label":"Tulehdusta ehk\u00e4isev\u00e4"}]},"featured_image_src_large":["https:\/\/reviva.fi\/wp-content\/uploads\/2025\/02\/141-Bromelain-Photoroom-1024x682.png",1024,682,true],"author_info":[],"comment_info":0,"_links":{"self":[{"href":"https:\/\/reviva.fi\/fi\/wp-json\/wp\/v2\/product\/11063","targetHints":{"allow":["GET"]}}],"collection":[{"href":"https:\/\/reviva.fi\/fi\/wp-json\/wp\/v2\/product"}],"about":[{"href":"https:\/\/reviva.fi\/fi\/wp-json\/wp\/v2\/types\/product"}],"replies":[{"embeddable":true,"href":"https:\/\/reviva.fi\/fi\/wp-json\/wp\/v2\/comments?post=11063"}],"wp:featuredmedia":[{"embeddable":true,"href":"https:\/\/reviva.fi\/fi\/wp-json\/wp\/v2\/media\/13701"}],"wp:attachment":[{"href":"https:\/\/reviva.fi\/fi\/wp-json\/wp\/v2\/media?parent=11063"}],"wp:term":[{"taxonomy":"product_brand","embeddable":true,"href":"https:\/\/reviva.fi\/fi\/wp-json\/wp\/v2\/product_brand?post=11063"},{"taxonomy":"product_cat","embeddable":true,"href":"https:\/\/reviva.fi\/fi\/wp-json\/wp\/v2\/product_cat?post=11063"},{"taxonomy":"product_tag","embeddable":true,"href":"https:\/\/reviva.fi\/fi\/wp-json\/wp\/v2\/product_tag?post=11063"}],"curies":[{"name":"wp","href":"https:\/\/api.w.org\/{rel}","templated":true}]}}