{"id":11283,"date":"2025-03-04T09:16:51","date_gmt":"2025-03-04T07:16:51","guid":{"rendered":"https:\/\/reviva.fi\/product\/curcumin-ultra-lamberts-2\/"},"modified":"2025-03-04T12:44:42","modified_gmt":"2025-03-04T10:44:42","slug":"curcumin-ultra-lamberts-2","status":"publish","type":"product","link":"https:\/\/reviva.fi\/fi\/tuote\/curcumin-ultra-lamberts-2\/","title":{"rendered":"Kurkumiini Ultra + &#8211; Lamberts"},"content":{"rendered":"<p>Kurkumiini Ultra + &#8211; Lamberts<\/p>\n<p data-start=\"0\" data-end=\"298\"><strong data-start=\"0\" data-end=\"31\">Lamberts Kurkumiini Ultra +<\/strong> sis\u00e4lt\u00e4\u00e4 teknisesti edistyksellist\u00e4 kurkumauutetta, joka on erityisesti k\u00e4sitelty parantamaan sen imeytymist\u00e4 ruoansulatusj\u00e4rjestelm\u00e4ss\u00e4 merkitt\u00e4v\u00e4sti. Jokainen kapseli sis\u00e4lt\u00e4\u00e4 50 mg kurkuminoideja samassa luonnollisessa profiilissa kuin ne esiintyv\u00e4t kurkumassa.<\/p>\n<p data-start=\"300\" data-end=\"525\">Yksi tunnetuimmista kurkumiinin haasteista on sen heikko liukenevuus veteen, mik\u00e4 rajoittaa merkitt\u00e4v\u00e4sti sen imeytymist\u00e4 elimist\u00f6ss\u00e4. T\u00e4m\u00e4n vuoksi olemme valinneet tarkoin kurkumauutteen, jonka imeytymiskyky on parannettu.<\/p>\n<p data-start=\"527\" data-end=\"842\"><strong data-start=\"527\" data-end=\"558\">Lamberts Kurkumiini Ultra +<\/strong> sis\u00e4lt\u00e4\u00e4 <strong data-start=\"568\" data-end=\"588\">CurcuWIN Ultra +<\/strong> -uutetta, joka valmistetaan patentoidulla <strong data-start=\"631\" data-end=\"657\">UltraSOL-teknologialla<\/strong>. T\u00e4m\u00e4 molekyylitason dispergointiprosessi parantaa huonosti imeytyvien ravintoaineiden biologista hy\u00f6tyosuutta ja lis\u00e4\u00e4 rasvaliukoisten aineiden, kuten kurkumiinin, vesiliukoisuutta.<\/p>\n<p data-start=\"844\" data-end=\"974\" data-is-last-node=\"\" data-is-only-node=\"\">T\u00e4h\u00e4n p\u00e4ivitettyyn koostumukseen on lis\u00e4tty my\u00f6s <strong data-start=\"893\" data-end=\"915\">C- ja D-vitamiinia<\/strong> tukemaan rustojen, luiden ja lihasten normaalia toimintaa.<\/p>\n","protected":false},"excerpt":{"rendered":"<ul>\n<li>Teknisesti edistyksellinen kurkumauute, joka sis\u00e4lt\u00e4\u00e4 50 mg kurkuminoideja per kapseli<\/li>\n<li>144 kertaa paremmin imeytyv\u00e4 kuin tavalliset kurkumauutteet<\/li>\n<li>S\u00e4ilytt\u00e4\u00e4 saman kurkuminoidiprofiilin kuin luonnollisessa kurkumassa<\/li>\n<li>Valmistettu hienostuneella prosessilla<\/li>\n<li>Yksi tabletti p\u00e4iv\u00e4ss\u00e4 -helppok\u00e4ytt\u00f6inen koostumus<\/li>\n<li>Sis\u00e4lt\u00e4\u00e4 C- ja D-vitamiinia<\/li>\n<li>Tukee rustojen, luiden ja lihasten normaalia toimintaa<\/li>\n<\/ul>\n<p><strong>60 Tablettia<\/strong><\/p>\n<ul>\n<li style=\"list-style-type: none;\"><\/li>\n<\/ul>\n","protected":false},"featured_media":11281,"comment_status":"closed","ping_status":"closed","template":"","meta":{"_acf_changed":false,"inline_featured_image":false,"_kad_blocks_custom_css":"","_kad_blocks_head_custom_js":"","_kad_blocks_body_custom_js":"","_kad_blocks_footer_custom_js":"","_kadence_starter_templates_imported_post":false,"_kad_post_transparent":"default","_kad_post_title":"","_kad_post_layout":"default","_kad_post_sidebar_id":"","_kad_post_content_style":"default","_kad_post_vertical_padding":"default","_kad_post_feature":"","_kad_post_feature_position":"","_kad_post_header":false,"_kad_post_footer":false},"product_brand":[],"product_cat":[141,2444,2371,2383],"product_tag":[5438,1627,5439,5440,5441,5442,5443,5444,476,5445,5446,5447,4904,4941,5448],"class_list":{"0":"post-11283","1":"product","2":"type-product","3":"status-publish","4":"has-post-thumbnail","6":"product_cat-orter-fi","7":"product_cat-lamberts-fi","8":"product_cat-muskler-och-leder-fi","9":"product_cat-hjarna-och-minne-fi","10":"product_tag-ekologiska-produkter-fi","11":"product_tag-elpyminen","12":"product_tag-energigivande-produkter-fi","13":"product_tag-halsosam-livsstil-fi","14":"product_tag-halsotillskott-fi","15":"product_tag-halsovard-fi","16":"product_tag-holistic-health-fi","17":"product_tag-kvalitetsprodukter-fi","18":"product_tag-lisaravinne","19":"product_tag-livskraft-fi","20":"product_tag-naturliga-ingredienser-fi","21":"product_tag-naturliga-produkter-fi","22":"product_tag-terveysruokaa","23":"product_tag-vegaani-ystavallinen","24":"product_tag-vitaminer-och-mineraler-fi","26":"first","27":"instock","28":"taxable","29":"shipping-taxable","30":"purchasable","31":"product-type-simple","32":"entry","33":"content-bg","34":"loop-entry"},"acf":[],"yoast_head":"<!-- This site is optimized with the Yoast SEO plugin v25.8 - https:\/\/yoast.com\/wordpress\/plugins\/seo\/ -->\n<title>Kurkumiini Ultra + - Lamberts - Reviva<\/title>\n<meta name=\"description\" content=\"Lamberts\u00ae Curcumin Ultra+ on teknisesti edistyksellinen kurkumauute, joka on kehitetty merkitt\u00e4v\u00e4sti parantamaan sen imeytymist\u00e4 elimist\u00f6ss\u00e4.\" \/>\n<meta name=\"robots\" content=\"index, follow, max-snippet:-1, max-image-preview:large, max-video-preview:-1\" \/>\n<link rel=\"canonical\" href=\"https:\/\/reviva.fi\/fi\/tuote\/curcumin-ultra-lamberts-2\/\" \/>\n<meta property=\"og:locale\" content=\"fi_FI\" \/>\n<meta property=\"og:type\" content=\"article\" \/>\n<meta property=\"og:title\" content=\"Kurkumiini Ultra + - Lamberts - Reviva\" \/>\n<meta property=\"og:description\" content=\"Lamberts\u00ae Curcumin Ultra+ on teknisesti edistyksellinen kurkumauute, joka on kehitetty merkitt\u00e4v\u00e4sti parantamaan sen imeytymist\u00e4 elimist\u00f6ss\u00e4.\" \/>\n<meta property=\"og:url\" content=\"https:\/\/reviva.fi\/fi\/tuote\/curcumin-ultra-lamberts-2\/\" \/>\n<meta property=\"og:site_name\" content=\"Reviva\" \/>\n<meta property=\"article:modified_time\" content=\"2025-03-04T10:44:42+00:00\" \/>\n<meta property=\"og:image\" content=\"https:\/\/reviva.fi\/wp-content\/uploads\/2025\/03\/8591-Curcumin-ultra-plus.jpg\" \/>\n\t<meta property=\"og:image:width\" content=\"780\" \/>\n\t<meta property=\"og:image:height\" content=\"780\" \/>\n\t<meta property=\"og:image:type\" content=\"image\/jpeg\" \/>\n<meta name=\"twitter:card\" content=\"summary_large_image\" \/>\n<script type=\"application\/ld+json\" class=\"yoast-schema-graph\">{\"@context\":\"https:\/\/schema.org\",\"@graph\":[{\"@type\":\"WebPage\",\"@id\":\"https:\/\/reviva.fi\/fi\/tuote\/curcumin-ultra-lamberts-2\/\",\"url\":\"https:\/\/reviva.fi\/fi\/tuote\/curcumin-ultra-lamberts-2\/\",\"name\":\"Kurkumiini Ultra + - Lamberts - Reviva\",\"isPartOf\":{\"@id\":\"https:\/\/reviva.fi\/fi\/#website\"},\"primaryImageOfPage\":{\"@id\":\"https:\/\/reviva.fi\/fi\/tuote\/curcumin-ultra-lamberts-2\/#primaryimage\"},\"image\":{\"@id\":\"https:\/\/reviva.fi\/fi\/tuote\/curcumin-ultra-lamberts-2\/#primaryimage\"},\"thumbnailUrl\":\"https:\/\/reviva.fi\/wp-content\/uploads\/2025\/03\/8591-Curcumin-ultra-plus.jpg\",\"datePublished\":\"2025-03-04T07:16:51+00:00\",\"dateModified\":\"2025-03-04T10:44:42+00:00\",\"description\":\"Lamberts\u00ae Curcumin Ultra+ on teknisesti edistyksellinen kurkumauute, joka on kehitetty merkitt\u00e4v\u00e4sti parantamaan sen imeytymist\u00e4 elimist\u00f6ss\u00e4.\",\"breadcrumb\":{\"@id\":\"https:\/\/reviva.fi\/fi\/tuote\/curcumin-ultra-lamberts-2\/#breadcrumb\"},\"inLanguage\":\"fi\",\"potentialAction\":[{\"@type\":\"ReadAction\",\"target\":[\"https:\/\/reviva.fi\/fi\/tuote\/curcumin-ultra-lamberts-2\/\"]}]},{\"@type\":\"ImageObject\",\"inLanguage\":\"fi\",\"@id\":\"https:\/\/reviva.fi\/fi\/tuote\/curcumin-ultra-lamberts-2\/#primaryimage\",\"url\":\"https:\/\/reviva.fi\/wp-content\/uploads\/2025\/03\/8591-Curcumin-ultra-plus.jpg\",\"contentUrl\":\"https:\/\/reviva.fi\/wp-content\/uploads\/2025\/03\/8591-Curcumin-ultra-plus.jpg\",\"width\":780,\"height\":780,\"caption\":\"Kurkumiini Ultra + - Lamberts\"},{\"@type\":\"BreadcrumbList\",\"@id\":\"https:\/\/reviva.fi\/fi\/tuote\/curcumin-ultra-lamberts-2\/#breadcrumb\",\"itemListElement\":[{\"@type\":\"ListItem\",\"position\":1,\"name\":\"Etusivu\",\"item\":\"https:\/\/reviva.fi\/fi\/\"},{\"@type\":\"ListItem\",\"position\":2,\"name\":\"Tuotteet\",\"item\":\"https:\/\/reviva.fi\/produkter\/\"},{\"@type\":\"ListItem\",\"position\":3,\"name\":\"Kurkumiini Ultra + &#8211; Lamberts\"}]},{\"@type\":\"WebSite\",\"@id\":\"https:\/\/reviva.fi\/fi\/#website\",\"url\":\"https:\/\/reviva.fi\/fi\/\",\"name\":\"Reviva\",\"description\":\"\",\"publisher\":{\"@id\":\"https:\/\/reviva.fi\/fi\/#organization\"},\"potentialAction\":[{\"@type\":\"SearchAction\",\"target\":{\"@type\":\"EntryPoint\",\"urlTemplate\":\"https:\/\/reviva.fi\/fi\/?s={search_term_string}\"},\"query-input\":{\"@type\":\"PropertyValueSpecification\",\"valueRequired\":true,\"valueName\":\"search_term_string\"}}],\"inLanguage\":\"fi\"},{\"@type\":\"Organization\",\"@id\":\"https:\/\/reviva.fi\/fi\/#organization\",\"name\":\"Reviva\",\"url\":\"https:\/\/reviva.fi\/fi\/\",\"logo\":{\"@type\":\"ImageObject\",\"inLanguage\":\"fi\",\"@id\":\"https:\/\/reviva.fi\/fi\/#\/schema\/logo\/image\/\",\"url\":\"https:\/\/reviva.fi\/wp-content\/uploads\/2023\/10\/reviva-logo2.svg\",\"contentUrl\":\"https:\/\/reviva.fi\/wp-content\/uploads\/2023\/10\/reviva-logo2.svg\",\"caption\":\"Reviva\"},\"image\":{\"@id\":\"https:\/\/reviva.fi\/fi\/#\/schema\/logo\/image\/\"}}]}<\/script>\n<meta property=\"product:price:amount\" content=\"58.40\" \/>\n<meta property=\"product:price:currency\" content=\"EUR\" \/>\n<meta property=\"og:availability\" content=\"instock\" \/>\n<meta property=\"product:availability\" content=\"instock\" \/>\n<meta property=\"product:retailer_item_id\" content=\"8591-60\" \/>\n<meta property=\"product:condition\" content=\"new\" \/>\n<!-- \/ Yoast SEO plugin. -->","yoast_head_json":{"title":"Kurkumiini Ultra + - Lamberts - Reviva","description":"Lamberts\u00ae Curcumin Ultra+ on teknisesti edistyksellinen kurkumauute, joka on kehitetty merkitt\u00e4v\u00e4sti parantamaan sen imeytymist\u00e4 elimist\u00f6ss\u00e4.","robots":{"index":"index","follow":"follow","max-snippet":"max-snippet:-1","max-image-preview":"max-image-preview:large","max-video-preview":"max-video-preview:-1"},"canonical":"https:\/\/reviva.fi\/fi\/tuote\/curcumin-ultra-lamberts-2\/","og_locale":"fi_FI","og_type":"article","og_title":"Kurkumiini Ultra + - Lamberts - Reviva","og_description":"Lamberts\u00ae Curcumin Ultra+ on teknisesti edistyksellinen kurkumauute, joka on kehitetty merkitt\u00e4v\u00e4sti parantamaan sen imeytymist\u00e4 elimist\u00f6ss\u00e4.","og_url":"https:\/\/reviva.fi\/fi\/tuote\/curcumin-ultra-lamberts-2\/","og_site_name":"Reviva","article_modified_time":"2025-03-04T10:44:42+00:00","og_image":[{"width":780,"height":780,"url":"https:\/\/reviva.fi\/wp-content\/uploads\/2025\/03\/8591-Curcumin-ultra-plus.jpg","type":"image\/jpeg"}],"twitter_card":"summary_large_image","schema":{"@context":"https:\/\/schema.org","@graph":[{"@type":"WebPage","@id":"https:\/\/reviva.fi\/fi\/tuote\/curcumin-ultra-lamberts-2\/","url":"https:\/\/reviva.fi\/fi\/tuote\/curcumin-ultra-lamberts-2\/","name":"Kurkumiini Ultra + - Lamberts - Reviva","isPartOf":{"@id":"https:\/\/reviva.fi\/fi\/#website"},"primaryImageOfPage":{"@id":"https:\/\/reviva.fi\/fi\/tuote\/curcumin-ultra-lamberts-2\/#primaryimage"},"image":{"@id":"https:\/\/reviva.fi\/fi\/tuote\/curcumin-ultra-lamberts-2\/#primaryimage"},"thumbnailUrl":"https:\/\/reviva.fi\/wp-content\/uploads\/2025\/03\/8591-Curcumin-ultra-plus.jpg","datePublished":"2025-03-04T07:16:51+00:00","dateModified":"2025-03-04T10:44:42+00:00","description":"Lamberts\u00ae Curcumin Ultra+ on teknisesti edistyksellinen kurkumauute, joka on kehitetty merkitt\u00e4v\u00e4sti parantamaan sen imeytymist\u00e4 elimist\u00f6ss\u00e4.","breadcrumb":{"@id":"https:\/\/reviva.fi\/fi\/tuote\/curcumin-ultra-lamberts-2\/#breadcrumb"},"inLanguage":"fi","potentialAction":[{"@type":"ReadAction","target":["https:\/\/reviva.fi\/fi\/tuote\/curcumin-ultra-lamberts-2\/"]}]},{"@type":"ImageObject","inLanguage":"fi","@id":"https:\/\/reviva.fi\/fi\/tuote\/curcumin-ultra-lamberts-2\/#primaryimage","url":"https:\/\/reviva.fi\/wp-content\/uploads\/2025\/03\/8591-Curcumin-ultra-plus.jpg","contentUrl":"https:\/\/reviva.fi\/wp-content\/uploads\/2025\/03\/8591-Curcumin-ultra-plus.jpg","width":780,"height":780,"caption":"Kurkumiini Ultra + - Lamberts"},{"@type":"BreadcrumbList","@id":"https:\/\/reviva.fi\/fi\/tuote\/curcumin-ultra-lamberts-2\/#breadcrumb","itemListElement":[{"@type":"ListItem","position":1,"name":"Etusivu","item":"https:\/\/reviva.fi\/fi\/"},{"@type":"ListItem","position":2,"name":"Tuotteet","item":"https:\/\/reviva.fi\/produkter\/"},{"@type":"ListItem","position":3,"name":"Kurkumiini Ultra + &#8211; Lamberts"}]},{"@type":"WebSite","@id":"https:\/\/reviva.fi\/fi\/#website","url":"https:\/\/reviva.fi\/fi\/","name":"Reviva","description":"","publisher":{"@id":"https:\/\/reviva.fi\/fi\/#organization"},"potentialAction":[{"@type":"SearchAction","target":{"@type":"EntryPoint","urlTemplate":"https:\/\/reviva.fi\/fi\/?s={search_term_string}"},"query-input":{"@type":"PropertyValueSpecification","valueRequired":true,"valueName":"search_term_string"}}],"inLanguage":"fi"},{"@type":"Organization","@id":"https:\/\/reviva.fi\/fi\/#organization","name":"Reviva","url":"https:\/\/reviva.fi\/fi\/","logo":{"@type":"ImageObject","inLanguage":"fi","@id":"https:\/\/reviva.fi\/fi\/#\/schema\/logo\/image\/","url":"https:\/\/reviva.fi\/wp-content\/uploads\/2023\/10\/reviva-logo2.svg","contentUrl":"https:\/\/reviva.fi\/wp-content\/uploads\/2023\/10\/reviva-logo2.svg","caption":"Reviva"},"image":{"@id":"https:\/\/reviva.fi\/fi\/#\/schema\/logo\/image\/"}}]},"product_price_amount":"58.40","product_price_currency":"EUR","og_availability":"instock","product_availability":"instock","product_retailer_item_id":"8591-60","product_condition":"new"},"taxonomy_info":{"product_cat":[{"value":141,"label":"Yrtit"},{"value":2444,"label":"Lamberts"},{"value":2371,"label":"Nivelet &amp; Lihakset"},{"value":2383,"label":"Aivot &amp; Muisti"}],"product_tag":[{"value":5438,"label":"Ekologiska produkter"},{"value":1627,"label":"elpyminen"},{"value":5439,"label":"Energigivande Produkter"},{"value":5440,"label":"H\u00e4lsosam Livsstil"},{"value":5441,"label":"H\u00e4lsotillskott"},{"value":5442,"label":"H\u00e4lsov\u00e5rd"},{"value":5443,"label":"Holistic Health"},{"value":5444,"label":"Kvalitetsprodukter"},{"value":476,"label":"lis\u00e4ravinne"},{"value":5445,"label":"Livskraft"},{"value":5446,"label":"naturliga ingredienser"},{"value":5447,"label":"Naturliga Produkter"},{"value":4904,"label":"Terveysruokaa"},{"value":4941,"label":"Vegaani yst\u00e4v\u00e4llinen"},{"value":5448,"label":"Vitaminer och Mineraler"}]},"featured_image_src_large":["https:\/\/reviva.fi\/wp-content\/uploads\/2025\/03\/8591-Curcumin-ultra-plus.jpg",780,780,false],"author_info":[],"comment_info":0,"_links":{"self":[{"href":"https:\/\/reviva.fi\/fi\/wp-json\/wp\/v2\/product\/11283","targetHints":{"allow":["GET"]}}],"collection":[{"href":"https:\/\/reviva.fi\/fi\/wp-json\/wp\/v2\/product"}],"about":[{"href":"https:\/\/reviva.fi\/fi\/wp-json\/wp\/v2\/types\/product"}],"replies":[{"embeddable":true,"href":"https:\/\/reviva.fi\/fi\/wp-json\/wp\/v2\/comments?post=11283"}],"wp:featuredmedia":[{"embeddable":true,"href":"https:\/\/reviva.fi\/fi\/wp-json\/wp\/v2\/media\/11281"}],"wp:attachment":[{"href":"https:\/\/reviva.fi\/fi\/wp-json\/wp\/v2\/media?parent=11283"}],"wp:term":[{"taxonomy":"product_brand","embeddable":true,"href":"https:\/\/reviva.fi\/fi\/wp-json\/wp\/v2\/product_brand?post=11283"},{"taxonomy":"product_cat","embeddable":true,"href":"https:\/\/reviva.fi\/fi\/wp-json\/wp\/v2\/product_cat?post=11283"},{"taxonomy":"product_tag","embeddable":true,"href":"https:\/\/reviva.fi\/fi\/wp-json\/wp\/v2\/product_tag?post=11283"}],"curies":[{"name":"wp","href":"https:\/\/api.w.org\/{rel}","templated":true}]}}