{"id":11299,"date":"2025-03-04T08:56:04","date_gmt":"2025-03-04T06:56:04","guid":{"rendered":"https:\/\/reviva.fi\/product\/garlic-8250mg-lamberts\/"},"modified":"2025-03-04T13:38:24","modified_gmt":"2025-03-04T11:38:24","slug":"garlic-8250mg-lamberts","status":"publish","type":"product","link":"https:\/\/reviva.fi\/fi\/tuote\/garlic-8250mg-lamberts\/","title":{"rendered":"Valkosipuli 8250 mg &#8211; Lamberts"},"content":{"rendered":"<div class=\"flex max-w-full flex-col flex-grow\">\n<div class=\"min-h-8 text-message relative flex w-full flex-col items-end gap-2 whitespace-normal break-words text-start [.text-message+&amp;]:mt-5\" dir=\"auto\" data-message-author-role=\"assistant\" data-message-id=\"7dca8fe7-ff84-46ee-9e4f-479421476a06\" data-message-model-slug=\"gpt-4o\">\n<div class=\"flex w-full flex-col gap-1 empty:hidden first:pt-[3px]\">\n<div class=\"markdown prose w-full break-words dark:prose-invert light\">\n<p data-start=\"0\" data-end=\"34\" data-is-last-node=\"\" data-is-only-node=\"\"><strong data-start=\"0\" data-end=\"34\" data-is-last-node=\"\" data-is-only-node=\"\">Valkosipuli 8250 mg &#8211; Lamberts<\/strong><\/p>\n<\/div>\n<\/div>\n<\/div>\n<\/div>\n<div class=\"mb-2 flex gap-3 -ml-2\" tabindex=\"0\">\n<div class=\"items-center justify-start rounded-xl p-1 flex\">\n<div class=\"flex items-center\">\n<div class=\"flex items-center pb-0\"><\/div>\n<\/div>\n<\/div>\n<\/div>\n<p data-start=\"0\" data-end=\"220\"><strong data-start=\"0\" data-end=\"33\">Lamberts\u00ae Valkosipuli 8250 mg<\/strong> on <strong data-start=\"37\" data-end=\"62\">vahva valkosipulilis\u00e4<\/strong>, joka on huolellisesti valmistettu s\u00e4ilytt\u00e4m\u00e4\u00e4n sen <strong data-start=\"115\" data-end=\"139\" data-is-only-node=\"\">aktiiviset yhdisteet<\/strong>. Lis\u00e4ksi tableteissa on erityinen p\u00e4\u00e4llyste, joka v\u00e4hent\u00e4\u00e4 valkosipulin hajua.<\/p>\n<p data-start=\"222\" data-end=\"749\">\u2714 <strong data-start=\"224\" data-end=\"242\">Korkea vahvuus<\/strong> \u2013 Jokainen tabletti vastaa <strong data-start=\"270\" data-end=\"303\">8250 mg tuoretta valkosipulia<\/strong> ja sis\u00e4lt\u00e4\u00e4 <strong data-start=\"316\" data-end=\"349\">5500 \u00b5g allisiinipotentiaalia<\/strong>.<br data-start=\"350\" data-end=\"353\" \/>\u2714 <strong data-start=\"355\" data-end=\"387\">Luonnollinen ravintoprofiili<\/strong> \u2013 L\u00e4hemp\u00e4n\u00e4 <strong data-start=\"400\" data-end=\"423\">raakaa valkosipulia<\/strong> kuin monet edullisemmat merkit markkinoilla.<br data-start=\"468\" data-end=\"471\" \/>\u2714 <strong data-start=\"473\" data-end=\"499\">Rikas rikkiyhdisteiss\u00e4<\/strong>, erityisesti alliinissa, joka muuttuu <strong data-start=\"538\" data-end=\"554\">allisiiniksi<\/strong>, kun valkosipuli murskataan tai pureskellaan.<br data-start=\"600\" data-end=\"603\" \/>\u2714 <strong data-start=\"605\" data-end=\"637\">Sopii p\u00e4ivitt\u00e4iseen k\u00e4ytt\u00f6\u00f6n<\/strong> \u2013 Pitk\u00e4aikainen k\u00e4ytt\u00f6 on turvallista, mutta <strong data-start=\"683\" data-end=\"746\">kolesteroliongelmissa tasot tulisi tarkistaa s\u00e4\u00e4nn\u00f6llisesti<\/strong>.<\/p>\n<p data-start=\"751\" data-end=\"924\" data-is-last-node=\"\" data-is-only-node=\"\"><strong data-start=\"751\" data-end=\"824\">Valkosipulia on k\u00e4ytetty vuosisatojen ajan sen terveyshy\u00f6tyjen vuoksi<\/strong>, ja t\u00e4m\u00e4 korkealaatuinen tabletti tarjoaa <strong data-start=\"867\" data-end=\"903\">tehokkaan ja hajuttoman annoksen<\/strong> helposti joka p\u00e4iv\u00e4.<\/p>\n","protected":false},"excerpt":{"rendered":"<p data-start=\"0\" data-end=\"51\"><strong data-start=\"0\" data-end=\"49\">Valkosipulikompleksi \u2013 Vahvatehoiset tabletit<\/strong><\/p>\n<p data-start=\"53\" data-end=\"534\">\u2714 <strong data-start=\"55\" data-end=\"74\">Vahva koostumus<\/strong> \u2013 Huolellisesti kehitetty s\u00e4ilytt\u00e4m\u00e4\u00e4n aktiiviset yhdisteet.<br data-start=\"135\" data-end=\"138\" \/>\u2714 <strong data-start=\"140\" data-end=\"198\" data-is-only-node=\"\">Jokainen tabletti vastaa 8250 mg tuoretta valkosipulia<\/strong>, sis\u00e4lt\u00e4en <strong data-start=\"210\" data-end=\"243\">5500 \u00b5g allisiinipotentiaalia<\/strong>.<br data-start=\"244\" data-end=\"247\" \/>\u2714 <strong data-start=\"249\" data-end=\"277\">Sis\u00e4lt\u00e4\u00e4 rikkiyhdisteit\u00e4<\/strong>, kuten alliinia, jonka uskotaan olevan avain valkosipulin terveyshy\u00f6tyihin.<br data-start=\"353\" data-end=\"356\" \/>\u2714 <strong data-start=\"358\" data-end=\"384\">Yksi tabletti p\u00e4iv\u00e4ss\u00e4<\/strong> \u2013 Helppo ja k\u00e4tev\u00e4 annostus.<br data-start=\"413\" data-end=\"416\" \/>\u2714 <strong data-start=\"418\" data-end=\"446\">Sopii jatkuvaan k\u00e4ytt\u00f6\u00f6n<\/strong>, mutta kolesterolitasojen hallintaan k\u00e4ytett\u00e4ess\u00e4 ne tulisi tarkistaa s\u00e4\u00e4nn\u00f6llisesti.<\/p>\n<p data-start=\"536\" data-end=\"706\"><strong data-start=\"536\" data-end=\"613\">Valkosipuli on pitk\u00e4\u00e4n arvostettu sen mahdollisten terveyshy\u00f6tyjen vuoksi<\/strong>, ja t\u00e4m\u00e4 <strong data-start=\"623\" data-end=\"653\">vahvakonsentroitu tabletti<\/strong> tekee p\u00e4ivitt\u00e4isen annoksen saamisesta vaivatonta.<\/p>\n<p data-start=\"708\" data-end=\"724\" data-is-last-node=\"\" data-is-only-node=\"\"><strong data-start=\"708\" data-end=\"724\" data-is-last-node=\"\">60 tablettia<\/strong><\/p>\n","protected":false},"featured_media":11265,"comment_status":"closed","ping_status":"closed","template":"","meta":{"_acf_changed":false,"inline_featured_image":false,"_kad_blocks_custom_css":"","_kad_blocks_head_custom_js":"","_kad_blocks_body_custom_js":"","_kad_blocks_footer_custom_js":"","_kadence_starter_templates_imported_post":false,"_kad_post_transparent":"default","_kad_post_title":"","_kad_post_layout":"default","_kad_post_sidebar_id":"","_kad_post_content_style":"default","_kad_post_vertical_padding":"default","_kad_post_feature":"","_kad_post_feature_position":"","_kad_post_header":false,"_kad_post_footer":false},"product_brand":[],"product_cat":[141,2444,2357],"product_tag":[5492,5493,5482,5494,5495,5496,5473,5497,476,5498,5499,3632,4419,5480,5467,5500],"class_list":{"0":"post-11299","1":"product","2":"type-product","3":"status-publish","4":"has-post-thumbnail","6":"product_cat-orter-fi","7":"product_cat-lamberts-fi","8":"product_cat-immunforsvar-fi","9":"product_tag-8250-mg-vitlok-per-tablett-fi","10":"product_tag-allicinpotential-5500-g-fi","11":"product_tag-antioxidativt-stod-fi","12":"product_tag-blodcirkulation-fi","13":"product_tag-en-tablett-per-dag-fi","14":"product_tag-forbattrad-absorption-fi","15":"product_tag-gmp-standarder-fi","16":"product_tag-hogpotent-fi","17":"product_tag-lisaravinne","18":"product_tag-minskar-odor-fi","19":"product_tag-naturliga-svavelkomponenter-fi","20":"product_tag-stod-for-immunforsvaret-fi","21":"product_tag-sydanterveytta","22":"product_tag-tillverkat-i-storbritannien-fi","23":"product_tag-vegansk-vanlig-fi","24":"product_tag-vitloksextrakt-fi","26":"first","27":"instock","28":"taxable","29":"shipping-taxable","30":"purchasable","31":"product-type-simple","32":"entry","33":"content-bg","34":"loop-entry"},"acf":[],"yoast_head":"<!-- This site is optimized with the Yoast SEO plugin v25.8 - https:\/\/yoast.com\/wordpress\/plugins\/seo\/ -->\n<title>Valkosipuli 8250 mg - Lamberts - Reviva<\/title>\n<meta name=\"description\" content=\"Valkosipuli 8250 mg - Lamberts on vahva valkosipulitabletti, jonka allisiinipotentiaali on 5500 \u00b5g. Erityisesti kehitetty s\u00e4ilytt\u00e4m\u00e4\u00e4n aktiiviset yhdisteet.\" \/>\n<meta name=\"robots\" content=\"index, follow, max-snippet:-1, max-image-preview:large, max-video-preview:-1\" \/>\n<link rel=\"canonical\" href=\"https:\/\/reviva.fi\/fi\/tuote\/garlic-8250mg-lamberts\/\" \/>\n<meta property=\"og:locale\" content=\"fi_FI\" \/>\n<meta property=\"og:type\" content=\"article\" \/>\n<meta property=\"og:title\" content=\"Valkosipuli 8250 mg - Lamberts - Reviva\" \/>\n<meta property=\"og:description\" content=\"Valkosipuli 8250 mg - Lamberts on vahva valkosipulitabletti, jonka allisiinipotentiaali on 5500 \u00b5g. Erityisesti kehitetty s\u00e4ilytt\u00e4m\u00e4\u00e4n aktiiviset yhdisteet.\" \/>\n<meta property=\"og:url\" content=\"https:\/\/reviva.fi\/fi\/tuote\/garlic-8250mg-lamberts\/\" \/>\n<meta property=\"og:site_name\" content=\"Reviva\" \/>\n<meta property=\"article:modified_time\" content=\"2025-03-04T11:38:24+00:00\" \/>\n<meta property=\"og:image\" content=\"https:\/\/reviva.fi\/wp-content\/uploads\/2025\/03\/8585-garlic-85254.jpg\" \/>\n\t<meta property=\"og:image:width\" content=\"780\" \/>\n\t<meta property=\"og:image:height\" content=\"780\" \/>\n\t<meta property=\"og:image:type\" content=\"image\/jpeg\" \/>\n<meta name=\"twitter:card\" content=\"summary_large_image\" \/>\n<script type=\"application\/ld+json\" class=\"yoast-schema-graph\">{\"@context\":\"https:\/\/schema.org\",\"@graph\":[{\"@type\":\"WebPage\",\"@id\":\"https:\/\/reviva.fi\/fi\/tuote\/garlic-8250mg-lamberts\/\",\"url\":\"https:\/\/reviva.fi\/fi\/tuote\/garlic-8250mg-lamberts\/\",\"name\":\"Valkosipuli 8250 mg - Lamberts - Reviva\",\"isPartOf\":{\"@id\":\"https:\/\/reviva.fi\/fi\/#website\"},\"primaryImageOfPage\":{\"@id\":\"https:\/\/reviva.fi\/fi\/tuote\/garlic-8250mg-lamberts\/#primaryimage\"},\"image\":{\"@id\":\"https:\/\/reviva.fi\/fi\/tuote\/garlic-8250mg-lamberts\/#primaryimage\"},\"thumbnailUrl\":\"https:\/\/reviva.fi\/wp-content\/uploads\/2025\/03\/8585-garlic-85254.jpg\",\"datePublished\":\"2025-03-04T06:56:04+00:00\",\"dateModified\":\"2025-03-04T11:38:24+00:00\",\"description\":\"Valkosipuli 8250 mg - Lamberts on vahva valkosipulitabletti, jonka allisiinipotentiaali on 5500 \u00b5g. Erityisesti kehitetty s\u00e4ilytt\u00e4m\u00e4\u00e4n aktiiviset yhdisteet.\",\"breadcrumb\":{\"@id\":\"https:\/\/reviva.fi\/fi\/tuote\/garlic-8250mg-lamberts\/#breadcrumb\"},\"inLanguage\":\"fi\",\"potentialAction\":[{\"@type\":\"ReadAction\",\"target\":[\"https:\/\/reviva.fi\/fi\/tuote\/garlic-8250mg-lamberts\/\"]}]},{\"@type\":\"ImageObject\",\"inLanguage\":\"fi\",\"@id\":\"https:\/\/reviva.fi\/fi\/tuote\/garlic-8250mg-lamberts\/#primaryimage\",\"url\":\"https:\/\/reviva.fi\/wp-content\/uploads\/2025\/03\/8585-garlic-85254.jpg\",\"contentUrl\":\"https:\/\/reviva.fi\/wp-content\/uploads\/2025\/03\/8585-garlic-85254.jpg\",\"width\":780,\"height\":780,\"caption\":\"Garlic 8250mg - lamberts\"},{\"@type\":\"BreadcrumbList\",\"@id\":\"https:\/\/reviva.fi\/fi\/tuote\/garlic-8250mg-lamberts\/#breadcrumb\",\"itemListElement\":[{\"@type\":\"ListItem\",\"position\":1,\"name\":\"Etusivu\",\"item\":\"https:\/\/reviva.fi\/fi\/\"},{\"@type\":\"ListItem\",\"position\":2,\"name\":\"Tuotteet\",\"item\":\"https:\/\/reviva.fi\/produkter\/\"},{\"@type\":\"ListItem\",\"position\":3,\"name\":\"Valkosipuli 8250 mg &#8211; Lamberts\"}]},{\"@type\":\"WebSite\",\"@id\":\"https:\/\/reviva.fi\/fi\/#website\",\"url\":\"https:\/\/reviva.fi\/fi\/\",\"name\":\"Reviva\",\"description\":\"\",\"publisher\":{\"@id\":\"https:\/\/reviva.fi\/fi\/#organization\"},\"potentialAction\":[{\"@type\":\"SearchAction\",\"target\":{\"@type\":\"EntryPoint\",\"urlTemplate\":\"https:\/\/reviva.fi\/fi\/?s={search_term_string}\"},\"query-input\":{\"@type\":\"PropertyValueSpecification\",\"valueRequired\":true,\"valueName\":\"search_term_string\"}}],\"inLanguage\":\"fi\"},{\"@type\":\"Organization\",\"@id\":\"https:\/\/reviva.fi\/fi\/#organization\",\"name\":\"Reviva\",\"url\":\"https:\/\/reviva.fi\/fi\/\",\"logo\":{\"@type\":\"ImageObject\",\"inLanguage\":\"fi\",\"@id\":\"https:\/\/reviva.fi\/fi\/#\/schema\/logo\/image\/\",\"url\":\"https:\/\/reviva.fi\/wp-content\/uploads\/2023\/10\/reviva-logo2.svg\",\"contentUrl\":\"https:\/\/reviva.fi\/wp-content\/uploads\/2023\/10\/reviva-logo2.svg\",\"caption\":\"Reviva\"},\"image\":{\"@id\":\"https:\/\/reviva.fi\/fi\/#\/schema\/logo\/image\/\"}}]}<\/script>\n<meta property=\"product:price:amount\" content=\"27.75\" \/>\n<meta property=\"product:price:currency\" content=\"EUR\" \/>\n<meta property=\"og:availability\" content=\"instock\" \/>\n<meta property=\"product:availability\" content=\"instock\" \/>\n<meta property=\"product:retailer_item_id\" content=\"8585-60\" \/>\n<meta property=\"product:condition\" content=\"new\" \/>\n<!-- \/ Yoast SEO plugin. -->","yoast_head_json":{"title":"Valkosipuli 8250 mg - Lamberts - Reviva","description":"Valkosipuli 8250 mg - Lamberts on vahva valkosipulitabletti, jonka allisiinipotentiaali on 5500 \u00b5g. Erityisesti kehitetty s\u00e4ilytt\u00e4m\u00e4\u00e4n aktiiviset yhdisteet.","robots":{"index":"index","follow":"follow","max-snippet":"max-snippet:-1","max-image-preview":"max-image-preview:large","max-video-preview":"max-video-preview:-1"},"canonical":"https:\/\/reviva.fi\/fi\/tuote\/garlic-8250mg-lamberts\/","og_locale":"fi_FI","og_type":"article","og_title":"Valkosipuli 8250 mg - Lamberts - Reviva","og_description":"Valkosipuli 8250 mg - Lamberts on vahva valkosipulitabletti, jonka allisiinipotentiaali on 5500 \u00b5g. Erityisesti kehitetty s\u00e4ilytt\u00e4m\u00e4\u00e4n aktiiviset yhdisteet.","og_url":"https:\/\/reviva.fi\/fi\/tuote\/garlic-8250mg-lamberts\/","og_site_name":"Reviva","article_modified_time":"2025-03-04T11:38:24+00:00","og_image":[{"width":780,"height":780,"url":"https:\/\/reviva.fi\/wp-content\/uploads\/2025\/03\/8585-garlic-85254.jpg","type":"image\/jpeg"}],"twitter_card":"summary_large_image","schema":{"@context":"https:\/\/schema.org","@graph":[{"@type":"WebPage","@id":"https:\/\/reviva.fi\/fi\/tuote\/garlic-8250mg-lamberts\/","url":"https:\/\/reviva.fi\/fi\/tuote\/garlic-8250mg-lamberts\/","name":"Valkosipuli 8250 mg - Lamberts - Reviva","isPartOf":{"@id":"https:\/\/reviva.fi\/fi\/#website"},"primaryImageOfPage":{"@id":"https:\/\/reviva.fi\/fi\/tuote\/garlic-8250mg-lamberts\/#primaryimage"},"image":{"@id":"https:\/\/reviva.fi\/fi\/tuote\/garlic-8250mg-lamberts\/#primaryimage"},"thumbnailUrl":"https:\/\/reviva.fi\/wp-content\/uploads\/2025\/03\/8585-garlic-85254.jpg","datePublished":"2025-03-04T06:56:04+00:00","dateModified":"2025-03-04T11:38:24+00:00","description":"Valkosipuli 8250 mg - Lamberts on vahva valkosipulitabletti, jonka allisiinipotentiaali on 5500 \u00b5g. Erityisesti kehitetty s\u00e4ilytt\u00e4m\u00e4\u00e4n aktiiviset yhdisteet.","breadcrumb":{"@id":"https:\/\/reviva.fi\/fi\/tuote\/garlic-8250mg-lamberts\/#breadcrumb"},"inLanguage":"fi","potentialAction":[{"@type":"ReadAction","target":["https:\/\/reviva.fi\/fi\/tuote\/garlic-8250mg-lamberts\/"]}]},{"@type":"ImageObject","inLanguage":"fi","@id":"https:\/\/reviva.fi\/fi\/tuote\/garlic-8250mg-lamberts\/#primaryimage","url":"https:\/\/reviva.fi\/wp-content\/uploads\/2025\/03\/8585-garlic-85254.jpg","contentUrl":"https:\/\/reviva.fi\/wp-content\/uploads\/2025\/03\/8585-garlic-85254.jpg","width":780,"height":780,"caption":"Garlic 8250mg - lamberts"},{"@type":"BreadcrumbList","@id":"https:\/\/reviva.fi\/fi\/tuote\/garlic-8250mg-lamberts\/#breadcrumb","itemListElement":[{"@type":"ListItem","position":1,"name":"Etusivu","item":"https:\/\/reviva.fi\/fi\/"},{"@type":"ListItem","position":2,"name":"Tuotteet","item":"https:\/\/reviva.fi\/produkter\/"},{"@type":"ListItem","position":3,"name":"Valkosipuli 8250 mg &#8211; Lamberts"}]},{"@type":"WebSite","@id":"https:\/\/reviva.fi\/fi\/#website","url":"https:\/\/reviva.fi\/fi\/","name":"Reviva","description":"","publisher":{"@id":"https:\/\/reviva.fi\/fi\/#organization"},"potentialAction":[{"@type":"SearchAction","target":{"@type":"EntryPoint","urlTemplate":"https:\/\/reviva.fi\/fi\/?s={search_term_string}"},"query-input":{"@type":"PropertyValueSpecification","valueRequired":true,"valueName":"search_term_string"}}],"inLanguage":"fi"},{"@type":"Organization","@id":"https:\/\/reviva.fi\/fi\/#organization","name":"Reviva","url":"https:\/\/reviva.fi\/fi\/","logo":{"@type":"ImageObject","inLanguage":"fi","@id":"https:\/\/reviva.fi\/fi\/#\/schema\/logo\/image\/","url":"https:\/\/reviva.fi\/wp-content\/uploads\/2023\/10\/reviva-logo2.svg","contentUrl":"https:\/\/reviva.fi\/wp-content\/uploads\/2023\/10\/reviva-logo2.svg","caption":"Reviva"},"image":{"@id":"https:\/\/reviva.fi\/fi\/#\/schema\/logo\/image\/"}}]},"product_price_amount":"27.75","product_price_currency":"EUR","og_availability":"instock","product_availability":"instock","product_retailer_item_id":"8585-60","product_condition":"new"},"taxonomy_info":{"product_cat":[{"value":141,"label":"Yrtit"},{"value":2444,"label":"Lamberts"},{"value":2357,"label":"Immuunipuolustus"}],"product_tag":[{"value":5492,"label":"8250 mg vitl\u00f6k per tablett"},{"value":5493,"label":"Allicinpotential 5500 \u00b5g"},{"value":5482,"label":"Antioxidativt st\u00f6d"},{"value":5494,"label":"Blodcirkulation"},{"value":5495,"label":"En tablett per dag"},{"value":5496,"label":"F\u00f6rb\u00e4ttrad absorption"},{"value":5473,"label":"GMP-standarder"},{"value":5497,"label":"H\u00f6gpotent"},{"value":476,"label":"lis\u00e4ravinne"},{"value":5498,"label":"Minskar od\u00f6r"},{"value":5499,"label":"Naturliga svavelkomponenter"},{"value":3632,"label":"St\u00f6d f\u00f6r immunf\u00f6rsvaret"},{"value":4419,"label":"Syd\u00e4nterveytt\u00e4"},{"value":5480,"label":"Tillverkat i Storbritannien"},{"value":5467,"label":"Vegansk v\u00e4nlig"},{"value":5500,"label":"Vitl\u00f6ksextrakt"}]},"featured_image_src_large":["https:\/\/reviva.fi\/wp-content\/uploads\/2025\/03\/8585-garlic-85254.jpg",780,780,false],"author_info":[],"comment_info":0,"_links":{"self":[{"href":"https:\/\/reviva.fi\/fi\/wp-json\/wp\/v2\/product\/11299","targetHints":{"allow":["GET"]}}],"collection":[{"href":"https:\/\/reviva.fi\/fi\/wp-json\/wp\/v2\/product"}],"about":[{"href":"https:\/\/reviva.fi\/fi\/wp-json\/wp\/v2\/types\/product"}],"replies":[{"embeddable":true,"href":"https:\/\/reviva.fi\/fi\/wp-json\/wp\/v2\/comments?post=11299"}],"wp:featuredmedia":[{"embeddable":true,"href":"https:\/\/reviva.fi\/fi\/wp-json\/wp\/v2\/media\/11265"}],"wp:attachment":[{"href":"https:\/\/reviva.fi\/fi\/wp-json\/wp\/v2\/media?parent=11299"}],"wp:term":[{"taxonomy":"product_brand","embeddable":true,"href":"https:\/\/reviva.fi\/fi\/wp-json\/wp\/v2\/product_brand?post=11299"},{"taxonomy":"product_cat","embeddable":true,"href":"https:\/\/reviva.fi\/fi\/wp-json\/wp\/v2\/product_cat?post=11299"},{"taxonomy":"product_tag","embeddable":true,"href":"https:\/\/reviva.fi\/fi\/wp-json\/wp\/v2\/product_tag?post=11299"}],"curies":[{"name":"wp","href":"https:\/\/api.w.org\/{rel}","templated":true}]}}