{"id":11305,"date":"2025-03-04T08:42:50","date_gmt":"2025-03-04T06:42:50","guid":{"rendered":"https:\/\/reviva.fi\/product\/veintain-lamberts\/"},"modified":"2025-03-04T14:42:34","modified_gmt":"2025-03-04T12:42:34","slug":"veintain-lamberts","status":"publish","type":"product","link":"https:\/\/reviva.fi\/fi\/tuote\/veintain-lamberts\/","title":{"rendered":"VeinTain &#8211; Lamberts"},"content":{"rendered":"<p><strong>VeinTain &#8211; Lamberts<\/strong><\/p>\n<p data-start=\"0\" data-end=\"209\">T\u00e4m\u00e4 on vahva Ginkgo biloba -valmiste, joka sis\u00e4lt\u00e4\u00e4 my\u00f6s tehokkaita inkiv\u00e4\u00e4ri- ja kaneliuutteita. Ginkgo on tunnettu kyvyst\u00e4\u00e4n edist\u00e4\u00e4 hyv\u00e4\u00e4 verenkiertoa, erityisesti \u00e4\u00e4reisverenkiertoa k\u00e4siss\u00e4 ja jaloissa.<\/p>\n<p data-start=\"211\" data-end=\"362\">VeinTain\u00ae sis\u00e4lt\u00e4\u00e4 per\u00e4ti 6000 mg Ginkgoa (120 mg v\u00e4kev\u00f6ity\u00e4 uutetta), mik\u00e4 vastaa annostasoa, jota on k\u00e4ytetty monissa tieteellisiss\u00e4 tutkimuksissa.<\/p>\n<p data-start=\"364\" data-end=\"588\">Ginkgon lis\u00e4ksi VeinTain\u00ae sis\u00e4lt\u00e4\u00e4 voimakkaita uutteita kahdesta l\u00e4mmitt\u00e4v\u00e4st\u00e4 mausteesta \u2013 inkiv\u00e4\u00e4rist\u00e4 ja kanelista. Juuri t\u00e4m\u00e4 yhdistelm\u00e4 tekee VeinTain\u00ae-valmisteesta yhden markkinoiden suosituimmista Ginkgo-tuotteista.<\/p>\n<p data-start=\"590\" data-end=\"774\" data-is-last-node=\"\" data-is-only-node=\"\">Kuten l\u00e4hes kaikki Lamberts\u00ae-tuotteet, my\u00f6s VeinTain\u00ae valmistetaan Isossa-Britanniassa l\u00e4\u00e4ketuotantoon tarkoitetun GMP-standardin mukaisesti, mik\u00e4 takaa korkeimman laadun ja puhtauden.<\/p>\n","protected":false},"excerpt":{"rendered":"<ul>\n<li data-start=\"0\" data-end=\"458\">VeinTain\u00ae on vahva Ginkgo biloba -valmiste, joka sis\u00e4lt\u00e4\u00e4 per\u00e4ti 6000 mg Ginkgoa (120 mg v\u00e4kev\u00f6ity\u00e4 uutetta), mik\u00e4 vastaa annostasoa, jota on k\u00e4ytetty monissa tieteellisiss\u00e4 tutkimuksissa. T\u00e4m\u00e4 ainutlaatuinen koostumus sis\u00e4lt\u00e4\u00e4 my\u00f6s tehokkaita tasoja inkiv\u00e4\u00e4ri\u00e4 ja kanelia, kahta kasvia, jotka ovat olleet k\u00e4yt\u00f6ss\u00e4 yrttil\u00e4\u00e4kinn\u00e4ss\u00e4 pitk\u00e4\u00e4n. Ginkgo on erityisen tunnettu kyvyst\u00e4\u00e4n tukea hyv\u00e4\u00e4 verenkiertoa, erityisesti \u00e4\u00e4reisverenkiertoa k\u00e4siss\u00e4 ja jaloissa.<\/li>\n<li data-start=\"0\" data-end=\"458\">Kuten l\u00e4hes kaikki Lamberts\u00ae-tuotteet, my\u00f6s VeinTain\u00ae valmistetaan Isossa-Britanniassa l\u00e4\u00e4ketuotantoon tarkoitetun GMP-standardin mukaisesti, mik\u00e4 takaa korkeimman laadun ja puhtauden.<\/li>\n<\/ul>\n<p data-start=\"648\" data-end=\"660\" data-is-last-node=\"\" data-is-only-node=\"\"><strong>60 tablettia<\/strong><\/p>\n","protected":false},"featured_media":11259,"comment_status":"closed","ping_status":"closed","template":"","meta":{"_acf_changed":false,"inline_featured_image":false,"_kad_blocks_custom_css":"","_kad_blocks_head_custom_js":"","_kad_blocks_body_custom_js":"","_kad_blocks_footer_custom_js":"","_kadence_starter_templates_imported_post":false,"_kad_post_transparent":"default","_kad_post_title":"","_kad_post_layout":"default","_kad_post_sidebar_id":"","_kad_post_content_style":"default","_kad_post_vertical_padding":"default","_kad_post_feature":"","_kad_post_feature_position":"","_kad_post_header":false,"_kad_post_footer":false},"product_brand":[],"product_cat":[141,2444,2357,2371],"product_tag":[5504,5505,5494,5485,5506,5507,5508,5509,5473,5497,4765,5510,5480,5467],"class_list":{"0":"post-11305","1":"product","2":"type-product","3":"status-publish","4":"has-post-thumbnail","6":"product_cat-orter-fi","7":"product_cat-lamberts-fi","8":"product_cat-immunforsvar-fi","9":"product_cat-muskler-och-leder-fi","10":"product_tag-120mg-koncentrerat-extrakt-fi","11":"product_tag-6000mg-ginkgo-fi","12":"product_tag-blodcirkulation-fi","13":"product_tag-en-kapsel-per-dag-fi","14":"product_tag-extremiteter-fi","15":"product_tag-forbattrar-blodflodet-fi","16":"product_tag-ginger-fi","17":"product_tag-ginkgo-biloba-fi","18":"product_tag-gmp-standarder-fi","19":"product_tag-hogpotent-fi","20":"product_tag-kaneli","21":"product_tag-stod-for-vener-fi","22":"product_tag-tillverkat-i-storbritannien-fi","23":"product_tag-vegansk-vanlig-fi","25":"first","26":"instock","27":"taxable","28":"shipping-taxable","29":"purchasable","30":"product-type-simple","31":"entry","32":"content-bg","33":"loop-entry"},"acf":[],"yoast_head":"<!-- This site is optimized with the Yoast SEO plugin v25.8 - https:\/\/yoast.com\/wordpress\/plugins\/seo\/ -->\n<title>VeinTain - Lamberts - Reviva<\/title>\n<meta name=\"description\" content=\"VeinTain - Lamberts sis\u00e4lt\u00e4\u00e4 6000 mg Ginkgo bilobaa yhdistettyn\u00e4 inkiv\u00e4\u00e4riin ja kaneliin. Tukee \u00e4\u00e4reisverenkiertoa, erityisesti jalkojen alueella.\" \/>\n<meta name=\"robots\" content=\"index, follow, max-snippet:-1, max-image-preview:large, max-video-preview:-1\" \/>\n<link rel=\"canonical\" href=\"https:\/\/reviva.fi\/fi\/tuote\/veintain-lamberts\/\" \/>\n<meta property=\"og:locale\" content=\"fi_FI\" \/>\n<meta property=\"og:type\" content=\"article\" \/>\n<meta property=\"og:title\" content=\"VeinTain - Lamberts - Reviva\" \/>\n<meta property=\"og:description\" content=\"VeinTain - Lamberts sis\u00e4lt\u00e4\u00e4 6000 mg Ginkgo bilobaa yhdistettyn\u00e4 inkiv\u00e4\u00e4riin ja kaneliin. Tukee \u00e4\u00e4reisverenkiertoa, erityisesti jalkojen alueella.\" \/>\n<meta property=\"og:url\" content=\"https:\/\/reviva.fi\/fi\/tuote\/veintain-lamberts\/\" \/>\n<meta property=\"og:site_name\" content=\"Reviva\" \/>\n<meta property=\"article:modified_time\" content=\"2025-03-04T12:42:34+00:00\" \/>\n<meta property=\"og:image\" content=\"https:\/\/reviva.fi\/wp-content\/uploads\/2025\/03\/8574-VEintain.jpg\" \/>\n\t<meta property=\"og:image:width\" content=\"780\" \/>\n\t<meta property=\"og:image:height\" content=\"780\" \/>\n\t<meta property=\"og:image:type\" content=\"image\/jpeg\" \/>\n<meta name=\"twitter:card\" content=\"summary_large_image\" \/>\n<script type=\"application\/ld+json\" class=\"yoast-schema-graph\">{\"@context\":\"https:\/\/schema.org\",\"@graph\":[{\"@type\":\"WebPage\",\"@id\":\"https:\/\/reviva.fi\/fi\/tuote\/veintain-lamberts\/\",\"url\":\"https:\/\/reviva.fi\/fi\/tuote\/veintain-lamberts\/\",\"name\":\"VeinTain - Lamberts - Reviva\",\"isPartOf\":{\"@id\":\"https:\/\/reviva.fi\/fi\/#website\"},\"primaryImageOfPage\":{\"@id\":\"https:\/\/reviva.fi\/fi\/tuote\/veintain-lamberts\/#primaryimage\"},\"image\":{\"@id\":\"https:\/\/reviva.fi\/fi\/tuote\/veintain-lamberts\/#primaryimage\"},\"thumbnailUrl\":\"https:\/\/reviva.fi\/wp-content\/uploads\/2025\/03\/8574-VEintain.jpg\",\"datePublished\":\"2025-03-04T06:42:50+00:00\",\"dateModified\":\"2025-03-04T12:42:34+00:00\",\"description\":\"VeinTain - Lamberts sis\u00e4lt\u00e4\u00e4 6000 mg Ginkgo bilobaa yhdistettyn\u00e4 inkiv\u00e4\u00e4riin ja kaneliin. Tukee \u00e4\u00e4reisverenkiertoa, erityisesti jalkojen alueella.\",\"breadcrumb\":{\"@id\":\"https:\/\/reviva.fi\/fi\/tuote\/veintain-lamberts\/#breadcrumb\"},\"inLanguage\":\"fi\",\"potentialAction\":[{\"@type\":\"ReadAction\",\"target\":[\"https:\/\/reviva.fi\/fi\/tuote\/veintain-lamberts\/\"]}]},{\"@type\":\"ImageObject\",\"inLanguage\":\"fi\",\"@id\":\"https:\/\/reviva.fi\/fi\/tuote\/veintain-lamberts\/#primaryimage\",\"url\":\"https:\/\/reviva.fi\/wp-content\/uploads\/2025\/03\/8574-VEintain.jpg\",\"contentUrl\":\"https:\/\/reviva.fi\/wp-content\/uploads\/2025\/03\/8574-VEintain.jpg\",\"width\":780,\"height\":780,\"caption\":\"VeinTain\u00ae- Lamberts\"},{\"@type\":\"BreadcrumbList\",\"@id\":\"https:\/\/reviva.fi\/fi\/tuote\/veintain-lamberts\/#breadcrumb\",\"itemListElement\":[{\"@type\":\"ListItem\",\"position\":1,\"name\":\"Etusivu\",\"item\":\"https:\/\/reviva.fi\/fi\/\"},{\"@type\":\"ListItem\",\"position\":2,\"name\":\"Tuotteet\",\"item\":\"https:\/\/reviva.fi\/produkter\/\"},{\"@type\":\"ListItem\",\"position\":3,\"name\":\"VeinTain &#8211; Lamberts\"}]},{\"@type\":\"WebSite\",\"@id\":\"https:\/\/reviva.fi\/fi\/#website\",\"url\":\"https:\/\/reviva.fi\/fi\/\",\"name\":\"Reviva\",\"description\":\"\",\"publisher\":{\"@id\":\"https:\/\/reviva.fi\/fi\/#organization\"},\"potentialAction\":[{\"@type\":\"SearchAction\",\"target\":{\"@type\":\"EntryPoint\",\"urlTemplate\":\"https:\/\/reviva.fi\/fi\/?s={search_term_string}\"},\"query-input\":{\"@type\":\"PropertyValueSpecification\",\"valueRequired\":true,\"valueName\":\"search_term_string\"}}],\"inLanguage\":\"fi\"},{\"@type\":\"Organization\",\"@id\":\"https:\/\/reviva.fi\/fi\/#organization\",\"name\":\"Reviva\",\"url\":\"https:\/\/reviva.fi\/fi\/\",\"logo\":{\"@type\":\"ImageObject\",\"inLanguage\":\"fi\",\"@id\":\"https:\/\/reviva.fi\/fi\/#\/schema\/logo\/image\/\",\"url\":\"https:\/\/reviva.fi\/wp-content\/uploads\/2023\/10\/reviva-logo2.svg\",\"contentUrl\":\"https:\/\/reviva.fi\/wp-content\/uploads\/2023\/10\/reviva-logo2.svg\",\"caption\":\"Reviva\"},\"image\":{\"@id\":\"https:\/\/reviva.fi\/fi\/#\/schema\/logo\/image\/\"}}]}<\/script>\n<meta property=\"product:price:amount\" content=\"28.40\" \/>\n<meta property=\"product:price:currency\" content=\"EUR\" \/>\n<meta property=\"og:availability\" content=\"instock\" \/>\n<meta property=\"product:availability\" content=\"instock\" \/>\n<meta property=\"product:retailer_item_id\" content=\"8574-60\" \/>\n<meta property=\"product:condition\" content=\"new\" \/>\n<!-- \/ Yoast SEO plugin. -->","yoast_head_json":{"title":"VeinTain - Lamberts - Reviva","description":"VeinTain - Lamberts sis\u00e4lt\u00e4\u00e4 6000 mg Ginkgo bilobaa yhdistettyn\u00e4 inkiv\u00e4\u00e4riin ja kaneliin. Tukee \u00e4\u00e4reisverenkiertoa, erityisesti jalkojen alueella.","robots":{"index":"index","follow":"follow","max-snippet":"max-snippet:-1","max-image-preview":"max-image-preview:large","max-video-preview":"max-video-preview:-1"},"canonical":"https:\/\/reviva.fi\/fi\/tuote\/veintain-lamberts\/","og_locale":"fi_FI","og_type":"article","og_title":"VeinTain - Lamberts - Reviva","og_description":"VeinTain - Lamberts sis\u00e4lt\u00e4\u00e4 6000 mg Ginkgo bilobaa yhdistettyn\u00e4 inkiv\u00e4\u00e4riin ja kaneliin. Tukee \u00e4\u00e4reisverenkiertoa, erityisesti jalkojen alueella.","og_url":"https:\/\/reviva.fi\/fi\/tuote\/veintain-lamberts\/","og_site_name":"Reviva","article_modified_time":"2025-03-04T12:42:34+00:00","og_image":[{"width":780,"height":780,"url":"https:\/\/reviva.fi\/wp-content\/uploads\/2025\/03\/8574-VEintain.jpg","type":"image\/jpeg"}],"twitter_card":"summary_large_image","schema":{"@context":"https:\/\/schema.org","@graph":[{"@type":"WebPage","@id":"https:\/\/reviva.fi\/fi\/tuote\/veintain-lamberts\/","url":"https:\/\/reviva.fi\/fi\/tuote\/veintain-lamberts\/","name":"VeinTain - Lamberts - Reviva","isPartOf":{"@id":"https:\/\/reviva.fi\/fi\/#website"},"primaryImageOfPage":{"@id":"https:\/\/reviva.fi\/fi\/tuote\/veintain-lamberts\/#primaryimage"},"image":{"@id":"https:\/\/reviva.fi\/fi\/tuote\/veintain-lamberts\/#primaryimage"},"thumbnailUrl":"https:\/\/reviva.fi\/wp-content\/uploads\/2025\/03\/8574-VEintain.jpg","datePublished":"2025-03-04T06:42:50+00:00","dateModified":"2025-03-04T12:42:34+00:00","description":"VeinTain - Lamberts sis\u00e4lt\u00e4\u00e4 6000 mg Ginkgo bilobaa yhdistettyn\u00e4 inkiv\u00e4\u00e4riin ja kaneliin. Tukee \u00e4\u00e4reisverenkiertoa, erityisesti jalkojen alueella.","breadcrumb":{"@id":"https:\/\/reviva.fi\/fi\/tuote\/veintain-lamberts\/#breadcrumb"},"inLanguage":"fi","potentialAction":[{"@type":"ReadAction","target":["https:\/\/reviva.fi\/fi\/tuote\/veintain-lamberts\/"]}]},{"@type":"ImageObject","inLanguage":"fi","@id":"https:\/\/reviva.fi\/fi\/tuote\/veintain-lamberts\/#primaryimage","url":"https:\/\/reviva.fi\/wp-content\/uploads\/2025\/03\/8574-VEintain.jpg","contentUrl":"https:\/\/reviva.fi\/wp-content\/uploads\/2025\/03\/8574-VEintain.jpg","width":780,"height":780,"caption":"VeinTain\u00ae- Lamberts"},{"@type":"BreadcrumbList","@id":"https:\/\/reviva.fi\/fi\/tuote\/veintain-lamberts\/#breadcrumb","itemListElement":[{"@type":"ListItem","position":1,"name":"Etusivu","item":"https:\/\/reviva.fi\/fi\/"},{"@type":"ListItem","position":2,"name":"Tuotteet","item":"https:\/\/reviva.fi\/produkter\/"},{"@type":"ListItem","position":3,"name":"VeinTain &#8211; Lamberts"}]},{"@type":"WebSite","@id":"https:\/\/reviva.fi\/fi\/#website","url":"https:\/\/reviva.fi\/fi\/","name":"Reviva","description":"","publisher":{"@id":"https:\/\/reviva.fi\/fi\/#organization"},"potentialAction":[{"@type":"SearchAction","target":{"@type":"EntryPoint","urlTemplate":"https:\/\/reviva.fi\/fi\/?s={search_term_string}"},"query-input":{"@type":"PropertyValueSpecification","valueRequired":true,"valueName":"search_term_string"}}],"inLanguage":"fi"},{"@type":"Organization","@id":"https:\/\/reviva.fi\/fi\/#organization","name":"Reviva","url":"https:\/\/reviva.fi\/fi\/","logo":{"@type":"ImageObject","inLanguage":"fi","@id":"https:\/\/reviva.fi\/fi\/#\/schema\/logo\/image\/","url":"https:\/\/reviva.fi\/wp-content\/uploads\/2023\/10\/reviva-logo2.svg","contentUrl":"https:\/\/reviva.fi\/wp-content\/uploads\/2023\/10\/reviva-logo2.svg","caption":"Reviva"},"image":{"@id":"https:\/\/reviva.fi\/fi\/#\/schema\/logo\/image\/"}}]},"product_price_amount":"28.40","product_price_currency":"EUR","og_availability":"instock","product_availability":"instock","product_retailer_item_id":"8574-60","product_condition":"new"},"taxonomy_info":{"product_cat":[{"value":141,"label":"Yrtit"},{"value":2444,"label":"Lamberts"},{"value":2357,"label":"Immuunipuolustus"},{"value":2371,"label":"Nivelet &amp; Lihakset"}],"product_tag":[{"value":5504,"label":"120mg koncentrerat extrakt"},{"value":5505,"label":"6000mg Ginkgo"},{"value":5494,"label":"Blodcirkulation"},{"value":5485,"label":"En kapsel per dag"},{"value":5506,"label":"Extremiteter"},{"value":5507,"label":"F\u00f6rb\u00e4ttrar blodfl\u00f6det"},{"value":5508,"label":"Ginger"},{"value":5509,"label":"Ginkgo Biloba"},{"value":5473,"label":"GMP-standarder"},{"value":5497,"label":"H\u00f6gpotent"},{"value":4765,"label":"Kaneli"},{"value":5510,"label":"St\u00f6d f\u00f6r vener"},{"value":5480,"label":"Tillverkat i Storbritannien"},{"value":5467,"label":"Vegansk v\u00e4nlig"}]},"featured_image_src_large":["https:\/\/reviva.fi\/wp-content\/uploads\/2025\/03\/8574-VEintain.jpg",780,780,false],"author_info":[],"comment_info":0,"_links":{"self":[{"href":"https:\/\/reviva.fi\/fi\/wp-json\/wp\/v2\/product\/11305","targetHints":{"allow":["GET"]}}],"collection":[{"href":"https:\/\/reviva.fi\/fi\/wp-json\/wp\/v2\/product"}],"about":[{"href":"https:\/\/reviva.fi\/fi\/wp-json\/wp\/v2\/types\/product"}],"replies":[{"embeddable":true,"href":"https:\/\/reviva.fi\/fi\/wp-json\/wp\/v2\/comments?post=11305"}],"wp:featuredmedia":[{"embeddable":true,"href":"https:\/\/reviva.fi\/fi\/wp-json\/wp\/v2\/media\/11259"}],"wp:attachment":[{"href":"https:\/\/reviva.fi\/fi\/wp-json\/wp\/v2\/media?parent=11305"}],"wp:term":[{"taxonomy":"product_brand","embeddable":true,"href":"https:\/\/reviva.fi\/fi\/wp-json\/wp\/v2\/product_brand?post=11305"},{"taxonomy":"product_cat","embeddable":true,"href":"https:\/\/reviva.fi\/fi\/wp-json\/wp\/v2\/product_cat?post=11305"},{"taxonomy":"product_tag","embeddable":true,"href":"https:\/\/reviva.fi\/fi\/wp-json\/wp\/v2\/product_tag?post=11305"}],"curies":[{"name":"wp","href":"https:\/\/api.w.org\/{rel}","templated":true}]}}