{"id":11309,"date":"2025-03-04T08:38:05","date_gmt":"2025-03-04T06:38:05","guid":{"rendered":"https:\/\/reviva.fi\/product\/turmeric-20-000mg-lamberts\/"},"modified":"2025-03-04T14:56:59","modified_gmt":"2025-03-04T12:56:59","slug":"turmeric-20-000mg-lamberts","status":"publish","type":"product","link":"https:\/\/reviva.fi\/fi\/tuote\/turmeric-20-000mg-lamberts\/","title":{"rendered":"Kurkuma 20 000mg &#8211; Lamberts"},"content":{"rendered":"<p><strong>Kurkuma 20 000mg &#8211; Lamberts<\/strong><\/p>\n<p data-start=\"0\" data-end=\"382\">Kurkumaan t\u00e4rkein aineosa on kurkumiini, joka l\u00f6ytyy kasvin juurakosta ja antaa sille sen ominaisen keltaisen v\u00e4rin. N\u00e4iss\u00e4 tableteissa oleva korkean pitoisuuden kurkumaekstrakti sis\u00e4lt\u00e4\u00e4 95 % kurkumiinia, mik\u00e4 tarkoittaa, ett\u00e4 jokainen tabletti vastaa 20 g kulinaarista kurkumaa (tai nelj\u00e4\u00e4 kauhallista). Tabletit ovat mauttomia ja niiss\u00e4 on suojakerros, joka helpottaa nielemist\u00e4.<\/p>\n<p data-start=\"384\" data-end=\"696\">Monet markkinoilla olevat kurkumat\u00e4ydennykset sis\u00e4lt\u00e4v\u00e4t vain tavallista kulinaarista kurkumaa, jossa voi olla jopa vain 400 mg kurkumaa per tabletti \u2013 taso, joka on paljon alhaisempi kuin siin\u00e4, mit\u00e4 on k\u00e4ytetty tutkimuksissa, jotka ovat her\u00e4tt\u00e4neet niin suurta mielenkiintoa t\u00e4m\u00e4n kiehtovan mausteen ymp\u00e4rill\u00e4.<\/p>\n<p data-start=\"698\" data-end=\"872\" data-is-last-node=\"\" data-is-only-node=\"\">Tutkijat tutkivat teoriaa siit\u00e4, ett\u00e4 s\u00e4\u00e4nn\u00f6llinen kurkuman nauttiminen aasialaisissa ruoissa voi olla yksi tekij\u00f6ist\u00e4, jotka selitt\u00e4v\u00e4t it\u00e4maisen ruokavalion terveyshy\u00f6tyj\u00e4.<\/p>\n","protected":false},"excerpt":{"rendered":"<ul>\n<li data-start=\"0\" data-end=\"168\">T\u00e4m\u00e4 korkean pitoisuuden juuriekstrakti on standardoitu tarjoamaan 95 % kurkuminoideja. Jokainen tabletti sis\u00e4lt\u00e4\u00e4 500 mg kurkumaekstraktia, mik\u00e4 vastaa 20 000 mg kurkumamaustetta.<\/li>\n<\/ul>\n","protected":false},"featured_media":11254,"comment_status":"closed","ping_status":"closed","template":"","meta":{"_acf_changed":false,"inline_featured_image":false,"_kad_blocks_custom_css":"","_kad_blocks_head_custom_js":"","_kad_blocks_body_custom_js":"","_kad_blocks_footer_custom_js":"","_kadence_starter_templates_imported_post":false,"_kad_post_transparent":"default","_kad_post_title":"","_kad_post_layout":"default","_kad_post_sidebar_id":"","_kad_post_content_style":"default","_kad_post_vertical_padding":"default","_kad_post_feature":"","_kad_post_feature_position":"","_kad_post_header":false,"_kad_post_footer":false},"product_brand":[],"product_cat":[141,2444,2371,2366],"product_tag":[5511,5512,5513,412,5485,5473,3580,5514,5515,5480,4926,2935,5467],"class_list":{"0":"post-11309","1":"product","2":"type-product","3":"status-publish","4":"has-post-thumbnail","6":"product_cat-orter-fi","7":"product_cat-lamberts-fi","8":"product_cat-muskler-och-leder-fi","9":"product_cat-lever-och-njurar-fi","10":"product_tag-20-000mg-gurkmeja-fi","11":"product_tag-500mg-gurkmejaextrakt-fi","12":"product_tag-95-kurkuminoider-fi","13":"product_tag-antioksidantti","14":"product_tag-en-kapsel-per-dag-fi","15":"product_tag-gmp-standarder-fi","16":"product_tag-hog-biotillganglighet-fi","17":"product_tag-hogstyrka-fi","18":"product_tag-innehaller-piperin-for-battre-absorption-fi","19":"product_tag-tillverkat-i-storbritannien-fi","20":"product_tag-tuki-nivelille","21":"product_tag-tulehdusta-ehkaiseva-fi","22":"product_tag-vegansk-vanlig-fi","24":"first","25":"instock","26":"taxable","27":"shipping-taxable","28":"purchasable","29":"product-type-variable","30":"entry","31":"content-bg","32":"loop-entry"},"acf":[],"yoast_head":"<!-- This site is optimized with the Yoast SEO plugin v25.8 - https:\/\/yoast.com\/wordpress\/plugins\/seo\/ -->\n<title>Kurkuma 20 000mg - Lamberts - Reviva<\/title>\n<meta name=\"description\" content=\"Kurkuma 20 000 mg - Lamberts on voimakas koostumus, joka sis\u00e4lt\u00e4\u00e4 500 mg kurkumaekstraktia per tabletti, standardisoituna 95 % kurkuminoideiksi.\" \/>\n<meta name=\"robots\" content=\"index, follow, max-snippet:-1, max-image-preview:large, max-video-preview:-1\" \/>\n<link rel=\"canonical\" href=\"https:\/\/reviva.fi\/fi\/tuote\/turmeric-20-000mg-lamberts\/\" \/>\n<meta property=\"og:locale\" content=\"fi_FI\" \/>\n<meta property=\"og:type\" content=\"article\" \/>\n<meta property=\"og:title\" content=\"Kurkuma 20 000mg - Lamberts - Reviva\" \/>\n<meta property=\"og:description\" content=\"Kurkuma 20 000 mg - Lamberts on voimakas koostumus, joka sis\u00e4lt\u00e4\u00e4 500 mg kurkumaekstraktia per tabletti, standardisoituna 95 % kurkuminoideiksi.\" \/>\n<meta property=\"og:url\" content=\"https:\/\/reviva.fi\/fi\/tuote\/turmeric-20-000mg-lamberts\/\" \/>\n<meta property=\"og:site_name\" content=\"Reviva\" \/>\n<meta property=\"article:modified_time\" content=\"2025-03-04T12:56:59+00:00\" \/>\n<meta property=\"og:image\" content=\"https:\/\/reviva.fi\/wp-content\/uploads\/2025\/03\/8571-Turmeric-20000mg.jpg\" \/>\n\t<meta property=\"og:image:width\" content=\"780\" \/>\n\t<meta property=\"og:image:height\" content=\"780\" \/>\n\t<meta property=\"og:image:type\" content=\"image\/jpeg\" \/>\n<meta name=\"twitter:card\" content=\"summary_large_image\" \/>\n<script type=\"application\/ld+json\" class=\"yoast-schema-graph\">{\"@context\":\"https:\/\/schema.org\",\"@graph\":[{\"@type\":\"WebPage\",\"@id\":\"https:\/\/reviva.fi\/fi\/tuote\/turmeric-20-000mg-lamberts\/\",\"url\":\"https:\/\/reviva.fi\/fi\/tuote\/turmeric-20-000mg-lamberts\/\",\"name\":\"Kurkuma 20 000mg - Lamberts - Reviva\",\"isPartOf\":{\"@id\":\"https:\/\/reviva.fi\/fi\/#website\"},\"primaryImageOfPage\":{\"@id\":\"https:\/\/reviva.fi\/fi\/tuote\/turmeric-20-000mg-lamberts\/#primaryimage\"},\"image\":{\"@id\":\"https:\/\/reviva.fi\/fi\/tuote\/turmeric-20-000mg-lamberts\/#primaryimage\"},\"thumbnailUrl\":\"https:\/\/reviva.fi\/wp-content\/uploads\/2025\/03\/8571-Turmeric-20000mg.jpg\",\"datePublished\":\"2025-03-04T06:38:05+00:00\",\"dateModified\":\"2025-03-04T12:56:59+00:00\",\"description\":\"Kurkuma 20 000 mg - Lamberts on voimakas koostumus, joka sis\u00e4lt\u00e4\u00e4 500 mg kurkumaekstraktia per tabletti, standardisoituna 95 % kurkuminoideiksi.\",\"breadcrumb\":{\"@id\":\"https:\/\/reviva.fi\/fi\/tuote\/turmeric-20-000mg-lamberts\/#breadcrumb\"},\"inLanguage\":\"fi\",\"potentialAction\":[{\"@type\":\"ReadAction\",\"target\":[\"https:\/\/reviva.fi\/fi\/tuote\/turmeric-20-000mg-lamberts\/\"]}]},{\"@type\":\"ImageObject\",\"inLanguage\":\"fi\",\"@id\":\"https:\/\/reviva.fi\/fi\/tuote\/turmeric-20-000mg-lamberts\/#primaryimage\",\"url\":\"https:\/\/reviva.fi\/wp-content\/uploads\/2025\/03\/8571-Turmeric-20000mg.jpg\",\"contentUrl\":\"https:\/\/reviva.fi\/wp-content\/uploads\/2025\/03\/8571-Turmeric-20000mg.jpg\",\"width\":780,\"height\":780,\"caption\":\"Kurkuma 20 000mg - Lamberts\"},{\"@type\":\"BreadcrumbList\",\"@id\":\"https:\/\/reviva.fi\/fi\/tuote\/turmeric-20-000mg-lamberts\/#breadcrumb\",\"itemListElement\":[{\"@type\":\"ListItem\",\"position\":1,\"name\":\"Etusivu\",\"item\":\"https:\/\/reviva.fi\/fi\/\"},{\"@type\":\"ListItem\",\"position\":2,\"name\":\"Tuotteet\",\"item\":\"https:\/\/reviva.fi\/produkter\/\"},{\"@type\":\"ListItem\",\"position\":3,\"name\":\"Kurkuma 20 000mg &#8211; Lamberts\"}]},{\"@type\":\"WebSite\",\"@id\":\"https:\/\/reviva.fi\/fi\/#website\",\"url\":\"https:\/\/reviva.fi\/fi\/\",\"name\":\"Reviva\",\"description\":\"\",\"publisher\":{\"@id\":\"https:\/\/reviva.fi\/fi\/#organization\"},\"potentialAction\":[{\"@type\":\"SearchAction\",\"target\":{\"@type\":\"EntryPoint\",\"urlTemplate\":\"https:\/\/reviva.fi\/fi\/?s={search_term_string}\"},\"query-input\":{\"@type\":\"PropertyValueSpecification\",\"valueRequired\":true,\"valueName\":\"search_term_string\"}}],\"inLanguage\":\"fi\"},{\"@type\":\"Organization\",\"@id\":\"https:\/\/reviva.fi\/fi\/#organization\",\"name\":\"Reviva\",\"url\":\"https:\/\/reviva.fi\/fi\/\",\"logo\":{\"@type\":\"ImageObject\",\"inLanguage\":\"fi\",\"@id\":\"https:\/\/reviva.fi\/fi\/#\/schema\/logo\/image\/\",\"url\":\"https:\/\/reviva.fi\/wp-content\/uploads\/2023\/10\/reviva-logo2.svg\",\"contentUrl\":\"https:\/\/reviva.fi\/wp-content\/uploads\/2023\/10\/reviva-logo2.svg\",\"caption\":\"Reviva\"},\"image\":{\"@id\":\"https:\/\/reviva.fi\/fi\/#\/schema\/logo\/image\/\"}}]}<\/script>\n<meta property=\"og:availability\" content=\"instock\" \/>\n<meta property=\"product:availability\" content=\"instock\" \/>\n<meta property=\"product:condition\" content=\"new\" \/>\n<!-- \/ Yoast SEO plugin. -->","yoast_head_json":{"title":"Kurkuma 20 000mg - Lamberts - Reviva","description":"Kurkuma 20 000 mg - Lamberts on voimakas koostumus, joka sis\u00e4lt\u00e4\u00e4 500 mg kurkumaekstraktia per tabletti, standardisoituna 95 % kurkuminoideiksi.","robots":{"index":"index","follow":"follow","max-snippet":"max-snippet:-1","max-image-preview":"max-image-preview:large","max-video-preview":"max-video-preview:-1"},"canonical":"https:\/\/reviva.fi\/fi\/tuote\/turmeric-20-000mg-lamberts\/","og_locale":"fi_FI","og_type":"article","og_title":"Kurkuma 20 000mg - Lamberts - Reviva","og_description":"Kurkuma 20 000 mg - Lamberts on voimakas koostumus, joka sis\u00e4lt\u00e4\u00e4 500 mg kurkumaekstraktia per tabletti, standardisoituna 95 % kurkuminoideiksi.","og_url":"https:\/\/reviva.fi\/fi\/tuote\/turmeric-20-000mg-lamberts\/","og_site_name":"Reviva","article_modified_time":"2025-03-04T12:56:59+00:00","og_image":[{"width":780,"height":780,"url":"https:\/\/reviva.fi\/wp-content\/uploads\/2025\/03\/8571-Turmeric-20000mg.jpg","type":"image\/jpeg"}],"twitter_card":"summary_large_image","schema":{"@context":"https:\/\/schema.org","@graph":[{"@type":"WebPage","@id":"https:\/\/reviva.fi\/fi\/tuote\/turmeric-20-000mg-lamberts\/","url":"https:\/\/reviva.fi\/fi\/tuote\/turmeric-20-000mg-lamberts\/","name":"Kurkuma 20 000mg - Lamberts - Reviva","isPartOf":{"@id":"https:\/\/reviva.fi\/fi\/#website"},"primaryImageOfPage":{"@id":"https:\/\/reviva.fi\/fi\/tuote\/turmeric-20-000mg-lamberts\/#primaryimage"},"image":{"@id":"https:\/\/reviva.fi\/fi\/tuote\/turmeric-20-000mg-lamberts\/#primaryimage"},"thumbnailUrl":"https:\/\/reviva.fi\/wp-content\/uploads\/2025\/03\/8571-Turmeric-20000mg.jpg","datePublished":"2025-03-04T06:38:05+00:00","dateModified":"2025-03-04T12:56:59+00:00","description":"Kurkuma 20 000 mg - Lamberts on voimakas koostumus, joka sis\u00e4lt\u00e4\u00e4 500 mg kurkumaekstraktia per tabletti, standardisoituna 95 % kurkuminoideiksi.","breadcrumb":{"@id":"https:\/\/reviva.fi\/fi\/tuote\/turmeric-20-000mg-lamberts\/#breadcrumb"},"inLanguage":"fi","potentialAction":[{"@type":"ReadAction","target":["https:\/\/reviva.fi\/fi\/tuote\/turmeric-20-000mg-lamberts\/"]}]},{"@type":"ImageObject","inLanguage":"fi","@id":"https:\/\/reviva.fi\/fi\/tuote\/turmeric-20-000mg-lamberts\/#primaryimage","url":"https:\/\/reviva.fi\/wp-content\/uploads\/2025\/03\/8571-Turmeric-20000mg.jpg","contentUrl":"https:\/\/reviva.fi\/wp-content\/uploads\/2025\/03\/8571-Turmeric-20000mg.jpg","width":780,"height":780,"caption":"Kurkuma 20 000mg - Lamberts"},{"@type":"BreadcrumbList","@id":"https:\/\/reviva.fi\/fi\/tuote\/turmeric-20-000mg-lamberts\/#breadcrumb","itemListElement":[{"@type":"ListItem","position":1,"name":"Etusivu","item":"https:\/\/reviva.fi\/fi\/"},{"@type":"ListItem","position":2,"name":"Tuotteet","item":"https:\/\/reviva.fi\/produkter\/"},{"@type":"ListItem","position":3,"name":"Kurkuma 20 000mg &#8211; Lamberts"}]},{"@type":"WebSite","@id":"https:\/\/reviva.fi\/fi\/#website","url":"https:\/\/reviva.fi\/fi\/","name":"Reviva","description":"","publisher":{"@id":"https:\/\/reviva.fi\/fi\/#organization"},"potentialAction":[{"@type":"SearchAction","target":{"@type":"EntryPoint","urlTemplate":"https:\/\/reviva.fi\/fi\/?s={search_term_string}"},"query-input":{"@type":"PropertyValueSpecification","valueRequired":true,"valueName":"search_term_string"}}],"inLanguage":"fi"},{"@type":"Organization","@id":"https:\/\/reviva.fi\/fi\/#organization","name":"Reviva","url":"https:\/\/reviva.fi\/fi\/","logo":{"@type":"ImageObject","inLanguage":"fi","@id":"https:\/\/reviva.fi\/fi\/#\/schema\/logo\/image\/","url":"https:\/\/reviva.fi\/wp-content\/uploads\/2023\/10\/reviva-logo2.svg","contentUrl":"https:\/\/reviva.fi\/wp-content\/uploads\/2023\/10\/reviva-logo2.svg","caption":"Reviva"},"image":{"@id":"https:\/\/reviva.fi\/fi\/#\/schema\/logo\/image\/"}}]},"og_availability":"instock","product_availability":"instock","product_condition":"new"},"taxonomy_info":{"product_cat":[{"value":141,"label":"Yrtit"},{"value":2444,"label":"Lamberts"},{"value":2371,"label":"Nivelet &amp; Lihakset"},{"value":2366,"label":"Maksa &amp; Munuaiset"}],"product_tag":[{"value":5511,"label":"20 000mg gurkmeja"},{"value":5512,"label":"500mg gurkmejaextrakt"},{"value":5513,"label":"95% kurkuminoider"},{"value":412,"label":"antioksidantti"},{"value":5485,"label":"En kapsel per dag"},{"value":5473,"label":"GMP-standarder"},{"value":3580,"label":"H\u00f6g biotillg\u00e4nglighet"},{"value":5514,"label":"H\u00f6gstyrka"},{"value":5515,"label":"Inneh\u00e5ller piperin f\u00f6r b\u00e4ttre absorption"},{"value":5480,"label":"Tillverkat i Storbritannien"},{"value":4926,"label":"Tuki nivelille"},{"value":2935,"label":"Tulehdusta ehk\u00e4isev\u00e4"},{"value":5467,"label":"Vegansk v\u00e4nlig"}]},"featured_image_src_large":["https:\/\/reviva.fi\/wp-content\/uploads\/2025\/03\/8571-Turmeric-20000mg.jpg",780,780,false],"author_info":[],"comment_info":0,"_links":{"self":[{"href":"https:\/\/reviva.fi\/fi\/wp-json\/wp\/v2\/product\/11309","targetHints":{"allow":["GET"]}}],"collection":[{"href":"https:\/\/reviva.fi\/fi\/wp-json\/wp\/v2\/product"}],"about":[{"href":"https:\/\/reviva.fi\/fi\/wp-json\/wp\/v2\/types\/product"}],"replies":[{"embeddable":true,"href":"https:\/\/reviva.fi\/fi\/wp-json\/wp\/v2\/comments?post=11309"}],"wp:featuredmedia":[{"embeddable":true,"href":"https:\/\/reviva.fi\/fi\/wp-json\/wp\/v2\/media\/11254"}],"wp:attachment":[{"href":"https:\/\/reviva.fi\/fi\/wp-json\/wp\/v2\/media?parent=11309"}],"wp:term":[{"taxonomy":"product_brand","embeddable":true,"href":"https:\/\/reviva.fi\/fi\/wp-json\/wp\/v2\/product_brand?post=11309"},{"taxonomy":"product_cat","embeddable":true,"href":"https:\/\/reviva.fi\/fi\/wp-json\/wp\/v2\/product_cat?post=11309"},{"taxonomy":"product_tag","embeddable":true,"href":"https:\/\/reviva.fi\/fi\/wp-json\/wp\/v2\/product_tag?post=11309"}],"curies":[{"name":"wp","href":"https:\/\/api.w.org\/{rel}","templated":true}]}}