{"id":11315,"date":"2025-03-04T08:31:10","date_gmt":"2025-03-04T06:31:10","guid":{"rendered":"https:\/\/reviva.fi\/product\/silica-complete-lamberts\/"},"modified":"2025-03-04T15:07:38","modified_gmt":"2025-03-04T13:07:38","slug":"silica-complete-lamberts","status":"publish","type":"product","link":"https:\/\/reviva.fi\/fi\/tuote\/silica-complete-lamberts\/","title":{"rendered":"Silica Complete Lamberts"},"content":{"rendered":"<p>Silica Complete Lamberts<\/p>\n<p data-start=\"0\" data-end=\"312\">T\u00e4m\u00e4 ainutlaatuinen koostumus on luultavasti kattavin lis\u00e4aine hiuksille, iholle ja kynsille, joka on saatavilla. Vain yksi tabletti tarjoaa per\u00e4ti 200 mg piit\u00e4. K\u00e4yt\u00e4mme luonnollisesti valmistettua piit\u00e4 bambuparkista, koska se sis\u00e4lt\u00e4\u00e4 75 % orgaanista piit\u00e4 ja on yksi rikkain ja biok\u00e4ytett\u00e4vimmist\u00e4 muodoista.<\/p>\n<p data-start=\"314\" data-end=\"535\" data-is-last-node=\"\" data-is-only-node=\"\">T\u00e4m\u00e4n lis\u00e4ksi olemme lis\u00e4nneet MSM:\u00e4\u00e4 (metyylisulfonyylimetaania), luonnollista rikki\u00e4 sis\u00e4lt\u00e4v\u00e4\u00e4 yhdistett\u00e4, joka on t\u00e4rke\u00e4 ravintol\u00e4hde kehon proteiinien tuotannolle, joista monet l\u00f6ytyv\u00e4t hiuksista, ihosta ja kynsist\u00e4.<\/p>\n","protected":false},"excerpt":{"rendered":"<ul>\n<li data-start=\"0\" data-end=\"290\">K\u00e4yt\u00e4mme luonnollisesti valmistettua piit\u00e4 bambuparkista.<\/li>\n<li data-start=\"0\" data-end=\"290\">Sis\u00e4lt\u00e4\u00e4 my\u00f6s 300 mg MSM:\u00e4\u00e4 (metyylisulfonyylimetaania).<\/li>\n<li data-start=\"0\" data-end=\"290\">Biotiini edist\u00e4\u00e4 normaalin hiusten ja ihon s\u00e4ilymist\u00e4.<\/li>\n<li data-start=\"0\" data-end=\"290\">Sinkki edist\u00e4\u00e4 normaalin ihon, hiusten ja kynsien s\u00e4ilymist\u00e4.<\/li>\n<li data-start=\"0\" data-end=\"290\">C-vitamiini tukee normaalin kollageenin tuotantoa.<\/li>\n<\/ul>\n<p data-start=\"292\" data-end=\"304\" data-is-last-node=\"\" data-is-only-node=\"\"><strong>60 tablettia<\/strong><\/p>\n","protected":false},"featured_media":11251,"comment_status":"closed","ping_status":"closed","template":"","meta":{"_acf_changed":false,"inline_featured_image":false,"_kad_blocks_custom_css":"","_kad_blocks_head_custom_js":"","_kad_blocks_body_custom_js":"","_kad_blocks_footer_custom_js":"","_kadence_starter_templates_imported_post":false,"_kad_post_transparent":"default","_kad_post_title":"","_kad_post_layout":"default","_kad_post_sidebar_id":"","_kad_post_content_style":"default","_kad_post_vertical_padding":"default","_kad_post_feature":"","_kad_post_feature_position":"","_kad_post_header":false,"_kad_post_footer":false},"product_brand":[],"product_cat":[5978,2444,2387,2371,2350],"product_tag":[412,2901,5485,5516,3037,3070,4532,2916,1089,5517,4733,5518,5519,2962,5520,5521,5522,5480,1567,4468,520,2959],"class_list":{"0":"post-11315","1":"product","2":"type-product","3":"status-publish","4":"has-post-thumbnail","6":"product_cat-multi-produkter-fi","7":"product_cat-lamberts-fi","8":"product_cat-mage-och-tarm-fi","9":"product_cat-muskler-och-leder-fi","10":"product_cat-hud-och-skonhet-fi","11":"product_tag-antioksidantti","12":"product_tag-biotiini","13":"product_tag-en-kapsel-per-dag-fi","14":"product_tag-har-fi","15":"product_tag-iho","16":"product_tag-kollageeni","17":"product_tag-lamberts-fi","18":"product_tag-mineraalit","19":"product_tag-msm-fi","20":"product_tag-naglar-fi","21":"product_tag-piidioksidi","22":"product_tag-silica-complete-fi","23":"product_tag-silica-fran-bambu-fi","24":"product_tag-sinkki","25":"product_tag-skonhet-fi","26":"product_tag-stod-for-bindvav-fi","27":"product_tag-stod-for-harvaxt-fi","28":"product_tag-tillverkat-i-storbritannien-fi","29":"product_tag-vahvistaminen","30":"product_tag-vegaaninen","31":"product_tag-vitamiini","32":"product_tag-vitamiini-c","34":"first","35":"instock","36":"taxable","37":"shipping-taxable","38":"purchasable","39":"product-type-simple","40":"entry","41":"content-bg","42":"loop-entry"},"acf":[],"yoast_head":"<!-- This site is optimized with the Yoast SEO plugin v25.8 - https:\/\/yoast.com\/wordpress\/plugins\/seo\/ -->\n<title>Silica Complete Lamberts - Reviva<\/title>\n<meta name=\"description\" content=\"Silica Complete Lamberts on edistynyt koostumus hiuksille, iholle ja kynsille. Sis\u00e4lt\u00e4\u00e4 luonnollista piit\u00e4 bambu-uuteesta, MSM:\u00e4\u00e4 ja t\u00e4rkeit\u00e4 ravintoaineita\" \/>\n<meta name=\"robots\" content=\"index, follow, max-snippet:-1, max-image-preview:large, max-video-preview:-1\" \/>\n<link rel=\"canonical\" href=\"https:\/\/reviva.fi\/fi\/tuote\/silica-complete-lamberts\/\" \/>\n<meta property=\"og:locale\" content=\"fi_FI\" \/>\n<meta property=\"og:type\" content=\"article\" \/>\n<meta property=\"og:title\" content=\"Silica Complete Lamberts - Reviva\" \/>\n<meta property=\"og:description\" content=\"Silica Complete Lamberts on edistynyt koostumus hiuksille, iholle ja kynsille. Sis\u00e4lt\u00e4\u00e4 luonnollista piit\u00e4 bambu-uuteesta, MSM:\u00e4\u00e4 ja t\u00e4rkeit\u00e4 ravintoaineita\" \/>\n<meta property=\"og:url\" content=\"https:\/\/reviva.fi\/fi\/tuote\/silica-complete-lamberts\/\" \/>\n<meta property=\"og:site_name\" content=\"Reviva\" \/>\n<meta property=\"article:modified_time\" content=\"2025-03-04T13:07:38+00:00\" \/>\n<meta property=\"og:image\" content=\"https:\/\/reviva.fi\/wp-content\/uploads\/2025\/03\/8545-silica-complete.jpg\" \/>\n\t<meta property=\"og:image:width\" content=\"780\" \/>\n\t<meta property=\"og:image:height\" content=\"780\" \/>\n\t<meta property=\"og:image:type\" content=\"image\/jpeg\" \/>\n<meta name=\"twitter:card\" content=\"summary_large_image\" \/>\n<script type=\"application\/ld+json\" class=\"yoast-schema-graph\">{\"@context\":\"https:\/\/schema.org\",\"@graph\":[{\"@type\":\"WebPage\",\"@id\":\"https:\/\/reviva.fi\/fi\/tuote\/silica-complete-lamberts\/\",\"url\":\"https:\/\/reviva.fi\/fi\/tuote\/silica-complete-lamberts\/\",\"name\":\"Silica Complete Lamberts - Reviva\",\"isPartOf\":{\"@id\":\"https:\/\/reviva.fi\/fi\/#website\"},\"primaryImageOfPage\":{\"@id\":\"https:\/\/reviva.fi\/fi\/tuote\/silica-complete-lamberts\/#primaryimage\"},\"image\":{\"@id\":\"https:\/\/reviva.fi\/fi\/tuote\/silica-complete-lamberts\/#primaryimage\"},\"thumbnailUrl\":\"https:\/\/reviva.fi\/wp-content\/uploads\/2025\/03\/8545-silica-complete.jpg\",\"datePublished\":\"2025-03-04T06:31:10+00:00\",\"dateModified\":\"2025-03-04T13:07:38+00:00\",\"description\":\"Silica Complete Lamberts on edistynyt koostumus hiuksille, iholle ja kynsille. Sis\u00e4lt\u00e4\u00e4 luonnollista piit\u00e4 bambu-uuteesta, MSM:\u00e4\u00e4 ja t\u00e4rkeit\u00e4 ravintoaineita\",\"breadcrumb\":{\"@id\":\"https:\/\/reviva.fi\/fi\/tuote\/silica-complete-lamberts\/#breadcrumb\"},\"inLanguage\":\"fi\",\"potentialAction\":[{\"@type\":\"ReadAction\",\"target\":[\"https:\/\/reviva.fi\/fi\/tuote\/silica-complete-lamberts\/\"]}]},{\"@type\":\"ImageObject\",\"inLanguage\":\"fi\",\"@id\":\"https:\/\/reviva.fi\/fi\/tuote\/silica-complete-lamberts\/#primaryimage\",\"url\":\"https:\/\/reviva.fi\/wp-content\/uploads\/2025\/03\/8545-silica-complete.jpg\",\"contentUrl\":\"https:\/\/reviva.fi\/wp-content\/uploads\/2025\/03\/8545-silica-complete.jpg\",\"width\":780,\"height\":780,\"caption\":\"Silica Complete Lamberts\"},{\"@type\":\"BreadcrumbList\",\"@id\":\"https:\/\/reviva.fi\/fi\/tuote\/silica-complete-lamberts\/#breadcrumb\",\"itemListElement\":[{\"@type\":\"ListItem\",\"position\":1,\"name\":\"Etusivu\",\"item\":\"https:\/\/reviva.fi\/fi\/\"},{\"@type\":\"ListItem\",\"position\":2,\"name\":\"Tuotteet\",\"item\":\"https:\/\/reviva.fi\/produkter\/\"},{\"@type\":\"ListItem\",\"position\":3,\"name\":\"Silica Complete Lamberts\"}]},{\"@type\":\"WebSite\",\"@id\":\"https:\/\/reviva.fi\/fi\/#website\",\"url\":\"https:\/\/reviva.fi\/fi\/\",\"name\":\"Reviva\",\"description\":\"\",\"publisher\":{\"@id\":\"https:\/\/reviva.fi\/fi\/#organization\"},\"potentialAction\":[{\"@type\":\"SearchAction\",\"target\":{\"@type\":\"EntryPoint\",\"urlTemplate\":\"https:\/\/reviva.fi\/fi\/?s={search_term_string}\"},\"query-input\":{\"@type\":\"PropertyValueSpecification\",\"valueRequired\":true,\"valueName\":\"search_term_string\"}}],\"inLanguage\":\"fi\"},{\"@type\":\"Organization\",\"@id\":\"https:\/\/reviva.fi\/fi\/#organization\",\"name\":\"Reviva\",\"url\":\"https:\/\/reviva.fi\/fi\/\",\"logo\":{\"@type\":\"ImageObject\",\"inLanguage\":\"fi\",\"@id\":\"https:\/\/reviva.fi\/fi\/#\/schema\/logo\/image\/\",\"url\":\"https:\/\/reviva.fi\/wp-content\/uploads\/2023\/10\/reviva-logo2.svg\",\"contentUrl\":\"https:\/\/reviva.fi\/wp-content\/uploads\/2023\/10\/reviva-logo2.svg\",\"caption\":\"Reviva\"},\"image\":{\"@id\":\"https:\/\/reviva.fi\/fi\/#\/schema\/logo\/image\/\"}}]}<\/script>\n<meta property=\"product:price:amount\" content=\"22.40\" \/>\n<meta property=\"product:price:currency\" content=\"EUR\" \/>\n<meta property=\"og:availability\" content=\"instock\" \/>\n<meta property=\"product:availability\" content=\"instock\" \/>\n<meta property=\"product:retailer_item_id\" content=\"8545-60\" \/>\n<meta property=\"product:condition\" content=\"new\" \/>\n<!-- \/ Yoast SEO plugin. -->","yoast_head_json":{"title":"Silica Complete Lamberts - Reviva","description":"Silica Complete Lamberts on edistynyt koostumus hiuksille, iholle ja kynsille. Sis\u00e4lt\u00e4\u00e4 luonnollista piit\u00e4 bambu-uuteesta, MSM:\u00e4\u00e4 ja t\u00e4rkeit\u00e4 ravintoaineita","robots":{"index":"index","follow":"follow","max-snippet":"max-snippet:-1","max-image-preview":"max-image-preview:large","max-video-preview":"max-video-preview:-1"},"canonical":"https:\/\/reviva.fi\/fi\/tuote\/silica-complete-lamberts\/","og_locale":"fi_FI","og_type":"article","og_title":"Silica Complete Lamberts - Reviva","og_description":"Silica Complete Lamberts on edistynyt koostumus hiuksille, iholle ja kynsille. Sis\u00e4lt\u00e4\u00e4 luonnollista piit\u00e4 bambu-uuteesta, MSM:\u00e4\u00e4 ja t\u00e4rkeit\u00e4 ravintoaineita","og_url":"https:\/\/reviva.fi\/fi\/tuote\/silica-complete-lamberts\/","og_site_name":"Reviva","article_modified_time":"2025-03-04T13:07:38+00:00","og_image":[{"width":780,"height":780,"url":"https:\/\/reviva.fi\/wp-content\/uploads\/2025\/03\/8545-silica-complete.jpg","type":"image\/jpeg"}],"twitter_card":"summary_large_image","schema":{"@context":"https:\/\/schema.org","@graph":[{"@type":"WebPage","@id":"https:\/\/reviva.fi\/fi\/tuote\/silica-complete-lamberts\/","url":"https:\/\/reviva.fi\/fi\/tuote\/silica-complete-lamberts\/","name":"Silica Complete Lamberts - Reviva","isPartOf":{"@id":"https:\/\/reviva.fi\/fi\/#website"},"primaryImageOfPage":{"@id":"https:\/\/reviva.fi\/fi\/tuote\/silica-complete-lamberts\/#primaryimage"},"image":{"@id":"https:\/\/reviva.fi\/fi\/tuote\/silica-complete-lamberts\/#primaryimage"},"thumbnailUrl":"https:\/\/reviva.fi\/wp-content\/uploads\/2025\/03\/8545-silica-complete.jpg","datePublished":"2025-03-04T06:31:10+00:00","dateModified":"2025-03-04T13:07:38+00:00","description":"Silica Complete Lamberts on edistynyt koostumus hiuksille, iholle ja kynsille. Sis\u00e4lt\u00e4\u00e4 luonnollista piit\u00e4 bambu-uuteesta, MSM:\u00e4\u00e4 ja t\u00e4rkeit\u00e4 ravintoaineita","breadcrumb":{"@id":"https:\/\/reviva.fi\/fi\/tuote\/silica-complete-lamberts\/#breadcrumb"},"inLanguage":"fi","potentialAction":[{"@type":"ReadAction","target":["https:\/\/reviva.fi\/fi\/tuote\/silica-complete-lamberts\/"]}]},{"@type":"ImageObject","inLanguage":"fi","@id":"https:\/\/reviva.fi\/fi\/tuote\/silica-complete-lamberts\/#primaryimage","url":"https:\/\/reviva.fi\/wp-content\/uploads\/2025\/03\/8545-silica-complete.jpg","contentUrl":"https:\/\/reviva.fi\/wp-content\/uploads\/2025\/03\/8545-silica-complete.jpg","width":780,"height":780,"caption":"Silica Complete Lamberts"},{"@type":"BreadcrumbList","@id":"https:\/\/reviva.fi\/fi\/tuote\/silica-complete-lamberts\/#breadcrumb","itemListElement":[{"@type":"ListItem","position":1,"name":"Etusivu","item":"https:\/\/reviva.fi\/fi\/"},{"@type":"ListItem","position":2,"name":"Tuotteet","item":"https:\/\/reviva.fi\/produkter\/"},{"@type":"ListItem","position":3,"name":"Silica Complete Lamberts"}]},{"@type":"WebSite","@id":"https:\/\/reviva.fi\/fi\/#website","url":"https:\/\/reviva.fi\/fi\/","name":"Reviva","description":"","publisher":{"@id":"https:\/\/reviva.fi\/fi\/#organization"},"potentialAction":[{"@type":"SearchAction","target":{"@type":"EntryPoint","urlTemplate":"https:\/\/reviva.fi\/fi\/?s={search_term_string}"},"query-input":{"@type":"PropertyValueSpecification","valueRequired":true,"valueName":"search_term_string"}}],"inLanguage":"fi"},{"@type":"Organization","@id":"https:\/\/reviva.fi\/fi\/#organization","name":"Reviva","url":"https:\/\/reviva.fi\/fi\/","logo":{"@type":"ImageObject","inLanguage":"fi","@id":"https:\/\/reviva.fi\/fi\/#\/schema\/logo\/image\/","url":"https:\/\/reviva.fi\/wp-content\/uploads\/2023\/10\/reviva-logo2.svg","contentUrl":"https:\/\/reviva.fi\/wp-content\/uploads\/2023\/10\/reviva-logo2.svg","caption":"Reviva"},"image":{"@id":"https:\/\/reviva.fi\/fi\/#\/schema\/logo\/image\/"}}]},"product_price_amount":"22.40","product_price_currency":"EUR","og_availability":"instock","product_availability":"instock","product_retailer_item_id":"8545-60","product_condition":"new"},"taxonomy_info":{"product_cat":[{"value":5978,"label":"Multi tuotteet"},{"value":2444,"label":"Lamberts"},{"value":2387,"label":"Maha &amp; Suolisto"},{"value":2371,"label":"Nivelet &amp; Lihakset"},{"value":2350,"label":"Iho &amp; Kauneus"}],"product_tag":[{"value":412,"label":"antioksidantti"},{"value":2901,"label":"Biotiini"},{"value":5485,"label":"En kapsel per dag"},{"value":5516,"label":"h\u00e5r"},{"value":3037,"label":"iho"},{"value":3070,"label":"Kollageeni"},{"value":4532,"label":"Lamberts"},{"value":2916,"label":"Mineraalit"},{"value":1089,"label":"MSM"},{"value":5517,"label":"naglar"},{"value":4733,"label":"piidioksidi"},{"value":5518,"label":"Silica Complete"},{"value":5519,"label":"Silica fr\u00e5n bambu"},{"value":2962,"label":"Sinkki"},{"value":5520,"label":"Sk\u00f6nhet"},{"value":5521,"label":"St\u00f6d f\u00f6r bindv\u00e4v"},{"value":5522,"label":"St\u00f6d f\u00f6r h\u00e5rv\u00e4xt"},{"value":5480,"label":"Tillverkat i Storbritannien"},{"value":1567,"label":"vahvistaminen"},{"value":4468,"label":"Vegaaninen"},{"value":520,"label":"vitamiini"},{"value":2959,"label":"Vitamiini C"}]},"featured_image_src_large":["https:\/\/reviva.fi\/wp-content\/uploads\/2025\/03\/8545-silica-complete.jpg",780,780,false],"author_info":[],"comment_info":0,"_links":{"self":[{"href":"https:\/\/reviva.fi\/fi\/wp-json\/wp\/v2\/product\/11315","targetHints":{"allow":["GET"]}}],"collection":[{"href":"https:\/\/reviva.fi\/fi\/wp-json\/wp\/v2\/product"}],"about":[{"href":"https:\/\/reviva.fi\/fi\/wp-json\/wp\/v2\/types\/product"}],"replies":[{"embeddable":true,"href":"https:\/\/reviva.fi\/fi\/wp-json\/wp\/v2\/comments?post=11315"}],"wp:featuredmedia":[{"embeddable":true,"href":"https:\/\/reviva.fi\/fi\/wp-json\/wp\/v2\/media\/11251"}],"wp:attachment":[{"href":"https:\/\/reviva.fi\/fi\/wp-json\/wp\/v2\/media?parent=11315"}],"wp:term":[{"taxonomy":"product_brand","embeddable":true,"href":"https:\/\/reviva.fi\/fi\/wp-json\/wp\/v2\/product_brand?post=11315"},{"taxonomy":"product_cat","embeddable":true,"href":"https:\/\/reviva.fi\/fi\/wp-json\/wp\/v2\/product_cat?post=11315"},{"taxonomy":"product_tag","embeddable":true,"href":"https:\/\/reviva.fi\/fi\/wp-json\/wp\/v2\/product_tag?post=11315"}],"curies":[{"name":"wp","href":"https:\/\/api.w.org\/{rel}","templated":true}]}}