{"id":11319,"date":"2025-03-04T08:25:15","date_gmt":"2025-03-04T06:25:15","guid":{"rendered":"https:\/\/reviva.fi\/product\/pycnogenol-lamberts\/"},"modified":"2025-03-04T15:17:05","modified_gmt":"2025-03-04T13:17:05","slug":"pycnogenol-lamberts","status":"publish","type":"product","link":"https:\/\/reviva.fi\/fi\/tuote\/pycnogenol-lamberts\/","title":{"rendered":"Pycnogenol &#8211; Lamberts"},"content":{"rendered":"<p><strong>Pycnogenol &#8211; Lamberts<\/strong><\/p>\n<p data-start=\"0\" data-end=\"136\">Pycnogenol\u00ae on uute Ranskan rantam\u00e4nnyn kuoresta, ja se on rikas proantosyanidiineista, flavonoidiperheen kasviyhdisteiden alaryhm\u00e4st\u00e4.<\/p>\n<p data-start=\"138\" data-end=\"309\">Esihistoriallinen ruokavalioamme olisi sis\u00e4lt\u00e4nyt merkitt\u00e4vi\u00e4 m\u00e4\u00e4ri\u00e4 n\u00e4it\u00e4 PCO-yhdisteit\u00e4, sill\u00e4 ne esiintyv\u00e4t luonnollisesti tummissa hedelmiss\u00e4, marjoissa ja siemeniss\u00e4.<\/p>\n<p data-start=\"311\" data-end=\"397\" data-is-last-node=\"\" data-is-only-node=\"\">Lambertsin Pycnogenol\u00ae on vegaaninen, ja jokainen kapseli sis\u00e4lt\u00e4\u00e4 40 mg t\u00e4t\u00e4 uutetta.<\/p>\n","protected":false},"excerpt":{"rendered":"<ul>\n<li data-start=\"0\" data-end=\"275\">Pycnogenol\u00ae on uute Ranskan rantam\u00e4nnyn kuoresta.<\/li>\n<li data-start=\"0\" data-end=\"275\">Rikas proantosyanidiineista, jotka ovat flavonoidiperheen alaryhm\u00e4\u00e4.<\/li>\n<li data-start=\"0\" data-end=\"275\">Lambertsin Colladeen\u00ae-tuotteet sis\u00e4lt\u00e4v\u00e4t my\u00f6s kasviyhdisteit\u00e4 nimelt\u00e4 antosyanidiinit, jotka ovat l\u00e4heisesti sukua Pycnogenolissa oleville yhdisteille.<\/li>\n<\/ul>\n<p data-start=\"277\" data-end=\"288\" data-is-last-node=\"\" data-is-only-node=\"\"><strong>60 kapselia<\/strong><\/p>\n","protected":false},"featured_media":11248,"comment_status":"closed","ping_status":"closed","template":"","meta":{"_acf_changed":false,"inline_featured_image":false,"_kad_blocks_custom_css":"","_kad_blocks_head_custom_js":"","_kad_blocks_body_custom_js":"","_kad_blocks_footer_custom_js":"","_kadence_starter_templates_imported_post":false,"_kad_post_transparent":"default","_kad_post_title":"","_kad_post_layout":"default","_kad_post_sidebar_id":"","_kad_post_content_style":"default","_kad_post_vertical_padding":"default","_kad_post_feature":"","_kad_post_feature_position":"","_kad_post_header":false,"_kad_post_footer":false},"product_brand":[],"product_cat":[141,2444,2387,2357],"product_tag":[412,5494,5523,5524,5485,5525,4629,3037,4778,444,4404,4532,5526,5527,5520,5528,4419,5457,4468],"class_list":{"0":"post-11319","1":"product","2":"type-product","3":"status-publish","4":"has-post-thumbnail","6":"product_cat-orter-fi","7":"product_cat-lamberts-fi","8":"product_cat-mage-och-tarm-fi","9":"product_cat-immunforsvar-fi","10":"product_tag-antioksidantti","11":"product_tag-blodcirkulation-fi","12":"product_tag-blodsocker-fi","13":"product_tag-celler-fi","14":"product_tag-en-kapsel-per-dag-fi","15":"product_tag-fran-tallbark-fi","16":"product_tag-fyysista-suorituskykya","17":"product_tag-iho","18":"product_tag-ikaantyminen","19":"product_tag-immuunijarjestelma","20":"product_tag-kasvipohjainen","21":"product_tag-lamberts-fi","22":"product_tag-naturlig-kalla-fi","23":"product_tag-pycnogenol-fi","24":"product_tag-skonhet-fi","25":"product_tag-skydd-mot-fria-radikaler-fi","26":"product_tag-sydanterveytta","27":"product_tag-tillverkad-i-storbritannien-fi","28":"product_tag-vegaaninen","30":"first","31":"instock","32":"taxable","33":"shipping-taxable","34":"purchasable","35":"product-type-simple","36":"entry","37":"content-bg","38":"loop-entry"},"acf":[],"yoast_head":"<!-- This site is optimized with the Yoast SEO plugin v25.8 - https:\/\/yoast.com\/wordpress\/plugins\/seo\/ -->\n<title>Pycnogenol - Lamberts - Reviva<\/title>\n<meta name=\"description\" content=\"Pycnogenol - Lamberts Sis\u00e4lt\u00e4\u00e4 korkealaatuisen uutteen Ranskan rannikkotammesta (Pinus pinaster). Suojaa kehon soluja oksidatiiviselta stressilt\u00e4.\" \/>\n<meta name=\"robots\" content=\"index, follow, max-snippet:-1, max-image-preview:large, max-video-preview:-1\" \/>\n<link rel=\"canonical\" href=\"https:\/\/reviva.fi\/fi\/tuote\/pycnogenol-lamberts\/\" \/>\n<meta property=\"og:locale\" content=\"fi_FI\" \/>\n<meta property=\"og:type\" content=\"article\" \/>\n<meta property=\"og:title\" content=\"Pycnogenol - Lamberts - Reviva\" \/>\n<meta property=\"og:description\" content=\"Pycnogenol - Lamberts Sis\u00e4lt\u00e4\u00e4 korkealaatuisen uutteen Ranskan rannikkotammesta (Pinus pinaster). Suojaa kehon soluja oksidatiiviselta stressilt\u00e4.\" \/>\n<meta property=\"og:url\" content=\"https:\/\/reviva.fi\/fi\/tuote\/pycnogenol-lamberts\/\" \/>\n<meta property=\"og:site_name\" content=\"Reviva\" \/>\n<meta property=\"article:modified_time\" content=\"2025-03-04T13:17:05+00:00\" \/>\n<meta property=\"og:image\" content=\"https:\/\/reviva.fi\/wp-content\/uploads\/2025\/03\/8550-pycnogenol.jpg\" \/>\n\t<meta property=\"og:image:width\" content=\"780\" \/>\n\t<meta property=\"og:image:height\" content=\"780\" \/>\n\t<meta property=\"og:image:type\" content=\"image\/jpeg\" \/>\n<meta name=\"twitter:card\" content=\"summary_large_image\" \/>\n<script type=\"application\/ld+json\" class=\"yoast-schema-graph\">{\"@context\":\"https:\/\/schema.org\",\"@graph\":[{\"@type\":\"WebPage\",\"@id\":\"https:\/\/reviva.fi\/fi\/tuote\/pycnogenol-lamberts\/\",\"url\":\"https:\/\/reviva.fi\/fi\/tuote\/pycnogenol-lamberts\/\",\"name\":\"Pycnogenol - Lamberts - Reviva\",\"isPartOf\":{\"@id\":\"https:\/\/reviva.fi\/fi\/#website\"},\"primaryImageOfPage\":{\"@id\":\"https:\/\/reviva.fi\/fi\/tuote\/pycnogenol-lamberts\/#primaryimage\"},\"image\":{\"@id\":\"https:\/\/reviva.fi\/fi\/tuote\/pycnogenol-lamberts\/#primaryimage\"},\"thumbnailUrl\":\"https:\/\/reviva.fi\/wp-content\/uploads\/2025\/03\/8550-pycnogenol.jpg\",\"datePublished\":\"2025-03-04T06:25:15+00:00\",\"dateModified\":\"2025-03-04T13:17:05+00:00\",\"description\":\"Pycnogenol - Lamberts Sis\u00e4lt\u00e4\u00e4 korkealaatuisen uutteen Ranskan rannikkotammesta (Pinus pinaster). Suojaa kehon soluja oksidatiiviselta stressilt\u00e4.\",\"breadcrumb\":{\"@id\":\"https:\/\/reviva.fi\/fi\/tuote\/pycnogenol-lamberts\/#breadcrumb\"},\"inLanguage\":\"fi\",\"potentialAction\":[{\"@type\":\"ReadAction\",\"target\":[\"https:\/\/reviva.fi\/fi\/tuote\/pycnogenol-lamberts\/\"]}]},{\"@type\":\"ImageObject\",\"inLanguage\":\"fi\",\"@id\":\"https:\/\/reviva.fi\/fi\/tuote\/pycnogenol-lamberts\/#primaryimage\",\"url\":\"https:\/\/reviva.fi\/wp-content\/uploads\/2025\/03\/8550-pycnogenol.jpg\",\"contentUrl\":\"https:\/\/reviva.fi\/wp-content\/uploads\/2025\/03\/8550-pycnogenol.jpg\",\"width\":780,\"height\":780,\"caption\":\"Pycnogenol\u00ae - Lamberts\"},{\"@type\":\"BreadcrumbList\",\"@id\":\"https:\/\/reviva.fi\/fi\/tuote\/pycnogenol-lamberts\/#breadcrumb\",\"itemListElement\":[{\"@type\":\"ListItem\",\"position\":1,\"name\":\"Etusivu\",\"item\":\"https:\/\/reviva.fi\/fi\/\"},{\"@type\":\"ListItem\",\"position\":2,\"name\":\"Tuotteet\",\"item\":\"https:\/\/reviva.fi\/produkter\/\"},{\"@type\":\"ListItem\",\"position\":3,\"name\":\"Pycnogenol &#8211; Lamberts\"}]},{\"@type\":\"WebSite\",\"@id\":\"https:\/\/reviva.fi\/fi\/#website\",\"url\":\"https:\/\/reviva.fi\/fi\/\",\"name\":\"Reviva\",\"description\":\"\",\"publisher\":{\"@id\":\"https:\/\/reviva.fi\/fi\/#organization\"},\"potentialAction\":[{\"@type\":\"SearchAction\",\"target\":{\"@type\":\"EntryPoint\",\"urlTemplate\":\"https:\/\/reviva.fi\/fi\/?s={search_term_string}\"},\"query-input\":{\"@type\":\"PropertyValueSpecification\",\"valueRequired\":true,\"valueName\":\"search_term_string\"}}],\"inLanguage\":\"fi\"},{\"@type\":\"Organization\",\"@id\":\"https:\/\/reviva.fi\/fi\/#organization\",\"name\":\"Reviva\",\"url\":\"https:\/\/reviva.fi\/fi\/\",\"logo\":{\"@type\":\"ImageObject\",\"inLanguage\":\"fi\",\"@id\":\"https:\/\/reviva.fi\/fi\/#\/schema\/logo\/image\/\",\"url\":\"https:\/\/reviva.fi\/wp-content\/uploads\/2023\/10\/reviva-logo2.svg\",\"contentUrl\":\"https:\/\/reviva.fi\/wp-content\/uploads\/2023\/10\/reviva-logo2.svg\",\"caption\":\"Reviva\"},\"image\":{\"@id\":\"https:\/\/reviva.fi\/fi\/#\/schema\/logo\/image\/\"}}]}<\/script>\n<meta property=\"product:price:amount\" content=\"52.40\" \/>\n<meta property=\"product:price:currency\" content=\"EUR\" \/>\n<meta property=\"og:availability\" content=\"instock\" \/>\n<meta property=\"product:availability\" content=\"instock\" \/>\n<meta property=\"product:retailer_item_id\" content=\"8550-60\" \/>\n<meta property=\"product:condition\" content=\"new\" \/>\n<!-- \/ Yoast SEO plugin. -->","yoast_head_json":{"title":"Pycnogenol - Lamberts - Reviva","description":"Pycnogenol - Lamberts Sis\u00e4lt\u00e4\u00e4 korkealaatuisen uutteen Ranskan rannikkotammesta (Pinus pinaster). Suojaa kehon soluja oksidatiiviselta stressilt\u00e4.","robots":{"index":"index","follow":"follow","max-snippet":"max-snippet:-1","max-image-preview":"max-image-preview:large","max-video-preview":"max-video-preview:-1"},"canonical":"https:\/\/reviva.fi\/fi\/tuote\/pycnogenol-lamberts\/","og_locale":"fi_FI","og_type":"article","og_title":"Pycnogenol - Lamberts - Reviva","og_description":"Pycnogenol - Lamberts Sis\u00e4lt\u00e4\u00e4 korkealaatuisen uutteen Ranskan rannikkotammesta (Pinus pinaster). Suojaa kehon soluja oksidatiiviselta stressilt\u00e4.","og_url":"https:\/\/reviva.fi\/fi\/tuote\/pycnogenol-lamberts\/","og_site_name":"Reviva","article_modified_time":"2025-03-04T13:17:05+00:00","og_image":[{"width":780,"height":780,"url":"https:\/\/reviva.fi\/wp-content\/uploads\/2025\/03\/8550-pycnogenol.jpg","type":"image\/jpeg"}],"twitter_card":"summary_large_image","schema":{"@context":"https:\/\/schema.org","@graph":[{"@type":"WebPage","@id":"https:\/\/reviva.fi\/fi\/tuote\/pycnogenol-lamberts\/","url":"https:\/\/reviva.fi\/fi\/tuote\/pycnogenol-lamberts\/","name":"Pycnogenol - Lamberts - Reviva","isPartOf":{"@id":"https:\/\/reviva.fi\/fi\/#website"},"primaryImageOfPage":{"@id":"https:\/\/reviva.fi\/fi\/tuote\/pycnogenol-lamberts\/#primaryimage"},"image":{"@id":"https:\/\/reviva.fi\/fi\/tuote\/pycnogenol-lamberts\/#primaryimage"},"thumbnailUrl":"https:\/\/reviva.fi\/wp-content\/uploads\/2025\/03\/8550-pycnogenol.jpg","datePublished":"2025-03-04T06:25:15+00:00","dateModified":"2025-03-04T13:17:05+00:00","description":"Pycnogenol - Lamberts Sis\u00e4lt\u00e4\u00e4 korkealaatuisen uutteen Ranskan rannikkotammesta (Pinus pinaster). Suojaa kehon soluja oksidatiiviselta stressilt\u00e4.","breadcrumb":{"@id":"https:\/\/reviva.fi\/fi\/tuote\/pycnogenol-lamberts\/#breadcrumb"},"inLanguage":"fi","potentialAction":[{"@type":"ReadAction","target":["https:\/\/reviva.fi\/fi\/tuote\/pycnogenol-lamberts\/"]}]},{"@type":"ImageObject","inLanguage":"fi","@id":"https:\/\/reviva.fi\/fi\/tuote\/pycnogenol-lamberts\/#primaryimage","url":"https:\/\/reviva.fi\/wp-content\/uploads\/2025\/03\/8550-pycnogenol.jpg","contentUrl":"https:\/\/reviva.fi\/wp-content\/uploads\/2025\/03\/8550-pycnogenol.jpg","width":780,"height":780,"caption":"Pycnogenol\u00ae - Lamberts"},{"@type":"BreadcrumbList","@id":"https:\/\/reviva.fi\/fi\/tuote\/pycnogenol-lamberts\/#breadcrumb","itemListElement":[{"@type":"ListItem","position":1,"name":"Etusivu","item":"https:\/\/reviva.fi\/fi\/"},{"@type":"ListItem","position":2,"name":"Tuotteet","item":"https:\/\/reviva.fi\/produkter\/"},{"@type":"ListItem","position":3,"name":"Pycnogenol &#8211; Lamberts"}]},{"@type":"WebSite","@id":"https:\/\/reviva.fi\/fi\/#website","url":"https:\/\/reviva.fi\/fi\/","name":"Reviva","description":"","publisher":{"@id":"https:\/\/reviva.fi\/fi\/#organization"},"potentialAction":[{"@type":"SearchAction","target":{"@type":"EntryPoint","urlTemplate":"https:\/\/reviva.fi\/fi\/?s={search_term_string}"},"query-input":{"@type":"PropertyValueSpecification","valueRequired":true,"valueName":"search_term_string"}}],"inLanguage":"fi"},{"@type":"Organization","@id":"https:\/\/reviva.fi\/fi\/#organization","name":"Reviva","url":"https:\/\/reviva.fi\/fi\/","logo":{"@type":"ImageObject","inLanguage":"fi","@id":"https:\/\/reviva.fi\/fi\/#\/schema\/logo\/image\/","url":"https:\/\/reviva.fi\/wp-content\/uploads\/2023\/10\/reviva-logo2.svg","contentUrl":"https:\/\/reviva.fi\/wp-content\/uploads\/2023\/10\/reviva-logo2.svg","caption":"Reviva"},"image":{"@id":"https:\/\/reviva.fi\/fi\/#\/schema\/logo\/image\/"}}]},"product_price_amount":"52.40","product_price_currency":"EUR","og_availability":"instock","product_availability":"instock","product_retailer_item_id":"8550-60","product_condition":"new"},"taxonomy_info":{"product_cat":[{"value":141,"label":"Yrtit"},{"value":2444,"label":"Lamberts"},{"value":2387,"label":"Maha &amp; Suolisto"},{"value":2357,"label":"Immuunipuolustus"}],"product_tag":[{"value":412,"label":"antioksidantti"},{"value":5494,"label":"Blodcirkulation"},{"value":5523,"label":"Blodsocker"},{"value":5524,"label":"Celler"},{"value":5485,"label":"En kapsel per dag"},{"value":5525,"label":"Fr\u00e5n tallbark"},{"value":4629,"label":"fyysist\u00e4 suorituskyky\u00e4"},{"value":3037,"label":"iho"},{"value":4778,"label":"ik\u00e4\u00e4ntyminen"},{"value":444,"label":"immuunij\u00e4rjestelm\u00e4"},{"value":4404,"label":"Kasvipohjainen"},{"value":4532,"label":"Lamberts"},{"value":5526,"label":"Naturlig k\u00e4lla"},{"value":5527,"label":"Pycnogenol"},{"value":5520,"label":"Sk\u00f6nhet"},{"value":5528,"label":"Skydd mot fria radikaler"},{"value":4419,"label":"Syd\u00e4nterveytt\u00e4"},{"value":5457,"label":"Tillverkad i Storbritannien"},{"value":4468,"label":"Vegaaninen"}]},"featured_image_src_large":["https:\/\/reviva.fi\/wp-content\/uploads\/2025\/03\/8550-pycnogenol.jpg",780,780,false],"author_info":[],"comment_info":0,"_links":{"self":[{"href":"https:\/\/reviva.fi\/fi\/wp-json\/wp\/v2\/product\/11319","targetHints":{"allow":["GET"]}}],"collection":[{"href":"https:\/\/reviva.fi\/fi\/wp-json\/wp\/v2\/product"}],"about":[{"href":"https:\/\/reviva.fi\/fi\/wp-json\/wp\/v2\/types\/product"}],"replies":[{"embeddable":true,"href":"https:\/\/reviva.fi\/fi\/wp-json\/wp\/v2\/comments?post=11319"}],"wp:featuredmedia":[{"embeddable":true,"href":"https:\/\/reviva.fi\/fi\/wp-json\/wp\/v2\/media\/11248"}],"wp:attachment":[{"href":"https:\/\/reviva.fi\/fi\/wp-json\/wp\/v2\/media?parent=11319"}],"wp:term":[{"taxonomy":"product_brand","embeddable":true,"href":"https:\/\/reviva.fi\/fi\/wp-json\/wp\/v2\/product_brand?post=11319"},{"taxonomy":"product_cat","embeddable":true,"href":"https:\/\/reviva.fi\/fi\/wp-json\/wp\/v2\/product_cat?post=11319"},{"taxonomy":"product_tag","embeddable":true,"href":"https:\/\/reviva.fi\/fi\/wp-json\/wp\/v2\/product_tag?post=11319"}],"curies":[{"name":"wp","href":"https:\/\/api.w.org\/{rel}","templated":true}]}}