{"id":11321,"date":"2025-03-04T08:21:43","date_gmt":"2025-03-04T06:21:43","guid":{"rendered":"https:\/\/reviva.fi\/product\/refreshall-lamberts\/"},"modified":"2025-03-04T15:27:15","modified_gmt":"2025-03-04T13:27:15","slug":"refreshall-lamberts","status":"publish","type":"product","link":"https:\/\/reviva.fi\/fi\/tuote\/refreshall-lamberts\/","title":{"rendered":"Refreshall &#8211; Lamberts"},"content":{"rendered":"<p><strong>Refreshall &#8211; Lamberts<\/strong><\/p>\n<p data-start=\"0\" data-end=\"285\">Refreshall\u00ae on korkean pitoisuuden tuote, joka kahden tabletin p\u00e4ivitt\u00e4isell\u00e4 annoksella tarjoaa per\u00e4ti 6000 mg ginkgoyrtti\u00e4 \u2013 sen m\u00e4\u00e4r\u00e4n, jota on k\u00e4ytetty tieteellisiss\u00e4 tutkimuksissa \u2013 sek\u00e4 kolmea muuta yrtti\u00e4: sitruunamelissaa, salviaa ja rosmariinia, kaikki merkitt\u00e4viss\u00e4 m\u00e4\u00e4riss\u00e4.<\/p>\n<p data-start=\"287\" data-end=\"689\">K\u00e4yt\u00e4mme samaa premium-laatuista ginkgouutetta Refreshall\u00ae-tuotteessa kuin puhtaissa ginkgotuotteissamme ja VeinTain\u00ae:ss\u00e4. Se on saatavilla oleva korkealaatuisin uute, koska vaadimme raaka-ainetta, jossa on matalat tasot luonnollisesti esiintyv\u00e4\u00e4, mutta ei-toivottua yhdisteit\u00e4, kuten ginkgohappoa. Mik\u00e4\u00e4n muu yritys Isossa-Britanniassa ei vaadi t\u00e4t\u00e4 laatua, mutta Saksassa vain t\u00e4m\u00e4 laatu on sallittu.<\/p>\n<p data-start=\"691\" data-end=\"853\" data-is-last-node=\"\" data-is-only-node=\"\">Ginkgo on yrtti, joka liitet\u00e4\u00e4n useimmiten muistiin sen hell\u00e4varaisen kyvyn ansiosta parantaa verenkiertoa ja n\u00e4in ollen hapen ja ravinteiden toimitusta aivoihin.<\/p>\n","protected":false},"excerpt":{"rendered":"<ul>\n<li data-start=\"0\" data-end=\"398\">Lamberts k\u00e4ytt\u00e4\u00e4 l\u00e4\u00e4kkeeksi luokiteltua ginkgoyrtti\u00e4 ja valittuja yrttej\u00e4.<\/li>\n<li data-start=\"0\" data-end=\"398\">Mik\u00e4\u00e4n muu yritys Isossa-Britanniassa ei vaadi t\u00e4t\u00e4 laatua.<\/li>\n<li data-start=\"0\" data-end=\"398\">Sis\u00e4lt\u00e4\u00e4 lis\u00e4ksi B-vitamiineja ja jodia, jotka edist\u00e4v\u00e4t normaalia neurologista ja psykologista toimintaa sek\u00e4 normaalia henkist\u00e4 suorituskyky\u00e4.<\/li>\n<li data-start=\"0\" data-end=\"398\">Tarjoaa per\u00e4ti 6000 mg ginkgoyrtti\u00e4.<\/li>\n<li data-start=\"0\" data-end=\"398\">Sis\u00e4lt\u00e4\u00e4 sitruunamelissaa, salviaa ja rosmariinia merkitt\u00e4viss\u00e4 m\u00e4\u00e4riss\u00e4.<\/li>\n<\/ul>\n<p data-start=\"400\" data-end=\"413\" data-is-last-node=\"\" data-is-only-node=\"\"><strong>120 tablettia<\/strong><\/p>\n","protected":false},"featured_media":11245,"comment_status":"closed","ping_status":"closed","template":"","meta":{"_acf_changed":false,"inline_featured_image":false,"_kad_blocks_custom_css":"","_kad_blocks_head_custom_js":"","_kad_blocks_body_custom_js":"","_kad_blocks_footer_custom_js":"","_kadence_starter_templates_imported_post":false,"_kad_post_transparent":"default","_kad_post_title":"","_kad_post_layout":"default","_kad_post_sidebar_id":"","_kad_post_content_style":"default","_kad_post_vertical_padding":"default","_kad_post_feature":"","_kad_post_feature_position":"","_kad_post_header":false,"_kad_post_footer":false},"product_brand":[],"product_cat":[2444,2357,2371],"product_tag":[5529,4772,1627,5485,1235,4629,5530,5531,444,4532,4940,5532,5446,5533,5457,517,5534,4468,2958],"class_list":{"0":"post-11321","1":"product","2":"type-product","3":"status-publish","4":"has-post-thumbnail","6":"product_cat-lamberts-fi","7":"product_cat-immunforsvar-fi","8":"product_cat-muskler-och-leder-fi","9":"product_tag-anpassad-for-aktiva-livsstilar-fi","10":"product_tag-elinvoimaisuus","11":"product_tag-elpyminen","12":"product_tag-en-kapsel-per-dag-fi","13":"product_tag-energia","14":"product_tag-fyysista-suorituskykya","15":"product_tag-ginseng-fi","16":"product_tag-grona-teblad-fi","17":"product_tag-immuunijarjestelma","18":"product_tag-lamberts-fi","19":"product_tag-luonnollista-energiaa","20":"product_tag-mentalt-fokus-fi","21":"product_tag-naturliga-ingredienser-fi","22":"product_tag-refreshall-fi","23":"product_tag-tillverkad-i-storbritannien-fi","24":"product_tag-vasymys","25":"product_tag-vakenhet-fi","26":"product_tag-vegaaninen","27":"product_tag-vitamiini-b12","29":"first","30":"outofstock","31":"taxable","32":"shipping-taxable","33":"purchasable","34":"product-type-simple","35":"entry","36":"content-bg","37":"loop-entry"},"acf":[],"yoast_head":"<!-- This site is optimized with the Yoast SEO plugin v25.8 - https:\/\/yoast.com\/wordpress\/plugins\/seo\/ -->\n<title>Refreshall - Lamberts - Reviva<\/title>\n<meta name=\"description\" content=\"Refreshall - Lamberts on ainutlaatuisesti koostettu formula, joka sis\u00e4lt\u00e4\u00e4 ginkgo bilobaa, rosmariinia, salviaa ja sitruunamelissaa.\" \/>\n<meta name=\"robots\" content=\"index, follow, max-snippet:-1, max-image-preview:large, max-video-preview:-1\" \/>\n<link rel=\"canonical\" href=\"https:\/\/reviva.fi\/fi\/tuote\/refreshall-lamberts\/\" \/>\n<meta property=\"og:locale\" content=\"fi_FI\" \/>\n<meta property=\"og:type\" content=\"article\" \/>\n<meta property=\"og:title\" content=\"Refreshall - Lamberts - Reviva\" \/>\n<meta property=\"og:description\" content=\"Refreshall - Lamberts on ainutlaatuisesti koostettu formula, joka sis\u00e4lt\u00e4\u00e4 ginkgo bilobaa, rosmariinia, salviaa ja sitruunamelissaa.\" \/>\n<meta property=\"og:url\" content=\"https:\/\/reviva.fi\/fi\/tuote\/refreshall-lamberts\/\" \/>\n<meta property=\"og:site_name\" content=\"Reviva\" \/>\n<meta property=\"article:modified_time\" content=\"2025-03-04T13:27:15+00:00\" \/>\n<meta property=\"og:image\" content=\"https:\/\/reviva.fi\/wp-content\/uploads\/2025\/03\/8543-refreshall.jpg\" \/>\n\t<meta property=\"og:image:width\" content=\"780\" \/>\n\t<meta property=\"og:image:height\" content=\"780\" \/>\n\t<meta property=\"og:image:type\" content=\"image\/jpeg\" \/>\n<meta name=\"twitter:card\" content=\"summary_large_image\" \/>\n<script type=\"application\/ld+json\" class=\"yoast-schema-graph\">{\"@context\":\"https:\/\/schema.org\",\"@graph\":[{\"@type\":\"WebPage\",\"@id\":\"https:\/\/reviva.fi\/fi\/tuote\/refreshall-lamberts\/\",\"url\":\"https:\/\/reviva.fi\/fi\/tuote\/refreshall-lamberts\/\",\"name\":\"Refreshall - Lamberts - Reviva\",\"isPartOf\":{\"@id\":\"https:\/\/reviva.fi\/fi\/#website\"},\"primaryImageOfPage\":{\"@id\":\"https:\/\/reviva.fi\/fi\/tuote\/refreshall-lamberts\/#primaryimage\"},\"image\":{\"@id\":\"https:\/\/reviva.fi\/fi\/tuote\/refreshall-lamberts\/#primaryimage\"},\"thumbnailUrl\":\"https:\/\/reviva.fi\/wp-content\/uploads\/2025\/03\/8543-refreshall.jpg\",\"datePublished\":\"2025-03-04T06:21:43+00:00\",\"dateModified\":\"2025-03-04T13:27:15+00:00\",\"description\":\"Refreshall - Lamberts on ainutlaatuisesti koostettu formula, joka sis\u00e4lt\u00e4\u00e4 ginkgo bilobaa, rosmariinia, salviaa ja sitruunamelissaa.\",\"breadcrumb\":{\"@id\":\"https:\/\/reviva.fi\/fi\/tuote\/refreshall-lamberts\/#breadcrumb\"},\"inLanguage\":\"fi\",\"potentialAction\":[{\"@type\":\"ReadAction\",\"target\":[\"https:\/\/reviva.fi\/fi\/tuote\/refreshall-lamberts\/\"]}]},{\"@type\":\"ImageObject\",\"inLanguage\":\"fi\",\"@id\":\"https:\/\/reviva.fi\/fi\/tuote\/refreshall-lamberts\/#primaryimage\",\"url\":\"https:\/\/reviva.fi\/wp-content\/uploads\/2025\/03\/8543-refreshall.jpg\",\"contentUrl\":\"https:\/\/reviva.fi\/wp-content\/uploads\/2025\/03\/8543-refreshall.jpg\",\"width\":780,\"height\":780,\"caption\":\"Refreshall - Lamberts\"},{\"@type\":\"BreadcrumbList\",\"@id\":\"https:\/\/reviva.fi\/fi\/tuote\/refreshall-lamberts\/#breadcrumb\",\"itemListElement\":[{\"@type\":\"ListItem\",\"position\":1,\"name\":\"Etusivu\",\"item\":\"https:\/\/reviva.fi\/fi\/\"},{\"@type\":\"ListItem\",\"position\":2,\"name\":\"Tuotteet\",\"item\":\"https:\/\/reviva.fi\/produkter\/\"},{\"@type\":\"ListItem\",\"position\":3,\"name\":\"Refreshall &#8211; Lamberts\"}]},{\"@type\":\"WebSite\",\"@id\":\"https:\/\/reviva.fi\/fi\/#website\",\"url\":\"https:\/\/reviva.fi\/fi\/\",\"name\":\"Reviva\",\"description\":\"\",\"publisher\":{\"@id\":\"https:\/\/reviva.fi\/fi\/#organization\"},\"potentialAction\":[{\"@type\":\"SearchAction\",\"target\":{\"@type\":\"EntryPoint\",\"urlTemplate\":\"https:\/\/reviva.fi\/fi\/?s={search_term_string}\"},\"query-input\":{\"@type\":\"PropertyValueSpecification\",\"valueRequired\":true,\"valueName\":\"search_term_string\"}}],\"inLanguage\":\"fi\"},{\"@type\":\"Organization\",\"@id\":\"https:\/\/reviva.fi\/fi\/#organization\",\"name\":\"Reviva\",\"url\":\"https:\/\/reviva.fi\/fi\/\",\"logo\":{\"@type\":\"ImageObject\",\"inLanguage\":\"fi\",\"@id\":\"https:\/\/reviva.fi\/fi\/#\/schema\/logo\/image\/\",\"url\":\"https:\/\/reviva.fi\/wp-content\/uploads\/2023\/10\/reviva-logo2.svg\",\"contentUrl\":\"https:\/\/reviva.fi\/wp-content\/uploads\/2023\/10\/reviva-logo2.svg\",\"caption\":\"Reviva\"},\"image\":{\"@id\":\"https:\/\/reviva.fi\/fi\/#\/schema\/logo\/image\/\"}}]}<\/script>\n<meta property=\"product:price:amount\" content=\"26.00\" \/>\n<meta property=\"product:price:currency\" content=\"EUR\" \/>\n<meta property=\"og:availability\" content=\"out of stock\" \/>\n<meta property=\"product:availability\" content=\"out of stock\" \/>\n<meta property=\"product:retailer_item_id\" content=\"8543-120\" \/>\n<meta property=\"product:condition\" content=\"new\" \/>\n<!-- \/ Yoast SEO plugin. -->","yoast_head_json":{"title":"Refreshall - Lamberts - Reviva","description":"Refreshall - Lamberts on ainutlaatuisesti koostettu formula, joka sis\u00e4lt\u00e4\u00e4 ginkgo bilobaa, rosmariinia, salviaa ja sitruunamelissaa.","robots":{"index":"index","follow":"follow","max-snippet":"max-snippet:-1","max-image-preview":"max-image-preview:large","max-video-preview":"max-video-preview:-1"},"canonical":"https:\/\/reviva.fi\/fi\/tuote\/refreshall-lamberts\/","og_locale":"fi_FI","og_type":"article","og_title":"Refreshall - Lamberts - Reviva","og_description":"Refreshall - Lamberts on ainutlaatuisesti koostettu formula, joka sis\u00e4lt\u00e4\u00e4 ginkgo bilobaa, rosmariinia, salviaa ja sitruunamelissaa.","og_url":"https:\/\/reviva.fi\/fi\/tuote\/refreshall-lamberts\/","og_site_name":"Reviva","article_modified_time":"2025-03-04T13:27:15+00:00","og_image":[{"width":780,"height":780,"url":"https:\/\/reviva.fi\/wp-content\/uploads\/2025\/03\/8543-refreshall.jpg","type":"image\/jpeg"}],"twitter_card":"summary_large_image","schema":{"@context":"https:\/\/schema.org","@graph":[{"@type":"WebPage","@id":"https:\/\/reviva.fi\/fi\/tuote\/refreshall-lamberts\/","url":"https:\/\/reviva.fi\/fi\/tuote\/refreshall-lamberts\/","name":"Refreshall - Lamberts - Reviva","isPartOf":{"@id":"https:\/\/reviva.fi\/fi\/#website"},"primaryImageOfPage":{"@id":"https:\/\/reviva.fi\/fi\/tuote\/refreshall-lamberts\/#primaryimage"},"image":{"@id":"https:\/\/reviva.fi\/fi\/tuote\/refreshall-lamberts\/#primaryimage"},"thumbnailUrl":"https:\/\/reviva.fi\/wp-content\/uploads\/2025\/03\/8543-refreshall.jpg","datePublished":"2025-03-04T06:21:43+00:00","dateModified":"2025-03-04T13:27:15+00:00","description":"Refreshall - Lamberts on ainutlaatuisesti koostettu formula, joka sis\u00e4lt\u00e4\u00e4 ginkgo bilobaa, rosmariinia, salviaa ja sitruunamelissaa.","breadcrumb":{"@id":"https:\/\/reviva.fi\/fi\/tuote\/refreshall-lamberts\/#breadcrumb"},"inLanguage":"fi","potentialAction":[{"@type":"ReadAction","target":["https:\/\/reviva.fi\/fi\/tuote\/refreshall-lamberts\/"]}]},{"@type":"ImageObject","inLanguage":"fi","@id":"https:\/\/reviva.fi\/fi\/tuote\/refreshall-lamberts\/#primaryimage","url":"https:\/\/reviva.fi\/wp-content\/uploads\/2025\/03\/8543-refreshall.jpg","contentUrl":"https:\/\/reviva.fi\/wp-content\/uploads\/2025\/03\/8543-refreshall.jpg","width":780,"height":780,"caption":"Refreshall - Lamberts"},{"@type":"BreadcrumbList","@id":"https:\/\/reviva.fi\/fi\/tuote\/refreshall-lamberts\/#breadcrumb","itemListElement":[{"@type":"ListItem","position":1,"name":"Etusivu","item":"https:\/\/reviva.fi\/fi\/"},{"@type":"ListItem","position":2,"name":"Tuotteet","item":"https:\/\/reviva.fi\/produkter\/"},{"@type":"ListItem","position":3,"name":"Refreshall &#8211; Lamberts"}]},{"@type":"WebSite","@id":"https:\/\/reviva.fi\/fi\/#website","url":"https:\/\/reviva.fi\/fi\/","name":"Reviva","description":"","publisher":{"@id":"https:\/\/reviva.fi\/fi\/#organization"},"potentialAction":[{"@type":"SearchAction","target":{"@type":"EntryPoint","urlTemplate":"https:\/\/reviva.fi\/fi\/?s={search_term_string}"},"query-input":{"@type":"PropertyValueSpecification","valueRequired":true,"valueName":"search_term_string"}}],"inLanguage":"fi"},{"@type":"Organization","@id":"https:\/\/reviva.fi\/fi\/#organization","name":"Reviva","url":"https:\/\/reviva.fi\/fi\/","logo":{"@type":"ImageObject","inLanguage":"fi","@id":"https:\/\/reviva.fi\/fi\/#\/schema\/logo\/image\/","url":"https:\/\/reviva.fi\/wp-content\/uploads\/2023\/10\/reviva-logo2.svg","contentUrl":"https:\/\/reviva.fi\/wp-content\/uploads\/2023\/10\/reviva-logo2.svg","caption":"Reviva"},"image":{"@id":"https:\/\/reviva.fi\/fi\/#\/schema\/logo\/image\/"}}]},"product_price_amount":"26.00","product_price_currency":"EUR","og_availability":"out of stock","product_availability":"out of stock","product_retailer_item_id":"8543-120","product_condition":"new"},"taxonomy_info":{"product_cat":[{"value":2444,"label":"Lamberts"},{"value":2357,"label":"Immuunipuolustus"},{"value":2371,"label":"Nivelet &amp; Lihakset"}],"product_tag":[{"value":5529,"label":"Anpassad f\u00f6r aktiva livsstilar"},{"value":4772,"label":"Elinvoimaisuus"},{"value":1627,"label":"elpyminen"},{"value":5485,"label":"En kapsel per dag"},{"value":1235,"label":"energia"},{"value":4629,"label":"fyysist\u00e4 suorituskyky\u00e4"},{"value":5530,"label":"Ginseng"},{"value":5531,"label":"Gr\u00f6na teblad"},{"value":444,"label":"immuunij\u00e4rjestelm\u00e4"},{"value":4532,"label":"Lamberts"},{"value":4940,"label":"Luonnollista energiaa"},{"value":5532,"label":"Mentalt fokus"},{"value":5446,"label":"naturliga ingredienser"},{"value":5533,"label":"Refreshall"},{"value":5457,"label":"Tillverkad i Storbritannien"},{"value":517,"label":"v\u00e4symys"},{"value":5534,"label":"Vakenhet"},{"value":4468,"label":"Vegaaninen"},{"value":2958,"label":"Vitamiini B12"}]},"featured_image_src_large":["https:\/\/reviva.fi\/wp-content\/uploads\/2025\/03\/8543-refreshall.jpg",780,780,false],"author_info":[],"comment_info":0,"_links":{"self":[{"href":"https:\/\/reviva.fi\/fi\/wp-json\/wp\/v2\/product\/11321","targetHints":{"allow":["GET"]}}],"collection":[{"href":"https:\/\/reviva.fi\/fi\/wp-json\/wp\/v2\/product"}],"about":[{"href":"https:\/\/reviva.fi\/fi\/wp-json\/wp\/v2\/types\/product"}],"replies":[{"embeddable":true,"href":"https:\/\/reviva.fi\/fi\/wp-json\/wp\/v2\/comments?post=11321"}],"wp:featuredmedia":[{"embeddable":true,"href":"https:\/\/reviva.fi\/fi\/wp-json\/wp\/v2\/media\/11245"}],"wp:attachment":[{"href":"https:\/\/reviva.fi\/fi\/wp-json\/wp\/v2\/media?parent=11321"}],"wp:term":[{"taxonomy":"product_brand","embeddable":true,"href":"https:\/\/reviva.fi\/fi\/wp-json\/wp\/v2\/product_brand?post=11321"},{"taxonomy":"product_cat","embeddable":true,"href":"https:\/\/reviva.fi\/fi\/wp-json\/wp\/v2\/product_cat?post=11321"},{"taxonomy":"product_tag","embeddable":true,"href":"https:\/\/reviva.fi\/fi\/wp-json\/wp\/v2\/product_tag?post=11321"}],"curies":[{"name":"wp","href":"https:\/\/api.w.org\/{rel}","templated":true}]}}