{"id":11324,"date":"2025-03-04T08:15:39","date_gmt":"2025-03-04T06:15:39","guid":{"rendered":"https:\/\/reviva.fi\/product\/turmemoric-lamberts\/"},"modified":"2025-03-04T15:35:45","modified_gmt":"2025-03-04T13:35:45","slug":"turmemoric-lamberts","status":"publish","type":"product","link":"https:\/\/reviva.fi\/fi\/tuote\/turmemoric-lamberts\/","title":{"rendered":"TurMemoric &#8211; Lamberts\u00ae"},"content":{"rendered":"<p><strong>TurMemoric &#8211; Lamberts\u00ae<\/strong><\/p>\n<p data-start=\"0\" data-end=\"206\">Kun todisteet kurkuman terveyshy\u00f6dyist\u00e4 jatkuvasti kasvavat, yh\u00e4 useampia kurkumat\u00e4ydennyksi\u00e4 tulee markkinoille \u2013 mutta Turmemoric-koostumamme on todellakin perustettu viimeisimp\u00e4\u00e4n ravitsemustutkimukseen.<\/p>\n<p data-start=\"208\" data-end=\"540\">Olemme yhdist\u00e4neet premium-laatuisen kurkumaekstraktimme, joka on standardoitu sis\u00e4lt\u00e4m\u00e4\u00e4n 95 % kurkuminoideja, luteiinin kanssa \u2013 yhden t\u00e4rkeimmist\u00e4 ravintokarotenoideista. Luteiinin kiinnostus on viime aikoina kasvanut sen yhteyden lis\u00e4ksi silmien terveyteen, koska on havaittu, ett\u00e4 se on p\u00e4\u00e4karotenoidi, joka keskittyy aivoihin.<\/p>\n<p data-start=\"542\" data-end=\"901\">Tutkijat ovat l\u00f6yt\u00e4neet yhteyden luteiinin kertymisen ja rasvahappopitoisten alueiden, kuten DHA:n, v\u00e4lill\u00e4 aivoissa, mik\u00e4 viittaa siihen, ett\u00e4 sill\u00e4 voi olla t\u00e4rke\u00e4 rooli antioksidanttina. Lis\u00e4ksi keskim\u00e4\u00e4r\u00e4inen p\u00e4ivitt\u00e4inen luteiininsaanti ruokavaliosta on vain 1\u20132 mg, kun taas tutkijat katsovat, ett\u00e4 merkitt\u00e4v\u00e4 saanti tulisi olla huomattavasti korkeampi.<\/p>\n<p data-start=\"903\" data-end=\"1199\" data-is-last-node=\"\" data-is-only-node=\"\">Olemme lis\u00e4nneet 10 mg luteiinia sen puhtaassa vapaassa muodossa kahteen tablettiin, yhdess\u00e4 rosmariiniuutteen kanssa aktiivisten ainesosien s\u00e4ilytt\u00e4miseksi. B12-vitamiini on my\u00f6s lis\u00e4tty tukemaan normaalia neurologista ja psykologista toimintaa, sek\u00e4 sinkki normaaliin kognitiiviseen toimintaan.<\/p>\n","protected":false},"excerpt":{"rendered":"<ul>\n<li data-start=\"0\" data-end=\"534\">Kaksi tablettia tarjoaa yhteens\u00e4 200 mg kurkuma-uutetta.<\/li>\n<li data-start=\"0\" data-end=\"534\">Kurkuma on standardoitu sis\u00e4lt\u00e4m\u00e4\u00e4n 95 % kurkuminoideja.<\/li>\n<li data-start=\"0\" data-end=\"534\">10 mg luonnollista l\u00e4hdett\u00e4, puhdasta &#8221;vapaata&#8221; luteiinia p\u00e4ivitt\u00e4ist\u00e4 annosta kohti, sis\u00e4lt\u00e4en my\u00f6s zeaksantiinia.<\/li>\n<li data-start=\"0\" data-end=\"534\">Rosmariiniuute on lis\u00e4tty s\u00e4ilytt\u00e4m\u00e4\u00e4n aktiiviset ainesosat.<\/li>\n<li data-start=\"0\" data-end=\"534\">Sis\u00e4lt\u00e4\u00e4 lis\u00e4ksi B12-vitamiinia normaaliin neurologiseen ja psykologiseen toimintaan.<\/li>\n<li data-start=\"0\" data-end=\"534\">500 \u00b5g B12-vitamiinia on muodossa metyylikobalamiini.<\/li>\n<li data-start=\"0\" data-end=\"534\">Sek\u00e4 sinkki\u00e4 normaaliin kognitiiviseen toimintaan.<\/li>\n<li data-start=\"0\" data-end=\"534\">Sopii kasvissy\u00f6jille ja vegaaneille.<\/li>\n<\/ul>\n<p data-start=\"536\" data-end=\"548\" data-is-last-node=\"\" data-is-only-node=\"\"><strong>60 tablettia<\/strong><\/p>\n","protected":false},"featured_media":11242,"comment_status":"closed","ping_status":"closed","template":"","meta":{"_acf_changed":false,"inline_featured_image":false,"_kad_blocks_custom_css":"","_kad_blocks_head_custom_js":"","_kad_blocks_body_custom_js":"","_kad_blocks_footer_custom_js":"","_kadence_starter_templates_imported_post":false,"_kad_post_transparent":"default","_kad_post_title":"","_kad_post_layout":"default","_kad_post_sidebar_id":"","_kad_post_content_style":"default","_kad_post_vertical_padding":"default","_kad_post_feature":"","_kad_post_feature_position":"","_kad_post_header":false,"_kad_post_footer":false},"product_brand":[],"product_cat":[5978,2444,2371,2366],"product_tag":[4474,412,5485,5535,5536,5509,5537,5067,4467,4456,5538,4532,3454,5539,5540,5541,5446,5457,5542],"class_list":{"0":"post-11324","1":"product","2":"type-product","3":"status-publish","4":"has-post-thumbnail","6":"product_cat-multi-produkter-fi","7":"product_cat-lamberts-fi","8":"product_cat-muskler-och-leder-fi","9":"product_cat-lever-och-njurar-fi","10":"product_tag-aivojen-terveys","11":"product_tag-antioksidantti","12":"product_tag-en-kapsel-per-dag-fi","13":"product_tag-forbattrad-kognition-fi","14":"product_tag-fokus-fi","15":"product_tag-ginkgo-biloba-fi","16":"product_tag-hjarnans-valbefinnande-fi","17":"product_tag-kasvissyoja-fi","18":"product_tag-keskittyminen","19":"product_tag-kognitiivinen-toiminto","20":"product_tag-kurkumin-fi","21":"product_tag-lamberts-fi","22":"product_tag-mental-klarhet-fi","23":"product_tag-mental-prestanda-fi","24":"product_tag-minne-och-larande-fi","25":"product_tag-minneskraft-fi","26":"product_tag-naturliga-ingredienser-fi","27":"product_tag-tillverkad-i-storbritannien-fi","28":"product_tag-turmemoric-fi","30":"first","31":"instock","32":"taxable","33":"shipping-taxable","34":"purchasable","35":"product-type-simple","36":"entry","37":"content-bg","38":"loop-entry"},"acf":[],"yoast_head":"<!-- This site is optimized with the Yoast SEO plugin v25.8 - https:\/\/yoast.com\/wordpress\/plugins\/seo\/ -->\n<title>TurMemoric - Lamberts\u00ae - Reviva<\/title>\n<meta name=\"description\" content=\"TurMemoric - Lamberts\u00ae on edistynyt koostumus, joka yhdist\u00e4\u00e4 korkealaatuisen kurkumaekstraktin fosfatidylseriinin, B12-vitamiinin ja jodin kanssa.\" \/>\n<meta name=\"robots\" content=\"index, follow, max-snippet:-1, max-image-preview:large, max-video-preview:-1\" \/>\n<link rel=\"canonical\" href=\"https:\/\/reviva.fi\/fi\/tuote\/turmemoric-lamberts\/\" \/>\n<meta property=\"og:locale\" content=\"fi_FI\" \/>\n<meta property=\"og:type\" content=\"article\" \/>\n<meta property=\"og:title\" content=\"TurMemoric - Lamberts\u00ae - Reviva\" \/>\n<meta property=\"og:description\" content=\"TurMemoric - Lamberts\u00ae on edistynyt koostumus, joka yhdist\u00e4\u00e4 korkealaatuisen kurkumaekstraktin fosfatidylseriinin, B12-vitamiinin ja jodin kanssa.\" \/>\n<meta property=\"og:url\" content=\"https:\/\/reviva.fi\/fi\/tuote\/turmemoric-lamberts\/\" \/>\n<meta property=\"og:site_name\" content=\"Reviva\" \/>\n<meta property=\"article:modified_time\" content=\"2025-03-04T13:35:45+00:00\" \/>\n<meta property=\"og:image\" content=\"https:\/\/reviva.fi\/wp-content\/uploads\/2025\/03\/8541-Turmemoric.jpg\" \/>\n\t<meta property=\"og:image:width\" content=\"780\" \/>\n\t<meta property=\"og:image:height\" content=\"780\" \/>\n\t<meta property=\"og:image:type\" content=\"image\/jpeg\" \/>\n<meta name=\"twitter:card\" content=\"summary_large_image\" \/>\n<script type=\"application\/ld+json\" class=\"yoast-schema-graph\">{\"@context\":\"https:\/\/schema.org\",\"@graph\":[{\"@type\":\"WebPage\",\"@id\":\"https:\/\/reviva.fi\/fi\/tuote\/turmemoric-lamberts\/\",\"url\":\"https:\/\/reviva.fi\/fi\/tuote\/turmemoric-lamberts\/\",\"name\":\"TurMemoric - Lamberts\u00ae - Reviva\",\"isPartOf\":{\"@id\":\"https:\/\/reviva.fi\/fi\/#website\"},\"primaryImageOfPage\":{\"@id\":\"https:\/\/reviva.fi\/fi\/tuote\/turmemoric-lamberts\/#primaryimage\"},\"image\":{\"@id\":\"https:\/\/reviva.fi\/fi\/tuote\/turmemoric-lamberts\/#primaryimage\"},\"thumbnailUrl\":\"https:\/\/reviva.fi\/wp-content\/uploads\/2025\/03\/8541-Turmemoric.jpg\",\"datePublished\":\"2025-03-04T06:15:39+00:00\",\"dateModified\":\"2025-03-04T13:35:45+00:00\",\"description\":\"TurMemoric - Lamberts\u00ae on edistynyt koostumus, joka yhdist\u00e4\u00e4 korkealaatuisen kurkumaekstraktin fosfatidylseriinin, B12-vitamiinin ja jodin kanssa.\",\"breadcrumb\":{\"@id\":\"https:\/\/reviva.fi\/fi\/tuote\/turmemoric-lamberts\/#breadcrumb\"},\"inLanguage\":\"fi\",\"potentialAction\":[{\"@type\":\"ReadAction\",\"target\":[\"https:\/\/reviva.fi\/fi\/tuote\/turmemoric-lamberts\/\"]}]},{\"@type\":\"ImageObject\",\"inLanguage\":\"fi\",\"@id\":\"https:\/\/reviva.fi\/fi\/tuote\/turmemoric-lamberts\/#primaryimage\",\"url\":\"https:\/\/reviva.fi\/wp-content\/uploads\/2025\/03\/8541-Turmemoric.jpg\",\"contentUrl\":\"https:\/\/reviva.fi\/wp-content\/uploads\/2025\/03\/8541-Turmemoric.jpg\",\"width\":780,\"height\":780,\"caption\":\"TurMemoric - Lamberts\u00ae\"},{\"@type\":\"BreadcrumbList\",\"@id\":\"https:\/\/reviva.fi\/fi\/tuote\/turmemoric-lamberts\/#breadcrumb\",\"itemListElement\":[{\"@type\":\"ListItem\",\"position\":1,\"name\":\"Etusivu\",\"item\":\"https:\/\/reviva.fi\/fi\/\"},{\"@type\":\"ListItem\",\"position\":2,\"name\":\"Tuotteet\",\"item\":\"https:\/\/reviva.fi\/produkter\/\"},{\"@type\":\"ListItem\",\"position\":3,\"name\":\"TurMemoric &#8211; Lamberts\u00ae\"}]},{\"@type\":\"WebSite\",\"@id\":\"https:\/\/reviva.fi\/fi\/#website\",\"url\":\"https:\/\/reviva.fi\/fi\/\",\"name\":\"Reviva\",\"description\":\"\",\"publisher\":{\"@id\":\"https:\/\/reviva.fi\/fi\/#organization\"},\"potentialAction\":[{\"@type\":\"SearchAction\",\"target\":{\"@type\":\"EntryPoint\",\"urlTemplate\":\"https:\/\/reviva.fi\/fi\/?s={search_term_string}\"},\"query-input\":{\"@type\":\"PropertyValueSpecification\",\"valueRequired\":true,\"valueName\":\"search_term_string\"}}],\"inLanguage\":\"fi\"},{\"@type\":\"Organization\",\"@id\":\"https:\/\/reviva.fi\/fi\/#organization\",\"name\":\"Reviva\",\"url\":\"https:\/\/reviva.fi\/fi\/\",\"logo\":{\"@type\":\"ImageObject\",\"inLanguage\":\"fi\",\"@id\":\"https:\/\/reviva.fi\/fi\/#\/schema\/logo\/image\/\",\"url\":\"https:\/\/reviva.fi\/wp-content\/uploads\/2023\/10\/reviva-logo2.svg\",\"contentUrl\":\"https:\/\/reviva.fi\/wp-content\/uploads\/2023\/10\/reviva-logo2.svg\",\"caption\":\"Reviva\"},\"image\":{\"@id\":\"https:\/\/reviva.fi\/fi\/#\/schema\/logo\/image\/\"}}]}<\/script>\n<meta property=\"product:price:amount\" content=\"34.40\" \/>\n<meta property=\"product:price:currency\" content=\"EUR\" \/>\n<meta property=\"og:availability\" content=\"instock\" \/>\n<meta property=\"product:availability\" content=\"instock\" \/>\n<meta property=\"product:retailer_item_id\" content=\"8541-60\" \/>\n<meta property=\"product:condition\" content=\"new\" \/>\n<!-- \/ Yoast SEO plugin. -->","yoast_head_json":{"title":"TurMemoric - Lamberts\u00ae - Reviva","description":"TurMemoric - Lamberts\u00ae on edistynyt koostumus, joka yhdist\u00e4\u00e4 korkealaatuisen kurkumaekstraktin fosfatidylseriinin, B12-vitamiinin ja jodin kanssa.","robots":{"index":"index","follow":"follow","max-snippet":"max-snippet:-1","max-image-preview":"max-image-preview:large","max-video-preview":"max-video-preview:-1"},"canonical":"https:\/\/reviva.fi\/fi\/tuote\/turmemoric-lamberts\/","og_locale":"fi_FI","og_type":"article","og_title":"TurMemoric - Lamberts\u00ae - Reviva","og_description":"TurMemoric - Lamberts\u00ae on edistynyt koostumus, joka yhdist\u00e4\u00e4 korkealaatuisen kurkumaekstraktin fosfatidylseriinin, B12-vitamiinin ja jodin kanssa.","og_url":"https:\/\/reviva.fi\/fi\/tuote\/turmemoric-lamberts\/","og_site_name":"Reviva","article_modified_time":"2025-03-04T13:35:45+00:00","og_image":[{"width":780,"height":780,"url":"https:\/\/reviva.fi\/wp-content\/uploads\/2025\/03\/8541-Turmemoric.jpg","type":"image\/jpeg"}],"twitter_card":"summary_large_image","schema":{"@context":"https:\/\/schema.org","@graph":[{"@type":"WebPage","@id":"https:\/\/reviva.fi\/fi\/tuote\/turmemoric-lamberts\/","url":"https:\/\/reviva.fi\/fi\/tuote\/turmemoric-lamberts\/","name":"TurMemoric - Lamberts\u00ae - Reviva","isPartOf":{"@id":"https:\/\/reviva.fi\/fi\/#website"},"primaryImageOfPage":{"@id":"https:\/\/reviva.fi\/fi\/tuote\/turmemoric-lamberts\/#primaryimage"},"image":{"@id":"https:\/\/reviva.fi\/fi\/tuote\/turmemoric-lamberts\/#primaryimage"},"thumbnailUrl":"https:\/\/reviva.fi\/wp-content\/uploads\/2025\/03\/8541-Turmemoric.jpg","datePublished":"2025-03-04T06:15:39+00:00","dateModified":"2025-03-04T13:35:45+00:00","description":"TurMemoric - Lamberts\u00ae on edistynyt koostumus, joka yhdist\u00e4\u00e4 korkealaatuisen kurkumaekstraktin fosfatidylseriinin, B12-vitamiinin ja jodin kanssa.","breadcrumb":{"@id":"https:\/\/reviva.fi\/fi\/tuote\/turmemoric-lamberts\/#breadcrumb"},"inLanguage":"fi","potentialAction":[{"@type":"ReadAction","target":["https:\/\/reviva.fi\/fi\/tuote\/turmemoric-lamberts\/"]}]},{"@type":"ImageObject","inLanguage":"fi","@id":"https:\/\/reviva.fi\/fi\/tuote\/turmemoric-lamberts\/#primaryimage","url":"https:\/\/reviva.fi\/wp-content\/uploads\/2025\/03\/8541-Turmemoric.jpg","contentUrl":"https:\/\/reviva.fi\/wp-content\/uploads\/2025\/03\/8541-Turmemoric.jpg","width":780,"height":780,"caption":"TurMemoric - Lamberts\u00ae"},{"@type":"BreadcrumbList","@id":"https:\/\/reviva.fi\/fi\/tuote\/turmemoric-lamberts\/#breadcrumb","itemListElement":[{"@type":"ListItem","position":1,"name":"Etusivu","item":"https:\/\/reviva.fi\/fi\/"},{"@type":"ListItem","position":2,"name":"Tuotteet","item":"https:\/\/reviva.fi\/produkter\/"},{"@type":"ListItem","position":3,"name":"TurMemoric &#8211; Lamberts\u00ae"}]},{"@type":"WebSite","@id":"https:\/\/reviva.fi\/fi\/#website","url":"https:\/\/reviva.fi\/fi\/","name":"Reviva","description":"","publisher":{"@id":"https:\/\/reviva.fi\/fi\/#organization"},"potentialAction":[{"@type":"SearchAction","target":{"@type":"EntryPoint","urlTemplate":"https:\/\/reviva.fi\/fi\/?s={search_term_string}"},"query-input":{"@type":"PropertyValueSpecification","valueRequired":true,"valueName":"search_term_string"}}],"inLanguage":"fi"},{"@type":"Organization","@id":"https:\/\/reviva.fi\/fi\/#organization","name":"Reviva","url":"https:\/\/reviva.fi\/fi\/","logo":{"@type":"ImageObject","inLanguage":"fi","@id":"https:\/\/reviva.fi\/fi\/#\/schema\/logo\/image\/","url":"https:\/\/reviva.fi\/wp-content\/uploads\/2023\/10\/reviva-logo2.svg","contentUrl":"https:\/\/reviva.fi\/wp-content\/uploads\/2023\/10\/reviva-logo2.svg","caption":"Reviva"},"image":{"@id":"https:\/\/reviva.fi\/fi\/#\/schema\/logo\/image\/"}}]},"product_price_amount":"34.40","product_price_currency":"EUR","og_availability":"instock","product_availability":"instock","product_retailer_item_id":"8541-60","product_condition":"new"},"taxonomy_info":{"product_cat":[{"value":5978,"label":"Multi tuotteet"},{"value":2444,"label":"Lamberts"},{"value":2371,"label":"Nivelet &amp; Lihakset"},{"value":2366,"label":"Maksa &amp; Munuaiset"}],"product_tag":[{"value":4474,"label":"Aivojen terveys"},{"value":412,"label":"antioksidantti"},{"value":5485,"label":"En kapsel per dag"},{"value":5535,"label":"F\u00f6rb\u00e4ttrad kognition"},{"value":5536,"label":"Fokus"},{"value":5509,"label":"Ginkgo Biloba"},{"value":5537,"label":"Hj\u00e4rnans v\u00e4lbefinnande"},{"value":5067,"label":"kasvissy\u00f6j\u00e4"},{"value":4467,"label":"keskittyminen"},{"value":4456,"label":"Kognitiivinen toiminto"},{"value":5538,"label":"Kurkumin"},{"value":4532,"label":"Lamberts"},{"value":3454,"label":"Mental klarhet"},{"value":5539,"label":"Mental prestanda."},{"value":5540,"label":"Minne och l\u00e4rande"},{"value":5541,"label":"Minneskraft"},{"value":5446,"label":"naturliga ingredienser"},{"value":5457,"label":"Tillverkad i Storbritannien"},{"value":5542,"label":"TurMemoric"}]},"featured_image_src_large":["https:\/\/reviva.fi\/wp-content\/uploads\/2025\/03\/8541-Turmemoric.jpg",780,780,false],"author_info":[],"comment_info":0,"_links":{"self":[{"href":"https:\/\/reviva.fi\/fi\/wp-json\/wp\/v2\/product\/11324","targetHints":{"allow":["GET"]}}],"collection":[{"href":"https:\/\/reviva.fi\/fi\/wp-json\/wp\/v2\/product"}],"about":[{"href":"https:\/\/reviva.fi\/fi\/wp-json\/wp\/v2\/types\/product"}],"replies":[{"embeddable":true,"href":"https:\/\/reviva.fi\/fi\/wp-json\/wp\/v2\/comments?post=11324"}],"wp:featuredmedia":[{"embeddable":true,"href":"https:\/\/reviva.fi\/fi\/wp-json\/wp\/v2\/media\/11242"}],"wp:attachment":[{"href":"https:\/\/reviva.fi\/fi\/wp-json\/wp\/v2\/media?parent=11324"}],"wp:term":[{"taxonomy":"product_brand","embeddable":true,"href":"https:\/\/reviva.fi\/fi\/wp-json\/wp\/v2\/product_brand?post=11324"},{"taxonomy":"product_cat","embeddable":true,"href":"https:\/\/reviva.fi\/fi\/wp-json\/wp\/v2\/product_cat?post=11324"},{"taxonomy":"product_tag","embeddable":true,"href":"https:\/\/reviva.fi\/fi\/wp-json\/wp\/v2\/product_tag?post=11324"}],"curies":[{"name":"wp","href":"https:\/\/api.w.org\/{rel}","templated":true}]}}