{"id":11327,"date":"2025-03-03T15:59:15","date_gmt":"2025-03-03T13:59:15","guid":{"rendered":"https:\/\/reviva.fi\/product\/pulse-lamberts\/"},"modified":"2025-03-04T15:41:56","modified_gmt":"2025-03-04T13:41:56","slug":"pulse-lamberts","status":"publish","type":"product","link":"https:\/\/reviva.fi\/fi\/tuote\/pulse-lamberts\/","title":{"rendered":"Pulse &#8211; Lamberts"},"content":{"rendered":"<p><strong>Pulse &#8211; Lamberts<\/strong><\/p>\n<p data-start=\"0\" data-end=\"145\">Pulse\u00ae on erinomainen kahden kapselin p\u00e4ivitt\u00e4inen koostumus, joka sis\u00e4lt\u00e4\u00e4 1300 mg puhdasta kalas\u00f6ljy\u00e4 ja koko 100 mg koentsyymi Q10:t\u00e4 (CoQ10).<\/p>\n<p data-start=\"147\" data-end=\"673\">N\u00e4m\u00e4 kapselit sis\u00e4lt\u00e4v\u00e4t keskittynytt\u00e4 kalas\u00f6ljy\u00e4, joka tarjoaa yhteens\u00e4 1040 mg omega-3-rasvahappoja kahdessa kapselissa, mik\u00e4 tekee siit\u00e4 yhden markkinoiden vahvimmista tuotteista Isossa-Britanniassa ja siksi asiantuntijoiden suosittelema. Kalas\u00f6ljy k\u00e4y l\u00e4pi hienostuneen puhdistusprosessin, joka takaa, ett\u00e4 se on k\u00e4yt\u00e4nn\u00f6ss\u00e4 hajuton ja sen ep\u00e4puhtauspitoisuudet ovat hyvin alhaiset EU:n tiukkojen raja-arvojen alapuolella. \u00d6ljy suojataan hapettumiselta kapselien sis\u00e4ll\u00e4 luonnollisen E-vitamiinin (ja CoQ10:n) lis\u00e4yksell\u00e4.<\/p>\n<p data-start=\"675\" data-end=\"975\">Kalas\u00f6ljyn t\u00e4rkeimm\u00e4t ainesosat ovat kaksi omega-3-rasvahappoa, EPA ja DHA, ja meid\u00e4n koostumuksemme sis\u00e4lt\u00e4\u00e4 vaikuttavat 715 mg EPA:ta ja 286 mg DHA:ta kahdessa kapselissa. EPA ja DHA edist\u00e4v\u00e4t syd\u00e4men normaalia toimintaa, ja t\u00e4m\u00e4 vaikutus saavutetaan p\u00e4ivitt\u00e4isell\u00e4 250 mg:n EPA- ja DHA-annoksella.<\/p>\n<p data-start=\"977\" data-end=\"1352\" data-is-last-node=\"\" data-is-only-node=\"\">Toinen t\u00e4rke\u00e4 ravintoaine, johon on kiinnitetty huomiota tutkimuksessa, on CoQ10, ja olemme lis\u00e4nneet siihen 100 mg kahdessa kapselissa. T\u00e4t\u00e4 ravintoaineita suositellaan usein osana syd\u00e4nterveyden ohjelmaa ja henkil\u00f6ille, jotka k\u00e4ytt\u00e4v\u00e4t statiineja \u2013 kolesterolia alentavia l\u00e4\u00e4kkeit\u00e4, jotka ovat v\u00e4hent\u00e4neet kehon CoQ10-tasoja. Tarjoamme CoQ10:t\u00e4 sen luonnollisessa muodossa.<\/p>\n","protected":false},"excerpt":{"rendered":"<ul>\n<li data-start=\"0\" data-end=\"300\">Keskitetty kalas\u00f6ljy<\/li>\n<li data-start=\"0\" data-end=\"300\">Tarjoaa yhteens\u00e4 1040 mg omega-3:aa<\/li>\n<li data-start=\"0\" data-end=\"300\">715 mg EPA \/ 286 mg DHA<\/li>\n<li data-start=\"0\" data-end=\"300\">Yksi markkinoiden vahvimmista Isossa-Britanniassa<\/li>\n<li data-start=\"0\" data-end=\"300\">K\u00e4y l\u00e4pi hienostuneen puhdistusprosessin<\/li>\n<li data-start=\"0\" data-end=\"300\">Sis\u00e4lt\u00e4\u00e4 lis\u00e4ksi 100 mg koentsyymi Q10:t\u00e4<\/li>\n<li data-start=\"0\" data-end=\"300\">Kahden kapselin p\u00e4ivitt\u00e4inen annos pienemm\u00e4n kapselikoon saavuttamiseksi<\/li>\n<\/ul>\n<p data-start=\"302\" data-end=\"313\" data-is-last-node=\"\" data-is-only-node=\"\">90 kapselia<\/p>\n","protected":false},"featured_media":11236,"comment_status":"closed","ping_status":"closed","template":"","meta":{"_acf_changed":false,"inline_featured_image":false,"_kad_blocks_custom_css":"","_kad_blocks_head_custom_js":"","_kad_blocks_body_custom_js":"","_kad_blocks_footer_custom_js":"","_kadence_starter_templates_imported_post":false,"_kad_post_transparent":"default","_kad_post_title":"","_kad_post_layout":"default","_kad_post_sidebar_id":"","_kad_post_content_style":"default","_kad_post_vertical_padding":"default","_kad_post_feature":"","_kad_post_feature_position":"","_kad_post_header":false,"_kad_post_footer":false},"product_brand":[],"product_cat":[91,2444],"product_tag":[5543,412,4772,5485,1235,5544,5545,5067,1614,4700,4532,4742,476,3454,5446,5546,5547,5548,5549],"class_list":{"0":"post-11327","1":"product","2":"type-product","3":"status-publish","4":"has-post-thumbnail","6":"product_cat-fettsyror-fi","7":"product_cat-lamberts-fi","8":"product_tag-aktiv-livsstil-fi","9":"product_tag-antioksidantti","10":"product_tag-elinvoimaisuus","11":"product_tag-en-kapsel-per-dag-fi","12":"product_tag-energia","13":"product_tag-forbattrad-energi-fi","14":"product_tag-forbattrad-uthallighet-fi","15":"product_tag-kasvissyoja-fi","16":"product_tag-kestavyytta","17":"product_tag-koulutustuki","18":"product_tag-lamberts-fi","19":"product_tag-lihasten-toiminta","20":"product_tag-lisaravinne","21":"product_tag-mental-klarhet-fi","22":"product_tag-naturliga-ingredienser-fi","23":"product_tag-prestation-fi","24":"product_tag-pulse-fi","25":"product_tag-stod-for-kroppen-fi","26":"product_tag-stamina-fi","28":"first","29":"outofstock","30":"taxable","31":"shipping-taxable","32":"purchasable","33":"product-type-simple","34":"entry","35":"content-bg","36":"loop-entry"},"acf":[],"yoast_head":"<!-- This site is optimized with the Yoast SEO plugin v25.8 - https:\/\/yoast.com\/wordpress\/plugins\/seo\/ -->\n<title>Pulse - Lamberts - Reviva<\/title>\n<meta name=\"description\" content=\"Pulse - Lamberts on ravintolis\u00e4, joka on erityisesti kehitetty tukemaan yleist\u00e4 terveytt\u00e4 ja hyvinvointia. Se lis\u00e4\u00e4 energiankulutusta.\" \/>\n<meta name=\"robots\" content=\"index, follow, max-snippet:-1, max-image-preview:large, max-video-preview:-1\" \/>\n<link rel=\"canonical\" href=\"https:\/\/reviva.fi\/fi\/tuote\/pulse-lamberts\/\" \/>\n<meta property=\"og:locale\" content=\"fi_FI\" \/>\n<meta property=\"og:type\" content=\"article\" \/>\n<meta property=\"og:title\" content=\"Pulse - Lamberts - Reviva\" \/>\n<meta property=\"og:description\" content=\"Pulse - Lamberts on ravintolis\u00e4, joka on erityisesti kehitetty tukemaan yleist\u00e4 terveytt\u00e4 ja hyvinvointia. Se lis\u00e4\u00e4 energiankulutusta.\" \/>\n<meta property=\"og:url\" content=\"https:\/\/reviva.fi\/fi\/tuote\/pulse-lamberts\/\" \/>\n<meta property=\"og:site_name\" content=\"Reviva\" \/>\n<meta property=\"article:modified_time\" content=\"2025-03-04T13:41:56+00:00\" \/>\n<meta property=\"og:image\" content=\"https:\/\/reviva.fi\/wp-content\/uploads\/2025\/03\/8536-Pulse.jpg\" \/>\n\t<meta property=\"og:image:width\" content=\"780\" \/>\n\t<meta property=\"og:image:height\" content=\"780\" \/>\n\t<meta property=\"og:image:type\" content=\"image\/jpeg\" \/>\n<meta name=\"twitter:card\" content=\"summary_large_image\" \/>\n<script type=\"application\/ld+json\" class=\"yoast-schema-graph\">{\"@context\":\"https:\/\/schema.org\",\"@graph\":[{\"@type\":\"WebPage\",\"@id\":\"https:\/\/reviva.fi\/fi\/tuote\/pulse-lamberts\/\",\"url\":\"https:\/\/reviva.fi\/fi\/tuote\/pulse-lamberts\/\",\"name\":\"Pulse - Lamberts - Reviva\",\"isPartOf\":{\"@id\":\"https:\/\/reviva.fi\/fi\/#website\"},\"primaryImageOfPage\":{\"@id\":\"https:\/\/reviva.fi\/fi\/tuote\/pulse-lamberts\/#primaryimage\"},\"image\":{\"@id\":\"https:\/\/reviva.fi\/fi\/tuote\/pulse-lamberts\/#primaryimage\"},\"thumbnailUrl\":\"https:\/\/reviva.fi\/wp-content\/uploads\/2025\/03\/8536-Pulse.jpg\",\"datePublished\":\"2025-03-03T13:59:15+00:00\",\"dateModified\":\"2025-03-04T13:41:56+00:00\",\"description\":\"Pulse - Lamberts on ravintolis\u00e4, joka on erityisesti kehitetty tukemaan yleist\u00e4 terveytt\u00e4 ja hyvinvointia. Se lis\u00e4\u00e4 energiankulutusta.\",\"breadcrumb\":{\"@id\":\"https:\/\/reviva.fi\/fi\/tuote\/pulse-lamberts\/#breadcrumb\"},\"inLanguage\":\"fi\",\"potentialAction\":[{\"@type\":\"ReadAction\",\"target\":[\"https:\/\/reviva.fi\/fi\/tuote\/pulse-lamberts\/\"]}]},{\"@type\":\"ImageObject\",\"inLanguage\":\"fi\",\"@id\":\"https:\/\/reviva.fi\/fi\/tuote\/pulse-lamberts\/#primaryimage\",\"url\":\"https:\/\/reviva.fi\/wp-content\/uploads\/2025\/03\/8536-Pulse.jpg\",\"contentUrl\":\"https:\/\/reviva.fi\/wp-content\/uploads\/2025\/03\/8536-Pulse.jpg\",\"width\":780,\"height\":780,\"caption\":\"Pulse\u00ae - Lamberts\"},{\"@type\":\"BreadcrumbList\",\"@id\":\"https:\/\/reviva.fi\/fi\/tuote\/pulse-lamberts\/#breadcrumb\",\"itemListElement\":[{\"@type\":\"ListItem\",\"position\":1,\"name\":\"Etusivu\",\"item\":\"https:\/\/reviva.fi\/fi\/\"},{\"@type\":\"ListItem\",\"position\":2,\"name\":\"Tuotteet\",\"item\":\"https:\/\/reviva.fi\/produkter\/\"},{\"@type\":\"ListItem\",\"position\":3,\"name\":\"Pulse &#8211; Lamberts\"}]},{\"@type\":\"WebSite\",\"@id\":\"https:\/\/reviva.fi\/fi\/#website\",\"url\":\"https:\/\/reviva.fi\/fi\/\",\"name\":\"Reviva\",\"description\":\"\",\"publisher\":{\"@id\":\"https:\/\/reviva.fi\/fi\/#organization\"},\"potentialAction\":[{\"@type\":\"SearchAction\",\"target\":{\"@type\":\"EntryPoint\",\"urlTemplate\":\"https:\/\/reviva.fi\/fi\/?s={search_term_string}\"},\"query-input\":{\"@type\":\"PropertyValueSpecification\",\"valueRequired\":true,\"valueName\":\"search_term_string\"}}],\"inLanguage\":\"fi\"},{\"@type\":\"Organization\",\"@id\":\"https:\/\/reviva.fi\/fi\/#organization\",\"name\":\"Reviva\",\"url\":\"https:\/\/reviva.fi\/fi\/\",\"logo\":{\"@type\":\"ImageObject\",\"inLanguage\":\"fi\",\"@id\":\"https:\/\/reviva.fi\/fi\/#\/schema\/logo\/image\/\",\"url\":\"https:\/\/reviva.fi\/wp-content\/uploads\/2023\/10\/reviva-logo2.svg\",\"contentUrl\":\"https:\/\/reviva.fi\/wp-content\/uploads\/2023\/10\/reviva-logo2.svg\",\"caption\":\"Reviva\"},\"image\":{\"@id\":\"https:\/\/reviva.fi\/fi\/#\/schema\/logo\/image\/\"}}]}<\/script>\n<meta property=\"product:price:amount\" content=\"48.65\" \/>\n<meta property=\"product:price:currency\" content=\"EUR\" \/>\n<meta property=\"og:availability\" content=\"out of stock\" \/>\n<meta property=\"product:availability\" content=\"out of stock\" \/>\n<meta property=\"product:retailer_item_id\" content=\"8536-90\" \/>\n<meta property=\"product:condition\" content=\"new\" \/>\n<!-- \/ Yoast SEO plugin. -->","yoast_head_json":{"title":"Pulse - Lamberts - Reviva","description":"Pulse - Lamberts on ravintolis\u00e4, joka on erityisesti kehitetty tukemaan yleist\u00e4 terveytt\u00e4 ja hyvinvointia. Se lis\u00e4\u00e4 energiankulutusta.","robots":{"index":"index","follow":"follow","max-snippet":"max-snippet:-1","max-image-preview":"max-image-preview:large","max-video-preview":"max-video-preview:-1"},"canonical":"https:\/\/reviva.fi\/fi\/tuote\/pulse-lamberts\/","og_locale":"fi_FI","og_type":"article","og_title":"Pulse - Lamberts - Reviva","og_description":"Pulse - Lamberts on ravintolis\u00e4, joka on erityisesti kehitetty tukemaan yleist\u00e4 terveytt\u00e4 ja hyvinvointia. Se lis\u00e4\u00e4 energiankulutusta.","og_url":"https:\/\/reviva.fi\/fi\/tuote\/pulse-lamberts\/","og_site_name":"Reviva","article_modified_time":"2025-03-04T13:41:56+00:00","og_image":[{"width":780,"height":780,"url":"https:\/\/reviva.fi\/wp-content\/uploads\/2025\/03\/8536-Pulse.jpg","type":"image\/jpeg"}],"twitter_card":"summary_large_image","schema":{"@context":"https:\/\/schema.org","@graph":[{"@type":"WebPage","@id":"https:\/\/reviva.fi\/fi\/tuote\/pulse-lamberts\/","url":"https:\/\/reviva.fi\/fi\/tuote\/pulse-lamberts\/","name":"Pulse - Lamberts - Reviva","isPartOf":{"@id":"https:\/\/reviva.fi\/fi\/#website"},"primaryImageOfPage":{"@id":"https:\/\/reviva.fi\/fi\/tuote\/pulse-lamberts\/#primaryimage"},"image":{"@id":"https:\/\/reviva.fi\/fi\/tuote\/pulse-lamberts\/#primaryimage"},"thumbnailUrl":"https:\/\/reviva.fi\/wp-content\/uploads\/2025\/03\/8536-Pulse.jpg","datePublished":"2025-03-03T13:59:15+00:00","dateModified":"2025-03-04T13:41:56+00:00","description":"Pulse - Lamberts on ravintolis\u00e4, joka on erityisesti kehitetty tukemaan yleist\u00e4 terveytt\u00e4 ja hyvinvointia. Se lis\u00e4\u00e4 energiankulutusta.","breadcrumb":{"@id":"https:\/\/reviva.fi\/fi\/tuote\/pulse-lamberts\/#breadcrumb"},"inLanguage":"fi","potentialAction":[{"@type":"ReadAction","target":["https:\/\/reviva.fi\/fi\/tuote\/pulse-lamberts\/"]}]},{"@type":"ImageObject","inLanguage":"fi","@id":"https:\/\/reviva.fi\/fi\/tuote\/pulse-lamberts\/#primaryimage","url":"https:\/\/reviva.fi\/wp-content\/uploads\/2025\/03\/8536-Pulse.jpg","contentUrl":"https:\/\/reviva.fi\/wp-content\/uploads\/2025\/03\/8536-Pulse.jpg","width":780,"height":780,"caption":"Pulse\u00ae - Lamberts"},{"@type":"BreadcrumbList","@id":"https:\/\/reviva.fi\/fi\/tuote\/pulse-lamberts\/#breadcrumb","itemListElement":[{"@type":"ListItem","position":1,"name":"Etusivu","item":"https:\/\/reviva.fi\/fi\/"},{"@type":"ListItem","position":2,"name":"Tuotteet","item":"https:\/\/reviva.fi\/produkter\/"},{"@type":"ListItem","position":3,"name":"Pulse &#8211; Lamberts"}]},{"@type":"WebSite","@id":"https:\/\/reviva.fi\/fi\/#website","url":"https:\/\/reviva.fi\/fi\/","name":"Reviva","description":"","publisher":{"@id":"https:\/\/reviva.fi\/fi\/#organization"},"potentialAction":[{"@type":"SearchAction","target":{"@type":"EntryPoint","urlTemplate":"https:\/\/reviva.fi\/fi\/?s={search_term_string}"},"query-input":{"@type":"PropertyValueSpecification","valueRequired":true,"valueName":"search_term_string"}}],"inLanguage":"fi"},{"@type":"Organization","@id":"https:\/\/reviva.fi\/fi\/#organization","name":"Reviva","url":"https:\/\/reviva.fi\/fi\/","logo":{"@type":"ImageObject","inLanguage":"fi","@id":"https:\/\/reviva.fi\/fi\/#\/schema\/logo\/image\/","url":"https:\/\/reviva.fi\/wp-content\/uploads\/2023\/10\/reviva-logo2.svg","contentUrl":"https:\/\/reviva.fi\/wp-content\/uploads\/2023\/10\/reviva-logo2.svg","caption":"Reviva"},"image":{"@id":"https:\/\/reviva.fi\/fi\/#\/schema\/logo\/image\/"}}]},"product_price_amount":"48.65","product_price_currency":"EUR","og_availability":"out of stock","product_availability":"out of stock","product_retailer_item_id":"8536-90","product_condition":"new"},"taxonomy_info":{"product_cat":[{"value":91,"label":"Rasvahapot"},{"value":2444,"label":"Lamberts"}],"product_tag":[{"value":5543,"label":"Aktiv livsstil"},{"value":412,"label":"antioksidantti"},{"value":4772,"label":"Elinvoimaisuus"},{"value":5485,"label":"En kapsel per dag"},{"value":1235,"label":"energia"},{"value":5544,"label":"F\u00f6rb\u00e4ttrad energi"},{"value":5545,"label":"F\u00f6rb\u00e4ttrad uth\u00e5llighet."},{"value":5067,"label":"kasvissy\u00f6j\u00e4"},{"value":1614,"label":"kest\u00e4vyytt\u00e4"},{"value":4700,"label":"koulutustuki"},{"value":4532,"label":"Lamberts"},{"value":4742,"label":"Lihasten toiminta"},{"value":476,"label":"lis\u00e4ravinne"},{"value":3454,"label":"Mental klarhet"},{"value":5446,"label":"naturliga ingredienser"},{"value":5546,"label":"Prestation"},{"value":5547,"label":"Pulse"},{"value":5548,"label":"St\u00f6d f\u00f6r kroppen"},{"value":5549,"label":"Stamina"}]},"featured_image_src_large":["https:\/\/reviva.fi\/wp-content\/uploads\/2025\/03\/8536-Pulse.jpg",780,780,false],"author_info":[],"comment_info":0,"_links":{"self":[{"href":"https:\/\/reviva.fi\/fi\/wp-json\/wp\/v2\/product\/11327","targetHints":{"allow":["GET"]}}],"collection":[{"href":"https:\/\/reviva.fi\/fi\/wp-json\/wp\/v2\/product"}],"about":[{"href":"https:\/\/reviva.fi\/fi\/wp-json\/wp\/v2\/types\/product"}],"replies":[{"embeddable":true,"href":"https:\/\/reviva.fi\/fi\/wp-json\/wp\/v2\/comments?post=11327"}],"wp:featuredmedia":[{"embeddable":true,"href":"https:\/\/reviva.fi\/fi\/wp-json\/wp\/v2\/media\/11236"}],"wp:attachment":[{"href":"https:\/\/reviva.fi\/fi\/wp-json\/wp\/v2\/media?parent=11327"}],"wp:term":[{"taxonomy":"product_brand","embeddable":true,"href":"https:\/\/reviva.fi\/fi\/wp-json\/wp\/v2\/product_brand?post=11327"},{"taxonomy":"product_cat","embeddable":true,"href":"https:\/\/reviva.fi\/fi\/wp-json\/wp\/v2\/product_cat?post=11327"},{"taxonomy":"product_tag","embeddable":true,"href":"https:\/\/reviva.fi\/fi\/wp-json\/wp\/v2\/product_tag?post=11327"}],"curies":[{"name":"wp","href":"https:\/\/api.w.org\/{rel}","templated":true}]}}