{"id":11334,"date":"2025-03-03T15:44:50","date_gmt":"2025-03-03T13:44:50","guid":{"rendered":"https:\/\/reviva.fi\/product\/astaxanthin-capsules-8mg-lamberts\/"},"modified":"2025-03-04T15:59:17","modified_gmt":"2025-03-04T13:59:17","slug":"astaksantiini-kapselit-8mg-lamberts","status":"publish","type":"product","link":"https:\/\/reviva.fi\/fi\/tuote\/astaksantiini-kapselit-8mg-lamberts\/","title":{"rendered":"Astaksantiini kapselit 8mg &#8211; Lamberts"},"content":{"rendered":"<p><strong>Astaksantiini kapselit 8mg &#8211; Lamberts<\/strong><\/p>\n<p data-start=\"0\" data-end=\"159\">T\u00e4m\u00e4 upea karotenoidi on yksi luonnon voimakkaimmista antioksidanteista ja se on l\u00e4heisesti sukua muille karotenoideille, kuten zeaksantiinille ja luteiinille.<\/p>\n<p data-start=\"161\" data-end=\"440\">K\u00e4yt\u00e4mme luonnollista ainetta, joka on uutettu makeassa vedess\u00e4 el\u00e4v\u00e4st\u00e4 vihre\u00e4st\u00e4 lev\u00e4st\u00e4 Haematococcus pluvialis, sen luonnollisessa 3S &#8211; 3\u2019S-muodossa. Synteettinen astaksantiini on Rs-3S tai RS-R\u2019S, ja vaikka se on halvempaa, ei ole selv\u00e4\u00e4, onko se aktiivista tai turvallista.<\/p>\n<p data-start=\"442\" data-end=\"761\">K\u00e4ytt\u00e4m\u00e4mme lev\u00e4 kasvatetaan ilmastohallintaymp\u00e4rist\u00f6ss\u00e4, suljetussa j\u00e4rjestelm\u00e4ss\u00e4 Aravan autiomaassa. Kolmen kuukauden viljelyprosessi j\u00e4ljittelee astaksantiinin kertymist\u00e4 luonnossa ja tuottaa poikkeuksellisen puhdasta ja korkealaatuista mikrolev\u00e4\u00e4 verrattuna astaksantiiniin, jota kasvatetaan avoimissa lampareissa.<\/p>\n<p data-start=\"763\" data-end=\"1008\">Uuttoprosessi k\u00e4ytt\u00e4\u00e4 superkriittist\u00e4 CO\u2082-uutotekniikkaa, mik\u00e4 v\u00e4ltt\u00e4\u00e4 liiallista l\u00e4mp\u00f6\u00e4 ja takaa liuottimenvapaan tuotteen. Prosessi on my\u00f6s ymp\u00e4rist\u00f6yst\u00e4v\u00e4llisempi, sill\u00e4 se toimii aurinkopaneeleilla ja k\u00e4ytt\u00e4\u00e4 omaa vedenkierr\u00e4tysj\u00e4rjestelm\u00e4\u00e4.<\/p>\n<p data-start=\"1010\" data-end=\"1254\" data-is-last-node=\"\" data-is-only-node=\"\">Kaksi kapselia tarjoaa yhteens\u00e4 8 mg luonnollista, aktiivista astaksantiinia \u2013 tason, joka on verrattavissa julkaistuihin tutkimuksiin. Lis\u00e4ksi tuote sis\u00e4lt\u00e4\u00e4 luonnollista E-vitamiinia, joka auttaa suojaamaan soluja oksidatiiviselta stressilt\u00e4.<\/p>\n","protected":false},"excerpt":{"rendered":"<p>&nbsp;<\/p>\n<ul>\n<li data-start=\"0\" data-end=\"506\">Kaksi kapselia tarjoaa yhteens\u00e4 8 mg aktiivista astaksantiinia.<\/li>\n<li data-start=\"0\" data-end=\"506\">Taso, joka on verrattavissa julkaistuihin tutkimuksiin.<\/li>\n<li data-start=\"0\" data-end=\"506\">Sis\u00e4lt\u00e4\u00e4 my\u00f6s luonnollista E-vitamiinia.<\/li>\n<li data-start=\"0\" data-end=\"506\">E-vitamiini edist\u00e4\u00e4 solujen suojaamista oksidatiiviselta stressilt\u00e4.<\/li>\n<li data-start=\"0\" data-end=\"506\">Suspendoitu auringonkukansiemen\u00f6ljyyn parhaan imeytymisen saavuttamiseksi.<\/li>\n<\/ul>\n<p data-start=\"508\" data-end=\"519\" data-is-last-node=\"\" data-is-only-node=\"\"><strong>30 kapselia<\/strong><\/p>\n","protected":false},"featured_media":11228,"comment_status":"closed","ping_status":"closed","template":"","meta":{"_acf_changed":false,"inline_featured_image":false,"_kad_blocks_custom_css":"","_kad_blocks_head_custom_js":"","_kad_blocks_body_custom_js":"","_kad_blocks_footer_custom_js":"","_kadence_starter_templates_imported_post":false,"_kad_post_transparent":"default","_kad_post_title":"","_kad_post_layout":"default","_kad_post_sidebar_id":"","_kad_post_content_style":"default","_kad_post_vertical_padding":"default","_kad_post_feature":"","_kad_post_feature_position":"","_kad_post_header":false,"_kad_post_footer":false},"product_brand":[],"product_cat":[2505,2444],"product_tag":[5557,3484,412,5558,3464,5551,5554,442,4778,444,5559,4678,4532,4742,4787,4898,1630,5560,4419],"class_list":{"0":"post-11334","1":"product","2":"type-product","3":"status-publish","4":"has-post-thumbnail","6":"product_cat-ovriga-kosttillskott-fi","7":"product_cat-lamberts-fi","8":"product_tag-ogonskydd-fi","9":"product_tag-anti-aging-fi","10":"product_tag-antioksidantti","11":"product_tag-astaxanthin-fi","12":"product_tag-cellskydd-fi","13":"product_tag-cirkulation-fi","14":"product_tag-hog-absorption-fi","15":"product_tag-ihonhoito","16":"product_tag-ikaantyminen","17":"product_tag-immuunijarjestelma","18":"product_tag-inflammationshantering-fi","19":"product_tag-kapselia","20":"product_tag-lamberts-fi","21":"product_tag-lihasten-toiminta","22":"product_tag-luonnollinen-antioksidantti","23":"product_tag-luonnollinen-ravintolisa","24":"product_tag-silmien-terveytta","25":"product_tag-stod-for-celler-fi","26":"product_tag-sydanterveytta","28":"first","29":"instock","30":"taxable","31":"shipping-taxable","32":"purchasable","33":"product-type-simple","34":"entry","35":"content-bg","36":"loop-entry"},"acf":[],"yoast_head":"<!-- This site is optimized with the Yoast SEO plugin v25.8 - https:\/\/yoast.com\/wordpress\/plugins\/seo\/ -->\n<title>Astaksantiini kapselit 8mg - Lamberts - Reviva<\/title>\n<meta name=\"description\" content=\"Astaksantiini kapselit 8mg - Lamberts on voimakas ja luonnollinen antioksidanttiravintolis\u00e4, joka suojaa soluja oksidatiiviselta stressilt\u00e4.\" \/>\n<meta name=\"robots\" content=\"index, follow, max-snippet:-1, max-image-preview:large, max-video-preview:-1\" \/>\n<link rel=\"canonical\" href=\"https:\/\/reviva.fi\/fi\/tuote\/astaksantiini-kapselit-8mg-lamberts\/\" \/>\n<meta property=\"og:locale\" content=\"fi_FI\" \/>\n<meta property=\"og:type\" content=\"article\" \/>\n<meta property=\"og:title\" content=\"Astaksantiini kapselit 8mg - Lamberts - Reviva\" \/>\n<meta property=\"og:description\" content=\"Astaksantiini kapselit 8mg - Lamberts on voimakas ja luonnollinen antioksidanttiravintolis\u00e4, joka suojaa soluja oksidatiiviselta stressilt\u00e4.\" \/>\n<meta property=\"og:url\" content=\"https:\/\/reviva.fi\/fi\/tuote\/astaksantiini-kapselit-8mg-lamberts\/\" \/>\n<meta property=\"og:site_name\" content=\"Reviva\" \/>\n<meta property=\"article:modified_time\" content=\"2025-03-04T13:59:17+00:00\" \/>\n<meta property=\"og:image\" content=\"https:\/\/reviva.fi\/wp-content\/uploads\/2025\/03\/8519-Astaxanthin-capsules.jpg\" \/>\n\t<meta property=\"og:image:width\" content=\"780\" \/>\n\t<meta property=\"og:image:height\" content=\"780\" \/>\n\t<meta property=\"og:image:type\" content=\"image\/jpeg\" \/>\n<meta name=\"twitter:card\" content=\"summary_large_image\" \/>\n<script type=\"application\/ld+json\" class=\"yoast-schema-graph\">{\"@context\":\"https:\/\/schema.org\",\"@graph\":[{\"@type\":\"WebPage\",\"@id\":\"https:\/\/reviva.fi\/fi\/tuote\/astaksantiini-kapselit-8mg-lamberts\/\",\"url\":\"https:\/\/reviva.fi\/fi\/tuote\/astaksantiini-kapselit-8mg-lamberts\/\",\"name\":\"Astaksantiini kapselit 8mg - Lamberts - Reviva\",\"isPartOf\":{\"@id\":\"https:\/\/reviva.fi\/fi\/#website\"},\"primaryImageOfPage\":{\"@id\":\"https:\/\/reviva.fi\/fi\/tuote\/astaksantiini-kapselit-8mg-lamberts\/#primaryimage\"},\"image\":{\"@id\":\"https:\/\/reviva.fi\/fi\/tuote\/astaksantiini-kapselit-8mg-lamberts\/#primaryimage\"},\"thumbnailUrl\":\"https:\/\/reviva.fi\/wp-content\/uploads\/2025\/03\/8519-Astaxanthin-capsules.jpg\",\"datePublished\":\"2025-03-03T13:44:50+00:00\",\"dateModified\":\"2025-03-04T13:59:17+00:00\",\"description\":\"Astaksantiini kapselit 8mg - Lamberts on voimakas ja luonnollinen antioksidanttiravintolis\u00e4, joka suojaa soluja oksidatiiviselta stressilt\u00e4.\",\"breadcrumb\":{\"@id\":\"https:\/\/reviva.fi\/fi\/tuote\/astaksantiini-kapselit-8mg-lamberts\/#breadcrumb\"},\"inLanguage\":\"fi\",\"potentialAction\":[{\"@type\":\"ReadAction\",\"target\":[\"https:\/\/reviva.fi\/fi\/tuote\/astaksantiini-kapselit-8mg-lamberts\/\"]}]},{\"@type\":\"ImageObject\",\"inLanguage\":\"fi\",\"@id\":\"https:\/\/reviva.fi\/fi\/tuote\/astaksantiini-kapselit-8mg-lamberts\/#primaryimage\",\"url\":\"https:\/\/reviva.fi\/wp-content\/uploads\/2025\/03\/8519-Astaxanthin-capsules.jpg\",\"contentUrl\":\"https:\/\/reviva.fi\/wp-content\/uploads\/2025\/03\/8519-Astaxanthin-capsules.jpg\",\"width\":780,\"height\":780,\"caption\":\"Astaxanthin Capsules 8mg - Lamberts\"},{\"@type\":\"BreadcrumbList\",\"@id\":\"https:\/\/reviva.fi\/fi\/tuote\/astaksantiini-kapselit-8mg-lamberts\/#breadcrumb\",\"itemListElement\":[{\"@type\":\"ListItem\",\"position\":1,\"name\":\"Etusivu\",\"item\":\"https:\/\/reviva.fi\/fi\/\"},{\"@type\":\"ListItem\",\"position\":2,\"name\":\"Tuotteet\",\"item\":\"https:\/\/reviva.fi\/produkter\/\"},{\"@type\":\"ListItem\",\"position\":3,\"name\":\"Astaksantiini kapselit 8mg &#8211; Lamberts\"}]},{\"@type\":\"WebSite\",\"@id\":\"https:\/\/reviva.fi\/fi\/#website\",\"url\":\"https:\/\/reviva.fi\/fi\/\",\"name\":\"Reviva\",\"description\":\"\",\"publisher\":{\"@id\":\"https:\/\/reviva.fi\/fi\/#organization\"},\"potentialAction\":[{\"@type\":\"SearchAction\",\"target\":{\"@type\":\"EntryPoint\",\"urlTemplate\":\"https:\/\/reviva.fi\/fi\/?s={search_term_string}\"},\"query-input\":{\"@type\":\"PropertyValueSpecification\",\"valueRequired\":true,\"valueName\":\"search_term_string\"}}],\"inLanguage\":\"fi\"},{\"@type\":\"Organization\",\"@id\":\"https:\/\/reviva.fi\/fi\/#organization\",\"name\":\"Reviva\",\"url\":\"https:\/\/reviva.fi\/fi\/\",\"logo\":{\"@type\":\"ImageObject\",\"inLanguage\":\"fi\",\"@id\":\"https:\/\/reviva.fi\/fi\/#\/schema\/logo\/image\/\",\"url\":\"https:\/\/reviva.fi\/wp-content\/uploads\/2023\/10\/reviva-logo2.svg\",\"contentUrl\":\"https:\/\/reviva.fi\/wp-content\/uploads\/2023\/10\/reviva-logo2.svg\",\"caption\":\"Reviva\"},\"image\":{\"@id\":\"https:\/\/reviva.fi\/fi\/#\/schema\/logo\/image\/\"}}]}<\/script>\n<meta property=\"product:price:amount\" content=\"19.40\" \/>\n<meta property=\"product:price:currency\" content=\"EUR\" \/>\n<meta property=\"og:availability\" content=\"instock\" \/>\n<meta property=\"product:availability\" content=\"instock\" \/>\n<meta property=\"product:retailer_item_id\" content=\"8519-30\" \/>\n<meta property=\"product:condition\" content=\"new\" \/>\n<!-- \/ Yoast SEO plugin. -->","yoast_head_json":{"title":"Astaksantiini kapselit 8mg - Lamberts - Reviva","description":"Astaksantiini kapselit 8mg - Lamberts on voimakas ja luonnollinen antioksidanttiravintolis\u00e4, joka suojaa soluja oksidatiiviselta stressilt\u00e4.","robots":{"index":"index","follow":"follow","max-snippet":"max-snippet:-1","max-image-preview":"max-image-preview:large","max-video-preview":"max-video-preview:-1"},"canonical":"https:\/\/reviva.fi\/fi\/tuote\/astaksantiini-kapselit-8mg-lamberts\/","og_locale":"fi_FI","og_type":"article","og_title":"Astaksantiini kapselit 8mg - Lamberts - Reviva","og_description":"Astaksantiini kapselit 8mg - Lamberts on voimakas ja luonnollinen antioksidanttiravintolis\u00e4, joka suojaa soluja oksidatiiviselta stressilt\u00e4.","og_url":"https:\/\/reviva.fi\/fi\/tuote\/astaksantiini-kapselit-8mg-lamberts\/","og_site_name":"Reviva","article_modified_time":"2025-03-04T13:59:17+00:00","og_image":[{"width":780,"height":780,"url":"https:\/\/reviva.fi\/wp-content\/uploads\/2025\/03\/8519-Astaxanthin-capsules.jpg","type":"image\/jpeg"}],"twitter_card":"summary_large_image","schema":{"@context":"https:\/\/schema.org","@graph":[{"@type":"WebPage","@id":"https:\/\/reviva.fi\/fi\/tuote\/astaksantiini-kapselit-8mg-lamberts\/","url":"https:\/\/reviva.fi\/fi\/tuote\/astaksantiini-kapselit-8mg-lamberts\/","name":"Astaksantiini kapselit 8mg - Lamberts - Reviva","isPartOf":{"@id":"https:\/\/reviva.fi\/fi\/#website"},"primaryImageOfPage":{"@id":"https:\/\/reviva.fi\/fi\/tuote\/astaksantiini-kapselit-8mg-lamberts\/#primaryimage"},"image":{"@id":"https:\/\/reviva.fi\/fi\/tuote\/astaksantiini-kapselit-8mg-lamberts\/#primaryimage"},"thumbnailUrl":"https:\/\/reviva.fi\/wp-content\/uploads\/2025\/03\/8519-Astaxanthin-capsules.jpg","datePublished":"2025-03-03T13:44:50+00:00","dateModified":"2025-03-04T13:59:17+00:00","description":"Astaksantiini kapselit 8mg - Lamberts on voimakas ja luonnollinen antioksidanttiravintolis\u00e4, joka suojaa soluja oksidatiiviselta stressilt\u00e4.","breadcrumb":{"@id":"https:\/\/reviva.fi\/fi\/tuote\/astaksantiini-kapselit-8mg-lamberts\/#breadcrumb"},"inLanguage":"fi","potentialAction":[{"@type":"ReadAction","target":["https:\/\/reviva.fi\/fi\/tuote\/astaksantiini-kapselit-8mg-lamberts\/"]}]},{"@type":"ImageObject","inLanguage":"fi","@id":"https:\/\/reviva.fi\/fi\/tuote\/astaksantiini-kapselit-8mg-lamberts\/#primaryimage","url":"https:\/\/reviva.fi\/wp-content\/uploads\/2025\/03\/8519-Astaxanthin-capsules.jpg","contentUrl":"https:\/\/reviva.fi\/wp-content\/uploads\/2025\/03\/8519-Astaxanthin-capsules.jpg","width":780,"height":780,"caption":"Astaxanthin Capsules 8mg - Lamberts"},{"@type":"BreadcrumbList","@id":"https:\/\/reviva.fi\/fi\/tuote\/astaksantiini-kapselit-8mg-lamberts\/#breadcrumb","itemListElement":[{"@type":"ListItem","position":1,"name":"Etusivu","item":"https:\/\/reviva.fi\/fi\/"},{"@type":"ListItem","position":2,"name":"Tuotteet","item":"https:\/\/reviva.fi\/produkter\/"},{"@type":"ListItem","position":3,"name":"Astaksantiini kapselit 8mg &#8211; Lamberts"}]},{"@type":"WebSite","@id":"https:\/\/reviva.fi\/fi\/#website","url":"https:\/\/reviva.fi\/fi\/","name":"Reviva","description":"","publisher":{"@id":"https:\/\/reviva.fi\/fi\/#organization"},"potentialAction":[{"@type":"SearchAction","target":{"@type":"EntryPoint","urlTemplate":"https:\/\/reviva.fi\/fi\/?s={search_term_string}"},"query-input":{"@type":"PropertyValueSpecification","valueRequired":true,"valueName":"search_term_string"}}],"inLanguage":"fi"},{"@type":"Organization","@id":"https:\/\/reviva.fi\/fi\/#organization","name":"Reviva","url":"https:\/\/reviva.fi\/fi\/","logo":{"@type":"ImageObject","inLanguage":"fi","@id":"https:\/\/reviva.fi\/fi\/#\/schema\/logo\/image\/","url":"https:\/\/reviva.fi\/wp-content\/uploads\/2023\/10\/reviva-logo2.svg","contentUrl":"https:\/\/reviva.fi\/wp-content\/uploads\/2023\/10\/reviva-logo2.svg","caption":"Reviva"},"image":{"@id":"https:\/\/reviva.fi\/fi\/#\/schema\/logo\/image\/"}}]},"product_price_amount":"19.40","product_price_currency":"EUR","og_availability":"instock","product_availability":"instock","product_retailer_item_id":"8519-30","product_condition":"new"},"taxonomy_info":{"product_cat":[{"value":2505,"label":"Muut ravintolis\u00e4t"},{"value":2444,"label":"Lamberts"}],"product_tag":[{"value":5557,"label":"\u00d6gonskydd"},{"value":3484,"label":"Anti-aging"},{"value":412,"label":"antioksidantti"},{"value":5558,"label":"Astaxanthin"},{"value":3464,"label":"Cellskydd"},{"value":5551,"label":"Cirkulation"},{"value":5554,"label":"H\u00f6g absorption"},{"value":442,"label":"ihonhoito"},{"value":4778,"label":"ik\u00e4\u00e4ntyminen"},{"value":444,"label":"immuunij\u00e4rjestelm\u00e4"},{"value":5559,"label":"Inflammationshantering"},{"value":4678,"label":"Kapselia"},{"value":4532,"label":"Lamberts"},{"value":4742,"label":"Lihasten toiminta"},{"value":4787,"label":"luonnollinen antioksidantti"},{"value":4898,"label":"Luonnollinen ravintolis\u00e4"},{"value":1630,"label":"silmien terveytt\u00e4"},{"value":5560,"label":"St\u00f6d f\u00f6r celler"},{"value":4419,"label":"Syd\u00e4nterveytt\u00e4"}]},"featured_image_src_large":["https:\/\/reviva.fi\/wp-content\/uploads\/2025\/03\/8519-Astaxanthin-capsules.jpg",780,780,false],"author_info":[],"comment_info":0,"_links":{"self":[{"href":"https:\/\/reviva.fi\/fi\/wp-json\/wp\/v2\/product\/11334","targetHints":{"allow":["GET"]}}],"collection":[{"href":"https:\/\/reviva.fi\/fi\/wp-json\/wp\/v2\/product"}],"about":[{"href":"https:\/\/reviva.fi\/fi\/wp-json\/wp\/v2\/types\/product"}],"replies":[{"embeddable":true,"href":"https:\/\/reviva.fi\/fi\/wp-json\/wp\/v2\/comments?post=11334"}],"wp:featuredmedia":[{"embeddable":true,"href":"https:\/\/reviva.fi\/fi\/wp-json\/wp\/v2\/media\/11228"}],"wp:attachment":[{"href":"https:\/\/reviva.fi\/fi\/wp-json\/wp\/v2\/media?parent=11334"}],"wp:term":[{"taxonomy":"product_brand","embeddable":true,"href":"https:\/\/reviva.fi\/fi\/wp-json\/wp\/v2\/product_brand?post=11334"},{"taxonomy":"product_cat","embeddable":true,"href":"https:\/\/reviva.fi\/fi\/wp-json\/wp\/v2\/product_cat?post=11334"},{"taxonomy":"product_tag","embeddable":true,"href":"https:\/\/reviva.fi\/fi\/wp-json\/wp\/v2\/product_tag?post=11334"}],"curies":[{"name":"wp","href":"https:\/\/api.w.org\/{rel}","templated":true}]}}