{"id":11338,"date":"2025-03-03T15:10:38","date_gmt":"2025-03-03T13:10:38","guid":{"rendered":"https:\/\/reviva.fi\/product\/evening-primrose-oil-with-starflower-oil-lamberts\/"},"modified":"2026-02-25T08:07:25","modified_gmt":"2026-02-25T06:07:25","slug":"evening-primrose-oil-with-starflower-oil-lamberts","status":"publish","type":"product","link":"https:\/\/reviva.fi\/fi\/tuote\/evening-primrose-oil-with-starflower-oil-lamberts\/","title":{"rendered":"Helokki- ja T\u00e4htikukka\u00f6ljy &#8211; Lamberts"},"content":{"rendered":"<p><strong>Helokki- ja T\u00e4htikukka\u00f6ljy &#8211; Lamberts<\/strong><\/p>\n<p>T\u00e4m\u00e4 tuote yhdist\u00e4\u00e4 helokki\u00f6ljyn ja t\u00e4htikukka\u00f6ljyn (borage\u00f6ljy) muodostaen seoksen, joka on rikkaampi gamma-linolenehappopitoisuudeltaan (GLA) kuin pelkk\u00e4 helokki\u00f6ljy. Tuote sis\u00e4lt\u00e4\u00e4 noin 30 % enemm\u00e4n GLA:ta per kapseli verrattuna vastaaviin helokki\u00f6ljykapseleihin.<\/p>\n<p>GLA on esiaste erityisen t\u00e4rke\u00e4lle prostaglandiinille, PGE1:lle, joka osallistuu hermoston, syd\u00e4n- ja verisuonij\u00e4rjestelm\u00e4n sek\u00e4 lis\u00e4\u00e4ntymisj\u00e4rjestelm\u00e4n s\u00e4\u00e4telyyn, sek\u00e4 ihon tilaan ja muihin biologisiin toimintoihin. Vaikka keho voi muuntaa linolihappoa (omega-6-rasvahappoa, joka l\u00f6ytyy kasvi\u00f6ljyist\u00e4) GLA:ksi, t\u00e4m\u00e4 muuntaminen voi joskus olla hidasta tai osittain esty\u00e4. Siksi GLA-ravintolis\u00e4 voi olla eritt\u00e4in hy\u00f6dyllinen kiert\u00e4m\u00e4\u00e4n t\u00e4m\u00e4n prosessin, ja monet kliiniset tutkimukset ovat osoittaneet, ett\u00e4 GLA-lis\u00e4t voivat olla tehokkaita useissa tilanteissa.<\/p>\n<p>T\u00e4m\u00e4 tuote sis\u00e4lt\u00e4\u00e4 noin 50 % enemm\u00e4n GLA:ta per kapseli verrattuna vastaaviin helokki\u00f6ljykapseleihin, ja jokainen kapseli antaa lis\u00e4ksi 83 % DRI:n mukaan suositellusta E-vitamiinim\u00e4\u00e4r\u00e4st\u00e4.<\/p>\n<p>Tuotetta voidaan suositella:<\/p>\n<ul>\n<li>Vaihdevuosi-ik\u00e4isille naisille<\/li>\n<li>Naisille kuukautisten aikana<\/li>\n<li>Kaikille, jotka haluavat s\u00e4ilytt\u00e4\u00e4 hyv\u00e4n ihon terveyden<\/li>\n<\/ul>\n","protected":false},"excerpt":{"rendered":"<ul>\n<li data-start=\"0\" data-end=\"501\">Yhdist\u00e4\u00e4 helokki\u00f6ljyn ja t\u00e4htikukka\u00f6ljyn (borage\u00f6ljy), muodostaen seoksen, joka on rikkaampi gamma-linolenehappopitoisuudeltaan (GLA) kuin pelkk\u00e4 helokki\u00f6ljy.<\/li>\n<li data-start=\"0\" data-end=\"501\">Tarjoaa noin 30 % enemm\u00e4n GLA:ta per kapseli verrattuna vastaaviin helokki\u00f6ljykapseleihin.<\/li>\n<li data-start=\"0\" data-end=\"501\">Taattu 120 mg GLA-taso per kapseli.<\/li>\n<li data-start=\"0\" data-end=\"501\">Jokainen kapseli tarjoaa 83 % NRV:st\u00e4 E-vitamiinia.<\/li>\n<li data-start=\"0\" data-end=\"501\">Suositellaan usein vaihdevuosi-ik\u00e4isille naisille, kuukautisten aikana tai kaikille, jotka haluavat s\u00e4ilytt\u00e4\u00e4 hyv\u00e4n ihon terveyden.<\/li>\n<li data-start=\"0\" data-end=\"501\">Sopii kasvissy\u00f6jille.<\/li>\n<\/ul>\n<p data-start=\"503\" data-end=\"514\" data-is-last-node=\"\" data-is-only-node=\"\"><strong>90 kapselia<\/strong><\/p>\n","protected":false},"featured_media":11210,"comment_status":"closed","ping_status":"closed","template":"","meta":{"_acf_changed":false,"inline_featured_image":false,"_kad_blocks_custom_css":"","_kad_blocks_head_custom_js":"","_kad_blocks_body_custom_js":"","_kad_blocks_footer_custom_js":"","_kadence_starter_templates_imported_post":false,"_kad_post_transparent":"default","_kad_post_title":"","_kad_post_layout":"default","_kad_post_sidebar_id":"","_kad_post_content_style":"default","_kad_post_vertical_padding":"default","_kad_post_feature":"","_kad_post_feature_position":"","_kad_post_header":false,"_kad_post_footer":false},"product_brand":[],"product_cat":[91,2444,2357,2350],"product_tag":[2936,5561,5562,5563,5564,5565,5127,3384,5566,3385,3503,4504,4532,476,5567,5568,4642,4648,3084],"class_list":{"0":"post-11338","1":"product","2":"type-product","3":"status-publish","4":"has-post-thumbnail","6":"product_cat-fettsyror-fi","7":"product_cat-lamberts-fi","8":"product_cat-immunforsvar-fi","9":"product_cat-hud-och-skonhet-fi","10":"product_tag-antioksidantit","11":"product_tag-blommolja-fi","12":"product_tag-forebyggande-halsa-fi","13":"product_tag-forskning-stodd-fi","14":"product_tag-halsosam-hud-fi","15":"product_tag-halsosamt-immunsystem-fi","16":"product_tag-helokkioljy","17":"product_tag-hormonbalans-fi","18":"product_tag-hormonell-balans-fi","19":"product_tag-hudhalsa-fi","20":"product_tag-inflammationsdampande-fi","21":"product_tag-kasvissyoja","22":"product_tag-lamberts-fi","23":"product_tag-lisaravinne","24":"product_tag-menstruationsproblem-fi","25":"product_tag-naturlig-olja-fi","26":"product_tag-omega-6-fi","27":"product_tag-tahtikukkaoljy","28":"product_tag-vaihdevuosien-oireet-fi","30":"first","31":"instock","32":"taxable","33":"shipping-taxable","34":"purchasable","35":"product-type-simple","36":"entry","37":"content-bg","38":"loop-entry"},"acf":[],"yoast_head":"<!-- This site is optimized with the Yoast SEO plugin v25.8 - https:\/\/yoast.com\/wordpress\/plugins\/seo\/ -->\n<title>Helokki- ja T\u00e4htikukka\u00f6ljy - Lamberts - Reviva<\/title>\n<meta name=\"description\" content=\"Helokki- ja T\u00e4htikukka\u00f6ljy - Lamberts on korkealaatuinen kapseli, joka yhdist\u00e4\u00e4 helokki\u00f6ljyn ja t\u00e4htikukka\u00f6ljyn. Tehostettu GLA pitoisuus.\" \/>\n<meta name=\"robots\" content=\"index, follow, max-snippet:-1, max-image-preview:large, max-video-preview:-1\" \/>\n<link rel=\"canonical\" href=\"https:\/\/reviva.fi\/fi\/tuote\/evening-primrose-oil-with-starflower-oil-lamberts\/\" \/>\n<meta property=\"og:locale\" content=\"fi_FI\" \/>\n<meta property=\"og:type\" content=\"article\" \/>\n<meta property=\"og:title\" content=\"Helokki- ja T\u00e4htikukka\u00f6ljy - Lamberts - Reviva\" \/>\n<meta property=\"og:description\" content=\"Helokki- ja T\u00e4htikukka\u00f6ljy - Lamberts on korkealaatuinen kapseli, joka yhdist\u00e4\u00e4 helokki\u00f6ljyn ja t\u00e4htikukka\u00f6ljyn. Tehostettu GLA pitoisuus.\" \/>\n<meta property=\"og:url\" content=\"https:\/\/reviva.fi\/fi\/tuote\/evening-primrose-oil-with-starflower-oil-lamberts\/\" \/>\n<meta property=\"og:site_name\" content=\"Reviva\" \/>\n<meta property=\"article:modified_time\" content=\"2026-02-25T06:07:25+00:00\" \/>\n<meta property=\"og:image\" content=\"https:\/\/reviva.fi\/wp-content\/uploads\/2025\/03\/8505-evening-primrose-oil-with-starflower.jpg\" \/>\n\t<meta property=\"og:image:width\" content=\"780\" \/>\n\t<meta property=\"og:image:height\" content=\"780\" \/>\n\t<meta property=\"og:image:type\" content=\"image\/jpeg\" \/>\n<meta name=\"twitter:card\" content=\"summary_large_image\" \/>\n<script type=\"application\/ld+json\" class=\"yoast-schema-graph\">{\"@context\":\"https:\/\/schema.org\",\"@graph\":[{\"@type\":\"WebPage\",\"@id\":\"https:\/\/reviva.fi\/fi\/tuote\/evening-primrose-oil-with-starflower-oil-lamberts\/\",\"url\":\"https:\/\/reviva.fi\/fi\/tuote\/evening-primrose-oil-with-starflower-oil-lamberts\/\",\"name\":\"Helokki- ja T\u00e4htikukka\u00f6ljy - Lamberts - Reviva\",\"isPartOf\":{\"@id\":\"https:\/\/reviva.fi\/fi\/#website\"},\"primaryImageOfPage\":{\"@id\":\"https:\/\/reviva.fi\/fi\/tuote\/evening-primrose-oil-with-starflower-oil-lamberts\/#primaryimage\"},\"image\":{\"@id\":\"https:\/\/reviva.fi\/fi\/tuote\/evening-primrose-oil-with-starflower-oil-lamberts\/#primaryimage\"},\"thumbnailUrl\":\"https:\/\/reviva.fi\/wp-content\/uploads\/2025\/03\/8505-evening-primrose-oil-with-starflower.jpg\",\"datePublished\":\"2025-03-03T13:10:38+00:00\",\"dateModified\":\"2026-02-25T06:07:25+00:00\",\"description\":\"Helokki- ja T\u00e4htikukka\u00f6ljy - Lamberts on korkealaatuinen kapseli, joka yhdist\u00e4\u00e4 helokki\u00f6ljyn ja t\u00e4htikukka\u00f6ljyn. Tehostettu GLA pitoisuus.\",\"breadcrumb\":{\"@id\":\"https:\/\/reviva.fi\/fi\/tuote\/evening-primrose-oil-with-starflower-oil-lamberts\/#breadcrumb\"},\"inLanguage\":\"fi\",\"potentialAction\":[{\"@type\":\"ReadAction\",\"target\":[\"https:\/\/reviva.fi\/fi\/tuote\/evening-primrose-oil-with-starflower-oil-lamberts\/\"]}]},{\"@type\":\"ImageObject\",\"inLanguage\":\"fi\",\"@id\":\"https:\/\/reviva.fi\/fi\/tuote\/evening-primrose-oil-with-starflower-oil-lamberts\/#primaryimage\",\"url\":\"https:\/\/reviva.fi\/wp-content\/uploads\/2025\/03\/8505-evening-primrose-oil-with-starflower.jpg\",\"contentUrl\":\"https:\/\/reviva.fi\/wp-content\/uploads\/2025\/03\/8505-evening-primrose-oil-with-starflower.jpg\",\"width\":780,\"height\":780,\"caption\":\"Helokki- ja T\u00e4htikukka\u00f6ljy - Lamberts\"},{\"@type\":\"BreadcrumbList\",\"@id\":\"https:\/\/reviva.fi\/fi\/tuote\/evening-primrose-oil-with-starflower-oil-lamberts\/#breadcrumb\",\"itemListElement\":[{\"@type\":\"ListItem\",\"position\":1,\"name\":\"Etusivu\",\"item\":\"https:\/\/reviva.fi\/fi\/\"},{\"@type\":\"ListItem\",\"position\":2,\"name\":\"Tuotteet\",\"item\":\"https:\/\/reviva.fi\/produkter\/\"},{\"@type\":\"ListItem\",\"position\":3,\"name\":\"Helokki- ja T\u00e4htikukka\u00f6ljy &#8211; Lamberts\"}]},{\"@type\":\"WebSite\",\"@id\":\"https:\/\/reviva.fi\/fi\/#website\",\"url\":\"https:\/\/reviva.fi\/fi\/\",\"name\":\"Reviva\",\"description\":\"\",\"publisher\":{\"@id\":\"https:\/\/reviva.fi\/fi\/#organization\"},\"potentialAction\":[{\"@type\":\"SearchAction\",\"target\":{\"@type\":\"EntryPoint\",\"urlTemplate\":\"https:\/\/reviva.fi\/fi\/?s={search_term_string}\"},\"query-input\":{\"@type\":\"PropertyValueSpecification\",\"valueRequired\":true,\"valueName\":\"search_term_string\"}}],\"inLanguage\":\"fi\"},{\"@type\":\"Organization\",\"@id\":\"https:\/\/reviva.fi\/fi\/#organization\",\"name\":\"Reviva\",\"url\":\"https:\/\/reviva.fi\/fi\/\",\"logo\":{\"@type\":\"ImageObject\",\"inLanguage\":\"fi\",\"@id\":\"https:\/\/reviva.fi\/fi\/#\/schema\/logo\/image\/\",\"url\":\"https:\/\/reviva.fi\/wp-content\/uploads\/2023\/10\/reviva-logo2.svg\",\"contentUrl\":\"https:\/\/reviva.fi\/wp-content\/uploads\/2023\/10\/reviva-logo2.svg\",\"caption\":\"Reviva\"},\"image\":{\"@id\":\"https:\/\/reviva.fi\/fi\/#\/schema\/logo\/image\/\"}}]}<\/script>\n<meta property=\"product:price:amount\" content=\"37.40\" \/>\n<meta property=\"product:price:currency\" content=\"EUR\" \/>\n<meta property=\"og:availability\" content=\"instock\" \/>\n<meta property=\"product:availability\" content=\"instock\" \/>\n<meta property=\"product:retailer_item_id\" content=\"8505-90\" \/>\n<meta property=\"product:condition\" content=\"new\" \/>\n<!-- \/ Yoast SEO plugin. -->","yoast_head_json":{"title":"Helokki- ja T\u00e4htikukka\u00f6ljy - Lamberts - Reviva","description":"Helokki- ja T\u00e4htikukka\u00f6ljy - Lamberts on korkealaatuinen kapseli, joka yhdist\u00e4\u00e4 helokki\u00f6ljyn ja t\u00e4htikukka\u00f6ljyn. Tehostettu GLA pitoisuus.","robots":{"index":"index","follow":"follow","max-snippet":"max-snippet:-1","max-image-preview":"max-image-preview:large","max-video-preview":"max-video-preview:-1"},"canonical":"https:\/\/reviva.fi\/fi\/tuote\/evening-primrose-oil-with-starflower-oil-lamberts\/","og_locale":"fi_FI","og_type":"article","og_title":"Helokki- ja T\u00e4htikukka\u00f6ljy - Lamberts - Reviva","og_description":"Helokki- ja T\u00e4htikukka\u00f6ljy - Lamberts on korkealaatuinen kapseli, joka yhdist\u00e4\u00e4 helokki\u00f6ljyn ja t\u00e4htikukka\u00f6ljyn. Tehostettu GLA pitoisuus.","og_url":"https:\/\/reviva.fi\/fi\/tuote\/evening-primrose-oil-with-starflower-oil-lamberts\/","og_site_name":"Reviva","article_modified_time":"2026-02-25T06:07:25+00:00","og_image":[{"width":780,"height":780,"url":"https:\/\/reviva.fi\/wp-content\/uploads\/2025\/03\/8505-evening-primrose-oil-with-starflower.jpg","type":"image\/jpeg"}],"twitter_card":"summary_large_image","schema":{"@context":"https:\/\/schema.org","@graph":[{"@type":"WebPage","@id":"https:\/\/reviva.fi\/fi\/tuote\/evening-primrose-oil-with-starflower-oil-lamberts\/","url":"https:\/\/reviva.fi\/fi\/tuote\/evening-primrose-oil-with-starflower-oil-lamberts\/","name":"Helokki- ja T\u00e4htikukka\u00f6ljy - Lamberts - Reviva","isPartOf":{"@id":"https:\/\/reviva.fi\/fi\/#website"},"primaryImageOfPage":{"@id":"https:\/\/reviva.fi\/fi\/tuote\/evening-primrose-oil-with-starflower-oil-lamberts\/#primaryimage"},"image":{"@id":"https:\/\/reviva.fi\/fi\/tuote\/evening-primrose-oil-with-starflower-oil-lamberts\/#primaryimage"},"thumbnailUrl":"https:\/\/reviva.fi\/wp-content\/uploads\/2025\/03\/8505-evening-primrose-oil-with-starflower.jpg","datePublished":"2025-03-03T13:10:38+00:00","dateModified":"2026-02-25T06:07:25+00:00","description":"Helokki- ja T\u00e4htikukka\u00f6ljy - Lamberts on korkealaatuinen kapseli, joka yhdist\u00e4\u00e4 helokki\u00f6ljyn ja t\u00e4htikukka\u00f6ljyn. Tehostettu GLA pitoisuus.","breadcrumb":{"@id":"https:\/\/reviva.fi\/fi\/tuote\/evening-primrose-oil-with-starflower-oil-lamberts\/#breadcrumb"},"inLanguage":"fi","potentialAction":[{"@type":"ReadAction","target":["https:\/\/reviva.fi\/fi\/tuote\/evening-primrose-oil-with-starflower-oil-lamberts\/"]}]},{"@type":"ImageObject","inLanguage":"fi","@id":"https:\/\/reviva.fi\/fi\/tuote\/evening-primrose-oil-with-starflower-oil-lamberts\/#primaryimage","url":"https:\/\/reviva.fi\/wp-content\/uploads\/2025\/03\/8505-evening-primrose-oil-with-starflower.jpg","contentUrl":"https:\/\/reviva.fi\/wp-content\/uploads\/2025\/03\/8505-evening-primrose-oil-with-starflower.jpg","width":780,"height":780,"caption":"Helokki- ja T\u00e4htikukka\u00f6ljy - Lamberts"},{"@type":"BreadcrumbList","@id":"https:\/\/reviva.fi\/fi\/tuote\/evening-primrose-oil-with-starflower-oil-lamberts\/#breadcrumb","itemListElement":[{"@type":"ListItem","position":1,"name":"Etusivu","item":"https:\/\/reviva.fi\/fi\/"},{"@type":"ListItem","position":2,"name":"Tuotteet","item":"https:\/\/reviva.fi\/produkter\/"},{"@type":"ListItem","position":3,"name":"Helokki- ja T\u00e4htikukka\u00f6ljy &#8211; Lamberts"}]},{"@type":"WebSite","@id":"https:\/\/reviva.fi\/fi\/#website","url":"https:\/\/reviva.fi\/fi\/","name":"Reviva","description":"","publisher":{"@id":"https:\/\/reviva.fi\/fi\/#organization"},"potentialAction":[{"@type":"SearchAction","target":{"@type":"EntryPoint","urlTemplate":"https:\/\/reviva.fi\/fi\/?s={search_term_string}"},"query-input":{"@type":"PropertyValueSpecification","valueRequired":true,"valueName":"search_term_string"}}],"inLanguage":"fi"},{"@type":"Organization","@id":"https:\/\/reviva.fi\/fi\/#organization","name":"Reviva","url":"https:\/\/reviva.fi\/fi\/","logo":{"@type":"ImageObject","inLanguage":"fi","@id":"https:\/\/reviva.fi\/fi\/#\/schema\/logo\/image\/","url":"https:\/\/reviva.fi\/wp-content\/uploads\/2023\/10\/reviva-logo2.svg","contentUrl":"https:\/\/reviva.fi\/wp-content\/uploads\/2023\/10\/reviva-logo2.svg","caption":"Reviva"},"image":{"@id":"https:\/\/reviva.fi\/fi\/#\/schema\/logo\/image\/"}}]},"product_price_amount":"37.40","product_price_currency":"EUR","og_availability":"instock","product_availability":"instock","product_retailer_item_id":"8505-90","product_condition":"new"},"taxonomy_info":{"product_cat":[{"value":91,"label":"Rasvahapot"},{"value":2444,"label":"Lamberts"},{"value":2357,"label":"Immuunipuolustus"},{"value":2350,"label":"Iho &amp; Kauneus"}],"product_tag":[{"value":2936,"label":"Antioksidantit"},{"value":5561,"label":"Blommolja."},{"value":5562,"label":"F\u00f6rebyggande h\u00e4lsa"},{"value":5563,"label":"Forskning st\u00f6dd"},{"value":5564,"label":"H\u00e4lsosam hud"},{"value":5565,"label":"H\u00e4lsosamt immunsystem"},{"value":5127,"label":"helokki\u00f6ljy"},{"value":3384,"label":"Hormonbalans"},{"value":5566,"label":"Hormonell balans"},{"value":3385,"label":"Hudh\u00e4lsa"},{"value":3503,"label":"Inflammationsd\u00e4mpande"},{"value":4504,"label":"kasvissy\u00f6j\u00e4"},{"value":4532,"label":"Lamberts"},{"value":476,"label":"lis\u00e4ravinne"},{"value":5567,"label":"Menstruationsproblem"},{"value":5568,"label":"Naturlig olja"},{"value":4642,"label":"omega-6"},{"value":4648,"label":"t\u00e4htikukka\u00f6ljy"},{"value":3084,"label":"vaihdevuosien oireet"}]},"featured_image_src_large":["https:\/\/reviva.fi\/wp-content\/uploads\/2025\/03\/8505-evening-primrose-oil-with-starflower.jpg",780,780,false],"author_info":[],"comment_info":0,"_links":{"self":[{"href":"https:\/\/reviva.fi\/fi\/wp-json\/wp\/v2\/product\/11338","targetHints":{"allow":["GET"]}}],"collection":[{"href":"https:\/\/reviva.fi\/fi\/wp-json\/wp\/v2\/product"}],"about":[{"href":"https:\/\/reviva.fi\/fi\/wp-json\/wp\/v2\/types\/product"}],"replies":[{"embeddable":true,"href":"https:\/\/reviva.fi\/fi\/wp-json\/wp\/v2\/comments?post=11338"}],"wp:featuredmedia":[{"embeddable":true,"href":"https:\/\/reviva.fi\/fi\/wp-json\/wp\/v2\/media\/11210"}],"wp:attachment":[{"href":"https:\/\/reviva.fi\/fi\/wp-json\/wp\/v2\/media?parent=11338"}],"wp:term":[{"taxonomy":"product_brand","embeddable":true,"href":"https:\/\/reviva.fi\/fi\/wp-json\/wp\/v2\/product_brand?post=11338"},{"taxonomy":"product_cat","embeddable":true,"href":"https:\/\/reviva.fi\/fi\/wp-json\/wp\/v2\/product_cat?post=11338"},{"taxonomy":"product_tag","embeddable":true,"href":"https:\/\/reviva.fi\/fi\/wp-json\/wp\/v2\/product_tag?post=11338"}],"curies":[{"name":"wp","href":"https:\/\/api.w.org\/{rel}","templated":true}]}}