{"id":11344,"date":"2025-03-03T14:22:22","date_gmt":"2025-03-03T12:22:22","guid":{"rendered":"https:\/\/reviva.fi\/product\/vegan-omega-3-lamberts\/"},"modified":"2025-03-05T09:03:03","modified_gmt":"2025-03-05T07:03:03","slug":"vegan-omega-3-lamberts","status":"publish","type":"product","link":"https:\/\/reviva.fi\/fi\/tuote\/vegan-omega-3-lamberts\/","title":{"rendered":"Vegaaninen Omega 3 &#8211; Lamberts"},"content":{"rendered":"<p><strong>Vegaaninen Omega 3 &#8211; Lamberts<\/strong><\/p>\n<p data-start=\"0\" data-end=\"335\">Vegaaninen Omega-3 -tuotteemme tulee ainutlaatuisesta lev\u00e4l\u00e4hteest\u00e4, joka kasvatetaan hallitussa ymp\u00e4rist\u00f6ss\u00e4, mik\u00e4 takaa kest\u00e4v\u00e4mm\u00e4n saatavuuden. Se ei sis\u00e4ll\u00e4 kalan makua ja on luonnostaan vapaa ep\u00e4puhtauksista. On turvallista tiet\u00e4\u00e4, ett\u00e4 yli 100 tutkimusta on tehty t\u00e4ll\u00e4 l\u00e4hteell\u00e4, mik\u00e4 todistaa sen turvallisuuden ja tehokkuuden.<\/p>\n<p data-start=\"337\" data-end=\"596\">T\u00e4st\u00e4 l\u00e4hteest\u00e4 uutettu \u00f6ljy on luonnollisessa triglyseridimuodossa (TG), joka on ihanteellinen valinta kaikille, jotka suosivat TG-muotoa. Koska se on t\u00e4ysin kalaton, se on t\u00e4ydellinen lis\u00e4aine niin vegaaneille ja kasvissy\u00f6jille kuin my\u00f6s kala-allergikoille.<\/p>\n<p data-start=\"598\" data-end=\"823\">Arvokkaat ravinteet kapseloidaan pieniin, helposti nielt\u00e4viss\u00e4 oleviin kapseleihin, jotka sis\u00e4lt\u00e4v\u00e4t sek\u00e4 EPA:ta ett\u00e4 DHA:ta. N\u00e4m\u00e4 Omega-3-muodot ovat kehon hy\u00f6dynnett\u00e4viss\u00e4 ja vaativat vain v\u00e4h\u00e4n tai ei lainkaan muuntamista.<\/p>\n<p data-start=\"825\" data-end=\"1005\" data-is-last-node=\"\" data-is-only-node=\"\">DHA edist\u00e4\u00e4 normaalin aivotoiminnan ja normaalin n\u00e4\u00f6n s\u00e4ilymist\u00e4. Hyv\u00e4ksytt\u00e4v\u00e4 vaikutus saavutetaan p\u00e4ivitt\u00e4isell\u00e4 250 mg DHA:n saannilla, mik\u00e4 vastaa jokaisen kapselin DHA-m\u00e4\u00e4r\u00e4\u00e4.<\/p>\n","protected":false},"excerpt":{"rendered":"<ul>\n<li data-start=\"31\" data-end=\"100\">Pohjautuu ainutlaatuiseen lev\u00e4l\u00e4hteeseen, joka kasvatetaan hallitussa ymp\u00e4rist\u00f6ss\u00e4<\/li>\n<li data-start=\"31\" data-end=\"100\">Luonnollisesti vapaa ep\u00e4puhtauksista<\/li>\n<li data-start=\"31\" data-end=\"100\">Kest\u00e4v\u00e4mpi ilman kalan makua<\/li>\n<li data-start=\"31\" data-end=\"100\">T\u00e4ysin kalaton \u2013 t\u00e4ydellinen lis\u00e4aine vegaaneille ja kasvissy\u00f6jille<\/li>\n<li data-start=\"31\" data-end=\"100\">Sis\u00e4lt\u00e4\u00e4 sek\u00e4 EPA:ta ett\u00e4 DHA:ta \u2013 kehon hy\u00f6dynnett\u00e4viss\u00e4 olevat Omega-3 -muodot<\/li>\n<\/ul>\n","protected":false},"featured_media":11201,"comment_status":"closed","ping_status":"closed","template":"","meta":{"_acf_changed":false,"inline_featured_image":false,"_kad_blocks_custom_css":"","_kad_blocks_head_custom_js":"","_kad_blocks_body_custom_js":"","_kad_blocks_footer_custom_js":"","_kadence_starter_templates_imported_post":false,"_kad_post_transparent":"default","_kad_post_title":"","_kad_post_layout":"default","_kad_post_sidebar_id":"","_kad_post_content_style":"default","_kad_post_vertical_padding":"default","_kad_post_feature":"","_kad_post_feature_position":"","_kad_post_header":false,"_kad_post_footer":false},"product_brand":[],"product_cat":[91,5960,2444,2357,2383],"product_tag":[5577,5578,5579,5572,5580,444,4404,5581,3504,476,5582,5583,2952,5584,4419,2935,5585,5586],"class_list":{"0":"post-11344","1":"product","2":"type-product","3":"status-publish","4":"has-post-thumbnail","6":"product_cat-fettsyror-fi","7":"product_cat-alger-fi","8":"product_cat-lamberts-fi","9":"product_cat-immunforsvar-fi","10":"product_cat-hjarna-och-minne-fi","11":"product_tag-algeolja-fi","12":"product_tag-forbattrar-hjarnans-funktion-fi","13":"product_tag-fiskolja-alternativ-fi","14":"product_tag-hallbarhet-fi","15":"product_tag-hjarnfunktion-fi","16":"product_tag-immuunijarjestelma","17":"product_tag-kasvipohjainen","18":"product_tag-kognitiv-halsa-fi","19":"product_tag-ledhalsa-fi","20":"product_tag-lisaravinne","21":"product_tag-omega-3-for-veganer-fi","22":"product_tag-omega-3-6-9-fi","23":"product_tag-omega-3-fi","24":"product_tag-stodjer-halsosam-hud-fi","25":"product_tag-sydanterveytta","26":"product_tag-tulehdusta-ehkaiseva-fi","27":"product_tag-vegan-fi","28":"product_tag-veganskt-alternativ-fi","30":"first","31":"instock","32":"taxable","33":"shipping-taxable","34":"purchasable","35":"product-type-variable","36":"entry","37":"content-bg","38":"loop-entry"},"acf":[],"yoast_head":"<!-- This site is optimized with the Yoast SEO plugin v25.8 - https:\/\/yoast.com\/wordpress\/plugins\/seo\/ -->\n<title>Vegaaninen Omega 3 - Lamberts - Reviva<\/title>\n<meta name=\"description\" content=\"Veganinen Omega 3 - Lamberts on kasvipohjainen vaihtoehto kala\u00f6ljylle, joka on uutettu kest\u00e4v\u00e4sti kasvatetuista merilevist\u00e4. Edist\u00e4\u00e4 aivotoimintaa ja n\u00e4k\u00f6\u00e4.\" \/>\n<meta name=\"robots\" content=\"index, follow, max-snippet:-1, max-image-preview:large, max-video-preview:-1\" \/>\n<link rel=\"canonical\" href=\"https:\/\/reviva.fi\/fi\/tuote\/vegan-omega-3-lamberts\/\" \/>\n<meta property=\"og:locale\" content=\"fi_FI\" \/>\n<meta property=\"og:type\" content=\"article\" \/>\n<meta property=\"og:title\" content=\"Vegaaninen Omega 3 - Lamberts - Reviva\" \/>\n<meta property=\"og:description\" content=\"Veganinen Omega 3 - Lamberts on kasvipohjainen vaihtoehto kala\u00f6ljylle, joka on uutettu kest\u00e4v\u00e4sti kasvatetuista merilevist\u00e4. Edist\u00e4\u00e4 aivotoimintaa ja n\u00e4k\u00f6\u00e4.\" \/>\n<meta property=\"og:url\" content=\"https:\/\/reviva.fi\/fi\/tuote\/vegan-omega-3-lamberts\/\" \/>\n<meta property=\"og:site_name\" content=\"Reviva\" \/>\n<meta property=\"article:modified_time\" content=\"2025-03-05T07:03:03+00:00\" \/>\n<meta property=\"og:image\" content=\"https:\/\/reviva.fi\/wp-content\/uploads\/2025\/03\/8496-vegan-omega-3.jpg\" \/>\n\t<meta property=\"og:image:width\" content=\"780\" \/>\n\t<meta property=\"og:image:height\" content=\"780\" \/>\n\t<meta property=\"og:image:type\" content=\"image\/jpeg\" \/>\n<meta name=\"twitter:card\" content=\"summary_large_image\" \/>\n<script type=\"application\/ld+json\" class=\"yoast-schema-graph\">{\"@context\":\"https:\/\/schema.org\",\"@graph\":[{\"@type\":\"WebPage\",\"@id\":\"https:\/\/reviva.fi\/fi\/tuote\/vegan-omega-3-lamberts\/\",\"url\":\"https:\/\/reviva.fi\/fi\/tuote\/vegan-omega-3-lamberts\/\",\"name\":\"Vegaaninen Omega 3 - Lamberts - Reviva\",\"isPartOf\":{\"@id\":\"https:\/\/reviva.fi\/fi\/#website\"},\"primaryImageOfPage\":{\"@id\":\"https:\/\/reviva.fi\/fi\/tuote\/vegan-omega-3-lamberts\/#primaryimage\"},\"image\":{\"@id\":\"https:\/\/reviva.fi\/fi\/tuote\/vegan-omega-3-lamberts\/#primaryimage\"},\"thumbnailUrl\":\"https:\/\/reviva.fi\/wp-content\/uploads\/2025\/03\/8496-vegan-omega-3.jpg\",\"datePublished\":\"2025-03-03T12:22:22+00:00\",\"dateModified\":\"2025-03-05T07:03:03+00:00\",\"description\":\"Veganinen Omega 3 - Lamberts on kasvipohjainen vaihtoehto kala\u00f6ljylle, joka on uutettu kest\u00e4v\u00e4sti kasvatetuista merilevist\u00e4. Edist\u00e4\u00e4 aivotoimintaa ja n\u00e4k\u00f6\u00e4.\",\"breadcrumb\":{\"@id\":\"https:\/\/reviva.fi\/fi\/tuote\/vegan-omega-3-lamberts\/#breadcrumb\"},\"inLanguage\":\"fi\",\"potentialAction\":[{\"@type\":\"ReadAction\",\"target\":[\"https:\/\/reviva.fi\/fi\/tuote\/vegan-omega-3-lamberts\/\"]}]},{\"@type\":\"ImageObject\",\"inLanguage\":\"fi\",\"@id\":\"https:\/\/reviva.fi\/fi\/tuote\/vegan-omega-3-lamberts\/#primaryimage\",\"url\":\"https:\/\/reviva.fi\/wp-content\/uploads\/2025\/03\/8496-vegan-omega-3.jpg\",\"contentUrl\":\"https:\/\/reviva.fi\/wp-content\/uploads\/2025\/03\/8496-vegan-omega-3.jpg\",\"width\":780,\"height\":780,\"caption\":\"Vegan Omega 3 - Lamberts\"},{\"@type\":\"BreadcrumbList\",\"@id\":\"https:\/\/reviva.fi\/fi\/tuote\/vegan-omega-3-lamberts\/#breadcrumb\",\"itemListElement\":[{\"@type\":\"ListItem\",\"position\":1,\"name\":\"Etusivu\",\"item\":\"https:\/\/reviva.fi\/fi\/\"},{\"@type\":\"ListItem\",\"position\":2,\"name\":\"Tuotteet\",\"item\":\"https:\/\/reviva.fi\/produkter\/\"},{\"@type\":\"ListItem\",\"position\":3,\"name\":\"Vegaaninen Omega 3 &#8211; Lamberts\"}]},{\"@type\":\"WebSite\",\"@id\":\"https:\/\/reviva.fi\/fi\/#website\",\"url\":\"https:\/\/reviva.fi\/fi\/\",\"name\":\"Reviva\",\"description\":\"\",\"publisher\":{\"@id\":\"https:\/\/reviva.fi\/fi\/#organization\"},\"potentialAction\":[{\"@type\":\"SearchAction\",\"target\":{\"@type\":\"EntryPoint\",\"urlTemplate\":\"https:\/\/reviva.fi\/fi\/?s={search_term_string}\"},\"query-input\":{\"@type\":\"PropertyValueSpecification\",\"valueRequired\":true,\"valueName\":\"search_term_string\"}}],\"inLanguage\":\"fi\"},{\"@type\":\"Organization\",\"@id\":\"https:\/\/reviva.fi\/fi\/#organization\",\"name\":\"Reviva\",\"url\":\"https:\/\/reviva.fi\/fi\/\",\"logo\":{\"@type\":\"ImageObject\",\"inLanguage\":\"fi\",\"@id\":\"https:\/\/reviva.fi\/fi\/#\/schema\/logo\/image\/\",\"url\":\"https:\/\/reviva.fi\/wp-content\/uploads\/2023\/10\/reviva-logo2.svg\",\"contentUrl\":\"https:\/\/reviva.fi\/wp-content\/uploads\/2023\/10\/reviva-logo2.svg\",\"caption\":\"Reviva\"},\"image\":{\"@id\":\"https:\/\/reviva.fi\/fi\/#\/schema\/logo\/image\/\"}}]}<\/script>\n<meta property=\"og:availability\" content=\"instock\" \/>\n<meta property=\"product:availability\" content=\"instock\" \/>\n<meta property=\"product:condition\" content=\"new\" \/>\n<!-- \/ Yoast SEO plugin. -->","yoast_head_json":{"title":"Vegaaninen Omega 3 - Lamberts - Reviva","description":"Veganinen Omega 3 - Lamberts on kasvipohjainen vaihtoehto kala\u00f6ljylle, joka on uutettu kest\u00e4v\u00e4sti kasvatetuista merilevist\u00e4. Edist\u00e4\u00e4 aivotoimintaa ja n\u00e4k\u00f6\u00e4.","robots":{"index":"index","follow":"follow","max-snippet":"max-snippet:-1","max-image-preview":"max-image-preview:large","max-video-preview":"max-video-preview:-1"},"canonical":"https:\/\/reviva.fi\/fi\/tuote\/vegan-omega-3-lamberts\/","og_locale":"fi_FI","og_type":"article","og_title":"Vegaaninen Omega 3 - Lamberts - Reviva","og_description":"Veganinen Omega 3 - Lamberts on kasvipohjainen vaihtoehto kala\u00f6ljylle, joka on uutettu kest\u00e4v\u00e4sti kasvatetuista merilevist\u00e4. Edist\u00e4\u00e4 aivotoimintaa ja n\u00e4k\u00f6\u00e4.","og_url":"https:\/\/reviva.fi\/fi\/tuote\/vegan-omega-3-lamberts\/","og_site_name":"Reviva","article_modified_time":"2025-03-05T07:03:03+00:00","og_image":[{"width":780,"height":780,"url":"https:\/\/reviva.fi\/wp-content\/uploads\/2025\/03\/8496-vegan-omega-3.jpg","type":"image\/jpeg"}],"twitter_card":"summary_large_image","schema":{"@context":"https:\/\/schema.org","@graph":[{"@type":"WebPage","@id":"https:\/\/reviva.fi\/fi\/tuote\/vegan-omega-3-lamberts\/","url":"https:\/\/reviva.fi\/fi\/tuote\/vegan-omega-3-lamberts\/","name":"Vegaaninen Omega 3 - Lamberts - Reviva","isPartOf":{"@id":"https:\/\/reviva.fi\/fi\/#website"},"primaryImageOfPage":{"@id":"https:\/\/reviva.fi\/fi\/tuote\/vegan-omega-3-lamberts\/#primaryimage"},"image":{"@id":"https:\/\/reviva.fi\/fi\/tuote\/vegan-omega-3-lamberts\/#primaryimage"},"thumbnailUrl":"https:\/\/reviva.fi\/wp-content\/uploads\/2025\/03\/8496-vegan-omega-3.jpg","datePublished":"2025-03-03T12:22:22+00:00","dateModified":"2025-03-05T07:03:03+00:00","description":"Veganinen Omega 3 - Lamberts on kasvipohjainen vaihtoehto kala\u00f6ljylle, joka on uutettu kest\u00e4v\u00e4sti kasvatetuista merilevist\u00e4. Edist\u00e4\u00e4 aivotoimintaa ja n\u00e4k\u00f6\u00e4.","breadcrumb":{"@id":"https:\/\/reviva.fi\/fi\/tuote\/vegan-omega-3-lamberts\/#breadcrumb"},"inLanguage":"fi","potentialAction":[{"@type":"ReadAction","target":["https:\/\/reviva.fi\/fi\/tuote\/vegan-omega-3-lamberts\/"]}]},{"@type":"ImageObject","inLanguage":"fi","@id":"https:\/\/reviva.fi\/fi\/tuote\/vegan-omega-3-lamberts\/#primaryimage","url":"https:\/\/reviva.fi\/wp-content\/uploads\/2025\/03\/8496-vegan-omega-3.jpg","contentUrl":"https:\/\/reviva.fi\/wp-content\/uploads\/2025\/03\/8496-vegan-omega-3.jpg","width":780,"height":780,"caption":"Vegan Omega 3 - Lamberts"},{"@type":"BreadcrumbList","@id":"https:\/\/reviva.fi\/fi\/tuote\/vegan-omega-3-lamberts\/#breadcrumb","itemListElement":[{"@type":"ListItem","position":1,"name":"Etusivu","item":"https:\/\/reviva.fi\/fi\/"},{"@type":"ListItem","position":2,"name":"Tuotteet","item":"https:\/\/reviva.fi\/produkter\/"},{"@type":"ListItem","position":3,"name":"Vegaaninen Omega 3 &#8211; Lamberts"}]},{"@type":"WebSite","@id":"https:\/\/reviva.fi\/fi\/#website","url":"https:\/\/reviva.fi\/fi\/","name":"Reviva","description":"","publisher":{"@id":"https:\/\/reviva.fi\/fi\/#organization"},"potentialAction":[{"@type":"SearchAction","target":{"@type":"EntryPoint","urlTemplate":"https:\/\/reviva.fi\/fi\/?s={search_term_string}"},"query-input":{"@type":"PropertyValueSpecification","valueRequired":true,"valueName":"search_term_string"}}],"inLanguage":"fi"},{"@type":"Organization","@id":"https:\/\/reviva.fi\/fi\/#organization","name":"Reviva","url":"https:\/\/reviva.fi\/fi\/","logo":{"@type":"ImageObject","inLanguage":"fi","@id":"https:\/\/reviva.fi\/fi\/#\/schema\/logo\/image\/","url":"https:\/\/reviva.fi\/wp-content\/uploads\/2023\/10\/reviva-logo2.svg","contentUrl":"https:\/\/reviva.fi\/wp-content\/uploads\/2023\/10\/reviva-logo2.svg","caption":"Reviva"},"image":{"@id":"https:\/\/reviva.fi\/fi\/#\/schema\/logo\/image\/"}}]},"og_availability":"instock","product_availability":"instock","product_condition":"new"},"taxonomy_info":{"product_cat":[{"value":91,"label":"Rasvahapot"},{"value":5960,"label":"Lev\u00e4t"},{"value":2444,"label":"Lamberts"},{"value":2357,"label":"Immuunipuolustus"},{"value":2383,"label":"Aivot &amp; Muisti"}],"product_tag":[{"value":5577,"label":"Algeolja"},{"value":5578,"label":"F\u00f6rb\u00e4ttrar hj\u00e4rnans funktion"},{"value":5579,"label":"Fiskolja alternativ"},{"value":5572,"label":"H\u00e5llbarhet"},{"value":5580,"label":"Hj\u00e4rnfunktion"},{"value":444,"label":"immuunij\u00e4rjestelm\u00e4"},{"value":4404,"label":"Kasvipohjainen"},{"value":5581,"label":"Kognitiv h\u00e4lsa"},{"value":3504,"label":"Ledh\u00e4lsa"},{"value":476,"label":"lis\u00e4ravinne"},{"value":5582,"label":"Omega 3 f\u00f6r veganer"},{"value":5583,"label":"Omega 3-6-9"},{"value":2952,"label":"Omega-3"},{"value":5584,"label":"St\u00f6djer h\u00e4lsosam hud"},{"value":4419,"label":"Syd\u00e4nterveytt\u00e4"},{"value":2935,"label":"Tulehdusta ehk\u00e4isev\u00e4"},{"value":5585,"label":"Vegan"},{"value":5586,"label":"Veganskt alternativ"}]},"featured_image_src_large":["https:\/\/reviva.fi\/wp-content\/uploads\/2025\/03\/8496-vegan-omega-3.jpg",780,780,false],"author_info":[],"comment_info":0,"_links":{"self":[{"href":"https:\/\/reviva.fi\/fi\/wp-json\/wp\/v2\/product\/11344","targetHints":{"allow":["GET"]}}],"collection":[{"href":"https:\/\/reviva.fi\/fi\/wp-json\/wp\/v2\/product"}],"about":[{"href":"https:\/\/reviva.fi\/fi\/wp-json\/wp\/v2\/types\/product"}],"replies":[{"embeddable":true,"href":"https:\/\/reviva.fi\/fi\/wp-json\/wp\/v2\/comments?post=11344"}],"wp:featuredmedia":[{"embeddable":true,"href":"https:\/\/reviva.fi\/fi\/wp-json\/wp\/v2\/media\/11201"}],"wp:attachment":[{"href":"https:\/\/reviva.fi\/fi\/wp-json\/wp\/v2\/media?parent=11344"}],"wp:term":[{"taxonomy":"product_brand","embeddable":true,"href":"https:\/\/reviva.fi\/fi\/wp-json\/wp\/v2\/product_brand?post=11344"},{"taxonomy":"product_cat","embeddable":true,"href":"https:\/\/reviva.fi\/fi\/wp-json\/wp\/v2\/product_cat?post=11344"},{"taxonomy":"product_tag","embeddable":true,"href":"https:\/\/reviva.fi\/fi\/wp-json\/wp\/v2\/product_tag?post=11344"}],"curies":[{"name":"wp","href":"https:\/\/api.w.org\/{rel}","templated":true}]}}