{"id":11350,"date":"2025-03-03T13:55:54","date_gmt":"2025-03-03T11:55:54","guid":{"rendered":"https:\/\/reviva.fi\/product\/multi-guard-iron-free-lamberts\/"},"modified":"2025-03-05T09:16:21","modified_gmt":"2025-03-05T07:16:21","slug":"multi-guard-iron-free-lamberts","status":"publish","type":"product","link":"https:\/\/reviva.fi\/fi\/tuote\/multi-guard-iron-free-lamberts\/","title":{"rendered":"Raudaton Multi-Guard &#8211; Lamberts"},"content":{"rendered":"<p data-start=\"0\" data-end=\"481\"><strong>Raudaton Multi-Guard &#8211; Lamberts<\/strong><\/p>\n<p data-start=\"0\" data-end=\"481\">T\u00e4m\u00e4 kattava monivitamiini koostumus sis\u00e4lt\u00e4\u00e4 laajan valikoiman t\u00e4rkeit\u00e4 ravintoaineita kliinisesti merkitt\u00e4viss\u00e4 m\u00e4\u00e4riss\u00e4, mutta olemme valinneet tehd\u00e4 sen ilman rautaa. Rautavapaa koostumus voi olla sopiva henkil\u00f6ille, jotka ovat herkki\u00e4 raudalle, sek\u00e4 vaihdevuodet ohittaneille naisille ja yli 50-vuotiaille miehille, joilla on v\u00e4hentynyt raudan tarve ruokavaliossa. Tuotetta voi my\u00f6s k\u00e4ytt\u00e4\u00e4 yhdess\u00e4 suosittujen hiustenl\u00e4ht\u00f6tuotteidemme, kuten Florisene\u00ae-lis\u00e4ravinteen, kanssa.<\/p>\n<p data-start=\"483\" data-end=\"807\">Koostumus sis\u00e4lt\u00e4\u00e4 C-, E-, A-, D-, B6- ja B12-vitamiineja, foolihappoa, seleeni\u00e4, sinkki\u00e4 ja kuparia, jotka ovat t\u00e4rkeit\u00e4 immuunij\u00e4rjestelm\u00e4lle ja kehon luonnolliselle puolustukselle. Lis\u00e4ksi se tarjoaa erinomaiset tasot B-vitamiineja, jotka ovat v\u00e4ltt\u00e4m\u00e4tt\u00f6mi\u00e4 energian aineenvaihdunnalle ja ruoan muuttamiselle energiaksi.<\/p>\n<p data-start=\"809\" data-end=\"920\" data-is-last-node=\"\" data-is-only-node=\"\">Olemme my\u00f6s j\u00e4tt\u00e4neet jodin pois t\u00e4st\u00e4 koostumuksesta, ottaen huomioon henkil\u00f6t, joilla on kilpirauhasongelmia.<\/p>\n","protected":false},"excerpt":{"rendered":"<ul>\n<li data-start=\"0\" data-end=\"409\">\u00a0Rautavapaa, sopii henkil\u00f6ille, jotka ovat herkki\u00e4 raudalle.<\/li>\n<li data-start=\"0\" data-end=\"409\">Sopii my\u00f6s vaihdevuodet ohittaneille naisille ja yli 50-vuotiaille miehille, joilla on pienempi raudan tarve ruokavaliossa.<\/li>\n<li data-start=\"0\" data-end=\"409\">Joditon, ottaen huomioon kilpirauhasongelmat.<\/li>\n<li data-start=\"0\" data-end=\"409\">Erinomaiset B-vitamiinitasot, jotka ovat tarpeellisia energian vapauttamiseksi ruoasta.<\/li>\n<li data-start=\"0\" data-end=\"409\">Sis\u00e4lt\u00e4\u00e4 hyv\u00e4t m\u00e4\u00e4r\u00e4t antioksidanttisia ravintoaineita, kuten C- ja E-vitamiinia.<\/li>\n<\/ul>\n<p data-start=\"411\" data-end=\"423\" data-is-last-node=\"\" data-is-only-node=\"\"><strong>60 tablettia<\/strong><\/p>\n","protected":false},"featured_media":11198,"comment_status":"closed","ping_status":"closed","template":"","meta":{"_acf_changed":false,"inline_featured_image":false,"_kad_blocks_custom_css":"","_kad_blocks_head_custom_js":"","_kad_blocks_body_custom_js":"","_kad_blocks_footer_custom_js":"","_kadence_starter_templates_imported_post":false,"_kad_post_transparent":"default","_kad_post_title":"","_kad_post_layout":"default","_kad_post_sidebar_id":"","_kad_post_content_style":"default","_kad_post_vertical_padding":"default","_kad_post_feature":"","_kad_post_feature_position":"","_kad_post_header":false,"_kad_post_footer":false},"product_brand":[],"product_cat":[96,5961,93,5972,5978,2444],"product_tag":[5587,412,4500,521,1235,5544,5588,5589,5555,5590,444,5591,5067,476,2916,496,5592,3180,2959,2960],"class_list":{"0":"post-11350","1":"product","2":"type-product","3":"status-publish","4":"has-post-thumbnail","6":"product_cat-vitaminer-fi","7":"product_cat-multi-vitamin-fi","8":"product_cat-mineraler-fi","9":"product_cat-multi-mineral-fi","10":"product_cat-multi-produkter-fi","11":"product_cat-lamberts-fi","12":"product_tag-allsidig-naring-fi","13":"product_tag-antioksidantti","14":"product_tag-b-vitamiini-kompleksi-fi","15":"product_tag-d-vitamiini","16":"product_tag-energia","17":"product_tag-forbattrad-energi-fi","18":"product_tag-forebygger-brist-fi","19":"product_tag-halsa-fi","20":"product_tag-halsofordelar-fi","21":"product_tag-halsosamt-liv-fi","22":"product_tag-immuunijarjestelma","23":"product_tag-jarnfria-fi","24":"product_tag-kasvissyoja-fi","25":"product_tag-lisaravinne","26":"product_tag-mineraalit","27":"product_tag-multivitamiini","28":"product_tag-stodjer-allman-halsa-fi","29":"product_tag-vitamiini-a","30":"product_tag-vitamiini-c","31":"product_tag-vitamiini-e","33":"first","34":"instock","35":"taxable","36":"shipping-taxable","37":"purchasable","38":"product-type-simple","39":"entry","40":"content-bg","41":"loop-entry"},"acf":[],"yoast_head":"<!-- This site is optimized with the Yoast SEO plugin v25.8 - https:\/\/yoast.com\/wordpress\/plugins\/seo\/ -->\n<title>Raudaton Multi-Guard - Lamberts - Reviva<\/title>\n<meta name=\"description\" content=\"Raudaton Multi-Guard - Lamberts on korkealaatuinen monivitamiini ilman rautaa, ihanteellinen niille, jotka eiv\u00e4t tarvitse ylim\u00e4\u00e4r\u00e4ist\u00e4 rautalis\u00e4\u00e4.\" \/>\n<meta name=\"robots\" content=\"index, follow, max-snippet:-1, max-image-preview:large, max-video-preview:-1\" \/>\n<link rel=\"canonical\" href=\"https:\/\/reviva.fi\/fi\/tuote\/multi-guard-iron-free-lamberts\/\" \/>\n<meta property=\"og:locale\" content=\"fi_FI\" \/>\n<meta property=\"og:type\" content=\"article\" \/>\n<meta property=\"og:title\" content=\"Raudaton Multi-Guard - Lamberts - Reviva\" \/>\n<meta property=\"og:description\" content=\"Raudaton Multi-Guard - Lamberts on korkealaatuinen monivitamiini ilman rautaa, ihanteellinen niille, jotka eiv\u00e4t tarvitse ylim\u00e4\u00e4r\u00e4ist\u00e4 rautalis\u00e4\u00e4.\" \/>\n<meta property=\"og:url\" content=\"https:\/\/reviva.fi\/fi\/tuote\/multi-guard-iron-free-lamberts\/\" \/>\n<meta property=\"og:site_name\" content=\"Reviva\" \/>\n<meta property=\"article:modified_time\" content=\"2025-03-05T07:16:21+00:00\" \/>\n<meta property=\"og:image\" content=\"https:\/\/reviva.fi\/wp-content\/uploads\/2025\/03\/8436-MultiGuard-iron-freee.jpg\" \/>\n\t<meta property=\"og:image:width\" content=\"780\" \/>\n\t<meta property=\"og:image:height\" content=\"780\" \/>\n\t<meta property=\"og:image:type\" content=\"image\/jpeg\" \/>\n<meta name=\"twitter:card\" content=\"summary_large_image\" \/>\n<script type=\"application\/ld+json\" class=\"yoast-schema-graph\">{\"@context\":\"https:\/\/schema.org\",\"@graph\":[{\"@type\":\"WebPage\",\"@id\":\"https:\/\/reviva.fi\/fi\/tuote\/multi-guard-iron-free-lamberts\/\",\"url\":\"https:\/\/reviva.fi\/fi\/tuote\/multi-guard-iron-free-lamberts\/\",\"name\":\"Raudaton Multi-Guard - Lamberts - Reviva\",\"isPartOf\":{\"@id\":\"https:\/\/reviva.fi\/fi\/#website\"},\"primaryImageOfPage\":{\"@id\":\"https:\/\/reviva.fi\/fi\/tuote\/multi-guard-iron-free-lamberts\/#primaryimage\"},\"image\":{\"@id\":\"https:\/\/reviva.fi\/fi\/tuote\/multi-guard-iron-free-lamberts\/#primaryimage\"},\"thumbnailUrl\":\"https:\/\/reviva.fi\/wp-content\/uploads\/2025\/03\/8436-MultiGuard-iron-freee.jpg\",\"datePublished\":\"2025-03-03T11:55:54+00:00\",\"dateModified\":\"2025-03-05T07:16:21+00:00\",\"description\":\"Raudaton Multi-Guard - Lamberts on korkealaatuinen monivitamiini ilman rautaa, ihanteellinen niille, jotka eiv\u00e4t tarvitse ylim\u00e4\u00e4r\u00e4ist\u00e4 rautalis\u00e4\u00e4.\",\"breadcrumb\":{\"@id\":\"https:\/\/reviva.fi\/fi\/tuote\/multi-guard-iron-free-lamberts\/#breadcrumb\"},\"inLanguage\":\"fi\",\"potentialAction\":[{\"@type\":\"ReadAction\",\"target\":[\"https:\/\/reviva.fi\/fi\/tuote\/multi-guard-iron-free-lamberts\/\"]}]},{\"@type\":\"ImageObject\",\"inLanguage\":\"fi\",\"@id\":\"https:\/\/reviva.fi\/fi\/tuote\/multi-guard-iron-free-lamberts\/#primaryimage\",\"url\":\"https:\/\/reviva.fi\/wp-content\/uploads\/2025\/03\/8436-MultiGuard-iron-freee.jpg\",\"contentUrl\":\"https:\/\/reviva.fi\/wp-content\/uploads\/2025\/03\/8436-MultiGuard-iron-freee.jpg\",\"width\":780,\"height\":780,\"caption\":\"Multi-Guard\u00ae Iron Free - Lamberts\"},{\"@type\":\"BreadcrumbList\",\"@id\":\"https:\/\/reviva.fi\/fi\/tuote\/multi-guard-iron-free-lamberts\/#breadcrumb\",\"itemListElement\":[{\"@type\":\"ListItem\",\"position\":1,\"name\":\"Etusivu\",\"item\":\"https:\/\/reviva.fi\/fi\/\"},{\"@type\":\"ListItem\",\"position\":2,\"name\":\"Tuotteet\",\"item\":\"https:\/\/reviva.fi\/produkter\/\"},{\"@type\":\"ListItem\",\"position\":3,\"name\":\"Raudaton Multi-Guard &#8211; Lamberts\"}]},{\"@type\":\"WebSite\",\"@id\":\"https:\/\/reviva.fi\/fi\/#website\",\"url\":\"https:\/\/reviva.fi\/fi\/\",\"name\":\"Reviva\",\"description\":\"\",\"publisher\":{\"@id\":\"https:\/\/reviva.fi\/fi\/#organization\"},\"potentialAction\":[{\"@type\":\"SearchAction\",\"target\":{\"@type\":\"EntryPoint\",\"urlTemplate\":\"https:\/\/reviva.fi\/fi\/?s={search_term_string}\"},\"query-input\":{\"@type\":\"PropertyValueSpecification\",\"valueRequired\":true,\"valueName\":\"search_term_string\"}}],\"inLanguage\":\"fi\"},{\"@type\":\"Organization\",\"@id\":\"https:\/\/reviva.fi\/fi\/#organization\",\"name\":\"Reviva\",\"url\":\"https:\/\/reviva.fi\/fi\/\",\"logo\":{\"@type\":\"ImageObject\",\"inLanguage\":\"fi\",\"@id\":\"https:\/\/reviva.fi\/fi\/#\/schema\/logo\/image\/\",\"url\":\"https:\/\/reviva.fi\/wp-content\/uploads\/2023\/10\/reviva-logo2.svg\",\"contentUrl\":\"https:\/\/reviva.fi\/wp-content\/uploads\/2023\/10\/reviva-logo2.svg\",\"caption\":\"Reviva\"},\"image\":{\"@id\":\"https:\/\/reviva.fi\/fi\/#\/schema\/logo\/image\/\"}}]}<\/script>\n<meta property=\"product:price:amount\" content=\"22.40\" \/>\n<meta property=\"product:price:currency\" content=\"EUR\" \/>\n<meta property=\"og:availability\" content=\"instock\" \/>\n<meta property=\"product:availability\" content=\"instock\" \/>\n<meta property=\"product:retailer_item_id\" content=\"8436-60\" \/>\n<meta property=\"product:condition\" content=\"new\" \/>\n<!-- \/ Yoast SEO plugin. -->","yoast_head_json":{"title":"Raudaton Multi-Guard - Lamberts - Reviva","description":"Raudaton Multi-Guard - Lamberts on korkealaatuinen monivitamiini ilman rautaa, ihanteellinen niille, jotka eiv\u00e4t tarvitse ylim\u00e4\u00e4r\u00e4ist\u00e4 rautalis\u00e4\u00e4.","robots":{"index":"index","follow":"follow","max-snippet":"max-snippet:-1","max-image-preview":"max-image-preview:large","max-video-preview":"max-video-preview:-1"},"canonical":"https:\/\/reviva.fi\/fi\/tuote\/multi-guard-iron-free-lamberts\/","og_locale":"fi_FI","og_type":"article","og_title":"Raudaton Multi-Guard - Lamberts - Reviva","og_description":"Raudaton Multi-Guard - Lamberts on korkealaatuinen monivitamiini ilman rautaa, ihanteellinen niille, jotka eiv\u00e4t tarvitse ylim\u00e4\u00e4r\u00e4ist\u00e4 rautalis\u00e4\u00e4.","og_url":"https:\/\/reviva.fi\/fi\/tuote\/multi-guard-iron-free-lamberts\/","og_site_name":"Reviva","article_modified_time":"2025-03-05T07:16:21+00:00","og_image":[{"width":780,"height":780,"url":"https:\/\/reviva.fi\/wp-content\/uploads\/2025\/03\/8436-MultiGuard-iron-freee.jpg","type":"image\/jpeg"}],"twitter_card":"summary_large_image","schema":{"@context":"https:\/\/schema.org","@graph":[{"@type":"WebPage","@id":"https:\/\/reviva.fi\/fi\/tuote\/multi-guard-iron-free-lamberts\/","url":"https:\/\/reviva.fi\/fi\/tuote\/multi-guard-iron-free-lamberts\/","name":"Raudaton Multi-Guard - Lamberts - Reviva","isPartOf":{"@id":"https:\/\/reviva.fi\/fi\/#website"},"primaryImageOfPage":{"@id":"https:\/\/reviva.fi\/fi\/tuote\/multi-guard-iron-free-lamberts\/#primaryimage"},"image":{"@id":"https:\/\/reviva.fi\/fi\/tuote\/multi-guard-iron-free-lamberts\/#primaryimage"},"thumbnailUrl":"https:\/\/reviva.fi\/wp-content\/uploads\/2025\/03\/8436-MultiGuard-iron-freee.jpg","datePublished":"2025-03-03T11:55:54+00:00","dateModified":"2025-03-05T07:16:21+00:00","description":"Raudaton Multi-Guard - Lamberts on korkealaatuinen monivitamiini ilman rautaa, ihanteellinen niille, jotka eiv\u00e4t tarvitse ylim\u00e4\u00e4r\u00e4ist\u00e4 rautalis\u00e4\u00e4.","breadcrumb":{"@id":"https:\/\/reviva.fi\/fi\/tuote\/multi-guard-iron-free-lamberts\/#breadcrumb"},"inLanguage":"fi","potentialAction":[{"@type":"ReadAction","target":["https:\/\/reviva.fi\/fi\/tuote\/multi-guard-iron-free-lamberts\/"]}]},{"@type":"ImageObject","inLanguage":"fi","@id":"https:\/\/reviva.fi\/fi\/tuote\/multi-guard-iron-free-lamberts\/#primaryimage","url":"https:\/\/reviva.fi\/wp-content\/uploads\/2025\/03\/8436-MultiGuard-iron-freee.jpg","contentUrl":"https:\/\/reviva.fi\/wp-content\/uploads\/2025\/03\/8436-MultiGuard-iron-freee.jpg","width":780,"height":780,"caption":"Multi-Guard\u00ae Iron Free - Lamberts"},{"@type":"BreadcrumbList","@id":"https:\/\/reviva.fi\/fi\/tuote\/multi-guard-iron-free-lamberts\/#breadcrumb","itemListElement":[{"@type":"ListItem","position":1,"name":"Etusivu","item":"https:\/\/reviva.fi\/fi\/"},{"@type":"ListItem","position":2,"name":"Tuotteet","item":"https:\/\/reviva.fi\/produkter\/"},{"@type":"ListItem","position":3,"name":"Raudaton Multi-Guard &#8211; Lamberts"}]},{"@type":"WebSite","@id":"https:\/\/reviva.fi\/fi\/#website","url":"https:\/\/reviva.fi\/fi\/","name":"Reviva","description":"","publisher":{"@id":"https:\/\/reviva.fi\/fi\/#organization"},"potentialAction":[{"@type":"SearchAction","target":{"@type":"EntryPoint","urlTemplate":"https:\/\/reviva.fi\/fi\/?s={search_term_string}"},"query-input":{"@type":"PropertyValueSpecification","valueRequired":true,"valueName":"search_term_string"}}],"inLanguage":"fi"},{"@type":"Organization","@id":"https:\/\/reviva.fi\/fi\/#organization","name":"Reviva","url":"https:\/\/reviva.fi\/fi\/","logo":{"@type":"ImageObject","inLanguage":"fi","@id":"https:\/\/reviva.fi\/fi\/#\/schema\/logo\/image\/","url":"https:\/\/reviva.fi\/wp-content\/uploads\/2023\/10\/reviva-logo2.svg","contentUrl":"https:\/\/reviva.fi\/wp-content\/uploads\/2023\/10\/reviva-logo2.svg","caption":"Reviva"},"image":{"@id":"https:\/\/reviva.fi\/fi\/#\/schema\/logo\/image\/"}}]},"product_price_amount":"22.40","product_price_currency":"EUR","og_availability":"instock","product_availability":"instock","product_retailer_item_id":"8436-60","product_condition":"new"},"taxonomy_info":{"product_cat":[{"value":96,"label":"Vitamiinit"},{"value":5961,"label":"Multi-vitamiini"},{"value":93,"label":"Mineraalit"},{"value":5972,"label":"Mono-mineraali"},{"value":5978,"label":"Multi tuotteet"},{"value":2444,"label":"Lamberts"}],"product_tag":[{"value":5587,"label":"Allsidig n\u00e4ring"},{"value":412,"label":"antioksidantti"},{"value":4500,"label":"B-Vitamiini Kompleksi"},{"value":521,"label":"d vitamiini"},{"value":1235,"label":"energia"},{"value":5544,"label":"F\u00f6rb\u00e4ttrad energi"},{"value":5588,"label":"F\u00f6rebygger brist"},{"value":5589,"label":"H\u00e4lsa"},{"value":5555,"label":"H\u00e4lsof\u00f6rdelar"},{"value":5590,"label":"H\u00e4lsosamt liv"},{"value":444,"label":"immuunij\u00e4rjestelm\u00e4"},{"value":5591,"label":"J\u00e4rnfria"},{"value":5067,"label":"kasvissy\u00f6j\u00e4"},{"value":476,"label":"lis\u00e4ravinne"},{"value":2916,"label":"Mineraalit"},{"value":496,"label":"multivitamiini"},{"value":5592,"label":"St\u00f6djer allm\u00e4n h\u00e4lsa"},{"value":3180,"label":"Vitamiini A"},{"value":2959,"label":"Vitamiini C"},{"value":2960,"label":"Vitamiini E"}]},"featured_image_src_large":["https:\/\/reviva.fi\/wp-content\/uploads\/2025\/03\/8436-MultiGuard-iron-freee.jpg",780,780,false],"author_info":[],"comment_info":0,"_links":{"self":[{"href":"https:\/\/reviva.fi\/fi\/wp-json\/wp\/v2\/product\/11350","targetHints":{"allow":["GET"]}}],"collection":[{"href":"https:\/\/reviva.fi\/fi\/wp-json\/wp\/v2\/product"}],"about":[{"href":"https:\/\/reviva.fi\/fi\/wp-json\/wp\/v2\/types\/product"}],"replies":[{"embeddable":true,"href":"https:\/\/reviva.fi\/fi\/wp-json\/wp\/v2\/comments?post=11350"}],"wp:featuredmedia":[{"embeddable":true,"href":"https:\/\/reviva.fi\/fi\/wp-json\/wp\/v2\/media\/11198"}],"wp:attachment":[{"href":"https:\/\/reviva.fi\/fi\/wp-json\/wp\/v2\/media?parent=11350"}],"wp:term":[{"taxonomy":"product_brand","embeddable":true,"href":"https:\/\/reviva.fi\/fi\/wp-json\/wp\/v2\/product_brand?post=11350"},{"taxonomy":"product_cat","embeddable":true,"href":"https:\/\/reviva.fi\/fi\/wp-json\/wp\/v2\/product_cat?post=11350"},{"taxonomy":"product_tag","embeddable":true,"href":"https:\/\/reviva.fi\/fi\/wp-json\/wp\/v2\/product_tag?post=11350"}],"curies":[{"name":"wp","href":"https:\/\/api.w.org\/{rel}","templated":true}]}}