{"id":11353,"date":"2025-03-03T13:50:03","date_gmt":"2025-03-03T11:50:03","guid":{"rendered":"https:\/\/reviva.fi\/product\/multi-guard-methyl-lamberts\/"},"modified":"2026-03-23T12:06:40","modified_gmt":"2026-03-23T10:06:40","slug":"multi-guard-methyl-lamberts","status":"publish","type":"product","link":"https:\/\/reviva.fi\/fi\/tuote\/multi-guard-methyl-lamberts\/","title":{"rendered":"Multi-Guard\u00ae Metyyli &#8211; Lamberts"},"content":{"rendered":"<p><strong>Multi-Guard\u00ae Metyyli &#8211; Lamberts<\/strong><\/p>\n<p data-start=\"0\" data-end=\"497\">Lamberts Multi-Guard\u00ae Methyl on edistynyt, korkean pitoisuuden monivitamiini- ja mineraalikoostumus, joka sis\u00e4lt\u00e4\u00e4 t\u00e4rkeit\u00e4 ravintoaineita kliinisesti merkitt\u00e4viss\u00e4 m\u00e4\u00e4riss\u00e4 ja biohajoavissa muodoissa. K\u00e4yt\u00e4nn\u00f6llisen\u00e4 yhden annoksen p\u00e4ivitt\u00e4isen\u00e4 tuotteena Multi-Guard\u00ae Methyl on t\u00e4ydellinen perusta kaikille monimutkaisille ravintolis\u00e4protokollille, joissa otetaan erikoistuneita ravintoaineita monivitamiinin lis\u00e4ksi. T\u00e4m\u00e4 tekee siit\u00e4 suositun valinnan monien ravitsemusterapeuttien keskuudessa.<\/p>\n<p data-start=\"499\" data-end=\"961\">Metylaatio on yksinkertainen mutta t\u00e4rke\u00e4 biokemiallinen prosessi, jossa metyyryhm\u00e4\u00e4 siirret\u00e4\u00e4n molekyyliin. T\u00e4m\u00e4 vaikuttaa moniin kehon toimintoihin ja sill\u00e4 on t\u00e4rke\u00e4 rooli syd\u00e4n- ja verisuoni-, neurologisessa, lis\u00e4\u00e4ntymis- ja detoksifikaatioj\u00e4rjestelm\u00e4ss\u00e4. Metylaatioon vaikuttavat tekij\u00e4t, kuten ravintoainepuutokset (kuten foolihappo, B6- ja B12-vitamiinit), stressi, ik\u00e4 ja geenimutaatio MTHFR-geeniss\u00e4, joka koodaa entsyymi\u00e4, joka on mukana metylaatiossa.<\/p>\n<p data-start=\"963\" data-end=\"1371\">Lamberts Multi-Guard\u00ae Methyl on erityisesti suunniteltu henkil\u00f6ille, jotka tarvitsevat tukea metylaatiossa ja sis\u00e4lt\u00e4\u00e4 foolihappoa metyyli-folaattina, B6-vitamiinia pyridoksal-5&#8242;-fosfaatina (P5P) ja B12-vitamiinia metylikobalamiinina. N\u00e4m\u00e4 B-vitamiinit edist\u00e4v\u00e4t normaalia energian aineenvaihduntaa, ja tutkimukset viittaavat siihen, ett\u00e4 keho imee ja hy\u00f6dynt\u00e4\u00e4 niit\u00e4 paremmin niiden metyloiduissa muodoissa.<\/p>\n<p data-start=\"1373\" data-end=\"1542\" data-is-last-node=\"\" data-is-only-node=\"\">Koostumus sis\u00e4lt\u00e4\u00e4 my\u00f6s magnesiumia sek\u00e4 D- ja K-vitamiinia (menaquinon-7), yhdess\u00e4 mikroravintoaineiden, kuten koliinin ja inositolin, kanssa tukemaan aineenvaihduntaa.<\/p>\n","protected":false},"excerpt":{"rendered":"<ul>\n<li data-start=\"0\" data-end=\"544\">Yhden annoksen p\u00e4ivitt\u00e4inen formula, joka sis\u00e4lt\u00e4\u00e4 23 t\u00e4rke\u00e4\u00e4 ravintoaineita optimaalisilla tasoilla.<\/li>\n<li data-start=\"0\" data-end=\"544\">Voittaja Health Food Businessin \u2018Best VMS 2022\u2019 -palkinnossa.<\/li>\n<li data-start=\"0\" data-end=\"544\">Metyloitujen B-vitamiinimuotojen on todettu olevan paremmin imeytyvi\u00e4 ja hy\u00f6dynnett\u00e4vi\u00e4 kehossa.<\/li>\n<li data-start=\"0\" data-end=\"544\">Sis\u00e4lt\u00e4\u00e4 foolihappoa L-5-metyylitetrahydrofolaatin muodossa, B6-vitamiinia pyridoksal-5\u2019-fosfaatina (P5P) ja B12-vitamiinia metylikobalamiinina.<\/li>\n<li data-start=\"0\" data-end=\"544\">Mikroravintoaineet kuten koliini ja inositoli tukevat aineenvaihduntaa.<\/li>\n<li data-start=\"0\" data-end=\"544\">T\u00e4ydellinen lis\u00e4 monimutkaiseen ravintolis\u00e4protokollaan.<\/li>\n<\/ul>\n<p data-start=\"546\" data-end=\"558\" data-is-last-node=\"\" data-is-only-node=\"\"><strong>60 tablettia<\/strong><\/p>\n","protected":false},"featured_media":11195,"comment_status":"closed","ping_status":"closed","template":"","meta":{"_acf_changed":false,"inline_featured_image":false,"_kad_blocks_custom_css":"","_kad_blocks_head_custom_js":"","_kad_blocks_body_custom_js":"","_kad_blocks_footer_custom_js":"","_kadence_starter_templates_imported_post":false,"_kad_post_transparent":"default","_kad_post_title":"","_kad_post_layout":"default","_kad_post_sidebar_id":"","_kad_post_content_style":"default","_kad_post_vertical_padding":"default","_kad_post_feature":"","_kad_post_feature_position":"","_kad_post_header":false,"_kad_post_footer":false},"product_brand":[],"product_cat":[96,5961,93,5972,5978,2444],"product_tag":[5587,412,5593,521,1235,5544,5588,469,5555,5590,500,444,5067,476,3363,5594,5595,496,5596,4419,2958],"class_list":{"0":"post-11353","1":"product","2":"type-product","3":"status-publish","4":"has-post-thumbnail","6":"product_cat-vitaminer-fi","7":"product_cat-multi-vitamin-fi","8":"product_cat-mineraler-fi","9":"product_cat-multi-mineral-fi","10":"product_cat-multi-produkter-fi","11":"product_cat-lamberts-fi","12":"product_tag-allsidig-naring-fi","13":"product_tag-antioksidantti","14":"product_tag-battre-upptag-fi","15":"product_tag-d-vitamiini","16":"product_tag-energia","17":"product_tag-forbattrad-energi-fi","18":"product_tag-forebygger-brist-fi","19":"product_tag-foolihappo","20":"product_tag-halsofordelar-fi","21":"product_tag-halsosamt-liv-fi","22":"product_tag-hermosto","23":"product_tag-immuunijarjestelma","24":"product_tag-kasvissyoja-fi","25":"product_tag-lisaravinne","26":"product_tag-mental-halsa-fi","27":"product_tag-methylated-b-vitaminer-fi","28":"product_tag-methylfolat-fi","29":"product_tag-multivitamiini","30":"product_tag-stod-for-dna-syntes-fi","31":"product_tag-sydanterveytta","32":"product_tag-vitamiini-b12","34":"first","35":"instock","36":"taxable","37":"shipping-taxable","38":"purchasable","39":"product-type-simple","40":"entry","41":"content-bg","42":"loop-entry"},"acf":[],"yoast_head":"<!-- This site is optimized with the Yoast SEO plugin v25.8 - https:\/\/yoast.com\/wordpress\/plugins\/seo\/ -->\n<title>Multi-Guard\u00ae Metyyli - Lamberts - Reviva<\/title>\n<meta name=\"description\" content=\"Multi-Guard\u00ae Metyyli - Lamberts on monivitamiini, joka sis\u00e4lt\u00e4\u00e4 biologisesti aktiivisia B-vitamiinimuotoja, kuten metyyli-folaattia ja metyylikobalamiinia\" \/>\n<meta name=\"robots\" content=\"index, follow, max-snippet:-1, max-image-preview:large, max-video-preview:-1\" \/>\n<link rel=\"canonical\" href=\"https:\/\/reviva.fi\/fi\/tuote\/multi-guard-methyl-lamberts\/\" \/>\n<meta property=\"og:locale\" content=\"fi_FI\" \/>\n<meta property=\"og:type\" content=\"article\" \/>\n<meta property=\"og:title\" content=\"Multi-Guard\u00ae Metyyli - Lamberts - Reviva\" \/>\n<meta property=\"og:description\" content=\"Multi-Guard\u00ae Metyyli - Lamberts on monivitamiini, joka sis\u00e4lt\u00e4\u00e4 biologisesti aktiivisia B-vitamiinimuotoja, kuten metyyli-folaattia ja metyylikobalamiinia\" \/>\n<meta property=\"og:url\" content=\"https:\/\/reviva.fi\/fi\/tuote\/multi-guard-methyl-lamberts\/\" \/>\n<meta property=\"og:site_name\" content=\"Reviva\" \/>\n<meta property=\"article:modified_time\" content=\"2026-03-23T10:06:40+00:00\" \/>\n<meta property=\"og:image\" content=\"https:\/\/reviva.fi\/wp-content\/uploads\/2025\/03\/8435-Multi-guard-methyl.jpg\" \/>\n\t<meta property=\"og:image:width\" content=\"780\" \/>\n\t<meta property=\"og:image:height\" content=\"780\" \/>\n\t<meta property=\"og:image:type\" content=\"image\/jpeg\" \/>\n<meta name=\"twitter:card\" content=\"summary_large_image\" \/>\n<script type=\"application\/ld+json\" class=\"yoast-schema-graph\">{\"@context\":\"https:\/\/schema.org\",\"@graph\":[{\"@type\":\"WebPage\",\"@id\":\"https:\/\/reviva.fi\/fi\/tuote\/multi-guard-methyl-lamberts\/\",\"url\":\"https:\/\/reviva.fi\/fi\/tuote\/multi-guard-methyl-lamberts\/\",\"name\":\"Multi-Guard\u00ae Metyyli - Lamberts - Reviva\",\"isPartOf\":{\"@id\":\"https:\/\/reviva.fi\/fi\/#website\"},\"primaryImageOfPage\":{\"@id\":\"https:\/\/reviva.fi\/fi\/tuote\/multi-guard-methyl-lamberts\/#primaryimage\"},\"image\":{\"@id\":\"https:\/\/reviva.fi\/fi\/tuote\/multi-guard-methyl-lamberts\/#primaryimage\"},\"thumbnailUrl\":\"https:\/\/reviva.fi\/wp-content\/uploads\/2025\/03\/8435-Multi-guard-methyl.jpg\",\"datePublished\":\"2025-03-03T11:50:03+00:00\",\"dateModified\":\"2026-03-23T10:06:40+00:00\",\"description\":\"Multi-Guard\u00ae Metyyli - Lamberts on monivitamiini, joka sis\u00e4lt\u00e4\u00e4 biologisesti aktiivisia B-vitamiinimuotoja, kuten metyyli-folaattia ja metyylikobalamiinia\",\"breadcrumb\":{\"@id\":\"https:\/\/reviva.fi\/fi\/tuote\/multi-guard-methyl-lamberts\/#breadcrumb\"},\"inLanguage\":\"fi\",\"potentialAction\":[{\"@type\":\"ReadAction\",\"target\":[\"https:\/\/reviva.fi\/fi\/tuote\/multi-guard-methyl-lamberts\/\"]}]},{\"@type\":\"ImageObject\",\"inLanguage\":\"fi\",\"@id\":\"https:\/\/reviva.fi\/fi\/tuote\/multi-guard-methyl-lamberts\/#primaryimage\",\"url\":\"https:\/\/reviva.fi\/wp-content\/uploads\/2025\/03\/8435-Multi-guard-methyl.jpg\",\"contentUrl\":\"https:\/\/reviva.fi\/wp-content\/uploads\/2025\/03\/8435-Multi-guard-methyl.jpg\",\"width\":780,\"height\":780,\"caption\":\"Multi-Guard\u00ae Methyl - Lamberts\"},{\"@type\":\"BreadcrumbList\",\"@id\":\"https:\/\/reviva.fi\/fi\/tuote\/multi-guard-methyl-lamberts\/#breadcrumb\",\"itemListElement\":[{\"@type\":\"ListItem\",\"position\":1,\"name\":\"Etusivu\",\"item\":\"https:\/\/reviva.fi\/fi\/\"},{\"@type\":\"ListItem\",\"position\":2,\"name\":\"Tuotteet\",\"item\":\"https:\/\/reviva.fi\/produkter\/\"},{\"@type\":\"ListItem\",\"position\":3,\"name\":\"Multi-Guard\u00ae Metyyli &#8211; Lamberts\"}]},{\"@type\":\"WebSite\",\"@id\":\"https:\/\/reviva.fi\/fi\/#website\",\"url\":\"https:\/\/reviva.fi\/fi\/\",\"name\":\"Reviva\",\"description\":\"\",\"publisher\":{\"@id\":\"https:\/\/reviva.fi\/fi\/#organization\"},\"potentialAction\":[{\"@type\":\"SearchAction\",\"target\":{\"@type\":\"EntryPoint\",\"urlTemplate\":\"https:\/\/reviva.fi\/fi\/?s={search_term_string}\"},\"query-input\":{\"@type\":\"PropertyValueSpecification\",\"valueRequired\":true,\"valueName\":\"search_term_string\"}}],\"inLanguage\":\"fi\"},{\"@type\":\"Organization\",\"@id\":\"https:\/\/reviva.fi\/fi\/#organization\",\"name\":\"Reviva\",\"url\":\"https:\/\/reviva.fi\/fi\/\",\"logo\":{\"@type\":\"ImageObject\",\"inLanguage\":\"fi\",\"@id\":\"https:\/\/reviva.fi\/fi\/#\/schema\/logo\/image\/\",\"url\":\"https:\/\/reviva.fi\/wp-content\/uploads\/2023\/10\/reviva-logo2.svg\",\"contentUrl\":\"https:\/\/reviva.fi\/wp-content\/uploads\/2023\/10\/reviva-logo2.svg\",\"caption\":\"Reviva\"},\"image\":{\"@id\":\"https:\/\/reviva.fi\/fi\/#\/schema\/logo\/image\/\"}}]}<\/script>\n<meta property=\"product:price:amount\" content=\"41.90\" \/>\n<meta property=\"product:price:currency\" content=\"EUR\" \/>\n<meta property=\"og:availability\" content=\"instock\" \/>\n<meta property=\"product:availability\" content=\"instock\" \/>\n<meta property=\"product:retailer_item_id\" content=\"8435-60\" \/>\n<meta property=\"product:condition\" content=\"new\" \/>\n<!-- \/ Yoast SEO plugin. -->","yoast_head_json":{"title":"Multi-Guard\u00ae Metyyli - Lamberts - Reviva","description":"Multi-Guard\u00ae Metyyli - Lamberts on monivitamiini, joka sis\u00e4lt\u00e4\u00e4 biologisesti aktiivisia B-vitamiinimuotoja, kuten metyyli-folaattia ja metyylikobalamiinia","robots":{"index":"index","follow":"follow","max-snippet":"max-snippet:-1","max-image-preview":"max-image-preview:large","max-video-preview":"max-video-preview:-1"},"canonical":"https:\/\/reviva.fi\/fi\/tuote\/multi-guard-methyl-lamberts\/","og_locale":"fi_FI","og_type":"article","og_title":"Multi-Guard\u00ae Metyyli - Lamberts - Reviva","og_description":"Multi-Guard\u00ae Metyyli - Lamberts on monivitamiini, joka sis\u00e4lt\u00e4\u00e4 biologisesti aktiivisia B-vitamiinimuotoja, kuten metyyli-folaattia ja metyylikobalamiinia","og_url":"https:\/\/reviva.fi\/fi\/tuote\/multi-guard-methyl-lamberts\/","og_site_name":"Reviva","article_modified_time":"2026-03-23T10:06:40+00:00","og_image":[{"width":780,"height":780,"url":"https:\/\/reviva.fi\/wp-content\/uploads\/2025\/03\/8435-Multi-guard-methyl.jpg","type":"image\/jpeg"}],"twitter_card":"summary_large_image","schema":{"@context":"https:\/\/schema.org","@graph":[{"@type":"WebPage","@id":"https:\/\/reviva.fi\/fi\/tuote\/multi-guard-methyl-lamberts\/","url":"https:\/\/reviva.fi\/fi\/tuote\/multi-guard-methyl-lamberts\/","name":"Multi-Guard\u00ae Metyyli - Lamberts - Reviva","isPartOf":{"@id":"https:\/\/reviva.fi\/fi\/#website"},"primaryImageOfPage":{"@id":"https:\/\/reviva.fi\/fi\/tuote\/multi-guard-methyl-lamberts\/#primaryimage"},"image":{"@id":"https:\/\/reviva.fi\/fi\/tuote\/multi-guard-methyl-lamberts\/#primaryimage"},"thumbnailUrl":"https:\/\/reviva.fi\/wp-content\/uploads\/2025\/03\/8435-Multi-guard-methyl.jpg","datePublished":"2025-03-03T11:50:03+00:00","dateModified":"2026-03-23T10:06:40+00:00","description":"Multi-Guard\u00ae Metyyli - Lamberts on monivitamiini, joka sis\u00e4lt\u00e4\u00e4 biologisesti aktiivisia B-vitamiinimuotoja, kuten metyyli-folaattia ja metyylikobalamiinia","breadcrumb":{"@id":"https:\/\/reviva.fi\/fi\/tuote\/multi-guard-methyl-lamberts\/#breadcrumb"},"inLanguage":"fi","potentialAction":[{"@type":"ReadAction","target":["https:\/\/reviva.fi\/fi\/tuote\/multi-guard-methyl-lamberts\/"]}]},{"@type":"ImageObject","inLanguage":"fi","@id":"https:\/\/reviva.fi\/fi\/tuote\/multi-guard-methyl-lamberts\/#primaryimage","url":"https:\/\/reviva.fi\/wp-content\/uploads\/2025\/03\/8435-Multi-guard-methyl.jpg","contentUrl":"https:\/\/reviva.fi\/wp-content\/uploads\/2025\/03\/8435-Multi-guard-methyl.jpg","width":780,"height":780,"caption":"Multi-Guard\u00ae Methyl - Lamberts"},{"@type":"BreadcrumbList","@id":"https:\/\/reviva.fi\/fi\/tuote\/multi-guard-methyl-lamberts\/#breadcrumb","itemListElement":[{"@type":"ListItem","position":1,"name":"Etusivu","item":"https:\/\/reviva.fi\/fi\/"},{"@type":"ListItem","position":2,"name":"Tuotteet","item":"https:\/\/reviva.fi\/produkter\/"},{"@type":"ListItem","position":3,"name":"Multi-Guard\u00ae Metyyli &#8211; Lamberts"}]},{"@type":"WebSite","@id":"https:\/\/reviva.fi\/fi\/#website","url":"https:\/\/reviva.fi\/fi\/","name":"Reviva","description":"","publisher":{"@id":"https:\/\/reviva.fi\/fi\/#organization"},"potentialAction":[{"@type":"SearchAction","target":{"@type":"EntryPoint","urlTemplate":"https:\/\/reviva.fi\/fi\/?s={search_term_string}"},"query-input":{"@type":"PropertyValueSpecification","valueRequired":true,"valueName":"search_term_string"}}],"inLanguage":"fi"},{"@type":"Organization","@id":"https:\/\/reviva.fi\/fi\/#organization","name":"Reviva","url":"https:\/\/reviva.fi\/fi\/","logo":{"@type":"ImageObject","inLanguage":"fi","@id":"https:\/\/reviva.fi\/fi\/#\/schema\/logo\/image\/","url":"https:\/\/reviva.fi\/wp-content\/uploads\/2023\/10\/reviva-logo2.svg","contentUrl":"https:\/\/reviva.fi\/wp-content\/uploads\/2023\/10\/reviva-logo2.svg","caption":"Reviva"},"image":{"@id":"https:\/\/reviva.fi\/fi\/#\/schema\/logo\/image\/"}}]},"product_price_amount":"41.90","product_price_currency":"EUR","og_availability":"instock","product_availability":"instock","product_retailer_item_id":"8435-60","product_condition":"new"},"taxonomy_info":{"product_cat":[{"value":96,"label":"Vitamiinit"},{"value":5961,"label":"Multi-vitamiini"},{"value":93,"label":"Mineraalit"},{"value":5972,"label":"Mono-mineraali"},{"value":5978,"label":"Multi tuotteet"},{"value":2444,"label":"Lamberts"}],"product_tag":[{"value":5587,"label":"Allsidig n\u00e4ring"},{"value":412,"label":"antioksidantti"},{"value":5593,"label":"B\u00e4ttre upptag"},{"value":521,"label":"d vitamiini"},{"value":1235,"label":"energia"},{"value":5544,"label":"F\u00f6rb\u00e4ttrad energi"},{"value":5588,"label":"F\u00f6rebygger brist"},{"value":469,"label":"foolihappo"},{"value":5555,"label":"H\u00e4lsof\u00f6rdelar"},{"value":5590,"label":"H\u00e4lsosamt liv"},{"value":500,"label":"hermosto"},{"value":444,"label":"immuunij\u00e4rjestelm\u00e4"},{"value":5067,"label":"kasvissy\u00f6j\u00e4"},{"value":476,"label":"lis\u00e4ravinne"},{"value":3363,"label":"Mental h\u00e4lsa"},{"value":5594,"label":"Methylated B-vitaminer"},{"value":5595,"label":"Methylfolat"},{"value":496,"label":"multivitamiini"},{"value":5596,"label":"St\u00f6d f\u00f6r DNA-syntes"},{"value":4419,"label":"Syd\u00e4nterveytt\u00e4"},{"value":2958,"label":"Vitamiini B12"}]},"featured_image_src_large":["https:\/\/reviva.fi\/wp-content\/uploads\/2025\/03\/8435-Multi-guard-methyl.jpg",780,780,false],"author_info":[],"comment_info":0,"_links":{"self":[{"href":"https:\/\/reviva.fi\/fi\/wp-json\/wp\/v2\/product\/11353","targetHints":{"allow":["GET"]}}],"collection":[{"href":"https:\/\/reviva.fi\/fi\/wp-json\/wp\/v2\/product"}],"about":[{"href":"https:\/\/reviva.fi\/fi\/wp-json\/wp\/v2\/types\/product"}],"replies":[{"embeddable":true,"href":"https:\/\/reviva.fi\/fi\/wp-json\/wp\/v2\/comments?post=11353"}],"wp:featuredmedia":[{"embeddable":true,"href":"https:\/\/reviva.fi\/fi\/wp-json\/wp\/v2\/media\/11195"}],"wp:attachment":[{"href":"https:\/\/reviva.fi\/fi\/wp-json\/wp\/v2\/media?parent=11353"}],"wp:term":[{"taxonomy":"product_brand","embeddable":true,"href":"https:\/\/reviva.fi\/fi\/wp-json\/wp\/v2\/product_brand?post=11353"},{"taxonomy":"product_cat","embeddable":true,"href":"https:\/\/reviva.fi\/fi\/wp-json\/wp\/v2\/product_cat?post=11353"},{"taxonomy":"product_tag","embeddable":true,"href":"https:\/\/reviva.fi\/fi\/wp-json\/wp\/v2\/product_tag?post=11353"}],"curies":[{"name":"wp","href":"https:\/\/api.w.org\/{rel}","templated":true}]}}