{"id":11356,"date":"2025-03-03T13:46:13","date_gmt":"2025-03-03T11:46:13","guid":{"rendered":"https:\/\/reviva.fi\/product\/multi-guardadvance-lamberts\/"},"modified":"2025-03-05T09:45:24","modified_gmt":"2025-03-05T07:45:24","slug":"multi-guardadvance-lamberts","status":"publish","type":"product","link":"https:\/\/reviva.fi\/fi\/tuote\/multi-guardadvance-lamberts\/","title":{"rendered":"Edistyksellinen Multi-Guard\u00ae &#8211; Lamberts"},"content":{"rendered":"<p><strong>Edistyksellinen Multi-Guard\u00ae &#8211; Lamberts<\/strong><\/p>\n<p data-start=\"0\" data-end=\"299\">T\u00e4m\u00e4 on yksi kattavimmista yhden annoksen monivitamiineista yli 50-vuotiaille, joita on saatavilla Isossa-Britanniassa. Kaikki t\u00e4rkeimm\u00e4t mikroravinteet sis\u00e4ltyv\u00e4t optimaalisilla tasoilla, mukaan lukien seleeni ja kromi \u2013 kaksi t\u00e4rke\u00e4\u00e4 mineraalia, joita esiintyy usein v\u00e4h\u00e4n monivitamiinituotteissa.<\/p>\n<p data-start=\"301\" data-end=\"602\">D-vitamiini on mukana m\u00e4\u00e4r\u00e4ss\u00e4, joka on nykyisin suositeltava henkil\u00f6ille, jotka eiv\u00e4t altistu auringonvalolle riitt\u00e4v\u00e4sti. Foolihappo ja B12-vitamiini on lis\u00e4tty, koska niit\u00e4 pidet\u00e4\u00e4n t\u00e4rkein\u00e4 normaaleiden homokysteiinitasojen yll\u00e4pit\u00e4miseksi veress\u00e4, ja tiamiini edist\u00e4\u00e4 syd\u00e4men normaalia toimintaa.<\/p>\n<p data-start=\"604\" data-end=\"683\">Tuote sis\u00e4lt\u00e4\u00e4 my\u00f6s rosmariinia sen antioksidanttisten ominaisuuksiensa vuoksi.<\/p>\n<p data-start=\"685\" data-end=\"1048\" data-is-last-node=\"\" data-is-only-node=\"\">Luteiini, joka on t\u00e4rke\u00e4 silmien terveydelle, on lis\u00e4tty m\u00e4\u00e4r\u00e4\u00e4n 2 mg per tabletti, yhdess\u00e4 riboflaviinin ja sinkin kanssa, jotka edist\u00e4v\u00e4t normaalia n\u00e4k\u00f6kyky\u00e4. Lis\u00e4ksi tuote sis\u00e4lt\u00e4\u00e4 korkealaatuista kurkumaekstraktia m\u00e4\u00e4r\u00e4ll\u00e4, joka vastaa teelusikallista kulinaarista kurkumaa per tabletti, vastaten tuoreita julkaistuja tutkimuksia t\u00e4st\u00e4 kiehtovasta mausteesta.<\/p>\n","protected":false},"excerpt":{"rendered":"<ul>\n<li data-start=\"0\" data-end=\"415\">Yksi kattavimmista yhden annoksen monivitamiineista, joita on saatavilla Isossa-Britanniassa.<\/li>\n<li data-start=\"0\" data-end=\"415\">Sis\u00e4lt\u00e4\u00e4 t\u00e4rkeimm\u00e4t mikroravinteet optimaalisilla tasoilla, mukaan lukien seleeni, kromi ja D-vitamiini.<\/li>\n<li data-start=\"0\" data-end=\"415\">2 mg luteiinia per tabletti silmien terveyden yll\u00e4pit\u00e4miseksi.<\/li>\n<li data-start=\"0\" data-end=\"415\">Sis\u00e4lt\u00e4\u00e4 lis\u00e4ksi m\u00e4\u00e4r\u00e4n, joka vastaa teelusikallista kurkumaa p\u00e4iv\u00e4ss\u00e4.<\/li>\n<li data-start=\"0\" data-end=\"415\">T\u00e4ydennetty rosmariinilla sen antioksidanttisten ominaisuuksien vuoksi.<\/li>\n<\/ul>\n<p data-start=\"417\" data-end=\"429\" data-is-last-node=\"\" data-is-only-node=\"\"><strong>60 tablettia<\/strong><\/p>\n","protected":false},"featured_media":11192,"comment_status":"closed","ping_status":"closed","template":"","meta":{"_acf_changed":false,"inline_featured_image":false,"_kad_blocks_custom_css":"","_kad_blocks_head_custom_js":"","_kad_blocks_body_custom_js":"","_kad_blocks_footer_custom_js":"","_kadence_starter_templates_imported_post":false,"_kad_post_transparent":"default","_kad_post_title":"","_kad_post_layout":"default","_kad_post_sidebar_id":"","_kad_post_content_style":"default","_kad_post_vertical_padding":"default","_kad_post_feature":"","_kad_post_feature_position":"","_kad_post_header":false,"_kad_post_footer":false},"product_brand":[],"product_cat":[96,5961,93,5972,5978,2444,2371],"product_tag":[5587,412,5593,521,1235,5544,469,5555,3385,4778,444,5067,4907,476,3363,2916,496,5597,5598,4419,2958,2959],"class_list":{"0":"post-11356","1":"product","2":"type-product","3":"status-publish","4":"has-post-thumbnail","6":"product_cat-vitaminer-fi","7":"product_cat-multi-vitamin-fi","8":"product_cat-mineraler-fi","9":"product_cat-multi-mineral-fi","10":"product_cat-multi-produkter-fi","11":"product_cat-lamberts-fi","12":"product_cat-muskler-och-leder-fi","13":"product_tag-allsidig-naring-fi","14":"product_tag-antioksidantti","15":"product_tag-battre-upptag-fi","16":"product_tag-d-vitamiini","17":"product_tag-energia","18":"product_tag-forbattrad-energi-fi","19":"product_tag-foolihappo","20":"product_tag-halsofordelar-fi","21":"product_tag-hudhalsa-fi","22":"product_tag-ikaantyminen","23":"product_tag-immuunijarjestelma","24":"product_tag-kasvissyoja-fi","25":"product_tag-kestava-terveys","26":"product_tag-lisaravinne","27":"product_tag-mental-halsa-fi","28":"product_tag-mineraalit","29":"product_tag-multivitamiini","30":"product_tag-stod-for-ben-fi","31":"product_tag-stod-for-nervsystem-fi","32":"product_tag-sydanterveytta","33":"product_tag-vitamiini-b12","34":"product_tag-vitamiini-c","36":"first","37":"instock","38":"taxable","39":"shipping-taxable","40":"purchasable","41":"product-type-simple","42":"entry","43":"content-bg","44":"loop-entry"},"acf":[],"yoast_head":"<!-- This site is optimized with the Yoast SEO plugin v25.8 - https:\/\/yoast.com\/wordpress\/plugins\/seo\/ -->\n<title>Edistyksellinen Multi-Guard\u00ae - Lamberts - Reviva<\/title>\n<meta name=\"description\" content=\"Edistyksellinen Multi-Guard\u00ae - Lamberts on monivitamiini, joka on suunniteltu aikuisille ja sis\u00e4lt\u00e4\u00e4 t\u00e4rkeit\u00e4 vitamiineja, mineraaleja ja antioksidantteja.\" \/>\n<meta name=\"robots\" content=\"index, follow, max-snippet:-1, max-image-preview:large, max-video-preview:-1\" \/>\n<link rel=\"canonical\" href=\"https:\/\/reviva.fi\/fi\/tuote\/multi-guardadvance-lamberts\/\" \/>\n<meta property=\"og:locale\" content=\"fi_FI\" \/>\n<meta property=\"og:type\" content=\"article\" \/>\n<meta property=\"og:title\" content=\"Edistyksellinen Multi-Guard\u00ae - Lamberts - Reviva\" \/>\n<meta property=\"og:description\" content=\"Edistyksellinen Multi-Guard\u00ae - Lamberts on monivitamiini, joka on suunniteltu aikuisille ja sis\u00e4lt\u00e4\u00e4 t\u00e4rkeit\u00e4 vitamiineja, mineraaleja ja antioksidantteja.\" \/>\n<meta property=\"og:url\" content=\"https:\/\/reviva.fi\/fi\/tuote\/multi-guardadvance-lamberts\/\" \/>\n<meta property=\"og:site_name\" content=\"Reviva\" \/>\n<meta property=\"article:modified_time\" content=\"2025-03-05T07:45:24+00:00\" \/>\n<meta property=\"og:image\" content=\"https:\/\/reviva.fi\/wp-content\/uploads\/2025\/03\/8432-multiguard-advance.jpg\" \/>\n\t<meta property=\"og:image:width\" content=\"780\" \/>\n\t<meta property=\"og:image:height\" content=\"780\" \/>\n\t<meta property=\"og:image:type\" content=\"image\/jpeg\" \/>\n<meta name=\"twitter:card\" content=\"summary_large_image\" \/>\n<script type=\"application\/ld+json\" class=\"yoast-schema-graph\">{\"@context\":\"https:\/\/schema.org\",\"@graph\":[{\"@type\":\"WebPage\",\"@id\":\"https:\/\/reviva.fi\/fi\/tuote\/multi-guardadvance-lamberts\/\",\"url\":\"https:\/\/reviva.fi\/fi\/tuote\/multi-guardadvance-lamberts\/\",\"name\":\"Edistyksellinen Multi-Guard\u00ae - Lamberts - Reviva\",\"isPartOf\":{\"@id\":\"https:\/\/reviva.fi\/fi\/#website\"},\"primaryImageOfPage\":{\"@id\":\"https:\/\/reviva.fi\/fi\/tuote\/multi-guardadvance-lamberts\/#primaryimage\"},\"image\":{\"@id\":\"https:\/\/reviva.fi\/fi\/tuote\/multi-guardadvance-lamberts\/#primaryimage\"},\"thumbnailUrl\":\"https:\/\/reviva.fi\/wp-content\/uploads\/2025\/03\/8432-multiguard-advance.jpg\",\"datePublished\":\"2025-03-03T11:46:13+00:00\",\"dateModified\":\"2025-03-05T07:45:24+00:00\",\"description\":\"Edistyksellinen Multi-Guard\u00ae - Lamberts on monivitamiini, joka on suunniteltu aikuisille ja sis\u00e4lt\u00e4\u00e4 t\u00e4rkeit\u00e4 vitamiineja, mineraaleja ja antioksidantteja.\",\"breadcrumb\":{\"@id\":\"https:\/\/reviva.fi\/fi\/tuote\/multi-guardadvance-lamberts\/#breadcrumb\"},\"inLanguage\":\"fi\",\"potentialAction\":[{\"@type\":\"ReadAction\",\"target\":[\"https:\/\/reviva.fi\/fi\/tuote\/multi-guardadvance-lamberts\/\"]}]},{\"@type\":\"ImageObject\",\"inLanguage\":\"fi\",\"@id\":\"https:\/\/reviva.fi\/fi\/tuote\/multi-guardadvance-lamberts\/#primaryimage\",\"url\":\"https:\/\/reviva.fi\/wp-content\/uploads\/2025\/03\/8432-multiguard-advance.jpg\",\"contentUrl\":\"https:\/\/reviva.fi\/wp-content\/uploads\/2025\/03\/8432-multiguard-advance.jpg\",\"width\":780,\"height\":780,\"caption\":\"Edistyksellinen Multi-Guard\u00ae - Lamberts\"},{\"@type\":\"BreadcrumbList\",\"@id\":\"https:\/\/reviva.fi\/fi\/tuote\/multi-guardadvance-lamberts\/#breadcrumb\",\"itemListElement\":[{\"@type\":\"ListItem\",\"position\":1,\"name\":\"Etusivu\",\"item\":\"https:\/\/reviva.fi\/fi\/\"},{\"@type\":\"ListItem\",\"position\":2,\"name\":\"Tuotteet\",\"item\":\"https:\/\/reviva.fi\/produkter\/\"},{\"@type\":\"ListItem\",\"position\":3,\"name\":\"Edistyksellinen Multi-Guard\u00ae &#8211; Lamberts\"}]},{\"@type\":\"WebSite\",\"@id\":\"https:\/\/reviva.fi\/fi\/#website\",\"url\":\"https:\/\/reviva.fi\/fi\/\",\"name\":\"Reviva\",\"description\":\"\",\"publisher\":{\"@id\":\"https:\/\/reviva.fi\/fi\/#organization\"},\"potentialAction\":[{\"@type\":\"SearchAction\",\"target\":{\"@type\":\"EntryPoint\",\"urlTemplate\":\"https:\/\/reviva.fi\/fi\/?s={search_term_string}\"},\"query-input\":{\"@type\":\"PropertyValueSpecification\",\"valueRequired\":true,\"valueName\":\"search_term_string\"}}],\"inLanguage\":\"fi\"},{\"@type\":\"Organization\",\"@id\":\"https:\/\/reviva.fi\/fi\/#organization\",\"name\":\"Reviva\",\"url\":\"https:\/\/reviva.fi\/fi\/\",\"logo\":{\"@type\":\"ImageObject\",\"inLanguage\":\"fi\",\"@id\":\"https:\/\/reviva.fi\/fi\/#\/schema\/logo\/image\/\",\"url\":\"https:\/\/reviva.fi\/wp-content\/uploads\/2023\/10\/reviva-logo2.svg\",\"contentUrl\":\"https:\/\/reviva.fi\/wp-content\/uploads\/2023\/10\/reviva-logo2.svg\",\"caption\":\"Reviva\"},\"image\":{\"@id\":\"https:\/\/reviva.fi\/fi\/#\/schema\/logo\/image\/\"}}]}<\/script>\n<meta property=\"product:price:amount\" content=\"29.90\" \/>\n<meta property=\"product:price:currency\" content=\"EUR\" \/>\n<meta property=\"og:availability\" content=\"instock\" \/>\n<meta property=\"product:availability\" content=\"instock\" \/>\n<meta property=\"product:retailer_item_id\" content=\"8432-60\" \/>\n<meta property=\"product:condition\" content=\"new\" \/>\n<!-- \/ Yoast SEO plugin. -->","yoast_head_json":{"title":"Edistyksellinen Multi-Guard\u00ae - Lamberts - Reviva","description":"Edistyksellinen Multi-Guard\u00ae - Lamberts on monivitamiini, joka on suunniteltu aikuisille ja sis\u00e4lt\u00e4\u00e4 t\u00e4rkeit\u00e4 vitamiineja, mineraaleja ja antioksidantteja.","robots":{"index":"index","follow":"follow","max-snippet":"max-snippet:-1","max-image-preview":"max-image-preview:large","max-video-preview":"max-video-preview:-1"},"canonical":"https:\/\/reviva.fi\/fi\/tuote\/multi-guardadvance-lamberts\/","og_locale":"fi_FI","og_type":"article","og_title":"Edistyksellinen Multi-Guard\u00ae - Lamberts - Reviva","og_description":"Edistyksellinen Multi-Guard\u00ae - Lamberts on monivitamiini, joka on suunniteltu aikuisille ja sis\u00e4lt\u00e4\u00e4 t\u00e4rkeit\u00e4 vitamiineja, mineraaleja ja antioksidantteja.","og_url":"https:\/\/reviva.fi\/fi\/tuote\/multi-guardadvance-lamberts\/","og_site_name":"Reviva","article_modified_time":"2025-03-05T07:45:24+00:00","og_image":[{"width":780,"height":780,"url":"https:\/\/reviva.fi\/wp-content\/uploads\/2025\/03\/8432-multiguard-advance.jpg","type":"image\/jpeg"}],"twitter_card":"summary_large_image","schema":{"@context":"https:\/\/schema.org","@graph":[{"@type":"WebPage","@id":"https:\/\/reviva.fi\/fi\/tuote\/multi-guardadvance-lamberts\/","url":"https:\/\/reviva.fi\/fi\/tuote\/multi-guardadvance-lamberts\/","name":"Edistyksellinen Multi-Guard\u00ae - Lamberts - Reviva","isPartOf":{"@id":"https:\/\/reviva.fi\/fi\/#website"},"primaryImageOfPage":{"@id":"https:\/\/reviva.fi\/fi\/tuote\/multi-guardadvance-lamberts\/#primaryimage"},"image":{"@id":"https:\/\/reviva.fi\/fi\/tuote\/multi-guardadvance-lamberts\/#primaryimage"},"thumbnailUrl":"https:\/\/reviva.fi\/wp-content\/uploads\/2025\/03\/8432-multiguard-advance.jpg","datePublished":"2025-03-03T11:46:13+00:00","dateModified":"2025-03-05T07:45:24+00:00","description":"Edistyksellinen Multi-Guard\u00ae - Lamberts on monivitamiini, joka on suunniteltu aikuisille ja sis\u00e4lt\u00e4\u00e4 t\u00e4rkeit\u00e4 vitamiineja, mineraaleja ja antioksidantteja.","breadcrumb":{"@id":"https:\/\/reviva.fi\/fi\/tuote\/multi-guardadvance-lamberts\/#breadcrumb"},"inLanguage":"fi","potentialAction":[{"@type":"ReadAction","target":["https:\/\/reviva.fi\/fi\/tuote\/multi-guardadvance-lamberts\/"]}]},{"@type":"ImageObject","inLanguage":"fi","@id":"https:\/\/reviva.fi\/fi\/tuote\/multi-guardadvance-lamberts\/#primaryimage","url":"https:\/\/reviva.fi\/wp-content\/uploads\/2025\/03\/8432-multiguard-advance.jpg","contentUrl":"https:\/\/reviva.fi\/wp-content\/uploads\/2025\/03\/8432-multiguard-advance.jpg","width":780,"height":780,"caption":"Edistyksellinen Multi-Guard\u00ae - Lamberts"},{"@type":"BreadcrumbList","@id":"https:\/\/reviva.fi\/fi\/tuote\/multi-guardadvance-lamberts\/#breadcrumb","itemListElement":[{"@type":"ListItem","position":1,"name":"Etusivu","item":"https:\/\/reviva.fi\/fi\/"},{"@type":"ListItem","position":2,"name":"Tuotteet","item":"https:\/\/reviva.fi\/produkter\/"},{"@type":"ListItem","position":3,"name":"Edistyksellinen Multi-Guard\u00ae &#8211; Lamberts"}]},{"@type":"WebSite","@id":"https:\/\/reviva.fi\/fi\/#website","url":"https:\/\/reviva.fi\/fi\/","name":"Reviva","description":"","publisher":{"@id":"https:\/\/reviva.fi\/fi\/#organization"},"potentialAction":[{"@type":"SearchAction","target":{"@type":"EntryPoint","urlTemplate":"https:\/\/reviva.fi\/fi\/?s={search_term_string}"},"query-input":{"@type":"PropertyValueSpecification","valueRequired":true,"valueName":"search_term_string"}}],"inLanguage":"fi"},{"@type":"Organization","@id":"https:\/\/reviva.fi\/fi\/#organization","name":"Reviva","url":"https:\/\/reviva.fi\/fi\/","logo":{"@type":"ImageObject","inLanguage":"fi","@id":"https:\/\/reviva.fi\/fi\/#\/schema\/logo\/image\/","url":"https:\/\/reviva.fi\/wp-content\/uploads\/2023\/10\/reviva-logo2.svg","contentUrl":"https:\/\/reviva.fi\/wp-content\/uploads\/2023\/10\/reviva-logo2.svg","caption":"Reviva"},"image":{"@id":"https:\/\/reviva.fi\/fi\/#\/schema\/logo\/image\/"}}]},"product_price_amount":"29.90","product_price_currency":"EUR","og_availability":"instock","product_availability":"instock","product_retailer_item_id":"8432-60","product_condition":"new"},"taxonomy_info":{"product_cat":[{"value":96,"label":"Vitamiinit"},{"value":5961,"label":"Multi-vitamiini"},{"value":93,"label":"Mineraalit"},{"value":5972,"label":"Mono-mineraali"},{"value":5978,"label":"Multi tuotteet"},{"value":2444,"label":"Lamberts"},{"value":2371,"label":"Nivelet &amp; Lihakset"}],"product_tag":[{"value":5587,"label":"Allsidig n\u00e4ring"},{"value":412,"label":"antioksidantti"},{"value":5593,"label":"B\u00e4ttre upptag"},{"value":521,"label":"d vitamiini"},{"value":1235,"label":"energia"},{"value":5544,"label":"F\u00f6rb\u00e4ttrad energi"},{"value":469,"label":"foolihappo"},{"value":5555,"label":"H\u00e4lsof\u00f6rdelar"},{"value":3385,"label":"Hudh\u00e4lsa"},{"value":4778,"label":"ik\u00e4\u00e4ntyminen"},{"value":444,"label":"immuunij\u00e4rjestelm\u00e4"},{"value":5067,"label":"kasvissy\u00f6j\u00e4"},{"value":4907,"label":"Kest\u00e4v\u00e4 terveys"},{"value":476,"label":"lis\u00e4ravinne"},{"value":3363,"label":"Mental h\u00e4lsa"},{"value":2916,"label":"Mineraalit"},{"value":496,"label":"multivitamiini"},{"value":5597,"label":"St\u00f6d f\u00f6r ben"},{"value":5598,"label":"St\u00f6d f\u00f6r nervsystem"},{"value":4419,"label":"Syd\u00e4nterveytt\u00e4"},{"value":2958,"label":"Vitamiini B12"},{"value":2959,"label":"Vitamiini C"}]},"featured_image_src_large":["https:\/\/reviva.fi\/wp-content\/uploads\/2025\/03\/8432-multiguard-advance.jpg",780,780,false],"author_info":[],"comment_info":0,"_links":{"self":[{"href":"https:\/\/reviva.fi\/fi\/wp-json\/wp\/v2\/product\/11356","targetHints":{"allow":["GET"]}}],"collection":[{"href":"https:\/\/reviva.fi\/fi\/wp-json\/wp\/v2\/product"}],"about":[{"href":"https:\/\/reviva.fi\/fi\/wp-json\/wp\/v2\/types\/product"}],"replies":[{"embeddable":true,"href":"https:\/\/reviva.fi\/fi\/wp-json\/wp\/v2\/comments?post=11356"}],"wp:featuredmedia":[{"embeddable":true,"href":"https:\/\/reviva.fi\/fi\/wp-json\/wp\/v2\/media\/11192"}],"wp:attachment":[{"href":"https:\/\/reviva.fi\/fi\/wp-json\/wp\/v2\/media?parent=11356"}],"wp:term":[{"taxonomy":"product_brand","embeddable":true,"href":"https:\/\/reviva.fi\/fi\/wp-json\/wp\/v2\/product_brand?post=11356"},{"taxonomy":"product_cat","embeddable":true,"href":"https:\/\/reviva.fi\/fi\/wp-json\/wp\/v2\/product_cat?post=11356"},{"taxonomy":"product_tag","embeddable":true,"href":"https:\/\/reviva.fi\/fi\/wp-json\/wp\/v2\/product_tag?post=11356"}],"curies":[{"name":"wp","href":"https:\/\/api.w.org\/{rel}","templated":true}]}}