{"id":11360,"date":"2025-03-03T13:41:28","date_gmt":"2025-03-03T11:41:28","guid":{"rendered":"https:\/\/reviva.fi\/product\/multi-max-lamberts\/"},"modified":"2025-03-05T10:00:51","modified_gmt":"2025-03-05T08:00:51","slug":"multi-max-lamberts","status":"publish","type":"product","link":"https:\/\/reviva.fi\/fi\/tuote\/multi-max-lamberts\/","title":{"rendered":"Multi-Max &#8211; Lamberts"},"content":{"rendered":"<p><strong>Multi-Max &#8211; Lamberts<\/strong><\/p>\n<p data-start=\"0\" data-end=\"373\">T\u00e4m\u00e4 on korkean pitoisuuden yhden annoksen monivitamiini, joka on erityisesti suunniteltu yli 50-vuotiaille. Uusien ravitsemustutkimusten mukaan Isossa-Britanniassa merkitt\u00e4v\u00e4 osa yli 50-vuotiaista ei saavuta NRV*-arvoja tietyille mikroravinteille. Erityisen huolestuttavia t\u00e4ss\u00e4 ik\u00e4ryhm\u00e4ss\u00e4 ovat D-vitamiinin, B12-vitamiinin sek\u00e4 hivenaineiden sinkin ja seleenin puutteet.<\/p>\n<p data-start=\"375\" data-end=\"647\">Uudempi formula, Multi-guard\u00ae Advance, on samanlainen tuote, mutta se sis\u00e4lt\u00e4\u00e4 my\u00f6s kasvipohjaisia fytoravinteita sek\u00e4 luteiinia. Sen sijaan t\u00e4m\u00e4 alkuper\u00e4inen Multi-Max\u00ae -koostumus sis\u00e4lt\u00e4\u00e4 korkeampia B-vitamiinipitoisuuksia, mik\u00e4 tekee siit\u00e4 vaihtoehdon B-kompleksille.<\/p>\n<p data-start=\"649\" data-end=\"844\" data-is-last-node=\"\" data-is-only-node=\"\">Molemmat monivitamiini-koostumukset sis\u00e4lt\u00e4v\u00e4t eritt\u00e4in kattavan valikoiman v\u00e4ltt\u00e4m\u00e4tt\u00f6mi\u00e4 hivenaineita, joilla on tehokkaita tasoja tukemaan jopa ravitsemuksellisesti heikentynytt\u00e4 ruokavaliota.<\/p>\n","protected":false},"excerpt":{"rendered":"<ul>\n<li>Korkean pitoisuuden yhden annoksen monivitamiini, joka on erityisesti suunniteltu yli 50-vuotiaille.<\/li>\n<li>T\u00e4ss\u00e4 alkuper\u00e4isess\u00e4 Multi-Max\u00ae -koostumuksessa B-vitamiinitasot ovat korkeita, joten sit\u00e4 voidaan k\u00e4ytt\u00e4\u00e4 B-kompleksin sijasta.<\/li>\n<li>Molemmat Multi-Max\u00ae -koostumukset sis\u00e4lt\u00e4v\u00e4t eritt\u00e4in kattavan valikoiman v\u00e4ltt\u00e4m\u00e4tt\u00f6mi\u00e4 hivenaineita.<\/li>\n<li>Sis\u00e4lt\u00e4\u00e4 tehokkaita tasoja, jotka tukevat jopa ravitsemuksellisesti heikentynytt\u00e4 ruokavaliota.<\/li>\n<li>Multi-Max\u00ae -tuotetta voi k\u00e4ytt\u00e4\u00e4 yhdess\u00e4 Osteoguard\u00ae-tuotteen kanssa, jos tarvitaan lis\u00e4kalsiumia ja magnesiumia.<\/li>\n<\/ul>\n<p><strong>60 tablettia<\/strong><\/p>\n","protected":false},"featured_media":11189,"comment_status":"closed","ping_status":"closed","template":"","meta":{"_acf_changed":false,"inline_featured_image":false,"_kad_blocks_custom_css":"","_kad_blocks_head_custom_js":"","_kad_blocks_body_custom_js":"","_kad_blocks_footer_custom_js":"","_kadence_starter_templates_imported_post":false,"_kad_post_transparent":"default","_kad_post_title":"","_kad_post_layout":"default","_kad_post_sidebar_id":"","_kad_post_content_style":"default","_kad_post_vertical_padding":"default","_kad_post_feature":"","_kad_post_feature_position":"","_kad_post_header":false,"_kad_post_footer":false},"product_brand":[],"product_cat":[96,5961,93,5972,5978,2444],"product_tag":[5599,5587,412,521,1235,5544,469,5555,3385,444,5067,4907,476,4432,3363,2916,496,3614,4419,2958,2959],"class_list":{"0":"post-11360","1":"product","2":"type-product","3":"status-publish","4":"has-post-thumbnail","6":"product_cat-vitaminer-fi","7":"product_cat-multi-vitamin-fi","8":"product_cat-mineraler-fi","9":"product_cat-multi-mineral-fi","10":"product_cat-multi-produkter-fi","11":"product_cat-lamberts-fi","12":"product_tag-alla-aldrar-fi","13":"product_tag-allsidig-naring-fi","14":"product_tag-antioksidantti","15":"product_tag-d-vitamiini","16":"product_tag-energia","17":"product_tag-forbattrad-energi-fi","18":"product_tag-foolihappo","19":"product_tag-halsofordelar-fi","20":"product_tag-hudhalsa-fi","21":"product_tag-immuunijarjestelma","22":"product_tag-kasvissyoja-fi","23":"product_tag-kestava-terveys","24":"product_tag-lisaravinne","25":"product_tag-luuston-terveytta","26":"product_tag-mental-halsa-fi","27":"product_tag-mineraalit","28":"product_tag-multivitamiini","29":"product_tag-stod-for-nervsystemet-fi","30":"product_tag-sydanterveytta","31":"product_tag-vitamiini-b12","32":"product_tag-vitamiini-c","34":"first","35":"instock","36":"taxable","37":"shipping-taxable","38":"purchasable","39":"product-type-simple","40":"entry","41":"content-bg","42":"loop-entry"},"acf":[],"yoast_head":"<!-- This site is optimized with the Yoast SEO plugin v25.8 - https:\/\/yoast.com\/wordpress\/plugins\/seo\/ -->\n<title>Multi-Max - Lamberts - Reviva<\/title>\n<meta name=\"description\" content=\"Multi-Max - Lamberts on korkean pitoisuuden monivitamiini- ja mineraalitabletti, joka Tukee energiaa, immuunij\u00e4rjestelm\u00e4\u00e4 ja yleist\u00e4 terveytt\u00e4.\" \/>\n<meta name=\"robots\" content=\"index, follow, max-snippet:-1, max-image-preview:large, max-video-preview:-1\" \/>\n<link rel=\"canonical\" href=\"https:\/\/reviva.fi\/fi\/tuote\/multi-max-lamberts\/\" \/>\n<meta property=\"og:locale\" content=\"fi_FI\" \/>\n<meta property=\"og:type\" content=\"article\" \/>\n<meta property=\"og:title\" content=\"Multi-Max - Lamberts - Reviva\" \/>\n<meta property=\"og:description\" content=\"Multi-Max - Lamberts on korkean pitoisuuden monivitamiini- ja mineraalitabletti, joka Tukee energiaa, immuunij\u00e4rjestelm\u00e4\u00e4 ja yleist\u00e4 terveytt\u00e4.\" \/>\n<meta property=\"og:url\" content=\"https:\/\/reviva.fi\/fi\/tuote\/multi-max-lamberts\/\" \/>\n<meta property=\"og:site_name\" content=\"Reviva\" \/>\n<meta property=\"article:modified_time\" content=\"2025-03-05T08:00:51+00:00\" \/>\n<meta property=\"og:image\" content=\"https:\/\/reviva.fi\/wp-content\/uploads\/2025\/03\/8431-multimax.jpg\" \/>\n\t<meta property=\"og:image:width\" content=\"780\" \/>\n\t<meta property=\"og:image:height\" content=\"780\" \/>\n\t<meta property=\"og:image:type\" content=\"image\/jpeg\" \/>\n<meta name=\"twitter:card\" content=\"summary_large_image\" \/>\n<script type=\"application\/ld+json\" class=\"yoast-schema-graph\">{\"@context\":\"https:\/\/schema.org\",\"@graph\":[{\"@type\":\"WebPage\",\"@id\":\"https:\/\/reviva.fi\/fi\/tuote\/multi-max-lamberts\/\",\"url\":\"https:\/\/reviva.fi\/fi\/tuote\/multi-max-lamberts\/\",\"name\":\"Multi-Max - Lamberts - Reviva\",\"isPartOf\":{\"@id\":\"https:\/\/reviva.fi\/fi\/#website\"},\"primaryImageOfPage\":{\"@id\":\"https:\/\/reviva.fi\/fi\/tuote\/multi-max-lamberts\/#primaryimage\"},\"image\":{\"@id\":\"https:\/\/reviva.fi\/fi\/tuote\/multi-max-lamberts\/#primaryimage\"},\"thumbnailUrl\":\"https:\/\/reviva.fi\/wp-content\/uploads\/2025\/03\/8431-multimax.jpg\",\"datePublished\":\"2025-03-03T11:41:28+00:00\",\"dateModified\":\"2025-03-05T08:00:51+00:00\",\"description\":\"Multi-Max - Lamberts on korkean pitoisuuden monivitamiini- ja mineraalitabletti, joka Tukee energiaa, immuunij\u00e4rjestelm\u00e4\u00e4 ja yleist\u00e4 terveytt\u00e4.\",\"breadcrumb\":{\"@id\":\"https:\/\/reviva.fi\/fi\/tuote\/multi-max-lamberts\/#breadcrumb\"},\"inLanguage\":\"fi\",\"potentialAction\":[{\"@type\":\"ReadAction\",\"target\":[\"https:\/\/reviva.fi\/fi\/tuote\/multi-max-lamberts\/\"]}]},{\"@type\":\"ImageObject\",\"inLanguage\":\"fi\",\"@id\":\"https:\/\/reviva.fi\/fi\/tuote\/multi-max-lamberts\/#primaryimage\",\"url\":\"https:\/\/reviva.fi\/wp-content\/uploads\/2025\/03\/8431-multimax.jpg\",\"contentUrl\":\"https:\/\/reviva.fi\/wp-content\/uploads\/2025\/03\/8431-multimax.jpg\",\"width\":780,\"height\":780,\"caption\":\"Multi-Max\u00ae - Lamberts\"},{\"@type\":\"BreadcrumbList\",\"@id\":\"https:\/\/reviva.fi\/fi\/tuote\/multi-max-lamberts\/#breadcrumb\",\"itemListElement\":[{\"@type\":\"ListItem\",\"position\":1,\"name\":\"Etusivu\",\"item\":\"https:\/\/reviva.fi\/fi\/\"},{\"@type\":\"ListItem\",\"position\":2,\"name\":\"Tuotteet\",\"item\":\"https:\/\/reviva.fi\/produkter\/\"},{\"@type\":\"ListItem\",\"position\":3,\"name\":\"Multi-Max &#8211; Lamberts\"}]},{\"@type\":\"WebSite\",\"@id\":\"https:\/\/reviva.fi\/fi\/#website\",\"url\":\"https:\/\/reviva.fi\/fi\/\",\"name\":\"Reviva\",\"description\":\"\",\"publisher\":{\"@id\":\"https:\/\/reviva.fi\/fi\/#organization\"},\"potentialAction\":[{\"@type\":\"SearchAction\",\"target\":{\"@type\":\"EntryPoint\",\"urlTemplate\":\"https:\/\/reviva.fi\/fi\/?s={search_term_string}\"},\"query-input\":{\"@type\":\"PropertyValueSpecification\",\"valueRequired\":true,\"valueName\":\"search_term_string\"}}],\"inLanguage\":\"fi\"},{\"@type\":\"Organization\",\"@id\":\"https:\/\/reviva.fi\/fi\/#organization\",\"name\":\"Reviva\",\"url\":\"https:\/\/reviva.fi\/fi\/\",\"logo\":{\"@type\":\"ImageObject\",\"inLanguage\":\"fi\",\"@id\":\"https:\/\/reviva.fi\/fi\/#\/schema\/logo\/image\/\",\"url\":\"https:\/\/reviva.fi\/wp-content\/uploads\/2023\/10\/reviva-logo2.svg\",\"contentUrl\":\"https:\/\/reviva.fi\/wp-content\/uploads\/2023\/10\/reviva-logo2.svg\",\"caption\":\"Reviva\"},\"image\":{\"@id\":\"https:\/\/reviva.fi\/fi\/#\/schema\/logo\/image\/\"}}]}<\/script>\n<meta property=\"product:price:amount\" content=\"24.75\" \/>\n<meta property=\"product:price:currency\" content=\"EUR\" \/>\n<meta property=\"og:availability\" content=\"instock\" \/>\n<meta property=\"product:availability\" content=\"instock\" \/>\n<meta property=\"product:retailer_item_id\" content=\"8431-60\" \/>\n<meta property=\"product:condition\" content=\"new\" \/>\n<!-- \/ Yoast SEO plugin. -->","yoast_head_json":{"title":"Multi-Max - Lamberts - Reviva","description":"Multi-Max - Lamberts on korkean pitoisuuden monivitamiini- ja mineraalitabletti, joka Tukee energiaa, immuunij\u00e4rjestelm\u00e4\u00e4 ja yleist\u00e4 terveytt\u00e4.","robots":{"index":"index","follow":"follow","max-snippet":"max-snippet:-1","max-image-preview":"max-image-preview:large","max-video-preview":"max-video-preview:-1"},"canonical":"https:\/\/reviva.fi\/fi\/tuote\/multi-max-lamberts\/","og_locale":"fi_FI","og_type":"article","og_title":"Multi-Max - Lamberts - Reviva","og_description":"Multi-Max - Lamberts on korkean pitoisuuden monivitamiini- ja mineraalitabletti, joka Tukee energiaa, immuunij\u00e4rjestelm\u00e4\u00e4 ja yleist\u00e4 terveytt\u00e4.","og_url":"https:\/\/reviva.fi\/fi\/tuote\/multi-max-lamberts\/","og_site_name":"Reviva","article_modified_time":"2025-03-05T08:00:51+00:00","og_image":[{"width":780,"height":780,"url":"https:\/\/reviva.fi\/wp-content\/uploads\/2025\/03\/8431-multimax.jpg","type":"image\/jpeg"}],"twitter_card":"summary_large_image","schema":{"@context":"https:\/\/schema.org","@graph":[{"@type":"WebPage","@id":"https:\/\/reviva.fi\/fi\/tuote\/multi-max-lamberts\/","url":"https:\/\/reviva.fi\/fi\/tuote\/multi-max-lamberts\/","name":"Multi-Max - Lamberts - Reviva","isPartOf":{"@id":"https:\/\/reviva.fi\/fi\/#website"},"primaryImageOfPage":{"@id":"https:\/\/reviva.fi\/fi\/tuote\/multi-max-lamberts\/#primaryimage"},"image":{"@id":"https:\/\/reviva.fi\/fi\/tuote\/multi-max-lamberts\/#primaryimage"},"thumbnailUrl":"https:\/\/reviva.fi\/wp-content\/uploads\/2025\/03\/8431-multimax.jpg","datePublished":"2025-03-03T11:41:28+00:00","dateModified":"2025-03-05T08:00:51+00:00","description":"Multi-Max - Lamberts on korkean pitoisuuden monivitamiini- ja mineraalitabletti, joka Tukee energiaa, immuunij\u00e4rjestelm\u00e4\u00e4 ja yleist\u00e4 terveytt\u00e4.","breadcrumb":{"@id":"https:\/\/reviva.fi\/fi\/tuote\/multi-max-lamberts\/#breadcrumb"},"inLanguage":"fi","potentialAction":[{"@type":"ReadAction","target":["https:\/\/reviva.fi\/fi\/tuote\/multi-max-lamberts\/"]}]},{"@type":"ImageObject","inLanguage":"fi","@id":"https:\/\/reviva.fi\/fi\/tuote\/multi-max-lamberts\/#primaryimage","url":"https:\/\/reviva.fi\/wp-content\/uploads\/2025\/03\/8431-multimax.jpg","contentUrl":"https:\/\/reviva.fi\/wp-content\/uploads\/2025\/03\/8431-multimax.jpg","width":780,"height":780,"caption":"Multi-Max\u00ae - Lamberts"},{"@type":"BreadcrumbList","@id":"https:\/\/reviva.fi\/fi\/tuote\/multi-max-lamberts\/#breadcrumb","itemListElement":[{"@type":"ListItem","position":1,"name":"Etusivu","item":"https:\/\/reviva.fi\/fi\/"},{"@type":"ListItem","position":2,"name":"Tuotteet","item":"https:\/\/reviva.fi\/produkter\/"},{"@type":"ListItem","position":3,"name":"Multi-Max &#8211; Lamberts"}]},{"@type":"WebSite","@id":"https:\/\/reviva.fi\/fi\/#website","url":"https:\/\/reviva.fi\/fi\/","name":"Reviva","description":"","publisher":{"@id":"https:\/\/reviva.fi\/fi\/#organization"},"potentialAction":[{"@type":"SearchAction","target":{"@type":"EntryPoint","urlTemplate":"https:\/\/reviva.fi\/fi\/?s={search_term_string}"},"query-input":{"@type":"PropertyValueSpecification","valueRequired":true,"valueName":"search_term_string"}}],"inLanguage":"fi"},{"@type":"Organization","@id":"https:\/\/reviva.fi\/fi\/#organization","name":"Reviva","url":"https:\/\/reviva.fi\/fi\/","logo":{"@type":"ImageObject","inLanguage":"fi","@id":"https:\/\/reviva.fi\/fi\/#\/schema\/logo\/image\/","url":"https:\/\/reviva.fi\/wp-content\/uploads\/2023\/10\/reviva-logo2.svg","contentUrl":"https:\/\/reviva.fi\/wp-content\/uploads\/2023\/10\/reviva-logo2.svg","caption":"Reviva"},"image":{"@id":"https:\/\/reviva.fi\/fi\/#\/schema\/logo\/image\/"}}]},"product_price_amount":"24.75","product_price_currency":"EUR","og_availability":"instock","product_availability":"instock","product_retailer_item_id":"8431-60","product_condition":"new"},"taxonomy_info":{"product_cat":[{"value":96,"label":"Vitamiinit"},{"value":5961,"label":"Multi-vitamiini"},{"value":93,"label":"Mineraalit"},{"value":5972,"label":"Mono-mineraali"},{"value":5978,"label":"Multi tuotteet"},{"value":2444,"label":"Lamberts"}],"product_tag":[{"value":5599,"label":"Alla \u00e5ldrar"},{"value":5587,"label":"Allsidig n\u00e4ring"},{"value":412,"label":"antioksidantti"},{"value":521,"label":"d vitamiini"},{"value":1235,"label":"energia"},{"value":5544,"label":"F\u00f6rb\u00e4ttrad energi"},{"value":469,"label":"foolihappo"},{"value":5555,"label":"H\u00e4lsof\u00f6rdelar"},{"value":3385,"label":"Hudh\u00e4lsa"},{"value":444,"label":"immuunij\u00e4rjestelm\u00e4"},{"value":5067,"label":"kasvissy\u00f6j\u00e4"},{"value":4907,"label":"Kest\u00e4v\u00e4 terveys"},{"value":476,"label":"lis\u00e4ravinne"},{"value":4432,"label":"Luuston terveytt\u00e4"},{"value":3363,"label":"Mental h\u00e4lsa"},{"value":2916,"label":"Mineraalit"},{"value":496,"label":"multivitamiini"},{"value":3614,"label":"St\u00f6d f\u00f6r nervsystemet"},{"value":4419,"label":"Syd\u00e4nterveytt\u00e4"},{"value":2958,"label":"Vitamiini B12"},{"value":2959,"label":"Vitamiini C"}]},"featured_image_src_large":["https:\/\/reviva.fi\/wp-content\/uploads\/2025\/03\/8431-multimax.jpg",780,780,false],"author_info":[],"comment_info":0,"_links":{"self":[{"href":"https:\/\/reviva.fi\/fi\/wp-json\/wp\/v2\/product\/11360","targetHints":{"allow":["GET"]}}],"collection":[{"href":"https:\/\/reviva.fi\/fi\/wp-json\/wp\/v2\/product"}],"about":[{"href":"https:\/\/reviva.fi\/fi\/wp-json\/wp\/v2\/types\/product"}],"replies":[{"embeddable":true,"href":"https:\/\/reviva.fi\/fi\/wp-json\/wp\/v2\/comments?post=11360"}],"wp:featuredmedia":[{"embeddable":true,"href":"https:\/\/reviva.fi\/fi\/wp-json\/wp\/v2\/media\/11189"}],"wp:attachment":[{"href":"https:\/\/reviva.fi\/fi\/wp-json\/wp\/v2\/media?parent=11360"}],"wp:term":[{"taxonomy":"product_brand","embeddable":true,"href":"https:\/\/reviva.fi\/fi\/wp-json\/wp\/v2\/product_brand?post=11360"},{"taxonomy":"product_cat","embeddable":true,"href":"https:\/\/reviva.fi\/fi\/wp-json\/wp\/v2\/product_cat?post=11360"},{"taxonomy":"product_tag","embeddable":true,"href":"https:\/\/reviva.fi\/fi\/wp-json\/wp\/v2\/product_tag?post=11360"}],"curies":[{"name":"wp","href":"https:\/\/api.w.org\/{rel}","templated":true}]}}