{"id":11363,"date":"2025-03-03T13:32:28","date_gmt":"2025-03-03T11:32:28","guid":{"rendered":"https:\/\/reviva.fi\/product\/a-z-multi-lamberts\/"},"modified":"2026-01-21T18:13:48","modified_gmt":"2026-01-21T16:13:48","slug":"a-z-multi-lamberts","status":"publish","type":"product","link":"https:\/\/reviva.fi\/fi\/tuote\/a-z-multi-lamberts\/","title":{"rendered":"A-Z Multi &#8211; Lamberts\u00ae"},"content":{"rendered":"<p><strong>A-Z Multi &#8211; Lamberts\u00ae<\/strong><\/p>\n<p data-start=\"0\" data-end=\"254\">Lamberts\u00ae A-Z Multi on yhden annoksen p\u00e4ivitt\u00e4inen monivitamiini, joka sis\u00e4lt\u00e4\u00e4 kaikki t\u00e4rkeimm\u00e4t mikroravinteet, monet 100 % NRV* -tasolla. D-vitamiinin osalta olemme kuitenkin lis\u00e4nneet kaksinkertaisen m\u00e4\u00e4r\u00e4n NRV*:st\u00e4, mik\u00e4 on nykyisin suositeltu taso.<\/p>\n<p data-start=\"256\" data-end=\"570\">T\u00e4m\u00e4 k\u00e4tev\u00e4 ravintolis\u00e4 tukee p\u00e4ivitt\u00e4ist\u00e4 hyvinvointia ja sopii 13-vuotiaista alkaen. Se on erityisen hyv\u00e4 pitk\u00e4n aikav\u00e4lin lis\u00e4 teini-ik\u00e4isille. Tuote sis\u00e4lt\u00e4\u00e4 my\u00f6s merkitt\u00e4v\u00e4n m\u00e4\u00e4r\u00e4n rautaa, joka on erityisen t\u00e4rke\u00e4 nuorille naisille, erityisesti, jos heid\u00e4n ruokavalionsa ei sis\u00e4ll\u00e4 riitt\u00e4v\u00e4sti punaista lihaa.<\/p>\n<p data-start=\"572\" data-end=\"693\" data-is-last-node=\"\" data-is-only-node=\"\">T\u00e4m\u00e4 lis\u00e4aine on edullinen tapa varmistaa, ett\u00e4 t\u00e4rkeiden mikroravinteiden saanti t\u00e4ytt\u00e4\u00e4 suositellut p\u00e4ivitt\u00e4iset arvot.<\/p>\n<p>&nbsp;<\/p>\n","protected":false},"excerpt":{"rendered":"<ul>\n<li>Yhden annoksen p\u00e4ivitt\u00e4inen monivitamiini<\/li>\n<li>Sis\u00e4lt\u00e4\u00e4 kaikki t\u00e4rkeimm\u00e4t mikroravinteet, monet 100 % NRV* -tasolla<\/li>\n<li>Kaksinkertainen m\u00e4\u00e4r\u00e4 NRV*:st\u00e4 D-vitamiinia \u2013 taso, joka on yh\u00e4 useammin suositeltu<\/li>\n<li>Edullinen tapa varmistaa, ett\u00e4 t\u00e4rkeiden mikroravinteiden saanti t\u00e4ytt\u00e4\u00e4 p\u00e4ivitt\u00e4iset suositellut tasot<\/li>\n<\/ul>\n<p><strong>60 tablettia<\/strong><\/p>\n","protected":false},"featured_media":11186,"comment_status":"closed","ping_status":"closed","template":"","meta":{"_acf_changed":false,"inline_featured_image":false,"_kad_blocks_custom_css":"","_kad_blocks_head_custom_js":"","_kad_blocks_body_custom_js":"","_kad_blocks_footer_custom_js":"","_kadence_starter_templates_imported_post":false,"_kad_post_transparent":"default","_kad_post_title":"","_kad_post_layout":"default","_kad_post_sidebar_id":"","_kad_post_content_style":"default","_kad_post_vertical_padding":"default","_kad_post_feature":"","_kad_post_feature_position":"","_kad_post_header":false,"_kad_post_footer":false},"product_brand":[],"product_cat":[96,5961,93,5972,5978,2444],"product_tag":[412,4500,521,5600,1235,5601,5602,5603,5604,3519,3385,444,476,4432,3363,2916,496,4419,3180,2959,2960,3198],"class_list":{"0":"post-11363","1":"product","2":"type-product","3":"status-publish","4":"has-post-thumbnail","6":"product_cat-vitaminer-fi","7":"product_cat-multi-vitamin-fi","8":"product_cat-mineraler-fi","9":"product_cat-multi-mineral-fi","10":"product_cat-multi-produkter-fi","11":"product_cat-lamberts-fi","12":"product_tag-antioksidantti","13":"product_tag-b-vitamiini-kompleksi-fi","14":"product_tag-d-vitamiini","15":"product_tag-daglig-anvandning-fi","16":"product_tag-energia","17":"product_tag-for-alla-aldrar-fi","18":"product_tag-forbattrad-halsa-fi","19":"product_tag-forbattrad-valmaende-fi","20":"product_tag-grundlaggande-naring-fi","21":"product_tag-harhalsa-fi","22":"product_tag-hudhalsa-fi","23":"product_tag-immuunijarjestelma","24":"product_tag-lisaravinne","25":"product_tag-luuston-terveytta","26":"product_tag-mental-halsa-fi","27":"product_tag-mineraalit","28":"product_tag-multivitamiini","29":"product_tag-sydanterveytta","30":"product_tag-vitamiini-a","31":"product_tag-vitamiini-c","32":"product_tag-vitamiini-e","33":"product_tag-vitamiini-k","35":"first","36":"instock","37":"taxable","38":"shipping-taxable","39":"purchasable","40":"product-type-simple","41":"entry","42":"content-bg","43":"loop-entry"},"acf":[],"yoast_head":"<!-- This site is optimized with the Yoast SEO plugin v25.8 - https:\/\/yoast.com\/wordpress\/plugins\/seo\/ -->\n<title>A-Z Multi - Lamberts\u00ae - Reviva<\/title>\n<meta name=\"description\" content=\"A-Z Multi - Lamberts\u00ae on tasapainoinen monivitamiini- ja mineraalitabletti, joka tarjoaa laajan valikoiman t\u00e4rkeit\u00e4 ravintoaineita optimaalisilla tasoilla.\" \/>\n<meta name=\"robots\" content=\"index, follow, max-snippet:-1, max-image-preview:large, max-video-preview:-1\" \/>\n<link rel=\"canonical\" href=\"https:\/\/reviva.fi\/fi\/tuote\/a-z-multi-lamberts\/\" \/>\n<meta property=\"og:locale\" content=\"fi_FI\" \/>\n<meta property=\"og:type\" content=\"article\" \/>\n<meta property=\"og:title\" content=\"A-Z Multi - Lamberts\u00ae - Reviva\" \/>\n<meta property=\"og:description\" content=\"A-Z Multi - Lamberts\u00ae on tasapainoinen monivitamiini- ja mineraalitabletti, joka tarjoaa laajan valikoiman t\u00e4rkeit\u00e4 ravintoaineita optimaalisilla tasoilla.\" \/>\n<meta property=\"og:url\" content=\"https:\/\/reviva.fi\/fi\/tuote\/a-z-multi-lamberts\/\" \/>\n<meta property=\"og:site_name\" content=\"Reviva\" \/>\n<meta property=\"article:modified_time\" content=\"2026-01-21T16:13:48+00:00\" \/>\n<meta property=\"og:image\" content=\"https:\/\/reviva.fi\/wp-content\/uploads\/2025\/03\/8429-A-Z-multi.jpg\" \/>\n\t<meta property=\"og:image:width\" content=\"780\" \/>\n\t<meta property=\"og:image:height\" content=\"780\" \/>\n\t<meta property=\"og:image:type\" content=\"image\/jpeg\" \/>\n<meta name=\"twitter:card\" content=\"summary_large_image\" \/>\n<script type=\"application\/ld+json\" class=\"yoast-schema-graph\">{\"@context\":\"https:\/\/schema.org\",\"@graph\":[{\"@type\":\"WebPage\",\"@id\":\"https:\/\/reviva.fi\/fi\/tuote\/a-z-multi-lamberts\/\",\"url\":\"https:\/\/reviva.fi\/fi\/tuote\/a-z-multi-lamberts\/\",\"name\":\"A-Z Multi - Lamberts\u00ae - Reviva\",\"isPartOf\":{\"@id\":\"https:\/\/reviva.fi\/fi\/#website\"},\"primaryImageOfPage\":{\"@id\":\"https:\/\/reviva.fi\/fi\/tuote\/a-z-multi-lamberts\/#primaryimage\"},\"image\":{\"@id\":\"https:\/\/reviva.fi\/fi\/tuote\/a-z-multi-lamberts\/#primaryimage\"},\"thumbnailUrl\":\"https:\/\/reviva.fi\/wp-content\/uploads\/2025\/03\/8429-A-Z-multi.jpg\",\"datePublished\":\"2025-03-03T11:32:28+00:00\",\"dateModified\":\"2026-01-21T16:13:48+00:00\",\"description\":\"A-Z Multi - Lamberts\u00ae on tasapainoinen monivitamiini- ja mineraalitabletti, joka tarjoaa laajan valikoiman t\u00e4rkeit\u00e4 ravintoaineita optimaalisilla tasoilla.\",\"breadcrumb\":{\"@id\":\"https:\/\/reviva.fi\/fi\/tuote\/a-z-multi-lamberts\/#breadcrumb\"},\"inLanguage\":\"fi\",\"potentialAction\":[{\"@type\":\"ReadAction\",\"target\":[\"https:\/\/reviva.fi\/fi\/tuote\/a-z-multi-lamberts\/\"]}]},{\"@type\":\"ImageObject\",\"inLanguage\":\"fi\",\"@id\":\"https:\/\/reviva.fi\/fi\/tuote\/a-z-multi-lamberts\/#primaryimage\",\"url\":\"https:\/\/reviva.fi\/wp-content\/uploads\/2025\/03\/8429-A-Z-multi.jpg\",\"contentUrl\":\"https:\/\/reviva.fi\/wp-content\/uploads\/2025\/03\/8429-A-Z-multi.jpg\",\"width\":780,\"height\":780,\"caption\":\"A-Z Multi - Lamberts\"},{\"@type\":\"BreadcrumbList\",\"@id\":\"https:\/\/reviva.fi\/fi\/tuote\/a-z-multi-lamberts\/#breadcrumb\",\"itemListElement\":[{\"@type\":\"ListItem\",\"position\":1,\"name\":\"Etusivu\",\"item\":\"https:\/\/reviva.fi\/fi\/\"},{\"@type\":\"ListItem\",\"position\":2,\"name\":\"Tuotteet\",\"item\":\"https:\/\/reviva.fi\/produkter\/\"},{\"@type\":\"ListItem\",\"position\":3,\"name\":\"A-Z Multi &#8211; Lamberts\u00ae\"}]},{\"@type\":\"WebSite\",\"@id\":\"https:\/\/reviva.fi\/fi\/#website\",\"url\":\"https:\/\/reviva.fi\/fi\/\",\"name\":\"Reviva\",\"description\":\"\",\"publisher\":{\"@id\":\"https:\/\/reviva.fi\/fi\/#organization\"},\"potentialAction\":[{\"@type\":\"SearchAction\",\"target\":{\"@type\":\"EntryPoint\",\"urlTemplate\":\"https:\/\/reviva.fi\/fi\/?s={search_term_string}\"},\"query-input\":{\"@type\":\"PropertyValueSpecification\",\"valueRequired\":true,\"valueName\":\"search_term_string\"}}],\"inLanguage\":\"fi\"},{\"@type\":\"Organization\",\"@id\":\"https:\/\/reviva.fi\/fi\/#organization\",\"name\":\"Reviva\",\"url\":\"https:\/\/reviva.fi\/fi\/\",\"logo\":{\"@type\":\"ImageObject\",\"inLanguage\":\"fi\",\"@id\":\"https:\/\/reviva.fi\/fi\/#\/schema\/logo\/image\/\",\"url\":\"https:\/\/reviva.fi\/wp-content\/uploads\/2023\/10\/reviva-logo2.svg\",\"contentUrl\":\"https:\/\/reviva.fi\/wp-content\/uploads\/2023\/10\/reviva-logo2.svg\",\"caption\":\"Reviva\"},\"image\":{\"@id\":\"https:\/\/reviva.fi\/fi\/#\/schema\/logo\/image\/\"}}]}<\/script>\n<meta property=\"product:price:amount\" content=\"14.90\" \/>\n<meta property=\"product:price:currency\" content=\"EUR\" \/>\n<meta property=\"og:availability\" content=\"instock\" \/>\n<meta property=\"product:availability\" content=\"instock\" \/>\n<meta property=\"product:retailer_item_id\" content=\"8429-60\" \/>\n<meta property=\"product:condition\" content=\"new\" \/>\n<!-- \/ Yoast SEO plugin. -->","yoast_head_json":{"title":"A-Z Multi - Lamberts\u00ae - Reviva","description":"A-Z Multi - Lamberts\u00ae on tasapainoinen monivitamiini- ja mineraalitabletti, joka tarjoaa laajan valikoiman t\u00e4rkeit\u00e4 ravintoaineita optimaalisilla tasoilla.","robots":{"index":"index","follow":"follow","max-snippet":"max-snippet:-1","max-image-preview":"max-image-preview:large","max-video-preview":"max-video-preview:-1"},"canonical":"https:\/\/reviva.fi\/fi\/tuote\/a-z-multi-lamberts\/","og_locale":"fi_FI","og_type":"article","og_title":"A-Z Multi - Lamberts\u00ae - Reviva","og_description":"A-Z Multi - Lamberts\u00ae on tasapainoinen monivitamiini- ja mineraalitabletti, joka tarjoaa laajan valikoiman t\u00e4rkeit\u00e4 ravintoaineita optimaalisilla tasoilla.","og_url":"https:\/\/reviva.fi\/fi\/tuote\/a-z-multi-lamberts\/","og_site_name":"Reviva","article_modified_time":"2026-01-21T16:13:48+00:00","og_image":[{"width":780,"height":780,"url":"https:\/\/reviva.fi\/wp-content\/uploads\/2025\/03\/8429-A-Z-multi.jpg","type":"image\/jpeg"}],"twitter_card":"summary_large_image","schema":{"@context":"https:\/\/schema.org","@graph":[{"@type":"WebPage","@id":"https:\/\/reviva.fi\/fi\/tuote\/a-z-multi-lamberts\/","url":"https:\/\/reviva.fi\/fi\/tuote\/a-z-multi-lamberts\/","name":"A-Z Multi - Lamberts\u00ae - Reviva","isPartOf":{"@id":"https:\/\/reviva.fi\/fi\/#website"},"primaryImageOfPage":{"@id":"https:\/\/reviva.fi\/fi\/tuote\/a-z-multi-lamberts\/#primaryimage"},"image":{"@id":"https:\/\/reviva.fi\/fi\/tuote\/a-z-multi-lamberts\/#primaryimage"},"thumbnailUrl":"https:\/\/reviva.fi\/wp-content\/uploads\/2025\/03\/8429-A-Z-multi.jpg","datePublished":"2025-03-03T11:32:28+00:00","dateModified":"2026-01-21T16:13:48+00:00","description":"A-Z Multi - Lamberts\u00ae on tasapainoinen monivitamiini- ja mineraalitabletti, joka tarjoaa laajan valikoiman t\u00e4rkeit\u00e4 ravintoaineita optimaalisilla tasoilla.","breadcrumb":{"@id":"https:\/\/reviva.fi\/fi\/tuote\/a-z-multi-lamberts\/#breadcrumb"},"inLanguage":"fi","potentialAction":[{"@type":"ReadAction","target":["https:\/\/reviva.fi\/fi\/tuote\/a-z-multi-lamberts\/"]}]},{"@type":"ImageObject","inLanguage":"fi","@id":"https:\/\/reviva.fi\/fi\/tuote\/a-z-multi-lamberts\/#primaryimage","url":"https:\/\/reviva.fi\/wp-content\/uploads\/2025\/03\/8429-A-Z-multi.jpg","contentUrl":"https:\/\/reviva.fi\/wp-content\/uploads\/2025\/03\/8429-A-Z-multi.jpg","width":780,"height":780,"caption":"A-Z Multi - Lamberts"},{"@type":"BreadcrumbList","@id":"https:\/\/reviva.fi\/fi\/tuote\/a-z-multi-lamberts\/#breadcrumb","itemListElement":[{"@type":"ListItem","position":1,"name":"Etusivu","item":"https:\/\/reviva.fi\/fi\/"},{"@type":"ListItem","position":2,"name":"Tuotteet","item":"https:\/\/reviva.fi\/produkter\/"},{"@type":"ListItem","position":3,"name":"A-Z Multi &#8211; Lamberts\u00ae"}]},{"@type":"WebSite","@id":"https:\/\/reviva.fi\/fi\/#website","url":"https:\/\/reviva.fi\/fi\/","name":"Reviva","description":"","publisher":{"@id":"https:\/\/reviva.fi\/fi\/#organization"},"potentialAction":[{"@type":"SearchAction","target":{"@type":"EntryPoint","urlTemplate":"https:\/\/reviva.fi\/fi\/?s={search_term_string}"},"query-input":{"@type":"PropertyValueSpecification","valueRequired":true,"valueName":"search_term_string"}}],"inLanguage":"fi"},{"@type":"Organization","@id":"https:\/\/reviva.fi\/fi\/#organization","name":"Reviva","url":"https:\/\/reviva.fi\/fi\/","logo":{"@type":"ImageObject","inLanguage":"fi","@id":"https:\/\/reviva.fi\/fi\/#\/schema\/logo\/image\/","url":"https:\/\/reviva.fi\/wp-content\/uploads\/2023\/10\/reviva-logo2.svg","contentUrl":"https:\/\/reviva.fi\/wp-content\/uploads\/2023\/10\/reviva-logo2.svg","caption":"Reviva"},"image":{"@id":"https:\/\/reviva.fi\/fi\/#\/schema\/logo\/image\/"}}]},"product_price_amount":"14.90","product_price_currency":"EUR","og_availability":"instock","product_availability":"instock","product_retailer_item_id":"8429-60","product_condition":"new"},"taxonomy_info":{"product_cat":[{"value":96,"label":"Vitamiinit"},{"value":5961,"label":"Multi-vitamiini"},{"value":93,"label":"Mineraalit"},{"value":5972,"label":"Mono-mineraali"},{"value":5978,"label":"Multi tuotteet"},{"value":2444,"label":"Lamberts"}],"product_tag":[{"value":412,"label":"antioksidantti"},{"value":4500,"label":"B-Vitamiini Kompleksi"},{"value":521,"label":"d vitamiini"},{"value":5600,"label":"Daglig anv\u00e4ndning"},{"value":1235,"label":"energia"},{"value":5601,"label":"F\u00f6r alla \u00e5ldrar."},{"value":5602,"label":"F\u00f6rb\u00e4ttrad h\u00e4lsa"},{"value":5603,"label":"F\u00f6rb\u00e4ttrad v\u00e4lm\u00e5ende"},{"value":5604,"label":"Grundl\u00e4ggande n\u00e4ring"},{"value":3519,"label":"H\u00e5rh\u00e4lsa"},{"value":3385,"label":"Hudh\u00e4lsa"},{"value":444,"label":"immuunij\u00e4rjestelm\u00e4"},{"value":476,"label":"lis\u00e4ravinne"},{"value":4432,"label":"Luuston terveytt\u00e4"},{"value":3363,"label":"Mental h\u00e4lsa"},{"value":2916,"label":"Mineraalit"},{"value":496,"label":"multivitamiini"},{"value":4419,"label":"Syd\u00e4nterveytt\u00e4"},{"value":3180,"label":"Vitamiini A"},{"value":2959,"label":"Vitamiini C"},{"value":2960,"label":"Vitamiini E"},{"value":3198,"label":"Vitamiini K"}]},"featured_image_src_large":["https:\/\/reviva.fi\/wp-content\/uploads\/2025\/03\/8429-A-Z-multi.jpg",780,780,false],"author_info":[],"comment_info":0,"_links":{"self":[{"href":"https:\/\/reviva.fi\/fi\/wp-json\/wp\/v2\/product\/11363","targetHints":{"allow":["GET"]}}],"collection":[{"href":"https:\/\/reviva.fi\/fi\/wp-json\/wp\/v2\/product"}],"about":[{"href":"https:\/\/reviva.fi\/fi\/wp-json\/wp\/v2\/types\/product"}],"replies":[{"embeddable":true,"href":"https:\/\/reviva.fi\/fi\/wp-json\/wp\/v2\/comments?post=11363"}],"wp:featuredmedia":[{"embeddable":true,"href":"https:\/\/reviva.fi\/fi\/wp-json\/wp\/v2\/media\/11186"}],"wp:attachment":[{"href":"https:\/\/reviva.fi\/fi\/wp-json\/wp\/v2\/media?parent=11363"}],"wp:term":[{"taxonomy":"product_brand","embeddable":true,"href":"https:\/\/reviva.fi\/fi\/wp-json\/wp\/v2\/product_brand?post=11363"},{"taxonomy":"product_cat","embeddable":true,"href":"https:\/\/reviva.fi\/fi\/wp-json\/wp\/v2\/product_cat?post=11363"},{"taxonomy":"product_tag","embeddable":true,"href":"https:\/\/reviva.fi\/fi\/wp-json\/wp\/v2\/product_tag?post=11363"}],"curies":[{"name":"wp","href":"https:\/\/api.w.org\/{rel}","templated":true}]}}