{"id":11367,"date":"2025-03-03T13:29:38","date_gmt":"2025-03-03T11:29:38","guid":{"rendered":"https:\/\/reviva.fi\/product\/acidophilus-extra-10-billion-lamberts\/"},"modified":"2025-03-05T11:04:04","modified_gmt":"2025-03-05T09:04:04","slug":"acidophilus-extra-10-billion-lamberts","status":"publish","type":"product","link":"https:\/\/reviva.fi\/fi\/tuote\/acidophilus-extra-10-billion-lamberts\/","title":{"rendered":"Acidophilus Extra 10 Miljardia &#8211; Lamberts"},"content":{"rendered":"<p><strong>Acidophilus Extra 10 Miljardia &#8211; Lamberts<\/strong><\/p>\n<p data-start=\"0\" data-end=\"372\">Lamberts\u00ae Acidophilus Extra 10 sis\u00e4lt\u00e4\u00e4 10 miljardia hy\u00f6dyllisi\u00e4 bakteereja. K\u00e4yt\u00e4mme edullisia bakteerikantoja, kuten <em data-start=\"119\" data-end=\"146\">Lactobacillus acidophilus<\/em> ja <em data-start=\"150\" data-end=\"167\">Bifidobacterium<\/em>. Lamberts\u00ae oli yksi ensimm\u00e4isist\u00e4 yrityksist\u00e4 Isossa-Britanniassa, joka valmisti el\u00e4vi\u00e4 bakteereja sis\u00e4lt\u00e4vi\u00e4 kapseleita (yli 30 vuotta sitten), ja olemme kehitt\u00e4neet suuren asiantuntemuksen t\u00e4ll\u00e4 alalla.<\/p>\n<p data-start=\"374\" data-end=\"885\" data-is-only-node=\"\" data-is-last-node=\"\">Varmistaaksemme todistetun kohdennetun vapautumisen hapelle herkist\u00e4 ainesosista, kuten el\u00e4ville bakteereille, olemme: \u2714 K\u00e4ytt\u00e4neet erityisesti kehitettyj\u00e4 kapselityyppej\u00e4, joissa on viiv\u00e4stetty vapautuminen. \u2714 Integroineet ainutlaatuisen kosteuden imeytymisen est\u00e4v\u00e4n aineen purkin sein\u00e4\u00e4n. \u2714 S\u00e4ilytt\u00e4neet tuotteen kylm\u00e4ss\u00e4 ymp\u00e4rist\u00f6ss\u00e4 toimitukseen saakka. \u2714 K\u00e4ytt\u00e4neet kasvipohjaisia selluloosakapseleita, joiden kosteuspitoisuus on kolme kertaa alhaisempi kuin tavallisilla gelatiinipohjaisilla kapseleilla.<\/p>\n","protected":false},"excerpt":{"rendered":"<ul>\n<li>Yksi Iso-Britannian vahvimmista tuotteista, jotka sis\u00e4lt\u00e4v\u00e4t el\u00e4vi\u00e4 bakteereja.<\/li>\n<li>Jokainen kapseli sis\u00e4lt\u00e4\u00e4 10 miljardia el\u00e4vi\u00e4 bakteereja (tuotannon hetkell\u00e4).<\/li>\n<li>Toimitetaan erikoispakkauksessa, joka s\u00e4ilytt\u00e4\u00e4 tuotteen tehon.<\/li>\n<li>Suojattu mahassa esiintyvilt\u00e4 voimakkaasti hapoilta.<\/li>\n<li>Voidaan k\u00e4ytt\u00e4\u00e4 henkil\u00f6ill\u00e4, jotka ottavat antibiootteja, matkustavat ulkomaille, ovat vanhempia tai noudattavat sokeri- tai hiivavapaata ruokavaliota.<\/li>\n<\/ul>\n<p><strong>60 kapselia<\/strong><\/p>\n","protected":false},"featured_media":12420,"comment_status":"closed","ping_status":"closed","template":"","meta":{"_acf_changed":false,"inline_featured_image":false,"_kad_blocks_custom_css":"","_kad_blocks_head_custom_js":"","_kad_blocks_body_custom_js":"","_kad_blocks_footer_custom_js":"","_kadence_starter_templates_imported_post":false,"_kad_post_transparent":"default","_kad_post_title":"","_kad_post_layout":"default","_kad_post_sidebar_id":"","_kad_post_content_style":"default","_kad_post_vertical_padding":"default","_kad_post_feature":"","_kad_post_feature_position":"","_kad_post_header":false,"_kad_post_footer":false},"product_brand":[],"product_cat":[5976,2444,2387,2357],"product_tag":[5605,5606,5607,5608,5601,5609,5610,5611,5612,5613,444,4532,476,5614,5615,4447,4677,5616,4715],"class_list":{"0":"post-11367","1":"product","2":"type-product","3":"status-publish","4":"has-post-thumbnail","6":"product_cat-mjolksyrebakterier-fi","7":"product_cat-lamberts-fi","8":"product_cat-mage-och-tarm-fi","9":"product_cat-immunforsvar-fi","10":"product_tag-10-miljarder-fi","11":"product_tag-acidophilus-fi","12":"product_tag-bakteriell-balans-fi","13":"product_tag-extra-styrka-fi","14":"product_tag-for-alla-aldrar-fi","15":"product_tag-for-att-stodja-matsmaltning-fi","16":"product_tag-for-kanslig-mage-fi","17":"product_tag-forbattrad-immunfunktion-fi","18":"product_tag-forbattrad-tarmhalsa-fi","19":"product_tag-halsosam-matsmaltning-fi","20":"product_tag-immuunijarjestelma","21":"product_tag-lamberts-fi","22":"product_tag-lisaravinne","23":"product_tag-magbesvar-fi","24":"product_tag-naturliga-bakterier-fi","25":"product_tag-probioottinen","26":"product_tag-suolistofloora","27":"product_tag-tarmflorastod-fi","28":"product_tag-vatsan-terveytta","30":"first","31":"instock","32":"taxable","33":"shipping-taxable","34":"purchasable","35":"product-type-variable","36":"entry","37":"content-bg","38":"loop-entry"},"acf":[],"yoast_head":"<!-- This site is optimized with the Yoast SEO plugin v25.8 - https:\/\/yoast.com\/wordpress\/plugins\/seo\/ -->\n<title>Acidophilus Extra 10 Miljardia - Lamberts - Reviva<\/title>\n<meta name=\"description\" content=\"Acidophilus Extra 10 Miljardia - Lamberts Sis\u00e4lt\u00e4\u00e4 voimakkaan yhdistelm\u00e4n hy\u00f6dyllisi\u00e4 bakteereja Lactobacillus ja Bifidobacterium -kannoista.\" \/>\n<meta name=\"robots\" content=\"index, follow, max-snippet:-1, max-image-preview:large, max-video-preview:-1\" \/>\n<link rel=\"canonical\" href=\"https:\/\/reviva.fi\/fi\/tuote\/acidophilus-extra-10-billion-lamberts\/\" \/>\n<meta property=\"og:locale\" content=\"fi_FI\" \/>\n<meta property=\"og:type\" content=\"article\" \/>\n<meta property=\"og:title\" content=\"Acidophilus Extra 10 Miljardia - Lamberts - Reviva\" \/>\n<meta property=\"og:description\" content=\"Acidophilus Extra 10 Miljardia - Lamberts Sis\u00e4lt\u00e4\u00e4 voimakkaan yhdistelm\u00e4n hy\u00f6dyllisi\u00e4 bakteereja Lactobacillus ja Bifidobacterium -kannoista.\" \/>\n<meta property=\"og:url\" content=\"https:\/\/reviva.fi\/fi\/tuote\/acidophilus-extra-10-billion-lamberts\/\" \/>\n<meta property=\"og:site_name\" content=\"Reviva\" \/>\n<meta property=\"article:modified_time\" content=\"2025-03-05T09:04:04+00:00\" \/>\n<meta property=\"og:image\" content=\"https:\/\/reviva.fi\/wp-content\/uploads\/2025\/03\/8418-acidophilus-extra-10.jpg\" \/>\n\t<meta property=\"og:image:width\" content=\"780\" \/>\n\t<meta property=\"og:image:height\" content=\"780\" \/>\n\t<meta property=\"og:image:type\" content=\"image\/jpeg\" \/>\n<meta name=\"twitter:card\" content=\"summary_large_image\" \/>\n<script type=\"application\/ld+json\" class=\"yoast-schema-graph\">{\"@context\":\"https:\/\/schema.org\",\"@graph\":[{\"@type\":\"WebPage\",\"@id\":\"https:\/\/reviva.fi\/fi\/tuote\/acidophilus-extra-10-billion-lamberts\/\",\"url\":\"https:\/\/reviva.fi\/fi\/tuote\/acidophilus-extra-10-billion-lamberts\/\",\"name\":\"Acidophilus Extra 10 Miljardia - Lamberts - Reviva\",\"isPartOf\":{\"@id\":\"https:\/\/reviva.fi\/fi\/#website\"},\"primaryImageOfPage\":{\"@id\":\"https:\/\/reviva.fi\/fi\/tuote\/acidophilus-extra-10-billion-lamberts\/#primaryimage\"},\"image\":{\"@id\":\"https:\/\/reviva.fi\/fi\/tuote\/acidophilus-extra-10-billion-lamberts\/#primaryimage\"},\"thumbnailUrl\":\"https:\/\/reviva.fi\/wp-content\/uploads\/2025\/03\/8712-60-Biome-Balance-Everyday-Photoroom.png\",\"datePublished\":\"2025-03-03T11:29:38+00:00\",\"dateModified\":\"2025-03-05T09:04:04+00:00\",\"description\":\"Acidophilus Extra 10 Miljardia - Lamberts Sis\u00e4lt\u00e4\u00e4 voimakkaan yhdistelm\u00e4n hy\u00f6dyllisi\u00e4 bakteereja Lactobacillus ja Bifidobacterium -kannoista.\",\"breadcrumb\":{\"@id\":\"https:\/\/reviva.fi\/fi\/tuote\/acidophilus-extra-10-billion-lamberts\/#breadcrumb\"},\"inLanguage\":\"fi\",\"potentialAction\":[{\"@type\":\"ReadAction\",\"target\":[\"https:\/\/reviva.fi\/fi\/tuote\/acidophilus-extra-10-billion-lamberts\/\"]}]},{\"@type\":\"ImageObject\",\"inLanguage\":\"fi\",\"@id\":\"https:\/\/reviva.fi\/fi\/tuote\/acidophilus-extra-10-billion-lamberts\/#primaryimage\",\"url\":\"https:\/\/reviva.fi\/wp-content\/uploads\/2025\/03\/8712-60-Biome-Balance-Everyday-Photoroom.png\",\"contentUrl\":\"https:\/\/reviva.fi\/wp-content\/uploads\/2025\/03\/8712-60-Biome-Balance-Everyday-Photoroom.png\",\"width\":2000,\"height\":2000,\"caption\":\"Biome Balance Everyday - Lamberts\"},{\"@type\":\"BreadcrumbList\",\"@id\":\"https:\/\/reviva.fi\/fi\/tuote\/acidophilus-extra-10-billion-lamberts\/#breadcrumb\",\"itemListElement\":[{\"@type\":\"ListItem\",\"position\":1,\"name\":\"Etusivu\",\"item\":\"https:\/\/reviva.fi\/fi\/\"},{\"@type\":\"ListItem\",\"position\":2,\"name\":\"Tuotteet\",\"item\":\"https:\/\/reviva.fi\/produkter\/\"},{\"@type\":\"ListItem\",\"position\":3,\"name\":\"Acidophilus Extra 10 Miljardia &#8211; Lamberts\"}]},{\"@type\":\"WebSite\",\"@id\":\"https:\/\/reviva.fi\/fi\/#website\",\"url\":\"https:\/\/reviva.fi\/fi\/\",\"name\":\"Reviva\",\"description\":\"\",\"publisher\":{\"@id\":\"https:\/\/reviva.fi\/fi\/#organization\"},\"potentialAction\":[{\"@type\":\"SearchAction\",\"target\":{\"@type\":\"EntryPoint\",\"urlTemplate\":\"https:\/\/reviva.fi\/fi\/?s={search_term_string}\"},\"query-input\":{\"@type\":\"PropertyValueSpecification\",\"valueRequired\":true,\"valueName\":\"search_term_string\"}}],\"inLanguage\":\"fi\"},{\"@type\":\"Organization\",\"@id\":\"https:\/\/reviva.fi\/fi\/#organization\",\"name\":\"Reviva\",\"url\":\"https:\/\/reviva.fi\/fi\/\",\"logo\":{\"@type\":\"ImageObject\",\"inLanguage\":\"fi\",\"@id\":\"https:\/\/reviva.fi\/fi\/#\/schema\/logo\/image\/\",\"url\":\"https:\/\/reviva.fi\/wp-content\/uploads\/2023\/10\/reviva-logo2.svg\",\"contentUrl\":\"https:\/\/reviva.fi\/wp-content\/uploads\/2023\/10\/reviva-logo2.svg\",\"caption\":\"Reviva\"},\"image\":{\"@id\":\"https:\/\/reviva.fi\/fi\/#\/schema\/logo\/image\/\"}}]}<\/script>\n<meta property=\"og:availability\" content=\"instock\" \/>\n<meta property=\"product:availability\" content=\"instock\" \/>\n<meta property=\"product:retailer_item_id\" content=\"8712-60\" \/>\n<meta property=\"product:condition\" content=\"new\" \/>\n<!-- \/ Yoast SEO plugin. -->","yoast_head_json":{"title":"Acidophilus Extra 10 Miljardia - Lamberts - Reviva","description":"Acidophilus Extra 10 Miljardia - Lamberts Sis\u00e4lt\u00e4\u00e4 voimakkaan yhdistelm\u00e4n hy\u00f6dyllisi\u00e4 bakteereja Lactobacillus ja Bifidobacterium -kannoista.","robots":{"index":"index","follow":"follow","max-snippet":"max-snippet:-1","max-image-preview":"max-image-preview:large","max-video-preview":"max-video-preview:-1"},"canonical":"https:\/\/reviva.fi\/fi\/tuote\/acidophilus-extra-10-billion-lamberts\/","og_locale":"fi_FI","og_type":"article","og_title":"Acidophilus Extra 10 Miljardia - Lamberts - Reviva","og_description":"Acidophilus Extra 10 Miljardia - Lamberts Sis\u00e4lt\u00e4\u00e4 voimakkaan yhdistelm\u00e4n hy\u00f6dyllisi\u00e4 bakteereja Lactobacillus ja Bifidobacterium -kannoista.","og_url":"https:\/\/reviva.fi\/fi\/tuote\/acidophilus-extra-10-billion-lamberts\/","og_site_name":"Reviva","article_modified_time":"2025-03-05T09:04:04+00:00","og_image":[{"width":780,"height":780,"url":"https:\/\/reviva.fi\/wp-content\/uploads\/2025\/03\/8418-acidophilus-extra-10.jpg","type":"image\/jpeg"}],"twitter_card":"summary_large_image","schema":{"@context":"https:\/\/schema.org","@graph":[{"@type":"WebPage","@id":"https:\/\/reviva.fi\/fi\/tuote\/acidophilus-extra-10-billion-lamberts\/","url":"https:\/\/reviva.fi\/fi\/tuote\/acidophilus-extra-10-billion-lamberts\/","name":"Acidophilus Extra 10 Miljardia - Lamberts - Reviva","isPartOf":{"@id":"https:\/\/reviva.fi\/fi\/#website"},"primaryImageOfPage":{"@id":"https:\/\/reviva.fi\/fi\/tuote\/acidophilus-extra-10-billion-lamberts\/#primaryimage"},"image":{"@id":"https:\/\/reviva.fi\/fi\/tuote\/acidophilus-extra-10-billion-lamberts\/#primaryimage"},"thumbnailUrl":"https:\/\/reviva.fi\/wp-content\/uploads\/2025\/03\/8712-60-Biome-Balance-Everyday-Photoroom.png","datePublished":"2025-03-03T11:29:38+00:00","dateModified":"2025-03-05T09:04:04+00:00","description":"Acidophilus Extra 10 Miljardia - Lamberts Sis\u00e4lt\u00e4\u00e4 voimakkaan yhdistelm\u00e4n hy\u00f6dyllisi\u00e4 bakteereja Lactobacillus ja Bifidobacterium -kannoista.","breadcrumb":{"@id":"https:\/\/reviva.fi\/fi\/tuote\/acidophilus-extra-10-billion-lamberts\/#breadcrumb"},"inLanguage":"fi","potentialAction":[{"@type":"ReadAction","target":["https:\/\/reviva.fi\/fi\/tuote\/acidophilus-extra-10-billion-lamberts\/"]}]},{"@type":"ImageObject","inLanguage":"fi","@id":"https:\/\/reviva.fi\/fi\/tuote\/acidophilus-extra-10-billion-lamberts\/#primaryimage","url":"https:\/\/reviva.fi\/wp-content\/uploads\/2025\/03\/8712-60-Biome-Balance-Everyday-Photoroom.png","contentUrl":"https:\/\/reviva.fi\/wp-content\/uploads\/2025\/03\/8712-60-Biome-Balance-Everyday-Photoroom.png","width":2000,"height":2000,"caption":"Biome Balance Everyday - Lamberts"},{"@type":"BreadcrumbList","@id":"https:\/\/reviva.fi\/fi\/tuote\/acidophilus-extra-10-billion-lamberts\/#breadcrumb","itemListElement":[{"@type":"ListItem","position":1,"name":"Etusivu","item":"https:\/\/reviva.fi\/fi\/"},{"@type":"ListItem","position":2,"name":"Tuotteet","item":"https:\/\/reviva.fi\/produkter\/"},{"@type":"ListItem","position":3,"name":"Acidophilus Extra 10 Miljardia &#8211; Lamberts"}]},{"@type":"WebSite","@id":"https:\/\/reviva.fi\/fi\/#website","url":"https:\/\/reviva.fi\/fi\/","name":"Reviva","description":"","publisher":{"@id":"https:\/\/reviva.fi\/fi\/#organization"},"potentialAction":[{"@type":"SearchAction","target":{"@type":"EntryPoint","urlTemplate":"https:\/\/reviva.fi\/fi\/?s={search_term_string}"},"query-input":{"@type":"PropertyValueSpecification","valueRequired":true,"valueName":"search_term_string"}}],"inLanguage":"fi"},{"@type":"Organization","@id":"https:\/\/reviva.fi\/fi\/#organization","name":"Reviva","url":"https:\/\/reviva.fi\/fi\/","logo":{"@type":"ImageObject","inLanguage":"fi","@id":"https:\/\/reviva.fi\/fi\/#\/schema\/logo\/image\/","url":"https:\/\/reviva.fi\/wp-content\/uploads\/2023\/10\/reviva-logo2.svg","contentUrl":"https:\/\/reviva.fi\/wp-content\/uploads\/2023\/10\/reviva-logo2.svg","caption":"Reviva"},"image":{"@id":"https:\/\/reviva.fi\/fi\/#\/schema\/logo\/image\/"}}]},"og_availability":"instock","product_availability":"instock","product_retailer_item_id":"8712-60","product_condition":"new"},"taxonomy_info":{"product_cat":[{"value":5976,"label":"Maitohappobakteerit"},{"value":2444,"label":"Lamberts"},{"value":2387,"label":"Maha &amp; Suolisto"},{"value":2357,"label":"Immuunipuolustus"}],"product_tag":[{"value":5605,"label":"10 miljarder"},{"value":5606,"label":"Acidophilus"},{"value":5607,"label":"Bakteriell balans"},{"value":5608,"label":"Extra styrka"},{"value":5601,"label":"F\u00f6r alla \u00e5ldrar."},{"value":5609,"label":"F\u00f6r att st\u00f6dja matsm\u00e4ltning"},{"value":5610,"label":"F\u00f6r k\u00e4nslig mage"},{"value":5611,"label":"F\u00f6rb\u00e4ttrad immunfunktion"},{"value":5612,"label":"F\u00f6rb\u00e4ttrad tarmh\u00e4lsa"},{"value":5613,"label":"h\u00e4lsosam matsm\u00e4ltning"},{"value":444,"label":"immuunij\u00e4rjestelm\u00e4"},{"value":4532,"label":"Lamberts"},{"value":476,"label":"lis\u00e4ravinne"},{"value":5614,"label":"magbesv\u00e4r"},{"value":5615,"label":"Naturliga bakterier"},{"value":4447,"label":"Probioottinen"},{"value":4677,"label":"suolistofloora"},{"value":5616,"label":"Tarmflorast\u00f6d"},{"value":4715,"label":"vatsan terveytt\u00e4"}]},"featured_image_src_large":["https:\/\/reviva.fi\/wp-content\/uploads\/2025\/03\/8712-60-Biome-Balance-Everyday-Photoroom-1024x1024.png",1024,1024,true],"author_info":[],"comment_info":0,"_links":{"self":[{"href":"https:\/\/reviva.fi\/fi\/wp-json\/wp\/v2\/product\/11367","targetHints":{"allow":["GET"]}}],"collection":[{"href":"https:\/\/reviva.fi\/fi\/wp-json\/wp\/v2\/product"}],"about":[{"href":"https:\/\/reviva.fi\/fi\/wp-json\/wp\/v2\/types\/product"}],"replies":[{"embeddable":true,"href":"https:\/\/reviva.fi\/fi\/wp-json\/wp\/v2\/comments?post=11367"}],"wp:featuredmedia":[{"embeddable":true,"href":"https:\/\/reviva.fi\/fi\/wp-json\/wp\/v2\/media\/12420"}],"wp:attachment":[{"href":"https:\/\/reviva.fi\/fi\/wp-json\/wp\/v2\/media?parent=11367"}],"wp:term":[{"taxonomy":"product_brand","embeddable":true,"href":"https:\/\/reviva.fi\/fi\/wp-json\/wp\/v2\/product_brand?post=11367"},{"taxonomy":"product_cat","embeddable":true,"href":"https:\/\/reviva.fi\/fi\/wp-json\/wp\/v2\/product_cat?post=11367"},{"taxonomy":"product_tag","embeddable":true,"href":"https:\/\/reviva.fi\/fi\/wp-json\/wp\/v2\/product_tag?post=11367"}],"curies":[{"name":"wp","href":"https:\/\/api.w.org\/{rel}","templated":true}]}}