{"id":11370,"date":"2025-03-03T13:22:28","date_gmt":"2025-03-03T11:22:28","guid":{"rendered":"https:\/\/reviva.fi\/product\/lactase-enzyme-9000-fcc-lamberts\/"},"modified":"2025-03-05T11:11:05","modified_gmt":"2025-03-05T09:11:05","slug":"lactase-enzyme-9000-fcc-lamberts","status":"publish","type":"product","link":"https:\/\/reviva.fi\/fi\/tuote\/lactase-enzyme-9000-fcc-lamberts\/","title":{"rendered":"Laktaasi-entsyymi 9000 FCC &#8211; Lamberts"},"content":{"rendered":"<p><strong>Laktaasi-entsyymi 9000 FCC &#8211; Lamberts<\/strong><\/p>\n<p data-start=\"0\" data-end=\"376\">Laktaasi on ruoansulatusentsyymi, joka on tarpeen maitosokerin (laktoosin) hajottamiseen. Laktaasia tulisi tuottaa ohutsuolessa, mutta jos tuotanto on matala tai olematon, sulamaton laktoosi kulkeutuu paksusuoleen, jossa se fermentoitui. T\u00e4m\u00e4 johtaa vetykaasun, hiilidioksidin ja orgaanisten happojen muodostumiseen, mik\u00e4 usein aiheuttaa vatsakouristuksia, kaasuja ja ripulia.<\/p>\n<p data-start=\"378\" data-end=\"834\" data-is-last-node=\"\" data-is-only-node=\"\">Laktoosivarpaisu ei ole hengenvaarallinen, mutta se voi aiheuttaa merkitt\u00e4v\u00e4\u00e4 ep\u00e4mukavuutta. Maitopohjaisten tuotteiden t\u00e4ydellinen poistaminen ruokavaliosta on yksi ratkaisu, mutta se voi olla ep\u00e4k\u00e4yt\u00e4nn\u00f6llist\u00e4 ja johtaa eritt\u00e4in rajoitettuun ruokavalioon. Lamberts\u00ae Super Strength Lactase Complex vastaa 9000 FCC (Food Chemical Codex)* -yksikk\u00f6\u00e4, mik\u00e4 tekee siit\u00e4 yhden markkinoiden vahvimmista ja edullisimmista tuotteista ilman, ett\u00e4 laatuun tingit\u00e4\u00e4n.<\/p>\n","protected":false},"excerpt":{"rendered":"<ul>\n<li>Yksi markkinoiden vahvimmista ja edullisimmista laktoosituotteista.<\/li>\n<li>Lamberts\u00ae Super Strength Lactase Complex vastaa 9000 FCC (Food Chemical Codex)*.<\/li>\n<li>Pieni, helposti nielt\u00e4v\u00e4 tabletti.<\/li>\n<li>T\u00e4t\u00e4 tuotetta voidaan k\u00e4ytt\u00e4\u00e4 pitk\u00e4aikaisesti laktoosiallergian oireiden lievitt\u00e4miseen.<\/li>\n<\/ul>\n<p><strong>60 tablettia<\/strong><\/p>\n","protected":false},"featured_media":11180,"comment_status":"closed","ping_status":"closed","template":"","meta":{"_acf_changed":false,"inline_featured_image":false,"_kad_blocks_custom_css":"","_kad_blocks_head_custom_js":"","_kad_blocks_body_custom_js":"","_kad_blocks_footer_custom_js":"","_kadence_starter_templates_imported_post":false,"_kad_post_transparent":"default","_kad_post_title":"","_kad_post_layout":"default","_kad_post_sidebar_id":"","_kad_post_content_style":"default","_kad_post_vertical_padding":"default","_kad_post_feature":"","_kad_post_feature_position":"","_kad_post_header":false,"_kad_post_footer":false},"product_brand":[],"product_cat":[5977,2444,2387],"product_tag":[4741,5617,5601,5610,5618,5619,5620,5621,5622,5623,4532,476,5614,3093,4450],"class_list":{"0":"post-11370","1":"product","2":"type-product","3":"status-publish","4":"has-post-thumbnail","6":"product_cat-matsmaltningsenzymer-fi","7":"product_cat-lamberts-fi","8":"product_cat-mage-och-tarm-fi","9":"product_tag-entsyymiaktiivisuus","10":"product_tag-enzymtillskott-fi","11":"product_tag-for-alla-aldrar-fi","12":"product_tag-for-kanslig-mage-fi","13":"product_tag-forbattrad-matsmaltning-fi","14":"product_tag-halsosamt-matsmaltningssystem-fi","15":"product_tag-laktasenzym-fi","16":"product_tag-laktosfri-kost-fi","17":"product_tag-laktosintolerans-fi","18":"product_tag-laktosnedbrytning-fi","19":"product_tag-lamberts-fi","20":"product_tag-lisaravinne","21":"product_tag-magbesvar-fi","22":"product_tag-ruoansulatus","23":"product_tag-suoliston-terveytta","25":"first","26":"outofstock","27":"taxable","28":"shipping-taxable","29":"purchasable","30":"product-type-simple","31":"entry","32":"content-bg","33":"loop-entry"},"acf":[],"yoast_head":"<!-- This site is optimized with the Yoast SEO plugin v25.8 - https:\/\/yoast.com\/wordpress\/plugins\/seo\/ -->\n<title>Laktaasi-entsyymi 9000 FCC - Lamberts - Reviva<\/title>\n<meta name=\"description\" content=\"Laktaasi-entsyymi 9000 FCC - Lamberts Auttaa hajottamaan laktoosia maitotuotteissa. K\u00e4tev\u00e4 entsyymi ratkaisu paremman ruoansulatuksen tueksi!\" \/>\n<meta name=\"robots\" content=\"index, follow, max-snippet:-1, max-image-preview:large, max-video-preview:-1\" \/>\n<link rel=\"canonical\" href=\"https:\/\/reviva.fi\/fi\/tuote\/lactase-enzyme-9000-fcc-lamberts\/\" \/>\n<meta property=\"og:locale\" content=\"fi_FI\" \/>\n<meta property=\"og:type\" content=\"article\" \/>\n<meta property=\"og:title\" content=\"Laktaasi-entsyymi 9000 FCC - Lamberts - Reviva\" \/>\n<meta property=\"og:description\" content=\"Laktaasi-entsyymi 9000 FCC - Lamberts Auttaa hajottamaan laktoosia maitotuotteissa. K\u00e4tev\u00e4 entsyymi ratkaisu paremman ruoansulatuksen tueksi!\" \/>\n<meta property=\"og:url\" content=\"https:\/\/reviva.fi\/fi\/tuote\/lactase-enzyme-9000-fcc-lamberts\/\" \/>\n<meta property=\"og:site_name\" content=\"Reviva\" \/>\n<meta property=\"article:modified_time\" content=\"2025-03-05T09:11:05+00:00\" \/>\n<meta property=\"og:image\" content=\"https:\/\/reviva.fi\/wp-content\/uploads\/2025\/03\/8412-Lactase-enzyme.jpg\" \/>\n\t<meta property=\"og:image:width\" content=\"780\" \/>\n\t<meta property=\"og:image:height\" content=\"780\" \/>\n\t<meta property=\"og:image:type\" content=\"image\/jpeg\" \/>\n<meta name=\"twitter:card\" content=\"summary_large_image\" \/>\n<script type=\"application\/ld+json\" class=\"yoast-schema-graph\">{\"@context\":\"https:\/\/schema.org\",\"@graph\":[{\"@type\":\"WebPage\",\"@id\":\"https:\/\/reviva.fi\/fi\/tuote\/lactase-enzyme-9000-fcc-lamberts\/\",\"url\":\"https:\/\/reviva.fi\/fi\/tuote\/lactase-enzyme-9000-fcc-lamberts\/\",\"name\":\"Laktaasi-entsyymi 9000 FCC - Lamberts - Reviva\",\"isPartOf\":{\"@id\":\"https:\/\/reviva.fi\/fi\/#website\"},\"primaryImageOfPage\":{\"@id\":\"https:\/\/reviva.fi\/fi\/tuote\/lactase-enzyme-9000-fcc-lamberts\/#primaryimage\"},\"image\":{\"@id\":\"https:\/\/reviva.fi\/fi\/tuote\/lactase-enzyme-9000-fcc-lamberts\/#primaryimage\"},\"thumbnailUrl\":\"https:\/\/reviva.fi\/wp-content\/uploads\/2025\/03\/8412-Lactase-enzyme.jpg\",\"datePublished\":\"2025-03-03T11:22:28+00:00\",\"dateModified\":\"2025-03-05T09:11:05+00:00\",\"description\":\"Laktaasi-entsyymi 9000 FCC - Lamberts Auttaa hajottamaan laktoosia maitotuotteissa. K\u00e4tev\u00e4 entsyymi ratkaisu paremman ruoansulatuksen tueksi!\",\"breadcrumb\":{\"@id\":\"https:\/\/reviva.fi\/fi\/tuote\/lactase-enzyme-9000-fcc-lamberts\/#breadcrumb\"},\"inLanguage\":\"fi\",\"potentialAction\":[{\"@type\":\"ReadAction\",\"target\":[\"https:\/\/reviva.fi\/fi\/tuote\/lactase-enzyme-9000-fcc-lamberts\/\"]}]},{\"@type\":\"ImageObject\",\"inLanguage\":\"fi\",\"@id\":\"https:\/\/reviva.fi\/fi\/tuote\/lactase-enzyme-9000-fcc-lamberts\/#primaryimage\",\"url\":\"https:\/\/reviva.fi\/wp-content\/uploads\/2025\/03\/8412-Lactase-enzyme.jpg\",\"contentUrl\":\"https:\/\/reviva.fi\/wp-content\/uploads\/2025\/03\/8412-Lactase-enzyme.jpg\",\"width\":780,\"height\":780,\"caption\":\"Laktaasi-entsyymi 9000 FCC - Lamberts\"},{\"@type\":\"BreadcrumbList\",\"@id\":\"https:\/\/reviva.fi\/fi\/tuote\/lactase-enzyme-9000-fcc-lamberts\/#breadcrumb\",\"itemListElement\":[{\"@type\":\"ListItem\",\"position\":1,\"name\":\"Etusivu\",\"item\":\"https:\/\/reviva.fi\/fi\/\"},{\"@type\":\"ListItem\",\"position\":2,\"name\":\"Tuotteet\",\"item\":\"https:\/\/reviva.fi\/produkter\/\"},{\"@type\":\"ListItem\",\"position\":3,\"name\":\"Laktaasi-entsyymi 9000 FCC &#8211; Lamberts\"}]},{\"@type\":\"WebSite\",\"@id\":\"https:\/\/reviva.fi\/fi\/#website\",\"url\":\"https:\/\/reviva.fi\/fi\/\",\"name\":\"Reviva\",\"description\":\"\",\"publisher\":{\"@id\":\"https:\/\/reviva.fi\/fi\/#organization\"},\"potentialAction\":[{\"@type\":\"SearchAction\",\"target\":{\"@type\":\"EntryPoint\",\"urlTemplate\":\"https:\/\/reviva.fi\/fi\/?s={search_term_string}\"},\"query-input\":{\"@type\":\"PropertyValueSpecification\",\"valueRequired\":true,\"valueName\":\"search_term_string\"}}],\"inLanguage\":\"fi\"},{\"@type\":\"Organization\",\"@id\":\"https:\/\/reviva.fi\/fi\/#organization\",\"name\":\"Reviva\",\"url\":\"https:\/\/reviva.fi\/fi\/\",\"logo\":{\"@type\":\"ImageObject\",\"inLanguage\":\"fi\",\"@id\":\"https:\/\/reviva.fi\/fi\/#\/schema\/logo\/image\/\",\"url\":\"https:\/\/reviva.fi\/wp-content\/uploads\/2023\/10\/reviva-logo2.svg\",\"contentUrl\":\"https:\/\/reviva.fi\/wp-content\/uploads\/2023\/10\/reviva-logo2.svg\",\"caption\":\"Reviva\"},\"image\":{\"@id\":\"https:\/\/reviva.fi\/fi\/#\/schema\/logo\/image\/\"}}]}<\/script>\n<meta property=\"product:price:amount\" content=\"20.25\" \/>\n<meta property=\"product:price:currency\" content=\"EUR\" \/>\n<meta property=\"og:availability\" content=\"out of stock\" \/>\n<meta property=\"product:availability\" content=\"out of stock\" \/>\n<meta property=\"product:retailer_item_id\" content=\"8412-60\" \/>\n<meta property=\"product:condition\" content=\"new\" \/>\n<!-- \/ Yoast SEO plugin. -->","yoast_head_json":{"title":"Laktaasi-entsyymi 9000 FCC - Lamberts - Reviva","description":"Laktaasi-entsyymi 9000 FCC - Lamberts Auttaa hajottamaan laktoosia maitotuotteissa. K\u00e4tev\u00e4 entsyymi ratkaisu paremman ruoansulatuksen tueksi!","robots":{"index":"index","follow":"follow","max-snippet":"max-snippet:-1","max-image-preview":"max-image-preview:large","max-video-preview":"max-video-preview:-1"},"canonical":"https:\/\/reviva.fi\/fi\/tuote\/lactase-enzyme-9000-fcc-lamberts\/","og_locale":"fi_FI","og_type":"article","og_title":"Laktaasi-entsyymi 9000 FCC - Lamberts - Reviva","og_description":"Laktaasi-entsyymi 9000 FCC - Lamberts Auttaa hajottamaan laktoosia maitotuotteissa. K\u00e4tev\u00e4 entsyymi ratkaisu paremman ruoansulatuksen tueksi!","og_url":"https:\/\/reviva.fi\/fi\/tuote\/lactase-enzyme-9000-fcc-lamberts\/","og_site_name":"Reviva","article_modified_time":"2025-03-05T09:11:05+00:00","og_image":[{"width":780,"height":780,"url":"https:\/\/reviva.fi\/wp-content\/uploads\/2025\/03\/8412-Lactase-enzyme.jpg","type":"image\/jpeg"}],"twitter_card":"summary_large_image","schema":{"@context":"https:\/\/schema.org","@graph":[{"@type":"WebPage","@id":"https:\/\/reviva.fi\/fi\/tuote\/lactase-enzyme-9000-fcc-lamberts\/","url":"https:\/\/reviva.fi\/fi\/tuote\/lactase-enzyme-9000-fcc-lamberts\/","name":"Laktaasi-entsyymi 9000 FCC - Lamberts - Reviva","isPartOf":{"@id":"https:\/\/reviva.fi\/fi\/#website"},"primaryImageOfPage":{"@id":"https:\/\/reviva.fi\/fi\/tuote\/lactase-enzyme-9000-fcc-lamberts\/#primaryimage"},"image":{"@id":"https:\/\/reviva.fi\/fi\/tuote\/lactase-enzyme-9000-fcc-lamberts\/#primaryimage"},"thumbnailUrl":"https:\/\/reviva.fi\/wp-content\/uploads\/2025\/03\/8412-Lactase-enzyme.jpg","datePublished":"2025-03-03T11:22:28+00:00","dateModified":"2025-03-05T09:11:05+00:00","description":"Laktaasi-entsyymi 9000 FCC - Lamberts Auttaa hajottamaan laktoosia maitotuotteissa. K\u00e4tev\u00e4 entsyymi ratkaisu paremman ruoansulatuksen tueksi!","breadcrumb":{"@id":"https:\/\/reviva.fi\/fi\/tuote\/lactase-enzyme-9000-fcc-lamberts\/#breadcrumb"},"inLanguage":"fi","potentialAction":[{"@type":"ReadAction","target":["https:\/\/reviva.fi\/fi\/tuote\/lactase-enzyme-9000-fcc-lamberts\/"]}]},{"@type":"ImageObject","inLanguage":"fi","@id":"https:\/\/reviva.fi\/fi\/tuote\/lactase-enzyme-9000-fcc-lamberts\/#primaryimage","url":"https:\/\/reviva.fi\/wp-content\/uploads\/2025\/03\/8412-Lactase-enzyme.jpg","contentUrl":"https:\/\/reviva.fi\/wp-content\/uploads\/2025\/03\/8412-Lactase-enzyme.jpg","width":780,"height":780,"caption":"Laktaasi-entsyymi 9000 FCC - Lamberts"},{"@type":"BreadcrumbList","@id":"https:\/\/reviva.fi\/fi\/tuote\/lactase-enzyme-9000-fcc-lamberts\/#breadcrumb","itemListElement":[{"@type":"ListItem","position":1,"name":"Etusivu","item":"https:\/\/reviva.fi\/fi\/"},{"@type":"ListItem","position":2,"name":"Tuotteet","item":"https:\/\/reviva.fi\/produkter\/"},{"@type":"ListItem","position":3,"name":"Laktaasi-entsyymi 9000 FCC &#8211; Lamberts"}]},{"@type":"WebSite","@id":"https:\/\/reviva.fi\/fi\/#website","url":"https:\/\/reviva.fi\/fi\/","name":"Reviva","description":"","publisher":{"@id":"https:\/\/reviva.fi\/fi\/#organization"},"potentialAction":[{"@type":"SearchAction","target":{"@type":"EntryPoint","urlTemplate":"https:\/\/reviva.fi\/fi\/?s={search_term_string}"},"query-input":{"@type":"PropertyValueSpecification","valueRequired":true,"valueName":"search_term_string"}}],"inLanguage":"fi"},{"@type":"Organization","@id":"https:\/\/reviva.fi\/fi\/#organization","name":"Reviva","url":"https:\/\/reviva.fi\/fi\/","logo":{"@type":"ImageObject","inLanguage":"fi","@id":"https:\/\/reviva.fi\/fi\/#\/schema\/logo\/image\/","url":"https:\/\/reviva.fi\/wp-content\/uploads\/2023\/10\/reviva-logo2.svg","contentUrl":"https:\/\/reviva.fi\/wp-content\/uploads\/2023\/10\/reviva-logo2.svg","caption":"Reviva"},"image":{"@id":"https:\/\/reviva.fi\/fi\/#\/schema\/logo\/image\/"}}]},"product_price_amount":"20.25","product_price_currency":"EUR","og_availability":"out of stock","product_availability":"out of stock","product_retailer_item_id":"8412-60","product_condition":"new"},"taxonomy_info":{"product_cat":[{"value":5977,"label":"Ruoansulatusentsyymit"},{"value":2444,"label":"Lamberts"},{"value":2387,"label":"Maha &amp; Suolisto"}],"product_tag":[{"value":4741,"label":"entsyymiaktiivisuus"},{"value":5617,"label":"enzymtillskott"},{"value":5601,"label":"F\u00f6r alla \u00e5ldrar."},{"value":5610,"label":"F\u00f6r k\u00e4nslig mage"},{"value":5618,"label":"F\u00f6rb\u00e4ttrad matsm\u00e4ltning"},{"value":5619,"label":"H\u00e4lsosamt matsm\u00e4ltningssystem"},{"value":5620,"label":"Laktasenzym"},{"value":5621,"label":"Laktosfri kost"},{"value":5622,"label":"Laktosintolerans"},{"value":5623,"label":"Laktosnedbrytning"},{"value":4532,"label":"Lamberts"},{"value":476,"label":"lis\u00e4ravinne"},{"value":5614,"label":"magbesv\u00e4r"},{"value":3093,"label":"ruoansulatus"},{"value":4450,"label":"suoliston terveytt\u00e4"}]},"featured_image_src_large":["https:\/\/reviva.fi\/wp-content\/uploads\/2025\/03\/8412-Lactase-enzyme.jpg",780,780,false],"author_info":[],"comment_info":0,"_links":{"self":[{"href":"https:\/\/reviva.fi\/fi\/wp-json\/wp\/v2\/product\/11370","targetHints":{"allow":["GET"]}}],"collection":[{"href":"https:\/\/reviva.fi\/fi\/wp-json\/wp\/v2\/product"}],"about":[{"href":"https:\/\/reviva.fi\/fi\/wp-json\/wp\/v2\/types\/product"}],"replies":[{"embeddable":true,"href":"https:\/\/reviva.fi\/fi\/wp-json\/wp\/v2\/comments?post=11370"}],"wp:featuredmedia":[{"embeddable":true,"href":"https:\/\/reviva.fi\/fi\/wp-json\/wp\/v2\/media\/11180"}],"wp:attachment":[{"href":"https:\/\/reviva.fi\/fi\/wp-json\/wp\/v2\/media?parent=11370"}],"wp:term":[{"taxonomy":"product_brand","embeddable":true,"href":"https:\/\/reviva.fi\/fi\/wp-json\/wp\/v2\/product_brand?post=11370"},{"taxonomy":"product_cat","embeddable":true,"href":"https:\/\/reviva.fi\/fi\/wp-json\/wp\/v2\/product_cat?post=11370"},{"taxonomy":"product_tag","embeddable":true,"href":"https:\/\/reviva.fi\/fi\/wp-json\/wp\/v2\/product_tag?post=11370"}],"curies":[{"name":"wp","href":"https:\/\/api.w.org\/{rel}","templated":true}]}}