{"id":11375,"date":"2025-03-03T13:13:37","date_gmt":"2025-03-03T11:13:37","guid":{"rendered":"https:\/\/reviva.fi\/product\/pea-protein-pulver-lamberts\/"},"modified":"2025-03-05T12:14:13","modified_gmt":"2025-03-05T10:14:13","slug":"pea-protein-pulver-lamberts","status":"publish","type":"product","link":"https:\/\/reviva.fi\/fi\/tuote\/pea-protein-pulver-lamberts\/","title":{"rendered":"Herneproteiinijauhe &#8211; Lamberts"},"content":{"rendered":"<p><strong>Herneproteiinijauhe &#8211; Lamberts<\/strong><\/p>\n<div class=\"flex max-w-full flex-col flex-grow\">\n<div class=\"min-h-8 text-message relative flex w-full flex-col items-end gap-2 whitespace-normal break-words text-start [.text-message+&amp;]:mt-5\" dir=\"auto\" data-message-author-role=\"assistant\" data-message-id=\"fa29d319-e3e9-46e6-b969-62f22261e8be\" data-message-model-slug=\"gpt-4o-mini\">\n<div class=\"flex w-full flex-col gap-1 empty:hidden first:pt-[3px]\">\n<div class=\"markdown prose w-full break-words dark:prose-invert light\">\n<p data-start=\"0\" data-end=\"640\"><strong data-start=\"0\" data-end=\"33\">Lamberts\u00ae Herneproteiinijauhe<\/strong> on korkean pitoisuuden proteiinil\u00e4hde, joka on uutettu keltaisista herneist\u00e4. Uuttoprosessien ja puhdistusmenetelmien avulla proteiinipitoisuus nostetaan tavallisista 6 %:sta tuoreissa herneiss\u00e4 jopa 80 %:iin t\u00e4ss\u00e4 tuotteessa. T\u00e4m\u00e4 ainutlaatuinen prosessi tuottaa proteiinia, joka on eritt\u00e4in liukenevaa ja siksi helppo sulattaa ja imeyty\u00e4. Olemme valinneet herneet proteiinil\u00e4hteeksi niiden erinomaisen aminohappoprofiilin vuoksi \u2013 ne ovat rikkaita haaraketjuisista aminohapoista (leusiini, isoleusiini ja valiini) ja sis\u00e4lt\u00e4v\u00e4t enemm\u00e4n arginiinia kuin mik\u00e4\u00e4n muu kaupallisesti saatavilla oleva proteiini.<\/p>\n<p data-start=\"642\" data-end=\"982\">Herneproteiini on monik\u00e4ytt\u00f6inen, sill\u00e4 se on gluteeniton, maidoton, munaton, soijaton ja el\u00e4inper\u00e4isist\u00e4 tuotteista vapaa. Se on makeuttamaton ja sill\u00e4 on mieto, hieman suolainen maku, mik\u00e4 tekee siit\u00e4 t\u00e4ydellisen sekoitettavaksi keittoihin ja patoihin. Sit\u00e4 voi my\u00f6s sekoittaa hedelmiin, kuten banaaniin, hedelm\u00e4smoothien valmistamiseksi.<\/p>\n<p data-start=\"984\" data-end=\"1184\" data-is-last-node=\"\" data-is-only-node=\"\">Tuote sopii kaikille, jotka toipuvat sairaudesta ja\/tai joilla on heikko ruokahalu. Se on my\u00f6s hyv\u00e4 valinta niille, jotka haluavat lis\u00e4t\u00e4 proteiinin saantiaan, esimerkiksi painonpudotuksen yhteydess\u00e4.<\/p>\n<\/div>\n<\/div>\n<\/div>\n<\/div>\n<div class=\"mb-2 flex gap-3 -ml-2\" tabindex=\"0\">\n<div class=\"items-center justify-start rounded-xl p-1 flex\">\n<div class=\"flex items-center\"><\/div>\n<\/div>\n<\/div>\n","protected":false},"excerpt":{"rendered":"<ul>\n<li>Helpposulatteinen, laktoositon proteiinil\u00e4hde<\/li>\n<li>Rikas BCAA:sta (leusiini, isoleusiini ja valiini)<\/li>\n<li>Mieto, kevyt suolainen maku<\/li>\n<li>K\u00e4yt\u00e4nn\u00f6llinen sakeuttamisaineena kastikkeissa ja keitoissa<\/li>\n<li>Sekoita hedelmien kanssa smoothieksi<\/li>\n<li>Yli 35 annosta per purkki<\/li>\n<\/ul>\n<p><strong>750 g<\/strong><\/p>\n","protected":false},"featured_media":11177,"comment_status":"closed","ping_status":"closed","template":"","meta":{"_acf_changed":false,"inline_featured_image":false,"_kad_blocks_custom_css":"","_kad_blocks_head_custom_js":"","_kad_blocks_body_custom_js":"","_kad_blocks_footer_custom_js":"","_kadence_starter_templates_imported_post":false,"_kad_post_transparent":"default","_kad_post_title":"","_kad_post_layout":"default","_kad_post_sidebar_id":"","_kad_post_content_style":"default","_kad_post_vertical_padding":"default","_kad_post_feature":"","_kad_post_feature_position":"","_kad_post_header":false,"_kad_post_footer":false},"product_brand":[],"product_cat":[88,5979,2444,2375],"product_tag":[5624,3381,5625,5626,5627,5628,5629,5630,4532,4707,5631,5632,5633,1599,5634,5635,5636],"class_list":{"0":"post-11375","1":"product","2":"type-product","3":"status-publish","4":"has-post-thumbnail","6":"product_cat-aminosyror-fi","7":"product_cat-naringspulver-fi","8":"product_cat-lamberts-fi","9":"product_cat-traning-fi","10":"product_tag-artprotein-fi","11":"product_tag-for-veganer-fi","12":"product_tag-for-vegetarianer-fi","13":"product_tag-fitness-fi","14":"product_tag-hogkvalitativt-protein-fi","15":"product_tag-halsosamt-kosttillskott-fi","16":"product_tag-lag-kolhydratkost-fi","17":"product_tag-lagt-fettinnehall-fi","18":"product_tag-lamberts-fi","19":"product_tag-lihasten-rakentaminen","20":"product_tag-muskelreparation-fi","21":"product_tag-proteinkalla-fi","22":"product_tag-proteinpulver-fi","23":"product_tag-treenaus","24":"product_tag-vaxtbaserat-protein-fi","25":"product_tag-veganskt-protein-fi","26":"product_tag-vegetariskt-protein-fi","28":"first","29":"instock","30":"taxable","31":"shipping-taxable","32":"purchasable","33":"product-type-simple","34":"entry","35":"content-bg","36":"loop-entry"},"acf":[],"yoast_head":"<!-- This site is optimized with the Yoast SEO plugin v25.8 - https:\/\/yoast.com\/wordpress\/plugins\/seo\/ -->\n<title>Herneproteiinijauhe - Lamberts - Reviva<\/title>\n<meta name=\"description\" content=\"Herneproteiinijauhe - Lamberts sis\u00e4lt\u00e4\u00e4 80 % proteiinia herneist\u00e4. Erinomainen vaihtoehto vegaaneille ja laktoosi-intoleranteille.\" \/>\n<meta name=\"robots\" content=\"index, follow, max-snippet:-1, max-image-preview:large, max-video-preview:-1\" \/>\n<link rel=\"canonical\" href=\"https:\/\/reviva.fi\/fi\/tuote\/pea-protein-pulver-lamberts\/\" \/>\n<meta property=\"og:locale\" content=\"fi_FI\" \/>\n<meta property=\"og:type\" content=\"article\" \/>\n<meta property=\"og:title\" content=\"Herneproteiinijauhe - Lamberts - Reviva\" \/>\n<meta property=\"og:description\" content=\"Herneproteiinijauhe - Lamberts sis\u00e4lt\u00e4\u00e4 80 % proteiinia herneist\u00e4. Erinomainen vaihtoehto vegaaneille ja laktoosi-intoleranteille.\" \/>\n<meta property=\"og:url\" content=\"https:\/\/reviva.fi\/fi\/tuote\/pea-protein-pulver-lamberts\/\" \/>\n<meta property=\"og:site_name\" content=\"Reviva\" \/>\n<meta property=\"article:modified_time\" content=\"2025-03-05T10:14:13+00:00\" \/>\n<meta property=\"og:image\" content=\"https:\/\/reviva.fi\/wp-content\/uploads\/2025\/03\/8333-Pea-protein.jpg\" \/>\n\t<meta property=\"og:image:width\" content=\"780\" \/>\n\t<meta property=\"og:image:height\" content=\"780\" \/>\n\t<meta property=\"og:image:type\" content=\"image\/jpeg\" \/>\n<meta name=\"twitter:card\" content=\"summary_large_image\" \/>\n<script type=\"application\/ld+json\" class=\"yoast-schema-graph\">{\"@context\":\"https:\/\/schema.org\",\"@graph\":[{\"@type\":\"WebPage\",\"@id\":\"https:\/\/reviva.fi\/fi\/tuote\/pea-protein-pulver-lamberts\/\",\"url\":\"https:\/\/reviva.fi\/fi\/tuote\/pea-protein-pulver-lamberts\/\",\"name\":\"Herneproteiinijauhe - Lamberts - Reviva\",\"isPartOf\":{\"@id\":\"https:\/\/reviva.fi\/fi\/#website\"},\"primaryImageOfPage\":{\"@id\":\"https:\/\/reviva.fi\/fi\/tuote\/pea-protein-pulver-lamberts\/#primaryimage\"},\"image\":{\"@id\":\"https:\/\/reviva.fi\/fi\/tuote\/pea-protein-pulver-lamberts\/#primaryimage\"},\"thumbnailUrl\":\"https:\/\/reviva.fi\/wp-content\/uploads\/2025\/03\/8333-Pea-protein.jpg\",\"datePublished\":\"2025-03-03T11:13:37+00:00\",\"dateModified\":\"2025-03-05T10:14:13+00:00\",\"description\":\"Herneproteiinijauhe - Lamberts sis\u00e4lt\u00e4\u00e4 80 % proteiinia herneist\u00e4. Erinomainen vaihtoehto vegaaneille ja laktoosi-intoleranteille.\",\"breadcrumb\":{\"@id\":\"https:\/\/reviva.fi\/fi\/tuote\/pea-protein-pulver-lamberts\/#breadcrumb\"},\"inLanguage\":\"fi\",\"potentialAction\":[{\"@type\":\"ReadAction\",\"target\":[\"https:\/\/reviva.fi\/fi\/tuote\/pea-protein-pulver-lamberts\/\"]}]},{\"@type\":\"ImageObject\",\"inLanguage\":\"fi\",\"@id\":\"https:\/\/reviva.fi\/fi\/tuote\/pea-protein-pulver-lamberts\/#primaryimage\",\"url\":\"https:\/\/reviva.fi\/wp-content\/uploads\/2025\/03\/8333-Pea-protein.jpg\",\"contentUrl\":\"https:\/\/reviva.fi\/wp-content\/uploads\/2025\/03\/8333-Pea-protein.jpg\",\"width\":780,\"height\":780,\"caption\":\"Pea Protein pulver - Lamberts\"},{\"@type\":\"BreadcrumbList\",\"@id\":\"https:\/\/reviva.fi\/fi\/tuote\/pea-protein-pulver-lamberts\/#breadcrumb\",\"itemListElement\":[{\"@type\":\"ListItem\",\"position\":1,\"name\":\"Etusivu\",\"item\":\"https:\/\/reviva.fi\/fi\/\"},{\"@type\":\"ListItem\",\"position\":2,\"name\":\"Tuotteet\",\"item\":\"https:\/\/reviva.fi\/produkter\/\"},{\"@type\":\"ListItem\",\"position\":3,\"name\":\"Herneproteiinijauhe &#8211; Lamberts\"}]},{\"@type\":\"WebSite\",\"@id\":\"https:\/\/reviva.fi\/fi\/#website\",\"url\":\"https:\/\/reviva.fi\/fi\/\",\"name\":\"Reviva\",\"description\":\"\",\"publisher\":{\"@id\":\"https:\/\/reviva.fi\/fi\/#organization\"},\"potentialAction\":[{\"@type\":\"SearchAction\",\"target\":{\"@type\":\"EntryPoint\",\"urlTemplate\":\"https:\/\/reviva.fi\/fi\/?s={search_term_string}\"},\"query-input\":{\"@type\":\"PropertyValueSpecification\",\"valueRequired\":true,\"valueName\":\"search_term_string\"}}],\"inLanguage\":\"fi\"},{\"@type\":\"Organization\",\"@id\":\"https:\/\/reviva.fi\/fi\/#organization\",\"name\":\"Reviva\",\"url\":\"https:\/\/reviva.fi\/fi\/\",\"logo\":{\"@type\":\"ImageObject\",\"inLanguage\":\"fi\",\"@id\":\"https:\/\/reviva.fi\/fi\/#\/schema\/logo\/image\/\",\"url\":\"https:\/\/reviva.fi\/wp-content\/uploads\/2023\/10\/reviva-logo2.svg\",\"contentUrl\":\"https:\/\/reviva.fi\/wp-content\/uploads\/2023\/10\/reviva-logo2.svg\",\"caption\":\"Reviva\"},\"image\":{\"@id\":\"https:\/\/reviva.fi\/fi\/#\/schema\/logo\/image\/\"}}]}<\/script>\n<meta property=\"product:price:amount\" content=\"37.40\" \/>\n<meta property=\"product:price:currency\" content=\"EUR\" \/>\n<meta property=\"og:availability\" content=\"instock\" \/>\n<meta property=\"product:availability\" content=\"instock\" \/>\n<meta property=\"product:retailer_item_id\" content=\"8333-750\" \/>\n<meta property=\"product:condition\" content=\"new\" \/>\n<!-- \/ Yoast SEO plugin. -->","yoast_head_json":{"title":"Herneproteiinijauhe - Lamberts - Reviva","description":"Herneproteiinijauhe - Lamberts sis\u00e4lt\u00e4\u00e4 80 % proteiinia herneist\u00e4. Erinomainen vaihtoehto vegaaneille ja laktoosi-intoleranteille.","robots":{"index":"index","follow":"follow","max-snippet":"max-snippet:-1","max-image-preview":"max-image-preview:large","max-video-preview":"max-video-preview:-1"},"canonical":"https:\/\/reviva.fi\/fi\/tuote\/pea-protein-pulver-lamberts\/","og_locale":"fi_FI","og_type":"article","og_title":"Herneproteiinijauhe - Lamberts - Reviva","og_description":"Herneproteiinijauhe - Lamberts sis\u00e4lt\u00e4\u00e4 80 % proteiinia herneist\u00e4. Erinomainen vaihtoehto vegaaneille ja laktoosi-intoleranteille.","og_url":"https:\/\/reviva.fi\/fi\/tuote\/pea-protein-pulver-lamberts\/","og_site_name":"Reviva","article_modified_time":"2025-03-05T10:14:13+00:00","og_image":[{"width":780,"height":780,"url":"https:\/\/reviva.fi\/wp-content\/uploads\/2025\/03\/8333-Pea-protein.jpg","type":"image\/jpeg"}],"twitter_card":"summary_large_image","schema":{"@context":"https:\/\/schema.org","@graph":[{"@type":"WebPage","@id":"https:\/\/reviva.fi\/fi\/tuote\/pea-protein-pulver-lamberts\/","url":"https:\/\/reviva.fi\/fi\/tuote\/pea-protein-pulver-lamberts\/","name":"Herneproteiinijauhe - Lamberts - Reviva","isPartOf":{"@id":"https:\/\/reviva.fi\/fi\/#website"},"primaryImageOfPage":{"@id":"https:\/\/reviva.fi\/fi\/tuote\/pea-protein-pulver-lamberts\/#primaryimage"},"image":{"@id":"https:\/\/reviva.fi\/fi\/tuote\/pea-protein-pulver-lamberts\/#primaryimage"},"thumbnailUrl":"https:\/\/reviva.fi\/wp-content\/uploads\/2025\/03\/8333-Pea-protein.jpg","datePublished":"2025-03-03T11:13:37+00:00","dateModified":"2025-03-05T10:14:13+00:00","description":"Herneproteiinijauhe - Lamberts sis\u00e4lt\u00e4\u00e4 80 % proteiinia herneist\u00e4. Erinomainen vaihtoehto vegaaneille ja laktoosi-intoleranteille.","breadcrumb":{"@id":"https:\/\/reviva.fi\/fi\/tuote\/pea-protein-pulver-lamberts\/#breadcrumb"},"inLanguage":"fi","potentialAction":[{"@type":"ReadAction","target":["https:\/\/reviva.fi\/fi\/tuote\/pea-protein-pulver-lamberts\/"]}]},{"@type":"ImageObject","inLanguage":"fi","@id":"https:\/\/reviva.fi\/fi\/tuote\/pea-protein-pulver-lamberts\/#primaryimage","url":"https:\/\/reviva.fi\/wp-content\/uploads\/2025\/03\/8333-Pea-protein.jpg","contentUrl":"https:\/\/reviva.fi\/wp-content\/uploads\/2025\/03\/8333-Pea-protein.jpg","width":780,"height":780,"caption":"Pea Protein pulver - Lamberts"},{"@type":"BreadcrumbList","@id":"https:\/\/reviva.fi\/fi\/tuote\/pea-protein-pulver-lamberts\/#breadcrumb","itemListElement":[{"@type":"ListItem","position":1,"name":"Etusivu","item":"https:\/\/reviva.fi\/fi\/"},{"@type":"ListItem","position":2,"name":"Tuotteet","item":"https:\/\/reviva.fi\/produkter\/"},{"@type":"ListItem","position":3,"name":"Herneproteiinijauhe &#8211; Lamberts"}]},{"@type":"WebSite","@id":"https:\/\/reviva.fi\/fi\/#website","url":"https:\/\/reviva.fi\/fi\/","name":"Reviva","description":"","publisher":{"@id":"https:\/\/reviva.fi\/fi\/#organization"},"potentialAction":[{"@type":"SearchAction","target":{"@type":"EntryPoint","urlTemplate":"https:\/\/reviva.fi\/fi\/?s={search_term_string}"},"query-input":{"@type":"PropertyValueSpecification","valueRequired":true,"valueName":"search_term_string"}}],"inLanguage":"fi"},{"@type":"Organization","@id":"https:\/\/reviva.fi\/fi\/#organization","name":"Reviva","url":"https:\/\/reviva.fi\/fi\/","logo":{"@type":"ImageObject","inLanguage":"fi","@id":"https:\/\/reviva.fi\/fi\/#\/schema\/logo\/image\/","url":"https:\/\/reviva.fi\/wp-content\/uploads\/2023\/10\/reviva-logo2.svg","contentUrl":"https:\/\/reviva.fi\/wp-content\/uploads\/2023\/10\/reviva-logo2.svg","caption":"Reviva"},"image":{"@id":"https:\/\/reviva.fi\/fi\/#\/schema\/logo\/image\/"}}]},"product_price_amount":"37.40","product_price_currency":"EUR","og_availability":"instock","product_availability":"instock","product_retailer_item_id":"8333-750","product_condition":"new"},"taxonomy_info":{"product_cat":[{"value":88,"label":"Aminohapot"},{"value":5979,"label":"Ravintojauheet"},{"value":2444,"label":"Lamberts"},{"value":2375,"label":"Harjoittelu"}],"product_tag":[{"value":5624,"label":"\u00c4rtprotein"},{"value":3381,"label":"F\u00f6r veganer"},{"value":5625,"label":"F\u00f6r vegetarianer"},{"value":5626,"label":"Fitness"},{"value":5627,"label":"H\u00f6gkvalitativt protein"},{"value":5628,"label":"H\u00e4lsosamt kosttillskott"},{"value":5629,"label":"L\u00e5g kolhydratkost."},{"value":5630,"label":"L\u00e5gt fettinneh\u00e5ll"},{"value":4532,"label":"Lamberts"},{"value":4707,"label":"lihasten rakentaminen"},{"value":5631,"label":"Muskelreparation"},{"value":5632,"label":"Proteink\u00e4lla"},{"value":5633,"label":"Proteinpulver"},{"value":1599,"label":"treenaus"},{"value":5634,"label":"V\u00e4xtbaserat protein"},{"value":5635,"label":"Veganskt protein"},{"value":5636,"label":"Vegetariskt protein"}]},"featured_image_src_large":["https:\/\/reviva.fi\/wp-content\/uploads\/2025\/03\/8333-Pea-protein.jpg",780,780,false],"author_info":[],"comment_info":0,"_links":{"self":[{"href":"https:\/\/reviva.fi\/fi\/wp-json\/wp\/v2\/product\/11375","targetHints":{"allow":["GET"]}}],"collection":[{"href":"https:\/\/reviva.fi\/fi\/wp-json\/wp\/v2\/product"}],"about":[{"href":"https:\/\/reviva.fi\/fi\/wp-json\/wp\/v2\/types\/product"}],"replies":[{"embeddable":true,"href":"https:\/\/reviva.fi\/fi\/wp-json\/wp\/v2\/comments?post=11375"}],"wp:featuredmedia":[{"embeddable":true,"href":"https:\/\/reviva.fi\/fi\/wp-json\/wp\/v2\/media\/11177"}],"wp:attachment":[{"href":"https:\/\/reviva.fi\/fi\/wp-json\/wp\/v2\/media?parent=11375"}],"wp:term":[{"taxonomy":"product_brand","embeddable":true,"href":"https:\/\/reviva.fi\/fi\/wp-json\/wp\/v2\/product_brand?post=11375"},{"taxonomy":"product_cat","embeddable":true,"href":"https:\/\/reviva.fi\/fi\/wp-json\/wp\/v2\/product_cat?post=11375"},{"taxonomy":"product_tag","embeddable":true,"href":"https:\/\/reviva.fi\/fi\/wp-json\/wp\/v2\/product_tag?post=11375"}],"curies":[{"name":"wp","href":"https:\/\/api.w.org\/{rel}","templated":true}]}}