{"id":11378,"date":"2025-03-03T13:04:13","date_gmt":"2025-03-03T11:04:13","guid":{"rendered":"https:\/\/reviva.fi\/product\/taurine-500mg-lamberts\/"},"modified":"2025-03-05T12:19:40","modified_gmt":"2025-03-05T10:19:40","slug":"taurine-500mg-lamberts","status":"publish","type":"product","link":"https:\/\/reviva.fi\/fi\/tuote\/taurine-500mg-lamberts\/","title":{"rendered":"Tauriini 500mg &#8211; Lamberts"},"content":{"rendered":"<p><strong>Tauriini 500mg &#8211; Lamberts<\/strong><\/p>\n<p data-start=\"0\" data-end=\"399\"><strong data-start=\"0\" data-end=\"21\">Lamberts\u00ae Tauriin<\/strong> on puhdas, vapaassa muodossa oleva aminohappo, joka on valmis imeytym\u00e4\u00e4n kehoon ilman, ett\u00e4 se tarvitsee hajottamista ruoansulatusentsyymien avulla. Jokainen kapseli sis\u00e4lt\u00e4\u00e4 per\u00e4ti 500 mg tauriinia. Yksi kapseli tupla-annoksena tyypillisest\u00e4 p\u00e4ivitt\u00e4isest\u00e4 tauriinin saannista ruoasta, ja kaksi kapselia tarjoaa saman m\u00e4\u00e4r\u00e4n tauriinia, joka l\u00f6ytyy suosituista energiajuomista.<\/p>\n<p data-start=\"401\" data-end=\"490\" data-is-last-node=\"\" data-is-only-node=\"\">T\u00e4m\u00e4 tuote on valmistettu Isossa-Britanniassa farmaseuttisten GMP-standardien mukaisesti.<\/p>\n","protected":false},"excerpt":{"rendered":"<ul>\n<li>Puhdas, vapaassa muodossa oleva aminohappo, joka on valmis imeytym\u00e4\u00e4n kehoon ilman, ett\u00e4 se tarvitsee hajottamista ruoansulatusentsyymien avulla.<\/li>\n<li>Jokainen kapseli sis\u00e4lt\u00e4\u00e4 per\u00e4ti 500 mg tauriinia.<\/li>\n<li>Yksi kapseli tupla-annoksena tyypillisest\u00e4 p\u00e4ivitt\u00e4isest\u00e4 tauriinin saannista ruoasta, ja kaksi kapselia tarjoaa saman m\u00e4\u00e4r\u00e4n tauriinia, joka l\u00f6ytyy suosituista energiajuomista.<\/li>\n<li>T\u00e4m\u00e4 tuote on valmistettu Isossa-Britanniassa farmaseuttisten GMP-standardien mukaisesti.<\/li>\n<\/ul>\n<p><strong>60 kapselia<\/strong><\/p>\n","protected":false},"featured_media":11174,"comment_status":"closed","ping_status":"closed","template":"","meta":{"_acf_changed":false,"inline_featured_image":false,"_kad_blocks_custom_css":"","_kad_blocks_head_custom_js":"","_kad_blocks_body_custom_js":"","_kad_blocks_footer_custom_js":"","_kadence_starter_templates_imported_post":false,"_kad_post_transparent":"default","_kad_post_title":"","_kad_post_layout":"default","_kad_post_sidebar_id":"","_kad_post_content_style":"default","_kad_post_vertical_padding":"default","_kad_post_feature":"","_kad_post_feature_position":"","_kad_post_header":false,"_kad_post_footer":false},"product_brand":[],"product_cat":[88,2444],"product_tag":[409,412,1235,5637,5638,5639,5440,5628,500,4532,4465,476,5640,4419,4570,1599],"class_list":{"0":"post-11378","1":"product","2":"type-product","3":"status-publish","4":"has-post-thumbnail","6":"product_cat-aminosyror-fi","7":"product_cat-lamberts-fi","8":"product_tag-aminohappo","9":"product_tag-antioksidantti","10":"product_tag-energia","11":"product_tag-energiforbattring-fi","12":"product_tag-for-aterhamtning-fi","13":"product_tag-for-nervfunktion-fi","14":"product_tag-halsosam-livsstil-fi","15":"product_tag-halsosamt-kosttillskott-fi","16":"product_tag-hermosto","17":"product_tag-lamberts-fi","18":"product_tag-lihasten-palautuminen","19":"product_tag-lisaravinne","20":"product_tag-stod-for-hjarnan-fi","21":"product_tag-sydanterveytta","22":"product_tag-tauriini","23":"product_tag-treenaus","25":"first","26":"instock","27":"taxable","28":"shipping-taxable","29":"purchasable","30":"product-type-simple","31":"entry","32":"content-bg","33":"loop-entry"},"acf":[],"yoast_head":"<!-- This site is optimized with the Yoast SEO plugin v25.8 - https:\/\/yoast.com\/wordpress\/plugins\/seo\/ -->\n<title>Tauriini 500mg - Lamberts - Reviva<\/title>\n<meta name=\"description\" content=\"Tauriini 500mg - Lamberts sis\u00e4lt\u00e4\u00e4 500 mg tauriinia per kapseli, aminohappo, joka esiintyy luonnollisesti ja omaa t\u00e4rke\u00e4n roolin useissa kehon prosesseissa.\" \/>\n<meta name=\"robots\" content=\"index, follow, max-snippet:-1, max-image-preview:large, max-video-preview:-1\" \/>\n<link rel=\"canonical\" href=\"https:\/\/reviva.fi\/fi\/tuote\/taurine-500mg-lamberts\/\" \/>\n<meta property=\"og:locale\" content=\"fi_FI\" \/>\n<meta property=\"og:type\" content=\"article\" \/>\n<meta property=\"og:title\" content=\"Tauriini 500mg - Lamberts - Reviva\" \/>\n<meta property=\"og:description\" content=\"Tauriini 500mg - Lamberts sis\u00e4lt\u00e4\u00e4 500 mg tauriinia per kapseli, aminohappo, joka esiintyy luonnollisesti ja omaa t\u00e4rke\u00e4n roolin useissa kehon prosesseissa.\" \/>\n<meta property=\"og:url\" content=\"https:\/\/reviva.fi\/fi\/tuote\/taurine-500mg-lamberts\/\" \/>\n<meta property=\"og:site_name\" content=\"Reviva\" \/>\n<meta property=\"article:modified_time\" content=\"2025-03-05T10:19:40+00:00\" \/>\n<meta property=\"og:image\" content=\"https:\/\/reviva.fi\/wp-content\/uploads\/2025\/03\/8325-Taurine-500mg.jpg\" \/>\n\t<meta property=\"og:image:width\" content=\"780\" \/>\n\t<meta property=\"og:image:height\" content=\"780\" \/>\n\t<meta property=\"og:image:type\" content=\"image\/jpeg\" \/>\n<meta name=\"twitter:card\" content=\"summary_large_image\" \/>\n<script type=\"application\/ld+json\" class=\"yoast-schema-graph\">{\"@context\":\"https:\/\/schema.org\",\"@graph\":[{\"@type\":\"WebPage\",\"@id\":\"https:\/\/reviva.fi\/fi\/tuote\/taurine-500mg-lamberts\/\",\"url\":\"https:\/\/reviva.fi\/fi\/tuote\/taurine-500mg-lamberts\/\",\"name\":\"Tauriini 500mg - Lamberts - Reviva\",\"isPartOf\":{\"@id\":\"https:\/\/reviva.fi\/fi\/#website\"},\"primaryImageOfPage\":{\"@id\":\"https:\/\/reviva.fi\/fi\/tuote\/taurine-500mg-lamberts\/#primaryimage\"},\"image\":{\"@id\":\"https:\/\/reviva.fi\/fi\/tuote\/taurine-500mg-lamberts\/#primaryimage\"},\"thumbnailUrl\":\"https:\/\/reviva.fi\/wp-content\/uploads\/2025\/03\/8325-Taurine-500mg.jpg\",\"datePublished\":\"2025-03-03T11:04:13+00:00\",\"dateModified\":\"2025-03-05T10:19:40+00:00\",\"description\":\"Tauriini 500mg - Lamberts sis\u00e4lt\u00e4\u00e4 500 mg tauriinia per kapseli, aminohappo, joka esiintyy luonnollisesti ja omaa t\u00e4rke\u00e4n roolin useissa kehon prosesseissa.\",\"breadcrumb\":{\"@id\":\"https:\/\/reviva.fi\/fi\/tuote\/taurine-500mg-lamberts\/#breadcrumb\"},\"inLanguage\":\"fi\",\"potentialAction\":[{\"@type\":\"ReadAction\",\"target\":[\"https:\/\/reviva.fi\/fi\/tuote\/taurine-500mg-lamberts\/\"]}]},{\"@type\":\"ImageObject\",\"inLanguage\":\"fi\",\"@id\":\"https:\/\/reviva.fi\/fi\/tuote\/taurine-500mg-lamberts\/#primaryimage\",\"url\":\"https:\/\/reviva.fi\/wp-content\/uploads\/2025\/03\/8325-Taurine-500mg.jpg\",\"contentUrl\":\"https:\/\/reviva.fi\/wp-content\/uploads\/2025\/03\/8325-Taurine-500mg.jpg\",\"width\":780,\"height\":780,\"caption\":\"Tauriini 500mg - Lamberts\"},{\"@type\":\"BreadcrumbList\",\"@id\":\"https:\/\/reviva.fi\/fi\/tuote\/taurine-500mg-lamberts\/#breadcrumb\",\"itemListElement\":[{\"@type\":\"ListItem\",\"position\":1,\"name\":\"Etusivu\",\"item\":\"https:\/\/reviva.fi\/fi\/\"},{\"@type\":\"ListItem\",\"position\":2,\"name\":\"Tuotteet\",\"item\":\"https:\/\/reviva.fi\/produkter\/\"},{\"@type\":\"ListItem\",\"position\":3,\"name\":\"Tauriini 500mg &#8211; Lamberts\"}]},{\"@type\":\"WebSite\",\"@id\":\"https:\/\/reviva.fi\/fi\/#website\",\"url\":\"https:\/\/reviva.fi\/fi\/\",\"name\":\"Reviva\",\"description\":\"\",\"publisher\":{\"@id\":\"https:\/\/reviva.fi\/fi\/#organization\"},\"potentialAction\":[{\"@type\":\"SearchAction\",\"target\":{\"@type\":\"EntryPoint\",\"urlTemplate\":\"https:\/\/reviva.fi\/fi\/?s={search_term_string}\"},\"query-input\":{\"@type\":\"PropertyValueSpecification\",\"valueRequired\":true,\"valueName\":\"search_term_string\"}}],\"inLanguage\":\"fi\"},{\"@type\":\"Organization\",\"@id\":\"https:\/\/reviva.fi\/fi\/#organization\",\"name\":\"Reviva\",\"url\":\"https:\/\/reviva.fi\/fi\/\",\"logo\":{\"@type\":\"ImageObject\",\"inLanguage\":\"fi\",\"@id\":\"https:\/\/reviva.fi\/fi\/#\/schema\/logo\/image\/\",\"url\":\"https:\/\/reviva.fi\/wp-content\/uploads\/2023\/10\/reviva-logo2.svg\",\"contentUrl\":\"https:\/\/reviva.fi\/wp-content\/uploads\/2023\/10\/reviva-logo2.svg\",\"caption\":\"Reviva\"},\"image\":{\"@id\":\"https:\/\/reviva.fi\/fi\/#\/schema\/logo\/image\/\"}}]}<\/script>\n<meta property=\"product:price:amount\" content=\"16.40\" \/>\n<meta property=\"product:price:currency\" content=\"EUR\" \/>\n<meta property=\"og:availability\" content=\"instock\" \/>\n<meta property=\"product:availability\" content=\"instock\" \/>\n<meta property=\"product:retailer_item_id\" content=\"8325-60\" \/>\n<meta property=\"product:condition\" content=\"new\" \/>\n<!-- \/ Yoast SEO plugin. -->","yoast_head_json":{"title":"Tauriini 500mg - Lamberts - Reviva","description":"Tauriini 500mg - Lamberts sis\u00e4lt\u00e4\u00e4 500 mg tauriinia per kapseli, aminohappo, joka esiintyy luonnollisesti ja omaa t\u00e4rke\u00e4n roolin useissa kehon prosesseissa.","robots":{"index":"index","follow":"follow","max-snippet":"max-snippet:-1","max-image-preview":"max-image-preview:large","max-video-preview":"max-video-preview:-1"},"canonical":"https:\/\/reviva.fi\/fi\/tuote\/taurine-500mg-lamberts\/","og_locale":"fi_FI","og_type":"article","og_title":"Tauriini 500mg - Lamberts - Reviva","og_description":"Tauriini 500mg - Lamberts sis\u00e4lt\u00e4\u00e4 500 mg tauriinia per kapseli, aminohappo, joka esiintyy luonnollisesti ja omaa t\u00e4rke\u00e4n roolin useissa kehon prosesseissa.","og_url":"https:\/\/reviva.fi\/fi\/tuote\/taurine-500mg-lamberts\/","og_site_name":"Reviva","article_modified_time":"2025-03-05T10:19:40+00:00","og_image":[{"width":780,"height":780,"url":"https:\/\/reviva.fi\/wp-content\/uploads\/2025\/03\/8325-Taurine-500mg.jpg","type":"image\/jpeg"}],"twitter_card":"summary_large_image","schema":{"@context":"https:\/\/schema.org","@graph":[{"@type":"WebPage","@id":"https:\/\/reviva.fi\/fi\/tuote\/taurine-500mg-lamberts\/","url":"https:\/\/reviva.fi\/fi\/tuote\/taurine-500mg-lamberts\/","name":"Tauriini 500mg - Lamberts - Reviva","isPartOf":{"@id":"https:\/\/reviva.fi\/fi\/#website"},"primaryImageOfPage":{"@id":"https:\/\/reviva.fi\/fi\/tuote\/taurine-500mg-lamberts\/#primaryimage"},"image":{"@id":"https:\/\/reviva.fi\/fi\/tuote\/taurine-500mg-lamberts\/#primaryimage"},"thumbnailUrl":"https:\/\/reviva.fi\/wp-content\/uploads\/2025\/03\/8325-Taurine-500mg.jpg","datePublished":"2025-03-03T11:04:13+00:00","dateModified":"2025-03-05T10:19:40+00:00","description":"Tauriini 500mg - Lamberts sis\u00e4lt\u00e4\u00e4 500 mg tauriinia per kapseli, aminohappo, joka esiintyy luonnollisesti ja omaa t\u00e4rke\u00e4n roolin useissa kehon prosesseissa.","breadcrumb":{"@id":"https:\/\/reviva.fi\/fi\/tuote\/taurine-500mg-lamberts\/#breadcrumb"},"inLanguage":"fi","potentialAction":[{"@type":"ReadAction","target":["https:\/\/reviva.fi\/fi\/tuote\/taurine-500mg-lamberts\/"]}]},{"@type":"ImageObject","inLanguage":"fi","@id":"https:\/\/reviva.fi\/fi\/tuote\/taurine-500mg-lamberts\/#primaryimage","url":"https:\/\/reviva.fi\/wp-content\/uploads\/2025\/03\/8325-Taurine-500mg.jpg","contentUrl":"https:\/\/reviva.fi\/wp-content\/uploads\/2025\/03\/8325-Taurine-500mg.jpg","width":780,"height":780,"caption":"Tauriini 500mg - Lamberts"},{"@type":"BreadcrumbList","@id":"https:\/\/reviva.fi\/fi\/tuote\/taurine-500mg-lamberts\/#breadcrumb","itemListElement":[{"@type":"ListItem","position":1,"name":"Etusivu","item":"https:\/\/reviva.fi\/fi\/"},{"@type":"ListItem","position":2,"name":"Tuotteet","item":"https:\/\/reviva.fi\/produkter\/"},{"@type":"ListItem","position":3,"name":"Tauriini 500mg &#8211; Lamberts"}]},{"@type":"WebSite","@id":"https:\/\/reviva.fi\/fi\/#website","url":"https:\/\/reviva.fi\/fi\/","name":"Reviva","description":"","publisher":{"@id":"https:\/\/reviva.fi\/fi\/#organization"},"potentialAction":[{"@type":"SearchAction","target":{"@type":"EntryPoint","urlTemplate":"https:\/\/reviva.fi\/fi\/?s={search_term_string}"},"query-input":{"@type":"PropertyValueSpecification","valueRequired":true,"valueName":"search_term_string"}}],"inLanguage":"fi"},{"@type":"Organization","@id":"https:\/\/reviva.fi\/fi\/#organization","name":"Reviva","url":"https:\/\/reviva.fi\/fi\/","logo":{"@type":"ImageObject","inLanguage":"fi","@id":"https:\/\/reviva.fi\/fi\/#\/schema\/logo\/image\/","url":"https:\/\/reviva.fi\/wp-content\/uploads\/2023\/10\/reviva-logo2.svg","contentUrl":"https:\/\/reviva.fi\/wp-content\/uploads\/2023\/10\/reviva-logo2.svg","caption":"Reviva"},"image":{"@id":"https:\/\/reviva.fi\/fi\/#\/schema\/logo\/image\/"}}]},"product_price_amount":"16.40","product_price_currency":"EUR","og_availability":"instock","product_availability":"instock","product_retailer_item_id":"8325-60","product_condition":"new"},"taxonomy_info":{"product_cat":[{"value":88,"label":"Aminohapot"},{"value":2444,"label":"Lamberts"}],"product_tag":[{"value":409,"label":"aminohappo"},{"value":412,"label":"antioksidantti"},{"value":1235,"label":"energia"},{"value":5637,"label":"Energif\u00f6rb\u00e4ttring"},{"value":5638,"label":"F\u00f6r \u00e5terh\u00e4mtning"},{"value":5639,"label":"F\u00f6r nervfunktion."},{"value":5440,"label":"H\u00e4lsosam Livsstil"},{"value":5628,"label":"H\u00e4lsosamt kosttillskott"},{"value":500,"label":"hermosto"},{"value":4532,"label":"Lamberts"},{"value":4465,"label":"lihasten palautuminen"},{"value":476,"label":"lis\u00e4ravinne"},{"value":5640,"label":"St\u00f6d f\u00f6r hj\u00e4rnan"},{"value":4419,"label":"Syd\u00e4nterveytt\u00e4"},{"value":4570,"label":"tauriini"},{"value":1599,"label":"treenaus"}]},"featured_image_src_large":["https:\/\/reviva.fi\/wp-content\/uploads\/2025\/03\/8325-Taurine-500mg.jpg",780,780,false],"author_info":[],"comment_info":0,"_links":{"self":[{"href":"https:\/\/reviva.fi\/fi\/wp-json\/wp\/v2\/product\/11378","targetHints":{"allow":["GET"]}}],"collection":[{"href":"https:\/\/reviva.fi\/fi\/wp-json\/wp\/v2\/product"}],"about":[{"href":"https:\/\/reviva.fi\/fi\/wp-json\/wp\/v2\/types\/product"}],"replies":[{"embeddable":true,"href":"https:\/\/reviva.fi\/fi\/wp-json\/wp\/v2\/comments?post=11378"}],"wp:featuredmedia":[{"embeddable":true,"href":"https:\/\/reviva.fi\/fi\/wp-json\/wp\/v2\/media\/11174"}],"wp:attachment":[{"href":"https:\/\/reviva.fi\/fi\/wp-json\/wp\/v2\/media?parent=11378"}],"wp:term":[{"taxonomy":"product_brand","embeddable":true,"href":"https:\/\/reviva.fi\/fi\/wp-json\/wp\/v2\/product_brand?post=11378"},{"taxonomy":"product_cat","embeddable":true,"href":"https:\/\/reviva.fi\/fi\/wp-json\/wp\/v2\/product_cat?post=11378"},{"taxonomy":"product_tag","embeddable":true,"href":"https:\/\/reviva.fi\/fi\/wp-json\/wp\/v2\/product_tag?post=11378"}],"curies":[{"name":"wp","href":"https:\/\/api.w.org\/{rel}","templated":true}]}}