{"id":11389,"date":"2025-03-03T12:47:08","date_gmt":"2025-03-03T10:47:08","guid":{"rendered":"https:\/\/reviva.fi\/product\/l-arginine-hcl-lamberts\/"},"modified":"2026-02-20T10:18:53","modified_gmt":"2026-02-20T08:18:53","slug":"l-arginine-hcl-lamberts","status":"publish","type":"product","link":"https:\/\/reviva.fi\/fi\/tuote\/l-arginine-hcl-lamberts\/","title":{"rendered":"L-Arginiini HCl 1000 mg &#8211; Lamberts"},"content":{"rendered":"<p data-start=\"0\" data-end=\"34\"><strong data-start=\"0\" data-end=\"34\">Free Form \u2013 Helppo imeytyminen<\/strong><\/p>\n<p data-start=\"36\" data-end=\"114\"><strong>Korkea-annoksinen L-arginiini vapaassa muodossa optimaaliseen imeytymiseen<\/strong><\/p>\n<p data-start=\"116\" data-end=\"360\">Lamberts Pure Grade L-Arginine HCl 1000 mg on korkealaatuinen ravintolis\u00e4, joka sis\u00e4lt\u00e4\u00e4 L-arginiinia vapaassa muodossa (free form). T\u00e4m\u00e4 tarkoittaa, ett\u00e4 aminohappo ei ole sitoutunut proteiiniin, vaan on valmiina imeytym\u00e4\u00e4n suoraan elimist\u00f6\u00f6n.<\/p>\n<p data-start=\"362\" data-end=\"513\">Jokainen tabletti sis\u00e4lt\u00e4\u00e4 1000 mg L-arginiinihydrokloridia (HCl), joka on vakaa ja hyvin imeytyv\u00e4 muoto ja jota k\u00e4ytet\u00e4\u00e4n laadukkaissa ravintolisiss\u00e4.<\/p>\n<p data-start=\"520\" data-end=\"544\"><strong>Mit\u00e4 L-arginiini on?<\/strong><\/p>\n<p data-start=\"546\" data-end=\"779\">L-arginiini on semi-essentiaalinen aminohappo, mik\u00e4 tarkoittaa, ett\u00e4 elimist\u00f6 pystyy normaalisti tuottamaan sit\u00e4 itse, mutta tarve voi kasvaa esimerkiksi intensiivisen harjoittelun, stressin tai muun lis\u00e4\u00e4ntyneen kuormituksen aikana.<\/p>\n<p data-start=\"781\" data-end=\"892\">Aminohapot ovat proteiinien rakennuspalikoita ja niill\u00e4 on keskeinen rooli elimist\u00f6n biologisissa prosesseissa.<\/p>\n<p data-start=\"899\" data-end=\"943\"><strong>Free Form \u2013 nopea ja tehokas imeytyminen<\/strong><\/p>\n<p data-start=\"945\" data-end=\"974\">Vapaa muoto tarkoittaa, ett\u00e4:<\/p>\n<ul data-start=\"976\" data-end=\"1097\">\n<li data-start=\"976\" data-end=\"1024\">\n<p data-start=\"978\" data-end=\"1024\">aminohappoa ei tarvitse pilkkoa proteiinista<\/p>\n<\/li>\n<li data-start=\"1025\" data-end=\"1051\">\n<p data-start=\"1027\" data-end=\"1051\">se voi imeyty\u00e4 suoraan<\/p>\n<\/li>\n<li data-start=\"1052\" data-end=\"1097\">\n<p data-start=\"1054\" data-end=\"1097\">elimist\u00f6 pystyy hy\u00f6dynt\u00e4m\u00e4\u00e4n sen nopeasti<\/p>\n<\/li>\n<\/ul>\n<p data-start=\"1099\" data-end=\"1220\">T\u00e4m\u00e4 tekee tuotteesta erityisen suositun niiden keskuudessa, jotka etsiv\u00e4t puhdasta ja korkea-annoksista aminohappolis\u00e4\u00e4.<\/p>\n<p data-start=\"1227\" data-end=\"1268\"><strong>Vahva annostus \u2013 1000 mg per tabletti<\/strong><\/p>\n<p data-start=\"1270\" data-end=\"1436\">Jokainen tabletti sis\u00e4lt\u00e4\u00e4 1000 mg L-arginiinia, mik\u00e4 tarjoaa tehokkaan annoksen k\u00e4yt\u00e4nn\u00f6llisess\u00e4 tablettimuodossa. N\u00e4in useiden kapseleiden ottaminen ei ole tarpeen.<\/p>\n<p data-start=\"1438\" data-end=\"1517\">Tuote on tarkoitettu p\u00e4ivitt\u00e4iseen k\u00e4ytt\u00f6\u00f6n suositellun annostuksen mukaisesti.<\/p>\n<p data-start=\"1524\" data-end=\"1564\"><strong>Kenelle Pure Grade L-Arginine sopii?<\/strong><\/p>\n<p data-start=\"1566\" data-end=\"1598\">Tuote voi olla erityisen sopiva:<\/p>\n<ul data-start=\"1600\" data-end=\"1886\">\n<li data-start=\"1600\" data-end=\"1648\">\n<p data-start=\"1602\" data-end=\"1648\">henkil\u00f6ille, joilla on aktiivinen el\u00e4m\u00e4ntapa<\/p>\n<\/li>\n<li data-start=\"1649\" data-end=\"1684\">\n<p data-start=\"1651\" data-end=\"1684\">s\u00e4\u00e4nn\u00f6llisesti harjoitteleville<\/p>\n<\/li>\n<li data-start=\"1685\" data-end=\"1758\">\n<p data-start=\"1687\" data-end=\"1758\">henkil\u00f6ille, jotka haluavat t\u00e4ydent\u00e4\u00e4 tiettyjen aminohappojen saantia<\/p>\n<\/li>\n<li data-start=\"1759\" data-end=\"1828\">\n<p data-start=\"1761\" data-end=\"1828\">henkil\u00f6ille, jotka etsiv\u00e4t korkea-annoksista arginiinivalmistetta<\/p>\n<\/li>\n<li data-start=\"1829\" data-end=\"1886\">\n<p data-start=\"1831\" data-end=\"1886\">henkil\u00f6ille, jotka suosivat tabletteja jauheen sijaan<\/p>\n<\/li>\n<\/ul>\n<p data-start=\"1893\" data-end=\"1922\"><strong>Puhdas ja korkealaatuinen<\/strong><\/p>\n<p data-start=\"1924\" data-end=\"2050\">Lamberts k\u00e4ytt\u00e4\u00e4 korkealaatuisia raaka-aineita ja valmistaa tuotteensa tiukkojen laatu- ja turvallisuusstandardien mukaisesti.<\/p>\n<p data-start=\"2052\" data-end=\"2078\">Pure Grade L-Arginine HCl:<\/p>\n<ul data-start=\"2080\" data-end=\"2258\" data-is-last-node=\"\" data-is-only-node=\"\">\n<li data-start=\"2080\" data-end=\"2123\">\n<p data-start=\"2082\" data-end=\"2123\">sis\u00e4lt\u00e4\u00e4 L-arginiinia vapaassa muodossa<\/p>\n<\/li>\n<li data-start=\"2124\" data-end=\"2150\">\n<p data-start=\"2126\" data-end=\"2150\">on tarkasti annosteltu<\/p>\n<\/li>\n<li data-start=\"2151\" data-end=\"2204\">\n<p data-start=\"2153\" data-end=\"2204\">valmistetaan korkeiden GMP-standardien mukaisesti<\/p>\n<\/li>\n<li data-start=\"2205\" data-end=\"2258\" data-is-last-node=\"\">\n<p data-start=\"2207\" data-end=\"2258\" data-is-last-node=\"\">on kehitetty puhtautta ja stabiilisuutta painottaen<\/p>\n<\/li>\n<\/ul>\n","protected":false},"excerpt":{"rendered":"<div class=\"flex flex-col text-sm pb-25\">\n<article class=\"text-token-text-primary w-full focus:outline-none [--shadow-height:45px] has-data-writing-block:pointer-events-none has-data-writing-block:-mt-(--shadow-height) has-data-writing-block:pt-(--shadow-height) [&amp;:has([data-writing-block])&gt;*]:pointer-events-auto scroll-mt-[calc(var(--header-height)+min(200px,max(70px,20svh)))]\" dir=\"auto\" tabindex=\"-1\" data-turn-id=\"request-698a1824-1cb0-8333-9a3e-4ef56302f53a-62\" data-testid=\"conversation-turn-222\" data-scroll-anchor=\"true\" data-turn=\"assistant\">\n<div class=\"text-base my-auto mx-auto pb-10 [--thread-content-margin:--spacing(4)] @w-sm\/main:[--thread-content-margin:--spacing(6)] @w-lg\/main:[--thread-content-margin:--spacing(16)] px-(--thread-content-margin)\">\n<div class=\"[--thread-content-max-width:40rem] @w-lg\/main:[--thread-content-max-width:48rem] mx-auto max-w-(--thread-content-max-width) flex-1 group\/turn-messages focus-visible:outline-hidden relative flex w-full min-w-0 flex-col agent-turn\" tabindex=\"-1\">\n<div class=\"flex max-w-full flex-col grow\">\n<div class=\"min-h-8 text-message relative flex w-full flex-col items-end gap-2 text-start break-words whitespace-normal [.text-message+&amp;]:mt-1\" dir=\"auto\" data-message-author-role=\"assistant\" data-message-id=\"70f812d7-6894-48ca-993c-386bf2901924\" data-message-model-slug=\"gpt-5-2\">\n<div class=\"flex w-full flex-col gap-1 empty:hidden first:pt-[1px]\">\n<div class=\"markdown prose dark:prose-invert w-full wrap-break-word light markdown-new-styling\">\n<p data-start=\"0\" data-end=\"395\">Pure Grade L-Arginine HCl 1000 mg Lambertsilta on korkealaatuinen ja vahva L-arginiinivalmiste vapaassa muodossa, kehitetty nopeaan imeytymiseen ja helppoon k\u00e4ytt\u00f6\u00f6n. Harkittu valinta sinulle, joka haluat t\u00e4ydent\u00e4\u00e4 t\u00e4m\u00e4n t\u00e4rke\u00e4n aminohapon p\u00e4ivitt\u00e4ist\u00e4 saantia. Puhdas, vapaa aminohappomuoto, joka on valmis imeytym\u00e4\u00e4n elimist\u00f6\u00f6n ilman, ett\u00e4 sit\u00e4 tarvitsee pilkkoa ruoansulatusentsyymien avulla.<\/p>\n<ul>\n<li data-start=\"397\" data-end=\"568\">Jokainen tabletti sis\u00e4lt\u00e4\u00e4 1000 mg L-arginiini HCl:\u00e4\u00e4.<\/li>\n<li data-start=\"397\" data-end=\"568\">Valmistettu Isossa-Britanniassa farmaseuttisten GMP-standardien mukaisesti.<\/li>\n<li data-start=\"397\" data-end=\"568\">Sopii kasvissy\u00f6jille ja vegaaneille.<\/li>\n<\/ul>\n<p data-start=\"570\" data-end=\"582\" data-is-last-node=\"\" data-is-only-node=\"\"><strong>90 tablettia<\/strong><\/p>\n<\/div>\n<\/div>\n<\/div>\n<\/div>\n<div class=\"z-0 flex min-h-[46px] justify-start\"><\/div>\n<div class=\"mt-3 w-full empty:hidden\">\n<div class=\"text-center\"><\/div>\n<\/div>\n<\/div>\n<\/div>\n<\/article>\n<\/div>\n<div class=\"pointer-events-none h-px w-px absolute bottom-0\" aria-hidden=\"true\" data-edge=\"true\"><\/div>\n","protected":false},"featured_media":11162,"comment_status":"closed","ping_status":"closed","template":"","meta":{"_acf_changed":false,"inline_featured_image":false,"_kad_blocks_custom_css":"","_kad_blocks_head_custom_js":"","_kad_blocks_body_custom_js":"","_kad_blocks_footer_custom_js":"","_kadence_starter_templates_imported_post":false,"_kad_post_transparent":"default","_kad_post_title":"","_kad_post_layout":"default","_kad_post_sidebar_id":"","_kad_post_content_style":"default","_kad_post_vertical_padding":"default","_kad_post_feature":"","_kad_post_feature_position":"","_kad_post_header":false,"_kad_post_footer":false},"product_brand":[],"product_cat":[88,2444],"product_tag":[5543,409,5648,1235,5589,5649,4532,1455,4707,476,5650,5546,5651,4419,1599],"class_list":{"0":"post-11389","1":"product","2":"type-product","3":"status-publish","4":"has-post-thumbnail","6":"product_cat-aminosyror-fi","7":"product_cat-lamberts-fi","8":"product_tag-aktiv-livsstil-fi","9":"product_tag-aminohappo","10":"product_tag-blodflode-fi","11":"product_tag-energia","12":"product_tag-halsa-fi","13":"product_tag-l-arginin-fi","14":"product_tag-lamberts-fi","15":"product_tag-lihasten-kasvua","16":"product_tag-lihasten-rakentaminen","17":"product_tag-lisaravinne","18":"product_tag-nitrogenoxid-fi","19":"product_tag-prestation-fi","20":"product_tag-stod-for-blodcirkulation-fi","21":"product_tag-sydanterveytta","22":"product_tag-treenaus","24":"first","25":"instock","26":"taxable","27":"shipping-taxable","28":"purchasable","29":"product-type-simple","30":"entry","31":"content-bg","32":"loop-entry"},"acf":[],"yoast_head":"<!-- This site is optimized with the Yoast SEO plugin v25.8 - https:\/\/yoast.com\/wordpress\/plugins\/seo\/ -->\n<title>L-Arginiini HCl 1000 mg - Lamberts - Reviva<\/title>\n<meta name=\"description\" content=\"L-Arginine HCl - Lamberts sis\u00e4lt\u00e4\u00e4 1000 mg L-arginiinia, joka auttaa laajentamaan verisuonia ja parantamaan verenkiertoa.\" \/>\n<meta name=\"robots\" content=\"index, follow, max-snippet:-1, max-image-preview:large, max-video-preview:-1\" \/>\n<link rel=\"canonical\" href=\"https:\/\/reviva.fi\/fi\/tuote\/l-arginine-hcl-lamberts\/\" \/>\n<meta property=\"og:locale\" content=\"fi_FI\" \/>\n<meta property=\"og:type\" content=\"article\" \/>\n<meta property=\"og:title\" content=\"L-Arginiini HCl 1000 mg - Lamberts - Reviva\" \/>\n<meta property=\"og:description\" content=\"L-Arginine HCl - Lamberts sis\u00e4lt\u00e4\u00e4 1000 mg L-arginiinia, joka auttaa laajentamaan verisuonia ja parantamaan verenkiertoa.\" \/>\n<meta property=\"og:url\" content=\"https:\/\/reviva.fi\/fi\/tuote\/l-arginine-hcl-lamberts\/\" \/>\n<meta property=\"og:site_name\" content=\"Reviva\" \/>\n<meta property=\"article:modified_time\" content=\"2026-02-20T08:18:53+00:00\" \/>\n<meta property=\"og:image\" content=\"https:\/\/reviva.fi\/wp-content\/uploads\/2025\/03\/8301-L-arginin.jpg\" \/>\n\t<meta property=\"og:image:width\" content=\"780\" \/>\n\t<meta property=\"og:image:height\" content=\"780\" \/>\n\t<meta property=\"og:image:type\" content=\"image\/jpeg\" \/>\n<meta name=\"twitter:card\" content=\"summary_large_image\" \/>\n<script type=\"application\/ld+json\" class=\"yoast-schema-graph\">{\"@context\":\"https:\/\/schema.org\",\"@graph\":[{\"@type\":\"WebPage\",\"@id\":\"https:\/\/reviva.fi\/fi\/tuote\/l-arginine-hcl-lamberts\/\",\"url\":\"https:\/\/reviva.fi\/fi\/tuote\/l-arginine-hcl-lamberts\/\",\"name\":\"L-Arginiini HCl 1000 mg - Lamberts - Reviva\",\"isPartOf\":{\"@id\":\"https:\/\/reviva.fi\/fi\/#website\"},\"primaryImageOfPage\":{\"@id\":\"https:\/\/reviva.fi\/fi\/tuote\/l-arginine-hcl-lamberts\/#primaryimage\"},\"image\":{\"@id\":\"https:\/\/reviva.fi\/fi\/tuote\/l-arginine-hcl-lamberts\/#primaryimage\"},\"thumbnailUrl\":\"https:\/\/reviva.fi\/wp-content\/uploads\/2025\/03\/8301-L-arginin.jpg\",\"datePublished\":\"2025-03-03T10:47:08+00:00\",\"dateModified\":\"2026-02-20T08:18:53+00:00\",\"description\":\"L-Arginine HCl - Lamberts sis\u00e4lt\u00e4\u00e4 1000 mg L-arginiinia, joka auttaa laajentamaan verisuonia ja parantamaan verenkiertoa.\",\"breadcrumb\":{\"@id\":\"https:\/\/reviva.fi\/fi\/tuote\/l-arginine-hcl-lamberts\/#breadcrumb\"},\"inLanguage\":\"fi\",\"potentialAction\":[{\"@type\":\"ReadAction\",\"target\":[\"https:\/\/reviva.fi\/fi\/tuote\/l-arginine-hcl-lamberts\/\"]}]},{\"@type\":\"ImageObject\",\"inLanguage\":\"fi\",\"@id\":\"https:\/\/reviva.fi\/fi\/tuote\/l-arginine-hcl-lamberts\/#primaryimage\",\"url\":\"https:\/\/reviva.fi\/wp-content\/uploads\/2025\/03\/8301-L-arginin.jpg\",\"contentUrl\":\"https:\/\/reviva.fi\/wp-content\/uploads\/2025\/03\/8301-L-arginin.jpg\",\"width\":780,\"height\":780,\"caption\":\"L-Arginine HCl - Lamberts\"},{\"@type\":\"BreadcrumbList\",\"@id\":\"https:\/\/reviva.fi\/fi\/tuote\/l-arginine-hcl-lamberts\/#breadcrumb\",\"itemListElement\":[{\"@type\":\"ListItem\",\"position\":1,\"name\":\"Etusivu\",\"item\":\"https:\/\/reviva.fi\/fi\/\"},{\"@type\":\"ListItem\",\"position\":2,\"name\":\"Tuotteet\",\"item\":\"https:\/\/reviva.fi\/produkter\/\"},{\"@type\":\"ListItem\",\"position\":3,\"name\":\"L-Arginiini HCl 1000 mg &#8211; Lamberts\"}]},{\"@type\":\"WebSite\",\"@id\":\"https:\/\/reviva.fi\/fi\/#website\",\"url\":\"https:\/\/reviva.fi\/fi\/\",\"name\":\"Reviva\",\"description\":\"\",\"publisher\":{\"@id\":\"https:\/\/reviva.fi\/fi\/#organization\"},\"potentialAction\":[{\"@type\":\"SearchAction\",\"target\":{\"@type\":\"EntryPoint\",\"urlTemplate\":\"https:\/\/reviva.fi\/fi\/?s={search_term_string}\"},\"query-input\":{\"@type\":\"PropertyValueSpecification\",\"valueRequired\":true,\"valueName\":\"search_term_string\"}}],\"inLanguage\":\"fi\"},{\"@type\":\"Organization\",\"@id\":\"https:\/\/reviva.fi\/fi\/#organization\",\"name\":\"Reviva\",\"url\":\"https:\/\/reviva.fi\/fi\/\",\"logo\":{\"@type\":\"ImageObject\",\"inLanguage\":\"fi\",\"@id\":\"https:\/\/reviva.fi\/fi\/#\/schema\/logo\/image\/\",\"url\":\"https:\/\/reviva.fi\/wp-content\/uploads\/2023\/10\/reviva-logo2.svg\",\"contentUrl\":\"https:\/\/reviva.fi\/wp-content\/uploads\/2023\/10\/reviva-logo2.svg\",\"caption\":\"Reviva\"},\"image\":{\"@id\":\"https:\/\/reviva.fi\/fi\/#\/schema\/logo\/image\/\"}}]}<\/script>\n<meta property=\"product:price:amount\" content=\"32.90\" \/>\n<meta property=\"product:price:currency\" content=\"EUR\" \/>\n<meta property=\"og:availability\" content=\"instock\" \/>\n<meta property=\"product:availability\" content=\"instock\" \/>\n<meta property=\"product:retailer_item_id\" content=\"8301-90\" \/>\n<meta property=\"product:condition\" content=\"new\" \/>\n<!-- \/ Yoast SEO plugin. -->","yoast_head_json":{"title":"L-Arginiini HCl 1000 mg - Lamberts - Reviva","description":"L-Arginine HCl - Lamberts sis\u00e4lt\u00e4\u00e4 1000 mg L-arginiinia, joka auttaa laajentamaan verisuonia ja parantamaan verenkiertoa.","robots":{"index":"index","follow":"follow","max-snippet":"max-snippet:-1","max-image-preview":"max-image-preview:large","max-video-preview":"max-video-preview:-1"},"canonical":"https:\/\/reviva.fi\/fi\/tuote\/l-arginine-hcl-lamberts\/","og_locale":"fi_FI","og_type":"article","og_title":"L-Arginiini HCl 1000 mg - Lamberts - Reviva","og_description":"L-Arginine HCl - Lamberts sis\u00e4lt\u00e4\u00e4 1000 mg L-arginiinia, joka auttaa laajentamaan verisuonia ja parantamaan verenkiertoa.","og_url":"https:\/\/reviva.fi\/fi\/tuote\/l-arginine-hcl-lamberts\/","og_site_name":"Reviva","article_modified_time":"2026-02-20T08:18:53+00:00","og_image":[{"width":780,"height":780,"url":"https:\/\/reviva.fi\/wp-content\/uploads\/2025\/03\/8301-L-arginin.jpg","type":"image\/jpeg"}],"twitter_card":"summary_large_image","schema":{"@context":"https:\/\/schema.org","@graph":[{"@type":"WebPage","@id":"https:\/\/reviva.fi\/fi\/tuote\/l-arginine-hcl-lamberts\/","url":"https:\/\/reviva.fi\/fi\/tuote\/l-arginine-hcl-lamberts\/","name":"L-Arginiini HCl 1000 mg - Lamberts - Reviva","isPartOf":{"@id":"https:\/\/reviva.fi\/fi\/#website"},"primaryImageOfPage":{"@id":"https:\/\/reviva.fi\/fi\/tuote\/l-arginine-hcl-lamberts\/#primaryimage"},"image":{"@id":"https:\/\/reviva.fi\/fi\/tuote\/l-arginine-hcl-lamberts\/#primaryimage"},"thumbnailUrl":"https:\/\/reviva.fi\/wp-content\/uploads\/2025\/03\/8301-L-arginin.jpg","datePublished":"2025-03-03T10:47:08+00:00","dateModified":"2026-02-20T08:18:53+00:00","description":"L-Arginine HCl - Lamberts sis\u00e4lt\u00e4\u00e4 1000 mg L-arginiinia, joka auttaa laajentamaan verisuonia ja parantamaan verenkiertoa.","breadcrumb":{"@id":"https:\/\/reviva.fi\/fi\/tuote\/l-arginine-hcl-lamberts\/#breadcrumb"},"inLanguage":"fi","potentialAction":[{"@type":"ReadAction","target":["https:\/\/reviva.fi\/fi\/tuote\/l-arginine-hcl-lamberts\/"]}]},{"@type":"ImageObject","inLanguage":"fi","@id":"https:\/\/reviva.fi\/fi\/tuote\/l-arginine-hcl-lamberts\/#primaryimage","url":"https:\/\/reviva.fi\/wp-content\/uploads\/2025\/03\/8301-L-arginin.jpg","contentUrl":"https:\/\/reviva.fi\/wp-content\/uploads\/2025\/03\/8301-L-arginin.jpg","width":780,"height":780,"caption":"L-Arginine HCl - Lamberts"},{"@type":"BreadcrumbList","@id":"https:\/\/reviva.fi\/fi\/tuote\/l-arginine-hcl-lamberts\/#breadcrumb","itemListElement":[{"@type":"ListItem","position":1,"name":"Etusivu","item":"https:\/\/reviva.fi\/fi\/"},{"@type":"ListItem","position":2,"name":"Tuotteet","item":"https:\/\/reviva.fi\/produkter\/"},{"@type":"ListItem","position":3,"name":"L-Arginiini HCl 1000 mg &#8211; Lamberts"}]},{"@type":"WebSite","@id":"https:\/\/reviva.fi\/fi\/#website","url":"https:\/\/reviva.fi\/fi\/","name":"Reviva","description":"","publisher":{"@id":"https:\/\/reviva.fi\/fi\/#organization"},"potentialAction":[{"@type":"SearchAction","target":{"@type":"EntryPoint","urlTemplate":"https:\/\/reviva.fi\/fi\/?s={search_term_string}"},"query-input":{"@type":"PropertyValueSpecification","valueRequired":true,"valueName":"search_term_string"}}],"inLanguage":"fi"},{"@type":"Organization","@id":"https:\/\/reviva.fi\/fi\/#organization","name":"Reviva","url":"https:\/\/reviva.fi\/fi\/","logo":{"@type":"ImageObject","inLanguage":"fi","@id":"https:\/\/reviva.fi\/fi\/#\/schema\/logo\/image\/","url":"https:\/\/reviva.fi\/wp-content\/uploads\/2023\/10\/reviva-logo2.svg","contentUrl":"https:\/\/reviva.fi\/wp-content\/uploads\/2023\/10\/reviva-logo2.svg","caption":"Reviva"},"image":{"@id":"https:\/\/reviva.fi\/fi\/#\/schema\/logo\/image\/"}}]},"product_price_amount":"32.90","product_price_currency":"EUR","og_availability":"instock","product_availability":"instock","product_retailer_item_id":"8301-90","product_condition":"new"},"taxonomy_info":{"product_cat":[{"value":88,"label":"Aminohapot"},{"value":2444,"label":"Lamberts"}],"product_tag":[{"value":5543,"label":"Aktiv livsstil"},{"value":409,"label":"aminohappo"},{"value":5648,"label":"Blodfl\u00f6de"},{"value":1235,"label":"energia"},{"value":5589,"label":"H\u00e4lsa"},{"value":5649,"label":"L-Arginin"},{"value":4532,"label":"Lamberts"},{"value":1455,"label":"lihasten kasvua"},{"value":4707,"label":"lihasten rakentaminen"},{"value":476,"label":"lis\u00e4ravinne"},{"value":5650,"label":"Nitrogenoxid"},{"value":5546,"label":"Prestation"},{"value":5651,"label":"St\u00f6d f\u00f6r blodcirkulation"},{"value":4419,"label":"Syd\u00e4nterveytt\u00e4"},{"value":1599,"label":"treenaus"}]},"featured_image_src_large":["https:\/\/reviva.fi\/wp-content\/uploads\/2025\/03\/8301-L-arginin.jpg",780,780,false],"author_info":[],"comment_info":0,"_links":{"self":[{"href":"https:\/\/reviva.fi\/fi\/wp-json\/wp\/v2\/product\/11389","targetHints":{"allow":["GET"]}}],"collection":[{"href":"https:\/\/reviva.fi\/fi\/wp-json\/wp\/v2\/product"}],"about":[{"href":"https:\/\/reviva.fi\/fi\/wp-json\/wp\/v2\/types\/product"}],"replies":[{"embeddable":true,"href":"https:\/\/reviva.fi\/fi\/wp-json\/wp\/v2\/comments?post=11389"}],"wp:featuredmedia":[{"embeddable":true,"href":"https:\/\/reviva.fi\/fi\/wp-json\/wp\/v2\/media\/11162"}],"wp:attachment":[{"href":"https:\/\/reviva.fi\/fi\/wp-json\/wp\/v2\/media?parent=11389"}],"wp:term":[{"taxonomy":"product_brand","embeddable":true,"href":"https:\/\/reviva.fi\/fi\/wp-json\/wp\/v2\/product_brand?post=11389"},{"taxonomy":"product_cat","embeddable":true,"href":"https:\/\/reviva.fi\/fi\/wp-json\/wp\/v2\/product_cat?post=11389"},{"taxonomy":"product_tag","embeddable":true,"href":"https:\/\/reviva.fi\/fi\/wp-json\/wp\/v2\/product_tag?post=11389"}],"curies":[{"name":"wp","href":"https:\/\/api.w.org\/{rel}","templated":true}]}}