{"id":11395,"date":"2025-03-03T12:23:46","date_gmt":"2025-03-03T10:23:46","guid":{"rendered":"https:\/\/reviva.fi\/product\/zinc-15mg-lamberts\/"},"modified":"2026-02-19T15:08:05","modified_gmt":"2026-02-19T13:08:05","slug":"zinc-15mg-lamberts","status":"publish","type":"product","link":"https:\/\/reviva.fi\/fi\/tuote\/zinc-15mg-lamberts\/","title":{"rendered":"Sinkki 15mg (sitraattina) &#8211; Lamberts"},"content":{"rendered":"<p data-start=\"0\" data-end=\"76\"><strong>Hyvin imeytyv\u00e4 sinkki immuunij\u00e4rjestelm\u00e4lle, iholle ja hormonitasapainolle<\/strong><\/p>\n<p data-start=\"78\" data-end=\"368\">Lamberts Zinc 15 mg on korkealaatuinen sinkkivalmiste, joka sis\u00e4lt\u00e4\u00e4 sinkki\u00e4 sinkkisitraatin muodossa \u2013 hyvin imeytyv\u00e4ss\u00e4 ja biologisesti saatavassa muodossa t\u00e4t\u00e4 t\u00e4rke\u00e4\u00e4 hivenainetta. Jokainen tabletti sis\u00e4lt\u00e4\u00e4 15 mg sinkki\u00e4, mik\u00e4 vastaa 150 % p\u00e4ivitt\u00e4isest\u00e4 saannin vertailuarvosta (DRI).<\/p>\n<p data-start=\"370\" data-end=\"586\">Sinkki on v\u00e4ltt\u00e4m\u00e4t\u00f6n kivenn\u00e4isaine, joka osallistuu yli 300 entsymaattiseen reaktioon elimist\u00f6ss\u00e4 ja jolla on keskeinen rooli immuunij\u00e4rjestelm\u00e4ss\u00e4, ihon hyvinvoinnissa, hedelm\u00e4llisyydess\u00e4 ja solujen uusiutumisessa.<\/p>\n<p data-start=\"588\" data-end=\"608\"><strong>Immuunij\u00e4rjestelm\u00e4<\/strong><\/p>\n<p data-start=\"610\" data-end=\"619\">Sinkki:<\/p>\n<ul>\n<li data-start=\"621\" data-end=\"670\">edist\u00e4\u00e4 immuunij\u00e4rjestelm\u00e4n normaalia toimintaa<\/li>\n<li data-start=\"621\" data-end=\"670\">edist\u00e4\u00e4 solujen suojaamista hapettumisstressilt\u00e4<\/li>\n<\/ul>\n<p data-start=\"724\" data-end=\"846\">Sinkki on t\u00e4rke\u00e4 osa elimist\u00f6n luonnollista puolustusj\u00e4rjestelm\u00e4\u00e4 ja osallistuu useisiin antioksidatiivisiin prosesseihin.<\/p>\n<p data-start=\"848\" data-end=\"872\"><strong>Iho, hiukset ja kynnet<\/strong><\/p>\n<p data-start=\"874\" data-end=\"883\">Sinkki:<\/p>\n<ul>\n<li data-start=\"885\" data-end=\"920\">edist\u00e4\u00e4 ihon pysymist\u00e4 normaalina<\/li>\n<li data-start=\"885\" data-end=\"920\">edist\u00e4\u00e4 hiusten pysymist\u00e4 normaaleina<\/li>\n<li data-start=\"885\" data-end=\"920\">edist\u00e4\u00e4 kynsien pysymist\u00e4 normaaleina<\/li>\n<\/ul>\n<p data-start=\"1004\" data-end=\"1080\">Sinkill\u00e4 on t\u00e4rke\u00e4 rooli solujen uusiutumisessa ja kudosten muodostumisessa.<\/p>\n<p data-start=\"1082\" data-end=\"1110\"><strong>Hedelm\u00e4llisyys ja hormonit<\/strong><\/p>\n<p data-start=\"1112\" data-end=\"1121\">Sinkki:<\/p>\n<ul>\n<li data-start=\"1123\" data-end=\"1176\">edist\u00e4\u00e4 normaalia hedelm\u00e4llisyytt\u00e4 ja lis\u00e4\u00e4ntymist\u00e4<\/li>\n<li data-start=\"1123\" data-end=\"1176\">edist\u00e4\u00e4 veren normaalien testosteronitasojen yll\u00e4pit\u00e4mist\u00e4<\/li>\n<\/ul>\n<p data-start=\"1240\" data-end=\"1313\">Sinkki on erityisen t\u00e4rke\u00e4 hormonitasapainolle ja lis\u00e4\u00e4ntymisterveydelle.<\/p>\n<p data-start=\"1315\" data-end=\"1347\"><strong>N\u00e4k\u00f6 ja kognitiivinen toiminta<\/strong><\/p>\n<p data-start=\"1349\" data-end=\"1358\">Sinkki:<\/p>\n<ul>\n<li data-start=\"1360\" data-end=\"1395\">edist\u00e4\u00e4 n\u00e4\u00f6n pysymist\u00e4 normaalina<\/li>\n<li data-start=\"1360\" data-end=\"1395\">edist\u00e4\u00e4 normaalia kognitiivista toimintaa<\/li>\n<\/ul>\n<p data-start=\"1442\" data-end=\"1480\"><strong>Solujen jakautuminen ja DNA-synteesi<\/strong><\/p>\n<p data-start=\"1482\" data-end=\"1491\">Sinkki:<\/p>\n<ul>\n<li data-start=\"1493\" data-end=\"1534\">osallistuu solujen jakautumisprosessiin<\/li>\n<li data-start=\"1493\" data-end=\"1534\">edist\u00e4\u00e4 normaalia DNA-synteesi\u00e4<\/li>\n<li data-start=\"1493\" data-end=\"1534\">edist\u00e4\u00e4 normaalia proteiinisynteesi\u00e4<\/li>\n<li data-start=\"1493\" data-end=\"1534\">edist\u00e4\u00e4 makroravintoaineiden normaalia aineenvaihduntaa<\/li>\n<\/ul>\n<p data-start=\"1670\" data-end=\"1767\">Sinkki on keskeinen ravintotekij\u00e4 elimist\u00f6n biologisille prosesseille ja kudosten uusiutumiselle.<\/p>\n<p data-start=\"1769\" data-end=\"1814\"><strong>Sinkkisitraatti \u2013 maksimaalinen imeytyminen<\/strong><\/p>\n<p data-start=\"1816\" data-end=\"2020\">T\u00e4m\u00e4 tuote sis\u00e4lt\u00e4\u00e4 sinkki\u00e4 sitraattimuodossa, joka tunnetaan hyv\u00e4st\u00e4 liukoisuudestaan ja korkeasta biologisesta hy\u00f6tyosuudestaan. Sinkkisitraatti on muoto, jonka elimist\u00f6 pystyy tehokkaasti hy\u00f6dynt\u00e4m\u00e4\u00e4n.<\/p>\n<p data-start=\"2022\" data-end=\"2143\">15 mg per tabletti tarjoaa tasapainoisen ja tehokkaan annoksen p\u00e4ivitt\u00e4iseen k\u00e4ytt\u00f6\u00f6n suositellun annostuksen mukaisesti.<\/p>\n<p data-start=\"2145\" data-end=\"2172\"><strong>Kenelle Zinc 15 mg sopii?<\/strong><\/p>\n<p data-start=\"2174\" data-end=\"2213\">Tuote voi olla erityisen hy\u00f6dyllinen:<\/p>\n<ul>\n<li data-start=\"2215\" data-end=\"2270\">henkil\u00f6ille, jotka haluavat tukea immuunij\u00e4rjestelm\u00e4\u00e4<\/li>\n<li data-start=\"2215\" data-end=\"2270\">henkil\u00f6ille, joilla on iho-ongelmia<\/li>\n<li data-start=\"2215\" data-end=\"2270\">miehille, jotka haluavat tukea hedelm\u00e4llisyytt\u00e4 ja testosteronitasoja<\/li>\n<li data-start=\"2215\" data-end=\"2270\">henkil\u00f6ille, joiden ruokavalio on yksipuolinen<\/li>\n<li data-start=\"2215\" data-end=\"2270\">kasvissy\u00f6jille ja vegaaneille<\/li>\n<li data-start=\"2215\" data-end=\"2270\">henkil\u00f6ille, joilla on lis\u00e4\u00e4ntynyt sinkin tarve<\/li>\n<\/ul>\n<p data-start=\"2518\" data-end=\"2539\"><strong>Laatua Lambertsilta<\/strong><\/p>\n<p data-start=\"2541\" data-end=\"2776\">Lamberts tunnetaan korkeista laatustandardeistaan ja huolellisesti valvotuista raaka-aineistaan. Zinc 15 mg (sitraatti) valmistetaan tiukkojen laatuvaatimusten mukaisesti puhtauden, stabiilisuuden ja oikean annostuksen varmistamiseksi.<\/p>\n<p data-start=\"2778\" data-end=\"2890\" data-is-last-node=\"\" data-is-only-node=\"\">Tabletit ovat pieni\u00e4 ja helppoja niell\u00e4 ja soveltuvat p\u00e4ivitt\u00e4iseen k\u00e4ytt\u00f6\u00f6n suositellun annostuksen mukaisesti.<\/p>\n","protected":false},"excerpt":{"rendered":"<div class=\"flex flex-col text-sm pb-25\">\n<article class=\"text-token-text-primary w-full focus:outline-none [--shadow-height:45px] has-data-writing-block:pointer-events-none has-data-writing-block:-mt-(--shadow-height) has-data-writing-block:pt-(--shadow-height) [&amp;:has([data-writing-block])&gt;*]:pointer-events-auto scroll-mt-[calc(var(--header-height)+min(200px,max(70px,20svh)))]\" dir=\"auto\" tabindex=\"-1\" data-turn-id=\"request-698a1824-1cb0-8333-9a3e-4ef56302f53a-48\" data-testid=\"conversation-turn-194\" data-scroll-anchor=\"true\" data-turn=\"assistant\">\n<div class=\"text-base my-auto mx-auto pb-10 [--thread-content-margin:--spacing(4)] @w-sm\/main:[--thread-content-margin:--spacing(6)] @w-lg\/main:[--thread-content-margin:--spacing(16)] px-(--thread-content-margin)\">\n<div class=\"[--thread-content-max-width:40rem] @w-lg\/main:[--thread-content-max-width:48rem] mx-auto max-w-(--thread-content-max-width) flex-1 group\/turn-messages focus-visible:outline-hidden relative flex w-full min-w-0 flex-col agent-turn\" tabindex=\"-1\">\n<div class=\"flex max-w-full flex-col grow\">\n<div class=\"min-h-8 text-message relative flex w-full flex-col items-end gap-2 text-start break-words whitespace-normal [.text-message+&amp;]:mt-1\" dir=\"auto\" data-message-author-role=\"assistant\" data-message-id=\"653fea79-4c21-4e4b-978d-566d9111a1f0\" data-message-model-slug=\"gpt-5-2\">\n<div class=\"flex w-full flex-col gap-1 empty:hidden first:pt-[1px]\">\n<div class=\"markdown prose dark:prose-invert w-full wrap-break-word light markdown-new-styling\">\n<p data-start=\"0\" data-end=\"401\">Zinc 15 mg (sitraattina) \u2013 Maximal Absorption Lambertsilta on hyvin imeytyv\u00e4 sinkkivalmiste, joka edist\u00e4\u00e4 immuunij\u00e4rjestelm\u00e4n normaalia toimintaa, ihon, hiusten ja kynsien pysymist\u00e4 normaaleina, normaalia hedelm\u00e4llisyytt\u00e4 ja lis\u00e4\u00e4ntymist\u00e4 sek\u00e4 solujen suojaamista hapettumisstressilt\u00e4 \u2013 biologisesti hyvin saatavassa ja tarkasti annostellussa muodossa. Erinomainen ravintolis\u00e4 pitk\u00e4aikaiseen k\u00e4ytt\u00f6\u00f6n.<\/p>\n<ul>\n<li data-start=\"403\" data-end=\"663\">Sinkkisitraatti tunnetaan hyvin imeytyv\u00e4n\u00e4 sinkin muotona.<\/li>\n<li data-start=\"403\" data-end=\"663\">Sinkki edist\u00e4\u00e4 immuunij\u00e4rjestelm\u00e4n normaalia toimintaa, normaalia hedelm\u00e4llisyytt\u00e4 ja lis\u00e4\u00e4ntymist\u00e4 sek\u00e4 n\u00e4\u00f6n pysymist\u00e4 normaalina.<\/li>\n<li data-start=\"403\" data-end=\"663\">Se edist\u00e4\u00e4 my\u00f6s hiusten, ihon ja kynsien pysymist\u00e4 normaaleina.<\/li>\n<\/ul>\n<p data-start=\"665\" data-end=\"787\">N\u00e4m\u00e4 pienet, helposti nielt\u00e4v\u00e4t tabletit valmistetaan Isossa-Britanniassa farmaseuttisten GMP-laatustandardien mukaisesti.<\/p>\n<p data-start=\"789\" data-end=\"809\" data-is-last-node=\"\" data-is-only-node=\"\"><strong>90 tai 180 tablettia<\/strong><\/p>\n<\/div>\n<\/div>\n<\/div>\n<\/div>\n<div class=\"z-0 flex min-h-[46px] justify-start\"><\/div>\n<\/div>\n<\/div>\n<\/article>\n<\/div>\n","protected":false},"featured_media":11153,"comment_status":"closed","ping_status":"closed","template":"","meta":{"_acf_changed":false,"inline_featured_image":false,"_kad_blocks_custom_css":"","_kad_blocks_head_custom_js":"","_kad_blocks_body_custom_js":"","_kad_blocks_footer_custom_js":"","_kadence_starter_templates_imported_post":false,"_kad_post_transparent":"default","_kad_post_title":"","_kad_post_layout":"default","_kad_post_sidebar_id":"","_kad_post_content_style":"default","_kad_post_vertical_padding":"default","_kad_post_feature":"","_kad_post_feature_position":"","_kad_post_header":false,"_kad_post_footer":false},"product_brand":[],"product_cat":[93,5974,2444,2387,2357,2350],"product_tag":[5656,412,5589,5653,3385,442,444,4532,476,4432,5654,5655,2962,4675],"class_list":{"0":"post-11395","1":"product","2":"type-product","3":"status-publish","4":"has-post-thumbnail","6":"product_cat-mineraler-fi","7":"product_cat-zink-fi","8":"product_cat-lamberts-fi","9":"product_cat-mage-och-tarm-fi","10":"product_cat-immunforsvar-fi","11":"product_cat-hud-och-skonhet-fi","12":"product_tag-15mg-fi","13":"product_tag-antioksidantti","14":"product_tag-halsa-fi","15":"product_tag-harvaxt-fi","16":"product_tag-hudhalsa-fi","17":"product_tag-ihonhoito","18":"product_tag-immuunijarjestelma","19":"product_tag-lamberts-fi","20":"product_tag-lisaravinne","21":"product_tag-luuston-terveytta","22":"product_tag-metall-fi","23":"product_tag-mikronaringsamne-fi","24":"product_tag-sinkki","25":"product_tag-solujen-korjaus","27":"first","28":"instock","29":"taxable","30":"shipping-taxable","31":"purchasable","32":"product-type-variable","33":"entry","34":"content-bg","35":"loop-entry"},"acf":[],"yoast_head":"<!-- This site is optimized with the Yoast SEO plugin v25.8 - https:\/\/yoast.com\/wordpress\/plugins\/seo\/ -->\n<title>Sinkki 15mg (sitraattina) - Lamberts - Reviva<\/title>\n<meta name=\"description\" content=\"Sinkki 15mg - Lamberts Sis\u00e4lt\u00e4\u00e4 15 mg sinkki\u00e4 per tabletti. Edist\u00e4\u00e4 immuunij\u00e4rjestelm\u00e4n normaalia toimintaa, ihon terveytt\u00e4 sek\u00e4 normaalia DNA-synteesi\u00e4.\" \/>\n<meta name=\"robots\" content=\"index, follow, max-snippet:-1, max-image-preview:large, max-video-preview:-1\" \/>\n<link rel=\"canonical\" href=\"https:\/\/reviva.fi\/fi\/tuote\/zinc-15mg-lamberts\/\" \/>\n<meta property=\"og:locale\" content=\"fi_FI\" \/>\n<meta property=\"og:type\" content=\"article\" \/>\n<meta property=\"og:title\" content=\"Sinkki 15mg (sitraattina) - Lamberts - Reviva\" \/>\n<meta property=\"og:description\" content=\"Sinkki 15mg - Lamberts Sis\u00e4lt\u00e4\u00e4 15 mg sinkki\u00e4 per tabletti. Edist\u00e4\u00e4 immuunij\u00e4rjestelm\u00e4n normaalia toimintaa, ihon terveytt\u00e4 sek\u00e4 normaalia DNA-synteesi\u00e4.\" \/>\n<meta property=\"og:url\" content=\"https:\/\/reviva.fi\/fi\/tuote\/zinc-15mg-lamberts\/\" \/>\n<meta property=\"og:site_name\" content=\"Reviva\" \/>\n<meta property=\"article:modified_time\" content=\"2026-02-19T13:08:05+00:00\" \/>\n<meta property=\"og:image\" content=\"https:\/\/reviva.fi\/wp-content\/uploads\/2025\/03\/8282-Zinc-15-mg.jpg\" \/>\n\t<meta property=\"og:image:width\" content=\"780\" \/>\n\t<meta property=\"og:image:height\" content=\"780\" \/>\n\t<meta property=\"og:image:type\" content=\"image\/jpeg\" \/>\n<meta name=\"twitter:card\" content=\"summary_large_image\" \/>\n<script type=\"application\/ld+json\" class=\"yoast-schema-graph\">{\"@context\":\"https:\/\/schema.org\",\"@graph\":[{\"@type\":\"WebPage\",\"@id\":\"https:\/\/reviva.fi\/fi\/tuote\/zinc-15mg-lamberts\/\",\"url\":\"https:\/\/reviva.fi\/fi\/tuote\/zinc-15mg-lamberts\/\",\"name\":\"Sinkki 15mg (sitraattina) - Lamberts - Reviva\",\"isPartOf\":{\"@id\":\"https:\/\/reviva.fi\/fi\/#website\"},\"primaryImageOfPage\":{\"@id\":\"https:\/\/reviva.fi\/fi\/tuote\/zinc-15mg-lamberts\/#primaryimage\"},\"image\":{\"@id\":\"https:\/\/reviva.fi\/fi\/tuote\/zinc-15mg-lamberts\/#primaryimage\"},\"thumbnailUrl\":\"https:\/\/reviva.fi\/wp-content\/uploads\/2025\/03\/8282-Zinc-15-mg.jpg\",\"datePublished\":\"2025-03-03T10:23:46+00:00\",\"dateModified\":\"2026-02-19T13:08:05+00:00\",\"description\":\"Sinkki 15mg - Lamberts Sis\u00e4lt\u00e4\u00e4 15 mg sinkki\u00e4 per tabletti. Edist\u00e4\u00e4 immuunij\u00e4rjestelm\u00e4n normaalia toimintaa, ihon terveytt\u00e4 sek\u00e4 normaalia DNA-synteesi\u00e4.\",\"breadcrumb\":{\"@id\":\"https:\/\/reviva.fi\/fi\/tuote\/zinc-15mg-lamberts\/#breadcrumb\"},\"inLanguage\":\"fi\",\"potentialAction\":[{\"@type\":\"ReadAction\",\"target\":[\"https:\/\/reviva.fi\/fi\/tuote\/zinc-15mg-lamberts\/\"]}]},{\"@type\":\"ImageObject\",\"inLanguage\":\"fi\",\"@id\":\"https:\/\/reviva.fi\/fi\/tuote\/zinc-15mg-lamberts\/#primaryimage\",\"url\":\"https:\/\/reviva.fi\/wp-content\/uploads\/2025\/03\/8282-Zinc-15-mg.jpg\",\"contentUrl\":\"https:\/\/reviva.fi\/wp-content\/uploads\/2025\/03\/8282-Zinc-15-mg.jpg\",\"width\":780,\"height\":780,\"caption\":\"Zinc 15mg - Lamberts\"},{\"@type\":\"BreadcrumbList\",\"@id\":\"https:\/\/reviva.fi\/fi\/tuote\/zinc-15mg-lamberts\/#breadcrumb\",\"itemListElement\":[{\"@type\":\"ListItem\",\"position\":1,\"name\":\"Etusivu\",\"item\":\"https:\/\/reviva.fi\/fi\/\"},{\"@type\":\"ListItem\",\"position\":2,\"name\":\"Tuotteet\",\"item\":\"https:\/\/reviva.fi\/produkter\/\"},{\"@type\":\"ListItem\",\"position\":3,\"name\":\"Sinkki 15mg (sitraattina) &#8211; Lamberts\"}]},{\"@type\":\"WebSite\",\"@id\":\"https:\/\/reviva.fi\/fi\/#website\",\"url\":\"https:\/\/reviva.fi\/fi\/\",\"name\":\"Reviva\",\"description\":\"\",\"publisher\":{\"@id\":\"https:\/\/reviva.fi\/fi\/#organization\"},\"potentialAction\":[{\"@type\":\"SearchAction\",\"target\":{\"@type\":\"EntryPoint\",\"urlTemplate\":\"https:\/\/reviva.fi\/fi\/?s={search_term_string}\"},\"query-input\":{\"@type\":\"PropertyValueSpecification\",\"valueRequired\":true,\"valueName\":\"search_term_string\"}}],\"inLanguage\":\"fi\"},{\"@type\":\"Organization\",\"@id\":\"https:\/\/reviva.fi\/fi\/#organization\",\"name\":\"Reviva\",\"url\":\"https:\/\/reviva.fi\/fi\/\",\"logo\":{\"@type\":\"ImageObject\",\"inLanguage\":\"fi\",\"@id\":\"https:\/\/reviva.fi\/fi\/#\/schema\/logo\/image\/\",\"url\":\"https:\/\/reviva.fi\/wp-content\/uploads\/2023\/10\/reviva-logo2.svg\",\"contentUrl\":\"https:\/\/reviva.fi\/wp-content\/uploads\/2023\/10\/reviva-logo2.svg\",\"caption\":\"Reviva\"},\"image\":{\"@id\":\"https:\/\/reviva.fi\/fi\/#\/schema\/logo\/image\/\"}}]}<\/script>\n<meta property=\"og:availability\" content=\"instock\" \/>\n<meta property=\"product:availability\" content=\"instock\" \/>\n<meta property=\"product:condition\" content=\"new\" \/>\n<!-- \/ Yoast SEO plugin. -->","yoast_head_json":{"title":"Sinkki 15mg (sitraattina) - Lamberts - Reviva","description":"Sinkki 15mg - Lamberts Sis\u00e4lt\u00e4\u00e4 15 mg sinkki\u00e4 per tabletti. Edist\u00e4\u00e4 immuunij\u00e4rjestelm\u00e4n normaalia toimintaa, ihon terveytt\u00e4 sek\u00e4 normaalia DNA-synteesi\u00e4.","robots":{"index":"index","follow":"follow","max-snippet":"max-snippet:-1","max-image-preview":"max-image-preview:large","max-video-preview":"max-video-preview:-1"},"canonical":"https:\/\/reviva.fi\/fi\/tuote\/zinc-15mg-lamberts\/","og_locale":"fi_FI","og_type":"article","og_title":"Sinkki 15mg (sitraattina) - Lamberts - Reviva","og_description":"Sinkki 15mg - Lamberts Sis\u00e4lt\u00e4\u00e4 15 mg sinkki\u00e4 per tabletti. Edist\u00e4\u00e4 immuunij\u00e4rjestelm\u00e4n normaalia toimintaa, ihon terveytt\u00e4 sek\u00e4 normaalia DNA-synteesi\u00e4.","og_url":"https:\/\/reviva.fi\/fi\/tuote\/zinc-15mg-lamberts\/","og_site_name":"Reviva","article_modified_time":"2026-02-19T13:08:05+00:00","og_image":[{"width":780,"height":780,"url":"https:\/\/reviva.fi\/wp-content\/uploads\/2025\/03\/8282-Zinc-15-mg.jpg","type":"image\/jpeg"}],"twitter_card":"summary_large_image","schema":{"@context":"https:\/\/schema.org","@graph":[{"@type":"WebPage","@id":"https:\/\/reviva.fi\/fi\/tuote\/zinc-15mg-lamberts\/","url":"https:\/\/reviva.fi\/fi\/tuote\/zinc-15mg-lamberts\/","name":"Sinkki 15mg (sitraattina) - Lamberts - Reviva","isPartOf":{"@id":"https:\/\/reviva.fi\/fi\/#website"},"primaryImageOfPage":{"@id":"https:\/\/reviva.fi\/fi\/tuote\/zinc-15mg-lamberts\/#primaryimage"},"image":{"@id":"https:\/\/reviva.fi\/fi\/tuote\/zinc-15mg-lamberts\/#primaryimage"},"thumbnailUrl":"https:\/\/reviva.fi\/wp-content\/uploads\/2025\/03\/8282-Zinc-15-mg.jpg","datePublished":"2025-03-03T10:23:46+00:00","dateModified":"2026-02-19T13:08:05+00:00","description":"Sinkki 15mg - Lamberts Sis\u00e4lt\u00e4\u00e4 15 mg sinkki\u00e4 per tabletti. Edist\u00e4\u00e4 immuunij\u00e4rjestelm\u00e4n normaalia toimintaa, ihon terveytt\u00e4 sek\u00e4 normaalia DNA-synteesi\u00e4.","breadcrumb":{"@id":"https:\/\/reviva.fi\/fi\/tuote\/zinc-15mg-lamberts\/#breadcrumb"},"inLanguage":"fi","potentialAction":[{"@type":"ReadAction","target":["https:\/\/reviva.fi\/fi\/tuote\/zinc-15mg-lamberts\/"]}]},{"@type":"ImageObject","inLanguage":"fi","@id":"https:\/\/reviva.fi\/fi\/tuote\/zinc-15mg-lamberts\/#primaryimage","url":"https:\/\/reviva.fi\/wp-content\/uploads\/2025\/03\/8282-Zinc-15-mg.jpg","contentUrl":"https:\/\/reviva.fi\/wp-content\/uploads\/2025\/03\/8282-Zinc-15-mg.jpg","width":780,"height":780,"caption":"Zinc 15mg - Lamberts"},{"@type":"BreadcrumbList","@id":"https:\/\/reviva.fi\/fi\/tuote\/zinc-15mg-lamberts\/#breadcrumb","itemListElement":[{"@type":"ListItem","position":1,"name":"Etusivu","item":"https:\/\/reviva.fi\/fi\/"},{"@type":"ListItem","position":2,"name":"Tuotteet","item":"https:\/\/reviva.fi\/produkter\/"},{"@type":"ListItem","position":3,"name":"Sinkki 15mg (sitraattina) &#8211; Lamberts"}]},{"@type":"WebSite","@id":"https:\/\/reviva.fi\/fi\/#website","url":"https:\/\/reviva.fi\/fi\/","name":"Reviva","description":"","publisher":{"@id":"https:\/\/reviva.fi\/fi\/#organization"},"potentialAction":[{"@type":"SearchAction","target":{"@type":"EntryPoint","urlTemplate":"https:\/\/reviva.fi\/fi\/?s={search_term_string}"},"query-input":{"@type":"PropertyValueSpecification","valueRequired":true,"valueName":"search_term_string"}}],"inLanguage":"fi"},{"@type":"Organization","@id":"https:\/\/reviva.fi\/fi\/#organization","name":"Reviva","url":"https:\/\/reviva.fi\/fi\/","logo":{"@type":"ImageObject","inLanguage":"fi","@id":"https:\/\/reviva.fi\/fi\/#\/schema\/logo\/image\/","url":"https:\/\/reviva.fi\/wp-content\/uploads\/2023\/10\/reviva-logo2.svg","contentUrl":"https:\/\/reviva.fi\/wp-content\/uploads\/2023\/10\/reviva-logo2.svg","caption":"Reviva"},"image":{"@id":"https:\/\/reviva.fi\/fi\/#\/schema\/logo\/image\/"}}]},"og_availability":"instock","product_availability":"instock","product_condition":"new"},"taxonomy_info":{"product_cat":[{"value":93,"label":"Mineraalit"},{"value":5974,"label":"Sinkki"},{"value":2444,"label":"Lamberts"},{"value":2387,"label":"Maha &amp; Suolisto"},{"value":2357,"label":"Immuunipuolustus"},{"value":2350,"label":"Iho &amp; Kauneus"}],"product_tag":[{"value":5656,"label":"15mg"},{"value":412,"label":"antioksidantti"},{"value":5589,"label":"H\u00e4lsa"},{"value":5653,"label":"H\u00e5rv\u00e4xt"},{"value":3385,"label":"Hudh\u00e4lsa"},{"value":442,"label":"ihonhoito"},{"value":444,"label":"immuunij\u00e4rjestelm\u00e4"},{"value":4532,"label":"Lamberts"},{"value":476,"label":"lis\u00e4ravinne"},{"value":4432,"label":"Luuston terveytt\u00e4"},{"value":5654,"label":"Metall"},{"value":5655,"label":"Mikron\u00e4rings\u00e4mne"},{"value":2962,"label":"Sinkki"},{"value":4675,"label":"solujen korjaus"}]},"featured_image_src_large":["https:\/\/reviva.fi\/wp-content\/uploads\/2025\/03\/8282-Zinc-15-mg.jpg",780,780,false],"author_info":[],"comment_info":0,"_links":{"self":[{"href":"https:\/\/reviva.fi\/fi\/wp-json\/wp\/v2\/product\/11395","targetHints":{"allow":["GET"]}}],"collection":[{"href":"https:\/\/reviva.fi\/fi\/wp-json\/wp\/v2\/product"}],"about":[{"href":"https:\/\/reviva.fi\/fi\/wp-json\/wp\/v2\/types\/product"}],"replies":[{"embeddable":true,"href":"https:\/\/reviva.fi\/fi\/wp-json\/wp\/v2\/comments?post=11395"}],"wp:featuredmedia":[{"embeddable":true,"href":"https:\/\/reviva.fi\/fi\/wp-json\/wp\/v2\/media\/11153"}],"wp:attachment":[{"href":"https:\/\/reviva.fi\/fi\/wp-json\/wp\/v2\/media?parent=11395"}],"wp:term":[{"taxonomy":"product_brand","embeddable":true,"href":"https:\/\/reviva.fi\/fi\/wp-json\/wp\/v2\/product_brand?post=11395"},{"taxonomy":"product_cat","embeddable":true,"href":"https:\/\/reviva.fi\/fi\/wp-json\/wp\/v2\/product_cat?post=11395"},{"taxonomy":"product_tag","embeddable":true,"href":"https:\/\/reviva.fi\/fi\/wp-json\/wp\/v2\/product_tag?post=11395"}],"curies":[{"name":"wp","href":"https:\/\/api.w.org\/{rel}","templated":true}]}}