{"id":11400,"date":"2025-03-03T11:24:34","date_gmt":"2025-03-03T09:24:34","guid":{"rendered":"https:\/\/reviva.fi\/product\/selenium-200%c2%b5g-plus-lamberts\/"},"modified":"2026-02-19T14:39:31","modified_gmt":"2026-02-19T12:39:31","slug":"selenium-200%c2%b5g-plus-lamberts","status":"publish","type":"product","link":"https:\/\/reviva.fi\/fi\/tuote\/selenium-200%c2%b5g-plus-lamberts\/","title":{"rendered":"Selenium 200 \u00b5g Plus A-, C- ja E-vitamiinilla \u2013 Lamberts"},"content":{"rendered":"<p data-start=\"0\" data-end=\"78\"><strong>Edistyksellinen antioksidanttinen tuki immuunij\u00e4rjestelm\u00e4lle ja solusuojalle<\/strong><\/p>\n<p data-start=\"80\" data-end=\"292\">Lamberts Selenium 200 \u00b5g Plus on huolellisesti suunniteltu yhdistelm\u00e4 seleeni\u00e4 sek\u00e4 A-, C- ja E-vitamiinia \u2013 nelj\u00e4 t\u00e4rke\u00e4\u00e4 ravintoainetta, jotka toimivat yhdess\u00e4 elimist\u00f6n antioksidanttisessa suojaj\u00e4rjestelm\u00e4ss\u00e4.<\/p>\n<p data-start=\"294\" data-end=\"471\">Tuote on kehitetty sinulle, joka haluat kattavan p\u00e4ivitt\u00e4isen tuen immuunij\u00e4rjestelm\u00e4lle, solujen suojaukselle ja yleiselle ravitsemukselliselle tasapainolle yhdess\u00e4 tabletissa.<\/p>\n<p data-start=\"473\" data-end=\"507\"><strong>Suoja hapettumisstressi\u00e4 vastaan<\/strong><\/p>\n<p data-start=\"509\" data-end=\"538\">Seleeni, C- ja E-vitamiini:<\/p>\n<ul>\n<li data-start=\"540\" data-end=\"592\">edist\u00e4v\u00e4t solujen suojaamista hapettumisstressilt\u00e4<\/li>\n<\/ul>\n<p data-start=\"594\" data-end=\"797\">Hapettumisstressi syntyy, kun vapaiden radikaalien ja elimist\u00f6n antioksidanttisuojan v\u00e4linen tasapaino h\u00e4iriintyy. T\u00e4m\u00e4 koostumus yhdist\u00e4\u00e4 useita ravintoaineita, jotka yhdess\u00e4 auttavat suojaamaan soluja.<\/p>\n<p data-start=\"799\" data-end=\"971\">Seleeni on osa glutationiperoksidaasi-entsyymi\u00e4, kun taas C- ja E-vitamiinit ovat tunnettuja antioksidantteja, jotka t\u00e4ydent\u00e4v\u00e4t toisiaan elimist\u00f6n puolustusj\u00e4rjestelm\u00e4ss\u00e4.<\/p>\n<p data-start=\"973\" data-end=\"1008\"><strong>Kilpirauhanen ja hormonitasapaino<\/strong><\/p>\n<p data-start=\"1010\" data-end=\"1020\">Seleeni:<\/p>\n<ul>\n<li data-start=\"1022\" data-end=\"1065\">edist\u00e4\u00e4 kilpirauhasen normaalia toimintaa<\/li>\n<\/ul>\n<p data-start=\"1067\" data-end=\"1167\">Seleeni on t\u00e4rke\u00e4 kilpirauhashormonien muuntumiselle ja normaalin hormonitasapainon yll\u00e4pit\u00e4miselle.<\/p>\n<p data-start=\"1169\" data-end=\"1189\"><strong>Immuunij\u00e4rjestelm\u00e4<\/strong><\/p>\n<p data-start=\"1191\" data-end=\"1220\">A-, C-vitamiini ja seleeni:<\/p>\n<ul>\n<li data-start=\"1222\" data-end=\"1273\">edist\u00e4v\u00e4t immuunij\u00e4rjestelm\u00e4n normaalia toimintaa<\/li>\n<\/ul>\n<p data-start=\"1275\" data-end=\"1363\">N\u00e4m\u00e4 ravintoaineet toimivat yhdess\u00e4 tukien elimist\u00f6n luonnollista puolustusj\u00e4rjestelm\u00e4\u00e4.<\/p>\n<p data-start=\"1365\" data-end=\"1378\"><strong>N\u00e4k\u00f6 ja iho<\/strong><\/p>\n<p data-start=\"1380\" data-end=\"1394\">A-vitamiini:<\/p>\n<ul>\n<li data-start=\"1396\" data-end=\"1431\">edist\u00e4\u00e4 n\u00e4\u00f6n pysymist\u00e4 normaalina<\/li>\n<li data-start=\"1396\" data-end=\"1431\">edist\u00e4\u00e4 ihon pysymist\u00e4 normaalina<\/li>\n<li data-start=\"1396\" data-end=\"1431\">edist\u00e4\u00e4 immuunij\u00e4rjestelm\u00e4n normaalia toimintaa<\/li>\n<\/ul>\n<p data-start=\"1521\" data-end=\"1535\">C-vitamiini:<\/p>\n<p data-start=\"1537\" data-end=\"1632\">edist\u00e4\u00e4 normaalia kollageenin muodostumista, jolla on merkityst\u00e4 ihon normaalille toiminnalle<\/p>\n<p data-start=\"1634\" data-end=\"1653\"><strong>Hiukset ja kynnet<\/strong><\/p>\n<p data-start=\"1655\" data-end=\"1665\">Seleeni:<\/p>\n<ul>\n<li data-start=\"1667\" data-end=\"1706\">edist\u00e4\u00e4 hiusten pysymist\u00e4 normaaleina<\/li>\n<li data-start=\"1667\" data-end=\"1706\">edist\u00e4\u00e4 kynsien pysymist\u00e4 normaaleina<\/li>\n<\/ul>\n<p data-start=\"1749\" data-end=\"1784\"><strong>Energia ja v\u00e4symyksen v\u00e4heneminen<\/strong><\/p>\n<p data-start=\"1786\" data-end=\"1800\">C-vitamiini:<\/p>\n<ul>\n<li data-start=\"1802\" data-end=\"1846\">edist\u00e4\u00e4 normaalia energia-aineenvaihduntaa<\/li>\n<li data-start=\"1802\" data-end=\"1846\">auttaa v\u00e4hent\u00e4m\u00e4\u00e4n v\u00e4symyst\u00e4 ja uupumusta<\/li>\n<\/ul>\n<p data-start=\"1893\" data-end=\"1931\"><strong>T\u00e4ydellinen antioksidanttiyhdistelm\u00e4<\/strong><\/p>\n<p data-start=\"1933\" data-end=\"1955\">T\u00e4m\u00e4 tuote sis\u00e4lt\u00e4\u00e4:<\/p>\n<ul>\n<li data-start=\"1957\" data-end=\"1974\">200 \u00b5g seleeni\u00e4<\/li>\n<li data-start=\"1957\" data-end=\"1974\">A-vitamiinia<\/li>\n<li data-start=\"1957\" data-end=\"1974\">C-vitamiinia<\/li>\n<li data-start=\"1957\" data-end=\"1974\">E-vitamiinia<\/li>\n<\/ul>\n<p data-start=\"2024\" data-end=\"2141\">Yhdess\u00e4 n\u00e4m\u00e4 ravintoaineet tarjoavat laaja-alaisen tuen elimist\u00f6n antioksidanttiselle suojalle ja immuunitoiminnalle.<\/p>\n<p data-start=\"2143\" data-end=\"2180\"><strong>Kenelle Selenium 200 \u00b5g Plus sopii?<\/strong><\/p>\n<p data-start=\"2182\" data-end=\"2221\">Tuote voi olla erityisen hy\u00f6dyllinen:<\/p>\n<ul>\n<li data-start=\"2223\" data-end=\"2297\">henkil\u00f6ille, jotka haluavat vahvistaa elimist\u00f6n antioksidanttista suojaa<\/li>\n<li data-start=\"2223\" data-end=\"2297\">henkil\u00f6ille, jotka haluavat tukea immuunij\u00e4rjestelm\u00e4\u00e4<\/li>\n<li data-start=\"2223\" data-end=\"2297\">henkil\u00f6ille, jotka haluavat tukea kilpirauhasen toimintaa<\/li>\n<li data-start=\"2223\" data-end=\"2297\">henkil\u00f6ille, jotka haluavat tukea ihoa, hiuksia ja kynsi\u00e4<\/li>\n<li data-start=\"2223\" data-end=\"2297\">henkil\u00f6ille, joilla on lis\u00e4\u00e4ntynyt fyysinen tai henkinen kuormitus<\/li>\n<\/ul>\n<p data-start=\"2548\" data-end=\"2569\"><strong>Laatua Lambertsilta<\/strong><\/p>\n<p data-start=\"2571\" data-end=\"2803\">Lamberts tunnetaan korkeista laatustandardeistaan ja huolellisesti valituista raaka-aineistaan. Selenium 200 \u00b5g Plus valmistetaan tiukkojen laatuvaatimusten mukaisesti puhtauden, stabiilisuuden ja oikean annostuksen varmistamiseksi.<\/p>\n<p data-start=\"2805\" data-end=\"2887\" data-is-last-node=\"\" data-is-only-node=\"\">Tabletit on suunniteltu p\u00e4ivitt\u00e4iseen k\u00e4ytt\u00f6\u00f6n suositellun annostuksen mukaisesti.<\/p>\n","protected":false},"excerpt":{"rendered":"<div class=\"flex flex-col text-sm pb-25\">\n<article class=\"text-token-text-primary w-full focus:outline-none [--shadow-height:45px] has-data-writing-block:pointer-events-none has-data-writing-block:-mt-(--shadow-height) has-data-writing-block:pt-(--shadow-height) [&amp;:has([data-writing-block])&gt;*]:pointer-events-auto scroll-mt-[calc(var(--header-height)+min(200px,max(70px,20svh)))]\" dir=\"auto\" tabindex=\"-1\" data-turn-id=\"request-698a1824-1cb0-8333-9a3e-4ef56302f53a-45\" data-testid=\"conversation-turn-188\" data-scroll-anchor=\"true\" data-turn=\"assistant\">\n<div class=\"text-base my-auto mx-auto pb-10 [--thread-content-margin:--spacing(4)] @w-sm\/main:[--thread-content-margin:--spacing(6)] @w-lg\/main:[--thread-content-margin:--spacing(16)] px-(--thread-content-margin)\">\n<div class=\"[--thread-content-max-width:40rem] @w-lg\/main:[--thread-content-max-width:48rem] mx-auto max-w-(--thread-content-max-width) flex-1 group\/turn-messages focus-visible:outline-hidden relative flex w-full min-w-0 flex-col agent-turn\" tabindex=\"-1\">\n<div class=\"flex max-w-full flex-col grow\">\n<div class=\"min-h-8 text-message relative flex w-full flex-col items-end gap-2 text-start break-words whitespace-normal [.text-message+&amp;]:mt-1\" dir=\"auto\" data-message-author-role=\"assistant\" data-message-id=\"ac36961f-922e-4b1d-bf4f-881dd2138161\" data-message-model-slug=\"gpt-5-2\">\n<div class=\"flex w-full flex-col gap-1 empty:hidden first:pt-[1px]\">\n<div class=\"markdown prose dark:prose-invert w-full wrap-break-word light markdown-new-styling\">\n<p data-start=\"0\" data-end=\"429\">Selenium 200 \u00b5g Plus A-, C- ja E-vitamiinilla Lambertsilta on edistyksellinen antioksidanttikompleksi, joka edist\u00e4\u00e4 solujen suojaamista hapettumisstressilt\u00e4, kilpirauhasen normaalia toimintaa, immuunij\u00e4rjestelm\u00e4n normaalia toimintaa sek\u00e4 hiusten, ihon ja kynsien pysymist\u00e4 normaaleina \u2013 tasapainoisessa ja k\u00e4yt\u00e4nn\u00f6llisess\u00e4 p\u00e4ivitt\u00e4isannoksessa. Sis\u00e4lt\u00e4\u00e4 200 \u00b5g seleeni\u00e4 (kaksinkertainen m\u00e4\u00e4r\u00e4 verrattuna useimpiin valmisteisiin).<\/p>\n<ul>\n<li data-start=\"431\" data-end=\"488\">Yhdistetty merkitt\u00e4viin m\u00e4\u00e4riin A-, C- ja E-vitamiinia.<\/li>\n<li data-start=\"431\" data-end=\"488\">Valmiste osallistuu my\u00f6s solujen suojaamiseen hapettumisstressilt\u00e4 (vapaiden radikaalien aiheuttama) ja tukee miehen hedelm\u00e4llisyytt\u00e4 edist\u00e4m\u00e4ll\u00e4 normaalia spermatogeneesi\u00e4.<\/li>\n<li data-start=\"431\" data-end=\"488\">One-a-Day -koostumus.<\/li>\n<\/ul>\n<p data-start=\"692\" data-end=\"705\" data-is-last-node=\"\" data-is-only-node=\"\"><strong>100 tablettia<\/strong><\/p>\n<\/div>\n<\/div>\n<\/div>\n<\/div>\n<div class=\"z-0 flex min-h-[46px] justify-start\"><\/div>\n<div class=\"mt-3 w-full empty:hidden\">\n<div class=\"text-center\"><\/div>\n<\/div>\n<\/div>\n<\/div>\n<\/article>\n<\/div>\n<div class=\"pointer-events-none h-px w-px absolute bottom-0\" aria-hidden=\"true\" data-edge=\"true\"><\/div>\n","protected":false},"featured_media":11148,"comment_status":"closed","ping_status":"closed","template":"","meta":{"_acf_changed":false,"inline_featured_image":false,"_kad_blocks_custom_css":"","_kad_blocks_head_custom_js":"","_kad_blocks_body_custom_js":"","_kad_blocks_footer_custom_js":"","_kadence_starter_templates_imported_post":false,"_kad_post_transparent":"default","_kad_post_title":"","_kad_post_layout":"default","_kad_post_sidebar_id":"","_kad_post_content_style":"default","_kad_post_vertical_padding":"default","_kad_post_feature":"","_kad_post_feature_position":"","_kad_post_header":false,"_kad_post_footer":false},"product_brand":[],"product_cat":[93,5973,5978,2444,2366],"product_tag":[5657,4422,412,5589,3385,444,4552,4532,476,4796,2919,5658,4419,1253],"class_list":{"0":"post-11400","1":"product","2":"type-product","3":"status-publish","4":"has-post-thumbnail","6":"product_cat-mineraler-fi","7":"product_cat-selen-fi","8":"product_cat-multi-produkter-fi","9":"product_cat-lamberts-fi","10":"product_cat-lever-och-njurar-fi","11":"product_tag-200g-fi","12":"product_tag-aineenvaihduntaa-fi","13":"product_tag-antioksidantti","14":"product_tag-halsa-fi","15":"product_tag-hudhalsa-fi","16":"product_tag-immuunijarjestelma","17":"product_tag-kilpirauhasen-toimintaa","18":"product_tag-lamberts-fi","19":"product_tag-lisaravinne","20":"product_tag-mineraali","21":"product_tag-seleeni","22":"product_tag-skydd-mot-oxidativ-stress-fi","23":"product_tag-sydanterveytta","24":"product_tag-vapaat-radikaalit","26":"first","27":"instock","28":"taxable","29":"shipping-taxable","30":"purchasable","31":"product-type-simple","32":"entry","33":"content-bg","34":"loop-entry"},"acf":[],"yoast_head":"<!-- This site is optimized with the Yoast SEO plugin v25.8 - https:\/\/yoast.com\/wordpress\/plugins\/seo\/ -->\n<title>Selenium 200 \u00b5g Plus A-, C- ja E-vitamiinilla \u2013 Lamberts - Reviva<\/title>\n<meta name=\"description\" content=\"Seleeni 200\u00b5g plus - Lamberts Tarjoaa 200 \u00b5g seleeni\u00e4 per tabletti. Suojaa soluja oksidatiiviselta stressilt\u00e4 ja tukee immuunij\u00e4rjestelm\u00e4n toimintaa.\" \/>\n<meta name=\"robots\" content=\"index, follow, max-snippet:-1, max-image-preview:large, max-video-preview:-1\" \/>\n<link rel=\"canonical\" href=\"https:\/\/reviva.fi\/fi\/tuote\/selenium-200%c2%b5g-plus-lamberts\/\" \/>\n<meta property=\"og:locale\" content=\"fi_FI\" \/>\n<meta property=\"og:type\" content=\"article\" \/>\n<meta property=\"og:title\" content=\"Selenium 200 \u00b5g Plus A-, C- ja E-vitamiinilla \u2013 Lamberts - Reviva\" \/>\n<meta property=\"og:description\" content=\"Seleeni 200\u00b5g plus - Lamberts Tarjoaa 200 \u00b5g seleeni\u00e4 per tabletti. Suojaa soluja oksidatiiviselta stressilt\u00e4 ja tukee immuunij\u00e4rjestelm\u00e4n toimintaa.\" \/>\n<meta property=\"og:url\" content=\"https:\/\/reviva.fi\/fi\/tuote\/selenium-200%c2%b5g-plus-lamberts\/\" \/>\n<meta property=\"og:site_name\" content=\"Reviva\" \/>\n<meta property=\"article:modified_time\" content=\"2026-02-19T12:39:31+00:00\" \/>\n<meta property=\"og:image\" content=\"https:\/\/reviva.fi\/wp-content\/uploads\/2025\/03\/8273-Selenium-200mcg.jpg\" \/>\n\t<meta property=\"og:image:width\" content=\"780\" \/>\n\t<meta property=\"og:image:height\" content=\"780\" \/>\n\t<meta property=\"og:image:type\" content=\"image\/jpeg\" \/>\n<meta name=\"twitter:card\" content=\"summary_large_image\" \/>\n<script type=\"application\/ld+json\" class=\"yoast-schema-graph\">{\"@context\":\"https:\/\/schema.org\",\"@graph\":[{\"@type\":\"WebPage\",\"@id\":\"https:\/\/reviva.fi\/fi\/tuote\/selenium-200%c2%b5g-plus-lamberts\/\",\"url\":\"https:\/\/reviva.fi\/fi\/tuote\/selenium-200%c2%b5g-plus-lamberts\/\",\"name\":\"Selenium 200 \u00b5g Plus A-, C- ja E-vitamiinilla \u2013 Lamberts - Reviva\",\"isPartOf\":{\"@id\":\"https:\/\/reviva.fi\/fi\/#website\"},\"primaryImageOfPage\":{\"@id\":\"https:\/\/reviva.fi\/fi\/tuote\/selenium-200%c2%b5g-plus-lamberts\/#primaryimage\"},\"image\":{\"@id\":\"https:\/\/reviva.fi\/fi\/tuote\/selenium-200%c2%b5g-plus-lamberts\/#primaryimage\"},\"thumbnailUrl\":\"https:\/\/reviva.fi\/wp-content\/uploads\/2025\/03\/8273-Selenium-200mcg.jpg\",\"datePublished\":\"2025-03-03T09:24:34+00:00\",\"dateModified\":\"2026-02-19T12:39:31+00:00\",\"description\":\"Seleeni 200\u00b5g plus - Lamberts Tarjoaa 200 \u00b5g seleeni\u00e4 per tabletti. Suojaa soluja oksidatiiviselta stressilt\u00e4 ja tukee immuunij\u00e4rjestelm\u00e4n toimintaa.\",\"breadcrumb\":{\"@id\":\"https:\/\/reviva.fi\/fi\/tuote\/selenium-200%c2%b5g-plus-lamberts\/#breadcrumb\"},\"inLanguage\":\"fi\",\"potentialAction\":[{\"@type\":\"ReadAction\",\"target\":[\"https:\/\/reviva.fi\/fi\/tuote\/selenium-200%c2%b5g-plus-lamberts\/\"]}]},{\"@type\":\"ImageObject\",\"inLanguage\":\"fi\",\"@id\":\"https:\/\/reviva.fi\/fi\/tuote\/selenium-200%c2%b5g-plus-lamberts\/#primaryimage\",\"url\":\"https:\/\/reviva.fi\/wp-content\/uploads\/2025\/03\/8273-Selenium-200mcg.jpg\",\"contentUrl\":\"https:\/\/reviva.fi\/wp-content\/uploads\/2025\/03\/8273-Selenium-200mcg.jpg\",\"width\":780,\"height\":780,\"caption\":\"Selenium 200\u00b5g plus - Lamberts\"},{\"@type\":\"BreadcrumbList\",\"@id\":\"https:\/\/reviva.fi\/fi\/tuote\/selenium-200%c2%b5g-plus-lamberts\/#breadcrumb\",\"itemListElement\":[{\"@type\":\"ListItem\",\"position\":1,\"name\":\"Etusivu\",\"item\":\"https:\/\/reviva.fi\/fi\/\"},{\"@type\":\"ListItem\",\"position\":2,\"name\":\"Tuotteet\",\"item\":\"https:\/\/reviva.fi\/produkter\/\"},{\"@type\":\"ListItem\",\"position\":3,\"name\":\"Selenium 200 \u00b5g Plus A-, C- ja E-vitamiinilla \u2013 Lamberts\"}]},{\"@type\":\"WebSite\",\"@id\":\"https:\/\/reviva.fi\/fi\/#website\",\"url\":\"https:\/\/reviva.fi\/fi\/\",\"name\":\"Reviva\",\"description\":\"\",\"publisher\":{\"@id\":\"https:\/\/reviva.fi\/fi\/#organization\"},\"potentialAction\":[{\"@type\":\"SearchAction\",\"target\":{\"@type\":\"EntryPoint\",\"urlTemplate\":\"https:\/\/reviva.fi\/fi\/?s={search_term_string}\"},\"query-input\":{\"@type\":\"PropertyValueSpecification\",\"valueRequired\":true,\"valueName\":\"search_term_string\"}}],\"inLanguage\":\"fi\"},{\"@type\":\"Organization\",\"@id\":\"https:\/\/reviva.fi\/fi\/#organization\",\"name\":\"Reviva\",\"url\":\"https:\/\/reviva.fi\/fi\/\",\"logo\":{\"@type\":\"ImageObject\",\"inLanguage\":\"fi\",\"@id\":\"https:\/\/reviva.fi\/fi\/#\/schema\/logo\/image\/\",\"url\":\"https:\/\/reviva.fi\/wp-content\/uploads\/2023\/10\/reviva-logo2.svg\",\"contentUrl\":\"https:\/\/reviva.fi\/wp-content\/uploads\/2023\/10\/reviva-logo2.svg\",\"caption\":\"Reviva\"},\"image\":{\"@id\":\"https:\/\/reviva.fi\/fi\/#\/schema\/logo\/image\/\"}}]}<\/script>\n<meta property=\"product:price:amount\" content=\"14.25\" \/>\n<meta property=\"product:price:currency\" content=\"EUR\" \/>\n<meta property=\"og:availability\" content=\"instock\" \/>\n<meta property=\"product:availability\" content=\"instock\" \/>\n<meta property=\"product:retailer_item_id\" content=\"8273-100\" \/>\n<meta property=\"product:condition\" content=\"new\" \/>\n<!-- \/ Yoast SEO plugin. -->","yoast_head_json":{"title":"Selenium 200 \u00b5g Plus A-, C- ja E-vitamiinilla \u2013 Lamberts - Reviva","description":"Seleeni 200\u00b5g plus - Lamberts Tarjoaa 200 \u00b5g seleeni\u00e4 per tabletti. Suojaa soluja oksidatiiviselta stressilt\u00e4 ja tukee immuunij\u00e4rjestelm\u00e4n toimintaa.","robots":{"index":"index","follow":"follow","max-snippet":"max-snippet:-1","max-image-preview":"max-image-preview:large","max-video-preview":"max-video-preview:-1"},"canonical":"https:\/\/reviva.fi\/fi\/tuote\/selenium-200%c2%b5g-plus-lamberts\/","og_locale":"fi_FI","og_type":"article","og_title":"Selenium 200 \u00b5g Plus A-, C- ja E-vitamiinilla \u2013 Lamberts - Reviva","og_description":"Seleeni 200\u00b5g plus - Lamberts Tarjoaa 200 \u00b5g seleeni\u00e4 per tabletti. Suojaa soluja oksidatiiviselta stressilt\u00e4 ja tukee immuunij\u00e4rjestelm\u00e4n toimintaa.","og_url":"https:\/\/reviva.fi\/fi\/tuote\/selenium-200%c2%b5g-plus-lamberts\/","og_site_name":"Reviva","article_modified_time":"2026-02-19T12:39:31+00:00","og_image":[{"width":780,"height":780,"url":"https:\/\/reviva.fi\/wp-content\/uploads\/2025\/03\/8273-Selenium-200mcg.jpg","type":"image\/jpeg"}],"twitter_card":"summary_large_image","schema":{"@context":"https:\/\/schema.org","@graph":[{"@type":"WebPage","@id":"https:\/\/reviva.fi\/fi\/tuote\/selenium-200%c2%b5g-plus-lamberts\/","url":"https:\/\/reviva.fi\/fi\/tuote\/selenium-200%c2%b5g-plus-lamberts\/","name":"Selenium 200 \u00b5g Plus A-, C- ja E-vitamiinilla \u2013 Lamberts - Reviva","isPartOf":{"@id":"https:\/\/reviva.fi\/fi\/#website"},"primaryImageOfPage":{"@id":"https:\/\/reviva.fi\/fi\/tuote\/selenium-200%c2%b5g-plus-lamberts\/#primaryimage"},"image":{"@id":"https:\/\/reviva.fi\/fi\/tuote\/selenium-200%c2%b5g-plus-lamberts\/#primaryimage"},"thumbnailUrl":"https:\/\/reviva.fi\/wp-content\/uploads\/2025\/03\/8273-Selenium-200mcg.jpg","datePublished":"2025-03-03T09:24:34+00:00","dateModified":"2026-02-19T12:39:31+00:00","description":"Seleeni 200\u00b5g plus - Lamberts Tarjoaa 200 \u00b5g seleeni\u00e4 per tabletti. Suojaa soluja oksidatiiviselta stressilt\u00e4 ja tukee immuunij\u00e4rjestelm\u00e4n toimintaa.","breadcrumb":{"@id":"https:\/\/reviva.fi\/fi\/tuote\/selenium-200%c2%b5g-plus-lamberts\/#breadcrumb"},"inLanguage":"fi","potentialAction":[{"@type":"ReadAction","target":["https:\/\/reviva.fi\/fi\/tuote\/selenium-200%c2%b5g-plus-lamberts\/"]}]},{"@type":"ImageObject","inLanguage":"fi","@id":"https:\/\/reviva.fi\/fi\/tuote\/selenium-200%c2%b5g-plus-lamberts\/#primaryimage","url":"https:\/\/reviva.fi\/wp-content\/uploads\/2025\/03\/8273-Selenium-200mcg.jpg","contentUrl":"https:\/\/reviva.fi\/wp-content\/uploads\/2025\/03\/8273-Selenium-200mcg.jpg","width":780,"height":780,"caption":"Selenium 200\u00b5g plus - Lamberts"},{"@type":"BreadcrumbList","@id":"https:\/\/reviva.fi\/fi\/tuote\/selenium-200%c2%b5g-plus-lamberts\/#breadcrumb","itemListElement":[{"@type":"ListItem","position":1,"name":"Etusivu","item":"https:\/\/reviva.fi\/fi\/"},{"@type":"ListItem","position":2,"name":"Tuotteet","item":"https:\/\/reviva.fi\/produkter\/"},{"@type":"ListItem","position":3,"name":"Selenium 200 \u00b5g Plus A-, C- ja E-vitamiinilla \u2013 Lamberts"}]},{"@type":"WebSite","@id":"https:\/\/reviva.fi\/fi\/#website","url":"https:\/\/reviva.fi\/fi\/","name":"Reviva","description":"","publisher":{"@id":"https:\/\/reviva.fi\/fi\/#organization"},"potentialAction":[{"@type":"SearchAction","target":{"@type":"EntryPoint","urlTemplate":"https:\/\/reviva.fi\/fi\/?s={search_term_string}"},"query-input":{"@type":"PropertyValueSpecification","valueRequired":true,"valueName":"search_term_string"}}],"inLanguage":"fi"},{"@type":"Organization","@id":"https:\/\/reviva.fi\/fi\/#organization","name":"Reviva","url":"https:\/\/reviva.fi\/fi\/","logo":{"@type":"ImageObject","inLanguage":"fi","@id":"https:\/\/reviva.fi\/fi\/#\/schema\/logo\/image\/","url":"https:\/\/reviva.fi\/wp-content\/uploads\/2023\/10\/reviva-logo2.svg","contentUrl":"https:\/\/reviva.fi\/wp-content\/uploads\/2023\/10\/reviva-logo2.svg","caption":"Reviva"},"image":{"@id":"https:\/\/reviva.fi\/fi\/#\/schema\/logo\/image\/"}}]},"product_price_amount":"14.25","product_price_currency":"EUR","og_availability":"instock","product_availability":"instock","product_retailer_item_id":"8273-100","product_condition":"new"},"taxonomy_info":{"product_cat":[{"value":93,"label":"Mineraalit"},{"value":5973,"label":"Seleeni"},{"value":5978,"label":"Multi tuotteet"},{"value":2444,"label":"Lamberts"},{"value":2366,"label":"Maksa &amp; Munuaiset"}],"product_tag":[{"value":5657,"label":"200\u00b5g"},{"value":4422,"label":"aineenvaihduntaa"},{"value":412,"label":"antioksidantti"},{"value":5589,"label":"H\u00e4lsa"},{"value":3385,"label":"Hudh\u00e4lsa"},{"value":444,"label":"immuunij\u00e4rjestelm\u00e4"},{"value":4552,"label":"kilpirauhasen toimintaa"},{"value":4532,"label":"Lamberts"},{"value":476,"label":"lis\u00e4ravinne"},{"value":4796,"label":"mineraali"},{"value":2919,"label":"Seleeni"},{"value":5658,"label":"Skydd mot oxidativ stress"},{"value":4419,"label":"Syd\u00e4nterveytt\u00e4"},{"value":1253,"label":"vapaat radikaalit"}]},"featured_image_src_large":["https:\/\/reviva.fi\/wp-content\/uploads\/2025\/03\/8273-Selenium-200mcg.jpg",780,780,false],"author_info":[],"comment_info":0,"_links":{"self":[{"href":"https:\/\/reviva.fi\/fi\/wp-json\/wp\/v2\/product\/11400","targetHints":{"allow":["GET"]}}],"collection":[{"href":"https:\/\/reviva.fi\/fi\/wp-json\/wp\/v2\/product"}],"about":[{"href":"https:\/\/reviva.fi\/fi\/wp-json\/wp\/v2\/types\/product"}],"replies":[{"embeddable":true,"href":"https:\/\/reviva.fi\/fi\/wp-json\/wp\/v2\/comments?post=11400"}],"wp:featuredmedia":[{"embeddable":true,"href":"https:\/\/reviva.fi\/fi\/wp-json\/wp\/v2\/media\/11148"}],"wp:attachment":[{"href":"https:\/\/reviva.fi\/fi\/wp-json\/wp\/v2\/media?parent=11400"}],"wp:term":[{"taxonomy":"product_brand","embeddable":true,"href":"https:\/\/reviva.fi\/fi\/wp-json\/wp\/v2\/product_brand?post=11400"},{"taxonomy":"product_cat","embeddable":true,"href":"https:\/\/reviva.fi\/fi\/wp-json\/wp\/v2\/product_cat?post=11400"},{"taxonomy":"product_tag","embeddable":true,"href":"https:\/\/reviva.fi\/fi\/wp-json\/wp\/v2\/product_tag?post=11400"}],"curies":[{"name":"wp","href":"https:\/\/api.w.org\/{rel}","templated":true}]}}