{"id":11403,"date":"2025-03-03T11:05:11","date_gmt":"2025-03-03T09:05:11","guid":{"rendered":"https:\/\/reviva.fi\/product\/gtf-chromium-lamberts\/"},"modified":"2026-04-14T18:05:42","modified_gmt":"2026-04-14T15:05:42","slug":"gtf-chromium-lamberts","status":"publish","type":"product","link":"https:\/\/reviva.fi\/fi\/tuote\/gtf-chromium-lamberts\/","title":{"rendered":"GTF Kromi &#8211; Lamberts"},"content":{"rendered":"<p><strong>GTF Kromi &#8211; Lamberts<\/strong><\/p>\n<p data-start=\"0\" data-end=\"248\">T\u00e4m\u00e4 tuote sis\u00e4lt\u00e4\u00e4 kromia pikolinaattimuodossa, koska tutkimukset osoittavat, ett\u00e4 t\u00e4m\u00e4 muoto imeytyy hyvin kehoon. Jokainen tabletti tarjoaa 200 \u00b5g kromia, ja tuotteemme valmistetaan Isossa-Britanniassa farmaseuttisten GMP-standardeja noudattaen.<\/p>\n<p data-start=\"250\" data-end=\"648\">Kromi edist\u00e4\u00e4 normaalien verensokeritasojen yll\u00e4pitoa, ja t\u00e4m\u00e4n mineraalin merkitys on \u00e4skett\u00e4in virallisesti tunnustettu sen saaneen ravitsemuksellisen viitearvon (NRV). Kromi on v\u00e4ltt\u00e4m\u00e4t\u00f6n ravintoaine, joka on altis menetykselle elintarvikkeista jalostuksen ja raffinoinnin yhteydess\u00e4, mik\u00e4 tekee t\u00e4ysjyv\u00e4viljoista k\u00f6yhien ruokavalioiden osalta t\u00e4m\u00e4n t\u00e4rke\u00e4n hivenaineen puutoksen mahdolliseksi.<\/p>\n<p data-start=\"650\" data-end=\"866\" data-is-last-node=\"\" data-is-only-node=\"\">Monet Lamberts\u00ae-monivitamiini- ja mineraalilis\u00e4t sis\u00e4lt\u00e4v\u00e4t my\u00f6s 200 \u00b5g kromia p\u00e4iv\u00e4ss\u00e4, ja t\u00e4llainen valinta voi olla j\u00e4rkev\u00e4 kaikille, joiden ruokavalio koostuu pitk\u00e4lti voimakkaasti k\u00e4sitellyist\u00e4 elintarvikkeista.<\/p>\n","protected":false},"excerpt":{"rendered":"<ul>\n<li>Sis\u00e4lt\u00e4\u00e4 kromia pikolinaattimuodossa, koska tutkimukset osoittavat, ett\u00e4 t\u00e4m\u00e4 muoto imeytyy hyvin kehoon.<\/li>\n<li>Jokainen tabletti tarjoaa 200 \u00b5g kromia.<\/li>\n<li>Kromi edist\u00e4\u00e4 normaalien verensokeritasojen yll\u00e4pitoa.<\/li>\n<li>T\u00e4m\u00e4n mineraalin merkitys on \u00e4skett\u00e4in virallisesti tunnustettu sen saaneen ravitsemuksellisen viitearvon (NRV).<\/li>\n<li>Kromi menetet\u00e4\u00e4n elintarvikkeista jalostuksen ja raffinoinnin yhteydess\u00e4.<\/li>\n<li>J\u00e4rkev\u00e4 valinta kaikille, joiden ruokavalio koostuu p\u00e4\u00e4asiassa voimakkaasti k\u00e4sitellyist\u00e4 elintarvikkeista.<\/li>\n<li>Yksi tabletti p\u00e4iv\u00e4ss\u00e4.<\/li>\n<\/ul>\n<p><strong>100 tablettia<\/strong><\/p>\n","protected":false},"featured_media":11145,"comment_status":"closed","ping_status":"closed","template":"","meta":{"_acf_changed":false,"inline_featured_image":false,"_kad_blocks_custom_css":"","_kad_blocks_head_custom_js":"","_kad_blocks_body_custom_js":"","_kad_blocks_footer_custom_js":"","_kadence_starter_templates_imported_post":false,"_kad_post_transparent":"default","_kad_post_title":"","_kad_post_layout":"default","_kad_post_sidebar_id":"","_kad_post_content_style":"default","_kad_post_vertical_padding":"default","_kad_post_feature":"","_kad_post_feature_position":"","_kad_post_header":false,"_kad_post_footer":false},"product_brand":[],"product_cat":[93,5969,2444],"product_tag":[4422,3348,5659,1235,5660,5589,5661,5662,2910,4532,476,4796,4421,4804],"class_list":{"0":"post-11403","1":"product","2":"type-product","3":"status-publish","4":"has-post-thumbnail","6":"product_cat-mineraler-fi","7":"product_cat-krom-fi","8":"product_cat-lamberts-fi","9":"product_tag-aineenvaihduntaa-fi","10":"product_tag-blodsockerbalans-fi","11":"product_tag-blodsockernivaer-fi","12":"product_tag-energia","13":"product_tag-gtf-krom-fi","14":"product_tag-halsa-fi","15":"product_tag-hallbar-energi-fi","16":"product_tag-insulin-fi","17":"product_tag-kromi","18":"product_tag-lamberts-fi","19":"product_tag-lisaravinne","20":"product_tag-mineraali","21":"product_tag-painokontrolli","22":"product_tag-verensokerin-saately","24":"first","25":"instock","26":"taxable","27":"shipping-taxable","28":"purchasable","29":"product-type-simple","30":"entry","31":"content-bg","32":"loop-entry"},"acf":[],"yoast_head":"<!-- This site is optimized with the Yoast SEO plugin v25.8 - https:\/\/yoast.com\/wordpress\/plugins\/seo\/ -->\n<title>GTF Kromi - Lamberts - Reviva<\/title>\n<meta name=\"description\" content=\"GTF Kromi - Lamberts on korkealaatuinen ravintolis\u00e4, joka sis\u00e4lt\u00e4\u00e4 kromia muodossa, joka imeytyy kehoon tavallista paremmin.\" \/>\n<meta name=\"robots\" content=\"index, follow, max-snippet:-1, max-image-preview:large, max-video-preview:-1\" \/>\n<link rel=\"canonical\" href=\"https:\/\/reviva.fi\/fi\/tuote\/gtf-chromium-lamberts\/\" \/>\n<meta property=\"og:locale\" content=\"fi_FI\" \/>\n<meta property=\"og:type\" content=\"article\" \/>\n<meta property=\"og:title\" content=\"GTF Kromi - Lamberts - Reviva\" \/>\n<meta property=\"og:description\" content=\"GTF Kromi - Lamberts on korkealaatuinen ravintolis\u00e4, joka sis\u00e4lt\u00e4\u00e4 kromia muodossa, joka imeytyy kehoon tavallista paremmin.\" \/>\n<meta property=\"og:url\" content=\"https:\/\/reviva.fi\/fi\/tuote\/gtf-chromium-lamberts\/\" \/>\n<meta property=\"og:site_name\" content=\"Reviva\" \/>\n<meta property=\"article:modified_time\" content=\"2026-04-14T15:05:42+00:00\" \/>\n<meta property=\"og:image\" content=\"https:\/\/reviva.fi\/wp-content\/uploads\/2025\/03\/8237-Chromium-GTF.jpg\" \/>\n\t<meta property=\"og:image:width\" content=\"780\" \/>\n\t<meta property=\"og:image:height\" content=\"780\" \/>\n\t<meta property=\"og:image:type\" content=\"image\/jpeg\" \/>\n<meta name=\"twitter:card\" content=\"summary_large_image\" \/>\n<script type=\"application\/ld+json\" class=\"yoast-schema-graph\">{\"@context\":\"https:\/\/schema.org\",\"@graph\":[{\"@type\":\"WebPage\",\"@id\":\"https:\/\/reviva.fi\/fi\/tuote\/gtf-chromium-lamberts\/\",\"url\":\"https:\/\/reviva.fi\/fi\/tuote\/gtf-chromium-lamberts\/\",\"name\":\"GTF Kromi - Lamberts - Reviva\",\"isPartOf\":{\"@id\":\"https:\/\/reviva.fi\/fi\/#website\"},\"primaryImageOfPage\":{\"@id\":\"https:\/\/reviva.fi\/fi\/tuote\/gtf-chromium-lamberts\/#primaryimage\"},\"image\":{\"@id\":\"https:\/\/reviva.fi\/fi\/tuote\/gtf-chromium-lamberts\/#primaryimage\"},\"thumbnailUrl\":\"https:\/\/reviva.fi\/wp-content\/uploads\/2025\/03\/8237-Chromium-GTF.jpg\",\"datePublished\":\"2025-03-03T09:05:11+00:00\",\"dateModified\":\"2026-04-14T15:05:42+00:00\",\"description\":\"GTF Kromi - Lamberts on korkealaatuinen ravintolis\u00e4, joka sis\u00e4lt\u00e4\u00e4 kromia muodossa, joka imeytyy kehoon tavallista paremmin.\",\"breadcrumb\":{\"@id\":\"https:\/\/reviva.fi\/fi\/tuote\/gtf-chromium-lamberts\/#breadcrumb\"},\"inLanguage\":\"fi\",\"potentialAction\":[{\"@type\":\"ReadAction\",\"target\":[\"https:\/\/reviva.fi\/fi\/tuote\/gtf-chromium-lamberts\/\"]}]},{\"@type\":\"ImageObject\",\"inLanguage\":\"fi\",\"@id\":\"https:\/\/reviva.fi\/fi\/tuote\/gtf-chromium-lamberts\/#primaryimage\",\"url\":\"https:\/\/reviva.fi\/wp-content\/uploads\/2025\/03\/8237-Chromium-GTF.jpg\",\"contentUrl\":\"https:\/\/reviva.fi\/wp-content\/uploads\/2025\/03\/8237-Chromium-GTF.jpg\",\"width\":780,\"height\":780,\"caption\":\"GTF Chromium - Lamberts\"},{\"@type\":\"BreadcrumbList\",\"@id\":\"https:\/\/reviva.fi\/fi\/tuote\/gtf-chromium-lamberts\/#breadcrumb\",\"itemListElement\":[{\"@type\":\"ListItem\",\"position\":1,\"name\":\"Etusivu\",\"item\":\"https:\/\/reviva.fi\/fi\/\"},{\"@type\":\"ListItem\",\"position\":2,\"name\":\"Tuotteet\",\"item\":\"https:\/\/reviva.fi\/produkter\/\"},{\"@type\":\"ListItem\",\"position\":3,\"name\":\"GTF Kromi &#8211; Lamberts\"}]},{\"@type\":\"WebSite\",\"@id\":\"https:\/\/reviva.fi\/fi\/#website\",\"url\":\"https:\/\/reviva.fi\/fi\/\",\"name\":\"Reviva\",\"description\":\"\",\"publisher\":{\"@id\":\"https:\/\/reviva.fi\/fi\/#organization\"},\"potentialAction\":[{\"@type\":\"SearchAction\",\"target\":{\"@type\":\"EntryPoint\",\"urlTemplate\":\"https:\/\/reviva.fi\/fi\/?s={search_term_string}\"},\"query-input\":{\"@type\":\"PropertyValueSpecification\",\"valueRequired\":true,\"valueName\":\"search_term_string\"}}],\"inLanguage\":\"fi\"},{\"@type\":\"Organization\",\"@id\":\"https:\/\/reviva.fi\/fi\/#organization\",\"name\":\"Reviva\",\"url\":\"https:\/\/reviva.fi\/fi\/\",\"logo\":{\"@type\":\"ImageObject\",\"inLanguage\":\"fi\",\"@id\":\"https:\/\/reviva.fi\/fi\/#\/schema\/logo\/image\/\",\"url\":\"https:\/\/reviva.fi\/wp-content\/uploads\/2023\/10\/reviva-logo2.svg\",\"contentUrl\":\"https:\/\/reviva.fi\/wp-content\/uploads\/2023\/10\/reviva-logo2.svg\",\"caption\":\"Reviva\"},\"image\":{\"@id\":\"https:\/\/reviva.fi\/fi\/#\/schema\/logo\/image\/\"}}]}<\/script>\n<meta property=\"product:price:amount\" content=\"14.70\" \/>\n<meta property=\"product:price:currency\" content=\"EUR\" \/>\n<meta property=\"og:availability\" content=\"instock\" \/>\n<meta property=\"product:availability\" content=\"instock\" \/>\n<meta property=\"product:retailer_item_id\" content=\"8237-100\" \/>\n<meta property=\"product:condition\" content=\"new\" \/>\n<!-- \/ Yoast SEO plugin. -->","yoast_head_json":{"title":"GTF Kromi - Lamberts - Reviva","description":"GTF Kromi - Lamberts on korkealaatuinen ravintolis\u00e4, joka sis\u00e4lt\u00e4\u00e4 kromia muodossa, joka imeytyy kehoon tavallista paremmin.","robots":{"index":"index","follow":"follow","max-snippet":"max-snippet:-1","max-image-preview":"max-image-preview:large","max-video-preview":"max-video-preview:-1"},"canonical":"https:\/\/reviva.fi\/fi\/tuote\/gtf-chromium-lamberts\/","og_locale":"fi_FI","og_type":"article","og_title":"GTF Kromi - Lamberts - Reviva","og_description":"GTF Kromi - Lamberts on korkealaatuinen ravintolis\u00e4, joka sis\u00e4lt\u00e4\u00e4 kromia muodossa, joka imeytyy kehoon tavallista paremmin.","og_url":"https:\/\/reviva.fi\/fi\/tuote\/gtf-chromium-lamberts\/","og_site_name":"Reviva","article_modified_time":"2026-04-14T15:05:42+00:00","og_image":[{"width":780,"height":780,"url":"https:\/\/reviva.fi\/wp-content\/uploads\/2025\/03\/8237-Chromium-GTF.jpg","type":"image\/jpeg"}],"twitter_card":"summary_large_image","schema":{"@context":"https:\/\/schema.org","@graph":[{"@type":"WebPage","@id":"https:\/\/reviva.fi\/fi\/tuote\/gtf-chromium-lamberts\/","url":"https:\/\/reviva.fi\/fi\/tuote\/gtf-chromium-lamberts\/","name":"GTF Kromi - Lamberts - Reviva","isPartOf":{"@id":"https:\/\/reviva.fi\/fi\/#website"},"primaryImageOfPage":{"@id":"https:\/\/reviva.fi\/fi\/tuote\/gtf-chromium-lamberts\/#primaryimage"},"image":{"@id":"https:\/\/reviva.fi\/fi\/tuote\/gtf-chromium-lamberts\/#primaryimage"},"thumbnailUrl":"https:\/\/reviva.fi\/wp-content\/uploads\/2025\/03\/8237-Chromium-GTF.jpg","datePublished":"2025-03-03T09:05:11+00:00","dateModified":"2026-04-14T15:05:42+00:00","description":"GTF Kromi - Lamberts on korkealaatuinen ravintolis\u00e4, joka sis\u00e4lt\u00e4\u00e4 kromia muodossa, joka imeytyy kehoon tavallista paremmin.","breadcrumb":{"@id":"https:\/\/reviva.fi\/fi\/tuote\/gtf-chromium-lamberts\/#breadcrumb"},"inLanguage":"fi","potentialAction":[{"@type":"ReadAction","target":["https:\/\/reviva.fi\/fi\/tuote\/gtf-chromium-lamberts\/"]}]},{"@type":"ImageObject","inLanguage":"fi","@id":"https:\/\/reviva.fi\/fi\/tuote\/gtf-chromium-lamberts\/#primaryimage","url":"https:\/\/reviva.fi\/wp-content\/uploads\/2025\/03\/8237-Chromium-GTF.jpg","contentUrl":"https:\/\/reviva.fi\/wp-content\/uploads\/2025\/03\/8237-Chromium-GTF.jpg","width":780,"height":780,"caption":"GTF Chromium - Lamberts"},{"@type":"BreadcrumbList","@id":"https:\/\/reviva.fi\/fi\/tuote\/gtf-chromium-lamberts\/#breadcrumb","itemListElement":[{"@type":"ListItem","position":1,"name":"Etusivu","item":"https:\/\/reviva.fi\/fi\/"},{"@type":"ListItem","position":2,"name":"Tuotteet","item":"https:\/\/reviva.fi\/produkter\/"},{"@type":"ListItem","position":3,"name":"GTF Kromi &#8211; Lamberts"}]},{"@type":"WebSite","@id":"https:\/\/reviva.fi\/fi\/#website","url":"https:\/\/reviva.fi\/fi\/","name":"Reviva","description":"","publisher":{"@id":"https:\/\/reviva.fi\/fi\/#organization"},"potentialAction":[{"@type":"SearchAction","target":{"@type":"EntryPoint","urlTemplate":"https:\/\/reviva.fi\/fi\/?s={search_term_string}"},"query-input":{"@type":"PropertyValueSpecification","valueRequired":true,"valueName":"search_term_string"}}],"inLanguage":"fi"},{"@type":"Organization","@id":"https:\/\/reviva.fi\/fi\/#organization","name":"Reviva","url":"https:\/\/reviva.fi\/fi\/","logo":{"@type":"ImageObject","inLanguage":"fi","@id":"https:\/\/reviva.fi\/fi\/#\/schema\/logo\/image\/","url":"https:\/\/reviva.fi\/wp-content\/uploads\/2023\/10\/reviva-logo2.svg","contentUrl":"https:\/\/reviva.fi\/wp-content\/uploads\/2023\/10\/reviva-logo2.svg","caption":"Reviva"},"image":{"@id":"https:\/\/reviva.fi\/fi\/#\/schema\/logo\/image\/"}}]},"product_price_amount":"14.70","product_price_currency":"EUR","og_availability":"instock","product_availability":"instock","product_retailer_item_id":"8237-100","product_condition":"new"},"taxonomy_info":{"product_cat":[{"value":93,"label":"Mineraalit"},{"value":5969,"label":"Kromi"},{"value":2444,"label":"Lamberts"}],"product_tag":[{"value":4422,"label":"aineenvaihduntaa"},{"value":3348,"label":"Blodsockerbalans"},{"value":5659,"label":"Blodsockerniv\u00e5er"},{"value":1235,"label":"energia"},{"value":5660,"label":"GTF-krom"},{"value":5589,"label":"H\u00e4lsa"},{"value":5661,"label":"H\u00e5llbar energi."},{"value":5662,"label":"Insulin"},{"value":2910,"label":"Kromi"},{"value":4532,"label":"Lamberts"},{"value":476,"label":"lis\u00e4ravinne"},{"value":4796,"label":"mineraali"},{"value":4421,"label":"Painokontrolli"},{"value":4804,"label":"verensokerin s\u00e4\u00e4tely"}]},"featured_image_src_large":["https:\/\/reviva.fi\/wp-content\/uploads\/2025\/03\/8237-Chromium-GTF.jpg",780,780,false],"author_info":[],"comment_info":0,"_links":{"self":[{"href":"https:\/\/reviva.fi\/fi\/wp-json\/wp\/v2\/product\/11403","targetHints":{"allow":["GET"]}}],"collection":[{"href":"https:\/\/reviva.fi\/fi\/wp-json\/wp\/v2\/product"}],"about":[{"href":"https:\/\/reviva.fi\/fi\/wp-json\/wp\/v2\/types\/product"}],"replies":[{"embeddable":true,"href":"https:\/\/reviva.fi\/fi\/wp-json\/wp\/v2\/comments?post=11403"}],"wp:featuredmedia":[{"embeddable":true,"href":"https:\/\/reviva.fi\/fi\/wp-json\/wp\/v2\/media\/11145"}],"wp:attachment":[{"href":"https:\/\/reviva.fi\/fi\/wp-json\/wp\/v2\/media?parent=11403"}],"wp:term":[{"taxonomy":"product_brand","embeddable":true,"href":"https:\/\/reviva.fi\/fi\/wp-json\/wp\/v2\/product_brand?post=11403"},{"taxonomy":"product_cat","embeddable":true,"href":"https:\/\/reviva.fi\/fi\/wp-json\/wp\/v2\/product_cat?post=11403"},{"taxonomy":"product_tag","embeddable":true,"href":"https:\/\/reviva.fi\/fi\/wp-json\/wp\/v2\/product_tag?post=11403"}],"curies":[{"name":"wp","href":"https:\/\/api.w.org\/{rel}","templated":true}]}}