{"id":11412,"date":"2025-03-03T10:54:10","date_gmt":"2025-03-03T08:54:10","guid":{"rendered":"https:\/\/reviva.fi\/product\/vitamin-k2-lamberts\/"},"modified":"2025-03-05T13:47:47","modified_gmt":"2025-03-05T11:47:47","slug":"vitamin-k2-lamberts","status":"publish","type":"product","link":"https:\/\/reviva.fi\/fi\/tuote\/vitamin-k2-lamberts\/","title":{"rendered":"K2-Vitamiini &#8211; Lamberts"},"content":{"rendered":"<p><strong>K2-Vitamiini &#8211; Lamberts<\/strong><\/p>\n<p data-start=\"0\" data-end=\"464\">Viimeisen vuosikymmenen aikana kiinnostus D-vitamiinin k\u00e4yt\u00f6st\u00e4 on kasvanut. Tutkimukset osoittavat, ett\u00e4 s\u00e4\u00e4nn\u00f6llinen D-vitamiinin saanti on t\u00e4rke\u00e4\u00e4 optimaalisen kalsiumin s\u00e4\u00e4telyn saavuttamiseksi. Tutkimukset ovat vahvistaneet sen roolin K-vitamiiniriippuvaisten (VDK) proteiinien aktivoitumisessa, joita tarvitaan veren hyytymiseen sek\u00e4 muihin t\u00e4rkeisiin prosesseihin, kuten luun aineenvaihduntaan, verisuoniterveyteen ja solujen kasvun ja apoptoosin s\u00e4\u00e4telyyn.<\/p>\n<p data-start=\"466\" data-end=\"702\">Monet asiantuntijat uskovat nyt, ett\u00e4 subkliininen D-vitamiinin puutos, joka ei ole tarpeeksi vakava est\u00e4m\u00e4\u00e4n veren hyytymiskyky\u00e4, voi olla yleist\u00e4 ja saattaa my\u00f6t\u00e4vaikuttaa osteoporoosiin ja muihin ik\u00e4\u00e4ntymiseen liittyviin sairauksiin.<\/p>\n<p data-start=\"704\" data-end=\"1150\" data-is-last-node=\"\" data-is-only-node=\"\">D-vitamiini K2 katsotaan aktiivisemmaksi ja pitk\u00e4kestoisemmaksi muotoon t\u00e4st\u00e4 ravintoaineesta, ja se on suositeltavampi kuin K1-muoto. Lamberts\u00ae Vitamin K on korkealaatuinen ravintolis\u00e4, joka tarjoaa 90 \u00b5g D-vitamiini K2:ta Menaquinon (MK-7) -muodossa, jolla on huomattavasti suurempi vaikutus kuin MK4-muodolla t\u00e4st\u00e4 ravintoaineesta. Se on vapaa cis-isomeereist\u00e4. Pienet, helposti nielt\u00e4v\u00e4t kapselit, jotka sopivat kasvissy\u00f6jille ja vegaaneille.<\/p>\n","protected":false},"excerpt":{"rendered":"<ul>\n<li data-start=\"0\" data-end=\"161\">Vaikuttavat 90 \u00b5g K2-vitamiinia Menaquinon (MK-7) -muodossa<\/li>\n<li data-start=\"0\" data-end=\"161\">Vapaista cis-isomeereist\u00e4<\/li>\n<li data-start=\"0\" data-end=\"161\">Pienet, helposti nielt\u00e4v\u00e4t kapselit<\/li>\n<li data-start=\"0\" data-end=\"161\">Sopii kasvissy\u00f6jille ja vegaaneille<\/li>\n<\/ul>\n<p data-start=\"163\" data-end=\"174\" data-is-last-node=\"\" data-is-only-node=\"\"><strong>60 kapselia<\/strong><\/p>\n","protected":false},"featured_media":11134,"comment_status":"closed","ping_status":"closed","template":"","meta":{"_acf_changed":false,"inline_featured_image":false,"_kad_blocks_custom_css":"","_kad_blocks_head_custom_js":"","_kad_blocks_body_custom_js":"","_kad_blocks_footer_custom_js":"","_kadence_starter_templates_imported_post":false,"_kad_post_transparent":"default","_kad_post_title":"","_kad_post_layout":"default","_kad_post_sidebar_id":"","_kad_post_content_style":"default","_kad_post_vertical_padding":"default","_kad_post_feature":"","_kad_post_feature_position":"","_kad_post_header":false,"_kad_post_footer":false},"product_brand":[],"product_cat":[96,528,2444],"product_tag":[5663,5494,621,5555,3582,448,5666,2946,4532,1461,1541,4432,4419,2902,3198,5667],"class_list":{"0":"post-11412","1":"product","2":"type-product","3":"status-publish","4":"has-post-thumbnail","6":"product_cat-vitaminer-fi","7":"product_cat-k-vitamin-fi","8":"product_cat-lamberts-fi","9":"product_tag-benstod-fi","10":"product_tag-blodcirkulation-fi","11":"product_tag-d-vitamiini-fi","12":"product_tag-halsofordelar-fi","13":"product_tag-hjart-karlhalsa-fi","14":"product_tag-k-vitamiini","15":"product_tag-kalciumupptag-fi","16":"product_tag-kalsium","17":"product_tag-lamberts-fi","18":"product_tag-luonnollinen","19":"product_tag-luuranko","20":"product_tag-luuston-terveytta","21":"product_tag-sydanterveytta","22":"product_tag-veritulppa","23":"product_tag-vitamiini-k","24":"product_tag-vitamin-k2-fi","26":"first","27":"instock","28":"taxable","29":"shipping-taxable","30":"purchasable","31":"product-type-simple","32":"entry","33":"content-bg","34":"loop-entry"},"acf":[],"yoast_head":"<!-- This site is optimized with the Yoast SEO plugin v25.8 - https:\/\/yoast.com\/wordpress\/plugins\/seo\/ -->\n<title>K2-Vitamiini - Lamberts - Reviva<\/title>\n<meta name=\"description\" content=\"Vitamin K2 - Lamberts on korkealaatuinen ravintolis\u00e4, joka sis\u00e4lt\u00e4\u00e4 D-vitamiinia K2:n aktiivisimmassa muodossa, menaquinon-7 (MK-7).\" \/>\n<meta name=\"robots\" content=\"index, follow, max-snippet:-1, max-image-preview:large, max-video-preview:-1\" \/>\n<link rel=\"canonical\" href=\"https:\/\/reviva.fi\/fi\/tuote\/vitamin-k2-lamberts\/\" \/>\n<meta property=\"og:locale\" content=\"fi_FI\" \/>\n<meta property=\"og:type\" content=\"article\" \/>\n<meta property=\"og:title\" content=\"K2-Vitamiini - Lamberts - Reviva\" \/>\n<meta property=\"og:description\" content=\"Vitamin K2 - Lamberts on korkealaatuinen ravintolis\u00e4, joka sis\u00e4lt\u00e4\u00e4 D-vitamiinia K2:n aktiivisimmassa muodossa, menaquinon-7 (MK-7).\" \/>\n<meta property=\"og:url\" content=\"https:\/\/reviva.fi\/fi\/tuote\/vitamin-k2-lamberts\/\" \/>\n<meta property=\"og:site_name\" content=\"Reviva\" \/>\n<meta property=\"article:modified_time\" content=\"2025-03-05T11:47:47+00:00\" \/>\n<meta property=\"og:image\" content=\"https:\/\/reviva.fi\/wp-content\/uploads\/2025\/03\/8146-Vitamin-K2-mk7.jpg\" \/>\n\t<meta property=\"og:image:width\" content=\"780\" \/>\n\t<meta property=\"og:image:height\" content=\"780\" \/>\n\t<meta property=\"og:image:type\" content=\"image\/jpeg\" \/>\n<meta name=\"twitter:card\" content=\"summary_large_image\" \/>\n<script type=\"application\/ld+json\" class=\"yoast-schema-graph\">{\"@context\":\"https:\/\/schema.org\",\"@graph\":[{\"@type\":\"WebPage\",\"@id\":\"https:\/\/reviva.fi\/fi\/tuote\/vitamin-k2-lamberts\/\",\"url\":\"https:\/\/reviva.fi\/fi\/tuote\/vitamin-k2-lamberts\/\",\"name\":\"K2-Vitamiini - Lamberts - Reviva\",\"isPartOf\":{\"@id\":\"https:\/\/reviva.fi\/fi\/#website\"},\"primaryImageOfPage\":{\"@id\":\"https:\/\/reviva.fi\/fi\/tuote\/vitamin-k2-lamberts\/#primaryimage\"},\"image\":{\"@id\":\"https:\/\/reviva.fi\/fi\/tuote\/vitamin-k2-lamberts\/#primaryimage\"},\"thumbnailUrl\":\"https:\/\/reviva.fi\/wp-content\/uploads\/2025\/03\/8146-Vitamin-K2-mk7.jpg\",\"datePublished\":\"2025-03-03T08:54:10+00:00\",\"dateModified\":\"2025-03-05T11:47:47+00:00\",\"description\":\"Vitamin K2 - Lamberts on korkealaatuinen ravintolis\u00e4, joka sis\u00e4lt\u00e4\u00e4 D-vitamiinia K2:n aktiivisimmassa muodossa, menaquinon-7 (MK-7).\",\"breadcrumb\":{\"@id\":\"https:\/\/reviva.fi\/fi\/tuote\/vitamin-k2-lamberts\/#breadcrumb\"},\"inLanguage\":\"fi\",\"potentialAction\":[{\"@type\":\"ReadAction\",\"target\":[\"https:\/\/reviva.fi\/fi\/tuote\/vitamin-k2-lamberts\/\"]}]},{\"@type\":\"ImageObject\",\"inLanguage\":\"fi\",\"@id\":\"https:\/\/reviva.fi\/fi\/tuote\/vitamin-k2-lamberts\/#primaryimage\",\"url\":\"https:\/\/reviva.fi\/wp-content\/uploads\/2025\/03\/8146-Vitamin-K2-mk7.jpg\",\"contentUrl\":\"https:\/\/reviva.fi\/wp-content\/uploads\/2025\/03\/8146-Vitamin-K2-mk7.jpg\",\"width\":780,\"height\":780,\"caption\":\"K2-Vitamiini - Lamberts\"},{\"@type\":\"BreadcrumbList\",\"@id\":\"https:\/\/reviva.fi\/fi\/tuote\/vitamin-k2-lamberts\/#breadcrumb\",\"itemListElement\":[{\"@type\":\"ListItem\",\"position\":1,\"name\":\"Etusivu\",\"item\":\"https:\/\/reviva.fi\/fi\/\"},{\"@type\":\"ListItem\",\"position\":2,\"name\":\"Tuotteet\",\"item\":\"https:\/\/reviva.fi\/produkter\/\"},{\"@type\":\"ListItem\",\"position\":3,\"name\":\"K2-Vitamiini &#8211; Lamberts\"}]},{\"@type\":\"WebSite\",\"@id\":\"https:\/\/reviva.fi\/fi\/#website\",\"url\":\"https:\/\/reviva.fi\/fi\/\",\"name\":\"Reviva\",\"description\":\"\",\"publisher\":{\"@id\":\"https:\/\/reviva.fi\/fi\/#organization\"},\"potentialAction\":[{\"@type\":\"SearchAction\",\"target\":{\"@type\":\"EntryPoint\",\"urlTemplate\":\"https:\/\/reviva.fi\/fi\/?s={search_term_string}\"},\"query-input\":{\"@type\":\"PropertyValueSpecification\",\"valueRequired\":true,\"valueName\":\"search_term_string\"}}],\"inLanguage\":\"fi\"},{\"@type\":\"Organization\",\"@id\":\"https:\/\/reviva.fi\/fi\/#organization\",\"name\":\"Reviva\",\"url\":\"https:\/\/reviva.fi\/fi\/\",\"logo\":{\"@type\":\"ImageObject\",\"inLanguage\":\"fi\",\"@id\":\"https:\/\/reviva.fi\/fi\/#\/schema\/logo\/image\/\",\"url\":\"https:\/\/reviva.fi\/wp-content\/uploads\/2023\/10\/reviva-logo2.svg\",\"contentUrl\":\"https:\/\/reviva.fi\/wp-content\/uploads\/2023\/10\/reviva-logo2.svg\",\"caption\":\"Reviva\"},\"image\":{\"@id\":\"https:\/\/reviva.fi\/fi\/#\/schema\/logo\/image\/\"}}]}<\/script>\n<meta property=\"product:price:amount\" content=\"20.80\" \/>\n<meta property=\"product:price:currency\" content=\"EUR\" \/>\n<meta property=\"og:availability\" content=\"instock\" \/>\n<meta property=\"product:availability\" content=\"instock\" \/>\n<meta property=\"product:retailer_item_id\" content=\"8146-60\" \/>\n<meta property=\"product:condition\" content=\"new\" \/>\n<!-- \/ Yoast SEO plugin. -->","yoast_head_json":{"title":"K2-Vitamiini - Lamberts - Reviva","description":"Vitamin K2 - Lamberts on korkealaatuinen ravintolis\u00e4, joka sis\u00e4lt\u00e4\u00e4 D-vitamiinia K2:n aktiivisimmassa muodossa, menaquinon-7 (MK-7).","robots":{"index":"index","follow":"follow","max-snippet":"max-snippet:-1","max-image-preview":"max-image-preview:large","max-video-preview":"max-video-preview:-1"},"canonical":"https:\/\/reviva.fi\/fi\/tuote\/vitamin-k2-lamberts\/","og_locale":"fi_FI","og_type":"article","og_title":"K2-Vitamiini - Lamberts - Reviva","og_description":"Vitamin K2 - Lamberts on korkealaatuinen ravintolis\u00e4, joka sis\u00e4lt\u00e4\u00e4 D-vitamiinia K2:n aktiivisimmassa muodossa, menaquinon-7 (MK-7).","og_url":"https:\/\/reviva.fi\/fi\/tuote\/vitamin-k2-lamberts\/","og_site_name":"Reviva","article_modified_time":"2025-03-05T11:47:47+00:00","og_image":[{"width":780,"height":780,"url":"https:\/\/reviva.fi\/wp-content\/uploads\/2025\/03\/8146-Vitamin-K2-mk7.jpg","type":"image\/jpeg"}],"twitter_card":"summary_large_image","schema":{"@context":"https:\/\/schema.org","@graph":[{"@type":"WebPage","@id":"https:\/\/reviva.fi\/fi\/tuote\/vitamin-k2-lamberts\/","url":"https:\/\/reviva.fi\/fi\/tuote\/vitamin-k2-lamberts\/","name":"K2-Vitamiini - Lamberts - Reviva","isPartOf":{"@id":"https:\/\/reviva.fi\/fi\/#website"},"primaryImageOfPage":{"@id":"https:\/\/reviva.fi\/fi\/tuote\/vitamin-k2-lamberts\/#primaryimage"},"image":{"@id":"https:\/\/reviva.fi\/fi\/tuote\/vitamin-k2-lamberts\/#primaryimage"},"thumbnailUrl":"https:\/\/reviva.fi\/wp-content\/uploads\/2025\/03\/8146-Vitamin-K2-mk7.jpg","datePublished":"2025-03-03T08:54:10+00:00","dateModified":"2025-03-05T11:47:47+00:00","description":"Vitamin K2 - Lamberts on korkealaatuinen ravintolis\u00e4, joka sis\u00e4lt\u00e4\u00e4 D-vitamiinia K2:n aktiivisimmassa muodossa, menaquinon-7 (MK-7).","breadcrumb":{"@id":"https:\/\/reviva.fi\/fi\/tuote\/vitamin-k2-lamberts\/#breadcrumb"},"inLanguage":"fi","potentialAction":[{"@type":"ReadAction","target":["https:\/\/reviva.fi\/fi\/tuote\/vitamin-k2-lamberts\/"]}]},{"@type":"ImageObject","inLanguage":"fi","@id":"https:\/\/reviva.fi\/fi\/tuote\/vitamin-k2-lamberts\/#primaryimage","url":"https:\/\/reviva.fi\/wp-content\/uploads\/2025\/03\/8146-Vitamin-K2-mk7.jpg","contentUrl":"https:\/\/reviva.fi\/wp-content\/uploads\/2025\/03\/8146-Vitamin-K2-mk7.jpg","width":780,"height":780,"caption":"K2-Vitamiini - Lamberts"},{"@type":"BreadcrumbList","@id":"https:\/\/reviva.fi\/fi\/tuote\/vitamin-k2-lamberts\/#breadcrumb","itemListElement":[{"@type":"ListItem","position":1,"name":"Etusivu","item":"https:\/\/reviva.fi\/fi\/"},{"@type":"ListItem","position":2,"name":"Tuotteet","item":"https:\/\/reviva.fi\/produkter\/"},{"@type":"ListItem","position":3,"name":"K2-Vitamiini &#8211; Lamberts"}]},{"@type":"WebSite","@id":"https:\/\/reviva.fi\/fi\/#website","url":"https:\/\/reviva.fi\/fi\/","name":"Reviva","description":"","publisher":{"@id":"https:\/\/reviva.fi\/fi\/#organization"},"potentialAction":[{"@type":"SearchAction","target":{"@type":"EntryPoint","urlTemplate":"https:\/\/reviva.fi\/fi\/?s={search_term_string}"},"query-input":{"@type":"PropertyValueSpecification","valueRequired":true,"valueName":"search_term_string"}}],"inLanguage":"fi"},{"@type":"Organization","@id":"https:\/\/reviva.fi\/fi\/#organization","name":"Reviva","url":"https:\/\/reviva.fi\/fi\/","logo":{"@type":"ImageObject","inLanguage":"fi","@id":"https:\/\/reviva.fi\/fi\/#\/schema\/logo\/image\/","url":"https:\/\/reviva.fi\/wp-content\/uploads\/2023\/10\/reviva-logo2.svg","contentUrl":"https:\/\/reviva.fi\/wp-content\/uploads\/2023\/10\/reviva-logo2.svg","caption":"Reviva"},"image":{"@id":"https:\/\/reviva.fi\/fi\/#\/schema\/logo\/image\/"}}]},"product_price_amount":"20.80","product_price_currency":"EUR","og_availability":"instock","product_availability":"instock","product_retailer_item_id":"8146-60","product_condition":"new"},"taxonomy_info":{"product_cat":[{"value":96,"label":"Vitamiinit"},{"value":528,"label":"K-vitamiini"},{"value":2444,"label":"Lamberts"}],"product_tag":[{"value":5663,"label":"Benst\u00f6d"},{"value":5494,"label":"Blodcirkulation"},{"value":621,"label":"d vitamiini"},{"value":5555,"label":"H\u00e4lsof\u00f6rdelar"},{"value":3582,"label":"Hj\u00e4rt-k\u00e4rlh\u00e4lsa"},{"value":448,"label":"k vitamiini"},{"value":5666,"label":"Kalciumupptag"},{"value":2946,"label":"Kalsium"},{"value":4532,"label":"Lamberts"},{"value":1461,"label":"luonnollinen"},{"value":1541,"label":"luuranko"},{"value":4432,"label":"Luuston terveytt\u00e4"},{"value":4419,"label":"Syd\u00e4nterveytt\u00e4"},{"value":2902,"label":"Veritulppa"},{"value":3198,"label":"Vitamiini K"},{"value":5667,"label":"vitamin K2"}]},"featured_image_src_large":["https:\/\/reviva.fi\/wp-content\/uploads\/2025\/03\/8146-Vitamin-K2-mk7.jpg",780,780,false],"author_info":[],"comment_info":0,"_links":{"self":[{"href":"https:\/\/reviva.fi\/fi\/wp-json\/wp\/v2\/product\/11412","targetHints":{"allow":["GET"]}}],"collection":[{"href":"https:\/\/reviva.fi\/fi\/wp-json\/wp\/v2\/product"}],"about":[{"href":"https:\/\/reviva.fi\/fi\/wp-json\/wp\/v2\/types\/product"}],"replies":[{"embeddable":true,"href":"https:\/\/reviva.fi\/fi\/wp-json\/wp\/v2\/comments?post=11412"}],"wp:featuredmedia":[{"embeddable":true,"href":"https:\/\/reviva.fi\/fi\/wp-json\/wp\/v2\/media\/11134"}],"wp:attachment":[{"href":"https:\/\/reviva.fi\/fi\/wp-json\/wp\/v2\/media?parent=11412"}],"wp:term":[{"taxonomy":"product_brand","embeddable":true,"href":"https:\/\/reviva.fi\/fi\/wp-json\/wp\/v2\/product_brand?post=11412"},{"taxonomy":"product_cat","embeddable":true,"href":"https:\/\/reviva.fi\/fi\/wp-json\/wp\/v2\/product_cat?post=11412"},{"taxonomy":"product_tag","embeddable":true,"href":"https:\/\/reviva.fi\/fi\/wp-json\/wp\/v2\/product_tag?post=11412"}],"curies":[{"name":"wp","href":"https:\/\/api.w.org\/{rel}","templated":true}]}}