{"id":11415,"date":"2025-03-03T10:47:12","date_gmt":"2025-03-03T08:47:12","guid":{"rendered":"https:\/\/reviva.fi\/product\/vitamins-d3-k2-lamberts\/"},"modified":"2026-02-16T10:07:45","modified_gmt":"2026-02-16T08:07:45","slug":"vitamins-d3-k2-lamberts","status":"publish","type":"product","link":"https:\/\/reviva.fi\/fi\/tuote\/vitamins-d3-k2-lamberts\/","title":{"rendered":"Vitamin D3 &#038; K2 (MK-7) sis\u00e4lt\u00e4\u00e4 D3 2000 IU ja K2 90 \u00b5g \u2013 Lamberts"},"content":{"rendered":"<p data-start=\"0\" data-end=\"81\"><strong>Optimaalinen yhdistelm\u00e4 luustolle, immuunij\u00e4rjestelm\u00e4lle ja kalsiumtasapainolle<\/strong><\/p>\n<p data-start=\"83\" data-end=\"394\">Lambertsin Vitamin D3 &amp; K2 on huolellisesti tasapainotettu yhdistelm\u00e4 kahdesta t\u00e4rke\u00e4st\u00e4 rasvaliukoisesta vitamiinista, jotka toimivat elimist\u00f6ss\u00e4 yhdess\u00e4. Tuote sis\u00e4lt\u00e4\u00e4 2000 IU (50 \u00b5g) D3-vitamiinia sek\u00e4 90 \u00b5g K2-vitamiinia MK-7-muodossa, joka on biologisesti aktiivinen ja hyvin imeytyv\u00e4 K2-vitamiinin muoto.<\/p>\n<p data-start=\"396\" data-end=\"592\">T\u00e4m\u00e4 yhdistelm\u00e4 on erityisen suosittu vuoden pime\u00e4mpin\u00e4 kuukausina, v\u00e4h\u00e4isen auringonvalon aikana tai sinulle, joka haluat varmistaa optimaalisen D-vitamiinin saannin yhdess\u00e4 K2-vitamiinin kanssa.<\/p>\n<p data-start=\"594\" data-end=\"620\"><strong>Miksi yhdist\u00e4\u00e4 D3 ja K2?<\/strong><\/p>\n<p data-start=\"622\" data-end=\"702\">D-vitamiini ja K-vitamiini toimivat yhdess\u00e4 elimist\u00f6n kalsiumaineenvaihdunnassa.<\/p>\n<p data-start=\"704\" data-end=\"719\">D3-vitamiini:<\/p>\n<ul>\n<li data-start=\"721\" data-end=\"770\">edist\u00e4\u00e4 immuunij\u00e4rjestelm\u00e4n normaalia toimintaa<\/li>\n<li data-start=\"721\" data-end=\"770\">edist\u00e4\u00e4 luuston pysymist\u00e4 normaalina<\/li>\n<li data-start=\"721\" data-end=\"770\">edist\u00e4\u00e4 lihasten normaalia toimintaa<\/li>\n<li data-start=\"721\" data-end=\"770\">edist\u00e4\u00e4 veren normaalia kalsiumpitoisuutta<\/li>\n<li data-start=\"721\" data-end=\"770\">edist\u00e4\u00e4 kalsiumin ja fosforin normaalia imeytymist\u00e4 ja hy\u00f6dynt\u00e4mist\u00e4<\/li>\n<\/ul>\n<p data-start=\"970\" data-end=\"985\">K2-vitamiini:<\/p>\n<ul>\n<li data-start=\"987\" data-end=\"1023\">edist\u00e4\u00e4 veren normaalia hyytymist\u00e4<\/li>\n<li data-start=\"987\" data-end=\"1023\">edist\u00e4\u00e4 luuston pysymist\u00e4 normaalina<\/li>\n<\/ul>\n<p data-start=\"1065\" data-end=\"1241\">D-vitamiini auttaa elimist\u00f6\u00e4 imeytt\u00e4m\u00e4\u00e4n kalsiumia, kun taas K-vitamiini edist\u00e4\u00e4 kalsiumin normaalia hy\u00f6dynt\u00e4mist\u00e4 elimist\u00f6ss\u00e4. Yhdess\u00e4 n\u00e4m\u00e4 ravintoaineet t\u00e4ydent\u00e4v\u00e4t toisiaan.<\/p>\n<p data-start=\"1243\" data-end=\"1285\"><strong>2000 IU \u2013 optimaalinen p\u00e4ivitt\u00e4inen taso<\/strong><\/p>\n<p data-start=\"1287\" data-end=\"1500\">Jokainen kapseli sis\u00e4lt\u00e4\u00e4 <strong>2000 IU (50 \u00b5g) D3-vitamiinia<\/strong>, mik\u00e4 vastaa tehokasta p\u00e4ivitt\u00e4ist\u00e4 annosta aikuisille. T\u00e4t\u00e4 tasoa suositellaan usein v\u00e4h\u00e4isen auringonvalon aikana tai syys- ja talvikaudella Pohjoismaissa.<\/p>\n<p data-start=\"1502\" data-end=\"1633\">D3-vitamiini (kolekalsiferoli) on D-vitamiinin luonnollinen muoto \u2013 sama, jota elimist\u00f6 tuottaa iholla auringonvalon vaikutuksesta.<\/p>\n<p data-start=\"1635\" data-end=\"1663\"><strong>K2-vitamiini MK-7-muodossa<\/strong><\/p>\n<p data-start=\"1665\" data-end=\"1883\">Tuote sis\u00e4lt\u00e4\u00e4 90 \u00b5g K2-vitamiinia MK-7-muodossa (menakinoni-7), joka on hyvin imeytyv\u00e4 ja pitk\u00e4vaikutteinen K2-vitamiinin muoto. MK-7 on tutkituin K2-muoto ja sit\u00e4 k\u00e4ytet\u00e4\u00e4n yleisesti korkealaatuisissa ravintolisiss\u00e4.<\/p>\n<p data-start=\"1885\" data-end=\"1912\"><strong>Korkea laatu Lambertsilta<\/strong><\/p>\n<p data-start=\"1914\" data-end=\"1969\">Lamberts on brittil\u00e4inen laatubr\u00e4ndi, joka tunnetaan:<\/p>\n<ul>\n<li data-start=\"1971\" data-end=\"2012\">huolellisesti valituista raaka-aineista<\/li>\n<li data-start=\"1971\" data-end=\"2012\">tieteeseen perustuvista annostuksista<\/li>\n<li data-start=\"1971\" data-end=\"2012\">valmistuksesta korkeiden laatu- ja turvallisuusstandardien mukaisesti<\/li>\n<li data-start=\"1971\" data-end=\"2012\">selke\u00e4st\u00e4 ja l\u00e4pin\u00e4kyv\u00e4st\u00e4 merkinn\u00e4st\u00e4<\/li>\n<\/ul>\n<p data-start=\"2170\" data-end=\"2324\">Tuote on suunniteltu p\u00e4ivitt\u00e4iseen k\u00e4ytt\u00f6\u00f6n ja sopii aikuisille, jotka haluavat t\u00e4ydent\u00e4\u00e4 ruokavaliotaan D3- ja K2-vitamiinilla k\u00e4tev\u00e4ss\u00e4 kapselimuodossa.<\/p>\n<p data-start=\"2326\" data-end=\"2348\"><strong>Kenelle tuote sopii?<\/strong><\/p>\n<p data-start=\"2350\" data-end=\"2386\">Vitamin D3 &amp; K2 sopii erityisesti:<\/p>\n<ul>\n<li data-start=\"2388\" data-end=\"2442\">henkil\u00f6ille, joilla on v\u00e4h\u00e4inen auringonvalon saanti<\/li>\n<li data-start=\"2388\" data-end=\"2442\">syksyyn ja talveen Pohjoismaissa<\/li>\n<li data-start=\"2388\" data-end=\"2442\">ik\u00e4\u00e4ntyneille (D-vitamiinin tarve kasvaa i\u00e4n my\u00f6t\u00e4)<\/li>\n<li data-start=\"2388\" data-end=\"2442\">henkil\u00f6ille, jotka haluavat tukea luustoa ja immuunij\u00e4rjestelm\u00e4\u00e4<\/li>\n<li data-start=\"2388\" data-end=\"2442\">niille, jotka haluavat yhdist\u00e4\u00e4 D-vitamiinin ja K2-vitamiinin samaan kapseliin<\/li>\n<\/ul>\n","protected":false},"excerpt":{"rendered":"<p data-start=\"0\" data-end=\"51\">Vitamin D3 &amp; K2 (MK-7) 2000 IU \/ 90 \u00b5g \u2013 Lamberts<\/p>\n<p data-start=\"53\" data-end=\"270\">Korkealaatuinen D3- ja K2-vitamiinien yhdistelm\u00e4 k\u00e4tev\u00e4ss\u00e4 kapselimuodossa. Jokainen kapseli sis\u00e4lt\u00e4\u00e4 2000 IU (50 \u00b5g) D3-vitamiinia sek\u00e4 90 \u00b5g K2-vitamiinia MK-7-muodossa \u2013 hyvin imeytyv\u00e4n ja pitk\u00e4vaikutteisen muodon.<\/p>\n<p data-start=\"272\" data-end=\"491\">D-vitamiini edist\u00e4\u00e4 immuunij\u00e4rjestelm\u00e4n normaalia toimintaa, kalsiumin normaalia imeytymist\u00e4 sek\u00e4 luuston ja lihasten pysymist\u00e4 normaalina. K-vitamiini edist\u00e4\u00e4 veren normaalia hyytymist\u00e4 ja luuston pysymist\u00e4 normaalina.<\/p>\n<p data-start=\"493\" data-end=\"605\">Erinomainen p\u00e4ivitt\u00e4inen ravintolis\u00e4 erityisesti vuoden pime\u00e4mpin\u00e4 kuukausina tai v\u00e4h\u00e4isen auringonvalon aikana.<\/p>\n<p data-start=\"607\" data-end=\"618\" data-is-last-node=\"\" data-is-only-node=\"\"><strong>90 kapselia<\/strong><\/p>\n","protected":false},"featured_media":11131,"comment_status":"closed","ping_status":"closed","template":"","meta":{"_acf_changed":false,"inline_featured_image":false,"_kad_blocks_custom_css":"","_kad_blocks_head_custom_js":"","_kad_blocks_body_custom_js":"","_kad_blocks_footer_custom_js":"","_kadence_starter_templates_imported_post":false,"_kad_post_transparent":"default","_kad_post_title":"","_kad_post_layout":"default","_kad_post_sidebar_id":"","_kad_post_content_style":"default","_kad_post_vertical_padding":"default","_kad_post_feature":"","_kad_post_feature_position":"","_kad_post_header":false,"_kad_post_footer":false},"product_brand":[],"product_cat":[96,527,528,2444,2357],"product_tag":[5663,5494,521,621,5555,3582,444,5666,2946,4532,1461,1541,4432,4419,1567,3184,3198,5667],"class_list":{"0":"post-11415","1":"product","2":"type-product","3":"status-publish","4":"has-post-thumbnail","6":"product_cat-vitaminer-fi","7":"product_cat-d-vitamin-fi","8":"product_cat-k-vitamin-fi","9":"product_cat-lamberts-fi","10":"product_cat-immunforsvar-fi","11":"product_tag-benstod-fi","12":"product_tag-blodcirkulation-fi","13":"product_tag-d-vitamiini","14":"product_tag-d-vitamiini-fi","15":"product_tag-halsofordelar-fi","16":"product_tag-hjart-karlhalsa-fi","17":"product_tag-immuunijarjestelma","18":"product_tag-kalciumupptag-fi","19":"product_tag-kalsium","20":"product_tag-lamberts-fi","21":"product_tag-luonnollinen","22":"product_tag-luuranko","23":"product_tag-luuston-terveytta","24":"product_tag-sydanterveytta","25":"product_tag-vahvistaminen","26":"product_tag-vitamiini-d3","27":"product_tag-vitamiini-k","28":"product_tag-vitamin-k2-fi","30":"first","31":"instock","32":"taxable","33":"shipping-taxable","34":"purchasable","35":"product-type-simple","36":"entry","37":"content-bg","38":"loop-entry"},"acf":[],"yoast_head":"<!-- This site is optimized with the Yoast SEO plugin v25.8 - https:\/\/yoast.com\/wordpress\/plugins\/seo\/ -->\n<title>Vitamin D3 &amp; K2 (MK-7) sis\u00e4lt\u00e4\u00e4 D3 2000 IU ja K2 90 \u00b5g \u2013 Lamberts - Reviva<\/title>\n<meta name=\"description\" content=\"D3 &amp; K2 -Vitamiinit - Lamberts Yhdist\u00e4\u00e4 kaksi vitamiinia tukemaan luuston terveytt\u00e4 ja immuunij\u00e4rjestelm\u00e4n toimintaa, sek\u00e4 luuston ett\u00e4 syd\u00e4men terveytt\u00e4.\" \/>\n<meta name=\"robots\" content=\"index, follow, max-snippet:-1, max-image-preview:large, max-video-preview:-1\" \/>\n<link rel=\"canonical\" href=\"https:\/\/reviva.fi\/fi\/tuote\/vitamins-d3-k2-lamberts\/\" \/>\n<meta property=\"og:locale\" content=\"fi_FI\" \/>\n<meta property=\"og:type\" content=\"article\" \/>\n<meta property=\"og:title\" content=\"Vitamin D3 &amp; K2 (MK-7) sis\u00e4lt\u00e4\u00e4 D3 2000 IU ja K2 90 \u00b5g \u2013 Lamberts - Reviva\" \/>\n<meta property=\"og:description\" content=\"D3 &amp; K2 -Vitamiinit - Lamberts Yhdist\u00e4\u00e4 kaksi vitamiinia tukemaan luuston terveytt\u00e4 ja immuunij\u00e4rjestelm\u00e4n toimintaa, sek\u00e4 luuston ett\u00e4 syd\u00e4men terveytt\u00e4.\" \/>\n<meta property=\"og:url\" content=\"https:\/\/reviva.fi\/fi\/tuote\/vitamins-d3-k2-lamberts\/\" \/>\n<meta property=\"og:site_name\" content=\"Reviva\" \/>\n<meta property=\"article:modified_time\" content=\"2026-02-16T08:07:45+00:00\" \/>\n<meta property=\"og:image\" content=\"https:\/\/reviva.fi\/wp-content\/uploads\/2025\/03\/8145-Vitamins-D3-K2.jpg\" \/>\n\t<meta property=\"og:image:width\" content=\"780\" \/>\n\t<meta property=\"og:image:height\" content=\"780\" \/>\n\t<meta property=\"og:image:type\" content=\"image\/jpeg\" \/>\n<meta name=\"twitter:card\" content=\"summary_large_image\" \/>\n<script type=\"application\/ld+json\" class=\"yoast-schema-graph\">{\"@context\":\"https:\/\/schema.org\",\"@graph\":[{\"@type\":\"WebPage\",\"@id\":\"https:\/\/reviva.fi\/fi\/tuote\/vitamins-d3-k2-lamberts\/\",\"url\":\"https:\/\/reviva.fi\/fi\/tuote\/vitamins-d3-k2-lamberts\/\",\"name\":\"Vitamin D3 & K2 (MK-7) sis\u00e4lt\u00e4\u00e4 D3 2000 IU ja K2 90 \u00b5g \u2013 Lamberts - Reviva\",\"isPartOf\":{\"@id\":\"https:\/\/reviva.fi\/fi\/#website\"},\"primaryImageOfPage\":{\"@id\":\"https:\/\/reviva.fi\/fi\/tuote\/vitamins-d3-k2-lamberts\/#primaryimage\"},\"image\":{\"@id\":\"https:\/\/reviva.fi\/fi\/tuote\/vitamins-d3-k2-lamberts\/#primaryimage\"},\"thumbnailUrl\":\"https:\/\/reviva.fi\/wp-content\/uploads\/2025\/03\/8145-Vitamins-D3-K2.jpg\",\"datePublished\":\"2025-03-03T08:47:12+00:00\",\"dateModified\":\"2026-02-16T08:07:45+00:00\",\"description\":\"D3 & K2 -Vitamiinit - Lamberts Yhdist\u00e4\u00e4 kaksi vitamiinia tukemaan luuston terveytt\u00e4 ja immuunij\u00e4rjestelm\u00e4n toimintaa, sek\u00e4 luuston ett\u00e4 syd\u00e4men terveytt\u00e4.\",\"breadcrumb\":{\"@id\":\"https:\/\/reviva.fi\/fi\/tuote\/vitamins-d3-k2-lamberts\/#breadcrumb\"},\"inLanguage\":\"fi\",\"potentialAction\":[{\"@type\":\"ReadAction\",\"target\":[\"https:\/\/reviva.fi\/fi\/tuote\/vitamins-d3-k2-lamberts\/\"]}]},{\"@type\":\"ImageObject\",\"inLanguage\":\"fi\",\"@id\":\"https:\/\/reviva.fi\/fi\/tuote\/vitamins-d3-k2-lamberts\/#primaryimage\",\"url\":\"https:\/\/reviva.fi\/wp-content\/uploads\/2025\/03\/8145-Vitamins-D3-K2.jpg\",\"contentUrl\":\"https:\/\/reviva.fi\/wp-content\/uploads\/2025\/03\/8145-Vitamins-D3-K2.jpg\",\"width\":780,\"height\":780,\"caption\":\"Vitamins D3 & K2 - Lamberts\"},{\"@type\":\"BreadcrumbList\",\"@id\":\"https:\/\/reviva.fi\/fi\/tuote\/vitamins-d3-k2-lamberts\/#breadcrumb\",\"itemListElement\":[{\"@type\":\"ListItem\",\"position\":1,\"name\":\"Etusivu\",\"item\":\"https:\/\/reviva.fi\/fi\/\"},{\"@type\":\"ListItem\",\"position\":2,\"name\":\"Tuotteet\",\"item\":\"https:\/\/reviva.fi\/produkter\/\"},{\"@type\":\"ListItem\",\"position\":3,\"name\":\"Vitamin D3 &#038; K2 (MK-7) sis\u00e4lt\u00e4\u00e4 D3 2000 IU ja K2 90 \u00b5g \u2013 Lamberts\"}]},{\"@type\":\"WebSite\",\"@id\":\"https:\/\/reviva.fi\/fi\/#website\",\"url\":\"https:\/\/reviva.fi\/fi\/\",\"name\":\"Reviva\",\"description\":\"\",\"publisher\":{\"@id\":\"https:\/\/reviva.fi\/fi\/#organization\"},\"potentialAction\":[{\"@type\":\"SearchAction\",\"target\":{\"@type\":\"EntryPoint\",\"urlTemplate\":\"https:\/\/reviva.fi\/fi\/?s={search_term_string}\"},\"query-input\":{\"@type\":\"PropertyValueSpecification\",\"valueRequired\":true,\"valueName\":\"search_term_string\"}}],\"inLanguage\":\"fi\"},{\"@type\":\"Organization\",\"@id\":\"https:\/\/reviva.fi\/fi\/#organization\",\"name\":\"Reviva\",\"url\":\"https:\/\/reviva.fi\/fi\/\",\"logo\":{\"@type\":\"ImageObject\",\"inLanguage\":\"fi\",\"@id\":\"https:\/\/reviva.fi\/fi\/#\/schema\/logo\/image\/\",\"url\":\"https:\/\/reviva.fi\/wp-content\/uploads\/2023\/10\/reviva-logo2.svg\",\"contentUrl\":\"https:\/\/reviva.fi\/wp-content\/uploads\/2023\/10\/reviva-logo2.svg\",\"caption\":\"Reviva\"},\"image\":{\"@id\":\"https:\/\/reviva.fi\/fi\/#\/schema\/logo\/image\/\"}}]}<\/script>\n<meta property=\"product:price:amount\" content=\"40.40\" \/>\n<meta property=\"product:price:currency\" content=\"EUR\" \/>\n<meta property=\"og:availability\" content=\"instock\" \/>\n<meta property=\"product:availability\" content=\"instock\" \/>\n<meta property=\"product:retailer_item_id\" content=\"8145-90\" \/>\n<meta property=\"product:condition\" content=\"new\" \/>\n<!-- \/ Yoast SEO plugin. -->","yoast_head_json":{"title":"Vitamin D3 & K2 (MK-7) sis\u00e4lt\u00e4\u00e4 D3 2000 IU ja K2 90 \u00b5g \u2013 Lamberts - Reviva","description":"D3 & K2 -Vitamiinit - Lamberts Yhdist\u00e4\u00e4 kaksi vitamiinia tukemaan luuston terveytt\u00e4 ja immuunij\u00e4rjestelm\u00e4n toimintaa, sek\u00e4 luuston ett\u00e4 syd\u00e4men terveytt\u00e4.","robots":{"index":"index","follow":"follow","max-snippet":"max-snippet:-1","max-image-preview":"max-image-preview:large","max-video-preview":"max-video-preview:-1"},"canonical":"https:\/\/reviva.fi\/fi\/tuote\/vitamins-d3-k2-lamberts\/","og_locale":"fi_FI","og_type":"article","og_title":"Vitamin D3 & K2 (MK-7) sis\u00e4lt\u00e4\u00e4 D3 2000 IU ja K2 90 \u00b5g \u2013 Lamberts - Reviva","og_description":"D3 & K2 -Vitamiinit - Lamberts Yhdist\u00e4\u00e4 kaksi vitamiinia tukemaan luuston terveytt\u00e4 ja immuunij\u00e4rjestelm\u00e4n toimintaa, sek\u00e4 luuston ett\u00e4 syd\u00e4men terveytt\u00e4.","og_url":"https:\/\/reviva.fi\/fi\/tuote\/vitamins-d3-k2-lamberts\/","og_site_name":"Reviva","article_modified_time":"2026-02-16T08:07:45+00:00","og_image":[{"width":780,"height":780,"url":"https:\/\/reviva.fi\/wp-content\/uploads\/2025\/03\/8145-Vitamins-D3-K2.jpg","type":"image\/jpeg"}],"twitter_card":"summary_large_image","schema":{"@context":"https:\/\/schema.org","@graph":[{"@type":"WebPage","@id":"https:\/\/reviva.fi\/fi\/tuote\/vitamins-d3-k2-lamberts\/","url":"https:\/\/reviva.fi\/fi\/tuote\/vitamins-d3-k2-lamberts\/","name":"Vitamin D3 & K2 (MK-7) sis\u00e4lt\u00e4\u00e4 D3 2000 IU ja K2 90 \u00b5g \u2013 Lamberts - Reviva","isPartOf":{"@id":"https:\/\/reviva.fi\/fi\/#website"},"primaryImageOfPage":{"@id":"https:\/\/reviva.fi\/fi\/tuote\/vitamins-d3-k2-lamberts\/#primaryimage"},"image":{"@id":"https:\/\/reviva.fi\/fi\/tuote\/vitamins-d3-k2-lamberts\/#primaryimage"},"thumbnailUrl":"https:\/\/reviva.fi\/wp-content\/uploads\/2025\/03\/8145-Vitamins-D3-K2.jpg","datePublished":"2025-03-03T08:47:12+00:00","dateModified":"2026-02-16T08:07:45+00:00","description":"D3 & K2 -Vitamiinit - Lamberts Yhdist\u00e4\u00e4 kaksi vitamiinia tukemaan luuston terveytt\u00e4 ja immuunij\u00e4rjestelm\u00e4n toimintaa, sek\u00e4 luuston ett\u00e4 syd\u00e4men terveytt\u00e4.","breadcrumb":{"@id":"https:\/\/reviva.fi\/fi\/tuote\/vitamins-d3-k2-lamberts\/#breadcrumb"},"inLanguage":"fi","potentialAction":[{"@type":"ReadAction","target":["https:\/\/reviva.fi\/fi\/tuote\/vitamins-d3-k2-lamberts\/"]}]},{"@type":"ImageObject","inLanguage":"fi","@id":"https:\/\/reviva.fi\/fi\/tuote\/vitamins-d3-k2-lamberts\/#primaryimage","url":"https:\/\/reviva.fi\/wp-content\/uploads\/2025\/03\/8145-Vitamins-D3-K2.jpg","contentUrl":"https:\/\/reviva.fi\/wp-content\/uploads\/2025\/03\/8145-Vitamins-D3-K2.jpg","width":780,"height":780,"caption":"Vitamins D3 & K2 - Lamberts"},{"@type":"BreadcrumbList","@id":"https:\/\/reviva.fi\/fi\/tuote\/vitamins-d3-k2-lamberts\/#breadcrumb","itemListElement":[{"@type":"ListItem","position":1,"name":"Etusivu","item":"https:\/\/reviva.fi\/fi\/"},{"@type":"ListItem","position":2,"name":"Tuotteet","item":"https:\/\/reviva.fi\/produkter\/"},{"@type":"ListItem","position":3,"name":"Vitamin D3 &#038; K2 (MK-7) sis\u00e4lt\u00e4\u00e4 D3 2000 IU ja K2 90 \u00b5g \u2013 Lamberts"}]},{"@type":"WebSite","@id":"https:\/\/reviva.fi\/fi\/#website","url":"https:\/\/reviva.fi\/fi\/","name":"Reviva","description":"","publisher":{"@id":"https:\/\/reviva.fi\/fi\/#organization"},"potentialAction":[{"@type":"SearchAction","target":{"@type":"EntryPoint","urlTemplate":"https:\/\/reviva.fi\/fi\/?s={search_term_string}"},"query-input":{"@type":"PropertyValueSpecification","valueRequired":true,"valueName":"search_term_string"}}],"inLanguage":"fi"},{"@type":"Organization","@id":"https:\/\/reviva.fi\/fi\/#organization","name":"Reviva","url":"https:\/\/reviva.fi\/fi\/","logo":{"@type":"ImageObject","inLanguage":"fi","@id":"https:\/\/reviva.fi\/fi\/#\/schema\/logo\/image\/","url":"https:\/\/reviva.fi\/wp-content\/uploads\/2023\/10\/reviva-logo2.svg","contentUrl":"https:\/\/reviva.fi\/wp-content\/uploads\/2023\/10\/reviva-logo2.svg","caption":"Reviva"},"image":{"@id":"https:\/\/reviva.fi\/fi\/#\/schema\/logo\/image\/"}}]},"product_price_amount":"40.40","product_price_currency":"EUR","og_availability":"instock","product_availability":"instock","product_retailer_item_id":"8145-90","product_condition":"new"},"taxonomy_info":{"product_cat":[{"value":96,"label":"Vitamiinit"},{"value":527,"label":"D-vitamiini"},{"value":528,"label":"K-vitamiini"},{"value":2444,"label":"Lamberts"},{"value":2357,"label":"Immuunipuolustus"}],"product_tag":[{"value":5663,"label":"Benst\u00f6d"},{"value":5494,"label":"Blodcirkulation"},{"value":521,"label":"d vitamiini"},{"value":621,"label":"d vitamiini"},{"value":5555,"label":"H\u00e4lsof\u00f6rdelar"},{"value":3582,"label":"Hj\u00e4rt-k\u00e4rlh\u00e4lsa"},{"value":444,"label":"immuunij\u00e4rjestelm\u00e4"},{"value":5666,"label":"Kalciumupptag"},{"value":2946,"label":"Kalsium"},{"value":4532,"label":"Lamberts"},{"value":1461,"label":"luonnollinen"},{"value":1541,"label":"luuranko"},{"value":4432,"label":"Luuston terveytt\u00e4"},{"value":4419,"label":"Syd\u00e4nterveytt\u00e4"},{"value":1567,"label":"vahvistaminen"},{"value":3184,"label":"Vitamiini D3"},{"value":3198,"label":"Vitamiini K"},{"value":5667,"label":"vitamin K2"}]},"featured_image_src_large":["https:\/\/reviva.fi\/wp-content\/uploads\/2025\/03\/8145-Vitamins-D3-K2.jpg",780,780,false],"author_info":[],"comment_info":0,"_links":{"self":[{"href":"https:\/\/reviva.fi\/fi\/wp-json\/wp\/v2\/product\/11415","targetHints":{"allow":["GET"]}}],"collection":[{"href":"https:\/\/reviva.fi\/fi\/wp-json\/wp\/v2\/product"}],"about":[{"href":"https:\/\/reviva.fi\/fi\/wp-json\/wp\/v2\/types\/product"}],"replies":[{"embeddable":true,"href":"https:\/\/reviva.fi\/fi\/wp-json\/wp\/v2\/comments?post=11415"}],"wp:featuredmedia":[{"embeddable":true,"href":"https:\/\/reviva.fi\/fi\/wp-json\/wp\/v2\/media\/11131"}],"wp:attachment":[{"href":"https:\/\/reviva.fi\/fi\/wp-json\/wp\/v2\/media?parent=11415"}],"wp:term":[{"taxonomy":"product_brand","embeddable":true,"href":"https:\/\/reviva.fi\/fi\/wp-json\/wp\/v2\/product_brand?post=11415"},{"taxonomy":"product_cat","embeddable":true,"href":"https:\/\/reviva.fi\/fi\/wp-json\/wp\/v2\/product_cat?post=11415"},{"taxonomy":"product_tag","embeddable":true,"href":"https:\/\/reviva.fi\/fi\/wp-json\/wp\/v2\/product_tag?post=11415"}],"curies":[{"name":"wp","href":"https:\/\/api.w.org\/{rel}","templated":true}]}}