{"id":11418,"date":"2025-03-03T10:41:56","date_gmt":"2025-03-03T08:41:56","guid":{"rendered":"https:\/\/reviva.fi\/product\/vitamin-d3-1000iu-lamberts\/"},"modified":"2025-09-10T18:14:54","modified_gmt":"2025-09-10T15:14:54","slug":"vitamin-d3-1000iu-lamberts","status":"publish","type":"product","link":"https:\/\/reviva.fi\/fi\/tuote\/vitamin-d3-1000iu-lamberts\/","title":{"rendered":"D3-Vitamiini 1000iu &#8211; Lamberts"},"content":{"rendered":"<p><strong>D3-Vitamiini 1000iu &#8211; Lamberts<\/strong><\/p>\n<p data-start=\"0\" data-end=\"640\">Kehoomme saa D-vitamiinia (joka tarkalleen ottaen on steroidihormoni) kahdesta l\u00e4hteest\u00e4: ruokavaliostamme ja auringon vaikutuksesta ihoon, joka k\u00e4ynnist\u00e4\u00e4 kehon luonnollisen D-vitamiinin tuotannon. Jos meill\u00e4 kaikilla olisi riitt\u00e4v\u00e4sti auringonvaloa, meill\u00e4 olisi tarpeeksi D-vitamiinia, mutta todellisuudessa meid\u00e4n t\u00e4ytyy saada sit\u00e4 osittain ruokavaliosta, erityisesti talvikuukausina ja erityisesti vanhuksilla, joiden kehon kyky tuottaa D-vitamiinia heikkenee i\u00e4n my\u00f6t\u00e4. Itse asiassa jopa 60 prosenttia Ison-Britannian v\u00e4est\u00f6st\u00e4 k\u00e4rsii D-vitamiinin puutoksesta, ja matalat tasot on liitetty vakaviin terveysongelmiin my\u00f6hemm\u00e4ll\u00e4 i\u00e4ll\u00e4.<\/p>\n<p data-start=\"642\" data-end=\"952\">T\u00e4m\u00e4 ei ole yll\u00e4tt\u00e4v\u00e4\u00e4, kun otetaan huomioon, ett\u00e4 D-vitamiini on mukana yli 1000 geenin ilment\u00e4misess\u00e4. Vaikka D-vitamiini tunnetaan t\u00e4rke\u00e4st\u00e4 roolistaan normaalin luustoterveyden yll\u00e4pit\u00e4misess\u00e4, se vaikuttaa itse asiassa soluihin kaikissa elimiss\u00e4 ja sill\u00e4 on kauaskantoisia vaikutuksia ihmisten terveyteen.<\/p>\n<p data-start=\"954\" data-end=\"1023\" data-is-last-node=\"\" data-is-only-node=\"\">Jokainen Lamberts\u00ae Vitamin D -kapseli sis\u00e4lt\u00e4\u00e4 1000 IU (D3-muodossa).<\/p>\n","protected":false},"excerpt":{"rendered":"<ul>\n<li>Tarjoaa 25 \u00b5g t\u00e4t\u00e4 t\u00e4rke\u00e4\u00e4 ravintoainetta suosituimmassa D3-muodossa.<\/li>\n<li>Korkea vahvuus, kerran p\u00e4iv\u00e4ss\u00e4.<\/li>\n<li>Pienet, helposti nielt\u00e4v\u00e4t kapselit.<\/li>\n<li>Valmistettu ja testattu Isossa-Britanniassa.<\/li>\n<li>Farmaseuttiset GMP-standardit.<\/li>\n<\/ul>\n<p><strong>120 kapselia<\/strong><\/p>\n","protected":false},"featured_media":11128,"comment_status":"closed","ping_status":"closed","template":"","meta":{"_acf_changed":false,"inline_featured_image":false,"_kad_blocks_custom_css":"","_kad_blocks_head_custom_js":"","_kad_blocks_body_custom_js":"","_kad_blocks_footer_custom_js":"","_kadence_starter_templates_imported_post":false,"_kad_post_transparent":"default","_kad_post_title":"","_kad_post_layout":"default","_kad_post_sidebar_id":"","_kad_post_content_style":"default","_kad_post_vertical_padding":"default","_kad_post_feature":"","_kad_post_feature_position":"","_kad_post_header":false,"_kad_post_footer":false},"product_brand":[],"product_cat":[96,527,2444,2357],"product_tag":[5494,521,621,5555,444,5666,2946,4532,1461,1541,4432,5597,4419,1567,3184,5668],"class_list":{"0":"post-11418","1":"product","2":"type-product","3":"status-publish","4":"has-post-thumbnail","6":"product_cat-vitaminer-fi","7":"product_cat-d-vitamin-fi","8":"product_cat-lamberts-fi","9":"product_cat-immunforsvar-fi","10":"product_tag-blodcirkulation-fi","11":"product_tag-d-vitamiini","12":"product_tag-d-vitamiini-fi","13":"product_tag-halsofordelar-fi","14":"product_tag-immuunijarjestelma","15":"product_tag-kalciumupptag-fi","16":"product_tag-kalsium","17":"product_tag-lamberts-fi","18":"product_tag-luonnollinen","19":"product_tag-luuranko","20":"product_tag-luuston-terveytta","21":"product_tag-stod-for-ben-fi","22":"product_tag-sydanterveytta","23":"product_tag-vahvistaminen","24":"product_tag-vitamiini-d3","25":"product_tag-vitamin-d3-1000iu-fi","27":"first","28":"instock","29":"taxable","30":"shipping-taxable","31":"purchasable","32":"product-type-simple","33":"entry","34":"content-bg","35":"loop-entry"},"acf":[],"yoast_head":"<!-- This site is optimized with the Yoast SEO plugin v25.8 - https:\/\/yoast.com\/wordpress\/plugins\/seo\/ -->\n<title>D3-Vitamiini 1000iu - Lamberts - Reviva<\/title>\n<meta name=\"description\" content=\"D3-Vitamiini 1000iu - Lamberts on korkealaatuinen ravintolis\u00e4, joka auttaa yll\u00e4pit\u00e4m\u00e4\u00e4n normaaleja D-vitamiinitasoja kehossa.\" \/>\n<meta name=\"robots\" content=\"index, follow, max-snippet:-1, max-image-preview:large, max-video-preview:-1\" \/>\n<link rel=\"canonical\" href=\"https:\/\/reviva.fi\/fi\/tuote\/vitamin-d3-1000iu-lamberts\/\" \/>\n<meta property=\"og:locale\" content=\"fi_FI\" \/>\n<meta property=\"og:type\" content=\"article\" \/>\n<meta property=\"og:title\" content=\"D3-Vitamiini 1000iu - Lamberts - Reviva\" \/>\n<meta property=\"og:description\" content=\"D3-Vitamiini 1000iu - Lamberts on korkealaatuinen ravintolis\u00e4, joka auttaa yll\u00e4pit\u00e4m\u00e4\u00e4n normaaleja D-vitamiinitasoja kehossa.\" \/>\n<meta property=\"og:url\" content=\"https:\/\/reviva.fi\/fi\/tuote\/vitamin-d3-1000iu-lamberts\/\" \/>\n<meta property=\"og:site_name\" content=\"Reviva\" \/>\n<meta property=\"article:modified_time\" content=\"2025-09-10T15:14:54+00:00\" \/>\n<meta property=\"og:image\" content=\"https:\/\/reviva.fi\/wp-content\/uploads\/2025\/03\/8143-Vitamin-D3-1000iu.jpg\" \/>\n\t<meta property=\"og:image:width\" content=\"780\" \/>\n\t<meta property=\"og:image:height\" content=\"780\" \/>\n\t<meta property=\"og:image:type\" content=\"image\/jpeg\" \/>\n<meta name=\"twitter:card\" content=\"summary_large_image\" \/>\n<script type=\"application\/ld+json\" class=\"yoast-schema-graph\">{\"@context\":\"https:\/\/schema.org\",\"@graph\":[{\"@type\":\"WebPage\",\"@id\":\"https:\/\/reviva.fi\/fi\/tuote\/vitamin-d3-1000iu-lamberts\/\",\"url\":\"https:\/\/reviva.fi\/fi\/tuote\/vitamin-d3-1000iu-lamberts\/\",\"name\":\"D3-Vitamiini 1000iu - Lamberts - Reviva\",\"isPartOf\":{\"@id\":\"https:\/\/reviva.fi\/fi\/#website\"},\"primaryImageOfPage\":{\"@id\":\"https:\/\/reviva.fi\/fi\/tuote\/vitamin-d3-1000iu-lamberts\/#primaryimage\"},\"image\":{\"@id\":\"https:\/\/reviva.fi\/fi\/tuote\/vitamin-d3-1000iu-lamberts\/#primaryimage\"},\"thumbnailUrl\":\"https:\/\/reviva.fi\/wp-content\/uploads\/2025\/03\/8143-Vitamin-D3-1000iu.jpg\",\"datePublished\":\"2025-03-03T08:41:56+00:00\",\"dateModified\":\"2025-09-10T15:14:54+00:00\",\"description\":\"D3-Vitamiini 1000iu - Lamberts on korkealaatuinen ravintolis\u00e4, joka auttaa yll\u00e4pit\u00e4m\u00e4\u00e4n normaaleja D-vitamiinitasoja kehossa.\",\"breadcrumb\":{\"@id\":\"https:\/\/reviva.fi\/fi\/tuote\/vitamin-d3-1000iu-lamberts\/#breadcrumb\"},\"inLanguage\":\"fi\",\"potentialAction\":[{\"@type\":\"ReadAction\",\"target\":[\"https:\/\/reviva.fi\/fi\/tuote\/vitamin-d3-1000iu-lamberts\/\"]}]},{\"@type\":\"ImageObject\",\"inLanguage\":\"fi\",\"@id\":\"https:\/\/reviva.fi\/fi\/tuote\/vitamin-d3-1000iu-lamberts\/#primaryimage\",\"url\":\"https:\/\/reviva.fi\/wp-content\/uploads\/2025\/03\/8143-Vitamin-D3-1000iu.jpg\",\"contentUrl\":\"https:\/\/reviva.fi\/wp-content\/uploads\/2025\/03\/8143-Vitamin-D3-1000iu.jpg\",\"width\":780,\"height\":780,\"caption\":\"Vitamin D3 1000iu - Lamberts\"},{\"@type\":\"BreadcrumbList\",\"@id\":\"https:\/\/reviva.fi\/fi\/tuote\/vitamin-d3-1000iu-lamberts\/#breadcrumb\",\"itemListElement\":[{\"@type\":\"ListItem\",\"position\":1,\"name\":\"Etusivu\",\"item\":\"https:\/\/reviva.fi\/fi\/\"},{\"@type\":\"ListItem\",\"position\":2,\"name\":\"Tuotteet\",\"item\":\"https:\/\/reviva.fi\/produkter\/\"},{\"@type\":\"ListItem\",\"position\":3,\"name\":\"D3-Vitamiini 1000iu &#8211; Lamberts\"}]},{\"@type\":\"WebSite\",\"@id\":\"https:\/\/reviva.fi\/fi\/#website\",\"url\":\"https:\/\/reviva.fi\/fi\/\",\"name\":\"Reviva\",\"description\":\"\",\"publisher\":{\"@id\":\"https:\/\/reviva.fi\/fi\/#organization\"},\"potentialAction\":[{\"@type\":\"SearchAction\",\"target\":{\"@type\":\"EntryPoint\",\"urlTemplate\":\"https:\/\/reviva.fi\/fi\/?s={search_term_string}\"},\"query-input\":{\"@type\":\"PropertyValueSpecification\",\"valueRequired\":true,\"valueName\":\"search_term_string\"}}],\"inLanguage\":\"fi\"},{\"@type\":\"Organization\",\"@id\":\"https:\/\/reviva.fi\/fi\/#organization\",\"name\":\"Reviva\",\"url\":\"https:\/\/reviva.fi\/fi\/\",\"logo\":{\"@type\":\"ImageObject\",\"inLanguage\":\"fi\",\"@id\":\"https:\/\/reviva.fi\/fi\/#\/schema\/logo\/image\/\",\"url\":\"https:\/\/reviva.fi\/wp-content\/uploads\/2023\/10\/reviva-logo2.svg\",\"contentUrl\":\"https:\/\/reviva.fi\/wp-content\/uploads\/2023\/10\/reviva-logo2.svg\",\"caption\":\"Reviva\"},\"image\":{\"@id\":\"https:\/\/reviva.fi\/fi\/#\/schema\/logo\/image\/\"}}]}<\/script>\n<meta property=\"product:price:amount\" content=\"16.45\" \/>\n<meta property=\"product:price:currency\" content=\"EUR\" \/>\n<meta property=\"og:availability\" content=\"instock\" \/>\n<meta property=\"product:availability\" content=\"instock\" \/>\n<meta property=\"product:retailer_item_id\" content=\"8143-120\" \/>\n<meta property=\"product:condition\" content=\"new\" \/>\n<!-- \/ Yoast SEO plugin. -->","yoast_head_json":{"title":"D3-Vitamiini 1000iu - Lamberts - Reviva","description":"D3-Vitamiini 1000iu - Lamberts on korkealaatuinen ravintolis\u00e4, joka auttaa yll\u00e4pit\u00e4m\u00e4\u00e4n normaaleja D-vitamiinitasoja kehossa.","robots":{"index":"index","follow":"follow","max-snippet":"max-snippet:-1","max-image-preview":"max-image-preview:large","max-video-preview":"max-video-preview:-1"},"canonical":"https:\/\/reviva.fi\/fi\/tuote\/vitamin-d3-1000iu-lamberts\/","og_locale":"fi_FI","og_type":"article","og_title":"D3-Vitamiini 1000iu - Lamberts - Reviva","og_description":"D3-Vitamiini 1000iu - Lamberts on korkealaatuinen ravintolis\u00e4, joka auttaa yll\u00e4pit\u00e4m\u00e4\u00e4n normaaleja D-vitamiinitasoja kehossa.","og_url":"https:\/\/reviva.fi\/fi\/tuote\/vitamin-d3-1000iu-lamberts\/","og_site_name":"Reviva","article_modified_time":"2025-09-10T15:14:54+00:00","og_image":[{"width":780,"height":780,"url":"https:\/\/reviva.fi\/wp-content\/uploads\/2025\/03\/8143-Vitamin-D3-1000iu.jpg","type":"image\/jpeg"}],"twitter_card":"summary_large_image","schema":{"@context":"https:\/\/schema.org","@graph":[{"@type":"WebPage","@id":"https:\/\/reviva.fi\/fi\/tuote\/vitamin-d3-1000iu-lamberts\/","url":"https:\/\/reviva.fi\/fi\/tuote\/vitamin-d3-1000iu-lamberts\/","name":"D3-Vitamiini 1000iu - Lamberts - Reviva","isPartOf":{"@id":"https:\/\/reviva.fi\/fi\/#website"},"primaryImageOfPage":{"@id":"https:\/\/reviva.fi\/fi\/tuote\/vitamin-d3-1000iu-lamberts\/#primaryimage"},"image":{"@id":"https:\/\/reviva.fi\/fi\/tuote\/vitamin-d3-1000iu-lamberts\/#primaryimage"},"thumbnailUrl":"https:\/\/reviva.fi\/wp-content\/uploads\/2025\/03\/8143-Vitamin-D3-1000iu.jpg","datePublished":"2025-03-03T08:41:56+00:00","dateModified":"2025-09-10T15:14:54+00:00","description":"D3-Vitamiini 1000iu - Lamberts on korkealaatuinen ravintolis\u00e4, joka auttaa yll\u00e4pit\u00e4m\u00e4\u00e4n normaaleja D-vitamiinitasoja kehossa.","breadcrumb":{"@id":"https:\/\/reviva.fi\/fi\/tuote\/vitamin-d3-1000iu-lamberts\/#breadcrumb"},"inLanguage":"fi","potentialAction":[{"@type":"ReadAction","target":["https:\/\/reviva.fi\/fi\/tuote\/vitamin-d3-1000iu-lamberts\/"]}]},{"@type":"ImageObject","inLanguage":"fi","@id":"https:\/\/reviva.fi\/fi\/tuote\/vitamin-d3-1000iu-lamberts\/#primaryimage","url":"https:\/\/reviva.fi\/wp-content\/uploads\/2025\/03\/8143-Vitamin-D3-1000iu.jpg","contentUrl":"https:\/\/reviva.fi\/wp-content\/uploads\/2025\/03\/8143-Vitamin-D3-1000iu.jpg","width":780,"height":780,"caption":"Vitamin D3 1000iu - Lamberts"},{"@type":"BreadcrumbList","@id":"https:\/\/reviva.fi\/fi\/tuote\/vitamin-d3-1000iu-lamberts\/#breadcrumb","itemListElement":[{"@type":"ListItem","position":1,"name":"Etusivu","item":"https:\/\/reviva.fi\/fi\/"},{"@type":"ListItem","position":2,"name":"Tuotteet","item":"https:\/\/reviva.fi\/produkter\/"},{"@type":"ListItem","position":3,"name":"D3-Vitamiini 1000iu &#8211; Lamberts"}]},{"@type":"WebSite","@id":"https:\/\/reviva.fi\/fi\/#website","url":"https:\/\/reviva.fi\/fi\/","name":"Reviva","description":"","publisher":{"@id":"https:\/\/reviva.fi\/fi\/#organization"},"potentialAction":[{"@type":"SearchAction","target":{"@type":"EntryPoint","urlTemplate":"https:\/\/reviva.fi\/fi\/?s={search_term_string}"},"query-input":{"@type":"PropertyValueSpecification","valueRequired":true,"valueName":"search_term_string"}}],"inLanguage":"fi"},{"@type":"Organization","@id":"https:\/\/reviva.fi\/fi\/#organization","name":"Reviva","url":"https:\/\/reviva.fi\/fi\/","logo":{"@type":"ImageObject","inLanguage":"fi","@id":"https:\/\/reviva.fi\/fi\/#\/schema\/logo\/image\/","url":"https:\/\/reviva.fi\/wp-content\/uploads\/2023\/10\/reviva-logo2.svg","contentUrl":"https:\/\/reviva.fi\/wp-content\/uploads\/2023\/10\/reviva-logo2.svg","caption":"Reviva"},"image":{"@id":"https:\/\/reviva.fi\/fi\/#\/schema\/logo\/image\/"}}]},"product_price_amount":"16.45","product_price_currency":"EUR","og_availability":"instock","product_availability":"instock","product_retailer_item_id":"8143-120","product_condition":"new"},"taxonomy_info":{"product_cat":[{"value":96,"label":"Vitamiinit"},{"value":527,"label":"D-vitamiini"},{"value":2444,"label":"Lamberts"},{"value":2357,"label":"Immuunipuolustus"}],"product_tag":[{"value":5494,"label":"Blodcirkulation"},{"value":521,"label":"d vitamiini"},{"value":621,"label":"d vitamiini"},{"value":5555,"label":"H\u00e4lsof\u00f6rdelar"},{"value":444,"label":"immuunij\u00e4rjestelm\u00e4"},{"value":5666,"label":"Kalciumupptag"},{"value":2946,"label":"Kalsium"},{"value":4532,"label":"Lamberts"},{"value":1461,"label":"luonnollinen"},{"value":1541,"label":"luuranko"},{"value":4432,"label":"Luuston terveytt\u00e4"},{"value":5597,"label":"St\u00f6d f\u00f6r ben"},{"value":4419,"label":"Syd\u00e4nterveytt\u00e4"},{"value":1567,"label":"vahvistaminen"},{"value":3184,"label":"Vitamiini D3"},{"value":5668,"label":"Vitamin D3 1000iu."}]},"featured_image_src_large":["https:\/\/reviva.fi\/wp-content\/uploads\/2025\/03\/8143-Vitamin-D3-1000iu.jpg",780,780,false],"author_info":[],"comment_info":0,"_links":{"self":[{"href":"https:\/\/reviva.fi\/fi\/wp-json\/wp\/v2\/product\/11418","targetHints":{"allow":["GET"]}}],"collection":[{"href":"https:\/\/reviva.fi\/fi\/wp-json\/wp\/v2\/product"}],"about":[{"href":"https:\/\/reviva.fi\/fi\/wp-json\/wp\/v2\/types\/product"}],"replies":[{"embeddable":true,"href":"https:\/\/reviva.fi\/fi\/wp-json\/wp\/v2\/comments?post=11418"}],"wp:featuredmedia":[{"embeddable":true,"href":"https:\/\/reviva.fi\/fi\/wp-json\/wp\/v2\/media\/11128"}],"wp:attachment":[{"href":"https:\/\/reviva.fi\/fi\/wp-json\/wp\/v2\/media?parent=11418"}],"wp:term":[{"taxonomy":"product_brand","embeddable":true,"href":"https:\/\/reviva.fi\/fi\/wp-json\/wp\/v2\/product_brand?post=11418"},{"taxonomy":"product_cat","embeddable":true,"href":"https:\/\/reviva.fi\/fi\/wp-json\/wp\/v2\/product_cat?post=11418"},{"taxonomy":"product_tag","embeddable":true,"href":"https:\/\/reviva.fi\/fi\/wp-json\/wp\/v2\/product_tag?post=11418"}],"curies":[{"name":"wp","href":"https:\/\/api.w.org\/{rel}","templated":true}]}}